{"id":51491,"date":"2020-05-07T12:37:04","date_gmt":"2020-05-07T12:37:04","guid":{"rendered":"https:\/\/www.42gears.com\/astrocontacts\/"},"modified":"2025-02-13T06:15:56","modified_gmt":"2025-02-13T06:15:56","slug":"astrocontacts","status":"publish","type":"page","link":"https:\/\/www.42gears.com\/pt-br\/astrocontacts\/","title":{"rendered":"AstroContacts"},"content":{"rendered":"\n\n\t<h1>AstroContacts<\/h1>\n<!--\nShared Contacts for Teams\n-->\nSEGURO | BASEADO NA NUVEM | N\u00c3O \u00c9 PRECISO CONFIGURAR\n<a><img decoding=\"async\" src=\"https:\/\/www.42gears.com\/wp-content\/uploads\/2020\/01\/android.png\" alt=\"android\" \/><\/a><a><img decoding=\"async\" src=\"https:\/\/www.42gears.com\/wp-content\/uploads\/2020\/01\/apple.png\" alt=\"ios\" \/><\/a>\n\t<!-- <a href=\"https:\/\/suremdm.42gears.com\/console\/?registration=true\">Sign up for Free Trial<\/a> -->\n<a href=\"https:\/\/astroportal.42gears.com\/#\/auth\/register\">Registe-se gratuitamente<\/a>\n<a href=\"\/?page_id=16593&#038;pname=2\" target=\"_blank\" rel=\"noopener\">Agendar uma demonstra\u00e7\u00e3o<\/a>\n<!-- <a href=\"\/?page_id=16593\"><\/a> -->\n\t\t\t\t<img decoding=\"async\" src=\"https:\/\/www.42gears.com\/wp-content\/uploads\/2020\/04\/astro-mobile-white.png\" alt=\"AstroContact Banner\" itemprop=\"image\" height=\"2208\" width=\"3000\" title=\"AstroContact Banner\" onerror=\"this.style.display='none'\"  \/>\n\t<h3>Vis\u00e3o geral<\/h3>\n<p>A produtividade de uma equipa depende da facilidade e rapidez com que os membros da equipa se podem encontrar e entrar em contacto uns com os outros. Isto est\u00e1 a tornar-se um enorme desafio uma vez que a for\u00e7a de trabalho est\u00e1 cada vez mais m\u00f3vel. AstroContacts da 42Gears \u00e9 uma ferramenta de Gest\u00e3o de Contactos de Empresas que permite a partilha cont\u00ednua de contactos entre os membros da equipa m\u00f3vel. Um utilizador pode procurar rapidamente um contacto e depois ligar, enviar e-mail ou enviar uma mensagem de texto com apenas um toque.<\/p>\n\t<h2>Funcionalidades<\/h2>\n\t\t\t\t<img decoding=\"async\" src=\"https:\/\/www.42gears.com\/wp-content\/uploads\/2020\/02\/AstroContacts-Centralized-Contact.png\" alt=\"AstroContacts - Centralized Contact\" itemprop=\"image\" height=\"328\" width=\"328\" title=\"AstroContacts - Centralized Contact\" onerror=\"this.style.display='none'\"  \/>\n\t<p>Gest\u00e3o de Contactos Centralizada<\/p>\n<p>Aceda a contatos dentro de uma equipa ou organiza\u00e7\u00e3o no seu dispositivo iOS ou Android.<\/p>\n\t\t\t\t<img decoding=\"async\" src=\"https:\/\/www.42gears.com\/wp-content\/uploads\/2020\/02\/AstroContacts-Control.png\" alt=\"AstroContacts - Control\" itemprop=\"image\" height=\"328\" width=\"328\" title=\"AstroContacts - Control\" onerror=\"this.style.display='none'\"  \/>\n\t<p>Controlo de TI<\/p>\n<p>Diret\u00f3rio de contactos totalmente controlado pela empresa.<\/p>\n\t\t\t\t<img decoding=\"async\" src=\"https:\/\/www.42gears.com\/wp-content\/uploads\/2020\/02\/AstroContacts-Self-Service.png\" alt=\"AstroContacts - Self Service\" itemprop=\"image\" height=\"328\" width=\"328\" title=\"AstroContacts - Self Service\" onerror=\"this.style.display='none'\"  \/>\n\t<p>Self-service<\/p>\n<p>O colaborador pode aceder a contactos e modific\u00e1-los com base no controlo de acesso.<\/p>\n\t\t\t\t<img decoding=\"async\" src=\"https:\/\/www.42gears.com\/wp-content\/uploads\/2020\/02\/AstroContacts-Integrate.png\" alt=\"AstroContacts - Integrate\" itemprop=\"image\" height=\"328\" width=\"328\" title=\"AstroContacts - Integrate\" onerror=\"this.style.display='none'\"  \/>\n\tIntegra-se com Plataformas Existentes<br \/>\nLance diretamente a aplica\u00e7\u00e3o de telefone, mensagens de texto, Skype, WhatsApp para comunicar.\n\t\t\t\t<img decoding=\"async\" src=\"https:\/\/www.42gears.com\/wp-content\/uploads\/2020\/02\/AstroContacts-Setup.png\" alt=\"AstroContacts - Setup\" itemprop=\"image\" height=\"328\" width=\"328\" title=\"AstroContacts - Setup\" onerror=\"this.style.display='none'\"  \/>\n\t<p>Configura\u00e7\u00e3o Inicial Simples<\/p>\n<p>Dispon\u00edvel na App Store, Google Play. F\u00e1cil de configurar.<\/p>\n\t\t\t\t<img decoding=\"async\" src=\"https:\/\/www.42gears.com\/wp-content\/uploads\/2020\/02\/AstroContacts-Alerts.png\" alt=\"AstroContacts - Alerts\" itemprop=\"image\" height=\"328\" width=\"328\" title=\"AstroContacts - Alerts\" onerror=\"this.style.display='none'\"  \/>\n\t<p>Lembretes de Alertas e Eventos<\/p>\n<p>Painel comum para os colaboradores visualizarem lembretes de alertas e eventos, etc.<\/p>\n\t<h3>Pre\u00e7o<\/h3>\n\t<style> \/* simple flat #51832 *\/#ptp-51832{border-color:#ddd;padding:0;margin-left:0;margin-right:0}#ptp-51832 div.ptp-item-container{border-radius:0}#ptp-51832 div.ptp-item-container div{margin:0}#ptp-51832 .ptp-highlight div.ptp-item-container{border-color:#ddd}#ptp-51832 div.ptp-plan{border-top-right-radius:0;border-top-left-radius:0;font-size:1em;border-color:#ddd;background-color:#ddd;color:#333;padding:.9375em 1.25em}#ptp-51832 div.ptp-plan .has-tip{border-bottom:dotted 1px #333;color:#333}#ptp-51832 .ptp-highlight div.ptp-plan{border-color:#ddd;background-color:#ddd;color:#333}#ptp-51832 .ptp-highlight div.ptp-plan .has-tip{border-bottom:dotted 1px #333;color:#333}#ptp-51832 div.ptp-price{font-size:1.25em;background-color:#eee;color:#333;padding:.9375em 1.25em}#ptp-51832 div.ptp-price .has-tip{border-bottom:dotted 1px #333;color:#333}#ptp-51832 .ptp-highlight div.ptp-price{background-color:#eee;color:#333}#ptp-51832 .ptp-highlight div.ptp-price .has-tip{border-bottom:dotted 1px #333;color:#333}#ptp-51832 div.ptp-cta{border-bottom-right-radius:0;border-bottom-left-radius:0;background-color:#eee;padding-top:1.25em;padding-bottom:1.25em}#ptp-51832 .ptp-highlight div.ptp-cta{background-color:#eee}#ptp-51832 a.ptp-button{border-radius:0;font-size:1em;color:#fff;background-color:#3498db;border-bottom:#2980b9 4px solid;margin:0}#ptp-51832 a.ptp-button .has-tip,#ptp-51832 a.ptp-button:hover .has-tip{border-bottom:dotted 1px #fff;color:#fff}#ptp-51832 a.ptp-button:hover{background-color:#2980b9}#ptp-51832 div.ptp-bullet-item{color:#333;background-color:#fff;font-size:.875em;border-color:#ddd;padding:.9375em .5em .9375em .5em}#ptp-51832 .ptp-highlight .ptp-bullet-item{color:#333;border-color:#ddd;background-color:#fff}#ptp-51832 .ptp-highlight a.ptp-button{color:#fff;background-color:#e74c3c;border-bottom:#c0392b 4px solid}#ptp-51832 .ptp-highlight a.ptp-button:hover{background-color:#c0392b}#ptp-51832 .ptp-highlight a.ptp-button .has-tip{border-bottom:dotted 1px #fff;color:#fff}#ptp-51832 div.ptp-most-popular{border-radius:0;font-size:.9em;background-color:#7f8c8d;color:#fff;border:1px solid #7f8c8d}\/* end of simple flat #51832 *\/<\/style>        <script type=\"text\/javascript\">\n         jQuery(document).ready(function($) {\n            jQuery.call_match_height_51832 = function call_match_height_design1(ptp_id) {\n                                $( ptp_id+' .ptp-plan' ).matchHeight(false); \n                                $( ptp_id+' .ptp-cta' ).matchHeight(false); \n                                $( ptp_id+' .ptp-price' ).matchHeight(false);\n                                $( ptp_id+' .ptp-button' ).matchHeight(false);\n\n                                $( ptp_id+' .ptp-bullet-item' ).each(function( index ){\n                                    $( ptp_id+' .ptp-row-id-'+index ).matchHeight(false);\n             \n                                });  \n                         }\n            var ptp_id = '#ptp-'+51832 ;\n            $.call_match_height_51832 ( ptp_id );              \n         });\n      <\/script>\n      \n        <div id=\"ptp-51832\" class=\"ptp-pricing-table\" ><div class=\"ptp-col ptp-two-col  ptp-col-id-0 dh-ptp-col-id-0\"><div class=\"ptp-not-most-popular\">&nbsp;<\/div><div class=\"ptp-item-container\"><div class=\"ptp-plan\">Plano Gr\u00e1tis<\/div><div class=\"ptp-price\">$0<\/div><div class=\"ptp-bullet-item ptp-row-id-0\">42 contactos\r<\/div><div class=\"ptp-bullet-item ptp-row-id-1\">5 dispositivos<\/div><div class=\"ptp-bullet-item ptp-row-id-2 tt-ptp-empty-row \">&nbsp;<\/div><div class=\"ptp-cta\"><a class=\"ptp-button ptp-checkout-button\" id=\"ptp-51832-cta-0\"  href=\"https:\/\/astroportal.42gears.com\/#\/auth\/register\"  >Adicionar ao Carrinho<\/a><\/div><\/div><\/div><div class=\"ptp-col ptp-two-col  ptp-col-id-1 dh-ptp-col-id-1\"><div class=\"ptp-not-most-popular\">&nbsp;<\/div><div class=\"ptp-item-container\"><div class=\"ptp-plan\">Plano Galaxy<\/div><div class=\"ptp-price\">$1,99 por dispositivo\/m\u00eas<\/div><div class=\"ptp-bullet-item ptp-row-id-0\">2000 contactos\r<\/div><div class=\"ptp-bullet-item ptp-row-id-1\">1000 dispositivos\r<\/div><div class=\"ptp-bullet-item ptp-row-id-2\">10 administradores adicionais<\/div><div class=\"ptp-cta\"><a class=\"ptp-button ptp-checkout-button\" id=\"ptp-51832-cta-1\"  href=\"https:\/\/astroportal.42gears.com\/#\/auth\/register\"  >Adicionar ao Carrinho<\/a><\/div><\/div><\/div><\/div>\nPrecisa de um plano personalizado para a sua organiza\u00e7\u00e3o? Por favor,  <a href=\"mailto:sales@astrocontacts.com?subject=Custom Plan\">contacte-nos.<\/a>\n\t<h2>Perguntas Frequentes<\/h2>\n\t\t\t<a href=\"#\" id=\"fl-accordion--label-0\" tabindex=\"0\" aria-controls=\"fl-accordion--panel-0\">Como posso criar a conta da minha organiza\u00e7\u00e3o com a AstroContacts?<\/a>\n\t\t\t\t\t\t\t<a href=\"#\" id=\"fl-accordion--icon-0\" tabindex=\"0\" aria-controls=\"fl-accordion--panel-0\"><i>Expand<\/i><\/a>\n\t\t<p>Pode registar-se no portal da internet da AstroContacts. Por predefini\u00e7\u00e3o, obt\u00e9m privil\u00e9gios administrativos e pode come\u00e7ar a configurar a conta da sua empresa. Como um administrador, pode criar e gerir utilizadores e tamb\u00e9m conceder-lhes o acesso necess\u00e1rio ao sistema.<\/p>\n\t\t\t<a href=\"#\" id=\"fl-accordion--label-0\" tabindex=\"0\" aria-controls=\"fl-accordion--panel-0\">Posso usar a aplica\u00e7\u00e3o m\u00f3vel para criar uma conta da organiza\u00e7\u00e3o?<\/a>\n\t\t\t\t\t\t\t<a href=\"#\" id=\"fl-accordion--icon-0\" tabindex=\"0\" aria-controls=\"fl-accordion--panel-0\"><i>Expand<\/i><\/a>\n\t\t<p>Esta funcionalidade est\u00e1 planeada para lan\u00e7amento futuro. Por favor, mantenha-se sintonizado connosco para obter mais atualiza\u00e7\u00f5es.<\/p>\n\t\t\t<a href=\"#\" id=\"fl-accordion--label-0\" tabindex=\"0\" aria-controls=\"fl-accordion--panel-0\">Estou a receber uma mensagem enquanto inicio sess\u00e3o: &#8220;O seu pedido de registo est\u00e1 pendente de aprova\u00e7\u00e3o do administrador, por favor, entre em contacto com o seu administrador&#8221;. O que \u00e9 que isto significa?<\/a>\n\t\t\t\t\t\t\t<a href=\"#\" id=\"fl-accordion--icon-0\" tabindex=\"0\" aria-controls=\"fl-accordion--panel-0\"><i>Expand<\/i><\/a>\n\t\t<p>Quando um utilizador se regista atrav\u00e9s da aplica\u00e7\u00e3o m\u00f3vel, tem de introduzir a sua id de email de administrador. Quando o registo estiver conclu\u00eddo a partir da aplica\u00e7\u00e3o m\u00f3vel, \u00e9 enviado um pedido de aprova\u00e7\u00e3o ao administrador da conta. Neste momento, o utilizador obt\u00e9m a mensagem acima. \u00c9 recomend\u00e1vel entrar em contacto com o administrador da conta para obter a aprova\u00e7\u00e3o necess\u00e1ria.<\/p>\n\t\t\t<a href=\"#\" id=\"fl-accordion--label-0\" tabindex=\"0\" aria-controls=\"fl-accordion--panel-0\">Como posso editar contactos na aplica\u00e7\u00e3o m\u00f3vel?<\/a>\n\t\t\t\t\t\t\t<a href=\"#\" id=\"fl-accordion--icon-0\" tabindex=\"0\" aria-controls=\"fl-accordion--panel-0\"><i>Expand<\/i><\/a>\n\t\t<p>Um utilizador conectado, que tamb\u00e9m deve ser o propriet\u00e1rio de um contacto comercial, pode edit\u00e1-lo na aplica\u00e7\u00e3o m\u00f3vel. Um utilizador padr\u00e3o n\u00e3o pode editar contactos internos ou comerciais que n\u00e3o lhes pertencem.<\/p>\n\t\t\t<a href=\"#\" id=\"fl-accordion--label-0\" tabindex=\"0\" aria-controls=\"fl-accordion--panel-0\">O que \u00e9 n\u00edvel de acesso? Como \u00e9 que isto afeta a acessibilidade aos contactos?<\/a>\n\t\t\t\t\t\t\t<a href=\"#\" id=\"fl-accordion--icon-0\" tabindex=\"0\" aria-controls=\"fl-accordion--panel-0\"><i>Expand<\/i><\/a>\n\t\t<p>Existem 3 tipos de n\u00edveis de acesso para contactos: P\u00fablico, Equipa e Privado. Os contactos p\u00fablicos podem ser vistos em toda a organiza\u00e7\u00e3o. Por outro lado, os contactos da equipa s\u00f3 podem ser vistos pelos membros da equipa designados. O contactos privados podem ser vistos apenas pelo utilizador que os possui ou cria.<\/p>\n\t\t\t<a href=\"#\" id=\"fl-accordion--label-0\" tabindex=\"0\" aria-controls=\"fl-accordion--panel-0\">Posso adicionar os meus contactos pessoais na AstroContacts?<\/a>\n\t\t\t\t\t\t\t<a href=\"#\" id=\"fl-accordion--icon-0\" tabindex=\"0\" aria-controls=\"fl-accordion--panel-0\"><i>Expand<\/i><\/a>\n\t\t<p>Esta funcionalidade est\u00e1 planeada para lan\u00e7amento futuro. Por favor, mantenha-se sintonizado connosco para receber atualiza\u00e7\u00f5es.<\/p>\n\t<h3>Recursos<\/h3>\n\t<center><a href=\"https:\/\/docs.42gears.com\/AstroContactsv2\/Introduction\/\" target=\"_blank\" rel=\"noopener\"><img decoding=\"async\" src=\"https:\/\/www.42gears.com\/wp-content\/uploads\/2018\/03\/start.png\" alt=\"Get Started\" \/><\/a><\/center>&nbsp;\n\n<p><a href=\"https:\/\/astrocontacts.42gears.com\/documentation\/online-documentation\/Introduction.html\" target=\"_blank\" rel=\"noopener\">Come\u00e7ar<\/a><\/p>\n&nbsp;\n\n","protected":false},"excerpt":{"rendered":"<p>AstroContacts SEGURO | BASEADO NA NUVEM | N\u00c3O \u00c9 PRECISO CONFIGURAR Registe-se gratuitamente Agendar uma demonstra\u00e7\u00e3o Vis\u00e3o geral A produtividade de uma equipa depende da facilidade e rapidez com que os membros da equipa se podem encontrar e entrar em contacto uns com os outros. Isto est\u00e1 a tornar-se um enorme desafio uma vez que&hellip;<\/p>\n","protected":false},"author":7,"featured_media":0,"parent":0,"menu_order":77,"comment_status":"closed","ping_status":"closed","template":"","meta":{"_acf_changed":false,"footnotes":""},"categories":[],"tags":[],"class_list":["post-51491","page","type-page","status-publish","hentry"],"acf":[],"yoast_head":"<!-- This site is optimized with the Yoast SEO Premium plugin v24.6 (Yoast SEO v24.6) - https:\/\/yoast.com\/wordpress\/plugins\/seo\/ -->\n<title>AstroContacts | Gest\u00e3o de Contacto Empresarial | UEM da 42Gears<\/title>\n<meta name=\"description\" content=\"AstroContacts da 42Gears \u00e9 uma ferramenta de Gest\u00e3o de Contacto Empresarial (ECM) que permite partilha cont\u00ednua de contactos entre membros da equipa m\u00f3vel.\" \/>\n<meta name=\"robots\" content=\"index, follow, max-snippet:-1, max-image-preview:large, max-video-preview:-1\" \/>\n<link rel=\"canonical\" href=\"https:\/\/www.42gears.com\/pt-br\/astrocontacts\/\" \/>\n<meta property=\"og:locale\" content=\"pt_BR\" \/>\n<meta property=\"og:type\" content=\"article\" \/>\n<meta property=\"og:title\" content=\"AstroContacts\" \/>\n<meta property=\"og:description\" content=\"AstroContacts da 42Gears \u00e9 uma ferramenta de Gest\u00e3o de Contacto Empresarial (ECM) que permite partilha cont\u00ednua de contactos entre membros da equipa m\u00f3vel.\" \/>\n<meta property=\"og:url\" content=\"https:\/\/www.42gears.com\/pt-br\/astrocontacts\/\" \/>\n<meta property=\"og:site_name\" content=\"42Gears Mobility Systems\" \/>\n<meta property=\"article:publisher\" content=\"https:\/\/www.facebook.com\/42gears\" \/>\n<meta property=\"article:modified_time\" content=\"2025-02-13T06:15:56+00:00\" \/>\n<meta property=\"og:image\" content=\"https:\/\/www.42gears.com\/wp-content\/uploads\/2020\/01\/android.png\" \/>\n<meta name=\"twitter:card\" content=\"summary_large_image\" \/>\n<meta name=\"twitter:site\" content=\"@42Gears\" \/>\n<meta name=\"twitter:label1\" content=\"Est. reading time\" \/>\n\t<meta name=\"twitter:data1\" content=\"3 minutes\" \/>\n<script type=\"application\/ld+json\" class=\"yoast-schema-graph\">{\"@context\":\"https:\/\/schema.org\",\"@graph\":[{\"@type\":\"WebPage\",\"@id\":\"http:\/\/www.42gears.com\/pt-br\/astrocontacts\/\",\"url\":\"https:\/\/www.42gears.com\/pt-br\/astrocontacts\/\",\"name\":\"AstroContacts | Gest\u00e3o de Contacto Empresarial | UEM da 42Gears\",\"isPartOf\":{\"@id\":\"https:\/\/www.42gears.com\/#website\"},\"primaryImageOfPage\":{\"@id\":\"https:\/\/www.42gears.com\/pt-br\/astrocontacts\/#primaryimage\"},\"image\":{\"@id\":\"https:\/\/www.42gears.com\/pt-br\/astrocontacts\/#primaryimage\"},\"thumbnailUrl\":\"https:\/\/www.42gears.com\/wp-content\/uploads\/2020\/01\/android.png\",\"datePublished\":\"2020-05-07T12:37:04+00:00\",\"dateModified\":\"2025-02-13T06:15:56+00:00\",\"description\":\"AstroContacts da 42Gears \u00e9 uma ferramenta de Gest\u00e3o de Contacto Empresarial (ECM) que permite partilha cont\u00ednua de contactos entre membros da equipa m\u00f3vel.\",\"breadcrumb\":{\"@id\":\"https:\/\/www.42gears.com\/pt-br\/astrocontacts\/#breadcrumb\"},\"inLanguage\":\"pt-BR\",\"potentialAction\":[{\"@type\":\"ReadAction\",\"target\":[\"https:\/\/www.42gears.com\/pt-br\/astrocontacts\/\"]}]},{\"@type\":\"ImageObject\",\"inLanguage\":\"pt-BR\",\"@id\":\"https:\/\/www.42gears.com\/pt-br\/astrocontacts\/#primaryimage\",\"url\":\"https:\/\/www.42gears.com\/wp-content\/uploads\/2020\/01\/android.png\",\"contentUrl\":\"https:\/\/www.42gears.com\/wp-content\/uploads\/2020\/01\/android.png\"},{\"@type\":\"BreadcrumbList\",\"@id\":\"https:\/\/www.42gears.com\/pt-br\/astrocontacts\/#breadcrumb\",\"itemListElement\":[{\"@type\":\"ListItem\",\"position\":1,\"name\":\"Home\",\"item\":\"https:\/\/www.42gears.com\/pt-br\/\"},{\"@type\":\"ListItem\",\"position\":2,\"name\":\"AstroContacts\"}]},{\"@type\":\"WebSite\",\"@id\":\"https:\/\/www.42gears.com\/#website\",\"url\":\"https:\/\/www.42gears.com\/\",\"name\":\"42Gears Mobility Systems\",\"description\":\"Mobile Device Management (MDM), Mobile Security &amp; Mobile Device Lockdown\",\"publisher\":{\"@id\":\"https:\/\/www.42gears.com\/#organization\"},\"potentialAction\":[{\"@type\":\"SearchAction\",\"target\":{\"@type\":\"EntryPoint\",\"urlTemplate\":\"https:\/\/www.42gears.com\/?s={search_term_string}\"},\"query-input\":{\"@type\":\"PropertyValueSpecification\",\"valueRequired\":true,\"valueName\":\"search_term_string\"}}],\"inLanguage\":\"pt-BR\"},{\"@type\":\"Organization\",\"@id\":\"https:\/\/www.42gears.com\/#organization\",\"name\":\"MDM - 42Gears\",\"url\":\"https:\/\/www.42gears.com\/\",\"logo\":{\"@type\":\"ImageObject\",\"inLanguage\":\"pt-BR\",\"@id\":\"https:\/\/www.42gears.com\/#\/schema\/logo\/image\/\",\"url\":\"https:\/\/www.42gears.com\/wp-content\/uploads\/2018\/12\/Featured-Image-42Gears-logo.png\",\"contentUrl\":\"https:\/\/www.42gears.com\/wp-content\/uploads\/2018\/12\/Featured-Image-42Gears-logo.png\",\"width\":499,\"height\":330,\"caption\":\"MDM - 42Gears\"},\"image\":{\"@id\":\"https:\/\/www.42gears.com\/#\/schema\/logo\/image\/\"},\"sameAs\":[\"https:\/\/www.facebook.com\/42gears\",\"https:\/\/x.com\/42Gears\"]}]}<\/script>\n<!-- \/ Yoast SEO Premium plugin. -->","yoast_head_json":{"title":"AstroContacts | Gest\u00e3o de Contacto Empresarial | UEM da 42Gears","description":"AstroContacts da 42Gears \u00e9 uma ferramenta de Gest\u00e3o de Contacto Empresarial (ECM) que permite partilha cont\u00ednua de contactos entre membros da equipa m\u00f3vel.","robots":{"index":"index","follow":"follow","max-snippet":"max-snippet:-1","max-image-preview":"max-image-preview:large","max-video-preview":"max-video-preview:-1"},"canonical":"https:\/\/www.42gears.com\/pt-br\/astrocontacts\/","og_locale":"pt_BR","og_type":"article","og_title":"AstroContacts","og_description":"AstroContacts da 42Gears \u00e9 uma ferramenta de Gest\u00e3o de Contacto Empresarial (ECM) que permite partilha cont\u00ednua de contactos entre membros da equipa m\u00f3vel.","og_url":"https:\/\/www.42gears.com\/pt-br\/astrocontacts\/","og_site_name":"42Gears Mobility Systems","article_publisher":"https:\/\/www.facebook.com\/42gears","article_modified_time":"2025-02-13T06:15:56+00:00","og_image":[{"url":"https:\/\/www.42gears.com\/wp-content\/uploads\/2020\/01\/android.png","type":"","width":"","height":""}],"twitter_card":"summary_large_image","twitter_site":"@42Gears","twitter_misc":{"Est. reading time":"3 minutes"},"schema":{"@context":"https:\/\/schema.org","@graph":[{"@type":"WebPage","@id":"http:\/\/www.42gears.com\/pt-br\/astrocontacts\/","url":"https:\/\/www.42gears.com\/pt-br\/astrocontacts\/","name":"AstroContacts | Gest\u00e3o de Contacto Empresarial | UEM da 42Gears","isPartOf":{"@id":"https:\/\/www.42gears.com\/#website"},"primaryImageOfPage":{"@id":"https:\/\/www.42gears.com\/pt-br\/astrocontacts\/#primaryimage"},"image":{"@id":"https:\/\/www.42gears.com\/pt-br\/astrocontacts\/#primaryimage"},"thumbnailUrl":"https:\/\/www.42gears.com\/wp-content\/uploads\/2020\/01\/android.png","datePublished":"2020-05-07T12:37:04+00:00","dateModified":"2025-02-13T06:15:56+00:00","description":"AstroContacts da 42Gears \u00e9 uma ferramenta de Gest\u00e3o de Contacto Empresarial (ECM) que permite partilha cont\u00ednua de contactos entre membros da equipa m\u00f3vel.","breadcrumb":{"@id":"https:\/\/www.42gears.com\/pt-br\/astrocontacts\/#breadcrumb"},"inLanguage":"pt-BR","potentialAction":[{"@type":"ReadAction","target":["https:\/\/www.42gears.com\/pt-br\/astrocontacts\/"]}]},{"@type":"ImageObject","inLanguage":"pt-BR","@id":"https:\/\/www.42gears.com\/pt-br\/astrocontacts\/#primaryimage","url":"https:\/\/www.42gears.com\/wp-content\/uploads\/2020\/01\/android.png","contentUrl":"https:\/\/www.42gears.com\/wp-content\/uploads\/2020\/01\/android.png"},{"@type":"BreadcrumbList","@id":"https:\/\/www.42gears.com\/pt-br\/astrocontacts\/#breadcrumb","itemListElement":[{"@type":"ListItem","position":1,"name":"Home","item":"https:\/\/www.42gears.com\/pt-br\/"},{"@type":"ListItem","position":2,"name":"AstroContacts"}]},{"@type":"WebSite","@id":"https:\/\/www.42gears.com\/#website","url":"https:\/\/www.42gears.com\/","name":"42Gears Mobility Systems","description":"Mobile Device Management (MDM), Mobile Security &amp; Mobile Device Lockdown","publisher":{"@id":"https:\/\/www.42gears.com\/#organization"},"potentialAction":[{"@type":"SearchAction","target":{"@type":"EntryPoint","urlTemplate":"https:\/\/www.42gears.com\/?s={search_term_string}"},"query-input":{"@type":"PropertyValueSpecification","valueRequired":true,"valueName":"search_term_string"}}],"inLanguage":"pt-BR"},{"@type":"Organization","@id":"https:\/\/www.42gears.com\/#organization","name":"MDM - 42Gears","url":"https:\/\/www.42gears.com\/","logo":{"@type":"ImageObject","inLanguage":"pt-BR","@id":"https:\/\/www.42gears.com\/#\/schema\/logo\/image\/","url":"https:\/\/www.42gears.com\/wp-content\/uploads\/2018\/12\/Featured-Image-42Gears-logo.png","contentUrl":"https:\/\/www.42gears.com\/wp-content\/uploads\/2018\/12\/Featured-Image-42Gears-logo.png","width":499,"height":330,"caption":"MDM - 42Gears"},"image":{"@id":"https:\/\/www.42gears.com\/#\/schema\/logo\/image\/"},"sameAs":["https:\/\/www.facebook.com\/42gears","https:\/\/x.com\/42Gears"]}]}},"_links":{"self":[{"href":"https:\/\/www.42gears.com\/pt-br\/wp-json\/wp\/v2\/pages\/51491","targetHints":{"allow":["GET"]}}],"collection":[{"href":"https:\/\/www.42gears.com\/pt-br\/wp-json\/wp\/v2\/pages"}],"about":[{"href":"https:\/\/www.42gears.com\/pt-br\/wp-json\/wp\/v2\/types\/page"}],"author":[{"embeddable":true,"href":"https:\/\/www.42gears.com\/pt-br\/wp-json\/wp\/v2\/users\/7"}],"replies":[{"embeddable":true,"href":"https:\/\/www.42gears.com\/pt-br\/wp-json\/wp\/v2\/comments?post=51491"}],"version-history":[{"count":6,"href":"https:\/\/www.42gears.com\/pt-br\/wp-json\/wp\/v2\/pages\/51491\/revisions"}],"predecessor-version":[{"id":111818,"href":"https:\/\/www.42gears.com\/pt-br\/wp-json\/wp\/v2\/pages\/51491\/revisions\/111818"}],"wp:attachment":[{"href":"https:\/\/www.42gears.com\/pt-br\/wp-json\/wp\/v2\/media?parent=51491"}],"wp:term":[{"taxonomy":"category","embeddable":true,"href":"https:\/\/www.42gears.com\/pt-br\/wp-json\/wp\/v2\/categories?post=51491"},{"taxonomy":"post_tag","embeddable":true,"href":"https:\/\/www.42gears.com\/pt-br\/wp-json\/wp\/v2\/tags?post=51491"}],"curies":[{"name":"wp","href":"https:\/\/api.w.org\/{rel}","templated":true}]}}