{"id":26114,"date":"2017-12-07T10:58:07","date_gmt":"2017-12-07T10:58:07","guid":{"rendered":"http:\/\/live-42gears-site.pantheonsite.io\/unified-endpoint-management-uem-solution\/"},"modified":"2024-12-26T09:21:02","modified_gmt":"2024-12-26T09:21:02","slug":"unified-endpoint-management-uem-solution","status":"publish","type":"page","link":"https:\/\/www.42gears.com\/pt-br\/unified-endpoint-management-uem-solution\/","title":{"rendered":"Gerenciamento Unificado de Endpoints"},"content":{"rendered":"\n\n\t<h1>Gerenciamento Unificado de Endpoints<\/h1>\nSegure, monitorize e gerencie &#8220;Endpoints&#8221;<br \/>\nem um posto de trabalho digital em transforma\u00e7\u00e3o\n\t<!--Read Gartner MQ Report-->\n<a href=\"https:\/\/suremdm.42gears.com\/console\/?registration=true&amp;uem=true\" target=\"_blank\" rel=\"noopener\">Experimente gr\u00e1tis<\/a>\n<a href=\"#\" target=\"_blank\" rel=\"noopener\">Watch Video<\/a>\n<a href=\"https:\/\/www.42gears.com\/contact-sales-team\/?pname=uem-demo\" target=\"_blank\" rel=\"noopener\">Agende uma demonstra\u00e7\u00e3o<\/a>\n\t<h2>Vis\u00e3o geral<\/h2>\n\t<p>Anteriormente as empresas apenas precisavam de se preocupar com desktops e laptops como endpoints. As ferramentas tradicionais de gest\u00e3o de clientes (CMT) s\u00e3o suficientes para automatizar as fun\u00e7\u00f5es de administra\u00e7\u00e3o e suporte. O aumento de dispositivos m\u00f3veis como endpoints empresariais trouxe uma novidade ao cen\u00e1rio. As solu\u00e7\u00f5es de gest\u00e3o de dispositivos m\u00f3veis (MDM) foram desenvolvidas e adotadas ap\u00f3s a ampla ado\u00e7\u00e3o de ferramentas CMT, e as diferen\u00e7as entre as ferramentas MDM e CMT colocaram desafios para a utiliza\u00e7\u00e3o eficiente de todos os endpoints.<\/p>\n<p>No entanto, come\u00e7ando com a introdu\u00e7\u00e3o do Windows 10 e iOS 11, as equipas de TI obtiveram o poder de gerir v\u00e1rios dispositivos remotamente. A 42Gears empenhou-se ao m\u00e1ximo na cria\u00e7\u00e3o de uma abordagem unificada para gerir todos os tipos de endpoints, aplica\u00e7\u00f5es e conte\u00fado usados num ecossistema empresarial. A solu\u00e7\u00e3o UEM (Gest\u00e3o de Endpoint Unificada) da 42Gears permite que as equipas de TI adotem uma abordagem consistente e hol\u00edstica em rela\u00e7\u00e3o \u00e0 gest\u00e3o de endpoints usando um \u00fanico dispositivo. A UEM da 42Gears corrige depend\u00eancias de v\u00e1rias plataformas ineficazes para fornecer seguran\u00e7a e controlo sobre todos os endpoints empresariais, antigos e novos.<\/p>\n<p>A UEM (Gest\u00e3o de Endpoint Unificada) da 42Gears tamb\u00e9m pode ajudar as empresas a migrar facilmente de plataformas anteriores, como o Windows 7, para melhores plataformas compat\u00edveis com a Gest\u00e3o de Mobilidade Empresarial (EMM), como o Windows 10. A UEM da 42Gears oferece uma plataforma \u00fanica para gerir todos os endpoints, independentemente do tipo, do utilizador ou caso de utiliza\u00e7\u00e3o. Al\u00e9m disso, a UEM da 42Gears elimina o problema de experi\u00eancias desassociadas do utilizador, assegurando que os processos e aplica\u00e7\u00f5es de neg\u00f3cios apare\u00e7am e funcionem da mesma forma em todos os endpoints.<\/p>\n<p>&nbsp;<\/p>\n<br \/>\n\n\t<b>O UEM da 42Gears suporta todos os tipos de Sistema Operacional:<\/b>\n<ul>\n<li>Android<\/li>\n<li>iOS<\/li>\n<li>MacOS<\/li>\n<li>Windows<\/li>\n<li>Linux <\/li>\n<\/ul>\n<p>42Gears UEM solution also makes it easier for enterprises to seamlessly migrate from legacy platforms such as Windows 7 to better EMM compliant version like Windows 10. It offers a single platform to manage all endpoints, regardless of <b>type, user or use case. <\/b><\/p>\n\t<b>O UEM da 42Gears atende a todos os Endpoints de um espa\u00e7o de trabalho digital:<\/b>\n<ul>\n<li>Dispositivos BYO (Bring-Your-Own)<\/li>\n<li>Dispositivos da Internet das Coisas<\/li>\n<li>Sensores e Gateways<\/li>\n<li>Desktops\/Laptops<\/li>\n<li>Dispositivos robustos<\/li>\n<li>Dispositivos utiliz\u00e1veis<\/li>\n<li>Aplicativos m\u00f3veis e na nuvem<\/li>\n<li>Quiosques<\/li>\n<li>Impressoras<\/li>\n<\/ul>\n\t\t\t\t<img decoding=\"async\" src=\"http:\/\/live-42gears-site.pantheonsite.io\/wp-content\/uploads\/2018\/07\/uem.png\" alt=\"uem\" itemprop=\"image\" title=\"uem\" onerror=\"this.style.display='none'\"  \/>\n\t<strong>As organizations move towards unified endpoint management, 42Gears can help businesses reap benefits such as:<\/strong>\n\t\t\t\t<img decoding=\"async\" src=\"http:\/\/live-42gears-site.pantheonsite.io\/wp-content\/uploads\/2018\/07\/Remove-endpoint-complexity-150x150.png\" alt=\"Remove endpoint complexity\" itemprop=\"image\" title=\"Remove endpoint complexity\" onerror=\"this.style.display='none'\"  \/>\n\tAfaste a complexidade dos Endpoints<br \/>\nFully-integrated support for multi-device architecture, each with unique security settings, services and configurations.\n\t\t\t\t<img decoding=\"async\" src=\"http:\/\/live-42gears-site.pantheonsite.io\/wp-content\/uploads\/2018\/07\/Improve-user-productivity-150x150.png\" alt=\"Improve user productivity\" itemprop=\"image\" title=\"Improve user productivity\" onerror=\"this.style.display='none'\"  \/>\n\tProdutividade do usu\u00e1rio melhorada<br \/>\nOs funcion\u00e1rios come\u00e7am se focando nas tarefas que t\u00eam de efetuar, em vez de como acess\u00e1-las.\n\t\t\t\t<img decoding=\"async\" src=\"http:\/\/live-42gears-site.pantheonsite.io\/wp-content\/uploads\/2018\/07\/Improved-it-security-150x150.png\" alt=\"Improved it security\" itemprop=\"image\" title=\"Improved it security\" onerror=\"this.style.display='none'\"  \/>\n\tSeguran\u00e7a de TI melhorada<br \/>\nUm conjunto comum de processos para garantir a conformidade de seguran\u00e7a cont\u00ednua em todos os dispositivos e plataformas.\n\t\t\t\t<img decoding=\"async\" src=\"http:\/\/live-42gears-site.pantheonsite.io\/wp-content\/uploads\/2018\/10\/DLP-SureMDM-150x150.png\" alt=\"DLP SureMDM\" itemprop=\"image\" title=\"DLP SureMDM\" onerror=\"this.style.display='none'\"  \/>\n\tDLP Melhorado<br \/>\nProteja dados confidenciais de utilizador, dispositivo, aplica\u00e7\u00e3o e rede com pol\u00edticas DLP atrav\u00e9s de autentica\u00e7\u00e3o de utilizador em v\u00e1rias camadas e controlo de acesso avan\u00e7ado.\n\t<p>O UEM da 42Gears permite aos servi\u00e7os de TI adotar recursos r\u00e1pidos, automatizados e sob demanda tais como um assistente virtual para a Gest\u00e3o de mobilidade empresarial (EMM). Ele elimina o problema de desarticula\u00e7\u00e3o da experi\u00eancia do usu\u00e1rio, garantindo que os processos de neg\u00f3cios e aplicativos aparecem e operam do mesmo modo, independentemente de qual endpoint os usu\u00e1rios finais est\u00e3o acessando.<\/p>\n<a href=\"https:\/\/www.42gears.com\/contact-sales-team\/?pname=uem-demo\" target=\"_blank\" rel=\"noopener\">Agende uma demonstra\u00e7\u00e3o<\/a>\n<a href=\"https:\/\/suremdm.42gears.com\/console\/?registration=true&#038;uem=true\" target=\"_blank\" rel=\"noopener\">Experimente gr\u00e1tis<\/a>\n\n","protected":false},"excerpt":{"rendered":"<p>Gerenciamento Unificado de Endpoints Segure, monitorize e gerencie &#8220;Endpoints&#8221; em um posto de trabalho digital em transforma\u00e7\u00e3o Experimente gr\u00e1tis Watch Video Agende uma demonstra\u00e7\u00e3o Vis\u00e3o geral Anteriormente as empresas apenas precisavam de se preocupar com desktops e laptops como endpoints. As ferramentas tradicionais de gest\u00e3o de clientes (CMT) s\u00e3o suficientes para automatizar as fun\u00e7\u00f5es de&hellip;<\/p>\n","protected":false},"author":7,"featured_media":28577,"parent":0,"menu_order":0,"comment_status":"closed","ping_status":"closed","template":"","meta":{"_acf_changed":false,"footnotes":""},"categories":[],"tags":[],"class_list":["post-26114","page","type-page","status-publish","has-post-thumbnail","hentry"],"acf":[],"yoast_head":"<!-- This site is optimized with the Yoast SEO Premium plugin v24.6 (Yoast SEO v24.6) - https:\/\/yoast.com\/wordpress\/plugins\/seo\/ -->\n<title>Gest\u00e3o de Endpoint Unificada | Solu\u00e7\u00e3o UEM | Gerir Todos os Endpoints<\/title>\n<meta name=\"description\" content=\"Saiba como a Solu\u00e7\u00e3o UEM da 42Gears gere com efici\u00eancia todos os endpoints. Gira todos os dispositivos e todos os casos de utiliza\u00e7\u00e3o com a Gest\u00e3o de Endpoint Unificada. Gest\u00e3o de Endpoint Unificada, UEM, Gest\u00e3o de Mobilidade de Endpoint, Plataforma de Gest\u00e3o de Endpoint, Solu\u00e7\u00f5es de Gest\u00e3o de Endpoint\" \/>\n<meta name=\"robots\" content=\"index, follow, max-snippet:-1, max-image-preview:large, max-video-preview:-1\" \/>\n<link rel=\"canonical\" href=\"https:\/\/www.42gears.com\/pt-br\/unified-endpoint-management-uem-solution\/\" \/>\n<meta property=\"og:locale\" content=\"pt_BR\" \/>\n<meta property=\"og:type\" content=\"article\" \/>\n<meta property=\"og:title\" content=\"Gerenciamento Unificado de Endpoints\" \/>\n<meta property=\"og:description\" content=\"Saiba como a Solu\u00e7\u00e3o UEM da 42Gears gere com efici\u00eancia todos os endpoints. Gira todos os dispositivos e todos os casos de utiliza\u00e7\u00e3o com a Gest\u00e3o de Endpoint Unificada. Gest\u00e3o de Endpoint Unificada, UEM, Gest\u00e3o de Mobilidade de Endpoint, Plataforma de Gest\u00e3o de Endpoint, Solu\u00e7\u00f5es de Gest\u00e3o de Endpoint\" \/>\n<meta property=\"og:url\" content=\"https:\/\/www.42gears.com\/pt-br\/unified-endpoint-management-uem-solution\/\" \/>\n<meta property=\"og:site_name\" content=\"42Gears Mobility Systems\" \/>\n<meta property=\"article:publisher\" content=\"https:\/\/www.facebook.com\/42gears\" \/>\n<meta property=\"article:modified_time\" content=\"2024-12-26T09:21:02+00:00\" \/>\n<meta property=\"og:image\" content=\"https:\/\/www.42gears.com\/wp-content\/uploads\/2018\/12\/Featured-Image-42Gears-logo.png\" \/>\n\t<meta property=\"og:image:width\" content=\"499\" \/>\n\t<meta property=\"og:image:height\" content=\"330\" \/>\n\t<meta property=\"og:image:type\" content=\"image\/png\" \/>\n<meta name=\"twitter:card\" content=\"summary_large_image\" \/>\n<meta name=\"twitter:site\" content=\"@42Gears\" \/>\n<meta name=\"twitter:label1\" content=\"Est. reading time\" \/>\n\t<meta name=\"twitter:data1\" content=\"3 minutes\" \/>\n<script type=\"application\/ld+json\" class=\"yoast-schema-graph\">{\"@context\":\"https:\/\/schema.org\",\"@graph\":[{\"@type\":\"WebPage\",\"@id\":\"https:\/\/www.42gears.com\/pt-br\/unified-endpoint-management-uem-solution\/\",\"url\":\"https:\/\/www.42gears.com\/pt-br\/unified-endpoint-management-uem-solution\/\",\"name\":\"Gest\u00e3o de Endpoint Unificada | Solu\u00e7\u00e3o UEM | Gerir Todos os Endpoints\",\"isPartOf\":{\"@id\":\"https:\/\/www.42gears.com\/#website\"},\"primaryImageOfPage\":{\"@id\":\"https:\/\/www.42gears.com\/pt-br\/unified-endpoint-management-uem-solution\/#primaryimage\"},\"image\":{\"@id\":\"https:\/\/www.42gears.com\/pt-br\/unified-endpoint-management-uem-solution\/#primaryimage\"},\"thumbnailUrl\":\"https:\/\/www.42gears.com\/wp-content\/uploads\/2018\/12\/Featured-Image-42Gears-logo.png\",\"datePublished\":\"2017-12-07T10:58:07+00:00\",\"dateModified\":\"2024-12-26T09:21:02+00:00\",\"description\":\"Saiba como a Solu\u00e7\u00e3o UEM da 42Gears gere com efici\u00eancia todos os endpoints. Gira todos os dispositivos e todos os casos de utiliza\u00e7\u00e3o com a Gest\u00e3o de Endpoint Unificada. Gest\u00e3o de Endpoint Unificada, UEM, Gest\u00e3o de Mobilidade de Endpoint, Plataforma de Gest\u00e3o de Endpoint, Solu\u00e7\u00f5es de Gest\u00e3o de Endpoint\",\"breadcrumb\":{\"@id\":\"https:\/\/www.42gears.com\/pt-br\/unified-endpoint-management-uem-solution\/#breadcrumb\"},\"inLanguage\":\"pt-BR\",\"potentialAction\":[{\"@type\":\"ReadAction\",\"target\":[\"https:\/\/www.42gears.com\/pt-br\/unified-endpoint-management-uem-solution\/\"]}]},{\"@type\":\"ImageObject\",\"inLanguage\":\"pt-BR\",\"@id\":\"https:\/\/www.42gears.com\/pt-br\/unified-endpoint-management-uem-solution\/#primaryimage\",\"url\":\"https:\/\/www.42gears.com\/wp-content\/uploads\/2018\/12\/Featured-Image-42Gears-logo.png\",\"contentUrl\":\"https:\/\/www.42gears.com\/wp-content\/uploads\/2018\/12\/Featured-Image-42Gears-logo.png\",\"width\":499,\"height\":330,\"caption\":\"Featured-Image-42Gears-logo\"},{\"@type\":\"BreadcrumbList\",\"@id\":\"https:\/\/www.42gears.com\/pt-br\/unified-endpoint-management-uem-solution\/#breadcrumb\",\"itemListElement\":[{\"@type\":\"ListItem\",\"position\":1,\"name\":\"Home\",\"item\":\"https:\/\/www.42gears.com\/pt-br\/\"},{\"@type\":\"ListItem\",\"position\":2,\"name\":\"Gerenciamento Unificado de Endpoints\"}]},{\"@type\":\"WebSite\",\"@id\":\"https:\/\/www.42gears.com\/#website\",\"url\":\"https:\/\/www.42gears.com\/\",\"name\":\"42Gears Mobility Systems\",\"description\":\"Mobile Device Management (MDM), Mobile Security &amp; Mobile Device Lockdown\",\"publisher\":{\"@id\":\"https:\/\/www.42gears.com\/#organization\"},\"potentialAction\":[{\"@type\":\"SearchAction\",\"target\":{\"@type\":\"EntryPoint\",\"urlTemplate\":\"https:\/\/www.42gears.com\/?s={search_term_string}\"},\"query-input\":{\"@type\":\"PropertyValueSpecification\",\"valueRequired\":true,\"valueName\":\"search_term_string\"}}],\"inLanguage\":\"pt-BR\"},{\"@type\":\"Organization\",\"@id\":\"https:\/\/www.42gears.com\/#organization\",\"name\":\"MDM - 42Gears\",\"url\":\"https:\/\/www.42gears.com\/\",\"logo\":{\"@type\":\"ImageObject\",\"inLanguage\":\"pt-BR\",\"@id\":\"https:\/\/www.42gears.com\/#\/schema\/logo\/image\/\",\"url\":\"https:\/\/www.42gears.com\/wp-content\/uploads\/2018\/12\/Featured-Image-42Gears-logo.png\",\"contentUrl\":\"https:\/\/www.42gears.com\/wp-content\/uploads\/2018\/12\/Featured-Image-42Gears-logo.png\",\"width\":499,\"height\":330,\"caption\":\"MDM - 42Gears\"},\"image\":{\"@id\":\"https:\/\/www.42gears.com\/#\/schema\/logo\/image\/\"},\"sameAs\":[\"https:\/\/www.facebook.com\/42gears\",\"https:\/\/x.com\/42Gears\"]}]}<\/script>\n<!-- \/ Yoast SEO Premium plugin. -->","yoast_head_json":{"title":"Gest\u00e3o de Endpoint Unificada | Solu\u00e7\u00e3o UEM | Gerir Todos os Endpoints","description":"Saiba como a Solu\u00e7\u00e3o UEM da 42Gears gere com efici\u00eancia todos os endpoints. Gira todos os dispositivos e todos os casos de utiliza\u00e7\u00e3o com a Gest\u00e3o de Endpoint Unificada. Gest\u00e3o de Endpoint Unificada, UEM, Gest\u00e3o de Mobilidade de Endpoint, Plataforma de Gest\u00e3o de Endpoint, Solu\u00e7\u00f5es de Gest\u00e3o de Endpoint","robots":{"index":"index","follow":"follow","max-snippet":"max-snippet:-1","max-image-preview":"max-image-preview:large","max-video-preview":"max-video-preview:-1"},"canonical":"https:\/\/www.42gears.com\/pt-br\/unified-endpoint-management-uem-solution\/","og_locale":"pt_BR","og_type":"article","og_title":"Gerenciamento Unificado de Endpoints","og_description":"Saiba como a Solu\u00e7\u00e3o UEM da 42Gears gere com efici\u00eancia todos os endpoints. Gira todos os dispositivos e todos os casos de utiliza\u00e7\u00e3o com a Gest\u00e3o de Endpoint Unificada. Gest\u00e3o de Endpoint Unificada, UEM, Gest\u00e3o de Mobilidade de Endpoint, Plataforma de Gest\u00e3o de Endpoint, Solu\u00e7\u00f5es de Gest\u00e3o de Endpoint","og_url":"https:\/\/www.42gears.com\/pt-br\/unified-endpoint-management-uem-solution\/","og_site_name":"42Gears Mobility Systems","article_publisher":"https:\/\/www.facebook.com\/42gears","article_modified_time":"2024-12-26T09:21:02+00:00","og_image":[{"width":499,"height":330,"url":"https:\/\/www.42gears.com\/wp-content\/uploads\/2018\/12\/Featured-Image-42Gears-logo.png","type":"image\/png"}],"twitter_card":"summary_large_image","twitter_site":"@42Gears","twitter_misc":{"Est. reading time":"3 minutes"},"schema":{"@context":"https:\/\/schema.org","@graph":[{"@type":"WebPage","@id":"https:\/\/www.42gears.com\/pt-br\/unified-endpoint-management-uem-solution\/","url":"https:\/\/www.42gears.com\/pt-br\/unified-endpoint-management-uem-solution\/","name":"Gest\u00e3o de Endpoint Unificada | Solu\u00e7\u00e3o UEM | Gerir Todos os Endpoints","isPartOf":{"@id":"https:\/\/www.42gears.com\/#website"},"primaryImageOfPage":{"@id":"https:\/\/www.42gears.com\/pt-br\/unified-endpoint-management-uem-solution\/#primaryimage"},"image":{"@id":"https:\/\/www.42gears.com\/pt-br\/unified-endpoint-management-uem-solution\/#primaryimage"},"thumbnailUrl":"https:\/\/www.42gears.com\/wp-content\/uploads\/2018\/12\/Featured-Image-42Gears-logo.png","datePublished":"2017-12-07T10:58:07+00:00","dateModified":"2024-12-26T09:21:02+00:00","description":"Saiba como a Solu\u00e7\u00e3o UEM da 42Gears gere com efici\u00eancia todos os endpoints. Gira todos os dispositivos e todos os casos de utiliza\u00e7\u00e3o com a Gest\u00e3o de Endpoint Unificada. Gest\u00e3o de Endpoint Unificada, UEM, Gest\u00e3o de Mobilidade de Endpoint, Plataforma de Gest\u00e3o de Endpoint, Solu\u00e7\u00f5es de Gest\u00e3o de Endpoint","breadcrumb":{"@id":"https:\/\/www.42gears.com\/pt-br\/unified-endpoint-management-uem-solution\/#breadcrumb"},"inLanguage":"pt-BR","potentialAction":[{"@type":"ReadAction","target":["https:\/\/www.42gears.com\/pt-br\/unified-endpoint-management-uem-solution\/"]}]},{"@type":"ImageObject","inLanguage":"pt-BR","@id":"https:\/\/www.42gears.com\/pt-br\/unified-endpoint-management-uem-solution\/#primaryimage","url":"https:\/\/www.42gears.com\/wp-content\/uploads\/2018\/12\/Featured-Image-42Gears-logo.png","contentUrl":"https:\/\/www.42gears.com\/wp-content\/uploads\/2018\/12\/Featured-Image-42Gears-logo.png","width":499,"height":330,"caption":"Featured-Image-42Gears-logo"},{"@type":"BreadcrumbList","@id":"https:\/\/www.42gears.com\/pt-br\/unified-endpoint-management-uem-solution\/#breadcrumb","itemListElement":[{"@type":"ListItem","position":1,"name":"Home","item":"https:\/\/www.42gears.com\/pt-br\/"},{"@type":"ListItem","position":2,"name":"Gerenciamento Unificado de Endpoints"}]},{"@type":"WebSite","@id":"https:\/\/www.42gears.com\/#website","url":"https:\/\/www.42gears.com\/","name":"42Gears Mobility Systems","description":"Mobile Device Management (MDM), Mobile Security &amp; Mobile Device Lockdown","publisher":{"@id":"https:\/\/www.42gears.com\/#organization"},"potentialAction":[{"@type":"SearchAction","target":{"@type":"EntryPoint","urlTemplate":"https:\/\/www.42gears.com\/?s={search_term_string}"},"query-input":{"@type":"PropertyValueSpecification","valueRequired":true,"valueName":"search_term_string"}}],"inLanguage":"pt-BR"},{"@type":"Organization","@id":"https:\/\/www.42gears.com\/#organization","name":"MDM - 42Gears","url":"https:\/\/www.42gears.com\/","logo":{"@type":"ImageObject","inLanguage":"pt-BR","@id":"https:\/\/www.42gears.com\/#\/schema\/logo\/image\/","url":"https:\/\/www.42gears.com\/wp-content\/uploads\/2018\/12\/Featured-Image-42Gears-logo.png","contentUrl":"https:\/\/www.42gears.com\/wp-content\/uploads\/2018\/12\/Featured-Image-42Gears-logo.png","width":499,"height":330,"caption":"MDM - 42Gears"},"image":{"@id":"https:\/\/www.42gears.com\/#\/schema\/logo\/image\/"},"sameAs":["https:\/\/www.facebook.com\/42gears","https:\/\/x.com\/42Gears"]}]}},"_links":{"self":[{"href":"https:\/\/www.42gears.com\/pt-br\/wp-json\/wp\/v2\/pages\/26114","targetHints":{"allow":["GET"]}}],"collection":[{"href":"https:\/\/www.42gears.com\/pt-br\/wp-json\/wp\/v2\/pages"}],"about":[{"href":"https:\/\/www.42gears.com\/pt-br\/wp-json\/wp\/v2\/types\/page"}],"author":[{"embeddable":true,"href":"https:\/\/www.42gears.com\/pt-br\/wp-json\/wp\/v2\/users\/7"}],"replies":[{"embeddable":true,"href":"https:\/\/www.42gears.com\/pt-br\/wp-json\/wp\/v2\/comments?post=26114"}],"version-history":[{"count":15,"href":"https:\/\/www.42gears.com\/pt-br\/wp-json\/wp\/v2\/pages\/26114\/revisions"}],"predecessor-version":[{"id":109925,"href":"https:\/\/www.42gears.com\/pt-br\/wp-json\/wp\/v2\/pages\/26114\/revisions\/109925"}],"wp:featuredmedia":[{"embeddable":true,"href":"https:\/\/www.42gears.com\/pt-br\/wp-json\/wp\/v2\/media\/28577"}],"wp:attachment":[{"href":"https:\/\/www.42gears.com\/pt-br\/wp-json\/wp\/v2\/media?parent=26114"}],"wp:term":[{"taxonomy":"category","embeddable":true,"href":"https:\/\/www.42gears.com\/pt-br\/wp-json\/wp\/v2\/categories?post=26114"},{"taxonomy":"post_tag","embeddable":true,"href":"https:\/\/www.42gears.com\/pt-br\/wp-json\/wp\/v2\/tags?post=26114"}],"curies":[{"name":"wp","href":"https:\/\/api.w.org\/{rel}","templated":true}]}}