{"id":21009,"date":"2017-10-26T10:29:37","date_gmt":"2017-10-26T10:29:37","guid":{"rendered":"http:\/\/live-42gears-site.pantheonsite.io\/?page_id=21009\/"},"modified":"2017-11-02T07:27:28","modified_gmt":"2017-11-02T07:27:28","slug":"secure-email","status":"publish","type":"page","link":"https:\/\/www.42gears.com\/pt-br\/secure-email\/","title":{"rendered":"Secure Email"},"content":{"rendered":"<h2>\n\t\tEmail seguro<br \/>\n\t<\/h2>\n<h3>\n\t\tAcesso do Secure Email no iOS e Android<br \/>\n\t<\/h3>\n<p>\t<a href=\" #\" target=\"_self\" role=\"button\"><br \/>\n\t\t\t\t\t\tAgende uma demonstra\u00e7\u00e3o<br \/>\n\t\t\t\t\t<\/a><br \/>\n\t\t\t\t<img decoding=\"async\" src=\"http:\/\/live-42gears-site.pantheonsite.io\/wp-content\/uploads\/2017\/07\/email-secure-300x259.png\" alt=\"secure email access\" itemprop=\"image\"  \/><\/p>\n<p style=\"text-align: justify;\">O aumento da produtividade do funcion\u00e1rio \u00e9 um benef\u00edcio fundamental da adota\u00e7\u00e3o do BYOD na empresa. Permitir que os funcion\u00e1rios usem seu iPhone ou Android pessoal para acessar o email da empresa tamb\u00e9m reduz os custos de compra de dispositivos para eles. No entanto, h\u00e1 riscos de conformidade e seguran\u00e7a de dados. O TI precisa garantir que a informa\u00e7\u00e3o empresarial n\u00e3o seja comprometida em nenhum momento ou os dados corporativos n\u00e3o se misturem com os dados pessoais dos usu\u00e1rios. O TI tamb\u00e9m precisa de controle total sobre quando os dados empresariais podem ser exclu\u00eddos do telefone.<\/p>\n<p style=\"text-align: left;\">A EMM da 42Gears oferece um acesso seguro para o email corporativo por meio de aplicativos de email nativos. Possui todas as ferramentas necess\u00e1rias para provisionar remotamente email, gerenciar acesso, evitar perda de dados e limpar remotamente emails e informa\u00e7\u00f5es da conta de dispositivos m\u00f3veis que est\u00e3o de acordo com as pol\u00edticas de conformidade.<\/p>\n<p>\t\t\t\t<img decoding=\"async\" src=\"http:\/\/live-42gears-site.pantheonsite.io\/wp-content\/uploads\/2017\/07\/platfroms.png\" alt=\"Enterprise Email Encryption Solutions\" itemprop=\"image\"  \/><\/p>\n<h3 style=\"font-weight: 400; font-size: 25px;\">Suporte para v\u00e1rios SO<\/h3>\n<p>Nosso gateway de email seguro oferece prote\u00e7\u00e3o para dispositivos m\u00f3veis oferecendo suporte a todas as atividades de email nos <strong>principais sistemas operacionais<\/strong>, como iOS e Android.<\/p>\n<p>\t\t\t\t<img decoding=\"async\" src=\"http:\/\/live-42gears-site.pantheonsite.io\/wp-content\/uploads\/2017\/07\/cloud.png\" alt=\"cloud email security\" itemprop=\"image\"  \/><\/p>\n<h3 style=\"font-weight: 400; font-size: 25px;\">Implanta\u00e7\u00e3o na nuvem e local<\/h3>\n<p style=\"text-align: justify;\">O gateway de email seguro da 42Gears pode ser enviado para os dispositivos por meio <strong>da implanta\u00e7\u00e3o em nuvem ou local.<\/strong><\/p>\n<p>\t\t\t\t<img decoding=\"async\" src=\"http:\/\/live-42gears-site.pantheonsite.io\/wp-content\/uploads\/2017\/07\/calendar.png\" alt=\"calendar\" itemprop=\"image\"  \/><\/p>\n<h3 style=\"font-weight: 400; font-size: 25px;\">Senhas no n\u00edvel do aplicativo<\/h3>\n<p style=\"text-align: justify;\">A 42Gears oferece pol\u00edticas personaliz\u00e1veis como <strong>senhas no n\u00edvel de aplicativo<\/strong> para acessar emails, calend\u00e1rios e contatos.<\/p>\n<p>\t\t\t\t<img decoding=\"async\" src=\"http:\/\/live-42gears-site.pantheonsite.io\/wp-content\/uploads\/2017\/07\/AD-BYOD.png\" alt=\"AD-BYOD\" itemprop=\"image\"  \/><\/p>\n<h3 style=\"font-weight: 400; font-size: 25px;\">Seguran\u00e7a e pol\u00edticas<\/h3>\n<p style=\"text-align: justify;\">Nossa solu\u00e7\u00e3o de email seguro \u00e9 integrada com o Active Directory e\/ou LDAP, permitindo que o administrador de TI <strong>defina, gerencie e aplique pol\u00edticas entre dispositivos do usu\u00e1rio.<\/strong><\/p>\n<p>\t\t\t\t<img decoding=\"async\" src=\"http:\/\/live-42gears-site.pantheonsite.io\/wp-content\/uploads\/2017\/07\/encrypt-email.png\" alt=\"email file encryption\" itemprop=\"image\"  \/><\/p>\n<h3 style=\"font-weight: 400; font-size: 25px;\">Criptografia do arquivo<\/h3>\n<p style=\"text-align: justify;\">O administrador de TI pode obter uma vis\u00e3o <strong>geral dos arquivos<\/strong> e <strong>documentos<\/strong> criptografados enviados como um anexo de email.<\/p>\n<p>\t\t\t\t<img decoding=\"async\" src=\"http:\/\/live-42gears-site.pantheonsite.io\/wp-content\/uploads\/2017\/07\/container-v7.png\" alt=\"containerization\" itemprop=\"image\"  \/><\/p>\n<h3 style=\"font-weight: 400; font-size: 25px;\">Conteineriza\u00e7\u00e3o<\/h3>\n<p style=\"text-align: justify;\">Separa\u00e7\u00e3o das contas de email corporativo e pessoal implementando a <strong>conteineriza\u00e7\u00e3o<\/strong> nos dispositivos dos funcion\u00e1rios.<\/p>\n<p>\t<a href=\"#\" target=\"_self\" role=\"button\"><br \/>\n\t\t\t\t\t\tAgende uma demonstra\u00e7\u00e3o<br \/>\n\t\t\t\t\t<\/a><\/p>\n","protected":false},"excerpt":{"rendered":"<p>Email seguro Acesso do Secure Email no iOS e Android Agende uma demonstra\u00e7\u00e3o O aumento da produtividade do funcion\u00e1rio \u00e9 um benef\u00edcio fundamental da adota\u00e7\u00e3o do BYOD na empresa. Permitir que os funcion\u00e1rios usem seu iPhone ou Android pessoal para acessar o email da empresa tamb\u00e9m reduz os custos de compra de dispositivos para eles.&hellip;<\/p>\n","protected":false},"author":7,"featured_media":0,"parent":0,"menu_order":0,"comment_status":"closed","ping_status":"closed","template":"","meta":{"_acf_changed":false,"footnotes":""},"categories":[],"tags":[],"class_list":["post-21009","page","type-page","status-publish","hentry"],"acf":[],"yoast_head":"<!-- This site is optimized with the Yoast SEO Premium plugin v24.6 (Yoast SEO v24.6) - https:\/\/yoast.com\/wordpress\/plugins\/seo\/ -->\n<title>Secure Email - 42Gears Mobility Systems<\/title>\n<meta name=\"robots\" content=\"index, follow, max-snippet:-1, max-image-preview:large, max-video-preview:-1\" \/>\n<link rel=\"canonical\" href=\"https:\/\/www.42gears.com\/pt-br\/secure-email\/\" \/>\n<meta property=\"og:locale\" content=\"pt_BR\" \/>\n<meta property=\"og:type\" content=\"article\" \/>\n<meta property=\"og:title\" content=\"Secure Email\" \/>\n<meta property=\"og:description\" content=\"Email seguro Acesso do Secure Email no iOS e Android Agende uma demonstra\u00e7\u00e3o O aumento da produtividade do funcion\u00e1rio \u00e9 um benef\u00edcio fundamental da adota\u00e7\u00e3o do BYOD na empresa. Permitir que os funcion\u00e1rios usem seu iPhone ou Android pessoal para acessar o email da empresa tamb\u00e9m reduz os custos de compra de dispositivos para eles.&hellip;\" \/>\n<meta property=\"og:url\" content=\"https:\/\/www.42gears.com\/pt-br\/secure-email\/\" \/>\n<meta property=\"og:site_name\" content=\"42Gears Mobility Systems\" \/>\n<meta property=\"article:publisher\" content=\"https:\/\/www.facebook.com\/42gears\" \/>\n<meta property=\"article:modified_time\" content=\"2017-11-02T07:27:28+00:00\" \/>\n<meta property=\"og:image\" content=\"http:\/\/live-42gears-site.pantheonsite.io\/wp-content\/uploads\/2017\/07\/email-secure-300x259.png\" \/>\n<meta name=\"twitter:card\" content=\"summary_large_image\" \/>\n<meta name=\"twitter:site\" content=\"@42Gears\" \/>\n<meta name=\"twitter:label1\" content=\"Est. reading time\" \/>\n\t<meta name=\"twitter:data1\" content=\"2 minutes\" \/>\n<script type=\"application\/ld+json\" class=\"yoast-schema-graph\">{\"@context\":\"https:\/\/schema.org\",\"@graph\":[{\"@type\":\"WebPage\",\"@id\":\"https:\/\/www.42gears.com\/pt-br\/secure-email\/\",\"url\":\"https:\/\/www.42gears.com\/pt-br\/secure-email\/\",\"name\":\"Secure Email - 42Gears Mobility Systems\",\"isPartOf\":{\"@id\":\"https:\/\/www.42gears.com\/#website\"},\"primaryImageOfPage\":{\"@id\":\"https:\/\/www.42gears.com\/pt-br\/secure-email\/#primaryimage\"},\"image\":{\"@id\":\"https:\/\/www.42gears.com\/pt-br\/secure-email\/#primaryimage\"},\"thumbnailUrl\":\"http:\/\/live-42gears-site.pantheonsite.io\/wp-content\/uploads\/2017\/07\/email-secure-300x259.png\",\"datePublished\":\"2017-10-26T10:29:37+00:00\",\"dateModified\":\"2017-11-02T07:27:28+00:00\",\"breadcrumb\":{\"@id\":\"https:\/\/www.42gears.com\/pt-br\/secure-email\/#breadcrumb\"},\"inLanguage\":\"pt-BR\",\"potentialAction\":[{\"@type\":\"ReadAction\",\"target\":[\"https:\/\/www.42gears.com\/pt-br\/secure-email\/\"]}]},{\"@type\":\"ImageObject\",\"inLanguage\":\"pt-BR\",\"@id\":\"https:\/\/www.42gears.com\/pt-br\/secure-email\/#primaryimage\",\"url\":\"http:\/\/live-42gears-site.pantheonsite.io\/wp-content\/uploads\/2017\/07\/email-secure-300x259.png\",\"contentUrl\":\"http:\/\/live-42gears-site.pantheonsite.io\/wp-content\/uploads\/2017\/07\/email-secure-300x259.png\"},{\"@type\":\"BreadcrumbList\",\"@id\":\"https:\/\/www.42gears.com\/pt-br\/secure-email\/#breadcrumb\",\"itemListElement\":[{\"@type\":\"ListItem\",\"position\":1,\"name\":\"Home\",\"item\":\"https:\/\/www.42gears.com\/pt-br\/\"},{\"@type\":\"ListItem\",\"position\":2,\"name\":\"Secure Email\"}]},{\"@type\":\"WebSite\",\"@id\":\"https:\/\/www.42gears.com\/#website\",\"url\":\"https:\/\/www.42gears.com\/\",\"name\":\"42Gears Mobility Systems\",\"description\":\"Mobile Device Management (MDM), Mobile Security &amp; Mobile Device Lockdown\",\"publisher\":{\"@id\":\"https:\/\/www.42gears.com\/#organization\"},\"potentialAction\":[{\"@type\":\"SearchAction\",\"target\":{\"@type\":\"EntryPoint\",\"urlTemplate\":\"https:\/\/www.42gears.com\/?s={search_term_string}\"},\"query-input\":{\"@type\":\"PropertyValueSpecification\",\"valueRequired\":true,\"valueName\":\"search_term_string\"}}],\"inLanguage\":\"pt-BR\"},{\"@type\":\"Organization\",\"@id\":\"https:\/\/www.42gears.com\/#organization\",\"name\":\"MDM - 42Gears\",\"url\":\"https:\/\/www.42gears.com\/\",\"logo\":{\"@type\":\"ImageObject\",\"inLanguage\":\"pt-BR\",\"@id\":\"https:\/\/www.42gears.com\/#\/schema\/logo\/image\/\",\"url\":\"https:\/\/www.42gears.com\/wp-content\/uploads\/2018\/12\/Featured-Image-42Gears-logo.png\",\"contentUrl\":\"https:\/\/www.42gears.com\/wp-content\/uploads\/2018\/12\/Featured-Image-42Gears-logo.png\",\"width\":499,\"height\":330,\"caption\":\"MDM - 42Gears\"},\"image\":{\"@id\":\"https:\/\/www.42gears.com\/#\/schema\/logo\/image\/\"},\"sameAs\":[\"https:\/\/www.facebook.com\/42gears\",\"https:\/\/x.com\/42Gears\"]}]}<\/script>\n<!-- \/ Yoast SEO Premium plugin. -->","yoast_head_json":{"title":"Secure Email - 42Gears Mobility Systems","robots":{"index":"index","follow":"follow","max-snippet":"max-snippet:-1","max-image-preview":"max-image-preview:large","max-video-preview":"max-video-preview:-1"},"canonical":"https:\/\/www.42gears.com\/pt-br\/secure-email\/","og_locale":"pt_BR","og_type":"article","og_title":"Secure Email","og_description":"Email seguro Acesso do Secure Email no iOS e Android Agende uma demonstra\u00e7\u00e3o O aumento da produtividade do funcion\u00e1rio \u00e9 um benef\u00edcio fundamental da adota\u00e7\u00e3o do BYOD na empresa. Permitir que os funcion\u00e1rios usem seu iPhone ou Android pessoal para acessar o email da empresa tamb\u00e9m reduz os custos de compra de dispositivos para eles.&hellip;","og_url":"https:\/\/www.42gears.com\/pt-br\/secure-email\/","og_site_name":"42Gears Mobility Systems","article_publisher":"https:\/\/www.facebook.com\/42gears","article_modified_time":"2017-11-02T07:27:28+00:00","og_image":[{"url":"http:\/\/live-42gears-site.pantheonsite.io\/wp-content\/uploads\/2017\/07\/email-secure-300x259.png","type":"","width":"","height":""}],"twitter_card":"summary_large_image","twitter_site":"@42Gears","twitter_misc":{"Est. reading time":"2 minutes"},"schema":{"@context":"https:\/\/schema.org","@graph":[{"@type":"WebPage","@id":"https:\/\/www.42gears.com\/pt-br\/secure-email\/","url":"https:\/\/www.42gears.com\/pt-br\/secure-email\/","name":"Secure Email - 42Gears Mobility Systems","isPartOf":{"@id":"https:\/\/www.42gears.com\/#website"},"primaryImageOfPage":{"@id":"https:\/\/www.42gears.com\/pt-br\/secure-email\/#primaryimage"},"image":{"@id":"https:\/\/www.42gears.com\/pt-br\/secure-email\/#primaryimage"},"thumbnailUrl":"http:\/\/live-42gears-site.pantheonsite.io\/wp-content\/uploads\/2017\/07\/email-secure-300x259.png","datePublished":"2017-10-26T10:29:37+00:00","dateModified":"2017-11-02T07:27:28+00:00","breadcrumb":{"@id":"https:\/\/www.42gears.com\/pt-br\/secure-email\/#breadcrumb"},"inLanguage":"pt-BR","potentialAction":[{"@type":"ReadAction","target":["https:\/\/www.42gears.com\/pt-br\/secure-email\/"]}]},{"@type":"ImageObject","inLanguage":"pt-BR","@id":"https:\/\/www.42gears.com\/pt-br\/secure-email\/#primaryimage","url":"http:\/\/live-42gears-site.pantheonsite.io\/wp-content\/uploads\/2017\/07\/email-secure-300x259.png","contentUrl":"http:\/\/live-42gears-site.pantheonsite.io\/wp-content\/uploads\/2017\/07\/email-secure-300x259.png"},{"@type":"BreadcrumbList","@id":"https:\/\/www.42gears.com\/pt-br\/secure-email\/#breadcrumb","itemListElement":[{"@type":"ListItem","position":1,"name":"Home","item":"https:\/\/www.42gears.com\/pt-br\/"},{"@type":"ListItem","position":2,"name":"Secure Email"}]},{"@type":"WebSite","@id":"https:\/\/www.42gears.com\/#website","url":"https:\/\/www.42gears.com\/","name":"42Gears Mobility Systems","description":"Mobile Device Management (MDM), Mobile Security &amp; Mobile Device Lockdown","publisher":{"@id":"https:\/\/www.42gears.com\/#organization"},"potentialAction":[{"@type":"SearchAction","target":{"@type":"EntryPoint","urlTemplate":"https:\/\/www.42gears.com\/?s={search_term_string}"},"query-input":{"@type":"PropertyValueSpecification","valueRequired":true,"valueName":"search_term_string"}}],"inLanguage":"pt-BR"},{"@type":"Organization","@id":"https:\/\/www.42gears.com\/#organization","name":"MDM - 42Gears","url":"https:\/\/www.42gears.com\/","logo":{"@type":"ImageObject","inLanguage":"pt-BR","@id":"https:\/\/www.42gears.com\/#\/schema\/logo\/image\/","url":"https:\/\/www.42gears.com\/wp-content\/uploads\/2018\/12\/Featured-Image-42Gears-logo.png","contentUrl":"https:\/\/www.42gears.com\/wp-content\/uploads\/2018\/12\/Featured-Image-42Gears-logo.png","width":499,"height":330,"caption":"MDM - 42Gears"},"image":{"@id":"https:\/\/www.42gears.com\/#\/schema\/logo\/image\/"},"sameAs":["https:\/\/www.facebook.com\/42gears","https:\/\/x.com\/42Gears"]}]}},"_links":{"self":[{"href":"https:\/\/www.42gears.com\/pt-br\/wp-json\/wp\/v2\/pages\/21009","targetHints":{"allow":["GET"]}}],"collection":[{"href":"https:\/\/www.42gears.com\/pt-br\/wp-json\/wp\/v2\/pages"}],"about":[{"href":"https:\/\/www.42gears.com\/pt-br\/wp-json\/wp\/v2\/types\/page"}],"author":[{"embeddable":true,"href":"https:\/\/www.42gears.com\/pt-br\/wp-json\/wp\/v2\/users\/7"}],"replies":[{"embeddable":true,"href":"https:\/\/www.42gears.com\/pt-br\/wp-json\/wp\/v2\/comments?post=21009"}],"version-history":[{"count":2,"href":"https:\/\/www.42gears.com\/pt-br\/wp-json\/wp\/v2\/pages\/21009\/revisions"}],"predecessor-version":[{"id":21011,"href":"https:\/\/www.42gears.com\/pt-br\/wp-json\/wp\/v2\/pages\/21009\/revisions\/21011"}],"wp:attachment":[{"href":"https:\/\/www.42gears.com\/pt-br\/wp-json\/wp\/v2\/media?parent=21009"}],"wp:term":[{"taxonomy":"category","embeddable":true,"href":"https:\/\/www.42gears.com\/pt-br\/wp-json\/wp\/v2\/categories?post=21009"},{"taxonomy":"post_tag","embeddable":true,"href":"https:\/\/www.42gears.com\/pt-br\/wp-json\/wp\/v2\/tags?post=21009"}],"curies":[{"name":"wp","href":"https:\/\/api.w.org\/{rel}","templated":true}]}}