{"id":20990,"date":"2017-07-05T07:15:04","date_gmt":"2017-07-05T07:15:04","guid":{"rendered":"http:\/\/live-42gears-site.pantheonsite.io\/?page_id=20990\/"},"modified":"2019-02-19T11:47:59","modified_gmt":"2019-02-19T11:47:59","slug":"byod","status":"publish","type":"page","link":"https:\/\/www.42gears.com\/pt-br\/byod\/","title":{"rendered":"BYOD &#8211; Bring Your Own Device"},"content":{"rendered":"<br \/>\n<h2>Bring Your Own Device (BYOD)<\/h2>\n<p>Helping Enterprises Adopt BYOD Strategies<br \/>\n\t<a style=\"padding:16px 65px;\" href=\"https:\/\/www.42gears.com\/contact-sales-team\/?pname=byod-demo\" target=\"_blank\" style=\"padding:16px 43px;\">Schedule a Demo<\/a><br \/>\n\t\t\t\t<img decoding=\"async\" src=\"https:\/\/www.42gears.com\/wp-content\/uploads\/2018\/08\/BYOD-banner-img.png\" alt=\"BYOD-banner img\" itemprop=\"image\"  \/><\/p>\n<h3 style=\"color: #fff;\">Overview<\/h3>\n<p style=\"text-align: justify;\"><strong>Bring Your Own Device (BYOD)<\/strong> is a strategy that allows enterprise employees and other users to utilize personal devices for accessing corporate data and performing business operations. Typically, it applies to smartphones and tablets, but can be easily extended to PCs and laptops. <\/p>\n<p style=\"text-align: justify;\">Enterprises are adopting BYOD programs to increase productivity by allowing employees the flexibility to complete business tasks from their own personal devices. The strategy enables employees to conveniently access any approved enterprise application on their own mobile devices. With <a href=\"https:\/\/www.42gears.com\/pt-br\/suremdm\/\">SureMDM<\/a>, IT admins can authenticate access to end users for \u2018approved\u2019 apps. <\/p>\n<p style=\"text-align: justify;\">42Gears offers an easy way for companies to secure corporate data on BYO devices while providing IT teams with the necessary tools to ensure privacy controls. Once a device is enrolled for \u00a0BYOD program, a work container is created on the device to allow seamless workflow without interfering with the employee\u2019s personal content.<\/p>\n<p>\t\t\t\t<img decoding=\"async\" src=\"https:\/\/www.42gears.com\/wp-content\/uploads\/2018\/08\/1-165x300.png\" alt=\"1\" itemprop=\"image\"  \/><br \/>\n\tEmployees can get easy access to company <strong>email, contacts, content repositories, apps, calendar<\/strong> and <strong>intranet<\/strong> sites, all within the encrypted work container on the device.<br \/>\n\t\t\t\t<img decoding=\"async\" src=\"https:\/\/www.42gears.com\/wp-content\/uploads\/2018\/08\/2-165x300.png\" alt=\"2\" itemprop=\"image\"  \/><\/p>\n<p style=\"text-align: justify;\"><a href=\"https:\/\/www.42gears.com\/pt-br\/suremdm\/\">SureMDM <\/a>can also <strong>remotely wipe<\/strong> corporate data as per company-specific privacy policies without touching the personal content on the employee\u2019s mobile.\u00a0Send <strong>notifications<\/strong> to users and IT admin when a device is out of company compliance.<\/p>\n<p>\t\t\t\t<img decoding=\"async\" src=\"https:\/\/www.42gears.com\/wp-content\/uploads\/2018\/08\/3-165x300.png\" alt=\"3\" itemprop=\"image\"  \/><br \/>\n\tRelevant and contextual messages can be pushed to employee-owned devices directly using the console\u2019s <strong>custom messaging<\/strong> framework. <strong>Alerts<\/strong> suggesting user role-based apps and reminders to update existing apps can be sent to BYO devices. <\/p>\n<h3 style=\"color: #fff;\">Case Studies<\/h3>\n<p>&nbsp;<\/p>\n<p><strong>Leading Hydraulic Drive System Manufacturer Adopts BYOD with 42Gears.<\/strong><\/p>\n<p><a style=\"margin-top: 30px;\" href=\"https:\/\/www.42gears.com\/blog\/leading-hydraulic-drive-system-manufacturer-adopts-byod-with-42gears\/\">Read More<\/a><\/p>\n<h3 style=\"color: #fff;\">Case Studies<\/h3>\n<p>&nbsp;<\/p>\n<p><strong>Leading Hydraulic Drive System Manufacturer Adopts <\/strong><br \/>\n<strong>BYOD with 42Gears.<\/strong><\/p>\n<p><a style=\"margin-top: 30px;\" href=\"https:\/\/www.42gears.com\/blog\/leading-hydraulic-drive-system-manufacturer-adopts-byod-with-42gears\/\">Read More<\/a><\/p>\n<p>\t\t\t\t<a href=\"https:\/\/www.42gears.com\/case-studies\/major-telecommunications-company-enhances-its-retail-experience-with-42gears\/\" target=\"_self\" itemprop=\"url\"><br \/>\n\t\t\t\t<img decoding=\"async\" src=\"https:\/\/www.42gears.com\/wp-content\/uploads\/2018\/08\/Leading-Hydraulic-Drive-System-Manufacturer-Adopts-BYOD-with-42Gears-Case-Study.jpg\" alt=\"Leading Hydraulic Drive System Manufacturer Adopts BYOD with 42Gears Case Study\" itemprop=\"image\"  \/><br \/>\n\t\t\t\t<\/a><br \/>\n    <a style=\"padding:16px 65px;\" href=\"https:\/\/www.42gears.com\/contact-sales-team\/?pname=byod-demo\" target=\"_blank\">Schedule a Demo<\/a><br \/>\n<a style=\"padding:16px 65px;\" href=\"https:\/\/www.youtube.com\/watch?v=bjAW0iEfBdo&#038;t=173s\" target=\"_blank\">Watch the Webinar<\/a><\/p>\n","protected":false},"excerpt":{"rendered":"<p>Bring Your Own Device (BYOD) Helping Enterprises Adopt BYOD Strategies Schedule a Demo Overview Bring Your Own Device (BYOD) is a strategy that allows enterprise employees and other users to utilize personal devices for accessing corporate data and performing business operations. Typically, it applies to smartphones and tablets, but can be easily extended to PCs&hellip;<\/p>\n","protected":false},"author":7,"featured_media":28577,"parent":0,"menu_order":0,"comment_status":"closed","ping_status":"closed","template":"","meta":{"_acf_changed":false,"footnotes":""},"categories":[],"tags":[],"class_list":["post-20990","page","type-page","status-publish","has-post-thumbnail","hentry"],"acf":[],"yoast_head":"<!-- This site is optimized with the Yoast SEO Premium plugin v24.6 (Yoast SEO v24.6) - https:\/\/yoast.com\/wordpress\/plugins\/seo\/ -->\n<title>BYOD ( Bring Your Own Device Strategy ) | Solution | 42Gears<\/title>\n<meta name=\"description\" content=\"Bring Your Own Device (BYOD) \u00e9 uma estrat\u00e9gia que permite aos funcion\u00e1rios da empresa e outros usu\u00e1rios utilizar dispositivos pessoais para acessar dados corporativos e realizar opera\u00e7\u00f5es comerciais.\" \/>\n<meta name=\"robots\" content=\"index, follow, max-snippet:-1, max-image-preview:large, max-video-preview:-1\" \/>\n<link rel=\"canonical\" href=\"https:\/\/www.42gears.com\/pt-br\/byod\/\" \/>\n<meta property=\"og:locale\" content=\"pt_BR\" \/>\n<meta property=\"og:type\" content=\"article\" \/>\n<meta property=\"og:title\" content=\"BYOD - Bring Your Own Device\" \/>\n<meta property=\"og:description\" content=\"Bring Your Own Device (BYOD) \u00e9 uma estrat\u00e9gia que permite aos funcion\u00e1rios da empresa e outros usu\u00e1rios utilizar dispositivos pessoais para acessar dados corporativos e realizar opera\u00e7\u00f5es comerciais.\" \/>\n<meta property=\"og:url\" content=\"https:\/\/www.42gears.com\/pt-br\/byod\/\" \/>\n<meta property=\"og:site_name\" content=\"42Gears Mobility Systems\" \/>\n<meta property=\"article:publisher\" content=\"https:\/\/www.facebook.com\/42gears\" \/>\n<meta property=\"article:modified_time\" content=\"2019-02-19T11:47:59+00:00\" \/>\n<meta property=\"og:image\" content=\"https:\/\/www.42gears.com\/wp-content\/uploads\/2018\/12\/Featured-Image-42Gears-logo.png\" \/>\n\t<meta property=\"og:image:width\" content=\"499\" \/>\n\t<meta property=\"og:image:height\" content=\"330\" \/>\n\t<meta property=\"og:image:type\" content=\"image\/png\" \/>\n<meta name=\"twitter:card\" content=\"summary_large_image\" \/>\n<meta name=\"twitter:site\" content=\"@42Gears\" \/>\n<meta name=\"twitter:label1\" content=\"Est. reading time\" \/>\n\t<meta name=\"twitter:data1\" content=\"1 minute\" \/>\n<script type=\"application\/ld+json\" class=\"yoast-schema-graph\">{\"@context\":\"https:\/\/schema.org\",\"@graph\":[{\"@type\":\"WebPage\",\"@id\":\"https:\/\/www.42gears.com\/pt-br\/byod\/\",\"url\":\"https:\/\/www.42gears.com\/pt-br\/byod\/\",\"name\":\"BYOD ( Bring Your Own Device Strategy ) | Solution | 42Gears\",\"isPartOf\":{\"@id\":\"https:\/\/www.42gears.com\/#website\"},\"primaryImageOfPage\":{\"@id\":\"https:\/\/www.42gears.com\/pt-br\/byod\/#primaryimage\"},\"image\":{\"@id\":\"https:\/\/www.42gears.com\/pt-br\/byod\/#primaryimage\"},\"thumbnailUrl\":\"https:\/\/www.42gears.com\/wp-content\/uploads\/2018\/12\/Featured-Image-42Gears-logo.png\",\"datePublished\":\"2017-07-05T07:15:04+00:00\",\"dateModified\":\"2019-02-19T11:47:59+00:00\",\"description\":\"Bring Your Own Device (BYOD) \u00e9 uma estrat\u00e9gia que permite aos funcion\u00e1rios da empresa e outros usu\u00e1rios utilizar dispositivos pessoais para acessar dados corporativos e realizar opera\u00e7\u00f5es comerciais.\",\"breadcrumb\":{\"@id\":\"https:\/\/www.42gears.com\/pt-br\/byod\/#breadcrumb\"},\"inLanguage\":\"pt-BR\",\"potentialAction\":[{\"@type\":\"ReadAction\",\"target\":[\"https:\/\/www.42gears.com\/pt-br\/byod\/\"]}]},{\"@type\":\"ImageObject\",\"inLanguage\":\"pt-BR\",\"@id\":\"https:\/\/www.42gears.com\/pt-br\/byod\/#primaryimage\",\"url\":\"https:\/\/www.42gears.com\/wp-content\/uploads\/2018\/12\/Featured-Image-42Gears-logo.png\",\"contentUrl\":\"https:\/\/www.42gears.com\/wp-content\/uploads\/2018\/12\/Featured-Image-42Gears-logo.png\",\"width\":499,\"height\":330,\"caption\":\"Featured-Image-42Gears-logo\"},{\"@type\":\"BreadcrumbList\",\"@id\":\"https:\/\/www.42gears.com\/pt-br\/byod\/#breadcrumb\",\"itemListElement\":[{\"@type\":\"ListItem\",\"position\":1,\"name\":\"Home\",\"item\":\"https:\/\/www.42gears.com\/pt-br\/\"},{\"@type\":\"ListItem\",\"position\":2,\"name\":\"BYOD &#8211; Bring Your Own Device\"}]},{\"@type\":\"WebSite\",\"@id\":\"https:\/\/www.42gears.com\/#website\",\"url\":\"https:\/\/www.42gears.com\/\",\"name\":\"42Gears Mobility Systems\",\"description\":\"Mobile Device Management (MDM), Mobile Security &amp; Mobile Device Lockdown\",\"publisher\":{\"@id\":\"https:\/\/www.42gears.com\/#organization\"},\"potentialAction\":[{\"@type\":\"SearchAction\",\"target\":{\"@type\":\"EntryPoint\",\"urlTemplate\":\"https:\/\/www.42gears.com\/?s={search_term_string}\"},\"query-input\":{\"@type\":\"PropertyValueSpecification\",\"valueRequired\":true,\"valueName\":\"search_term_string\"}}],\"inLanguage\":\"pt-BR\"},{\"@type\":\"Organization\",\"@id\":\"https:\/\/www.42gears.com\/#organization\",\"name\":\"MDM - 42Gears\",\"url\":\"https:\/\/www.42gears.com\/\",\"logo\":{\"@type\":\"ImageObject\",\"inLanguage\":\"pt-BR\",\"@id\":\"https:\/\/www.42gears.com\/#\/schema\/logo\/image\/\",\"url\":\"https:\/\/www.42gears.com\/wp-content\/uploads\/2018\/12\/Featured-Image-42Gears-logo.png\",\"contentUrl\":\"https:\/\/www.42gears.com\/wp-content\/uploads\/2018\/12\/Featured-Image-42Gears-logo.png\",\"width\":499,\"height\":330,\"caption\":\"MDM - 42Gears\"},\"image\":{\"@id\":\"https:\/\/www.42gears.com\/#\/schema\/logo\/image\/\"},\"sameAs\":[\"https:\/\/www.facebook.com\/42gears\",\"https:\/\/x.com\/42Gears\"]}]}<\/script>\n<!-- \/ Yoast SEO Premium plugin. -->","yoast_head_json":{"title":"BYOD ( Bring Your Own Device Strategy ) | Solution | 42Gears","description":"Bring Your Own Device (BYOD) \u00e9 uma estrat\u00e9gia que permite aos funcion\u00e1rios da empresa e outros usu\u00e1rios utilizar dispositivos pessoais para acessar dados corporativos e realizar opera\u00e7\u00f5es comerciais.","robots":{"index":"index","follow":"follow","max-snippet":"max-snippet:-1","max-image-preview":"max-image-preview:large","max-video-preview":"max-video-preview:-1"},"canonical":"https:\/\/www.42gears.com\/pt-br\/byod\/","og_locale":"pt_BR","og_type":"article","og_title":"BYOD - Bring Your Own Device","og_description":"Bring Your Own Device (BYOD) \u00e9 uma estrat\u00e9gia que permite aos funcion\u00e1rios da empresa e outros usu\u00e1rios utilizar dispositivos pessoais para acessar dados corporativos e realizar opera\u00e7\u00f5es comerciais.","og_url":"https:\/\/www.42gears.com\/pt-br\/byod\/","og_site_name":"42Gears Mobility Systems","article_publisher":"https:\/\/www.facebook.com\/42gears","article_modified_time":"2019-02-19T11:47:59+00:00","og_image":[{"width":499,"height":330,"url":"https:\/\/www.42gears.com\/wp-content\/uploads\/2018\/12\/Featured-Image-42Gears-logo.png","type":"image\/png"}],"twitter_card":"summary_large_image","twitter_site":"@42Gears","twitter_misc":{"Est. reading time":"1 minute"},"schema":{"@context":"https:\/\/schema.org","@graph":[{"@type":"WebPage","@id":"https:\/\/www.42gears.com\/pt-br\/byod\/","url":"https:\/\/www.42gears.com\/pt-br\/byod\/","name":"BYOD ( Bring Your Own Device Strategy ) | Solution | 42Gears","isPartOf":{"@id":"https:\/\/www.42gears.com\/#website"},"primaryImageOfPage":{"@id":"https:\/\/www.42gears.com\/pt-br\/byod\/#primaryimage"},"image":{"@id":"https:\/\/www.42gears.com\/pt-br\/byod\/#primaryimage"},"thumbnailUrl":"https:\/\/www.42gears.com\/wp-content\/uploads\/2018\/12\/Featured-Image-42Gears-logo.png","datePublished":"2017-07-05T07:15:04+00:00","dateModified":"2019-02-19T11:47:59+00:00","description":"Bring Your Own Device (BYOD) \u00e9 uma estrat\u00e9gia que permite aos funcion\u00e1rios da empresa e outros usu\u00e1rios utilizar dispositivos pessoais para acessar dados corporativos e realizar opera\u00e7\u00f5es comerciais.","breadcrumb":{"@id":"https:\/\/www.42gears.com\/pt-br\/byod\/#breadcrumb"},"inLanguage":"pt-BR","potentialAction":[{"@type":"ReadAction","target":["https:\/\/www.42gears.com\/pt-br\/byod\/"]}]},{"@type":"ImageObject","inLanguage":"pt-BR","@id":"https:\/\/www.42gears.com\/pt-br\/byod\/#primaryimage","url":"https:\/\/www.42gears.com\/wp-content\/uploads\/2018\/12\/Featured-Image-42Gears-logo.png","contentUrl":"https:\/\/www.42gears.com\/wp-content\/uploads\/2018\/12\/Featured-Image-42Gears-logo.png","width":499,"height":330,"caption":"Featured-Image-42Gears-logo"},{"@type":"BreadcrumbList","@id":"https:\/\/www.42gears.com\/pt-br\/byod\/#breadcrumb","itemListElement":[{"@type":"ListItem","position":1,"name":"Home","item":"https:\/\/www.42gears.com\/pt-br\/"},{"@type":"ListItem","position":2,"name":"BYOD &#8211; Bring Your Own Device"}]},{"@type":"WebSite","@id":"https:\/\/www.42gears.com\/#website","url":"https:\/\/www.42gears.com\/","name":"42Gears Mobility Systems","description":"Mobile Device Management (MDM), Mobile Security &amp; Mobile Device Lockdown","publisher":{"@id":"https:\/\/www.42gears.com\/#organization"},"potentialAction":[{"@type":"SearchAction","target":{"@type":"EntryPoint","urlTemplate":"https:\/\/www.42gears.com\/?s={search_term_string}"},"query-input":{"@type":"PropertyValueSpecification","valueRequired":true,"valueName":"search_term_string"}}],"inLanguage":"pt-BR"},{"@type":"Organization","@id":"https:\/\/www.42gears.com\/#organization","name":"MDM - 42Gears","url":"https:\/\/www.42gears.com\/","logo":{"@type":"ImageObject","inLanguage":"pt-BR","@id":"https:\/\/www.42gears.com\/#\/schema\/logo\/image\/","url":"https:\/\/www.42gears.com\/wp-content\/uploads\/2018\/12\/Featured-Image-42Gears-logo.png","contentUrl":"https:\/\/www.42gears.com\/wp-content\/uploads\/2018\/12\/Featured-Image-42Gears-logo.png","width":499,"height":330,"caption":"MDM - 42Gears"},"image":{"@id":"https:\/\/www.42gears.com\/#\/schema\/logo\/image\/"},"sameAs":["https:\/\/www.facebook.com\/42gears","https:\/\/x.com\/42Gears"]}]}},"_links":{"self":[{"href":"https:\/\/www.42gears.com\/pt-br\/wp-json\/wp\/v2\/pages\/20990","targetHints":{"allow":["GET"]}}],"collection":[{"href":"https:\/\/www.42gears.com\/pt-br\/wp-json\/wp\/v2\/pages"}],"about":[{"href":"https:\/\/www.42gears.com\/pt-br\/wp-json\/wp\/v2\/types\/page"}],"author":[{"embeddable":true,"href":"https:\/\/www.42gears.com\/pt-br\/wp-json\/wp\/v2\/users\/7"}],"replies":[{"embeddable":true,"href":"https:\/\/www.42gears.com\/pt-br\/wp-json\/wp\/v2\/comments?post=20990"}],"version-history":[{"count":7,"href":"https:\/\/www.42gears.com\/pt-br\/wp-json\/wp\/v2\/pages\/20990\/revisions"}],"predecessor-version":[{"id":34549,"href":"https:\/\/www.42gears.com\/pt-br\/wp-json\/wp\/v2\/pages\/20990\/revisions\/34549"}],"wp:featuredmedia":[{"embeddable":true,"href":"https:\/\/www.42gears.com\/pt-br\/wp-json\/wp\/v2\/media\/28577"}],"wp:attachment":[{"href":"https:\/\/www.42gears.com\/pt-br\/wp-json\/wp\/v2\/media?parent=20990"}],"wp:term":[{"taxonomy":"category","embeddable":true,"href":"https:\/\/www.42gears.com\/pt-br\/wp-json\/wp\/v2\/categories?post=20990"},{"taxonomy":"post_tag","embeddable":true,"href":"https:\/\/www.42gears.com\/pt-br\/wp-json\/wp\/v2\/tags?post=20990"}],"curies":[{"name":"wp","href":"https:\/\/api.w.org\/{rel}","templated":true}]}}