{"id":20975,"date":"2017-10-24T10:36:54","date_gmt":"2017-10-24T10:36:54","guid":{"rendered":"http:\/\/live-42gears-site.pantheonsite.io\/?page_id=20975\/"},"modified":"2021-04-19T05:26:00","modified_gmt":"2021-04-19T05:26:00","slug":"rugged-device-management","status":"publish","type":"page","link":"https:\/\/www.42gears.com\/pt-br\/rugged-device-management\/","title":{"rendered":"Gest\u00e3o de Dispositivos Robustos"},"content":{"rendered":"\n\n\t<h1>Gest\u00e3o de Dispositivos Robustos<\/h1>\nAjudando as empresas a permanecerem m\u00f3veis em ambientes dif\u00edceis\n\t<a href=\"https:\/\/www.42gears.com\/contact-sales-team\/?pname=10\" target=\"_blank\" rel=\"noopener\">Agende uma demonstra\u00e7\u00e3o<\/a>\n\t\t\t\t<img decoding=\"async\" src=\"https:\/\/www.42gears.com\/wp-content\/uploads\/2020\/03\/Banner-Rugged-Device-Management-Rugged-Devices.png\" alt=\"Banner - Rugged-Device-Management-Rugged-Devices\" itemprop=\"image\" height=\"422\" width=\"439\" title=\"Banner - Rugged-Device-Management-Rugged-Devices\" onerror=\"this.style.display='none'\"  \/>\n\t<p>Muitos setores, incluindo log\u00edstica, transportes, constru\u00e7\u00e3o e cuidados de sa\u00fade, entre outros, exigem que os colaboradores trabalhem com dispositivos port\u00e1teis robustos em ambientes extremos. Os dispositivos, incluindo tablets, smartphones, laptops e outros dispositivos usados nestes contextos, foram concebidos para suportar ambientes severos, como frio extremo, vibra\u00e7\u00e3o forte e condi\u00e7\u00f5es de humidade ou poeira.<\/p>\n<p>A 42Gears oferece solu\u00e7\u00f5es de gest\u00e3o de mobilidade para proteger e gerir dispositivos port\u00e1teis robustos nos segmentos verticais. Dispositivos que executam Android, Windows Mobile 5.0\/6.1\/6.5 e Windows CE 5.0 e seguintes s\u00e3o totalmente suportados.<\/p>\n\t\t\t\t<img decoding=\"async\" src=\"https:\/\/www.42gears.com\/wp-content\/uploads\/2020\/04\/zebra-validated-badge-color.png\" alt=\"zebra-validated-badge-color\" itemprop=\"image\" height=\"554\" width=\"696\" title=\"zebra-validated-badge-color\" onerror=\"this.style.display='none'\"  \/>\n\t<h2>Funcionalidades principais<\/h2>\n\t\t\t\t<img decoding=\"async\" src=\"http:\/\/live-42gears-site.pantheonsite.io\/wp-content\/uploads\/2018\/07\/Enrollment-150x150.png\" alt=\"Enrollment\" itemprop=\"image\" title=\"Enrollment\" onerror=\"this.style.display='none'\"  \/>\n\tRegistro<br \/>\nRegistre dispositivos por meio de um processo automatizado usando o escaneamento de c\u00f3digo de barras e ativa\u00e7\u00e3o OTA. A autentica\u00e7\u00e3o do usu\u00e1rio acontece com a ajuda das contas de servi\u00e7o de diret\u00f3rio permitindo que os dispositivos sejam configurados automaticamente com perfis e configura\u00e7\u00f5es pr\u00e9-definidas.\n\t\t\t\t<img decoding=\"async\" src=\"http:\/\/live-42gears-site.pantheonsite.io\/wp-content\/uploads\/2018\/07\/Security-150x150.png\" alt=\"Security\" itemprop=\"image\" title=\"Security\" onerror=\"this.style.display='none'\"  \/>\n\tSeguran\u00e7a<br \/>\nDefina n\u00edveis de complexidade para senhas e crie criptografia de armazenamento no dispositivo para arquivos e documentos corporativos. Defina limita\u00e7\u00f5es no acesso de compartilhamento de arquivos, compartilhamento de mensagens, Bluetooth e c\u00e2mera.\n\t\t\t\t<img decoding=\"async\" src=\"http:\/\/live-42gears-site.pantheonsite.io\/wp-content\/uploads\/2018\/07\/alerts-150x150.png\" alt=\"alerts\" itemprop=\"image\" title=\"alerts\" onerror=\"this.style.display='none'\"  \/>\n\tAlertas<br \/>\nA pol\u00edtica de notifica\u00e7\u00e3o pode ser definida para alertar automaticamente os administradores sobre status de integridade do dispositivo como n\u00edvel da bateria, vers\u00f5es do SO e tentativas de roteamento. Tamb\u00e9m h\u00e1 localiza\u00e7\u00e3o baseada em delimita\u00e7\u00e3o geogr\u00e1fica e pol\u00edticas de barreiras de rede para alertar os administradores sobre o estado do dispositivo dentro de determinadas \u00e1reas e redes. A pol\u00edtica de gerenciamento de telecomunica\u00e7\u00e3o pode ser definida para relatar o uso de dados e definir a a\u00e7\u00e3o correspondente no dispositivo, como alertas ou bloqueio de dados.\n\t\t\t\t<img decoding=\"async\" src=\"http:\/\/live-42gears-site.pantheonsite.io\/wp-content\/uploads\/2018\/07\/Profiles-150x150.png\" alt=\"\" itemprop=\"image\" onerror=\"this.style.display='none'\"  \/>\n\tPerfis<br \/>\nConfigure perfis do dispositivo para instala\u00e7\u00f5es categorizadas de aplicativos corporativos, arquivos e perfis (VPN, email, Wi-Fi). Use perfis para administrar pol\u00edticas de seguran\u00e7a, como senhas.\n\t\t\t\t<img decoding=\"async\" src=\"http:\/\/live-42gears-site.pantheonsite.io\/wp-content\/uploads\/2018\/07\/Device-provisioning-150x150.png\" alt=\"Device provisioning\" itemprop=\"image\" title=\"Device provisioning\" onerror=\"this.style.display='none'\"  \/>\n\tProvisionamento de dispositivos<br \/>\nCrie trabalhos para lan\u00e7ar aplicativos ou arquivos, atualizar o sistema operacional e corrigir configura\u00e7\u00f5es para dispositivos port\u00e1teis robustos.\n\t\t\t\t<img decoding=\"async\" src=\"http:\/\/live-42gears-site.pantheonsite.io\/wp-content\/uploads\/2018\/07\/Diagnostics-150x150.png\" alt=\"Diagnostics\" itemprop=\"image\" title=\"Diagnostics\" onerror=\"this.style.display='none'\"  \/>\n\tDiagn\u00f3stico<br \/>\nMantenha as guias nos dispositivos de campo e obtenha atualiza\u00e7\u00f5es de status como GPS, registro de chamadas, estat\u00edsticas de rede e atributos definidos pelo TI. O administrador pode obter atualiza\u00e7\u00f5es em tempo real sobre o n\u00edvel da bateria, a mem\u00f3ria de armazenamento e o uso de dados.\n\t\t\t\t<img decoding=\"async\" src=\"http:\/\/live-42gears-site.pantheonsite.io\/wp-content\/uploads\/2018\/07\/Remote-helpdesk-150x150.png\" alt=\"Remote helpdesk\" itemprop=\"image\" title=\"Remote helpdesk\" onerror=\"this.style.display='none'\"  \/>\n\tHelpdesk remoto<br \/>\nResolva problemas de dispositivos por meio do controle remoto da tela do dispositivo, bloqueie ou limpe dispositivos, obtenha capturas de tela, navegue e baixe arquivos\/pastas.\n\t\t\t\t<img decoding=\"async\" src=\"http:\/\/live-42gears-site.pantheonsite.io\/wp-content\/uploads\/2018\/07\/Device-tracking-150x150.png\" alt=\"Device tracking\" itemprop=\"image\" title=\"Device tracking\" onerror=\"this.style.display='none'\"  \/>\n\tRastreamento do dispositivo<br \/>\nUtilize o console do administrador para rastrear e gerenciar dispositivos m\u00f3veis robustos. Envie comandos ou mensagens diretamente para os dispositivos e visualize os detalhes do dispositivo em tempo real, como modelo, registro de eventos, GPS e erros do dispositivo.\n\t<h3>Parceiros OEM robustos<\/h3>\n\t\t\t\t<img decoding=\"async\" src=\"https:\/\/www.42gears.com\/wp-content\/uploads\/2019\/12\/datalogic_logo.png\" alt=\"datalogic_logo\" itemprop=\"image\" height=\"106\" width=\"285\" title=\"datalogic_logo\" onerror=\"this.style.display='none'\"  \/>\n\t\t\t\t<img decoding=\"async\" src=\"https:\/\/www.42gears.com\/wp-content\/uploads\/2020\/03\/Honeywell.png\" alt=\"Honeywell\" itemprop=\"image\" height=\"106\" width=\"285\" title=\"Honeywell\" onerror=\"this.style.display='none'\"  \/>\n\t\t\t\t<img decoding=\"async\" src=\"http:\/\/live-42gears-site.pantheonsite.io\/wp-content\/uploads\/2018\/08\/zebra.png\" alt=\"zebra\" itemprop=\"image\" title=\"zebra\" onerror=\"this.style.display='none'\"  \/>\n\t\t\t\t<img decoding=\"async\" src=\"http:\/\/live-42gears-site.pantheonsite.io\/wp-content\/uploads\/2018\/08\/spectralink.png\" alt=\"spectralink\" itemprop=\"image\" title=\"spectralink\" onerror=\"this.style.display='none'\"  \/>\n\t\t\t\t<img decoding=\"async\" src=\"http:\/\/live-42gears-site.pantheonsite.io\/wp-content\/uploads\/2018\/08\/urovo.png\" alt=\"urovo\" itemprop=\"image\" title=\"urovo\" onerror=\"this.style.display='none'\"  \/>\n\t\t\t\t<img decoding=\"async\" src=\"https:\/\/www.42gears.com\/wp-content\/uploads\/2020\/03\/Unitech-Rugged-Devices.png\" alt=\"Unitech - Rugged Devices\" itemprop=\"image\" height=\"106\" width=\"285\" title=\"Unitech - Rugged Devices\" onerror=\"this.style.display='none'\"  \/>\n\t<center><a href=\"https:\/\/www.42gears.com\/contact-sales-team\/?pname=10\" target=\"_blank\" rel=\"noopener\">Agende uma demonstra\u00e7\u00e3o<\/a><\/center>\n\n","protected":false},"excerpt":{"rendered":"<p>Gest\u00e3o de Dispositivos Robustos Ajudando as empresas a permanecerem m\u00f3veis em ambientes dif\u00edceis Agende uma demonstra\u00e7\u00e3o Muitos setores, incluindo log\u00edstica, transportes, constru\u00e7\u00e3o e cuidados de sa\u00fade, entre outros, exigem que os colaboradores trabalhem com dispositivos port\u00e1teis robustos em ambientes extremos. Os dispositivos, incluindo tablets, smartphones, laptops e outros dispositivos usados nestes contextos, foram concebidos para&hellip;<\/p>\n","protected":false},"author":7,"featured_media":28577,"parent":0,"menu_order":0,"comment_status":"closed","ping_status":"closed","template":"","meta":{"_acf_changed":false,"footnotes":""},"categories":[],"tags":[],"class_list":["post-20975","page","type-page","status-publish","has-post-thumbnail","hentry"],"acf":[],"yoast_head":"<!-- This site is optimized with the Yoast SEO Premium plugin v24.6 (Yoast SEO v24.6) - https:\/\/yoast.com\/wordpress\/plugins\/seo\/ -->\n<title>Solu\u00e7\u00e3o de Inform\u00e1tica Robusta | Gest\u00e3o de Dispositivos Robustos | UEM da 42Gears<\/title>\n<meta name=\"description\" content=\"Gest\u00e3o de dispositivos robustos, solu\u00e7\u00f5es de computadores port\u00e1teis e gest\u00e3o de PDAs s\u00e3o programas inovadores que ajudam as empresas a permanecerem m\u00f3veis em ambientes mais severos.\" \/>\n<meta name=\"robots\" content=\"index, follow, max-snippet:-1, max-image-preview:large, max-video-preview:-1\" \/>\n<link rel=\"canonical\" href=\"https:\/\/www.42gears.com\/pt-br\/rugged-device-management\/\" \/>\n<meta property=\"og:locale\" content=\"pt_BR\" \/>\n<meta property=\"og:type\" content=\"article\" \/>\n<meta property=\"og:title\" content=\"Gest\u00e3o de Dispositivos Robustos\" \/>\n<meta property=\"og:description\" content=\"Gest\u00e3o de dispositivos robustos, solu\u00e7\u00f5es de computadores port\u00e1teis e gest\u00e3o de PDAs s\u00e3o programas inovadores que ajudam as empresas a permanecerem m\u00f3veis em ambientes mais severos.\" \/>\n<meta property=\"og:url\" content=\"https:\/\/www.42gears.com\/pt-br\/rugged-device-management\/\" \/>\n<meta property=\"og:site_name\" content=\"42Gears Mobility Systems\" \/>\n<meta property=\"article:publisher\" content=\"https:\/\/www.facebook.com\/42gears\" \/>\n<meta property=\"article:modified_time\" content=\"2021-04-19T05:26:00+00:00\" \/>\n<meta property=\"og:image\" content=\"https:\/\/www.42gears.com\/wp-content\/uploads\/2018\/12\/Featured-Image-42Gears-logo.png\" \/>\n\t<meta property=\"og:image:width\" content=\"499\" \/>\n\t<meta property=\"og:image:height\" content=\"330\" \/>\n\t<meta property=\"og:image:type\" content=\"image\/png\" \/>\n<meta name=\"twitter:card\" content=\"summary_large_image\" \/>\n<meta name=\"twitter:site\" content=\"@42Gears\" \/>\n<meta name=\"twitter:label1\" content=\"Est. reading time\" \/>\n\t<meta name=\"twitter:data1\" content=\"2 minutes\" \/>\n<script type=\"application\/ld+json\" class=\"yoast-schema-graph\">{\"@context\":\"https:\/\/schema.org\",\"@graph\":[{\"@type\":\"WebPage\",\"@id\":\"https:\/\/www.42gears.com\/pt-br\/rugged-device-management\/\",\"url\":\"https:\/\/www.42gears.com\/pt-br\/rugged-device-management\/\",\"name\":\"Solu\u00e7\u00e3o de Inform\u00e1tica Robusta | Gest\u00e3o de Dispositivos Robustos | UEM da 42Gears\",\"isPartOf\":{\"@id\":\"https:\/\/www.42gears.com\/#website\"},\"primaryImageOfPage\":{\"@id\":\"https:\/\/www.42gears.com\/pt-br\/rugged-device-management\/#primaryimage\"},\"image\":{\"@id\":\"https:\/\/www.42gears.com\/pt-br\/rugged-device-management\/#primaryimage\"},\"thumbnailUrl\":\"https:\/\/www.42gears.com\/wp-content\/uploads\/2018\/12\/Featured-Image-42Gears-logo.png\",\"datePublished\":\"2017-10-24T10:36:54+00:00\",\"dateModified\":\"2021-04-19T05:26:00+00:00\",\"description\":\"Gest\u00e3o de dispositivos robustos, solu\u00e7\u00f5es de computadores port\u00e1teis e gest\u00e3o de PDAs s\u00e3o programas inovadores que ajudam as empresas a permanecerem m\u00f3veis em ambientes mais severos.\",\"breadcrumb\":{\"@id\":\"https:\/\/www.42gears.com\/pt-br\/rugged-device-management\/#breadcrumb\"},\"inLanguage\":\"pt-BR\",\"potentialAction\":[{\"@type\":\"ReadAction\",\"target\":[\"https:\/\/www.42gears.com\/pt-br\/rugged-device-management\/\"]}]},{\"@type\":\"ImageObject\",\"inLanguage\":\"pt-BR\",\"@id\":\"https:\/\/www.42gears.com\/pt-br\/rugged-device-management\/#primaryimage\",\"url\":\"https:\/\/www.42gears.com\/wp-content\/uploads\/2018\/12\/Featured-Image-42Gears-logo.png\",\"contentUrl\":\"https:\/\/www.42gears.com\/wp-content\/uploads\/2018\/12\/Featured-Image-42Gears-logo.png\",\"width\":499,\"height\":330,\"caption\":\"Featured-Image-42Gears-logo\"},{\"@type\":\"BreadcrumbList\",\"@id\":\"https:\/\/www.42gears.com\/pt-br\/rugged-device-management\/#breadcrumb\",\"itemListElement\":[{\"@type\":\"ListItem\",\"position\":1,\"name\":\"Home\",\"item\":\"https:\/\/www.42gears.com\/pt-br\/\"},{\"@type\":\"ListItem\",\"position\":2,\"name\":\"Gest\u00e3o de Dispositivos Robustos\"}]},{\"@type\":\"WebSite\",\"@id\":\"https:\/\/www.42gears.com\/#website\",\"url\":\"https:\/\/www.42gears.com\/\",\"name\":\"42Gears Mobility Systems\",\"description\":\"Mobile Device Management (MDM), Mobile Security &amp; Mobile Device Lockdown\",\"publisher\":{\"@id\":\"https:\/\/www.42gears.com\/#organization\"},\"potentialAction\":[{\"@type\":\"SearchAction\",\"target\":{\"@type\":\"EntryPoint\",\"urlTemplate\":\"https:\/\/www.42gears.com\/?s={search_term_string}\"},\"query-input\":{\"@type\":\"PropertyValueSpecification\",\"valueRequired\":true,\"valueName\":\"search_term_string\"}}],\"inLanguage\":\"pt-BR\"},{\"@type\":\"Organization\",\"@id\":\"https:\/\/www.42gears.com\/#organization\",\"name\":\"MDM - 42Gears\",\"url\":\"https:\/\/www.42gears.com\/\",\"logo\":{\"@type\":\"ImageObject\",\"inLanguage\":\"pt-BR\",\"@id\":\"https:\/\/www.42gears.com\/#\/schema\/logo\/image\/\",\"url\":\"https:\/\/www.42gears.com\/wp-content\/uploads\/2018\/12\/Featured-Image-42Gears-logo.png\",\"contentUrl\":\"https:\/\/www.42gears.com\/wp-content\/uploads\/2018\/12\/Featured-Image-42Gears-logo.png\",\"width\":499,\"height\":330,\"caption\":\"MDM - 42Gears\"},\"image\":{\"@id\":\"https:\/\/www.42gears.com\/#\/schema\/logo\/image\/\"},\"sameAs\":[\"https:\/\/www.facebook.com\/42gears\",\"https:\/\/x.com\/42Gears\"]}]}<\/script>\n<!-- \/ Yoast SEO Premium plugin. -->","yoast_head_json":{"title":"Solu\u00e7\u00e3o de Inform\u00e1tica Robusta | Gest\u00e3o de Dispositivos Robustos | UEM da 42Gears","description":"Gest\u00e3o de dispositivos robustos, solu\u00e7\u00f5es de computadores port\u00e1teis e gest\u00e3o de PDAs s\u00e3o programas inovadores que ajudam as empresas a permanecerem m\u00f3veis em ambientes mais severos.","robots":{"index":"index","follow":"follow","max-snippet":"max-snippet:-1","max-image-preview":"max-image-preview:large","max-video-preview":"max-video-preview:-1"},"canonical":"https:\/\/www.42gears.com\/pt-br\/rugged-device-management\/","og_locale":"pt_BR","og_type":"article","og_title":"Gest\u00e3o de Dispositivos Robustos","og_description":"Gest\u00e3o de dispositivos robustos, solu\u00e7\u00f5es de computadores port\u00e1teis e gest\u00e3o de PDAs s\u00e3o programas inovadores que ajudam as empresas a permanecerem m\u00f3veis em ambientes mais severos.","og_url":"https:\/\/www.42gears.com\/pt-br\/rugged-device-management\/","og_site_name":"42Gears Mobility Systems","article_publisher":"https:\/\/www.facebook.com\/42gears","article_modified_time":"2021-04-19T05:26:00+00:00","og_image":[{"width":499,"height":330,"url":"https:\/\/www.42gears.com\/wp-content\/uploads\/2018\/12\/Featured-Image-42Gears-logo.png","type":"image\/png"}],"twitter_card":"summary_large_image","twitter_site":"@42Gears","twitter_misc":{"Est. reading time":"2 minutes"},"schema":{"@context":"https:\/\/schema.org","@graph":[{"@type":"WebPage","@id":"https:\/\/www.42gears.com\/pt-br\/rugged-device-management\/","url":"https:\/\/www.42gears.com\/pt-br\/rugged-device-management\/","name":"Solu\u00e7\u00e3o de Inform\u00e1tica Robusta | Gest\u00e3o de Dispositivos Robustos | UEM da 42Gears","isPartOf":{"@id":"https:\/\/www.42gears.com\/#website"},"primaryImageOfPage":{"@id":"https:\/\/www.42gears.com\/pt-br\/rugged-device-management\/#primaryimage"},"image":{"@id":"https:\/\/www.42gears.com\/pt-br\/rugged-device-management\/#primaryimage"},"thumbnailUrl":"https:\/\/www.42gears.com\/wp-content\/uploads\/2018\/12\/Featured-Image-42Gears-logo.png","datePublished":"2017-10-24T10:36:54+00:00","dateModified":"2021-04-19T05:26:00+00:00","description":"Gest\u00e3o de dispositivos robustos, solu\u00e7\u00f5es de computadores port\u00e1teis e gest\u00e3o de PDAs s\u00e3o programas inovadores que ajudam as empresas a permanecerem m\u00f3veis em ambientes mais severos.","breadcrumb":{"@id":"https:\/\/www.42gears.com\/pt-br\/rugged-device-management\/#breadcrumb"},"inLanguage":"pt-BR","potentialAction":[{"@type":"ReadAction","target":["https:\/\/www.42gears.com\/pt-br\/rugged-device-management\/"]}]},{"@type":"ImageObject","inLanguage":"pt-BR","@id":"https:\/\/www.42gears.com\/pt-br\/rugged-device-management\/#primaryimage","url":"https:\/\/www.42gears.com\/wp-content\/uploads\/2018\/12\/Featured-Image-42Gears-logo.png","contentUrl":"https:\/\/www.42gears.com\/wp-content\/uploads\/2018\/12\/Featured-Image-42Gears-logo.png","width":499,"height":330,"caption":"Featured-Image-42Gears-logo"},{"@type":"BreadcrumbList","@id":"https:\/\/www.42gears.com\/pt-br\/rugged-device-management\/#breadcrumb","itemListElement":[{"@type":"ListItem","position":1,"name":"Home","item":"https:\/\/www.42gears.com\/pt-br\/"},{"@type":"ListItem","position":2,"name":"Gest\u00e3o de Dispositivos Robustos"}]},{"@type":"WebSite","@id":"https:\/\/www.42gears.com\/#website","url":"https:\/\/www.42gears.com\/","name":"42Gears Mobility Systems","description":"Mobile Device Management (MDM), Mobile Security &amp; Mobile Device Lockdown","publisher":{"@id":"https:\/\/www.42gears.com\/#organization"},"potentialAction":[{"@type":"SearchAction","target":{"@type":"EntryPoint","urlTemplate":"https:\/\/www.42gears.com\/?s={search_term_string}"},"query-input":{"@type":"PropertyValueSpecification","valueRequired":true,"valueName":"search_term_string"}}],"inLanguage":"pt-BR"},{"@type":"Organization","@id":"https:\/\/www.42gears.com\/#organization","name":"MDM - 42Gears","url":"https:\/\/www.42gears.com\/","logo":{"@type":"ImageObject","inLanguage":"pt-BR","@id":"https:\/\/www.42gears.com\/#\/schema\/logo\/image\/","url":"https:\/\/www.42gears.com\/wp-content\/uploads\/2018\/12\/Featured-Image-42Gears-logo.png","contentUrl":"https:\/\/www.42gears.com\/wp-content\/uploads\/2018\/12\/Featured-Image-42Gears-logo.png","width":499,"height":330,"caption":"MDM - 42Gears"},"image":{"@id":"https:\/\/www.42gears.com\/#\/schema\/logo\/image\/"},"sameAs":["https:\/\/www.facebook.com\/42gears","https:\/\/x.com\/42Gears"]}]}},"_links":{"self":[{"href":"https:\/\/www.42gears.com\/pt-br\/wp-json\/wp\/v2\/pages\/20975","targetHints":{"allow":["GET"]}}],"collection":[{"href":"https:\/\/www.42gears.com\/pt-br\/wp-json\/wp\/v2\/pages"}],"about":[{"href":"https:\/\/www.42gears.com\/pt-br\/wp-json\/wp\/v2\/types\/page"}],"author":[{"embeddable":true,"href":"https:\/\/www.42gears.com\/pt-br\/wp-json\/wp\/v2\/users\/7"}],"replies":[{"embeddable":true,"href":"https:\/\/www.42gears.com\/pt-br\/wp-json\/wp\/v2\/comments?post=20975"}],"version-history":[{"count":5,"href":"https:\/\/www.42gears.com\/pt-br\/wp-json\/wp\/v2\/pages\/20975\/revisions"}],"predecessor-version":[{"id":64685,"href":"https:\/\/www.42gears.com\/pt-br\/wp-json\/wp\/v2\/pages\/20975\/revisions\/64685"}],"wp:featuredmedia":[{"embeddable":true,"href":"https:\/\/www.42gears.com\/pt-br\/wp-json\/wp\/v2\/media\/28577"}],"wp:attachment":[{"href":"https:\/\/www.42gears.com\/pt-br\/wp-json\/wp\/v2\/media?parent=20975"}],"wp:term":[{"taxonomy":"category","embeddable":true,"href":"https:\/\/www.42gears.com\/pt-br\/wp-json\/wp\/v2\/categories?post=20975"},{"taxonomy":"post_tag","embeddable":true,"href":"https:\/\/www.42gears.com\/pt-br\/wp-json\/wp\/v2\/tags?post=20975"}],"curies":[{"name":"wp","href":"https:\/\/api.w.org\/{rel}","templated":true}]}}