{"id":18372,"date":"2017-04-11T06:40:57","date_gmt":"2017-04-11T06:40:57","guid":{"rendered":"http:\/\/live-42gears-site.pantheonsite.io\/?page_id=18372\/"},"modified":"2023-01-10T13:26:02","modified_gmt":"2023-01-10T13:26:02","slug":"surevideo","status":"publish","type":"page","link":"https:\/\/www.42gears.com\/pt-br\/surevideo\/","title":{"rendered":"SureVideo"},"content":{"rendered":"\n\n\t<h1>Solu\u00e7\u00e3o de Sinal\u00e9tica Digital SureVideo<\/h1>\nCONVERTER DISPOSITIVOS EM VISUALIZA\u00c7\u00d5ES DE SINAL\u00c9TICA DIGITAL\n\t<a href=\"https:\/\/www.42gears.com\/downloads-page\/\">Teste Gr\u00e1tis<\/a>\n\t<h3>Vis\u00e3o geral<\/h3>\n\t<p>As solu\u00e7\u00f5es de Sinal\u00e9tica Digital s\u00e3o \u00fateis para fornecer conte\u00fado direcionado para o p\u00fablico, para chamar a sua aten\u00e7\u00e3o. O SureVideo pode ser usado como um video looper para ver an\u00fancios, not\u00edcias, informa\u00e7\u00f5es sobre produtos ou qualquer coisa que a sua empresa queira fornecer aos seus clientes.<\/p>\n<p>Instale o SureVideo num tablet ou pen de TV e configure uma lista de reprodu\u00e7\u00e3o que reproduza v\u00eddeos em repeti\u00e7\u00e3o. Pode instalar facilmente a lista de reprodu\u00e7\u00e3o em v\u00e1rios dispositivos e atualiz\u00e1-la a qualquer momento.<\/p>\n\t<h3>Selecione sua plataforma<\/h3>\n\t <center><a href=\"https:\/\/www.42gears.com\/products\/digital-signage\/android\/\"><img decoding=\"async\" src=\"https:\/\/www.42gears.com\/wp-content\/uploads\/2018\/04\/android.png\"\/><\/a><\/center>\n\t<p><a href=\"https:\/\/www.42gears.com\/products\/digital-signage\/android\/\">Android<\/a><\/p>\n\t <center> <a href=\"https:\/\/www.42gears.com\/products\/digital-signage\/ios-and-ipados\/\"><img decoding=\"async\" src=\"https:\/\/www.42gears.com\/wp-content\/uploads\/2018\/04\/ios.png\"\/><\/a><\/center> \n\t<p><a href=\"https:\/\/www.42gears.com\/products\/digital-signage\/ios-and-ipados\/\">iOS<\/a><\/p>\n\t <center> <a href=\"https:\/\/www.42gears.com\/products\/digital-signage\/windows-11\/\"><img decoding=\"async\" src=\"https:\/\/www.42gears.com\/wp-content\/uploads\/2018\/04\/windows.png\"\/><\/a><\/center> \n\t<p><a href=\"https:\/\/www.42gears.com\/products\/digital-signage\/windows-11\/\">Windows<\/a><\/p>\n\t\t\t<img decoding=\"async\" src=\"https:\/\/www.42gears.com\/wp-content\/uploads\/2018\/04\/Asset-3defaul.png\" alt=\"Asset 3defaul\" \/>\n<img decoding=\"async\" src=\"https:\/\/www.42gears.com\/wp-content\/uploads\/2018\/04\/left-quote.png\" alt=\"left quote\"\/>\n<!-- text here --><br \/>\nO Quiosque SureVideo funciona na perfei\u00e7\u00e3o. Existem muitas op\u00e7\u00f5es de que ir\u00e1 gostar. Tamb\u00e9m agrade\u00e7o ao apoio t\u00e9cnico que me ajudou num instante a resolver o meu problema. Recomendo vivamente!<br \/>\n<!-- text here -->\n<img decoding=\"async\" src=\"https:\/\/www.42gears.com\/wp-content\/uploads\/2018\/04\/right-quote.png\" alt=\"right quote\"\/>\n<p><!-- text here -->Bane Jovicic<!-- text here --><\/p>\n\t\t\t<img decoding=\"async\" src=\"https:\/\/www.42gears.com\/wp-content\/uploads\/2018\/04\/Asset-3defaul.png\" alt=\"Asset 3defaul\"\/>\n<img decoding=\"async\" src=\"https:\/\/www.42gears.com\/wp-content\/uploads\/2018\/04\/left-quote.png\" alt=\"left quote\"\/>\n<!-- text here --><br \/>\nMuito Bom para solu\u00e7\u00e3o de sinal\u00e9tica digital de ecr\u00e3 \u00fanico. Muito f\u00e1cil de usar. Basta arrastar e largar com os m\u00e9todos de copiar e colar simples. Tem muitas funcionalidades e pode funcionar 24\/7 sem qualquer risco.<br \/>\n<!-- text here -->\n<img decoding=\"async\" src=\"https:\/\/www.42gears.com\/wp-content\/uploads\/2018\/04\/right-quote.png\" alt=\"right quote\"\/>\n<p><!-- text here -->Ashik Haydari<!-- text here --><\/p>\n\n","protected":false},"excerpt":{"rendered":"<p>Solu\u00e7\u00e3o de Sinal\u00e9tica Digital SureVideo CONVERTER DISPOSITIVOS EM VISUALIZA\u00c7\u00d5ES DE SINAL\u00c9TICA DIGITAL Teste Gr\u00e1tis Vis\u00e3o geral As solu\u00e7\u00f5es de Sinal\u00e9tica Digital s\u00e3o \u00fateis para fornecer conte\u00fado direcionado para o p\u00fablico, para chamar a sua aten\u00e7\u00e3o. O SureVideo pode ser usado como um video looper para ver an\u00fancios, not\u00edcias, informa\u00e7\u00f5es sobre produtos ou qualquer coisa que&hellip;<\/p>\n","protected":false},"author":7,"featured_media":0,"parent":0,"menu_order":67,"comment_status":"closed","ping_status":"closed","template":"","meta":{"_acf_changed":false,"footnotes":""},"categories":[],"tags":[],"class_list":["post-18372","page","type-page","status-publish","hentry"],"acf":[],"yoast_head":"<!-- This site is optimized with the Yoast SEO Premium plugin v24.6 (Yoast SEO v24.6) - https:\/\/yoast.com\/wordpress\/plugins\/seo\/ -->\n<title>Sinal\u00e9tica Digital | SureVideo | Video Looper para Android, iOS e Windows<\/title>\n<meta name=\"description\" content=\"Surevideo \u00e9 um Video looper que pode funcionar como uma Sinal\u00e9tica Digital de Quiosque para reproduzir e passar v\u00eddeos no modo quiosque em Tablets baseados em Android, dispositivos Windows, iPads e iPhones.\" \/>\n<meta name=\"robots\" content=\"index, follow, max-snippet:-1, max-image-preview:large, max-video-preview:-1\" \/>\n<link rel=\"canonical\" href=\"http:\/\/www.42gears.com\/pt-br\/surevideo\/\" \/>\n<meta property=\"og:locale\" content=\"pt_BR\" \/>\n<meta property=\"og:type\" content=\"article\" \/>\n<meta property=\"og:title\" content=\"SureVideo\" \/>\n<meta property=\"og:description\" content=\"Surevideo \u00e9 um Video looper que pode funcionar como uma Sinal\u00e9tica Digital de Quiosque para reproduzir e passar v\u00eddeos no modo quiosque em Tablets baseados em Android, dispositivos Windows, iPads e iPhones.\" \/>\n<meta property=\"og:url\" content=\"http:\/\/www.42gears.com\/pt-br\/surevideo\/\" \/>\n<meta property=\"og:site_name\" content=\"42Gears Mobility Systems\" \/>\n<meta property=\"article:publisher\" content=\"https:\/\/www.facebook.com\/42gears\" \/>\n<meta property=\"article:modified_time\" content=\"2023-01-10T13:26:02+00:00\" \/>\n<meta property=\"og:image\" content=\"https:\/\/www.42gears.com\/wp-content\/uploads\/2018\/04\/android.png\" \/>\n<meta name=\"twitter:card\" content=\"summary_large_image\" \/>\n<meta name=\"twitter:site\" content=\"@42Gears\" \/>\n<meta name=\"twitter:label1\" content=\"Est. reading time\" \/>\n\t<meta name=\"twitter:data1\" content=\"1 minute\" \/>\n<script type=\"application\/ld+json\" class=\"yoast-schema-graph\">{\"@context\":\"https:\/\/schema.org\",\"@graph\":[{\"@type\":\"WebPage\",\"@id\":\"http:\/\/www.42gears.com\/pt-br\/surevideo\/\",\"url\":\"http:\/\/www.42gears.com\/pt-br\/surevideo\/\",\"name\":\"Sinal\u00e9tica Digital | SureVideo | Video Looper para Android, iOS e Windows\",\"isPartOf\":{\"@id\":\"https:\/\/www.42gears.com\/#website\"},\"primaryImageOfPage\":{\"@id\":\"http:\/\/www.42gears.com\/pt-br\/surevideo\/#primaryimage\"},\"image\":{\"@id\":\"http:\/\/www.42gears.com\/pt-br\/surevideo\/#primaryimage\"},\"thumbnailUrl\":\"https:\/\/www.42gears.com\/wp-content\/uploads\/2018\/04\/android.png\",\"datePublished\":\"2017-04-11T06:40:57+00:00\",\"dateModified\":\"2023-01-10T13:26:02+00:00\",\"description\":\"Surevideo \u00e9 um Video looper que pode funcionar como uma Sinal\u00e9tica Digital de Quiosque para reproduzir e passar v\u00eddeos no modo quiosque em Tablets baseados em Android, dispositivos Windows, iPads e iPhones.\",\"breadcrumb\":{\"@id\":\"http:\/\/www.42gears.com\/pt-br\/surevideo\/#breadcrumb\"},\"inLanguage\":\"pt-BR\",\"potentialAction\":[{\"@type\":\"ReadAction\",\"target\":[\"http:\/\/www.42gears.com\/pt-br\/surevideo\/\"]}]},{\"@type\":\"ImageObject\",\"inLanguage\":\"pt-BR\",\"@id\":\"http:\/\/www.42gears.com\/pt-br\/surevideo\/#primaryimage\",\"url\":\"https:\/\/www.42gears.com\/wp-content\/uploads\/2018\/04\/android.png\",\"contentUrl\":\"https:\/\/www.42gears.com\/wp-content\/uploads\/2018\/04\/android.png\"},{\"@type\":\"BreadcrumbList\",\"@id\":\"http:\/\/www.42gears.com\/pt-br\/surevideo\/#breadcrumb\",\"itemListElement\":[{\"@type\":\"ListItem\",\"position\":1,\"name\":\"Home\",\"item\":\"https:\/\/www.42gears.com\/pt-br\/\"},{\"@type\":\"ListItem\",\"position\":2,\"name\":\"SureVideo\"}]},{\"@type\":\"WebSite\",\"@id\":\"https:\/\/www.42gears.com\/#website\",\"url\":\"https:\/\/www.42gears.com\/\",\"name\":\"42Gears Mobility Systems\",\"description\":\"Mobile Device Management (MDM), Mobile Security &amp; Mobile Device Lockdown\",\"publisher\":{\"@id\":\"https:\/\/www.42gears.com\/#organization\"},\"potentialAction\":[{\"@type\":\"SearchAction\",\"target\":{\"@type\":\"EntryPoint\",\"urlTemplate\":\"https:\/\/www.42gears.com\/?s={search_term_string}\"},\"query-input\":{\"@type\":\"PropertyValueSpecification\",\"valueRequired\":true,\"valueName\":\"search_term_string\"}}],\"inLanguage\":\"pt-BR\"},{\"@type\":\"Organization\",\"@id\":\"https:\/\/www.42gears.com\/#organization\",\"name\":\"MDM - 42Gears\",\"url\":\"https:\/\/www.42gears.com\/\",\"logo\":{\"@type\":\"ImageObject\",\"inLanguage\":\"pt-BR\",\"@id\":\"https:\/\/www.42gears.com\/#\/schema\/logo\/image\/\",\"url\":\"https:\/\/www.42gears.com\/wp-content\/uploads\/2018\/12\/Featured-Image-42Gears-logo.png\",\"contentUrl\":\"https:\/\/www.42gears.com\/wp-content\/uploads\/2018\/12\/Featured-Image-42Gears-logo.png\",\"width\":499,\"height\":330,\"caption\":\"MDM - 42Gears\"},\"image\":{\"@id\":\"https:\/\/www.42gears.com\/#\/schema\/logo\/image\/\"},\"sameAs\":[\"https:\/\/www.facebook.com\/42gears\",\"https:\/\/x.com\/42Gears\"]}]}<\/script>\n<!-- \/ Yoast SEO Premium plugin. -->","yoast_head_json":{"title":"Sinal\u00e9tica Digital | SureVideo | Video Looper para Android, iOS e Windows","description":"Surevideo \u00e9 um Video looper que pode funcionar como uma Sinal\u00e9tica Digital de Quiosque para reproduzir e passar v\u00eddeos no modo quiosque em Tablets baseados em Android, dispositivos Windows, iPads e iPhones.","robots":{"index":"index","follow":"follow","max-snippet":"max-snippet:-1","max-image-preview":"max-image-preview:large","max-video-preview":"max-video-preview:-1"},"canonical":"http:\/\/www.42gears.com\/pt-br\/surevideo\/","og_locale":"pt_BR","og_type":"article","og_title":"SureVideo","og_description":"Surevideo \u00e9 um Video looper que pode funcionar como uma Sinal\u00e9tica Digital de Quiosque para reproduzir e passar v\u00eddeos no modo quiosque em Tablets baseados em Android, dispositivos Windows, iPads e iPhones.","og_url":"http:\/\/www.42gears.com\/pt-br\/surevideo\/","og_site_name":"42Gears Mobility Systems","article_publisher":"https:\/\/www.facebook.com\/42gears","article_modified_time":"2023-01-10T13:26:02+00:00","og_image":[{"url":"https:\/\/www.42gears.com\/wp-content\/uploads\/2018\/04\/android.png","type":"","width":"","height":""}],"twitter_card":"summary_large_image","twitter_site":"@42Gears","twitter_misc":{"Est. reading time":"1 minute"},"schema":{"@context":"https:\/\/schema.org","@graph":[{"@type":"WebPage","@id":"http:\/\/www.42gears.com\/pt-br\/surevideo\/","url":"http:\/\/www.42gears.com\/pt-br\/surevideo\/","name":"Sinal\u00e9tica Digital | SureVideo | Video Looper para Android, iOS e Windows","isPartOf":{"@id":"https:\/\/www.42gears.com\/#website"},"primaryImageOfPage":{"@id":"http:\/\/www.42gears.com\/pt-br\/surevideo\/#primaryimage"},"image":{"@id":"http:\/\/www.42gears.com\/pt-br\/surevideo\/#primaryimage"},"thumbnailUrl":"https:\/\/www.42gears.com\/wp-content\/uploads\/2018\/04\/android.png","datePublished":"2017-04-11T06:40:57+00:00","dateModified":"2023-01-10T13:26:02+00:00","description":"Surevideo \u00e9 um Video looper que pode funcionar como uma Sinal\u00e9tica Digital de Quiosque para reproduzir e passar v\u00eddeos no modo quiosque em Tablets baseados em Android, dispositivos Windows, iPads e iPhones.","breadcrumb":{"@id":"http:\/\/www.42gears.com\/pt-br\/surevideo\/#breadcrumb"},"inLanguage":"pt-BR","potentialAction":[{"@type":"ReadAction","target":["http:\/\/www.42gears.com\/pt-br\/surevideo\/"]}]},{"@type":"ImageObject","inLanguage":"pt-BR","@id":"http:\/\/www.42gears.com\/pt-br\/surevideo\/#primaryimage","url":"https:\/\/www.42gears.com\/wp-content\/uploads\/2018\/04\/android.png","contentUrl":"https:\/\/www.42gears.com\/wp-content\/uploads\/2018\/04\/android.png"},{"@type":"BreadcrumbList","@id":"http:\/\/www.42gears.com\/pt-br\/surevideo\/#breadcrumb","itemListElement":[{"@type":"ListItem","position":1,"name":"Home","item":"https:\/\/www.42gears.com\/pt-br\/"},{"@type":"ListItem","position":2,"name":"SureVideo"}]},{"@type":"WebSite","@id":"https:\/\/www.42gears.com\/#website","url":"https:\/\/www.42gears.com\/","name":"42Gears Mobility Systems","description":"Mobile Device Management (MDM), Mobile Security &amp; Mobile Device Lockdown","publisher":{"@id":"https:\/\/www.42gears.com\/#organization"},"potentialAction":[{"@type":"SearchAction","target":{"@type":"EntryPoint","urlTemplate":"https:\/\/www.42gears.com\/?s={search_term_string}"},"query-input":{"@type":"PropertyValueSpecification","valueRequired":true,"valueName":"search_term_string"}}],"inLanguage":"pt-BR"},{"@type":"Organization","@id":"https:\/\/www.42gears.com\/#organization","name":"MDM - 42Gears","url":"https:\/\/www.42gears.com\/","logo":{"@type":"ImageObject","inLanguage":"pt-BR","@id":"https:\/\/www.42gears.com\/#\/schema\/logo\/image\/","url":"https:\/\/www.42gears.com\/wp-content\/uploads\/2018\/12\/Featured-Image-42Gears-logo.png","contentUrl":"https:\/\/www.42gears.com\/wp-content\/uploads\/2018\/12\/Featured-Image-42Gears-logo.png","width":499,"height":330,"caption":"MDM - 42Gears"},"image":{"@id":"https:\/\/www.42gears.com\/#\/schema\/logo\/image\/"},"sameAs":["https:\/\/www.facebook.com\/42gears","https:\/\/x.com\/42Gears"]}]}},"_links":{"self":[{"href":"https:\/\/www.42gears.com\/pt-br\/wp-json\/wp\/v2\/pages\/18372","targetHints":{"allow":["GET"]}}],"collection":[{"href":"https:\/\/www.42gears.com\/pt-br\/wp-json\/wp\/v2\/pages"}],"about":[{"href":"https:\/\/www.42gears.com\/pt-br\/wp-json\/wp\/v2\/types\/page"}],"author":[{"embeddable":true,"href":"https:\/\/www.42gears.com\/pt-br\/wp-json\/wp\/v2\/users\/7"}],"replies":[{"embeddable":true,"href":"https:\/\/www.42gears.com\/pt-br\/wp-json\/wp\/v2\/comments?post=18372"}],"version-history":[{"count":8,"href":"https:\/\/www.42gears.com\/pt-br\/wp-json\/wp\/v2\/pages\/18372\/revisions"}],"predecessor-version":[{"id":85609,"href":"https:\/\/www.42gears.com\/pt-br\/wp-json\/wp\/v2\/pages\/18372\/revisions\/85609"}],"wp:attachment":[{"href":"https:\/\/www.42gears.com\/pt-br\/wp-json\/wp\/v2\/media?parent=18372"}],"wp:term":[{"taxonomy":"category","embeddable":true,"href":"https:\/\/www.42gears.com\/pt-br\/wp-json\/wp\/v2\/categories?post=18372"},{"taxonomy":"post_tag","embeddable":true,"href":"https:\/\/www.42gears.com\/pt-br\/wp-json\/wp\/v2\/tags?post=18372"}],"curies":[{"name":"wp","href":"https:\/\/api.w.org\/{rel}","templated":true}]}}