{"id":17817,"date":"2015-04-08T22:56:48","date_gmt":"2015-04-08T22:56:48","guid":{"rendered":"http:\/\/live-42gears-site.pantheonsite.io\/?page_id=17817"},"modified":"2024-08-08T07:08:17","modified_gmt":"2024-08-08T07:08:17","slug":"home-2","status":"publish","type":"page","link":"https:\/\/www.42gears.com\/pt-br\/","title":{"rendered":"Home"},"content":{"rendered":"\n<h2>\n\t\tGest\u00e3o de Dispositivos M\u00f3veis Cont\u00ednua\n\t<\/h2>\n\t<p>Tenha o controlo total da sua frota de dispositivos. Potencie o SureMDM.<\/p>\n\t<a href=\"https:\/\/www.42gears.com\/products\/mobile-device-management\/\" target=\"_blank\" rel=\"noopener\">SAIBA MAIS<\/a>\n<h3>Tornar os dispositivos <br \/>de teste dispon\u00edveis <br \/>para as equipas de <br \/>desenvolvimento e QA<br \/> remotamente com<br \/> AstroFarm<\/h3>\n<a href=\"https:\/\/www.42gears.com\/products\/device-farm\/\" target=\"_blank\" rel=\"noopener\">SAIBA MAIS<\/a>\n\t\t\t<img decoding=\"async\" loading='false' src=\"https:\/\/www.42gears.com\/wp-content\/uploads\/2023\/01\/banner_side_bg_02.jpg\" alt=\"\" \/><a href=\"https:\/\/www.42gears.com\/solutions\/intel-amt-vpro-management\/\" target=\"_self\" aria-label=\"\" rel=\"noopener\"><\/a>\t\t\t\n<h3>Prevenir a fuga de<br \/>\ninforma\u00e7\u00f5es com<br \/>\no Bloqueio de<br \/>\nC\u00e2mara Inteligente<\/h3>\n<a href=\"https:\/\/www.42gears.com\/solutions\/capabilities\/intelligent-camera-blocking\/\">SAIBA MAIS<\/a>\n\t<section id=\"primary\">\n<img decoding=\"async\" src=\"https:\/\/www.42gears.com\/wp-content\/uploads\/2019\/12\/Unified-Endpoint-Management-Blue.png\" alt=\"Unified Endpoint Management - Blue\" \/><img decoding=\"async\" src=\"https:\/\/www.42gears.com\/wp-content\/uploads\/2019\/12\/Unified-Endpoint-Management.png\" alt=\"Unified Endpoint Management - White\" \/>\n<h4>GEST\u00c3O DE ENDPOINT UNIFICADA<\/h4>\n<p>Protege, monitoriza e gere todos os seus endpoints usando a nossa plataforma de gest\u00e3o de mobilidade premiada.<\/p>\n<p><a title=\"\" href=\"http:\/\/live-42gears-site.pantheonsite.io\/solutions\/unified-endpoint-management-uem-solution\/\" target=\"_self\" rel=\"noopener\">Ler mais<\/a><\/p>\n<img decoding=\"async\" src=\"http:\/\/live-42gears-site.pantheonsite.io\/wp-content\/uploads\/2018\/07\/rugged-blue.png\" \/><img decoding=\"async\" src=\"http:\/\/live-42gears-site.pantheonsite.io\/wp-content\/uploads\/2018\/07\/rugged-white.png\" \/>\n<h4>GEST\u00c3O DE DISPOSITIVOS ROBUSTA<\/h4>\n<p>A 42Gears UEM apresenta a promessa de seguran\u00e7a de dados e dispositivos, mesmo em ambientes de trabalho adversos.<\/p>\n<p><a title=\"\" href=\"http:\/\/live-42gears-site.pantheonsite.io\/solutions\/rugged-device-management\/\" target=\"_self\" rel=\"noopener\">Ler mais<\/a><\/p>\n<img decoding=\"async\" src=\"https:\/\/www.42gears.com\/wp-content\/uploads\/2019\/12\/VR-Device-Management-Blue.png\" alt=\"VR Device Management - Blue\" \/><img decoding=\"async\" src=\"https:\/\/www.42gears.com\/wp-content\/uploads\/2019\/12\/VR-Device-Management.png\" alt=\"VR Device Management - white\" \/>\n<h4>GEST\u00c3O DE GV<\/h4>\n<p>A 42Gears UEM facilita a ado\u00e7\u00e3o de Grava\u00e7\u00e3o de V\u00eddeo, ajudando-o a gerir auscultadores de GV e assegurando a seguran\u00e7a de dados e dispositivos.<\/p>\n<p><a title=\"\" href=\"https:\/\/www.42gears.com\/solutions\/virtual-reality-device-management\/\" target=\"_self\" rel=\"noopener\">Ler mais<\/a><\/p>\n<img decoding=\"async\" src=\"https:\/\/www.42gears.com\/wp-content\/uploads\/2019\/12\/IoT-Management-Blue.png\" alt=\"IoT Management -Blue\" \/><img decoding=\"async\" src=\"https:\/\/www.42gears.com\/wp-content\/uploads\/2019\/12\/IoT-Management.png\" alt=\"IoT Management\" \/>\n<h4>GEST\u00c3O DAS COISAS<\/h4>\n<p>Com a Tecnologia de Gest\u00e3o das Coisas da 42Gears, pode gerir e monitorizar dispositivos comerciais que n\u00e3o executam nenhum SO.<\/p>\n<p><a title=\"\" href=\"https:\/\/www.42gears.com\/solutions\/things-management\/\" target=\"_self\" rel=\"noopener\">Ler mais<\/a><\/p>\n<\/section>\n\t<h3>Estudos de caso<\/h3>\n<p>&nbsp;<\/p>\n<strong>A CuraTec ganha vantagem com a 42Gears UEM,<br \/>\npromove melhores cuidados ao paciente<\/strong>\n<p><a href=\"https:\/\/www.42gears.com\/case-studies\/curatec-gains-an-edge-with-42gears-uem-fosters-better-patient-care\/\" target=\"_blank\" rel=\"noopener\">Ler mais<\/a><\/p>\n<h5>\n\t\tOs Nossos Clientes\n\t<\/h5>\n        <a href=\"\/customers\/\"><img decoding=\"async\" src=\"https:\/\/www.42gears.com\/wp-content\/uploads\/2018\/10\/logo-flipkart-png-flipkart-logo.png\" width=\"190\" height=\"33\"\/><\/a>\n        <a href=\"\/customers\/\"><img decoding=\"async\" src=\"http:\/\/live-42gears-site.pantheonsite.io\/wp-content\/uploads\/2018\/07\/lufthansa-logo-1.png\" alt=\"Lufthansa\" width=\"190\" height=\"33\"\/><\/a>\n        <a href=\"\/customers\/\"><img decoding=\"async\" src=\"https:\/\/www.42gears.com\/wp-content\/uploads\/2018\/12\/delhivery_owler_20170522_164456_original.png\" width=\"190\" height=\"73\"\/><\/a>\n        <a href=\"\/customers\/\"><img decoding=\"async\" src=\"https:\/\/www.42gears.com\/wp-content\/uploads\/2019\/01\/BYJUS_NEW_LOGO-copy.png\" width=\"190\" height=\"73\"\/><\/a>\n        <a href=\"\/customers\/\"><img decoding=\"async\" src=\"https:\/\/www.42gears.com\/wp-content\/uploads\/2019\/01\/sodex.png\" width=\"190\" height=\"73\"\/><\/a>\n        <a href=\"\/customers\/\"><img decoding=\"async\" src=\"https:\/\/www.42gears.com\/wp-content\/uploads\/2019\/01\/mrf-1.png\" width=\"190\" height=\"73\"\/><\/a>\n        <a href=\"\/customers\/\"><img decoding=\"async\" src=\"http:\/\/live-42gears-site.pantheonsite.io\/wp-content\/uploads\/2018\/07\/datalogic-logo-1.png\" alt=\"Datalogic\" width=\"190\" height=\"21\"\/><\/a>\n        <a href=\"\/customers\/\"><img decoding=\"async\" src=\"http:\/\/live-42gears-site.pantheonsite.io\/wp-content\/uploads\/2018\/07\/toyota-logo.png\" alt=\"Toyota\" width=\"190\" height=\"35\"\/><\/a>\n        <a href=\"\/customers\/\"><img decoding=\"async\" src=\"http:\/\/live-42gears-site.pantheonsite.io\/wp-content\/uploads\/2018\/07\/arcelor-mittal-logo.png\" alt=\"Arcelor Mittal\" width=\"190\" height=\"79\"\/><\/a>\n        <a href=\"\/customers\/\"><img decoding=\"async\" src=\"http:\/\/live-42gears-site.pantheonsite.io\/wp-content\/uploads\/2018\/07\/dhl-simply-delivered-png-logo-11.png\" alt=\"DHL\" width=\"190\" height=\"39\"\/><\/a>\n<h2>\n\t\tFactos\n\t<\/h2>\n\t<p>Porque \u00e9 que a 42Gears \u00e9 o parceiro de mobilidade certo para a sua organiza\u00e7\u00e3o<\/p>\n\t\t\t\t<img decoding=\"async\" src=\"https:\/\/www.42gears.com\/wp-content\/uploads\/2020\/01\/happy-customers.png\" alt=\"happy customers\" itemprop=\"image\" height=\"56\" width=\"56\" title=\"happy customers\" onerror=\"this.style.display='none'\"  \/>\n\t<h2>23000+<\/h2>\n<p>clientes satisfeitos<\/p>\n\t\t\t\t<img decoding=\"async\" src=\"https:\/\/www.42gears.com\/wp-content\/uploads\/2020\/01\/counteries.png\" alt=\"counteries\" itemprop=\"image\" height=\"56\" width=\"56\" title=\"counteries\" onerror=\"this.style.display='none'\"  \/>\n\t<h2>170+<\/h2>\n<p>pa\u00edses onde temos clientes satisfeitos<\/p>\n\t\t\t\t<img decoding=\"async\" src=\"https:\/\/www.42gears.com\/wp-content\/uploads\/2020\/01\/successful-deployment.png\" alt=\"successful deployment\" itemprop=\"image\" height=\"56\" width=\"56\" title=\"successful deployment\" onerror=\"this.style.display='none'\"  \/>\n\t<h2>7M+<\/h2>\n<p>implementa\u00e7\u00f5es de sucesso<\/p>\n\t\t\t\t<img decoding=\"async\" src=\"https:\/\/www.42gears.com\/wp-content\/uploads\/2020\/01\/industry.png\" alt=\"industry\" itemprop=\"image\" height=\"56\" width=\"56\" title=\"industry\" onerror=\"this.style.display='none'\"  \/>\n\t<h2>15+<\/h2>\n<p>anos no setor<\/p>\n\t\t\t\u00a0<img decoding=\"async\" src=\"http:\/\/live-42gears-site.pantheonsite.io\/wp-content\/uploads\/2018\/07\/quote_right.png\" \/><p><!-- text here -->Estou muito satisfeito com a resposta da 42Gears e com os produtos que s\u00f3 s\u00e3o limitados pelo processo de implementa\u00e7\u00e3o da nossa organiza\u00e7\u00e3o. Resolveram rapidamente quaisquer problemas que enfrent\u00e1mos durante a implementa\u00e7\u00e3o. Al\u00e9m disso, a equipa mant\u00e9m-se sempre em contacto connosco.<!-- text here --><img decoding=\"async\" src=\"http:\/\/live-42gears-site.pantheonsite.io\/wp-content\/uploads\/2018\/07\/quote_left.png\" \/>\u00a0Ritche Martija,<br \/><!-- text here -->Sistemas de Neg\u00f3cios, Contra Costa.<br \/><!-- text here --><\/p>\t\t\n\t\t\t\u00a0<img decoding=\"async\" src=\"http:\/\/live-42gears-site.pantheonsite.io\/wp-content\/uploads\/2018\/07\/quote_right.png\" \/><p><!-- text here -->A 42Gears ajudou-nos a gerir os nossos dispositivos. A solu\u00e7\u00e3o \u00e9 muito f\u00e1cil de utilizar e as suas funcionalidades s\u00e3o excelentes. Estamos muito satisfeitos com os seus servi\u00e7os de suporte.<!-- text here --><img decoding=\"async\" src=\"http:\/\/live-42gears-site.pantheonsite.io\/wp-content\/uploads\/2018\/07\/quote_left.png\" \/>\u00a0Jo\u00e3o Dias,<br \/><!-- text here -->Gestor de Suporte, Areatec\u00ae Technologies.<br \/><!-- text here --><\/p>\t\t\n\t\t\t\u00a0<img decoding=\"async\" src=\"http:\/\/live-42gears-site.pantheonsite.io\/wp-content\/uploads\/2018\/07\/quote_right.png\" \/><p><!-- text here -->J\u00e1 contactei muitas vezes a equipa de suporte da 42Gears e tive sempre uma experi\u00eancia muito positiva. Os produtos s\u00e3o s\u00f3lidos como uma rocha e t\u00eam um pre\u00e7o muito razo\u00e1vel.<!-- text here --><img decoding=\"async\" src=\"http:\/\/live-42gears-site.pantheonsite.io\/wp-content\/uploads\/2018\/07\/quote_left.png\" \/>\u00a0James Rose,<br \/><!-- text here -->Administrador de TI, Spectrum of Hope.<br \/><!-- text here --><\/p>\t\t\n\t\t\t\u00a0<img decoding=\"async\" src=\"http:\/\/live-42gears-site.pantheonsite.io\/wp-content\/uploads\/2018\/07\/quote_right.png\" \/><p><!-- text here -->A solu\u00e7\u00e3o UEM da 42Gears est\u00e1 muito desenvolvida madura e satisfez perfeitamente os nossos requisitos t\u00e9cnicos dentro do nosso or\u00e7amento e do prazo que t\u00ednhamos em mente. Existem tantas funcionalidades que n\u00e3o esper\u00e1vamos utilizar, mas que provaram ser muito \u00fateis para o nosso neg\u00f3cio, tais como relat\u00f3rios personalizados&#8230;<!-- text here --><img decoding=\"async\" src=\"http:\/\/live-42gears-site.pantheonsite.io\/wp-content\/uploads\/2018\/07\/quote_left.png\" \/>\u00a0Peter Yang Zhe,<br \/><!-- text here -->Gestor de Opera\u00e7\u00f5es, DiDi Mexico.<br \/><!-- text here --><\/p>\t\t\n<h5>\n\t\tFale com um Consultor de Produto\n\t<\/h5>\n\t<p>Saiba como podemos ajud\u00e1-lo a proteger, monitorizar e gerir a sua frota de dispositivos.<\/p>\n\t<a href=\"https:\/\/www.42gears.com\/contact-sales-team\/?pname=7\" target=\"_blank\" rel=\"noopener\">Agende uma demonstra\u00e7\u00e3o<\/a><a href=\"#\">Veja a Demonstra\u00e7\u00e3o<\/a>\n\n","protected":false},"excerpt":{"rendered":"<p>Gest\u00e3o de Dispositivos M\u00f3veis Cont\u00ednua Tenha o controlo total da sua frota de dispositivos. Potencie o SureMDM. SAIBA MAIS Tornar os dispositivos de teste dispon\u00edveis para as equipas de desenvolvimento e QA remotamente com AstroFarm SAIBA MAIS Prevenir a fuga de informa\u00e7\u00f5es com o Bloqueio de C\u00e2mara Inteligente SAIBA MAIS GEST\u00c3O DE ENDPOINT UNIFICADA Protege,&hellip;<\/p>\n","protected":false},"author":7,"featured_media":28577,"parent":0,"menu_order":78,"comment_status":"closed","ping_status":"closed","template":"","meta":{"_acf_changed":false,"footnotes":""},"categories":[],"tags":[],"class_list":["post-17817","page","type-page","status-publish","has-post-thumbnail","hentry"],"acf":[],"yoast_head":"<!-- This site is optimized with the Yoast SEO Premium plugin v24.6 (Yoast SEO v24.6) - https:\/\/yoast.com\/wordpress\/plugins\/seo\/ -->\n<title>Unified Endpoint Management | Mobile Device Management | Securing and Managing Enterprise Mobile Devices | 42Gears<\/title>\n<meta name=\"description\" content=\"Leaders in Enterprise Mobility Management, Mobile Device Management(MDM), Mobile Device Lockdown, Kiosk Secure Browser for Android, iOS and\u00a0Windows\" \/>\n<meta name=\"robots\" content=\"index, follow, max-snippet:-1, max-image-preview:large, max-video-preview:-1\" \/>\n<link rel=\"canonical\" href=\"https:\/\/www.42gears.com\/pt-br\/\" \/>\n<meta property=\"og:locale\" content=\"pt_BR\" \/>\n<meta property=\"og:type\" content=\"article\" \/>\n<meta property=\"og:title\" content=\"Home\" \/>\n<meta property=\"og:description\" content=\"Leaders in Enterprise Mobility Management, Mobile Device Management(MDM), Mobile Device Lockdown, Kiosk Secure Browser for Android, iOS and\u00a0Windows\" \/>\n<meta property=\"og:url\" content=\"https:\/\/www.42gears.com\/pt-br\/\" \/>\n<meta property=\"og:site_name\" content=\"42Gears Mobility Systems\" \/>\n<meta property=\"article:publisher\" content=\"https:\/\/www.facebook.com\/42gears\" \/>\n<meta property=\"article:modified_time\" content=\"2024-08-08T07:08:17+00:00\" \/>\n<meta property=\"og:image\" content=\"https:\/\/www.42gears.com\/wp-content\/uploads\/2018\/12\/Featured-Image-42Gears-logo.png\" \/>\n\t<meta property=\"og:image:width\" content=\"499\" \/>\n\t<meta property=\"og:image:height\" content=\"330\" \/>\n\t<meta property=\"og:image:type\" content=\"image\/png\" \/>\n<meta name=\"twitter:card\" content=\"summary_large_image\" \/>\n<meta name=\"twitter:image\" content=\"https:\/\/www.42gears.com\/wp-content\/uploads\/2018\/12\/Featured-Image-42Gears-logo.png\" \/>\n<meta name=\"twitter:site\" content=\"@42Gears\" \/>\n<meta name=\"twitter:label1\" content=\"Est. reading time\" \/>\n\t<meta name=\"twitter:data1\" content=\"2 minutes\" \/>\n<script type=\"application\/ld+json\" class=\"yoast-schema-graph\">{\"@context\":\"https:\/\/schema.org\",\"@graph\":[{\"@type\":\"WebPage\",\"@id\":\"https:\/\/www.42gears.com\/pt-br\/\",\"url\":\"https:\/\/www.42gears.com\/pt-br\/\",\"name\":\"Unified Endpoint Management | Mobile Device Management | Securing and Managing Enterprise Mobile Devices | 42Gears\",\"isPartOf\":{\"@id\":\"https:\/\/www.42gears.com\/#website\"},\"primaryImageOfPage\":{\"@id\":\"https:\/\/www.42gears.com\/pt-br\/#primaryimage\"},\"image\":{\"@id\":\"https:\/\/www.42gears.com\/pt-br\/#primaryimage\"},\"thumbnailUrl\":\"https:\/\/www.42gears.com\/wp-content\/uploads\/2018\/12\/Featured-Image-42Gears-logo.png\",\"datePublished\":\"2015-04-08T22:56:48+00:00\",\"dateModified\":\"2024-08-08T07:08:17+00:00\",\"description\":\"Leaders in Enterprise Mobility Management, Mobile Device Management(MDM), Mobile Device Lockdown, Kiosk Secure Browser for Android, iOS and\u00a0Windows\",\"breadcrumb\":{\"@id\":\"https:\/\/www.42gears.com\/pt-br\/#breadcrumb\"},\"inLanguage\":\"pt-BR\",\"potentialAction\":[{\"@type\":\"ReadAction\",\"target\":[\"https:\/\/www.42gears.com\/pt-br\/\"]}]},{\"@type\":\"ImageObject\",\"inLanguage\":\"pt-BR\",\"@id\":\"https:\/\/www.42gears.com\/pt-br\/#primaryimage\",\"url\":\"https:\/\/www.42gears.com\/wp-content\/uploads\/2018\/12\/Featured-Image-42Gears-logo.png\",\"contentUrl\":\"https:\/\/www.42gears.com\/wp-content\/uploads\/2018\/12\/Featured-Image-42Gears-logo.png\",\"width\":499,\"height\":330,\"caption\":\"Featured-Image-42Gears-logo\"},{\"@type\":\"BreadcrumbList\",\"@id\":\"https:\/\/www.42gears.com\/pt-br\/#breadcrumb\",\"itemListElement\":[{\"@type\":\"ListItem\",\"position\":1,\"name\":\"Home\",\"item\":\"https:\/\/www.42gears.com\/pt-br\/\"},{\"@type\":\"ListItem\",\"position\":2,\"name\":\"Home\"}]},{\"@type\":\"WebSite\",\"@id\":\"https:\/\/www.42gears.com\/#website\",\"url\":\"https:\/\/www.42gears.com\/\",\"name\":\"42Gears Mobility Systems\",\"description\":\"Mobile Device Management (MDM), Mobile Security &amp; Mobile Device Lockdown\",\"publisher\":{\"@id\":\"https:\/\/www.42gears.com\/#organization\"},\"potentialAction\":[{\"@type\":\"SearchAction\",\"target\":{\"@type\":\"EntryPoint\",\"urlTemplate\":\"https:\/\/www.42gears.com\/?s={search_term_string}\"},\"query-input\":{\"@type\":\"PropertyValueSpecification\",\"valueRequired\":true,\"valueName\":\"search_term_string\"}}],\"inLanguage\":\"pt-BR\"},{\"@type\":\"Organization\",\"@id\":\"https:\/\/www.42gears.com\/#organization\",\"name\":\"MDM - 42Gears\",\"url\":\"https:\/\/www.42gears.com\/\",\"logo\":{\"@type\":\"ImageObject\",\"inLanguage\":\"pt-BR\",\"@id\":\"https:\/\/www.42gears.com\/#\/schema\/logo\/image\/\",\"url\":\"https:\/\/www.42gears.com\/wp-content\/uploads\/2018\/12\/Featured-Image-42Gears-logo.png\",\"contentUrl\":\"https:\/\/www.42gears.com\/wp-content\/uploads\/2018\/12\/Featured-Image-42Gears-logo.png\",\"width\":499,\"height\":330,\"caption\":\"MDM - 42Gears\"},\"image\":{\"@id\":\"https:\/\/www.42gears.com\/#\/schema\/logo\/image\/\"},\"sameAs\":[\"https:\/\/www.facebook.com\/42gears\",\"https:\/\/x.com\/42Gears\"]}]}<\/script>\n<!-- \/ Yoast SEO Premium plugin. -->","yoast_head_json":{"title":"Unified Endpoint Management | Mobile Device Management | Securing and Managing Enterprise Mobile Devices | 42Gears","description":"Leaders in Enterprise Mobility Management, Mobile Device Management(MDM), Mobile Device Lockdown, Kiosk Secure Browser for Android, iOS and\u00a0Windows","robots":{"index":"index","follow":"follow","max-snippet":"max-snippet:-1","max-image-preview":"max-image-preview:large","max-video-preview":"max-video-preview:-1"},"canonical":"https:\/\/www.42gears.com\/pt-br\/","og_locale":"pt_BR","og_type":"article","og_title":"Home","og_description":"Leaders in Enterprise Mobility Management, Mobile Device Management(MDM), Mobile Device Lockdown, Kiosk Secure Browser for Android, iOS and\u00a0Windows","og_url":"https:\/\/www.42gears.com\/pt-br\/","og_site_name":"42Gears Mobility Systems","article_publisher":"https:\/\/www.facebook.com\/42gears","article_modified_time":"2024-08-08T07:08:17+00:00","og_image":[{"width":499,"height":330,"url":"https:\/\/www.42gears.com\/wp-content\/uploads\/2018\/12\/Featured-Image-42Gears-logo.png","type":"image\/png"}],"twitter_card":"summary_large_image","twitter_image":"https:\/\/www.42gears.com\/wp-content\/uploads\/2018\/12\/Featured-Image-42Gears-logo.png","twitter_site":"@42Gears","twitter_misc":{"Est. reading time":"2 minutes"},"schema":{"@context":"https:\/\/schema.org","@graph":[{"@type":"WebPage","@id":"https:\/\/www.42gears.com\/pt-br\/","url":"https:\/\/www.42gears.com\/pt-br\/","name":"Unified Endpoint Management | Mobile Device Management | Securing and Managing Enterprise Mobile Devices | 42Gears","isPartOf":{"@id":"https:\/\/www.42gears.com\/#website"},"primaryImageOfPage":{"@id":"https:\/\/www.42gears.com\/pt-br\/#primaryimage"},"image":{"@id":"https:\/\/www.42gears.com\/pt-br\/#primaryimage"},"thumbnailUrl":"https:\/\/www.42gears.com\/wp-content\/uploads\/2018\/12\/Featured-Image-42Gears-logo.png","datePublished":"2015-04-08T22:56:48+00:00","dateModified":"2024-08-08T07:08:17+00:00","description":"Leaders in Enterprise Mobility Management, Mobile Device Management(MDM), Mobile Device Lockdown, Kiosk Secure Browser for Android, iOS and\u00a0Windows","breadcrumb":{"@id":"https:\/\/www.42gears.com\/pt-br\/#breadcrumb"},"inLanguage":"pt-BR","potentialAction":[{"@type":"ReadAction","target":["https:\/\/www.42gears.com\/pt-br\/"]}]},{"@type":"ImageObject","inLanguage":"pt-BR","@id":"https:\/\/www.42gears.com\/pt-br\/#primaryimage","url":"https:\/\/www.42gears.com\/wp-content\/uploads\/2018\/12\/Featured-Image-42Gears-logo.png","contentUrl":"https:\/\/www.42gears.com\/wp-content\/uploads\/2018\/12\/Featured-Image-42Gears-logo.png","width":499,"height":330,"caption":"Featured-Image-42Gears-logo"},{"@type":"BreadcrumbList","@id":"https:\/\/www.42gears.com\/pt-br\/#breadcrumb","itemListElement":[{"@type":"ListItem","position":1,"name":"Home","item":"https:\/\/www.42gears.com\/pt-br\/"},{"@type":"ListItem","position":2,"name":"Home"}]},{"@type":"WebSite","@id":"https:\/\/www.42gears.com\/#website","url":"https:\/\/www.42gears.com\/","name":"42Gears Mobility Systems","description":"Mobile Device Management (MDM), Mobile Security &amp; Mobile Device Lockdown","publisher":{"@id":"https:\/\/www.42gears.com\/#organization"},"potentialAction":[{"@type":"SearchAction","target":{"@type":"EntryPoint","urlTemplate":"https:\/\/www.42gears.com\/?s={search_term_string}"},"query-input":{"@type":"PropertyValueSpecification","valueRequired":true,"valueName":"search_term_string"}}],"inLanguage":"pt-BR"},{"@type":"Organization","@id":"https:\/\/www.42gears.com\/#organization","name":"MDM - 42Gears","url":"https:\/\/www.42gears.com\/","logo":{"@type":"ImageObject","inLanguage":"pt-BR","@id":"https:\/\/www.42gears.com\/#\/schema\/logo\/image\/","url":"https:\/\/www.42gears.com\/wp-content\/uploads\/2018\/12\/Featured-Image-42Gears-logo.png","contentUrl":"https:\/\/www.42gears.com\/wp-content\/uploads\/2018\/12\/Featured-Image-42Gears-logo.png","width":499,"height":330,"caption":"MDM - 42Gears"},"image":{"@id":"https:\/\/www.42gears.com\/#\/schema\/logo\/image\/"},"sameAs":["https:\/\/www.facebook.com\/42gears","https:\/\/x.com\/42Gears"]}]}},"_links":{"self":[{"href":"https:\/\/www.42gears.com\/pt-br\/wp-json\/wp\/v2\/pages\/17817","targetHints":{"allow":["GET"]}}],"collection":[{"href":"https:\/\/www.42gears.com\/pt-br\/wp-json\/wp\/v2\/pages"}],"about":[{"href":"https:\/\/www.42gears.com\/pt-br\/wp-json\/wp\/v2\/types\/page"}],"author":[{"embeddable":true,"href":"https:\/\/www.42gears.com\/pt-br\/wp-json\/wp\/v2\/users\/7"}],"replies":[{"embeddable":true,"href":"https:\/\/www.42gears.com\/pt-br\/wp-json\/wp\/v2\/comments?post=17817"}],"version-history":[{"count":47,"href":"https:\/\/www.42gears.com\/pt-br\/wp-json\/wp\/v2\/pages\/17817\/revisions"}],"predecessor-version":[{"id":103618,"href":"https:\/\/www.42gears.com\/pt-br\/wp-json\/wp\/v2\/pages\/17817\/revisions\/103618"}],"wp:featuredmedia":[{"embeddable":true,"href":"https:\/\/www.42gears.com\/pt-br\/wp-json\/wp\/v2\/media\/28577"}],"wp:attachment":[{"href":"https:\/\/www.42gears.com\/pt-br\/wp-json\/wp\/v2\/media?parent=17817"}],"wp:term":[{"taxonomy":"category","embeddable":true,"href":"https:\/\/www.42gears.com\/pt-br\/wp-json\/wp\/v2\/categories?post=17817"},{"taxonomy":"post_tag","embeddable":true,"href":"https:\/\/www.42gears.com\/pt-br\/wp-json\/wp\/v2\/tags?post=17817"}],"curies":[{"name":"wp","href":"https:\/\/api.w.org\/{rel}","templated":true}]}}