{"id":71789,"date":"2021-08-26T13:40:16","date_gmt":"2021-08-26T13:40:16","guid":{"rendered":"https:\/\/www.42gears.com\/trackforce-finds-a-smart-way-to-manage-and-secure-its-business-devices-with-42gears-uem\/"},"modified":"2021-09-02T06:12:19","modified_gmt":"2021-09-02T06:12:19","slug":"trackforce-finds-a-smart-way-to-manage-and-secure-its-business-devices-with-42gears-uem","status":"publish","type":"page","link":"https:\/\/www.42gears.com\/fr\/etude-de-cas\/trackforce-finds-a-smart-way-to-manage-and-secure-its-business-devices-with-42gears-uem\/","title":{"rendered":"TrackForce trouve un moyen intelligent pour g\u00e9rer et s\u00e9curiser les dispositifs professionnels avec 42Gears UEM"},"content":{"rendered":"\n<h1>\n\t\t\u00c9tude de cas &#8211; Services sur site\n\t<\/h1>\n\t\t\t<img decoding=\"async\" loading=\"false\" src=\"https:\/\/www.42gears.com\/wp-content\/uploads\/2019\/05\/TrackForce-Finds-a-Smart-Way-to-Manage-and-Secure-its-Business-Devices-with-42Gears-UEM-Banner.png\" alt=\"TrackForce Finds a Smart Way to Manage and Secure its Business Devices with 42Gears UEM Banner\">\t\t\t\n\t\t\t\t<h3><b>TrackForce trouve un moyen intelligent pour g\u00e9rer et s\u00e9curiser les dispositifs professionnels avec 42Gears UEM<\/b><\/h3>\n<p>&nbsp;<\/p>\n\t<h3><b>Aper\u00e7u des activit\u00e9s<\/b><\/h3>\n<p>Trackforce est un fournisseur de plateformes avanc\u00e9es de gestion des effectifs qui aident les soci\u00e9t\u00e9s\/organisations\/entreprises \u00e0 g\u00e9rer, surveiller et automatiser les op\u00e9rations des agent de s\u00e9curit\u00e9. Approuv\u00e9 par plus de 20 000 organisations dans le monde, la solution de TrackForce aide \u00e0 augmenter la responsabilit\u00e9 des effectifs, \u00e0 am\u00e9liorer l&rsquo;efficacit\u00e9 op\u00e9rationnelle et \u00e0 permettre une meilleure communication entre toutes les parties prenantes.<\/p>\n<p>Les agents de s\u00e9curit\u00e9 de TrackForce sont arm\u00e9s de m-Post, une application mobile qui les aident \u00e0 suivre les t\u00e2ches et les tours de garde. L&rsquo;application aide la soci\u00e9t\u00e9 \u00e0 s&rsquo;assurer de la responsabilit\u00e9 des officiers, \u00e0 am\u00e9liorer l&rsquo;efficacit\u00e9 op\u00e9rationnelle et \u00e0 permettre une meilleure communication entre les officiers et la gestion de la s\u00e9curit\u00e9 d&rsquo;entreprise. Elle aide \u00e9galement la soci\u00e9t\u00e9 \u00e0 suivre les gardes en temps r\u00e9el, \u00e0 garantir la transparence en obtenant plus de renseignement sur la productivit\u00e9 des effectifs et \u00e0 motiver les employ\u00e9s les plus performants.<\/p>\n\t<h3>Le probl\u00e8me<\/h3>\n<p><b>1. Gestion d\u00e9centralis\u00e9e des dispositifs :<\/b>&nbsp;Uniformiser les op\u00e9rations des officiers et les patrouilles s&rsquo;av\u00e9rait compliqu\u00e9 en raison de l&rsquo;absence d&rsquo;un tableau de bord central.<\/p>\n<p><b>2. Mauvaise utilisation des dispositifs :<\/b> Puisque les dispositifs remis aux gardes \u00e9taient tous des dispositifs standard, TrackForce voulait s&rsquo;assurer qu&rsquo;ils n&rsquo;\u00e9taient utilis\u00e9s que pour acc\u00e9der \u00e0 des applications professionnelles.<\/p>\n<p><b>3. Difficult\u00e9 \u00e0 d\u00e9ployer l&rsquo;application professionnelle : <\/b>TrackForce a d\u00fb d\u00e9ployer un nombre consid\u00e9rable de dispositifs avec son application professionnelle install\u00e9e dessus, ce qui \u00e9tait long et fastidieux.<\/p>\n<p><b>4. Entretenir les dispositifs mobiles \u00e9tait incommode et co\u00fbteux :&nbsp;<\/b>D\u00e8s qu&rsquo;un dispositif tombait en panne, la soci\u00e9t\u00e9 devait le transporter jusqu&rsquo;au centre de service.<\/p>\n\t\t\t\t<img decoding=\"async\" src=\"https:\/\/www.42gears.com\/wp-content\/uploads\/2019\/05\/TrackForce.png\" alt=\"TrackForce\" itemprop=\"image\" height=\"107\" width=\"472\" title=\"TrackForce\" onerror=\"this.style.display='none'\">\n\t<p><b>Industrie:<\/b> Services sur site<\/p>\n<p><b>Lieu de mission:<\/b> France<\/p>\n<p><b>Licences:<\/b> 5000-10000 dispositifs<\/p>\n<p><b>Dispositifs: <\/b>CAT S41 et SAMSUNG<\/p>\n<p><b>Syst\u00e8me d&rsquo;exploitation:<\/b> Android<\/p>\n<p><b>Solution:<\/b> 42Gears UEM<\/p>\n\t<h3>La solution<\/h3>\n<p>TrackForce a approch\u00e9 42Gears avec ses probl\u00e8mes et ses exigences. Elle a trouv\u00e9 que 42Gears UEM \u00e9tait une solution simple et intuitive.<\/p>\n\n<p>42Gears offrait les caract\u00e9ristiques suivantes \u00e0 TrackForce :<\/p>\n<p><b>1. Gestion \u00e0 distance :&nbsp;<\/b>Le tableau de bord de la console 42Gears UEM fournit \u00e0 TrackForce une vue centralis\u00e9e de tous les dispositifs.<\/p>\n<p><b>2. Mode d&rsquo;application unique :&nbsp;<\/b>Autoriser seulement leur application professionnelle et verrouiller leur appareil a garanti que les travailleurs n&rsquo;avaient acc\u00e8s qu&rsquo;\u00e0 une seule application, sans occasion de faire un mauvais usage de leur dispositif.<\/p>\n<p><b>3. D\u00e9ploiement de masse : <\/b>Permet \u00e0 la soci\u00e9t\u00e9 de configurer un grand nombre de dispositifs avec les applications professionnelles et les param\u00e8tres souhait\u00e9s en quelques minutes.<\/p>\n<p><b>4. Installer les applications : <\/b>La t\u00e2che Installer l&rsquo;application permet \u00e0 la soci\u00e9t\u00e9 d&rsquo;installer et de mettre \u00e0 jour la ou les application\/s sur les dispositifs des travailleurs \u00e0 distance.<\/p>\n<p><b>5. Configurer les missions : <\/b>La fonction Configurer les missions aide la soci\u00e9t\u00e9 \u00e0 faire une notification push des missions \u00e0 distance sur les dispositifs.<\/p>\n<p><b>6. Assistance \u00e0 distance :&nbsp;<\/b>L&rsquo;option d&rsquo;acc\u00e8s \u00e0 distance lui permet de d\u00e9panner les dispositifs \u00e0 distance sans l&rsquo;amener jusqu&rsquo;au centre de service.<\/p>\n\t<h3>Avantages<\/h3>\n<p><strong>1. <\/strong>Les incidents de panne technique ont significativement r\u00e9duit, qui \u00e0 leur tour ont r\u00e9duit les probl\u00e8mes de services apr\u00e8s-vente.<\/p>\n<p><strong>2.<\/strong> TrackForce est en mesure de g\u00e9rer et contr\u00f4ler efficacement les fonctions des dispositifs \u00e0 distance.<\/p>\n\t<h3>R\u00e9sultats<\/h3>\n<p><strong>1.<\/strong> &nbsp;L&rsquo;efficacit\u00e9 globale a augment\u00e9 de <strong>80%<\/strong>.<\/p>\n<p><strong>2.<\/strong> La productivit\u00e9 globale des utilisateurs a augment\u00e9 de <strong>100%<\/strong>.<\/p>\n<p><strong>3.<\/strong> TrackForce a \u00e9conomis\u00e9 <strong>20%<\/strong> du co\u00fbt de la gestion de l&rsquo;infrastructure IT.<\/p>\n\t<h3>T\u00e9moignage<\/h3>\n\n\n<p>&nbsp;<\/p>\n","protected":false},"excerpt":{"rendered":"<p>\u00c9tude de cas &#8211; Services sur site TrackForce trouve un moyen intelligent pour g\u00e9rer et s\u00e9curiser les dispositifs professionnels avec 42Gears UEM &nbsp; Aper\u00e7u des activit\u00e9s Trackforce est un fournisseur de plateformes avanc\u00e9es de gestion des effectifs qui aident les soci\u00e9t\u00e9s\/organisations\/entreprises \u00e0 g\u00e9rer, surveiller et automatiser les op\u00e9rations des agent de s\u00e9curit\u00e9. Approuv\u00e9 par plus&hellip;<\/p>\n","protected":false},"author":7,"featured_media":36760,"parent":71791,"menu_order":0,"comment_status":"closed","ping_status":"closed","template":"","meta":{"_acf_changed":false,"footnotes":""},"categories":[],"tags":[],"class_list":["post-71789","page","type-page","status-publish","has-post-thumbnail","hentry"],"acf":[],"yoast_head":"<!-- This site is optimized with the Yoast SEO Premium plugin v24.6 (Yoast SEO v24.6) - https:\/\/yoast.com\/wordpress\/plugins\/seo\/ -->\n<title>TrackForce | Workforce Management | Android Device Management |<\/title>\n<meta name=\"description\" content=\"Trackforce increased overall efficiency by 80%, productivity by 100% and saved 20% on the cost of IT infrastructure management with 42Gears.\" \/>\n<meta name=\"robots\" content=\"index, follow, max-snippet:-1, max-image-preview:large, max-video-preview:-1\" \/>\n<link rel=\"canonical\" href=\"http:\/\/www.42gears.com\/fr\/etude-de-cas\/trackforce-finds-a-smart-way-to-manage-and-secure-its-business-devices-with-42gears-uem\/\" \/>\n<meta property=\"og:locale\" content=\"fr_FR\" \/>\n<meta property=\"og:type\" content=\"article\" \/>\n<meta property=\"og:title\" content=\"TrackForce trouve un moyen intelligent pour g\u00e9rer et s\u00e9curiser les dispositifs professionnels avec 42Gears UEM\" \/>\n<meta property=\"og:description\" content=\"Trackforce increased overall efficiency by 80%, productivity by 100% and saved 20% on the cost of IT infrastructure management with 42Gears.\" \/>\n<meta property=\"og:url\" content=\"http:\/\/www.42gears.com\/fr\/etude-de-cas\/trackforce-finds-a-smart-way-to-manage-and-secure-its-business-devices-with-42gears-uem\/\" \/>\n<meta property=\"og:site_name\" content=\"42Gears Mobility Systems\" \/>\n<meta property=\"article:publisher\" content=\"https:\/\/www.facebook.com\/42gears\" \/>\n<meta property=\"article:modified_time\" content=\"2021-09-02T06:12:19+00:00\" \/>\n<meta property=\"og:image\" content=\"http:\/\/www.42gears.com\/wp-content\/uploads\/2019\/05\/trackforce-1.jpg\" \/>\n\t<meta property=\"og:image:width\" content=\"500\" \/>\n\t<meta property=\"og:image:height\" content=\"330\" \/>\n\t<meta property=\"og:image:type\" content=\"image\/jpeg\" \/>\n<meta name=\"twitter:card\" content=\"summary_large_image\" \/>\n<meta name=\"twitter:site\" content=\"@42Gears\" \/>\n<meta name=\"twitter:label1\" content=\"Est. reading time\" \/>\n\t<meta name=\"twitter:data1\" content=\"3 minutes\" \/>\n<script type=\"application\/ld+json\" class=\"yoast-schema-graph\">{\"@context\":\"https:\/\/schema.org\",\"@graph\":[{\"@type\":\"WebPage\",\"@id\":\"http:\/\/www.42gears.com\/fr\/etude-de-cas\/trackforce-finds-a-smart-way-to-manage-and-secure-its-business-devices-with-42gears-uem\/\",\"url\":\"http:\/\/www.42gears.com\/fr\/etude-de-cas\/trackforce-finds-a-smart-way-to-manage-and-secure-its-business-devices-with-42gears-uem\/\",\"name\":\"TrackForce | Workforce Management | Android Device Management |\",\"isPartOf\":{\"@id\":\"https:\/\/www.42gears.com\/#website\"},\"primaryImageOfPage\":{\"@id\":\"http:\/\/www.42gears.com\/fr\/etude-de-cas\/trackforce-finds-a-smart-way-to-manage-and-secure-its-business-devices-with-42gears-uem\/#primaryimage\"},\"image\":{\"@id\":\"http:\/\/www.42gears.com\/fr\/etude-de-cas\/trackforce-finds-a-smart-way-to-manage-and-secure-its-business-devices-with-42gears-uem\/#primaryimage\"},\"thumbnailUrl\":\"https:\/\/www.42gears.com\/wp-content\/uploads\/2019\/05\/trackforce-1.jpg\",\"datePublished\":\"2021-08-26T13:40:16+00:00\",\"dateModified\":\"2021-09-02T06:12:19+00:00\",\"description\":\"Trackforce increased overall efficiency by 80%, productivity by 100% and saved 20% on the cost of IT infrastructure management with 42Gears.\",\"breadcrumb\":{\"@id\":\"http:\/\/www.42gears.com\/fr\/etude-de-cas\/trackforce-finds-a-smart-way-to-manage-and-secure-its-business-devices-with-42gears-uem\/#breadcrumb\"},\"inLanguage\":\"fr-FR\",\"potentialAction\":[{\"@type\":\"ReadAction\",\"target\":[\"http:\/\/www.42gears.com\/fr\/etude-de-cas\/trackforce-finds-a-smart-way-to-manage-and-secure-its-business-devices-with-42gears-uem\/\"]}]},{\"@type\":\"ImageObject\",\"inLanguage\":\"fr-FR\",\"@id\":\"http:\/\/www.42gears.com\/fr\/etude-de-cas\/trackforce-finds-a-smart-way-to-manage-and-secure-its-business-devices-with-42gears-uem\/#primaryimage\",\"url\":\"https:\/\/www.42gears.com\/wp-content\/uploads\/2019\/05\/trackforce-1.jpg\",\"contentUrl\":\"https:\/\/www.42gears.com\/wp-content\/uploads\/2019\/05\/trackforce-1.jpg\",\"width\":500,\"height\":330,\"caption\":\"TrackForce Featured Image\"},{\"@type\":\"BreadcrumbList\",\"@id\":\"http:\/\/www.42gears.com\/fr\/etude-de-cas\/trackforce-finds-a-smart-way-to-manage-and-secure-its-business-devices-with-42gears-uem\/#breadcrumb\",\"itemListElement\":[{\"@type\":\"ListItem\",\"position\":1,\"name\":\"Home\",\"item\":\"https:\/\/www.42gears.com\/fr\/\"},{\"@type\":\"ListItem\",\"position\":2,\"name\":\"\u00c9tude de cas\",\"item\":\"https:\/\/www.42gears.com\/fr\/etude-de-cas\/\"},{\"@type\":\"ListItem\",\"position\":3,\"name\":\"TrackForce trouve un moyen intelligent pour g\u00e9rer et s\u00e9curiser les dispositifs professionnels avec 42Gears UEM\"}]},{\"@type\":\"WebSite\",\"@id\":\"https:\/\/www.42gears.com\/#website\",\"url\":\"https:\/\/www.42gears.com\/\",\"name\":\"42Gears Mobility Systems\",\"description\":\"Mobile Device Management (MDM), Mobile Security &amp; Mobile Device Lockdown\",\"publisher\":{\"@id\":\"https:\/\/www.42gears.com\/#organization\"},\"potentialAction\":[{\"@type\":\"SearchAction\",\"target\":{\"@type\":\"EntryPoint\",\"urlTemplate\":\"https:\/\/www.42gears.com\/?s={search_term_string}\"},\"query-input\":{\"@type\":\"PropertyValueSpecification\",\"valueRequired\":true,\"valueName\":\"search_term_string\"}}],\"inLanguage\":\"fr-FR\"},{\"@type\":\"Organization\",\"@id\":\"https:\/\/www.42gears.com\/#organization\",\"name\":\"MDM - 42Gears\",\"url\":\"https:\/\/www.42gears.com\/\",\"logo\":{\"@type\":\"ImageObject\",\"inLanguage\":\"fr-FR\",\"@id\":\"https:\/\/www.42gears.com\/#\/schema\/logo\/image\/\",\"url\":\"https:\/\/www.42gears.com\/wp-content\/uploads\/2018\/12\/Featured-Image-42Gears-logo.png\",\"contentUrl\":\"https:\/\/www.42gears.com\/wp-content\/uploads\/2018\/12\/Featured-Image-42Gears-logo.png\",\"width\":499,\"height\":330,\"caption\":\"MDM - 42Gears\"},\"image\":{\"@id\":\"https:\/\/www.42gears.com\/#\/schema\/logo\/image\/\"},\"sameAs\":[\"https:\/\/www.facebook.com\/42gears\",\"https:\/\/x.com\/42Gears\"]}]}<\/script>\n<!-- \/ Yoast SEO Premium plugin. -->","yoast_head_json":{"title":"TrackForce | Workforce Management | Android Device Management |","description":"Trackforce increased overall efficiency by 80%, productivity by 100% and saved 20% on the cost of IT infrastructure management with 42Gears.","robots":{"index":"index","follow":"follow","max-snippet":"max-snippet:-1","max-image-preview":"max-image-preview:large","max-video-preview":"max-video-preview:-1"},"canonical":"http:\/\/www.42gears.com\/fr\/etude-de-cas\/trackforce-finds-a-smart-way-to-manage-and-secure-its-business-devices-with-42gears-uem\/","og_locale":"fr_FR","og_type":"article","og_title":"TrackForce trouve un moyen intelligent pour g\u00e9rer et s\u00e9curiser les dispositifs professionnels avec 42Gears UEM","og_description":"Trackforce increased overall efficiency by 80%, productivity by 100% and saved 20% on the cost of IT infrastructure management with 42Gears.","og_url":"http:\/\/www.42gears.com\/fr\/etude-de-cas\/trackforce-finds-a-smart-way-to-manage-and-secure-its-business-devices-with-42gears-uem\/","og_site_name":"42Gears Mobility Systems","article_publisher":"https:\/\/www.facebook.com\/42gears","article_modified_time":"2021-09-02T06:12:19+00:00","og_image":[{"width":500,"height":330,"url":"http:\/\/www.42gears.com\/wp-content\/uploads\/2019\/05\/trackforce-1.jpg","type":"image\/jpeg"}],"twitter_card":"summary_large_image","twitter_site":"@42Gears","twitter_misc":{"Est. reading time":"3 minutes"},"schema":{"@context":"https:\/\/schema.org","@graph":[{"@type":"WebPage","@id":"http:\/\/www.42gears.com\/fr\/etude-de-cas\/trackforce-finds-a-smart-way-to-manage-and-secure-its-business-devices-with-42gears-uem\/","url":"http:\/\/www.42gears.com\/fr\/etude-de-cas\/trackforce-finds-a-smart-way-to-manage-and-secure-its-business-devices-with-42gears-uem\/","name":"TrackForce | Workforce Management | Android Device Management |","isPartOf":{"@id":"https:\/\/www.42gears.com\/#website"},"primaryImageOfPage":{"@id":"http:\/\/www.42gears.com\/fr\/etude-de-cas\/trackforce-finds-a-smart-way-to-manage-and-secure-its-business-devices-with-42gears-uem\/#primaryimage"},"image":{"@id":"http:\/\/www.42gears.com\/fr\/etude-de-cas\/trackforce-finds-a-smart-way-to-manage-and-secure-its-business-devices-with-42gears-uem\/#primaryimage"},"thumbnailUrl":"https:\/\/www.42gears.com\/wp-content\/uploads\/2019\/05\/trackforce-1.jpg","datePublished":"2021-08-26T13:40:16+00:00","dateModified":"2021-09-02T06:12:19+00:00","description":"Trackforce increased overall efficiency by 80%, productivity by 100% and saved 20% on the cost of IT infrastructure management with 42Gears.","breadcrumb":{"@id":"http:\/\/www.42gears.com\/fr\/etude-de-cas\/trackforce-finds-a-smart-way-to-manage-and-secure-its-business-devices-with-42gears-uem\/#breadcrumb"},"inLanguage":"fr-FR","potentialAction":[{"@type":"ReadAction","target":["http:\/\/www.42gears.com\/fr\/etude-de-cas\/trackforce-finds-a-smart-way-to-manage-and-secure-its-business-devices-with-42gears-uem\/"]}]},{"@type":"ImageObject","inLanguage":"fr-FR","@id":"http:\/\/www.42gears.com\/fr\/etude-de-cas\/trackforce-finds-a-smart-way-to-manage-and-secure-its-business-devices-with-42gears-uem\/#primaryimage","url":"https:\/\/www.42gears.com\/wp-content\/uploads\/2019\/05\/trackforce-1.jpg","contentUrl":"https:\/\/www.42gears.com\/wp-content\/uploads\/2019\/05\/trackforce-1.jpg","width":500,"height":330,"caption":"TrackForce Featured Image"},{"@type":"BreadcrumbList","@id":"http:\/\/www.42gears.com\/fr\/etude-de-cas\/trackforce-finds-a-smart-way-to-manage-and-secure-its-business-devices-with-42gears-uem\/#breadcrumb","itemListElement":[{"@type":"ListItem","position":1,"name":"Home","item":"https:\/\/www.42gears.com\/fr\/"},{"@type":"ListItem","position":2,"name":"\u00c9tude de cas","item":"https:\/\/www.42gears.com\/fr\/etude-de-cas\/"},{"@type":"ListItem","position":3,"name":"TrackForce trouve un moyen intelligent pour g\u00e9rer et s\u00e9curiser les dispositifs professionnels avec 42Gears UEM"}]},{"@type":"WebSite","@id":"https:\/\/www.42gears.com\/#website","url":"https:\/\/www.42gears.com\/","name":"42Gears Mobility Systems","description":"Mobile Device Management (MDM), Mobile Security &amp; Mobile Device Lockdown","publisher":{"@id":"https:\/\/www.42gears.com\/#organization"},"potentialAction":[{"@type":"SearchAction","target":{"@type":"EntryPoint","urlTemplate":"https:\/\/www.42gears.com\/?s={search_term_string}"},"query-input":{"@type":"PropertyValueSpecification","valueRequired":true,"valueName":"search_term_string"}}],"inLanguage":"fr-FR"},{"@type":"Organization","@id":"https:\/\/www.42gears.com\/#organization","name":"MDM - 42Gears","url":"https:\/\/www.42gears.com\/","logo":{"@type":"ImageObject","inLanguage":"fr-FR","@id":"https:\/\/www.42gears.com\/#\/schema\/logo\/image\/","url":"https:\/\/www.42gears.com\/wp-content\/uploads\/2018\/12\/Featured-Image-42Gears-logo.png","contentUrl":"https:\/\/www.42gears.com\/wp-content\/uploads\/2018\/12\/Featured-Image-42Gears-logo.png","width":499,"height":330,"caption":"MDM - 42Gears"},"image":{"@id":"https:\/\/www.42gears.com\/#\/schema\/logo\/image\/"},"sameAs":["https:\/\/www.facebook.com\/42gears","https:\/\/x.com\/42Gears"]}]}},"_links":{"self":[{"href":"https:\/\/www.42gears.com\/fr\/wp-json\/wp\/v2\/pages\/71789","targetHints":{"allow":["GET"]}}],"collection":[{"href":"https:\/\/www.42gears.com\/fr\/wp-json\/wp\/v2\/pages"}],"about":[{"href":"https:\/\/www.42gears.com\/fr\/wp-json\/wp\/v2\/types\/page"}],"author":[{"embeddable":true,"href":"https:\/\/www.42gears.com\/fr\/wp-json\/wp\/v2\/users\/7"}],"replies":[{"embeddable":true,"href":"https:\/\/www.42gears.com\/fr\/wp-json\/wp\/v2\/comments?post=71789"}],"version-history":[{"count":6,"href":"https:\/\/www.42gears.com\/fr\/wp-json\/wp\/v2\/pages\/71789\/revisions"}],"predecessor-version":[{"id":72011,"href":"https:\/\/www.42gears.com\/fr\/wp-json\/wp\/v2\/pages\/71789\/revisions\/72011"}],"up":[{"embeddable":true,"href":"https:\/\/www.42gears.com\/fr\/wp-json\/wp\/v2\/pages\/71791"}],"wp:featuredmedia":[{"embeddable":true,"href":"https:\/\/www.42gears.com\/fr\/wp-json\/wp\/v2\/media\/36760"}],"wp:attachment":[{"href":"https:\/\/www.42gears.com\/fr\/wp-json\/wp\/v2\/media?parent=71789"}],"wp:term":[{"taxonomy":"category","embeddable":true,"href":"https:\/\/www.42gears.com\/fr\/wp-json\/wp\/v2\/categories?post=71789"},{"taxonomy":"post_tag","embeddable":true,"href":"https:\/\/www.42gears.com\/fr\/wp-json\/wp\/v2\/tags?post=71789"}],"curies":[{"name":"wp","href":"https:\/\/api.w.org\/{rel}","templated":true}]}}