{"id":51780,"date":"2020-05-14T12:30:03","date_gmt":"2020-05-14T12:30:03","guid":{"rendered":"https:\/\/www.42gears.com\/courriel-securise\/"},"modified":"2020-05-14T12:30:03","modified_gmt":"2020-05-14T12:30:03","slug":"courriel-securise","status":"publish","type":"page","link":"https:\/\/www.42gears.com\/fr\/courriel-securise\/","title":{"rendered":"Courriel s\u00e9curis\u00e9"},"content":{"rendered":"","protected":false},"excerpt":{"rendered":"","protected":false},"author":7,"featured_media":0,"parent":0,"menu_order":0,"comment_status":"closed","ping_status":"closed","template":"","meta":{"_acf_changed":false,"footnotes":""},"categories":[],"tags":[],"class_list":["post-51780","page","type-page","status-publish","hentry"],"acf":[],"yoast_head":"<!-- This site is optimized with the Yoast SEO Premium plugin v24.6 (Yoast SEO v24.6) - https:\/\/yoast.com\/wordpress\/plugins\/seo\/ -->\n<title>Logiciel de gestion du courrier \u00e9lectronique d&#039;entreprise | Application de courriel s\u00e9curis\u00e9<\/title>\n<meta name=\"description\" content=\"Acc\u00e8s s\u00e9curis\u00e9 aux courriers \u00e9lectroniques professionnels gr\u00e2ce \u00e0 des applications de courrier \u00e9lectronique natives. Les entreprises peuvent fournir le courriel \u00e0 distance, g\u00e9rer l&#039;acc\u00e8s et effacer les courriels des dispositifs mobiles.\" \/>\n<meta name=\"robots\" content=\"index, follow, max-snippet:-1, max-image-preview:large, max-video-preview:-1\" \/>\n<link rel=\"canonical\" href=\"http:\/\/www.42gears.com\/fr\/courriel-securise\/\" \/>\n<meta property=\"og:locale\" content=\"fr_FR\" \/>\n<meta property=\"og:type\" content=\"article\" \/>\n<meta property=\"og:title\" content=\"Courriel s\u00e9curis\u00e9\" \/>\n<meta property=\"og:description\" content=\"Acc\u00e8s s\u00e9curis\u00e9 aux courriers \u00e9lectroniques professionnels gr\u00e2ce \u00e0 des applications de courrier \u00e9lectronique natives. Les entreprises peuvent fournir le courriel \u00e0 distance, g\u00e9rer l&#039;acc\u00e8s et effacer les courriels des dispositifs mobiles.\" \/>\n<meta property=\"og:url\" content=\"http:\/\/www.42gears.com\/fr\/courriel-securise\/\" \/>\n<meta property=\"og:site_name\" content=\"42Gears Mobility Systems\" \/>\n<meta property=\"article:publisher\" content=\"https:\/\/www.facebook.com\/42gears\" \/>\n<meta name=\"twitter:card\" content=\"summary_large_image\" \/>\n<meta name=\"twitter:site\" content=\"@42Gears\" \/>\n<script type=\"application\/ld+json\" class=\"yoast-schema-graph\">{\"@context\":\"https:\/\/schema.org\",\"@graph\":[{\"@type\":\"WebPage\",\"@id\":\"http:\/\/www.42gears.com\/fr\/courriel-securise\/\",\"url\":\"http:\/\/www.42gears.com\/fr\/courriel-securise\/\",\"name\":\"Logiciel de gestion du courrier \u00e9lectronique d'entreprise | Application de courriel s\u00e9curis\u00e9\",\"isPartOf\":{\"@id\":\"https:\/\/www.42gears.com\/#website\"},\"datePublished\":\"2020-05-14T12:30:03+00:00\",\"description\":\"Acc\u00e8s s\u00e9curis\u00e9 aux courriers \u00e9lectroniques professionnels gr\u00e2ce \u00e0 des applications de courrier \u00e9lectronique natives. Les entreprises peuvent fournir le courriel \u00e0 distance, g\u00e9rer l'acc\u00e8s et effacer les courriels des dispositifs mobiles.\",\"breadcrumb\":{\"@id\":\"http:\/\/www.42gears.com\/fr\/courriel-securise\/#breadcrumb\"},\"inLanguage\":\"fr-FR\",\"potentialAction\":[{\"@type\":\"ReadAction\",\"target\":[\"http:\/\/www.42gears.com\/fr\/courriel-securise\/\"]}]},{\"@type\":\"BreadcrumbList\",\"@id\":\"http:\/\/www.42gears.com\/fr\/courriel-securise\/#breadcrumb\",\"itemListElement\":[{\"@type\":\"ListItem\",\"position\":1,\"name\":\"Home\",\"item\":\"https:\/\/www.42gears.com\/fr\/\"},{\"@type\":\"ListItem\",\"position\":2,\"name\":\"Courriel s\u00e9curis\u00e9\"}]},{\"@type\":\"WebSite\",\"@id\":\"https:\/\/www.42gears.com\/#website\",\"url\":\"https:\/\/www.42gears.com\/\",\"name\":\"42Gears Mobility Systems\",\"description\":\"Mobile Device Management (MDM), Mobile Security &amp; Mobile Device Lockdown\",\"publisher\":{\"@id\":\"https:\/\/www.42gears.com\/#organization\"},\"potentialAction\":[{\"@type\":\"SearchAction\",\"target\":{\"@type\":\"EntryPoint\",\"urlTemplate\":\"https:\/\/www.42gears.com\/?s={search_term_string}\"},\"query-input\":{\"@type\":\"PropertyValueSpecification\",\"valueRequired\":true,\"valueName\":\"search_term_string\"}}],\"inLanguage\":\"fr-FR\"},{\"@type\":\"Organization\",\"@id\":\"https:\/\/www.42gears.com\/#organization\",\"name\":\"MDM - 42Gears\",\"url\":\"https:\/\/www.42gears.com\/\",\"logo\":{\"@type\":\"ImageObject\",\"inLanguage\":\"fr-FR\",\"@id\":\"https:\/\/www.42gears.com\/#\/schema\/logo\/image\/\",\"url\":\"https:\/\/www.42gears.com\/wp-content\/uploads\/2018\/12\/Featured-Image-42Gears-logo.png\",\"contentUrl\":\"https:\/\/www.42gears.com\/wp-content\/uploads\/2018\/12\/Featured-Image-42Gears-logo.png\",\"width\":499,\"height\":330,\"caption\":\"MDM - 42Gears\"},\"image\":{\"@id\":\"https:\/\/www.42gears.com\/#\/schema\/logo\/image\/\"},\"sameAs\":[\"https:\/\/www.facebook.com\/42gears\",\"https:\/\/x.com\/42Gears\"]}]}<\/script>\n<!-- \/ Yoast SEO Premium plugin. -->","yoast_head_json":{"title":"Logiciel de gestion du courrier \u00e9lectronique d'entreprise | Application de courriel s\u00e9curis\u00e9","description":"Acc\u00e8s s\u00e9curis\u00e9 aux courriers \u00e9lectroniques professionnels gr\u00e2ce \u00e0 des applications de courrier \u00e9lectronique natives. Les entreprises peuvent fournir le courriel \u00e0 distance, g\u00e9rer l'acc\u00e8s et effacer les courriels des dispositifs mobiles.","robots":{"index":"index","follow":"follow","max-snippet":"max-snippet:-1","max-image-preview":"max-image-preview:large","max-video-preview":"max-video-preview:-1"},"canonical":"http:\/\/www.42gears.com\/fr\/courriel-securise\/","og_locale":"fr_FR","og_type":"article","og_title":"Courriel s\u00e9curis\u00e9","og_description":"Acc\u00e8s s\u00e9curis\u00e9 aux courriers \u00e9lectroniques professionnels gr\u00e2ce \u00e0 des applications de courrier \u00e9lectronique natives. Les entreprises peuvent fournir le courriel \u00e0 distance, g\u00e9rer l'acc\u00e8s et effacer les courriels des dispositifs mobiles.","og_url":"http:\/\/www.42gears.com\/fr\/courriel-securise\/","og_site_name":"42Gears Mobility Systems","article_publisher":"https:\/\/www.facebook.com\/42gears","twitter_card":"summary_large_image","twitter_site":"@42Gears","schema":{"@context":"https:\/\/schema.org","@graph":[{"@type":"WebPage","@id":"http:\/\/www.42gears.com\/fr\/courriel-securise\/","url":"http:\/\/www.42gears.com\/fr\/courriel-securise\/","name":"Logiciel de gestion du courrier \u00e9lectronique d'entreprise | Application de courriel s\u00e9curis\u00e9","isPartOf":{"@id":"https:\/\/www.42gears.com\/#website"},"datePublished":"2020-05-14T12:30:03+00:00","description":"Acc\u00e8s s\u00e9curis\u00e9 aux courriers \u00e9lectroniques professionnels gr\u00e2ce \u00e0 des applications de courrier \u00e9lectronique natives. Les entreprises peuvent fournir le courriel \u00e0 distance, g\u00e9rer l'acc\u00e8s et effacer les courriels des dispositifs mobiles.","breadcrumb":{"@id":"http:\/\/www.42gears.com\/fr\/courriel-securise\/#breadcrumb"},"inLanguage":"fr-FR","potentialAction":[{"@type":"ReadAction","target":["http:\/\/www.42gears.com\/fr\/courriel-securise\/"]}]},{"@type":"BreadcrumbList","@id":"http:\/\/www.42gears.com\/fr\/courriel-securise\/#breadcrumb","itemListElement":[{"@type":"ListItem","position":1,"name":"Home","item":"https:\/\/www.42gears.com\/fr\/"},{"@type":"ListItem","position":2,"name":"Courriel s\u00e9curis\u00e9"}]},{"@type":"WebSite","@id":"https:\/\/www.42gears.com\/#website","url":"https:\/\/www.42gears.com\/","name":"42Gears Mobility Systems","description":"Mobile Device Management (MDM), Mobile Security &amp; Mobile Device Lockdown","publisher":{"@id":"https:\/\/www.42gears.com\/#organization"},"potentialAction":[{"@type":"SearchAction","target":{"@type":"EntryPoint","urlTemplate":"https:\/\/www.42gears.com\/?s={search_term_string}"},"query-input":{"@type":"PropertyValueSpecification","valueRequired":true,"valueName":"search_term_string"}}],"inLanguage":"fr-FR"},{"@type":"Organization","@id":"https:\/\/www.42gears.com\/#organization","name":"MDM - 42Gears","url":"https:\/\/www.42gears.com\/","logo":{"@type":"ImageObject","inLanguage":"fr-FR","@id":"https:\/\/www.42gears.com\/#\/schema\/logo\/image\/","url":"https:\/\/www.42gears.com\/wp-content\/uploads\/2018\/12\/Featured-Image-42Gears-logo.png","contentUrl":"https:\/\/www.42gears.com\/wp-content\/uploads\/2018\/12\/Featured-Image-42Gears-logo.png","width":499,"height":330,"caption":"MDM - 42Gears"},"image":{"@id":"https:\/\/www.42gears.com\/#\/schema\/logo\/image\/"},"sameAs":["https:\/\/www.facebook.com\/42gears","https:\/\/x.com\/42Gears"]}]}},"_links":{"self":[{"href":"https:\/\/www.42gears.com\/fr\/wp-json\/wp\/v2\/pages\/51780","targetHints":{"allow":["GET"]}}],"collection":[{"href":"https:\/\/www.42gears.com\/fr\/wp-json\/wp\/v2\/pages"}],"about":[{"href":"https:\/\/www.42gears.com\/fr\/wp-json\/wp\/v2\/types\/page"}],"author":[{"embeddable":true,"href":"https:\/\/www.42gears.com\/fr\/wp-json\/wp\/v2\/users\/7"}],"replies":[{"embeddable":true,"href":"https:\/\/www.42gears.com\/fr\/wp-json\/wp\/v2\/comments?post=51780"}],"version-history":[{"count":0,"href":"https:\/\/www.42gears.com\/fr\/wp-json\/wp\/v2\/pages\/51780\/revisions"}],"wp:attachment":[{"href":"https:\/\/www.42gears.com\/fr\/wp-json\/wp\/v2\/media?parent=51780"}],"wp:term":[{"taxonomy":"category","embeddable":true,"href":"https:\/\/www.42gears.com\/fr\/wp-json\/wp\/v2\/categories?post=51780"},{"taxonomy":"post_tag","embeddable":true,"href":"https:\/\/www.42gears.com\/fr\/wp-json\/wp\/v2\/tags?post=51780"}],"curies":[{"name":"wp","href":"https:\/\/api.w.org\/{rel}","templated":true}]}}