{"id":51490,"date":"2020-05-07T12:17:26","date_gmt":"2020-05-07T12:17:26","guid":{"rendered":"https:\/\/www.42gears.com\/astrocontacts\/"},"modified":"2025-02-13T06:15:56","modified_gmt":"2025-02-13T06:15:56","slug":"astrocontacts","status":"publish","type":"page","link":"https:\/\/www.42gears.com\/fr\/products\/astrocontacts\/","title":{"rendered":"AstroContacts"},"content":{"rendered":"\n\n\t<h1>AstroContacts<\/h1>\nShared Contacts for Teams\nS\u00c9CURIS\u00c9 | BAS\u00c9 SUR LE CLOUD | AUCUNE CONFIGURATION REQUISE\n<a><img decoding=\"async\" src=\"https:\/\/www.42gears.com\/wp-content\/uploads\/2020\/01\/android.png\" alt=\"android\" \/><\/a><a><img decoding=\"async\" src=\"https:\/\/www.42gears.com\/wp-content\/uploads\/2020\/01\/apple.png\" alt=\"ios\" \/><\/a>\n\t<!-- <a href=\"https:\/\/suremdm.42gears.com\/console\/?registration=true\">Sign up for Free Trial<\/a> -->\n<a targe\"_blank\" href=\"https:\/\/astroportal.42gears.com\/#\/auth\/register\">Inscrivez-vous gratuitement<\/a>\n<ahref=\"\/?page_id=16593&#038;pname=2\" target=\"_blank\">Planifier une d\u00e9monstration\n<!-- <a href=\"\/?page_id=16593\"><\/a> -->\n\t\t\t\t<img decoding=\"async\" src=\"https:\/\/www.42gears.com\/wp-content\/uploads\/2020\/04\/astro-mobile-white.png\" alt=\"AstroContact Banner\" itemprop=\"image\" height=\"2208\" width=\"3000\" title=\"AstroContact Banner\" onerror=\"this.style.display='none'\"  \/>\n\t<h3>Vue d&rsquo;ensemble<\/h3>\n<p>La productivit\u00e9 d&rsquo;une \u00e9quipe repose sur la facilit\u00e9 et la rapidit\u00e9 avec lesquelles les membres de l&rsquo;\u00e9quipe r\u00e9ussissent \u00e0 se trouver et \u00e0 se contacter les uns les autres. Cela devient un \u00e9norme d\u00e9fi puisque la main-d&rsquo;\u0153uvre est de plus en plus mobile. <strong>AstroContacts<\/strong> de 42Gears est un outil de gestion des contacts d&rsquo;entreprises qui permet un partage sans faille des contacts entre les membres mobiles de l&rsquo;\u00e9quipe. Un utilisateur peut rapidement rechercher un contact, puis l&rsquo;appeler, lui envoyer un courriel ou un message texte d&rsquo;une simple pression.<\/p>\n\t<h2>Caract\u00e9ristiques<\/h2>\n\t\t\t\t<img decoding=\"async\" src=\"https:\/\/www.42gears.com\/wp-content\/uploads\/2020\/02\/AstroContacts-Centralized-Contact.png\" alt=\"AstroContacts - Centralized Contact\" itemprop=\"image\" height=\"328\" width=\"328\" title=\"AstroContacts - Centralized Contact\" onerror=\"this.style.display='none'\"  \/>\n\t<p>Gestion centralis\u00e9e des contacts<\/p>\n<p>Vous pouvez consulter les contacts d&rsquo;une \u00e9quipe ou d&rsquo;une organisation sur votre iOS ou votre dispositif Android.<\/p>\n\t\t\t\t<img decoding=\"async\" src=\"https:\/\/www.42gears.com\/wp-content\/uploads\/2020\/02\/AstroContacts-Control.png\" alt=\"AstroContacts - Control\" itemprop=\"image\" height=\"328\" width=\"328\" title=\"AstroContacts - Control\" onerror=\"this.style.display='none'\"  \/>\n\t<p>Contr\u00f4le des technologies de l&rsquo;information<\/p>\n<p>Annuaire de contacts totalement contr\u00f4l\u00e9 par l&rsquo;entreprise.<\/p>\n\t\t\t\t<img decoding=\"async\" src=\"https:\/\/www.42gears.com\/wp-content\/uploads\/2020\/02\/AstroContacts-Self-Service.png\" alt=\"AstroContacts - Self Service\" itemprop=\"image\" height=\"328\" width=\"328\" title=\"AstroContacts - Self Service\" onerror=\"this.style.display='none'\"  \/>\n\t<p>Libre service<\/p>\n<p>Les employ\u00e9s ont acc\u00e8s aux contacts et les modifient en fonction du contr\u00f4le d&rsquo;acc\u00e8s.<\/p>\n\t\t\t\t<img decoding=\"async\" src=\"https:\/\/www.42gears.com\/wp-content\/uploads\/2020\/02\/AstroContacts-Integrate.png\" alt=\"AstroContacts - Integrate\" itemprop=\"image\" height=\"328\" width=\"328\" title=\"AstroContacts - Integrate\" onerror=\"this.style.display='none'\"  \/>\n\tS&rsquo;int\u00e8gre aux plates-formes existantes<br \/>\nLance directement le t\u00e9l\u00e9phone, l&rsquo;application de messagerie par texte, Skype, WhatsApp pour la communication.\n\t\t\t\t<img decoding=\"async\" src=\"https:\/\/www.42gears.com\/wp-content\/uploads\/2020\/02\/AstroContacts-Setup.png\" alt=\"AstroContacts - Setup\" itemprop=\"image\" height=\"328\" width=\"328\" title=\"AstroContacts - Setup\" onerror=\"this.style.display='none'\"  \/>\n\t<p>Configuration initiale simplifi\u00e9e<\/p>\n<p>Disponible sur l&rsquo;App Store, Google Play. Installation facile.<\/p>\n\t\t\t\t<img decoding=\"async\" src=\"https:\/\/www.42gears.com\/wp-content\/uploads\/2020\/02\/AstroContacts-Alerts.png\" alt=\"AstroContacts - Alerts\" itemprop=\"image\" height=\"328\" width=\"328\" title=\"AstroContacts - Alerts\" onerror=\"this.style.display='none'\"  \/>\n\t<p>Alertes et rappels d&rsquo;\u00e9v\u00e9nements<\/p>\n<p>Tableau de bord commun qui permet aux employ\u00e9s de visualiser les alertes et les rappels d&rsquo;\u00e9v\u00e9nements, etc.<\/p>\n\t<h3>Prix<\/h3>\n\t<style> \/* simple flat #51830 *\/#ptp-51830{border-color:#ddd;padding:0;margin-left:0;margin-right:0}#ptp-51830 div.ptp-item-container{border-radius:0}#ptp-51830 div.ptp-item-container div{margin:0}#ptp-51830 .ptp-highlight div.ptp-item-container{border-color:#ddd}#ptp-51830 div.ptp-plan{border-top-right-radius:0;border-top-left-radius:0;font-size:1em;border-color:#ddd;background-color:#ddd;color:#333;padding:.9375em 1.25em}#ptp-51830 div.ptp-plan .has-tip{border-bottom:dotted 1px #333;color:#333}#ptp-51830 .ptp-highlight div.ptp-plan{border-color:#ddd;background-color:#ddd;color:#333}#ptp-51830 .ptp-highlight div.ptp-plan .has-tip{border-bottom:dotted 1px #333;color:#333}#ptp-51830 div.ptp-price{font-size:1.25em;background-color:#eee;color:#333;padding:.9375em 1.25em}#ptp-51830 div.ptp-price .has-tip{border-bottom:dotted 1px #333;color:#333}#ptp-51830 .ptp-highlight div.ptp-price{background-color:#eee;color:#333}#ptp-51830 .ptp-highlight div.ptp-price .has-tip{border-bottom:dotted 1px #333;color:#333}#ptp-51830 div.ptp-cta{border-bottom-right-radius:0;border-bottom-left-radius:0;background-color:#eee;padding-top:1.25em;padding-bottom:1.25em}#ptp-51830 .ptp-highlight div.ptp-cta{background-color:#eee}#ptp-51830 a.ptp-button{border-radius:0;font-size:1em;color:#fff;background-color:#3498db;border-bottom:#2980b9 4px solid;margin:0}#ptp-51830 a.ptp-button .has-tip,#ptp-51830 a.ptp-button:hover .has-tip{border-bottom:dotted 1px #fff;color:#fff}#ptp-51830 a.ptp-button:hover{background-color:#2980b9}#ptp-51830 div.ptp-bullet-item{color:#333;background-color:#fff;font-size:.875em;border-color:#ddd;padding:.9375em .5em .9375em .5em}#ptp-51830 .ptp-highlight .ptp-bullet-item{color:#333;border-color:#ddd;background-color:#fff}#ptp-51830 .ptp-highlight a.ptp-button{color:#fff;background-color:#e74c3c;border-bottom:#c0392b 4px solid}#ptp-51830 .ptp-highlight a.ptp-button:hover{background-color:#c0392b}#ptp-51830 .ptp-highlight a.ptp-button .has-tip{border-bottom:dotted 1px #fff;color:#fff}#ptp-51830 div.ptp-most-popular{border-radius:0;font-size:.9em;background-color:#7f8c8d;color:#fff;border:1px solid #7f8c8d}\/* end of simple flat #51830 *\/<\/style>        <script type=\"text\/javascript\">\n         jQuery(document).ready(function($) {\n            jQuery.call_match_height_51830 = function call_match_height_design1(ptp_id) {\n                                $( ptp_id+' .ptp-plan' ).matchHeight(false); \n                                $( ptp_id+' .ptp-cta' ).matchHeight(false); \n                                $( ptp_id+' .ptp-price' ).matchHeight(false);\n                                $( ptp_id+' .ptp-button' ).matchHeight(false);\n\n                                $( ptp_id+' .ptp-bullet-item' ).each(function( index ){\n                                    $( ptp_id+' .ptp-row-id-'+index ).matchHeight(false);\n             \n                                });  \n                         }\n            var ptp_id = '#ptp-'+51830 ;\n            $.call_match_height_51830 ( ptp_id );              \n         });\n      <\/script>\n      \n        <div id=\"ptp-51830\" class=\"ptp-pricing-table\" ><div class=\"ptp-col ptp-two-col  ptp-col-id-0 dh-ptp-col-id-0\"><div class=\"ptp-not-most-popular\">&nbsp;<\/div><div class=\"ptp-item-container\"><div class=\"ptp-plan\">Plan gratuit<\/div><div class=\"ptp-price\">0$<\/div><div class=\"ptp-bullet-item ptp-row-id-0\">42 contacts\r<\/div><div class=\"ptp-bullet-item ptp-row-id-1\">5 Dispositifs<\/div><div class=\"ptp-bullet-item ptp-row-id-2 tt-ptp-empty-row \">&nbsp;<\/div><div class=\"ptp-cta\"><a class=\"ptp-button ptp-checkout-button\" id=\"ptp-51830-cta-0\"  href=\"https:\/\/astroportal.42gears.com\/#\/auth\/register\"  >Ajouter au panier<\/a><\/div><\/div><\/div><div class=\"ptp-col ptp-two-col  ptp-col-id-1 dh-ptp-col-id-1\"><div class=\"ptp-not-most-popular\">&nbsp;<\/div><div class=\"ptp-item-container\"><div class=\"ptp-plan\">Plan Galaxie<\/div><div class=\"ptp-price\">1,99 $ par dispositif\/mois<\/div><div class=\"ptp-bullet-item ptp-row-id-0\">2000 contacts\r<\/div><div class=\"ptp-bullet-item ptp-row-id-1\">1000 Dispositifs\r<\/div><div class=\"ptp-bullet-item ptp-row-id-2\">10 Administrateurs suppl\u00e9mentaires<\/div><div class=\"ptp-cta\"><a class=\"ptp-button ptp-checkout-button\" id=\"ptp-51830-cta-1\"  href=\"https:\/\/astroportal.42gears.com\/#\/auth\/register\"  >Ajouter au panier<\/a><\/div><\/div><\/div><\/div>\nAvez-vous besoin d&rsquo;un plan personnalis\u00e9 pour votre organisation ? Veuillez <a href=\"mailto:sales@astrocontacts.com?subject=Custom Plan\">nous contacter.<\/a>\n\t<h2>FAQs<\/h2>\n\t\t\t<a href=\"#\" id=\"fl-accordion--label-0\" tabindex=\"0\" aria-controls=\"fl-accordion--panel-0\">Que faire pour cr\u00e9er le compte de mon organisation avec AstroContacts ?<\/a>\n\t\t\t\t\t\t\t<a href=\"#\" id=\"fl-accordion--icon-0\" tabindex=\"0\" aria-controls=\"fl-accordion--panel-0\"><i>Expand<\/i><\/a>\n\t\t<p>Vous pouvez vous inscrire sur le portail web AstroContacts. Par d\u00e9faut, vous obtenez des privil\u00e8ges administratifs et vous pouvez commencer \u00e0 configurer le compte de votre entreprise. En qualit\u00e9 d&rsquo;administrateur, il est possible de cr\u00e9er et de g\u00e9rer des utilisateurs et de leur accorder l&rsquo;acc\u00e8s requis au syst\u00e8me.<\/p>\n\t\t\t<a href=\"#\" id=\"fl-accordion--label-0\" tabindex=\"0\" aria-controls=\"fl-accordion--panel-0\">Puis-je me servir de l&rsquo;application mobile pour cr\u00e9er un compte d&rsquo;organisation ?<\/a>\n\t\t\t\t\t\t\t<a href=\"#\" id=\"fl-accordion--icon-0\" tabindex=\"0\" aria-controls=\"fl-accordion--panel-0\"><i>Expand<\/i><\/a>\n\t\t<p>Cette fonctionnalit\u00e9 est pr\u00e9vue pour une prochaine version. Veuillez rester \u00e0 l&rsquo;\u00e9coute pour obtenir d&rsquo;autres mises \u00e0 jour.<\/p>\n\t\t\t<a href=\"#\" id=\"fl-accordion--label-0\" tabindex=\"0\" aria-controls=\"fl-accordion--panel-0\">Une fois connect\u00e9, je re\u00e7ois un message : \u00ab\u00a0Votre demande d&rsquo;inscription est en cours d&rsquo;approbation par l&rsquo;administrateur, veuillez contacter votre administrateur\u00a0\u00bb. Qu&rsquo;est-ce que cela signifie ?<\/a>\n\t\t\t\t\t\t\t<a href=\"#\" id=\"fl-accordion--icon-0\" tabindex=\"0\" aria-controls=\"fl-accordion--panel-0\"><i>Expand<\/i><\/a>\n\t\t<p>Lorsqu&rsquo;un utilisateur se connecte via l&rsquo;application mobile, il doit indiquer son courriel d&rsquo;administration. Lorsque l&rsquo;inscription est termin\u00e9e \u00e0 partir de l&rsquo;application mobile, une demande est soumise \u00e0 l&rsquo;administrateur du compte pour approbation. \u00c0 ce stade, l&rsquo;utilisateur re\u00e7oit le message ci-dessus. Il est conseill\u00e9 de contacter l&rsquo;administrateur du compte pour les autorisations n\u00e9cessaires.<\/p>\n\t\t\t<a href=\"#\" id=\"fl-accordion--label-0\" tabindex=\"0\" aria-controls=\"fl-accordion--panel-0\">Comment puis-je modifier des contacts dans l&rsquo;application mobile ?<\/a>\n\t\t\t\t\t\t\t<a href=\"#\" id=\"fl-accordion--icon-0\" tabindex=\"0\" aria-controls=\"fl-accordion--panel-0\"><i>Expand<\/i><\/a>\n\t\t<p>Un utilisateur connect\u00e9 ayant \u00e9galement un contact professionnel peut le modifier dans l&rsquo;application mobile. Un utilisateur standard ne peut modifier des contacts internes ou professionnels dont il n&rsquo;est pas propri\u00e9taire.<\/p>\n\t\t\t<a href=\"#\" id=\"fl-accordion--label-0\" tabindex=\"0\" aria-controls=\"fl-accordion--panel-0\">Qu&rsquo;est-ce que le niveau d&rsquo;acc\u00e8s ? Quel est l&rsquo;impact sur l&rsquo;accessibilit\u00e9 des contacts ?<\/a>\n\t\t\t\t\t\t\t<a href=\"#\" id=\"fl-accordion--icon-0\" tabindex=\"0\" aria-controls=\"fl-accordion--panel-0\"><i>Expand<\/i><\/a>\n\t\t<p>On distingue 3 types de niveaux d&rsquo;acc\u00e8s pour les contacts : Public, \u00c9quipe et Priv\u00e9. Les contacts publics sont visibles dans toute l&rsquo;organisation. D&rsquo;autre part, les contacts d&rsquo;\u00e9quipe ne sont visibles que par les membres d\u00e9sign\u00e9s de l&rsquo;\u00e9quipe. Les contacts priv\u00e9s ne sont visibles que par l&rsquo;utilisateur qui en est propri\u00e9taire ou qui les a cr\u00e9\u00e9s.<\/p>\n\t\t\t<a href=\"#\" id=\"fl-accordion--label-0\" tabindex=\"0\" aria-controls=\"fl-accordion--panel-0\">Puis-je ajouter mes contacts personnels dans AstroContacts ?<\/a>\n\t\t\t\t\t\t\t<a href=\"#\" id=\"fl-accordion--icon-0\" tabindex=\"0\" aria-controls=\"fl-accordion--panel-0\"><i>Expand<\/i><\/a>\n\t\t<p>Cette fonctionnalit\u00e9 est pr\u00e9vue pour une prochaine version. Restez \u00e0 l&rsquo;\u00e9coute pour obtenir des mises \u00e0 jour.<\/p>\n\t<h3>Ressources<\/h3>\n\t <center><a target=\"_blank\" href=\"https:\/\/docs.42gears.com\/AstroContactsv2\/Introduction\/\" rel=\"noopener\"><img decoding=\"async\" src=\"https:\/\/www.42gears.com\/wp-content\/uploads\/2018\/03\/start.png\" alt=\"Get Started\"\/><\/a><\/center>\n  <center><p><a target=\"_blank\" href=\"https:\/\/astrocontacts.42gears.com\/documentation\/online-documentation\/Introduction.html\" rel=\"noopener\">D\u00e9marrer<\/a><\/p><\/center>\n\n","protected":false},"excerpt":{"rendered":"<p>AstroContacts Shared Contacts for Teams S\u00c9CURIS\u00c9 | BAS\u00c9 SUR LE CLOUD | AUCUNE CONFIGURATION REQUISE Inscrivez-vous gratuitement Planifier une d\u00e9monstration Vue d&rsquo;ensemble La productivit\u00e9 d&rsquo;une \u00e9quipe repose sur la facilit\u00e9 et la rapidit\u00e9 avec lesquelles les membres de l&rsquo;\u00e9quipe r\u00e9ussissent \u00e0 se trouver et \u00e0 se contacter les uns les autres. Cela devient un \u00e9norme&hellip;<\/p>\n","protected":false},"author":7,"featured_media":0,"parent":590,"menu_order":77,"comment_status":"closed","ping_status":"closed","template":"","meta":{"_acf_changed":false,"footnotes":""},"categories":[],"tags":[],"class_list":["post-51490","page","type-page","status-publish","hentry"],"acf":[],"yoast_head":"<!-- This site is optimized with the Yoast SEO Premium plugin v24.6 (Yoast SEO v24.6) - https:\/\/yoast.com\/wordpress\/plugins\/seo\/ -->\n<title>AstroContacts | Enterprise Contact Management | 42Gears UEM<\/title>\n<meta name=\"description\" content=\"AstroContacts de 42Gears est un outil de gestion des contacts d\u2019entreprises qui permet un partage sans faille des contacts entre les membres mobiles de l&#039;\u00e9quipe.\" \/>\n<meta name=\"robots\" content=\"index, follow, max-snippet:-1, max-image-preview:large, max-video-preview:-1\" \/>\n<link rel=\"canonical\" href=\"https:\/\/www.42gears.com\/fr\/products\/astrocontacts\/\" \/>\n<meta property=\"og:locale\" content=\"fr_FR\" \/>\n<meta property=\"og:type\" content=\"article\" \/>\n<meta property=\"og:title\" content=\"AstroContacts\" \/>\n<meta property=\"og:description\" content=\"AstroContacts de 42Gears est un outil de gestion des contacts d\u2019entreprises qui permet un partage sans faille des contacts entre les membres mobiles de l&#039;\u00e9quipe.\" \/>\n<meta property=\"og:url\" content=\"https:\/\/www.42gears.com\/fr\/products\/astrocontacts\/\" \/>\n<meta property=\"og:site_name\" content=\"42Gears Mobility Systems\" \/>\n<meta property=\"article:publisher\" content=\"https:\/\/www.facebook.com\/42gears\" \/>\n<meta property=\"article:modified_time\" content=\"2025-02-13T06:15:56+00:00\" \/>\n<meta property=\"og:image\" content=\"https:\/\/www.42gears.com\/wp-content\/uploads\/2020\/01\/android.png\" \/>\n<meta name=\"twitter:card\" content=\"summary_large_image\" \/>\n<meta name=\"twitter:site\" content=\"@42Gears\" \/>\n<meta name=\"twitter:label1\" content=\"Est. reading time\" \/>\n\t<meta name=\"twitter:data1\" content=\"3 minutes\" \/>\n<script type=\"application\/ld+json\" class=\"yoast-schema-graph\">{\"@context\":\"https:\/\/schema.org\",\"@graph\":[{\"@type\":\"WebPage\",\"@id\":\"https:\/\/www.42gears.com\/fr\/products\/astrocontacts\/\",\"url\":\"https:\/\/www.42gears.com\/fr\/products\/astrocontacts\/\",\"name\":\"AstroContacts | Enterprise Contact Management | 42Gears UEM\",\"isPartOf\":{\"@id\":\"https:\/\/www.42gears.com\/#website\"},\"primaryImageOfPage\":{\"@id\":\"https:\/\/www.42gears.com\/fr\/products\/astrocontacts\/#primaryimage\"},\"image\":{\"@id\":\"https:\/\/www.42gears.com\/fr\/products\/astrocontacts\/#primaryimage\"},\"thumbnailUrl\":\"https:\/\/www.42gears.com\/wp-content\/uploads\/2020\/01\/android.png\",\"datePublished\":\"2020-05-07T12:17:26+00:00\",\"dateModified\":\"2025-02-13T06:15:56+00:00\",\"description\":\"AstroContacts de 42Gears est un outil de gestion des contacts d\u2019entreprises qui permet un partage sans faille des contacts entre les membres mobiles de l'\u00e9quipe.\",\"breadcrumb\":{\"@id\":\"https:\/\/www.42gears.com\/fr\/products\/astrocontacts\/#breadcrumb\"},\"inLanguage\":\"fr-FR\",\"potentialAction\":[{\"@type\":\"ReadAction\",\"target\":[\"https:\/\/www.42gears.com\/fr\/products\/astrocontacts\/\"]}]},{\"@type\":\"ImageObject\",\"inLanguage\":\"fr-FR\",\"@id\":\"https:\/\/www.42gears.com\/fr\/products\/astrocontacts\/#primaryimage\",\"url\":\"https:\/\/www.42gears.com\/wp-content\/uploads\/2020\/01\/android.png\",\"contentUrl\":\"https:\/\/www.42gears.com\/wp-content\/uploads\/2020\/01\/android.png\"},{\"@type\":\"BreadcrumbList\",\"@id\":\"https:\/\/www.42gears.com\/fr\/products\/astrocontacts\/#breadcrumb\",\"itemListElement\":[{\"@type\":\"ListItem\",\"position\":1,\"name\":\"Home\",\"item\":\"https:\/\/www.42gears.com\/fr\/\"},{\"@type\":\"ListItem\",\"position\":2,\"name\":\"Products\",\"item\":\"https:\/\/www.42gears.com\/products\/\"},{\"@type\":\"ListItem\",\"position\":3,\"name\":\"AstroContacts\"}]},{\"@type\":\"WebSite\",\"@id\":\"https:\/\/www.42gears.com\/#website\",\"url\":\"https:\/\/www.42gears.com\/\",\"name\":\"42Gears Mobility Systems\",\"description\":\"Mobile Device Management (MDM), Mobile Security &amp; Mobile Device Lockdown\",\"publisher\":{\"@id\":\"https:\/\/www.42gears.com\/#organization\"},\"potentialAction\":[{\"@type\":\"SearchAction\",\"target\":{\"@type\":\"EntryPoint\",\"urlTemplate\":\"https:\/\/www.42gears.com\/?s={search_term_string}\"},\"query-input\":{\"@type\":\"PropertyValueSpecification\",\"valueRequired\":true,\"valueName\":\"search_term_string\"}}],\"inLanguage\":\"fr-FR\"},{\"@type\":\"Organization\",\"@id\":\"https:\/\/www.42gears.com\/#organization\",\"name\":\"MDM - 42Gears\",\"url\":\"https:\/\/www.42gears.com\/\",\"logo\":{\"@type\":\"ImageObject\",\"inLanguage\":\"fr-FR\",\"@id\":\"https:\/\/www.42gears.com\/#\/schema\/logo\/image\/\",\"url\":\"https:\/\/www.42gears.com\/wp-content\/uploads\/2018\/12\/Featured-Image-42Gears-logo.png\",\"contentUrl\":\"https:\/\/www.42gears.com\/wp-content\/uploads\/2018\/12\/Featured-Image-42Gears-logo.png\",\"width\":499,\"height\":330,\"caption\":\"MDM - 42Gears\"},\"image\":{\"@id\":\"https:\/\/www.42gears.com\/#\/schema\/logo\/image\/\"},\"sameAs\":[\"https:\/\/www.facebook.com\/42gears\",\"https:\/\/x.com\/42Gears\"]}]}<\/script>\n<!-- \/ Yoast SEO Premium plugin. -->","yoast_head_json":{"title":"AstroContacts | Enterprise Contact Management | 42Gears UEM","description":"AstroContacts de 42Gears est un outil de gestion des contacts d\u2019entreprises qui permet un partage sans faille des contacts entre les membres mobiles de l'\u00e9quipe.","robots":{"index":"index","follow":"follow","max-snippet":"max-snippet:-1","max-image-preview":"max-image-preview:large","max-video-preview":"max-video-preview:-1"},"canonical":"https:\/\/www.42gears.com\/fr\/products\/astrocontacts\/","og_locale":"fr_FR","og_type":"article","og_title":"AstroContacts","og_description":"AstroContacts de 42Gears est un outil de gestion des contacts d\u2019entreprises qui permet un partage sans faille des contacts entre les membres mobiles de l'\u00e9quipe.","og_url":"https:\/\/www.42gears.com\/fr\/products\/astrocontacts\/","og_site_name":"42Gears Mobility Systems","article_publisher":"https:\/\/www.facebook.com\/42gears","article_modified_time":"2025-02-13T06:15:56+00:00","og_image":[{"url":"https:\/\/www.42gears.com\/wp-content\/uploads\/2020\/01\/android.png","type":"","width":"","height":""}],"twitter_card":"summary_large_image","twitter_site":"@42Gears","twitter_misc":{"Est. reading time":"3 minutes"},"schema":{"@context":"https:\/\/schema.org","@graph":[{"@type":"WebPage","@id":"https:\/\/www.42gears.com\/fr\/products\/astrocontacts\/","url":"https:\/\/www.42gears.com\/fr\/products\/astrocontacts\/","name":"AstroContacts | Enterprise Contact Management | 42Gears UEM","isPartOf":{"@id":"https:\/\/www.42gears.com\/#website"},"primaryImageOfPage":{"@id":"https:\/\/www.42gears.com\/fr\/products\/astrocontacts\/#primaryimage"},"image":{"@id":"https:\/\/www.42gears.com\/fr\/products\/astrocontacts\/#primaryimage"},"thumbnailUrl":"https:\/\/www.42gears.com\/wp-content\/uploads\/2020\/01\/android.png","datePublished":"2020-05-07T12:17:26+00:00","dateModified":"2025-02-13T06:15:56+00:00","description":"AstroContacts de 42Gears est un outil de gestion des contacts d\u2019entreprises qui permet un partage sans faille des contacts entre les membres mobiles de l'\u00e9quipe.","breadcrumb":{"@id":"https:\/\/www.42gears.com\/fr\/products\/astrocontacts\/#breadcrumb"},"inLanguage":"fr-FR","potentialAction":[{"@type":"ReadAction","target":["https:\/\/www.42gears.com\/fr\/products\/astrocontacts\/"]}]},{"@type":"ImageObject","inLanguage":"fr-FR","@id":"https:\/\/www.42gears.com\/fr\/products\/astrocontacts\/#primaryimage","url":"https:\/\/www.42gears.com\/wp-content\/uploads\/2020\/01\/android.png","contentUrl":"https:\/\/www.42gears.com\/wp-content\/uploads\/2020\/01\/android.png"},{"@type":"BreadcrumbList","@id":"https:\/\/www.42gears.com\/fr\/products\/astrocontacts\/#breadcrumb","itemListElement":[{"@type":"ListItem","position":1,"name":"Home","item":"https:\/\/www.42gears.com\/fr\/"},{"@type":"ListItem","position":2,"name":"Products","item":"https:\/\/www.42gears.com\/products\/"},{"@type":"ListItem","position":3,"name":"AstroContacts"}]},{"@type":"WebSite","@id":"https:\/\/www.42gears.com\/#website","url":"https:\/\/www.42gears.com\/","name":"42Gears Mobility Systems","description":"Mobile Device Management (MDM), Mobile Security &amp; Mobile Device Lockdown","publisher":{"@id":"https:\/\/www.42gears.com\/#organization"},"potentialAction":[{"@type":"SearchAction","target":{"@type":"EntryPoint","urlTemplate":"https:\/\/www.42gears.com\/?s={search_term_string}"},"query-input":{"@type":"PropertyValueSpecification","valueRequired":true,"valueName":"search_term_string"}}],"inLanguage":"fr-FR"},{"@type":"Organization","@id":"https:\/\/www.42gears.com\/#organization","name":"MDM - 42Gears","url":"https:\/\/www.42gears.com\/","logo":{"@type":"ImageObject","inLanguage":"fr-FR","@id":"https:\/\/www.42gears.com\/#\/schema\/logo\/image\/","url":"https:\/\/www.42gears.com\/wp-content\/uploads\/2018\/12\/Featured-Image-42Gears-logo.png","contentUrl":"https:\/\/www.42gears.com\/wp-content\/uploads\/2018\/12\/Featured-Image-42Gears-logo.png","width":499,"height":330,"caption":"MDM - 42Gears"},"image":{"@id":"https:\/\/www.42gears.com\/#\/schema\/logo\/image\/"},"sameAs":["https:\/\/www.facebook.com\/42gears","https:\/\/x.com\/42Gears"]}]}},"_links":{"self":[{"href":"https:\/\/www.42gears.com\/fr\/wp-json\/wp\/v2\/pages\/51490","targetHints":{"allow":["GET"]}}],"collection":[{"href":"https:\/\/www.42gears.com\/fr\/wp-json\/wp\/v2\/pages"}],"about":[{"href":"https:\/\/www.42gears.com\/fr\/wp-json\/wp\/v2\/types\/page"}],"author":[{"embeddable":true,"href":"https:\/\/www.42gears.com\/fr\/wp-json\/wp\/v2\/users\/7"}],"replies":[{"embeddable":true,"href":"https:\/\/www.42gears.com\/fr\/wp-json\/wp\/v2\/comments?post=51490"}],"version-history":[{"count":6,"href":"https:\/\/www.42gears.com\/fr\/wp-json\/wp\/v2\/pages\/51490\/revisions"}],"predecessor-version":[{"id":111816,"href":"https:\/\/www.42gears.com\/fr\/wp-json\/wp\/v2\/pages\/51490\/revisions\/111816"}],"up":[{"embeddable":true,"href":"https:\/\/www.42gears.com\/fr\/wp-json\/wp\/v2\/pages\/590"}],"wp:attachment":[{"href":"https:\/\/www.42gears.com\/fr\/wp-json\/wp\/v2\/media?parent=51490"}],"wp:term":[{"taxonomy":"category","embeddable":true,"href":"https:\/\/www.42gears.com\/fr\/wp-json\/wp\/v2\/categories?post=51490"},{"taxonomy":"post_tag","embeddable":true,"href":"https:\/\/www.42gears.com\/fr\/wp-json\/wp\/v2\/tags?post=51490"}],"curies":[{"name":"wp","href":"https:\/\/api.w.org\/{rel}","templated":true}]}}