{"id":51154,"date":"2020-05-04T08:03:56","date_gmt":"2020-05-04T08:03:56","guid":{"rendered":"https:\/\/www.42gears.com\/enterprise-contact-management\/"},"modified":"2020-05-19T13:13:10","modified_gmt":"2020-05-19T13:13:10","slug":"enterprise-contact-management","status":"publish","type":"page","link":"https:\/\/www.42gears.com\/fr\/enterprise-contact-management\/","title":{"rendered":"Enterprise Contact Management"},"content":{"rendered":"","protected":false},"excerpt":{"rendered":"","protected":false},"author":7,"featured_media":0,"parent":0,"menu_order":0,"comment_status":"closed","ping_status":"closed","template":"","meta":{"_acf_changed":false,"footnotes":""},"categories":[],"tags":[],"class_list":["post-51154","page","type-page","status-publish","hentry"],"acf":[],"yoast_head":"<!-- This site is optimized with the Yoast SEO Premium plugin v24.6 (Yoast SEO v24.6) - https:\/\/yoast.com\/wordpress\/plugins\/seo\/ -->\n<title>Enterprise Contact Management | ECM Software | 42Gears UEM<\/title>\n<meta name=\"description\" content=\"Solutions de gestion des contacts pour les entreprises afin de conqu\u00e9rir de nouvelles affaires et de suivre l&#039;interaction avec les clients apr\u00e8s la vente. Emails, notes, r\u00e9unions - suivez l&#039;activit\u00e9 des contacts en un seul endroit.\" \/>\n<meta name=\"robots\" content=\"index, follow, max-snippet:-1, max-image-preview:large, max-video-preview:-1\" \/>\n<link rel=\"canonical\" href=\"http:\/\/www.42gears.com\/fr\/enterprise-contact-management\/\" \/>\n<meta property=\"og:locale\" content=\"fr_FR\" \/>\n<meta property=\"og:type\" content=\"article\" \/>\n<meta property=\"og:title\" content=\"Enterprise Contact Management\" \/>\n<meta property=\"og:description\" content=\"Solutions de gestion des contacts pour les entreprises afin de conqu\u00e9rir de nouvelles affaires et de suivre l&#039;interaction avec les clients apr\u00e8s la vente. Emails, notes, r\u00e9unions - suivez l&#039;activit\u00e9 des contacts en un seul endroit.\" \/>\n<meta property=\"og:url\" content=\"http:\/\/www.42gears.com\/fr\/enterprise-contact-management\/\" \/>\n<meta property=\"og:site_name\" content=\"42Gears Mobility Systems\" \/>\n<meta property=\"article:publisher\" content=\"https:\/\/www.facebook.com\/42gears\" \/>\n<meta property=\"article:modified_time\" content=\"2020-05-19T13:13:10+00:00\" \/>\n<meta name=\"twitter:card\" content=\"summary_large_image\" \/>\n<meta name=\"twitter:site\" content=\"@42Gears\" \/>\n<script type=\"application\/ld+json\" class=\"yoast-schema-graph\">{\"@context\":\"https:\/\/schema.org\",\"@graph\":[{\"@type\":\"WebPage\",\"@id\":\"http:\/\/www.42gears.com\/fr\/enterprise-contact-management\/\",\"url\":\"http:\/\/www.42gears.com\/fr\/enterprise-contact-management\/\",\"name\":\"Enterprise Contact Management | ECM Software | 42Gears UEM\",\"isPartOf\":{\"@id\":\"https:\/\/www.42gears.com\/#website\"},\"datePublished\":\"2020-05-04T08:03:56+00:00\",\"dateModified\":\"2020-05-19T13:13:10+00:00\",\"description\":\"Solutions de gestion des contacts pour les entreprises afin de conqu\u00e9rir de nouvelles affaires et de suivre l'interaction avec les clients apr\u00e8s la vente. Emails, notes, r\u00e9unions - suivez l'activit\u00e9 des contacts en un seul endroit.\",\"breadcrumb\":{\"@id\":\"http:\/\/www.42gears.com\/fr\/enterprise-contact-management\/#breadcrumb\"},\"inLanguage\":\"fr-FR\",\"potentialAction\":[{\"@type\":\"ReadAction\",\"target\":[\"http:\/\/www.42gears.com\/fr\/enterprise-contact-management\/\"]}]},{\"@type\":\"BreadcrumbList\",\"@id\":\"http:\/\/www.42gears.com\/fr\/enterprise-contact-management\/#breadcrumb\",\"itemListElement\":[{\"@type\":\"ListItem\",\"position\":1,\"name\":\"Home\",\"item\":\"https:\/\/www.42gears.com\/fr\/\"},{\"@type\":\"ListItem\",\"position\":2,\"name\":\"Enterprise Contact Management\"}]},{\"@type\":\"WebSite\",\"@id\":\"https:\/\/www.42gears.com\/#website\",\"url\":\"https:\/\/www.42gears.com\/\",\"name\":\"42Gears Mobility Systems\",\"description\":\"Mobile Device Management (MDM), Mobile Security &amp; Mobile Device Lockdown\",\"publisher\":{\"@id\":\"https:\/\/www.42gears.com\/#organization\"},\"potentialAction\":[{\"@type\":\"SearchAction\",\"target\":{\"@type\":\"EntryPoint\",\"urlTemplate\":\"https:\/\/www.42gears.com\/?s={search_term_string}\"},\"query-input\":{\"@type\":\"PropertyValueSpecification\",\"valueRequired\":true,\"valueName\":\"search_term_string\"}}],\"inLanguage\":\"fr-FR\"},{\"@type\":\"Organization\",\"@id\":\"https:\/\/www.42gears.com\/#organization\",\"name\":\"MDM - 42Gears\",\"url\":\"https:\/\/www.42gears.com\/\",\"logo\":{\"@type\":\"ImageObject\",\"inLanguage\":\"fr-FR\",\"@id\":\"https:\/\/www.42gears.com\/#\/schema\/logo\/image\/\",\"url\":\"https:\/\/www.42gears.com\/wp-content\/uploads\/2018\/12\/Featured-Image-42Gears-logo.png\",\"contentUrl\":\"https:\/\/www.42gears.com\/wp-content\/uploads\/2018\/12\/Featured-Image-42Gears-logo.png\",\"width\":499,\"height\":330,\"caption\":\"MDM - 42Gears\"},\"image\":{\"@id\":\"https:\/\/www.42gears.com\/#\/schema\/logo\/image\/\"},\"sameAs\":[\"https:\/\/www.facebook.com\/42gears\",\"https:\/\/x.com\/42Gears\"]}]}<\/script>\n<!-- \/ Yoast SEO Premium plugin. -->","yoast_head_json":{"title":"Enterprise Contact Management | ECM Software | 42Gears UEM","description":"Solutions de gestion des contacts pour les entreprises afin de conqu\u00e9rir de nouvelles affaires et de suivre l'interaction avec les clients apr\u00e8s la vente. Emails, notes, r\u00e9unions - suivez l'activit\u00e9 des contacts en un seul endroit.","robots":{"index":"index","follow":"follow","max-snippet":"max-snippet:-1","max-image-preview":"max-image-preview:large","max-video-preview":"max-video-preview:-1"},"canonical":"http:\/\/www.42gears.com\/fr\/enterprise-contact-management\/","og_locale":"fr_FR","og_type":"article","og_title":"Enterprise Contact Management","og_description":"Solutions de gestion des contacts pour les entreprises afin de conqu\u00e9rir de nouvelles affaires et de suivre l'interaction avec les clients apr\u00e8s la vente. Emails, notes, r\u00e9unions - suivez l'activit\u00e9 des contacts en un seul endroit.","og_url":"http:\/\/www.42gears.com\/fr\/enterprise-contact-management\/","og_site_name":"42Gears Mobility Systems","article_publisher":"https:\/\/www.facebook.com\/42gears","article_modified_time":"2020-05-19T13:13:10+00:00","twitter_card":"summary_large_image","twitter_site":"@42Gears","schema":{"@context":"https:\/\/schema.org","@graph":[{"@type":"WebPage","@id":"http:\/\/www.42gears.com\/fr\/enterprise-contact-management\/","url":"http:\/\/www.42gears.com\/fr\/enterprise-contact-management\/","name":"Enterprise Contact Management | ECM Software | 42Gears UEM","isPartOf":{"@id":"https:\/\/www.42gears.com\/#website"},"datePublished":"2020-05-04T08:03:56+00:00","dateModified":"2020-05-19T13:13:10+00:00","description":"Solutions de gestion des contacts pour les entreprises afin de conqu\u00e9rir de nouvelles affaires et de suivre l'interaction avec les clients apr\u00e8s la vente. Emails, notes, r\u00e9unions - suivez l'activit\u00e9 des contacts en un seul endroit.","breadcrumb":{"@id":"http:\/\/www.42gears.com\/fr\/enterprise-contact-management\/#breadcrumb"},"inLanguage":"fr-FR","potentialAction":[{"@type":"ReadAction","target":["http:\/\/www.42gears.com\/fr\/enterprise-contact-management\/"]}]},{"@type":"BreadcrumbList","@id":"http:\/\/www.42gears.com\/fr\/enterprise-contact-management\/#breadcrumb","itemListElement":[{"@type":"ListItem","position":1,"name":"Home","item":"https:\/\/www.42gears.com\/fr\/"},{"@type":"ListItem","position":2,"name":"Enterprise Contact Management"}]},{"@type":"WebSite","@id":"https:\/\/www.42gears.com\/#website","url":"https:\/\/www.42gears.com\/","name":"42Gears Mobility Systems","description":"Mobile Device Management (MDM), Mobile Security &amp; Mobile Device Lockdown","publisher":{"@id":"https:\/\/www.42gears.com\/#organization"},"potentialAction":[{"@type":"SearchAction","target":{"@type":"EntryPoint","urlTemplate":"https:\/\/www.42gears.com\/?s={search_term_string}"},"query-input":{"@type":"PropertyValueSpecification","valueRequired":true,"valueName":"search_term_string"}}],"inLanguage":"fr-FR"},{"@type":"Organization","@id":"https:\/\/www.42gears.com\/#organization","name":"MDM - 42Gears","url":"https:\/\/www.42gears.com\/","logo":{"@type":"ImageObject","inLanguage":"fr-FR","@id":"https:\/\/www.42gears.com\/#\/schema\/logo\/image\/","url":"https:\/\/www.42gears.com\/wp-content\/uploads\/2018\/12\/Featured-Image-42Gears-logo.png","contentUrl":"https:\/\/www.42gears.com\/wp-content\/uploads\/2018\/12\/Featured-Image-42Gears-logo.png","width":499,"height":330,"caption":"MDM - 42Gears"},"image":{"@id":"https:\/\/www.42gears.com\/#\/schema\/logo\/image\/"},"sameAs":["https:\/\/www.facebook.com\/42gears","https:\/\/x.com\/42Gears"]}]}},"_links":{"self":[{"href":"https:\/\/www.42gears.com\/fr\/wp-json\/wp\/v2\/pages\/51154","targetHints":{"allow":["GET"]}}],"collection":[{"href":"https:\/\/www.42gears.com\/fr\/wp-json\/wp\/v2\/pages"}],"about":[{"href":"https:\/\/www.42gears.com\/fr\/wp-json\/wp\/v2\/types\/page"}],"author":[{"embeddable":true,"href":"https:\/\/www.42gears.com\/fr\/wp-json\/wp\/v2\/users\/7"}],"replies":[{"embeddable":true,"href":"https:\/\/www.42gears.com\/fr\/wp-json\/wp\/v2\/comments?post=51154"}],"version-history":[{"count":3,"href":"https:\/\/www.42gears.com\/fr\/wp-json\/wp\/v2\/pages\/51154\/revisions"}],"predecessor-version":[{"id":51937,"href":"https:\/\/www.42gears.com\/fr\/wp-json\/wp\/v2\/pages\/51154\/revisions\/51937"}],"wp:attachment":[{"href":"https:\/\/www.42gears.com\/fr\/wp-json\/wp\/v2\/media?parent=51154"}],"wp:term":[{"taxonomy":"category","embeddable":true,"href":"https:\/\/www.42gears.com\/fr\/wp-json\/wp\/v2\/categories?post=51154"},{"taxonomy":"post_tag","embeddable":true,"href":"https:\/\/www.42gears.com\/fr\/wp-json\/wp\/v2\/tags?post=51154"}],"curies":[{"name":"wp","href":"https:\/\/api.w.org\/{rel}","templated":true}]}}