{"id":48830,"date":"2020-03-23T12:35:54","date_gmt":"2020-03-23T12:35:54","guid":{"rendered":"https:\/\/www.42gears.com\/42gears-est-designe-par-le-gartner-peer-insights-en-novembre-2019-comme-meilleur-choix-des-clients-pour-les-outils-de-gestion-unifiee-des\/"},"modified":"2024-12-26T09:48:52","modified_gmt":"2024-12-26T09:48:52","slug":"42gears-est-designe-par-le-gartner-peer-insights-en-novembre-2019-comme-meilleur-choix-des-clients-pour-les-outils-de-gestion-unifiee-des","status":"publish","type":"page","link":"https:\/\/www.42gears.com\/fr\/42gears-est-designe-par-le-gartner-peer-insights-en-novembre-2019-comme-meilleur-choix-des-clients-pour-les-outils-de-gestion-unifiee-des\/","title":{"rendered":"42Gears est d\u00e9sign\u00e9 par le Gartner Peer Insights en novembre 2019 comme meilleur choix des clients pour les outils de gestion unifi\u00e9e des ."},"content":{"rendered":"<h1>\n\t\t42Gears est d\u00e9sign\u00e9 par le Gartner Peer Insights en novembre 2019 comme meilleur choix des clients pour les outils de gestion unifi\u00e9e des. \n\t<\/h1>\n\t<p><em>La distinction du choix des clients de Gartner Peer Insights se fonde sur les commentaires et les \u00e9valuations des utilisateurs finaux qui sont des professionnels exp\u00e9riment\u00e9s dans l&rsquo;achat, la mise en \u0153uvre et\/ou l&rsquo;utilisation du produit ou du service.<\/em><\/p>\n\t<p><strong>Bangalore, Inde, 16 d\u00e9cembre 2019<\/strong>\u00a0\u2013 42Gears, l\u2019un\u00a0<strong>des principaux fournisseurs de solutions de gestion unifi\u00e9e des terminaux<\/strong>, est fier d&rsquo;avoir \u00e9t\u00e9 d\u00e9sign\u00e9 par le Gartner Peer Insights en novembre 2019 comme meilleur choix des clients pour les outils de gestion unifi\u00e9e des terminaux.\u00a0Cette distinction reconna\u00eet que la note globale de 42Gears, soit 4,6\/5, au 11 d\u00e9cembre 2019 et sur un total de 196 notes, est tr\u00e8s \u00e9lev\u00e9e dans la profession.<\/p>\n<p>Nous pensons que la distinction \u00ab\u00a0Choix des clients\u00a0\u00bb illustre les efforts constants de 42Gears \u00e0 soutenir ses clients, quel que soit leur secteur d&rsquo;activit\u00e9 ou la taille de leur entreprise.\u00a0<strong>C&rsquo;est la troisi\u00e8me fois cons\u00e9cutive que 42Gears re\u00e7oit cette distinction<\/strong>, ce qui t\u00e9moigne, selon nous, de la constance du service client\u00e8le de 42Gears sur la dur\u00e9e.En fait, 42Gears a re\u00e7u cette distinction \u00e0 chaque fois qu&rsquo;il a \u00e9t\u00e9 \u00e9ligible depuis que Gartner a cr\u00e9\u00e9 la cat\u00e9gorie en octobre 2018.<\/p>\n<p>\u00ab\u00a0<em>Nous pensons que cette distinction refl\u00e8te notre engagement \u00e0 \u00e9couter la voix de nos clients,<\/em>\u00a0\u00bb a d\u00e9clar\u00e9\u00a0<strong>Onkar Singh, co-fondateur et PDG de 42Gears Mobility Systems<\/strong>.\u00ab\u00a0<em>Nous continuons \u00e0 renforcer notre pr\u00e9sence en proposant des solutions innovantes aux d\u00e9fis actuels de la gestion des terminaux sans perdre de vue les attentes de nos clients. Nous les remercions pour les commentaires qu&rsquo;ils nous font parvenir sur le site web de Gartner Peer Insights.<\/em>\u00a0\u00bb<\/p>\n<p>Nous pensons que le choix des clients est une reconnaissance qui conclut une ann\u00e9e forte pour 42Gears.Apprenez-en plus sur\u00a0la voix du client de Gartner Peer Insights : Rapport sur les outils de gestion unifi\u00e9e des terminaux.La \u00ab\u00a0Voix du client\u00a0\u00bb est un document qui synth\u00e9tise les \u00e9valuations de Gartner Peer Insights pour l&rsquo;ann\u00e9e pr\u00e9c\u00e9dente en vue d&rsquo;\u00e9clairer les d\u00e9cideurs informatiques.<\/p>\n<p>En 2019, 42Gears a par ailleurs \u00e9t\u00e9 d\u00e9sign\u00e9 pour la deuxi\u00e8me ann\u00e9e cons\u00e9cutive comme un visionnaire dans le Magic Quadrant de Gartner concernant la gestion unifi\u00e9e des terminaux.<\/p>\n<p>Gartner, \u00ab\u00a0La voix du client\u00a0\u00bb de Gartner Peer Insights :Outils de gestion unifi\u00e9e des terminaux, contributeurs pairs, 4 d\u00e9cembre 2019.<\/p>\n<p>Gartner, le Magic Quadrant pour la Gestion unifi\u00e9e des terminaux, Chris Silva | Manjunath Bhat | Rich Doheny | Rob Smith, 6 ao\u00fbt 2019.<\/p>\n\t<p><strong>Avis de non-responsabilit\u00e9 de Gartner :<\/strong><\/p>\n<p>Le choix des clients de Gartner Peer Insights repr\u00e9sente les avis subjectifs de chaque utilisateur final, les notations et les donn\u00e9es appliqu\u00e9es sur la base d&rsquo;une m\u00e9thodologie document\u00e9e ; ils ne repr\u00e9sentent pas l&rsquo;opinion de Gartner ou de ses filiales et ne constituent pas une approbation de leur part.<\/p>\n<p>Gartner ne soutient aucun vendeur, produit ou service d\u00e9crit dans ses publications de recherche, et ne conseille pas aux utilisateurs de technologie de ne s\u00e9lectionner que les vendeurs ayant les meilleures notes ou une autre d\u00e9signation.Les publications sur la recherche de Gartner sont constitu\u00e9es des opinions de l&rsquo;organisme de recherche de Gartner et ne peuvent \u00eatre interpr\u00e9t\u00e9es comme des d\u00e9clarations de fait.Gartner d\u00e9cline toute garantie, expresse ou implicite, concernant cette recherche, y compris toute garantie de qualit\u00e9 marchande ou d&rsquo;ad\u00e9quation \u00e0 un usage particulier.<\/p>\n<p>&nbsp;<\/p>\n\t<p><strong>\u00c0 propos de Peer Insights :<\/strong><\/p>\n<p>Peer Insights est une plateforme en ligne de notation et d&rsquo;\u00e9valuation des logiciels et services informatiques \u00e9crits et lus par des professionnels de l&rsquo;informatique et des d\u00e9cideurs technologiques.Le but est d&rsquo;aider les responsables informatiques \u00e0 faire des choix d&rsquo;achat plus judicieux et d&rsquo;aider les fournisseurs de technologies \u00e0 perfectionner leurs produits en recevant des commentaires objectifs et impartiaux de leurs clients.Gartner Peer Insights comprend plus de 215 000 avis v\u00e9rifi\u00e9s sur plus de 340 march\u00e9s.Pour plus d&rsquo;informations, veuillez consulter le site\u00a0<a href=\"http:\/\/www.gartner.com\/reviews\/home\">www.gartner.com\/reviews\/home<\/a>.<\/p>\n","protected":false},"excerpt":{"rendered":"<p>42Gears est d\u00e9sign\u00e9 par le Gartner Peer Insights en novembre 2019 comme meilleur choix des clients pour les outils de gestion unifi\u00e9e des. La distinction du choix des clients de Gartner Peer Insights se fonde sur les commentaires et les \u00e9valuations des utilisateurs finaux qui sont des professionnels exp\u00e9riment\u00e9s dans l&rsquo;achat, la mise en \u0153uvre&hellip;<\/p>\n","protected":false},"author":7,"featured_media":28575,"parent":0,"menu_order":0,"comment_status":"closed","ping_status":"closed","template":"","meta":{"_acf_changed":false,"footnotes":""},"categories":[],"tags":[],"class_list":["post-48830","page","type-page","status-publish","has-post-thumbnail","hentry"],"acf":[],"yoast_head":"<!-- This site is optimized with the Yoast SEO Premium plugin v24.6 (Yoast SEO v24.6) - https:\/\/yoast.com\/wordpress\/plugins\/seo\/ -->\n<title>42Gears est d\u00e9sign\u00e9 par le Gartner Peer Insights en novembre 2019 comme meilleur choix des clients pour les outils de gestion unifi\u00e9e des.<\/title>\n<meta name=\"description\" content=\"42Gears est d\u00e9sign\u00e9 par le Gartner Peer Insights en novembre 2019 comme meilleur choix des clients pour les outils de gestion unifi\u00e9e des .\" \/>\n<meta name=\"robots\" content=\"index, follow, max-snippet:-1, max-image-preview:large, max-video-preview:-1\" \/>\n<link rel=\"canonical\" href=\"https:\/\/www.42gears.com\/fr\/42gears-est-designe-par-le-gartner-peer-insights-en-novembre-2019-comme-meilleur-choix-des-clients-pour-les-outils-de-gestion-unifiee-des\/\" \/>\n<meta property=\"og:locale\" content=\"fr_FR\" \/>\n<meta property=\"og:type\" content=\"article\" \/>\n<meta property=\"og:title\" content=\"42Gears est d\u00e9sign\u00e9 par le Gartner Peer Insights en novembre 2019 comme meilleur choix des clients pour les outils de gestion unifi\u00e9e des .\" \/>\n<meta property=\"og:description\" content=\"42Gears est d\u00e9sign\u00e9 par le Gartner Peer Insights en novembre 2019 comme meilleur choix des clients pour les outils de gestion unifi\u00e9e des .\" \/>\n<meta property=\"og:url\" content=\"https:\/\/www.42gears.com\/fr\/42gears-est-designe-par-le-gartner-peer-insights-en-novembre-2019-comme-meilleur-choix-des-clients-pour-les-outils-de-gestion-unifiee-des\/\" \/>\n<meta property=\"og:site_name\" content=\"42Gears Mobility Systems\" \/>\n<meta property=\"article:publisher\" content=\"https:\/\/www.facebook.com\/42gears\" \/>\n<meta property=\"article:modified_time\" content=\"2024-12-26T09:48:52+00:00\" \/>\n<meta property=\"og:image\" content=\"https:\/\/www.42gears.com\/wp-content\/uploads\/2018\/12\/Featured-Image-42Gears-logo.png\" \/>\n\t<meta property=\"og:image:width\" content=\"499\" \/>\n\t<meta property=\"og:image:height\" content=\"330\" \/>\n\t<meta property=\"og:image:type\" content=\"image\/png\" \/>\n<meta name=\"twitter:card\" content=\"summary_large_image\" \/>\n<meta name=\"twitter:site\" content=\"@42Gears\" \/>\n<meta name=\"twitter:label1\" content=\"Est. reading time\" \/>\n\t<meta name=\"twitter:data1\" content=\"3 minutes\" \/>\n<script type=\"application\/ld+json\" class=\"yoast-schema-graph\">{\"@context\":\"https:\/\/schema.org\",\"@graph\":[{\"@type\":\"WebPage\",\"@id\":\"https:\/\/www.42gears.com\/fr\/42gears-est-designe-par-le-gartner-peer-insights-en-novembre-2019-comme-meilleur-choix-des-clients-pour-les-outils-de-gestion-unifiee-des\/\",\"url\":\"https:\/\/www.42gears.com\/fr\/42gears-est-designe-par-le-gartner-peer-insights-en-novembre-2019-comme-meilleur-choix-des-clients-pour-les-outils-de-gestion-unifiee-des\/\",\"name\":\"42Gears est d\u00e9sign\u00e9 par le Gartner Peer Insights en novembre 2019 comme meilleur choix des clients pour les outils de gestion unifi\u00e9e des.\",\"isPartOf\":{\"@id\":\"https:\/\/www.42gears.com\/#website\"},\"primaryImageOfPage\":{\"@id\":\"https:\/\/www.42gears.com\/fr\/42gears-est-designe-par-le-gartner-peer-insights-en-novembre-2019-comme-meilleur-choix-des-clients-pour-les-outils-de-gestion-unifiee-des\/#primaryimage\"},\"image\":{\"@id\":\"https:\/\/www.42gears.com\/fr\/42gears-est-designe-par-le-gartner-peer-insights-en-novembre-2019-comme-meilleur-choix-des-clients-pour-les-outils-de-gestion-unifiee-des\/#primaryimage\"},\"thumbnailUrl\":\"https:\/\/www.42gears.com\/wp-content\/uploads\/2018\/12\/Featured-Image-42Gears-logo.png\",\"datePublished\":\"2020-03-23T12:35:54+00:00\",\"dateModified\":\"2024-12-26T09:48:52+00:00\",\"description\":\"42Gears est d\u00e9sign\u00e9 par le Gartner Peer Insights en novembre 2019 comme meilleur choix des clients pour les outils de gestion unifi\u00e9e des .\",\"breadcrumb\":{\"@id\":\"https:\/\/www.42gears.com\/fr\/42gears-est-designe-par-le-gartner-peer-insights-en-novembre-2019-comme-meilleur-choix-des-clients-pour-les-outils-de-gestion-unifiee-des\/#breadcrumb\"},\"inLanguage\":\"fr-FR\",\"potentialAction\":[{\"@type\":\"ReadAction\",\"target\":[\"https:\/\/www.42gears.com\/fr\/42gears-est-designe-par-le-gartner-peer-insights-en-novembre-2019-comme-meilleur-choix-des-clients-pour-les-outils-de-gestion-unifiee-des\/\"]}]},{\"@type\":\"ImageObject\",\"inLanguage\":\"fr-FR\",\"@id\":\"https:\/\/www.42gears.com\/fr\/42gears-est-designe-par-le-gartner-peer-insights-en-novembre-2019-comme-meilleur-choix-des-clients-pour-les-outils-de-gestion-unifiee-des\/#primaryimage\",\"url\":\"https:\/\/www.42gears.com\/wp-content\/uploads\/2018\/12\/Featured-Image-42Gears-logo.png\",\"contentUrl\":\"https:\/\/www.42gears.com\/wp-content\/uploads\/2018\/12\/Featured-Image-42Gears-logo.png\",\"width\":499,\"height\":330,\"caption\":\"Featured-Image-42Gears-logo\"},{\"@type\":\"BreadcrumbList\",\"@id\":\"https:\/\/www.42gears.com\/fr\/42gears-est-designe-par-le-gartner-peer-insights-en-novembre-2019-comme-meilleur-choix-des-clients-pour-les-outils-de-gestion-unifiee-des\/#breadcrumb\",\"itemListElement\":[{\"@type\":\"ListItem\",\"position\":1,\"name\":\"Home\",\"item\":\"https:\/\/www.42gears.com\/fr\/\"},{\"@type\":\"ListItem\",\"position\":2,\"name\":\"42Gears est d\u00e9sign\u00e9 par le Gartner Peer Insights en novembre 2019 comme meilleur choix des clients pour les outils de gestion unifi\u00e9e des .\"}]},{\"@type\":\"WebSite\",\"@id\":\"https:\/\/www.42gears.com\/#website\",\"url\":\"https:\/\/www.42gears.com\/\",\"name\":\"42Gears Mobility Systems\",\"description\":\"Mobile Device Management (MDM), Mobile Security &amp; Mobile Device Lockdown\",\"publisher\":{\"@id\":\"https:\/\/www.42gears.com\/#organization\"},\"potentialAction\":[{\"@type\":\"SearchAction\",\"target\":{\"@type\":\"EntryPoint\",\"urlTemplate\":\"https:\/\/www.42gears.com\/?s={search_term_string}\"},\"query-input\":{\"@type\":\"PropertyValueSpecification\",\"valueRequired\":true,\"valueName\":\"search_term_string\"}}],\"inLanguage\":\"fr-FR\"},{\"@type\":\"Organization\",\"@id\":\"https:\/\/www.42gears.com\/#organization\",\"name\":\"MDM - 42Gears\",\"url\":\"https:\/\/www.42gears.com\/\",\"logo\":{\"@type\":\"ImageObject\",\"inLanguage\":\"fr-FR\",\"@id\":\"https:\/\/www.42gears.com\/#\/schema\/logo\/image\/\",\"url\":\"https:\/\/www.42gears.com\/wp-content\/uploads\/2018\/12\/Featured-Image-42Gears-logo.png\",\"contentUrl\":\"https:\/\/www.42gears.com\/wp-content\/uploads\/2018\/12\/Featured-Image-42Gears-logo.png\",\"width\":499,\"height\":330,\"caption\":\"MDM - 42Gears\"},\"image\":{\"@id\":\"https:\/\/www.42gears.com\/#\/schema\/logo\/image\/\"},\"sameAs\":[\"https:\/\/www.facebook.com\/42gears\",\"https:\/\/x.com\/42Gears\"]}]}<\/script>\n<!-- \/ Yoast SEO Premium plugin. -->","yoast_head_json":{"title":"42Gears est d\u00e9sign\u00e9 par le Gartner Peer Insights en novembre 2019 comme meilleur choix des clients pour les outils de gestion unifi\u00e9e des.","description":"42Gears est d\u00e9sign\u00e9 par le Gartner Peer Insights en novembre 2019 comme meilleur choix des clients pour les outils de gestion unifi\u00e9e des .","robots":{"index":"index","follow":"follow","max-snippet":"max-snippet:-1","max-image-preview":"max-image-preview:large","max-video-preview":"max-video-preview:-1"},"canonical":"https:\/\/www.42gears.com\/fr\/42gears-est-designe-par-le-gartner-peer-insights-en-novembre-2019-comme-meilleur-choix-des-clients-pour-les-outils-de-gestion-unifiee-des\/","og_locale":"fr_FR","og_type":"article","og_title":"42Gears est d\u00e9sign\u00e9 par le Gartner Peer Insights en novembre 2019 comme meilleur choix des clients pour les outils de gestion unifi\u00e9e des .","og_description":"42Gears est d\u00e9sign\u00e9 par le Gartner Peer Insights en novembre 2019 comme meilleur choix des clients pour les outils de gestion unifi\u00e9e des .","og_url":"https:\/\/www.42gears.com\/fr\/42gears-est-designe-par-le-gartner-peer-insights-en-novembre-2019-comme-meilleur-choix-des-clients-pour-les-outils-de-gestion-unifiee-des\/","og_site_name":"42Gears Mobility Systems","article_publisher":"https:\/\/www.facebook.com\/42gears","article_modified_time":"2024-12-26T09:48:52+00:00","og_image":[{"width":499,"height":330,"url":"https:\/\/www.42gears.com\/wp-content\/uploads\/2018\/12\/Featured-Image-42Gears-logo.png","type":"image\/png"}],"twitter_card":"summary_large_image","twitter_site":"@42Gears","twitter_misc":{"Est. reading time":"3 minutes"},"schema":{"@context":"https:\/\/schema.org","@graph":[{"@type":"WebPage","@id":"https:\/\/www.42gears.com\/fr\/42gears-est-designe-par-le-gartner-peer-insights-en-novembre-2019-comme-meilleur-choix-des-clients-pour-les-outils-de-gestion-unifiee-des\/","url":"https:\/\/www.42gears.com\/fr\/42gears-est-designe-par-le-gartner-peer-insights-en-novembre-2019-comme-meilleur-choix-des-clients-pour-les-outils-de-gestion-unifiee-des\/","name":"42Gears est d\u00e9sign\u00e9 par le Gartner Peer Insights en novembre 2019 comme meilleur choix des clients pour les outils de gestion unifi\u00e9e des.","isPartOf":{"@id":"https:\/\/www.42gears.com\/#website"},"primaryImageOfPage":{"@id":"https:\/\/www.42gears.com\/fr\/42gears-est-designe-par-le-gartner-peer-insights-en-novembre-2019-comme-meilleur-choix-des-clients-pour-les-outils-de-gestion-unifiee-des\/#primaryimage"},"image":{"@id":"https:\/\/www.42gears.com\/fr\/42gears-est-designe-par-le-gartner-peer-insights-en-novembre-2019-comme-meilleur-choix-des-clients-pour-les-outils-de-gestion-unifiee-des\/#primaryimage"},"thumbnailUrl":"https:\/\/www.42gears.com\/wp-content\/uploads\/2018\/12\/Featured-Image-42Gears-logo.png","datePublished":"2020-03-23T12:35:54+00:00","dateModified":"2024-12-26T09:48:52+00:00","description":"42Gears est d\u00e9sign\u00e9 par le Gartner Peer Insights en novembre 2019 comme meilleur choix des clients pour les outils de gestion unifi\u00e9e des .","breadcrumb":{"@id":"https:\/\/www.42gears.com\/fr\/42gears-est-designe-par-le-gartner-peer-insights-en-novembre-2019-comme-meilleur-choix-des-clients-pour-les-outils-de-gestion-unifiee-des\/#breadcrumb"},"inLanguage":"fr-FR","potentialAction":[{"@type":"ReadAction","target":["https:\/\/www.42gears.com\/fr\/42gears-est-designe-par-le-gartner-peer-insights-en-novembre-2019-comme-meilleur-choix-des-clients-pour-les-outils-de-gestion-unifiee-des\/"]}]},{"@type":"ImageObject","inLanguage":"fr-FR","@id":"https:\/\/www.42gears.com\/fr\/42gears-est-designe-par-le-gartner-peer-insights-en-novembre-2019-comme-meilleur-choix-des-clients-pour-les-outils-de-gestion-unifiee-des\/#primaryimage","url":"https:\/\/www.42gears.com\/wp-content\/uploads\/2018\/12\/Featured-Image-42Gears-logo.png","contentUrl":"https:\/\/www.42gears.com\/wp-content\/uploads\/2018\/12\/Featured-Image-42Gears-logo.png","width":499,"height":330,"caption":"Featured-Image-42Gears-logo"},{"@type":"BreadcrumbList","@id":"https:\/\/www.42gears.com\/fr\/42gears-est-designe-par-le-gartner-peer-insights-en-novembre-2019-comme-meilleur-choix-des-clients-pour-les-outils-de-gestion-unifiee-des\/#breadcrumb","itemListElement":[{"@type":"ListItem","position":1,"name":"Home","item":"https:\/\/www.42gears.com\/fr\/"},{"@type":"ListItem","position":2,"name":"42Gears est d\u00e9sign\u00e9 par le Gartner Peer Insights en novembre 2019 comme meilleur choix des clients pour les outils de gestion unifi\u00e9e des ."}]},{"@type":"WebSite","@id":"https:\/\/www.42gears.com\/#website","url":"https:\/\/www.42gears.com\/","name":"42Gears Mobility Systems","description":"Mobile Device Management (MDM), Mobile Security &amp; Mobile Device Lockdown","publisher":{"@id":"https:\/\/www.42gears.com\/#organization"},"potentialAction":[{"@type":"SearchAction","target":{"@type":"EntryPoint","urlTemplate":"https:\/\/www.42gears.com\/?s={search_term_string}"},"query-input":{"@type":"PropertyValueSpecification","valueRequired":true,"valueName":"search_term_string"}}],"inLanguage":"fr-FR"},{"@type":"Organization","@id":"https:\/\/www.42gears.com\/#organization","name":"MDM - 42Gears","url":"https:\/\/www.42gears.com\/","logo":{"@type":"ImageObject","inLanguage":"fr-FR","@id":"https:\/\/www.42gears.com\/#\/schema\/logo\/image\/","url":"https:\/\/www.42gears.com\/wp-content\/uploads\/2018\/12\/Featured-Image-42Gears-logo.png","contentUrl":"https:\/\/www.42gears.com\/wp-content\/uploads\/2018\/12\/Featured-Image-42Gears-logo.png","width":499,"height":330,"caption":"MDM - 42Gears"},"image":{"@id":"https:\/\/www.42gears.com\/#\/schema\/logo\/image\/"},"sameAs":["https:\/\/www.facebook.com\/42gears","https:\/\/x.com\/42Gears"]}]}},"_links":{"self":[{"href":"https:\/\/www.42gears.com\/fr\/wp-json\/wp\/v2\/pages\/48830","targetHints":{"allow":["GET"]}}],"collection":[{"href":"https:\/\/www.42gears.com\/fr\/wp-json\/wp\/v2\/pages"}],"about":[{"href":"https:\/\/www.42gears.com\/fr\/wp-json\/wp\/v2\/types\/page"}],"author":[{"embeddable":true,"href":"https:\/\/www.42gears.com\/fr\/wp-json\/wp\/v2\/users\/7"}],"replies":[{"embeddable":true,"href":"https:\/\/www.42gears.com\/fr\/wp-json\/wp\/v2\/comments?post=48830"}],"version-history":[{"count":2,"href":"https:\/\/www.42gears.com\/fr\/wp-json\/wp\/v2\/pages\/48830\/revisions"}],"predecessor-version":[{"id":109940,"href":"https:\/\/www.42gears.com\/fr\/wp-json\/wp\/v2\/pages\/48830\/revisions\/109940"}],"wp:featuredmedia":[{"embeddable":true,"href":"https:\/\/www.42gears.com\/fr\/wp-json\/wp\/v2\/media\/28575"}],"wp:attachment":[{"href":"https:\/\/www.42gears.com\/fr\/wp-json\/wp\/v2\/media?parent=48830"}],"wp:term":[{"taxonomy":"category","embeddable":true,"href":"https:\/\/www.42gears.com\/fr\/wp-json\/wp\/v2\/categories?post=48830"},{"taxonomy":"post_tag","embeddable":true,"href":"https:\/\/www.42gears.com\/fr\/wp-json\/wp\/v2\/tags?post=48830"}],"curies":[{"name":"wp","href":"https:\/\/api.w.org\/{rel}","templated":true}]}}