{"id":48825,"date":"2020-03-23T12:17:31","date_gmt":"2020-03-23T12:17:31","guid":{"rendered":"https:\/\/www.42gears.com\/42gears-mobility-systems-a-ete-positionne-par-gartner-inc-comme-un-visionnaire-dans-le-magic-quadrant-des-outils-de-gestion-unifiee-des-terminaux-2019-et-ce\/"},"modified":"2024-12-30T12:43:18","modified_gmt":"2024-12-30T12:43:18","slug":"42gears-mobility-systems-a-ete-positionne-par-gartner-inc-comme-un-visionnaire-dans-le-magic-quadrant-des-outils-de-gestion-unifiee-des-terminaux-2019-et-ce","status":"publish","type":"page","link":"https:\/\/www.42gears.com\/fr\/42gears-mobility-systems-a-ete-positionne-par-gartner-inc-comme-un-visionnaire-dans-le-magic-quadrant-des-outils-de-gestion-unifiee-des-terminaux-2019-et-ce\/","title":{"rendered":"42Gears Mobility Systems a \u00e9t\u00e9 positionn\u00e9 par Gartner, Inc. comme un visionnaire dans le Magic Quadrant des outils de gestion unifi\u00e9e des terminaux 2019, et ce"},"content":{"rendered":"\n<h1>\n\t\t42Gears Mobility Systems a \u00e9t\u00e9 positionn\u00e9 par Gartner, Inc. comme un visionnaire dans le Magic Quadrant des outils de gestion unifi\u00e9e des terminaux 2019, et ce\n\t<\/h1>\n\t<p><strong>Fremont, CA, 13 ao\u00fbt 2019\u00a0<\/strong>&#8211; 42Gears Mobility Systems, l&rsquo;un des principaux fournisseurs de solutions de gestion unifi\u00e9e des terminaux, a annonc\u00e9 aujourd&rsquo;hui qu&rsquo;il a \u00e9t\u00e9 positionn\u00e9 par Gartner, Inc. comme un visionnaire dans le Magic Quadrant des outils de gestion unifi\u00e9e des terminaux 2019, et ce, pendant deux ann\u00e9es cons\u00e9cutives.<\/p>\n<p>42Gears a r\u00e9volutionn\u00e9 les espaces de travail num\u00e9riques dans tous les secteurs, en aidant les entreprises \u00e0 g\u00e9rer et \u00e0 s\u00e9curiser leurs appareils mobiles, leurs PC et de nombreux autres types de terminaux.La solution UEM de 42Gears permet des d\u00e9ploiements \u00e0 large \u00e9chelle et conf\u00e8re aux entreprises un contr\u00f4le granulaire sur les dispositifs d&rsquo;entreprise<\/p>\n<p>Les terminaux tels que les points de vente, les imprimantes r\u00e9seau et les casques d&rsquo;\u00e9coute Bluetooth &#8211; non compatibles avec les syst\u00e8mes d&rsquo;exploitation standard &#8211; peuvent \u00e9galement \u00eatre g\u00e9r\u00e9s gr\u00e2ce \u00e0 la technologie de gestion des objets (TMT) de l&rsquo;IdO, par le biais d&rsquo;une passerelle h\u00e9bergeant un agent UEM.La plate-forme supporte en outre le pilote automatique de Windows et les API graphiques de Microsoft permettant de g\u00e9rer les applications O365 via Intune MAM.<\/p>\n<p>\u00ab\u00a0Pour figurer comme le seul visionnaire dans le\u00a0<strong>Magic Quadrant de Gartner pour les outils de gestion unifi\u00e9e des terminaux 2019<\/strong>, nous pensons que notre approche aide les entreprises non seulement \u00e0 relever les d\u00e9fis auxquels elles font face actuellement, mais leur permet \u00e9galement de se sentir prot\u00e9g\u00e9es dans le futur lorsqu&rsquo;elles d\u00e9ploieront des nouvelles technologies,\u00a0\u00bb\u00a0<strong>a d\u00e9clar\u00e9 Onkar Singh, fondateur et PDG de 42Gears Mobility Systems.<\/strong>.\u00ab\u00a0L&rsquo;innovation est un mode de vie chez 42Gears, un esprit qui guide tout ce que nous entreprenons et une motivation pour \u00e9laborer de meilleurs produits.Nous avons derni\u00e8rement mis en \u0153uvre une technologie de gestion des objets qui, nous l&rsquo;esp\u00e9rons, va r\u00e9volutionner la mani\u00e8re dont les entreprises con\u00e7oivent la gestion des terminaux\u00a0\u00bb.<\/p>\n<p>Plus t\u00f4t cette ann\u00e9e, 42Gears avait d\u00e9j\u00e0 \u00e9t\u00e9 reconnu comme le\u00a0<strong>le choix des clients de Gartner Peer Insights en mati\u00e8re d&rsquo;outils de gestion unifi\u00e9e des terminaux.<\/strong><\/p>\n<p>Au fur et \u00e0 mesure que les entreprises prennent conscience de la n\u00e9cessit\u00e9 de passer d&rsquo;une combinaison de solutions CMT et EMM \u00e0 un outil UEM complet, 42Gears est pr\u00eat \u00e0 se distinguer gr\u00e2ce \u00e0 une plateforme centr\u00e9e sur l&rsquo;utilisateur qui peut d\u00e9sormais aider \u00e0 g\u00e9rer les terminaux \u00ab\u00a0pas si intelligents\u00a0\u00bb, en plus des smartphones, des ordinateurs de bureau, des ordinateurs portables, des ordinateurs de poche robustes et des appareils portables.<\/p>\n<p>Le choix des clients de Gartner, Peer Insights, 2019, Outils de gestion unifi\u00e9e des terminaux (\u00e0 partir du 13 ao\u00fbt 2019)<\/p>\n<p>Le choix des clients de Gartner Peer Insights repr\u00e9sente les avis subjectifs de chaque utilisateur final, les notations et les donn\u00e9es appliqu\u00e9es sur la base d&rsquo;une m\u00e9thodologie document\u00e9e ; ils ne repr\u00e9sentent pas l&rsquo;opinion de Gartner ou de ses filiales et ne constituent pas une approbation de leur part.<\/p>\n<p>Source :Gartner, Magic Quadrant pour les outils de gestion unifi\u00e9e des terminaux, Chris Silva et al., 6 ao\u00fbt 2019<\/p>\n<p><strong>Clause de non-responsabilit\u00e9<\/strong><\/p>\n<p>Gartner ne soutient aucun vendeur, produit ou service d\u00e9crit dans ses publications de recherche, et ne conseille pas aux utilisateurs de technologie de ne s\u00e9lectionner que les vendeurs ayant les meilleures notes ou une autre d\u00e9signation.Les publications sur la recherche de Gartner sont constitu\u00e9es des opinions de l&rsquo;organisme de recherche de Gartner et ne peuvent \u00eatre interpr\u00e9t\u00e9es comme des d\u00e9clarations de fait.Gartner d\u00e9cline toute garantie, expresse ou implicite, concernant cette recherche, y compris toute garantie de qualit\u00e9 marchande ou d&rsquo;ad\u00e9quation \u00e0 un usage particulier.<\/p>\n\n","protected":false},"excerpt":{"rendered":"<p>42Gears Mobility Systems a \u00e9t\u00e9 positionn\u00e9 par Gartner, Inc. comme un visionnaire dans le Magic Quadrant des outils de gestion unifi\u00e9e des terminaux 2019, et ce Fremont, CA, 13 ao\u00fbt 2019\u00a0&#8211; 42Gears Mobility Systems, l&rsquo;un des principaux fournisseurs de solutions de gestion unifi\u00e9e des terminaux, a annonc\u00e9 aujourd&rsquo;hui qu&rsquo;il a \u00e9t\u00e9 positionn\u00e9 par Gartner, Inc.&hellip;<\/p>\n","protected":false},"author":7,"featured_media":28575,"parent":0,"menu_order":0,"comment_status":"closed","ping_status":"closed","template":"","meta":{"_acf_changed":false,"footnotes":""},"categories":[],"tags":[],"class_list":["post-48825","page","type-page","status-publish","has-post-thumbnail","hentry"],"acf":[],"yoast_head":"<!-- This site is optimized with the Yoast SEO Premium plugin v24.6 (Yoast SEO v24.6) - https:\/\/yoast.com\/wordpress\/plugins\/seo\/ -->\n<title>42Gears Mobility Systems a \u00e9t\u00e9 positionn\u00e9 par Gartner, Inc. comme un visionnaire dans le Magic Quadrant des outils de gestion unifi\u00e9e des terminaux 2019, et ce - 42Gears Mobility Systems<\/title>\n<meta name=\"description\" content=\"42Gears Mobility Systems a annonc\u00e9 aujourd&#039;hui qu&#039;il a \u00e9t\u00e9 positionn\u00e9 par Gartner, Inc. comme un visionnaire dans le Magic Quadrant.\" \/>\n<meta name=\"robots\" content=\"index, follow, max-snippet:-1, max-image-preview:large, max-video-preview:-1\" \/>\n<link rel=\"canonical\" href=\"http:\/\/www.42gears.com\/fr\/42gears-mobility-systems-a-ete-positionne-par-gartner-inc-comme-un-visionnaire-dans-le-magic-quadrant-des-outils-de-gestion-unifiee-des-terminaux-2019-et-ce\/\" \/>\n<meta property=\"og:locale\" content=\"fr_FR\" \/>\n<meta property=\"og:type\" content=\"article\" \/>\n<meta property=\"og:title\" content=\"42Gears Mobility Systems a \u00e9t\u00e9 positionn\u00e9 par Gartner, Inc. comme un visionnaire dans le Magic Quadrant des outils de gestion unifi\u00e9e des terminaux 2019, et ce\" \/>\n<meta property=\"og:description\" content=\"42Gears Mobility Systems a annonc\u00e9 aujourd&#039;hui qu&#039;il a \u00e9t\u00e9 positionn\u00e9 par Gartner, Inc. comme un visionnaire dans le Magic Quadrant.\" \/>\n<meta property=\"og:url\" content=\"http:\/\/www.42gears.com\/fr\/42gears-mobility-systems-a-ete-positionne-par-gartner-inc-comme-un-visionnaire-dans-le-magic-quadrant-des-outils-de-gestion-unifiee-des-terminaux-2019-et-ce\/\" \/>\n<meta property=\"og:site_name\" content=\"42Gears Mobility Systems\" \/>\n<meta property=\"article:publisher\" content=\"https:\/\/www.facebook.com\/42gears\" \/>\n<meta property=\"article:modified_time\" content=\"2024-12-30T12:43:18+00:00\" \/>\n<meta property=\"og:image\" content=\"http:\/\/www.42gears.com\/wp-content\/uploads\/2018\/12\/Featured-Image-42Gears-logo.png\" \/>\n\t<meta property=\"og:image:width\" content=\"499\" \/>\n\t<meta property=\"og:image:height\" content=\"330\" \/>\n\t<meta property=\"og:image:type\" content=\"image\/png\" \/>\n<meta name=\"twitter:card\" content=\"summary_large_image\" \/>\n<meta name=\"twitter:site\" content=\"@42Gears\" \/>\n<meta name=\"twitter:label1\" content=\"Est. reading time\" \/>\n\t<meta name=\"twitter:data1\" content=\"3 minutes\" \/>\n<script type=\"application\/ld+json\" class=\"yoast-schema-graph\">{\"@context\":\"https:\/\/schema.org\",\"@graph\":[{\"@type\":\"WebPage\",\"@id\":\"http:\/\/www.42gears.com\/fr\/42gears-mobility-systems-a-ete-positionne-par-gartner-inc-comme-un-visionnaire-dans-le-magic-quadrant-des-outils-de-gestion-unifiee-des-terminaux-2019-et-ce\/\",\"url\":\"http:\/\/www.42gears.com\/fr\/42gears-mobility-systems-a-ete-positionne-par-gartner-inc-comme-un-visionnaire-dans-le-magic-quadrant-des-outils-de-gestion-unifiee-des-terminaux-2019-et-ce\/\",\"name\":\"42Gears Mobility Systems a \u00e9t\u00e9 positionn\u00e9 par Gartner, Inc. comme un visionnaire dans le Magic Quadrant des outils de gestion unifi\u00e9e des terminaux 2019, et ce - 42Gears Mobility Systems\",\"isPartOf\":{\"@id\":\"https:\/\/www.42gears.com\/#website\"},\"primaryImageOfPage\":{\"@id\":\"http:\/\/www.42gears.com\/fr\/42gears-mobility-systems-a-ete-positionne-par-gartner-inc-comme-un-visionnaire-dans-le-magic-quadrant-des-outils-de-gestion-unifiee-des-terminaux-2019-et-ce\/#primaryimage\"},\"image\":{\"@id\":\"http:\/\/www.42gears.com\/fr\/42gears-mobility-systems-a-ete-positionne-par-gartner-inc-comme-un-visionnaire-dans-le-magic-quadrant-des-outils-de-gestion-unifiee-des-terminaux-2019-et-ce\/#primaryimage\"},\"thumbnailUrl\":\"https:\/\/www.42gears.com\/wp-content\/uploads\/2018\/12\/Featured-Image-42Gears-logo.png\",\"datePublished\":\"2020-03-23T12:17:31+00:00\",\"dateModified\":\"2024-12-30T12:43:18+00:00\",\"description\":\"42Gears Mobility Systems a annonc\u00e9 aujourd'hui qu'il a \u00e9t\u00e9 positionn\u00e9 par Gartner, Inc. comme un visionnaire dans le Magic Quadrant.\",\"breadcrumb\":{\"@id\":\"http:\/\/www.42gears.com\/fr\/42gears-mobility-systems-a-ete-positionne-par-gartner-inc-comme-un-visionnaire-dans-le-magic-quadrant-des-outils-de-gestion-unifiee-des-terminaux-2019-et-ce\/#breadcrumb\"},\"inLanguage\":\"fr-FR\",\"potentialAction\":[{\"@type\":\"ReadAction\",\"target\":[\"http:\/\/www.42gears.com\/fr\/42gears-mobility-systems-a-ete-positionne-par-gartner-inc-comme-un-visionnaire-dans-le-magic-quadrant-des-outils-de-gestion-unifiee-des-terminaux-2019-et-ce\/\"]}]},{\"@type\":\"ImageObject\",\"inLanguage\":\"fr-FR\",\"@id\":\"http:\/\/www.42gears.com\/fr\/42gears-mobility-systems-a-ete-positionne-par-gartner-inc-comme-un-visionnaire-dans-le-magic-quadrant-des-outils-de-gestion-unifiee-des-terminaux-2019-et-ce\/#primaryimage\",\"url\":\"https:\/\/www.42gears.com\/wp-content\/uploads\/2018\/12\/Featured-Image-42Gears-logo.png\",\"contentUrl\":\"https:\/\/www.42gears.com\/wp-content\/uploads\/2018\/12\/Featured-Image-42Gears-logo.png\",\"width\":499,\"height\":330,\"caption\":\"Featured-Image-42Gears-logo\"},{\"@type\":\"BreadcrumbList\",\"@id\":\"http:\/\/www.42gears.com\/fr\/42gears-mobility-systems-a-ete-positionne-par-gartner-inc-comme-un-visionnaire-dans-le-magic-quadrant-des-outils-de-gestion-unifiee-des-terminaux-2019-et-ce\/#breadcrumb\",\"itemListElement\":[{\"@type\":\"ListItem\",\"position\":1,\"name\":\"Home\",\"item\":\"https:\/\/www.42gears.com\/fr\/\"},{\"@type\":\"ListItem\",\"position\":2,\"name\":\"42Gears Mobility Systems a \u00e9t\u00e9 positionn\u00e9 par Gartner, Inc. comme un visionnaire dans le Magic Quadrant des outils de gestion unifi\u00e9e des terminaux 2019, et ce\"}]},{\"@type\":\"WebSite\",\"@id\":\"https:\/\/www.42gears.com\/#website\",\"url\":\"https:\/\/www.42gears.com\/\",\"name\":\"42Gears Mobility Systems\",\"description\":\"Mobile Device Management (MDM), Mobile Security &amp; Mobile Device Lockdown\",\"publisher\":{\"@id\":\"https:\/\/www.42gears.com\/#organization\"},\"potentialAction\":[{\"@type\":\"SearchAction\",\"target\":{\"@type\":\"EntryPoint\",\"urlTemplate\":\"https:\/\/www.42gears.com\/?s={search_term_string}\"},\"query-input\":{\"@type\":\"PropertyValueSpecification\",\"valueRequired\":true,\"valueName\":\"search_term_string\"}}],\"inLanguage\":\"fr-FR\"},{\"@type\":\"Organization\",\"@id\":\"https:\/\/www.42gears.com\/#organization\",\"name\":\"MDM - 42Gears\",\"url\":\"https:\/\/www.42gears.com\/\",\"logo\":{\"@type\":\"ImageObject\",\"inLanguage\":\"fr-FR\",\"@id\":\"https:\/\/www.42gears.com\/#\/schema\/logo\/image\/\",\"url\":\"https:\/\/www.42gears.com\/wp-content\/uploads\/2018\/12\/Featured-Image-42Gears-logo.png\",\"contentUrl\":\"https:\/\/www.42gears.com\/wp-content\/uploads\/2018\/12\/Featured-Image-42Gears-logo.png\",\"width\":499,\"height\":330,\"caption\":\"MDM - 42Gears\"},\"image\":{\"@id\":\"https:\/\/www.42gears.com\/#\/schema\/logo\/image\/\"},\"sameAs\":[\"https:\/\/www.facebook.com\/42gears\",\"https:\/\/x.com\/42Gears\"]}]}<\/script>\n<!-- \/ Yoast SEO Premium plugin. -->","yoast_head_json":{"title":"42Gears Mobility Systems a \u00e9t\u00e9 positionn\u00e9 par Gartner, Inc. comme un visionnaire dans le Magic Quadrant des outils de gestion unifi\u00e9e des terminaux 2019, et ce - 42Gears Mobility Systems","description":"42Gears Mobility Systems a annonc\u00e9 aujourd'hui qu'il a \u00e9t\u00e9 positionn\u00e9 par Gartner, Inc. comme un visionnaire dans le Magic Quadrant.","robots":{"index":"index","follow":"follow","max-snippet":"max-snippet:-1","max-image-preview":"max-image-preview:large","max-video-preview":"max-video-preview:-1"},"canonical":"http:\/\/www.42gears.com\/fr\/42gears-mobility-systems-a-ete-positionne-par-gartner-inc-comme-un-visionnaire-dans-le-magic-quadrant-des-outils-de-gestion-unifiee-des-terminaux-2019-et-ce\/","og_locale":"fr_FR","og_type":"article","og_title":"42Gears Mobility Systems a \u00e9t\u00e9 positionn\u00e9 par Gartner, Inc. comme un visionnaire dans le Magic Quadrant des outils de gestion unifi\u00e9e des terminaux 2019, et ce","og_description":"42Gears Mobility Systems a annonc\u00e9 aujourd'hui qu'il a \u00e9t\u00e9 positionn\u00e9 par Gartner, Inc. comme un visionnaire dans le Magic Quadrant.","og_url":"http:\/\/www.42gears.com\/fr\/42gears-mobility-systems-a-ete-positionne-par-gartner-inc-comme-un-visionnaire-dans-le-magic-quadrant-des-outils-de-gestion-unifiee-des-terminaux-2019-et-ce\/","og_site_name":"42Gears Mobility Systems","article_publisher":"https:\/\/www.facebook.com\/42gears","article_modified_time":"2024-12-30T12:43:18+00:00","og_image":[{"width":499,"height":330,"url":"http:\/\/www.42gears.com\/wp-content\/uploads\/2018\/12\/Featured-Image-42Gears-logo.png","type":"image\/png"}],"twitter_card":"summary_large_image","twitter_site":"@42Gears","twitter_misc":{"Est. reading time":"3 minutes"},"schema":{"@context":"https:\/\/schema.org","@graph":[{"@type":"WebPage","@id":"http:\/\/www.42gears.com\/fr\/42gears-mobility-systems-a-ete-positionne-par-gartner-inc-comme-un-visionnaire-dans-le-magic-quadrant-des-outils-de-gestion-unifiee-des-terminaux-2019-et-ce\/","url":"http:\/\/www.42gears.com\/fr\/42gears-mobility-systems-a-ete-positionne-par-gartner-inc-comme-un-visionnaire-dans-le-magic-quadrant-des-outils-de-gestion-unifiee-des-terminaux-2019-et-ce\/","name":"42Gears Mobility Systems a \u00e9t\u00e9 positionn\u00e9 par Gartner, Inc. comme un visionnaire dans le Magic Quadrant des outils de gestion unifi\u00e9e des terminaux 2019, et ce - 42Gears Mobility Systems","isPartOf":{"@id":"https:\/\/www.42gears.com\/#website"},"primaryImageOfPage":{"@id":"http:\/\/www.42gears.com\/fr\/42gears-mobility-systems-a-ete-positionne-par-gartner-inc-comme-un-visionnaire-dans-le-magic-quadrant-des-outils-de-gestion-unifiee-des-terminaux-2019-et-ce\/#primaryimage"},"image":{"@id":"http:\/\/www.42gears.com\/fr\/42gears-mobility-systems-a-ete-positionne-par-gartner-inc-comme-un-visionnaire-dans-le-magic-quadrant-des-outils-de-gestion-unifiee-des-terminaux-2019-et-ce\/#primaryimage"},"thumbnailUrl":"https:\/\/www.42gears.com\/wp-content\/uploads\/2018\/12\/Featured-Image-42Gears-logo.png","datePublished":"2020-03-23T12:17:31+00:00","dateModified":"2024-12-30T12:43:18+00:00","description":"42Gears Mobility Systems a annonc\u00e9 aujourd'hui qu'il a \u00e9t\u00e9 positionn\u00e9 par Gartner, Inc. comme un visionnaire dans le Magic Quadrant.","breadcrumb":{"@id":"http:\/\/www.42gears.com\/fr\/42gears-mobility-systems-a-ete-positionne-par-gartner-inc-comme-un-visionnaire-dans-le-magic-quadrant-des-outils-de-gestion-unifiee-des-terminaux-2019-et-ce\/#breadcrumb"},"inLanguage":"fr-FR","potentialAction":[{"@type":"ReadAction","target":["http:\/\/www.42gears.com\/fr\/42gears-mobility-systems-a-ete-positionne-par-gartner-inc-comme-un-visionnaire-dans-le-magic-quadrant-des-outils-de-gestion-unifiee-des-terminaux-2019-et-ce\/"]}]},{"@type":"ImageObject","inLanguage":"fr-FR","@id":"http:\/\/www.42gears.com\/fr\/42gears-mobility-systems-a-ete-positionne-par-gartner-inc-comme-un-visionnaire-dans-le-magic-quadrant-des-outils-de-gestion-unifiee-des-terminaux-2019-et-ce\/#primaryimage","url":"https:\/\/www.42gears.com\/wp-content\/uploads\/2018\/12\/Featured-Image-42Gears-logo.png","contentUrl":"https:\/\/www.42gears.com\/wp-content\/uploads\/2018\/12\/Featured-Image-42Gears-logo.png","width":499,"height":330,"caption":"Featured-Image-42Gears-logo"},{"@type":"BreadcrumbList","@id":"http:\/\/www.42gears.com\/fr\/42gears-mobility-systems-a-ete-positionne-par-gartner-inc-comme-un-visionnaire-dans-le-magic-quadrant-des-outils-de-gestion-unifiee-des-terminaux-2019-et-ce\/#breadcrumb","itemListElement":[{"@type":"ListItem","position":1,"name":"Home","item":"https:\/\/www.42gears.com\/fr\/"},{"@type":"ListItem","position":2,"name":"42Gears Mobility Systems a \u00e9t\u00e9 positionn\u00e9 par Gartner, Inc. comme un visionnaire dans le Magic Quadrant des outils de gestion unifi\u00e9e des terminaux 2019, et ce"}]},{"@type":"WebSite","@id":"https:\/\/www.42gears.com\/#website","url":"https:\/\/www.42gears.com\/","name":"42Gears Mobility Systems","description":"Mobile Device Management (MDM), Mobile Security &amp; Mobile Device Lockdown","publisher":{"@id":"https:\/\/www.42gears.com\/#organization"},"potentialAction":[{"@type":"SearchAction","target":{"@type":"EntryPoint","urlTemplate":"https:\/\/www.42gears.com\/?s={search_term_string}"},"query-input":{"@type":"PropertyValueSpecification","valueRequired":true,"valueName":"search_term_string"}}],"inLanguage":"fr-FR"},{"@type":"Organization","@id":"https:\/\/www.42gears.com\/#organization","name":"MDM - 42Gears","url":"https:\/\/www.42gears.com\/","logo":{"@type":"ImageObject","inLanguage":"fr-FR","@id":"https:\/\/www.42gears.com\/#\/schema\/logo\/image\/","url":"https:\/\/www.42gears.com\/wp-content\/uploads\/2018\/12\/Featured-Image-42Gears-logo.png","contentUrl":"https:\/\/www.42gears.com\/wp-content\/uploads\/2018\/12\/Featured-Image-42Gears-logo.png","width":499,"height":330,"caption":"MDM - 42Gears"},"image":{"@id":"https:\/\/www.42gears.com\/#\/schema\/logo\/image\/"},"sameAs":["https:\/\/www.facebook.com\/42gears","https:\/\/x.com\/42Gears"]}]}},"_links":{"self":[{"href":"https:\/\/www.42gears.com\/fr\/wp-json\/wp\/v2\/pages\/48825","targetHints":{"allow":["GET"]}}],"collection":[{"href":"https:\/\/www.42gears.com\/fr\/wp-json\/wp\/v2\/pages"}],"about":[{"href":"https:\/\/www.42gears.com\/fr\/wp-json\/wp\/v2\/types\/page"}],"author":[{"embeddable":true,"href":"https:\/\/www.42gears.com\/fr\/wp-json\/wp\/v2\/users\/7"}],"replies":[{"embeddable":true,"href":"https:\/\/www.42gears.com\/fr\/wp-json\/wp\/v2\/comments?post=48825"}],"version-history":[{"count":4,"href":"https:\/\/www.42gears.com\/fr\/wp-json\/wp\/v2\/pages\/48825\/revisions"}],"predecessor-version":[{"id":110167,"href":"https:\/\/www.42gears.com\/fr\/wp-json\/wp\/v2\/pages\/48825\/revisions\/110167"}],"wp:featuredmedia":[{"embeddable":true,"href":"https:\/\/www.42gears.com\/fr\/wp-json\/wp\/v2\/media\/28575"}],"wp:attachment":[{"href":"https:\/\/www.42gears.com\/fr\/wp-json\/wp\/v2\/media?parent=48825"}],"wp:term":[{"taxonomy":"category","embeddable":true,"href":"https:\/\/www.42gears.com\/fr\/wp-json\/wp\/v2\/categories?post=48825"},{"taxonomy":"post_tag","embeddable":true,"href":"https:\/\/www.42gears.com\/fr\/wp-json\/wp\/v2\/tags?post=48825"}],"curies":[{"name":"wp","href":"https:\/\/api.w.org\/{rel}","templated":true}]}}