{"id":48798,"date":"2020-03-20T06:43:37","date_gmt":"2020-03-20T06:43:37","guid":{"rendered":"https:\/\/www.42gears.com\/42gears-introduit-un-modele-de-licence-a-plusieurs-niveaux-et-a-locataires-multiples\/"},"modified":"2020-03-20T06:46:18","modified_gmt":"2020-03-20T06:46:18","slug":"42gears-introduit-un-modele-de-licence-a-plusieurs-niveaux-et-a-locataires-multiples","status":"publish","type":"page","link":"https:\/\/www.42gears.com\/fr\/42gears-introduit-un-modele-de-licence-a-plusieurs-niveaux-et-a-locataires-multiples\/","title":{"rendered":"42Gears introduit un mod\u00e8le de licence \u00e0 plusieurs niveaux et \u00e0 locataires multiples"},"content":{"rendered":"","protected":false},"excerpt":{"rendered":"","protected":false},"author":7,"featured_media":0,"parent":0,"menu_order":0,"comment_status":"closed","ping_status":"closed","template":"","meta":{"_acf_changed":false,"footnotes":""},"categories":[],"tags":[],"class_list":["post-48798","page","type-page","status-publish","hentry"],"acf":[],"yoast_head":"<!-- This site is optimized with the Yoast SEO Premium plugin v24.6 (Yoast SEO v24.6) - https:\/\/yoast.com\/wordpress\/plugins\/seo\/ -->\n<title>42Gears introduit un mod\u00e8le de licence \u00e0 plusieurs niveaux et \u00e0 locataires multiples<\/title>\n<meta name=\"description\" content=\"42Gears introduit un mod\u00e8le de licence \u00e0 plusieurs niveaux et \u00e0 locataires multiples\" \/>\n<meta name=\"robots\" content=\"index, follow, max-snippet:-1, max-image-preview:large, max-video-preview:-1\" \/>\n<link rel=\"canonical\" href=\"http:\/\/www.42gears.com\/fr\/42gears-introduit-un-modele-de-licence-a-plusieurs-niveaux-et-a-locataires-multiples\/\" \/>\n<meta property=\"og:locale\" content=\"fr_FR\" \/>\n<meta property=\"og:type\" content=\"article\" \/>\n<meta property=\"og:title\" content=\"42Gears introduit un mod\u00e8le de licence \u00e0 plusieurs niveaux et \u00e0 locataires multiples\" \/>\n<meta property=\"og:description\" content=\"42Gears introduit un mod\u00e8le de licence \u00e0 plusieurs niveaux et \u00e0 locataires multiples\" \/>\n<meta property=\"og:url\" content=\"http:\/\/www.42gears.com\/fr\/42gears-introduit-un-modele-de-licence-a-plusieurs-niveaux-et-a-locataires-multiples\/\" \/>\n<meta property=\"og:site_name\" content=\"42Gears Mobility Systems\" \/>\n<meta property=\"article:publisher\" content=\"https:\/\/www.facebook.com\/42gears\" \/>\n<meta property=\"article:modified_time\" content=\"2020-03-20T06:46:18+00:00\" \/>\n<meta name=\"twitter:card\" content=\"summary_large_image\" \/>\n<meta name=\"twitter:site\" content=\"@42Gears\" \/>\n<script type=\"application\/ld+json\" class=\"yoast-schema-graph\">{\"@context\":\"https:\/\/schema.org\",\"@graph\":[{\"@type\":\"WebPage\",\"@id\":\"http:\/\/www.42gears.com\/fr\/42gears-introduit-un-modele-de-licence-a-plusieurs-niveaux-et-a-locataires-multiples\/\",\"url\":\"http:\/\/www.42gears.com\/fr\/42gears-introduit-un-modele-de-licence-a-plusieurs-niveaux-et-a-locataires-multiples\/\",\"name\":\"42Gears introduit un mod\u00e8le de licence \u00e0 plusieurs niveaux et \u00e0 locataires multiples\",\"isPartOf\":{\"@id\":\"https:\/\/www.42gears.com\/#website\"},\"datePublished\":\"2020-03-20T06:43:37+00:00\",\"dateModified\":\"2020-03-20T06:46:18+00:00\",\"description\":\"42Gears introduit un mod\u00e8le de licence \u00e0 plusieurs niveaux et \u00e0 locataires multiples\",\"breadcrumb\":{\"@id\":\"http:\/\/www.42gears.com\/fr\/42gears-introduit-un-modele-de-licence-a-plusieurs-niveaux-et-a-locataires-multiples\/#breadcrumb\"},\"inLanguage\":\"fr-FR\",\"potentialAction\":[{\"@type\":\"ReadAction\",\"target\":[\"http:\/\/www.42gears.com\/fr\/42gears-introduit-un-modele-de-licence-a-plusieurs-niveaux-et-a-locataires-multiples\/\"]}]},{\"@type\":\"BreadcrumbList\",\"@id\":\"http:\/\/www.42gears.com\/fr\/42gears-introduit-un-modele-de-licence-a-plusieurs-niveaux-et-a-locataires-multiples\/#breadcrumb\",\"itemListElement\":[{\"@type\":\"ListItem\",\"position\":1,\"name\":\"Home\",\"item\":\"https:\/\/www.42gears.com\/fr\/\"},{\"@type\":\"ListItem\",\"position\":2,\"name\":\"42Gears introduit un mod\u00e8le de licence \u00e0 plusieurs niveaux et \u00e0 locataires multiples\"}]},{\"@type\":\"WebSite\",\"@id\":\"https:\/\/www.42gears.com\/#website\",\"url\":\"https:\/\/www.42gears.com\/\",\"name\":\"42Gears Mobility Systems\",\"description\":\"Mobile Device Management (MDM), Mobile Security &amp; Mobile Device Lockdown\",\"publisher\":{\"@id\":\"https:\/\/www.42gears.com\/#organization\"},\"potentialAction\":[{\"@type\":\"SearchAction\",\"target\":{\"@type\":\"EntryPoint\",\"urlTemplate\":\"https:\/\/www.42gears.com\/?s={search_term_string}\"},\"query-input\":{\"@type\":\"PropertyValueSpecification\",\"valueRequired\":true,\"valueName\":\"search_term_string\"}}],\"inLanguage\":\"fr-FR\"},{\"@type\":\"Organization\",\"@id\":\"https:\/\/www.42gears.com\/#organization\",\"name\":\"MDM - 42Gears\",\"url\":\"https:\/\/www.42gears.com\/\",\"logo\":{\"@type\":\"ImageObject\",\"inLanguage\":\"fr-FR\",\"@id\":\"https:\/\/www.42gears.com\/#\/schema\/logo\/image\/\",\"url\":\"https:\/\/www.42gears.com\/wp-content\/uploads\/2018\/12\/Featured-Image-42Gears-logo.png\",\"contentUrl\":\"https:\/\/www.42gears.com\/wp-content\/uploads\/2018\/12\/Featured-Image-42Gears-logo.png\",\"width\":499,\"height\":330,\"caption\":\"MDM - 42Gears\"},\"image\":{\"@id\":\"https:\/\/www.42gears.com\/#\/schema\/logo\/image\/\"},\"sameAs\":[\"https:\/\/www.facebook.com\/42gears\",\"https:\/\/x.com\/42Gears\"]}]}<\/script>\n<!-- \/ Yoast SEO Premium plugin. -->","yoast_head_json":{"title":"42Gears introduit un mod\u00e8le de licence \u00e0 plusieurs niveaux et \u00e0 locataires multiples","description":"42Gears introduit un mod\u00e8le de licence \u00e0 plusieurs niveaux et \u00e0 locataires multiples","robots":{"index":"index","follow":"follow","max-snippet":"max-snippet:-1","max-image-preview":"max-image-preview:large","max-video-preview":"max-video-preview:-1"},"canonical":"http:\/\/www.42gears.com\/fr\/42gears-introduit-un-modele-de-licence-a-plusieurs-niveaux-et-a-locataires-multiples\/","og_locale":"fr_FR","og_type":"article","og_title":"42Gears introduit un mod\u00e8le de licence \u00e0 plusieurs niveaux et \u00e0 locataires multiples","og_description":"42Gears introduit un mod\u00e8le de licence \u00e0 plusieurs niveaux et \u00e0 locataires multiples","og_url":"http:\/\/www.42gears.com\/fr\/42gears-introduit-un-modele-de-licence-a-plusieurs-niveaux-et-a-locataires-multiples\/","og_site_name":"42Gears Mobility Systems","article_publisher":"https:\/\/www.facebook.com\/42gears","article_modified_time":"2020-03-20T06:46:18+00:00","twitter_card":"summary_large_image","twitter_site":"@42Gears","schema":{"@context":"https:\/\/schema.org","@graph":[{"@type":"WebPage","@id":"http:\/\/www.42gears.com\/fr\/42gears-introduit-un-modele-de-licence-a-plusieurs-niveaux-et-a-locataires-multiples\/","url":"http:\/\/www.42gears.com\/fr\/42gears-introduit-un-modele-de-licence-a-plusieurs-niveaux-et-a-locataires-multiples\/","name":"42Gears introduit un mod\u00e8le de licence \u00e0 plusieurs niveaux et \u00e0 locataires multiples","isPartOf":{"@id":"https:\/\/www.42gears.com\/#website"},"datePublished":"2020-03-20T06:43:37+00:00","dateModified":"2020-03-20T06:46:18+00:00","description":"42Gears introduit un mod\u00e8le de licence \u00e0 plusieurs niveaux et \u00e0 locataires multiples","breadcrumb":{"@id":"http:\/\/www.42gears.com\/fr\/42gears-introduit-un-modele-de-licence-a-plusieurs-niveaux-et-a-locataires-multiples\/#breadcrumb"},"inLanguage":"fr-FR","potentialAction":[{"@type":"ReadAction","target":["http:\/\/www.42gears.com\/fr\/42gears-introduit-un-modele-de-licence-a-plusieurs-niveaux-et-a-locataires-multiples\/"]}]},{"@type":"BreadcrumbList","@id":"http:\/\/www.42gears.com\/fr\/42gears-introduit-un-modele-de-licence-a-plusieurs-niveaux-et-a-locataires-multiples\/#breadcrumb","itemListElement":[{"@type":"ListItem","position":1,"name":"Home","item":"https:\/\/www.42gears.com\/fr\/"},{"@type":"ListItem","position":2,"name":"42Gears introduit un mod\u00e8le de licence \u00e0 plusieurs niveaux et \u00e0 locataires multiples"}]},{"@type":"WebSite","@id":"https:\/\/www.42gears.com\/#website","url":"https:\/\/www.42gears.com\/","name":"42Gears Mobility Systems","description":"Mobile Device Management (MDM), Mobile Security &amp; Mobile Device Lockdown","publisher":{"@id":"https:\/\/www.42gears.com\/#organization"},"potentialAction":[{"@type":"SearchAction","target":{"@type":"EntryPoint","urlTemplate":"https:\/\/www.42gears.com\/?s={search_term_string}"},"query-input":{"@type":"PropertyValueSpecification","valueRequired":true,"valueName":"search_term_string"}}],"inLanguage":"fr-FR"},{"@type":"Organization","@id":"https:\/\/www.42gears.com\/#organization","name":"MDM - 42Gears","url":"https:\/\/www.42gears.com\/","logo":{"@type":"ImageObject","inLanguage":"fr-FR","@id":"https:\/\/www.42gears.com\/#\/schema\/logo\/image\/","url":"https:\/\/www.42gears.com\/wp-content\/uploads\/2018\/12\/Featured-Image-42Gears-logo.png","contentUrl":"https:\/\/www.42gears.com\/wp-content\/uploads\/2018\/12\/Featured-Image-42Gears-logo.png","width":499,"height":330,"caption":"MDM - 42Gears"},"image":{"@id":"https:\/\/www.42gears.com\/#\/schema\/logo\/image\/"},"sameAs":["https:\/\/www.facebook.com\/42gears","https:\/\/x.com\/42Gears"]}]}},"_links":{"self":[{"href":"https:\/\/www.42gears.com\/fr\/wp-json\/wp\/v2\/pages\/48798","targetHints":{"allow":["GET"]}}],"collection":[{"href":"https:\/\/www.42gears.com\/fr\/wp-json\/wp\/v2\/pages"}],"about":[{"href":"https:\/\/www.42gears.com\/fr\/wp-json\/wp\/v2\/types\/page"}],"author":[{"embeddable":true,"href":"https:\/\/www.42gears.com\/fr\/wp-json\/wp\/v2\/users\/7"}],"replies":[{"embeddable":true,"href":"https:\/\/www.42gears.com\/fr\/wp-json\/wp\/v2\/comments?post=48798"}],"version-history":[{"count":2,"href":"https:\/\/www.42gears.com\/fr\/wp-json\/wp\/v2\/pages\/48798\/revisions"}],"predecessor-version":[{"id":48800,"href":"https:\/\/www.42gears.com\/fr\/wp-json\/wp\/v2\/pages\/48798\/revisions\/48800"}],"wp:attachment":[{"href":"https:\/\/www.42gears.com\/fr\/wp-json\/wp\/v2\/media?parent=48798"}],"wp:term":[{"taxonomy":"category","embeddable":true,"href":"https:\/\/www.42gears.com\/fr\/wp-json\/wp\/v2\/categories?post=48798"},{"taxonomy":"post_tag","embeddable":true,"href":"https:\/\/www.42gears.com\/fr\/wp-json\/wp\/v2\/tags?post=48798"}],"curies":[{"name":"wp","href":"https:\/\/api.w.org\/{rel}","templated":true}]}}