{"id":26106,"date":"2017-12-07T10:58:07","date_gmt":"2017-12-07T10:58:07","guid":{"rendered":"http:\/\/live-42gears-site.pantheonsite.io\/unified-endpoint-management-uem-solution\/"},"modified":"2024-12-26T09:21:01","modified_gmt":"2024-12-26T09:21:01","slug":"unified-endpoint-management-uem-solution","status":"publish","type":"page","link":"https:\/\/www.42gears.com\/fr\/unified-endpoint-management-uem-solution\/","title":{"rendered":"Unified Endpoint Management"},"content":{"rendered":"\n\n\t<h1>Gestion unifi\u00e9e des terminaux<\/h1>\nS\u00e9curiser, surveiller et g\u00e9rer les p\u00e9riph\u00e9riques dans un milieu professionnel num\u00e9rique en transformation\n\t<!--Read Gartner MQ Report-->\n<a href=\"https:\/\/suremdm.42gears.com\/console\/?registration=true&amp;uem=true\" target=\"_blank\" rel=\"noopener\">Essayer gratuitement<\/a>\n<a href=\"#\" target=\"_blank\" rel=\"noopener\">Watch Video<\/a>\n<a href=\"https:\/\/www.42gears.com\/contact-sales-team\/?pname=uem-demo\" target=\"_blank\" rel=\"noopener\">Planifier une d\u00e9mo<\/a>\n\t<h2>Vue d&rsquo;ensemble<\/h2>\n\t<p>Autrefois, les entreprises ne s&rsquo;int\u00e9ressaient qu&rsquo;aux ordinateurs de bureau et aux ordinateurs portables comme terminaux. Les outils traditionnels de gestion des clients (CMT) ont suffi pour automatiser l&rsquo;administration et les fonctions de soutien. L&rsquo;essor des dispositifs mobiles en tant que terminaux d&rsquo;entreprise a fait appara\u00eetre une nouvelle tendance. Les solutions de gestion des dispositifs mobiles (MDM) ont \u00e9t\u00e9 d\u00e9velopp\u00e9es et adopt\u00e9es longtemps apr\u00e8s l&rsquo;adoption g\u00e9n\u00e9ralis\u00e9e des outils CMT, et les diff\u00e9rences entre les outils MDM et CMT ont compliqu\u00e9 l&rsquo;utilisation efficace de tous les terminaux.<\/p>\n<p>Cependant, \u00e0 partir de l&rsquo;introduction de Windows 10 et d&rsquo;iOS 11, les \u00e9quipes informatiques ont pu g\u00e9rer \u00e0 distance toute une s\u00e9rie de dispositifs. 42Gears s&rsquo;est efforc\u00e9 de mettre en place une approche unifi\u00e9e permettant de g\u00e9rer tous types de terminaux, d&rsquo;applications et de contenus employ\u00e9s dans un \u00e9cosyst\u00e8me commercial. La solution UEM (Gestion unifi\u00e9e des terminaux) de 42Gears permet aux \u00e9quipes informatiques d&rsquo;adopter une approche coh\u00e9rente et holistique de la gestion des terminaux \u00e0 l&rsquo;aide d&rsquo;un seul dispositif. L&rsquo;UEM 42Gears corrige les d\u00e9pendances multi-plateformes inefficaces afin d&rsquo;assurer la s\u00e9curit\u00e9 et le contr\u00f4le de tous les points terminaux de l&rsquo;entreprise, qu&rsquo;ils soient anciens ou nouveaux.<\/p>\n<p>La solution 42Gears UEM (Gestion unifi\u00e9e des terminaux) peut \u00e9galement aider les entreprises \u00e0 migrer en toute transparence de leurs anciennes plates-formes, telles que Windows 7, vers des plates-formes plus adapt\u00e9es \u00e0 la gestion de la mobilit\u00e9 en entreprise (EMM), telles que Windows 10. 42Gears UEM offre une plate-forme unique de gestion de tous les terminaux, quel que soit leur type, leur utilisateur ou leur cas d&rsquo;utilisation. En outre, l&rsquo;UEM 42Gears \u00e9limine le probl\u00e8me des exp\u00e9riences utilisateur disjointes en garantissant que les processus et les applications commerciales apparaissent et fonctionnent de la m\u00eame mani\u00e8re sur tous les points finaux.<\/p>\n<p>&nbsp;<\/p>\n<br \/>\n\n\t<b>42Gears UEM supports all OS types:<\/b>\n<ul>\n<li>Android<\/li>\n<li>iOS<\/li>\n<li>MacOS<\/li>\n<li>Windows<\/li>\n<li>Linux <\/li>\n<\/ul>\n<p>La solution UEM de 42Gears facilite \u00e9galement pour les entreprises le transfert transparent \u00e0 partir des plates-formes telles que Windows 7 vers un syst\u00e8me d&rsquo;exploitation plus adapt\u00e9 \u00e0 l&rsquo;EMM comme Windows 10. Il propose une plate-forme unique pour g\u00e9rer tous les p\u00e9riph\u00e9riques quel que soit leur type, l&rsquo;utilisateur ou le cas d&rsquo;utilisation.<\/p>\n\t<b>L&rsquo;UEM 42Gears r\u00e9pond \u00e0 tous les besoins des p\u00e9riph\u00e9riques dans un espace de travail num\u00e9rique\u00a0:<\/b>\n<ul>\n<li>Les p\u00e9riph\u00e9riques de type BYO<\/li>\n<li>Les p\u00e9riph\u00e9riques de type IdO<\/li>\n<li>Les passerelles et les capteurs<\/li>\n<li>Les ordinateurs de bureau \/ ordinateurs portables<\/li>\n<li>Les p\u00e9riph\u00e9riques robustes<\/li>\n<li>Les portables<\/li>\n<li>Les apps mobiles et le Cloud<\/li>\n<li>Les Kiosques<\/li>\n<li>Les imprimantes<\/li>\n<\/ul>\n\t\t\t\t<img decoding=\"async\" src=\"http:\/\/live-42gears-site.pantheonsite.io\/wp-content\/uploads\/2018\/07\/uem.png\" alt=\"uem\" itemprop=\"image\" title=\"uem\" onerror=\"this.style.display='none'\"  \/>\n\t<strong>Lorsque les entreprises optent pour une gestion unifi\u00e9e des p\u00e9riph\u00e9riques, 42Gears peut permettre aux entreprises d&rsquo;en tirer des avantages tels que\u00a0:<\/strong>\n\t\t\t\t<img decoding=\"async\" src=\"http:\/\/live-42gears-site.pantheonsite.io\/wp-content\/uploads\/2018\/07\/Remove-endpoint-complexity-150x150.png\" alt=\"Remove endpoint complexity\" itemprop=\"image\" title=\"Remove endpoint complexity\" onerror=\"this.style.display='none'\"  \/>\n\tSupprimer la complexit\u00e9 des p\u00e9riph\u00e9riques<br \/>\nUn soutien enti\u00e8rement int\u00e9gr\u00e9 du \u00e0 l&rsquo;architecture multi-appareils, chacun ayant ses propres param\u00e8tres de s\u00e9curit\u00e9, services et configurations.\n\t\t\t\t<img decoding=\"async\" src=\"http:\/\/live-42gears-site.pantheonsite.io\/wp-content\/uploads\/2018\/07\/Improve-user-productivity-150x150.png\" alt=\"Improve user productivity\" itemprop=\"image\" title=\"Improve user productivity\" onerror=\"this.style.display='none'\"  \/>\n\tUne productivit\u00e9 des utilisateurs am\u00e9lior\u00e9es<br \/>\nDes employ\u00e9s qui peuvent se concentrer sur les t\u00e2ches qu&rsquo;ils doivent effectuer plut\u00f4t que sur la fa\u00e7on d&rsquo;y acc\u00e9der\n\t\t\t\t<img decoding=\"async\" src=\"http:\/\/live-42gears-site.pantheonsite.io\/wp-content\/uploads\/2018\/07\/Improved-it-security-150x150.png\" alt=\"Improved it security\" itemprop=\"image\" title=\"Improved it security\" onerror=\"this.style.display='none'\"  \/>\n\tUne am\u00e9lioration de la s\u00e9curit\u00e9 des TI<br \/>\nUn ensemble commun de processus pour assurer la conformit\u00e9 aux exigences de s\u00e9curit\u00e9 continue \u00e0 travers tous les p\u00e9riph\u00e9riques et les plates-formes compatibles.\n\t\t\t\t<img decoding=\"async\" src=\"http:\/\/live-42gears-site.pantheonsite.io\/wp-content\/uploads\/2018\/10\/DLP-SureMDM-150x150.png\" alt=\"DLP SureMDM\" itemprop=\"image\" title=\"DLP SureMDM\" onerror=\"this.style.display='none'\"  \/>\n\tDLP am\u00e9lior\u00e9<br \/>\nProt\u00e8ge les donn\u00e9es sensibles des utilisateurs, des dispositifs, des applications et du r\u00e9seau avec les strat\u00e9gies DLP par une authentification utilisateur multi-niveaux et un contr\u00f4le d&rsquo;acc\u00e8s avanc\u00e9.\n\tL&rsquo;UEM de 42Gears permet aux TI d&rsquo;adopter des capacit\u00e9s rapides, automatis\u00e9es et \u00e0 la demande tels que l&rsquo;assistant virtuel pour EMM. Cela supprime le probl\u00e8me de l&rsquo;exp\u00e9rience d&rsquo;un syst\u00e8me d&rsquo;utilisateurs incoh\u00e9rent en s&rsquo;assurant que les processus et les applications de l&rsquo;entreprise apparaissent et fonctionnent de la m\u00eame fa\u00e7on, quel que soit le p\u00e9riph\u00e9rique sur lequel les utilisateurs finaux acc\u00e8dent.<br \/>\n\n\t<a href=\"https:\/\/www.42gears.com\/contact-sales-team\/?pname=uem-demo\" target=\"_blank\" rel=\"noopener\">Planifier une d\u00e9mo<\/a>\n<a href=\"https:\/\/suremdm.42gears.com\/console\/?registration=true&amp;uem=true\" target=\"_blank\" rel=\"noopener\">Essayer gratuitement<\/a>\n\n","protected":false},"excerpt":{"rendered":"<p>Gestion unifi\u00e9e des terminaux S\u00e9curiser, surveiller et g\u00e9rer les p\u00e9riph\u00e9riques dans un milieu professionnel num\u00e9rique en transformation Essayer gratuitement Watch Video Planifier une d\u00e9mo Vue d&rsquo;ensemble Autrefois, les entreprises ne s&rsquo;int\u00e9ressaient qu&rsquo;aux ordinateurs de bureau et aux ordinateurs portables comme terminaux. Les outils traditionnels de gestion des clients (CMT) ont suffi pour automatiser l&rsquo;administration et&hellip;<\/p>\n","protected":false},"author":7,"featured_media":28575,"parent":0,"menu_order":0,"comment_status":"closed","ping_status":"closed","template":"","meta":{"_acf_changed":false,"footnotes":""},"categories":[],"tags":[],"class_list":["post-26106","page","type-page","status-publish","has-post-thumbnail","hentry"],"acf":[],"yoast_head":"<!-- This site is optimized with the Yoast SEO Premium plugin v24.6 (Yoast SEO v24.6) - https:\/\/yoast.com\/wordpress\/plugins\/seo\/ -->\n<title>Gestion unifi\u00e9e des terminaux | Solution UEM | G\u00e9rer tous les terminaux<\/title>\n<meta name=\"description\" content=\"D\u00e9couvrez comment la solution UEM de 42Gears g\u00e8re efficacement tous les terminaux. G\u00e9rez chaque dispositif et chaque cas d&#039;utilisation avec la gestion unifi\u00e9e des terminaux. Gestion unifi\u00e9e des terminaux, UEM, Gestion de la mobilit\u00e9 des terminaux, Plateforme de gestion des terminaux, Solutions de gestion unifi\u00e9e des terminaux\" \/>\n<meta name=\"robots\" content=\"index, follow, max-snippet:-1, max-image-preview:large, max-video-preview:-1\" \/>\n<link rel=\"canonical\" href=\"https:\/\/www.42gears.com\/fr\/unified-endpoint-management-uem-solution\/\" \/>\n<meta property=\"og:locale\" content=\"fr_FR\" \/>\n<meta property=\"og:type\" content=\"article\" \/>\n<meta property=\"og:title\" content=\"Unified Endpoint Management\" \/>\n<meta property=\"og:description\" content=\"D\u00e9couvrez comment la solution UEM de 42Gears g\u00e8re efficacement tous les terminaux. G\u00e9rez chaque dispositif et chaque cas d&#039;utilisation avec la gestion unifi\u00e9e des terminaux. Gestion unifi\u00e9e des terminaux, UEM, Gestion de la mobilit\u00e9 des terminaux, Plateforme de gestion des terminaux, Solutions de gestion unifi\u00e9e des terminaux\" \/>\n<meta property=\"og:url\" content=\"https:\/\/www.42gears.com\/fr\/unified-endpoint-management-uem-solution\/\" \/>\n<meta property=\"og:site_name\" content=\"42Gears Mobility Systems\" \/>\n<meta property=\"article:publisher\" content=\"https:\/\/www.facebook.com\/42gears\" \/>\n<meta property=\"article:modified_time\" content=\"2024-12-26T09:21:01+00:00\" \/>\n<meta property=\"og:image\" content=\"https:\/\/www.42gears.com\/wp-content\/uploads\/2018\/12\/Featured-Image-42Gears-logo.png\" \/>\n\t<meta property=\"og:image:width\" content=\"499\" \/>\n\t<meta property=\"og:image:height\" content=\"330\" \/>\n\t<meta property=\"og:image:type\" content=\"image\/png\" \/>\n<meta name=\"twitter:card\" content=\"summary_large_image\" \/>\n<meta name=\"twitter:site\" content=\"@42Gears\" \/>\n<meta name=\"twitter:label1\" content=\"Est. reading time\" \/>\n\t<meta name=\"twitter:data1\" content=\"3 minutes\" \/>\n<script type=\"application\/ld+json\" class=\"yoast-schema-graph\">{\"@context\":\"https:\/\/schema.org\",\"@graph\":[{\"@type\":\"WebPage\",\"@id\":\"https:\/\/www.42gears.com\/fr\/unified-endpoint-management-uem-solution\/\",\"url\":\"https:\/\/www.42gears.com\/fr\/unified-endpoint-management-uem-solution\/\",\"name\":\"Gestion unifi\u00e9e des terminaux | Solution UEM | G\u00e9rer tous les terminaux\",\"isPartOf\":{\"@id\":\"https:\/\/www.42gears.com\/#website\"},\"primaryImageOfPage\":{\"@id\":\"https:\/\/www.42gears.com\/fr\/unified-endpoint-management-uem-solution\/#primaryimage\"},\"image\":{\"@id\":\"https:\/\/www.42gears.com\/fr\/unified-endpoint-management-uem-solution\/#primaryimage\"},\"thumbnailUrl\":\"https:\/\/www.42gears.com\/wp-content\/uploads\/2018\/12\/Featured-Image-42Gears-logo.png\",\"datePublished\":\"2017-12-07T10:58:07+00:00\",\"dateModified\":\"2024-12-26T09:21:01+00:00\",\"description\":\"D\u00e9couvrez comment la solution UEM de 42Gears g\u00e8re efficacement tous les terminaux. G\u00e9rez chaque dispositif et chaque cas d'utilisation avec la gestion unifi\u00e9e des terminaux. Gestion unifi\u00e9e des terminaux, UEM, Gestion de la mobilit\u00e9 des terminaux, Plateforme de gestion des terminaux, Solutions de gestion unifi\u00e9e des terminaux\",\"breadcrumb\":{\"@id\":\"https:\/\/www.42gears.com\/fr\/unified-endpoint-management-uem-solution\/#breadcrumb\"},\"inLanguage\":\"fr-FR\",\"potentialAction\":[{\"@type\":\"ReadAction\",\"target\":[\"https:\/\/www.42gears.com\/fr\/unified-endpoint-management-uem-solution\/\"]}]},{\"@type\":\"ImageObject\",\"inLanguage\":\"fr-FR\",\"@id\":\"https:\/\/www.42gears.com\/fr\/unified-endpoint-management-uem-solution\/#primaryimage\",\"url\":\"https:\/\/www.42gears.com\/wp-content\/uploads\/2018\/12\/Featured-Image-42Gears-logo.png\",\"contentUrl\":\"https:\/\/www.42gears.com\/wp-content\/uploads\/2018\/12\/Featured-Image-42Gears-logo.png\",\"width\":499,\"height\":330,\"caption\":\"Featured-Image-42Gears-logo\"},{\"@type\":\"BreadcrumbList\",\"@id\":\"https:\/\/www.42gears.com\/fr\/unified-endpoint-management-uem-solution\/#breadcrumb\",\"itemListElement\":[{\"@type\":\"ListItem\",\"position\":1,\"name\":\"Home\",\"item\":\"https:\/\/www.42gears.com\/fr\/\"},{\"@type\":\"ListItem\",\"position\":2,\"name\":\"Unified Endpoint Management\"}]},{\"@type\":\"WebSite\",\"@id\":\"https:\/\/www.42gears.com\/#website\",\"url\":\"https:\/\/www.42gears.com\/\",\"name\":\"42Gears Mobility Systems\",\"description\":\"Mobile Device Management (MDM), Mobile Security &amp; Mobile Device Lockdown\",\"publisher\":{\"@id\":\"https:\/\/www.42gears.com\/#organization\"},\"potentialAction\":[{\"@type\":\"SearchAction\",\"target\":{\"@type\":\"EntryPoint\",\"urlTemplate\":\"https:\/\/www.42gears.com\/?s={search_term_string}\"},\"query-input\":{\"@type\":\"PropertyValueSpecification\",\"valueRequired\":true,\"valueName\":\"search_term_string\"}}],\"inLanguage\":\"fr-FR\"},{\"@type\":\"Organization\",\"@id\":\"https:\/\/www.42gears.com\/#organization\",\"name\":\"MDM - 42Gears\",\"url\":\"https:\/\/www.42gears.com\/\",\"logo\":{\"@type\":\"ImageObject\",\"inLanguage\":\"fr-FR\",\"@id\":\"https:\/\/www.42gears.com\/#\/schema\/logo\/image\/\",\"url\":\"https:\/\/www.42gears.com\/wp-content\/uploads\/2018\/12\/Featured-Image-42Gears-logo.png\",\"contentUrl\":\"https:\/\/www.42gears.com\/wp-content\/uploads\/2018\/12\/Featured-Image-42Gears-logo.png\",\"width\":499,\"height\":330,\"caption\":\"MDM - 42Gears\"},\"image\":{\"@id\":\"https:\/\/www.42gears.com\/#\/schema\/logo\/image\/\"},\"sameAs\":[\"https:\/\/www.facebook.com\/42gears\",\"https:\/\/x.com\/42Gears\"]}]}<\/script>\n<!-- \/ Yoast SEO Premium plugin. -->","yoast_head_json":{"title":"Gestion unifi\u00e9e des terminaux | Solution UEM | G\u00e9rer tous les terminaux","description":"D\u00e9couvrez comment la solution UEM de 42Gears g\u00e8re efficacement tous les terminaux. G\u00e9rez chaque dispositif et chaque cas d'utilisation avec la gestion unifi\u00e9e des terminaux. Gestion unifi\u00e9e des terminaux, UEM, Gestion de la mobilit\u00e9 des terminaux, Plateforme de gestion des terminaux, Solutions de gestion unifi\u00e9e des terminaux","robots":{"index":"index","follow":"follow","max-snippet":"max-snippet:-1","max-image-preview":"max-image-preview:large","max-video-preview":"max-video-preview:-1"},"canonical":"https:\/\/www.42gears.com\/fr\/unified-endpoint-management-uem-solution\/","og_locale":"fr_FR","og_type":"article","og_title":"Unified Endpoint Management","og_description":"D\u00e9couvrez comment la solution UEM de 42Gears g\u00e8re efficacement tous les terminaux. G\u00e9rez chaque dispositif et chaque cas d'utilisation avec la gestion unifi\u00e9e des terminaux. Gestion unifi\u00e9e des terminaux, UEM, Gestion de la mobilit\u00e9 des terminaux, Plateforme de gestion des terminaux, Solutions de gestion unifi\u00e9e des terminaux","og_url":"https:\/\/www.42gears.com\/fr\/unified-endpoint-management-uem-solution\/","og_site_name":"42Gears Mobility Systems","article_publisher":"https:\/\/www.facebook.com\/42gears","article_modified_time":"2024-12-26T09:21:01+00:00","og_image":[{"width":499,"height":330,"url":"https:\/\/www.42gears.com\/wp-content\/uploads\/2018\/12\/Featured-Image-42Gears-logo.png","type":"image\/png"}],"twitter_card":"summary_large_image","twitter_site":"@42Gears","twitter_misc":{"Est. reading time":"3 minutes"},"schema":{"@context":"https:\/\/schema.org","@graph":[{"@type":"WebPage","@id":"https:\/\/www.42gears.com\/fr\/unified-endpoint-management-uem-solution\/","url":"https:\/\/www.42gears.com\/fr\/unified-endpoint-management-uem-solution\/","name":"Gestion unifi\u00e9e des terminaux | Solution UEM | G\u00e9rer tous les terminaux","isPartOf":{"@id":"https:\/\/www.42gears.com\/#website"},"primaryImageOfPage":{"@id":"https:\/\/www.42gears.com\/fr\/unified-endpoint-management-uem-solution\/#primaryimage"},"image":{"@id":"https:\/\/www.42gears.com\/fr\/unified-endpoint-management-uem-solution\/#primaryimage"},"thumbnailUrl":"https:\/\/www.42gears.com\/wp-content\/uploads\/2018\/12\/Featured-Image-42Gears-logo.png","datePublished":"2017-12-07T10:58:07+00:00","dateModified":"2024-12-26T09:21:01+00:00","description":"D\u00e9couvrez comment la solution UEM de 42Gears g\u00e8re efficacement tous les terminaux. G\u00e9rez chaque dispositif et chaque cas d'utilisation avec la gestion unifi\u00e9e des terminaux. Gestion unifi\u00e9e des terminaux, UEM, Gestion de la mobilit\u00e9 des terminaux, Plateforme de gestion des terminaux, Solutions de gestion unifi\u00e9e des terminaux","breadcrumb":{"@id":"https:\/\/www.42gears.com\/fr\/unified-endpoint-management-uem-solution\/#breadcrumb"},"inLanguage":"fr-FR","potentialAction":[{"@type":"ReadAction","target":["https:\/\/www.42gears.com\/fr\/unified-endpoint-management-uem-solution\/"]}]},{"@type":"ImageObject","inLanguage":"fr-FR","@id":"https:\/\/www.42gears.com\/fr\/unified-endpoint-management-uem-solution\/#primaryimage","url":"https:\/\/www.42gears.com\/wp-content\/uploads\/2018\/12\/Featured-Image-42Gears-logo.png","contentUrl":"https:\/\/www.42gears.com\/wp-content\/uploads\/2018\/12\/Featured-Image-42Gears-logo.png","width":499,"height":330,"caption":"Featured-Image-42Gears-logo"},{"@type":"BreadcrumbList","@id":"https:\/\/www.42gears.com\/fr\/unified-endpoint-management-uem-solution\/#breadcrumb","itemListElement":[{"@type":"ListItem","position":1,"name":"Home","item":"https:\/\/www.42gears.com\/fr\/"},{"@type":"ListItem","position":2,"name":"Unified Endpoint Management"}]},{"@type":"WebSite","@id":"https:\/\/www.42gears.com\/#website","url":"https:\/\/www.42gears.com\/","name":"42Gears Mobility Systems","description":"Mobile Device Management (MDM), Mobile Security &amp; Mobile Device Lockdown","publisher":{"@id":"https:\/\/www.42gears.com\/#organization"},"potentialAction":[{"@type":"SearchAction","target":{"@type":"EntryPoint","urlTemplate":"https:\/\/www.42gears.com\/?s={search_term_string}"},"query-input":{"@type":"PropertyValueSpecification","valueRequired":true,"valueName":"search_term_string"}}],"inLanguage":"fr-FR"},{"@type":"Organization","@id":"https:\/\/www.42gears.com\/#organization","name":"MDM - 42Gears","url":"https:\/\/www.42gears.com\/","logo":{"@type":"ImageObject","inLanguage":"fr-FR","@id":"https:\/\/www.42gears.com\/#\/schema\/logo\/image\/","url":"https:\/\/www.42gears.com\/wp-content\/uploads\/2018\/12\/Featured-Image-42Gears-logo.png","contentUrl":"https:\/\/www.42gears.com\/wp-content\/uploads\/2018\/12\/Featured-Image-42Gears-logo.png","width":499,"height":330,"caption":"MDM - 42Gears"},"image":{"@id":"https:\/\/www.42gears.com\/#\/schema\/logo\/image\/"},"sameAs":["https:\/\/www.facebook.com\/42gears","https:\/\/x.com\/42Gears"]}]}},"_links":{"self":[{"href":"https:\/\/www.42gears.com\/fr\/wp-json\/wp\/v2\/pages\/26106","targetHints":{"allow":["GET"]}}],"collection":[{"href":"https:\/\/www.42gears.com\/fr\/wp-json\/wp\/v2\/pages"}],"about":[{"href":"https:\/\/www.42gears.com\/fr\/wp-json\/wp\/v2\/types\/page"}],"author":[{"embeddable":true,"href":"https:\/\/www.42gears.com\/fr\/wp-json\/wp\/v2\/users\/7"}],"replies":[{"embeddable":true,"href":"https:\/\/www.42gears.com\/fr\/wp-json\/wp\/v2\/comments?post=26106"}],"version-history":[{"count":18,"href":"https:\/\/www.42gears.com\/fr\/wp-json\/wp\/v2\/pages\/26106\/revisions"}],"predecessor-version":[{"id":109924,"href":"https:\/\/www.42gears.com\/fr\/wp-json\/wp\/v2\/pages\/26106\/revisions\/109924"}],"wp:featuredmedia":[{"embeddable":true,"href":"https:\/\/www.42gears.com\/fr\/wp-json\/wp\/v2\/media\/28575"}],"wp:attachment":[{"href":"https:\/\/www.42gears.com\/fr\/wp-json\/wp\/v2\/media?parent=26106"}],"wp:term":[{"taxonomy":"category","embeddable":true,"href":"https:\/\/www.42gears.com\/fr\/wp-json\/wp\/v2\/categories?post=26106"},{"taxonomy":"post_tag","embeddable":true,"href":"https:\/\/www.42gears.com\/fr\/wp-json\/wp\/v2\/tags?post=26106"}],"curies":[{"name":"wp","href":"https:\/\/api.w.org\/{rel}","templated":true}]}}