{"id":21003,"date":"2017-10-26T07:32:00","date_gmt":"2017-10-26T07:32:00","guid":{"rendered":"http:\/\/live-42gears-site.pantheonsite.io\/?page_id=21003\/"},"modified":"2017-11-02T07:23:25","modified_gmt":"2017-11-02T07:23:25","slug":"secure-email","status":"publish","type":"page","link":"https:\/\/www.42gears.com\/fr\/secure-email\/","title":{"rendered":"Secure Email"},"content":{"rendered":"<h2>\n\t\tS\u00e9curiser le courriel<br \/>\n\t<\/h2>\n<h3>\n\t\tS\u00e9curiser l\u2019acc\u00e8s du courriel sur iOS et Andro\u00efde<br \/>\n\t<\/h3>\n<p>\t<a href=\" #\" target=\"_self\" role=\"button\"><br \/>\n\t\t\t\t\t\tPlanifier une d\u00e9mo<br \/>\n\t\t\t\t\t<\/a><br \/>\n\t\t\t\t<img decoding=\"async\" src=\"http:\/\/live-42gears-site.pantheonsite.io\/wp-content\/uploads\/2017\/07\/email-secure-300x259.png\" alt=\"secure email access\" itemprop=\"image\"  \/><\/p>\n<p style=\"text-align: justify;\">L&rsquo;augmentation de la productivit\u00e9 des employ\u00e9s est l&rsquo;un des principaux avantages de l&rsquo;adoption BYOD dans l&rsquo;entreprise. Permettre aux employ\u00e9s d&rsquo;utiliser leur iPhone personnel ou t\u00e9l\u00e9phone Andro\u00efde pour acc\u00e9der au courriel de l&rsquo;entreprise et de r\u00e9duire \u00e9galement les co\u00fbts d&rsquo;achat du dispositif pour eux. Cependant, il existe des risques li\u00e9s \u00e0 la s\u00e9curit\u00e9 des donn\u00e9es et \u00e0 la conformit\u00e9. IT voudrait s&rsquo;assurer que les informations professionnelles ne soient pas compromises \u00e0 tout moment et que les donn\u00e9es de l&rsquo;entreprise ne se confondent pas avec les donn\u00e9es personnelles des utilisateurs. IT veut \u00e9galement avoir un contr\u00f4le total lorsque les donn\u00e9es professionnelles peuvent \u00eatre effac\u00e9es du t\u00e9l\u00e9phone.<\/p>\n<p style=\"text-align: left;\">42Gears EMM offre un acc\u00e8s s\u00e9curis\u00e9 au courriel professionnel via les applications de messagerie natives. Il dispose de tous les outils n\u00e9cessaires pour fournir \u00e0 distance les courriels, g\u00e9rer l&rsquo;acc\u00e8s, \u00e9viter la perte de donn\u00e9es et effacer \u00e0 distance les courriels et les informations sur les comptes des dispositifs mobiles par d\u00e9faut dans les politiques de conformit\u00e9.<\/p>\n<p>\t\t\t\t<img decoding=\"async\" src=\"http:\/\/live-42gears-site.pantheonsite.io\/wp-content\/uploads\/2017\/07\/platfroms.png\" alt=\"Enterprise Email Encryption Solutions\" itemprop=\"image\"  \/><\/p>\n<h3 style=\"font-weight: 400; font-size: 25px;\">Prise en charge du syst\u00e8me d\u2019exploitation multiple<\/h3>\n<p>Notre passerelle de messagerie s\u00e9curis\u00e9e offre une protection des dispositifs mobiles en prenant en charge toutes les <strong>activit\u00e9s de messagerie sur les principaux syst\u00e8mes<\/strong> d&rsquo;exploitation comme iOS et Andro\u00efde.<\/p>\n<p>\t\t\t\t<img decoding=\"async\" src=\"http:\/\/live-42gears-site.pantheonsite.io\/wp-content\/uploads\/2017\/07\/cloud.png\" alt=\"cloud email security\" itemprop=\"image\"  \/><\/p>\n<h3 style=\"font-weight: 400; font-size: 25px;\">D\u00e9ploiement sur le cloud et sur site<\/h3>\n<p style=\"text-align: justify;\">La passerelle de messagerie s\u00e9curis\u00e9e 42Gears peut \u00eatre envoy\u00e9e aux dispositifs gr\u00e2ce au <strong>d\u00e9ploiement sur le cloud et sur site<\/strong>.<\/p>\n<p>\t\t\t\t<img decoding=\"async\" src=\"http:\/\/live-42gears-site.pantheonsite.io\/wp-content\/uploads\/2017\/07\/calendar.png\" alt=\"calendar\" itemprop=\"image\"  \/><\/p>\n<h3 style=\"font-weight: 400; font-size: 25px;\">Codes d\u2019acc\u00e8s au niveau de l\u2019application<\/h3>\n<p style=\"text-align: justify;\">42Gears offre des politiques personnalisables telles que les <strong>codes d\u2019acc\u00e8s au niveau de l\u2019application<\/strong> pour acc\u00e9der aux courriels, aux calendriers et aux contacts.<\/p>\n<p>\t\t\t\t<img decoding=\"async\" src=\"http:\/\/live-42gears-site.pantheonsite.io\/wp-content\/uploads\/2017\/07\/AD-BYOD.png\" alt=\"AD-BYOD\" itemprop=\"image\"  \/><\/p>\n<h3 style=\"font-weight: 400; font-size: 25px;\">S\u00e9curit\u00e9 et politiques<\/h3>\n<p style=\"text-align: justify;\">\n<p style=\"text-align: justify;\">Notre solution de messagerie s\u00e9curis\u00e9e s&rsquo;int\u00e8gre avec Active Directory et \/ ou LDAP, ce qui permet \u00e0 l&rsquo;administrateur informatique <strong>de d\u00e9finir, g\u00e9rer et appliquer les politiques<\/strong> sur les dispositifs utilisateurs.<\/p>\n<p>\t\t\t\t<img decoding=\"async\" src=\"http:\/\/live-42gears-site.pantheonsite.io\/wp-content\/uploads\/2017\/07\/encrypt-email.png\" alt=\"email file encryption\" itemprop=\"image\"  \/><\/p>\n<h3 style=\"font-weight: 400; font-size: 25px;\">Cryptage des fichiers<\/h3>\n<p style=\"text-align: justify;\">L&rsquo;administrateur informatique peut obtenir un aper\u00e7u complet <strong>des fichiers chiffr\u00e9s et des documents<\/strong> envoy\u00e9s sous la forme d&rsquo;une pi\u00e8ce jointe.<\/p>\n<p>\t\t\t\t<img decoding=\"async\" src=\"http:\/\/live-42gears-site.pantheonsite.io\/wp-content\/uploads\/2017\/07\/container-v7.png\" alt=\"containerization\" itemprop=\"image\"  \/><\/p>\n<h3 style=\"font-weight: 400; font-size: 25px;\">Conteneurisation<\/h3>\n<p style=\"text-align: justify;\">S\u00e9paration des comptes de courriel et professionnel en mettant en place une <strong>conteneurisation<\/strong> sur les dispositifs appartenant \u00e0 des employ\u00e9s.<\/p>\n<p>\t<a href=\"#\" target=\"_self\" role=\"button\"><br \/>\n\t\t\t\t\t\tPlanifier une d\u00e9mo<br \/>\n\t\t\t\t\t<\/a><\/p>\n","protected":false},"excerpt":{"rendered":"<p>S\u00e9curiser le courriel S\u00e9curiser l\u2019acc\u00e8s du courriel sur iOS et Andro\u00efde Planifier une d\u00e9mo L&rsquo;augmentation de la productivit\u00e9 des employ\u00e9s est l&rsquo;un des principaux avantages de l&rsquo;adoption BYOD dans l&rsquo;entreprise. Permettre aux employ\u00e9s d&rsquo;utiliser leur iPhone personnel ou t\u00e9l\u00e9phone Andro\u00efde pour acc\u00e9der au courriel de l&rsquo;entreprise et de r\u00e9duire \u00e9galement les co\u00fbts d&rsquo;achat du dispositif&hellip;<\/p>\n","protected":false},"author":7,"featured_media":0,"parent":0,"menu_order":0,"comment_status":"closed","ping_status":"closed","template":"","meta":{"_acf_changed":false,"footnotes":""},"categories":[],"tags":[],"class_list":["post-21003","page","type-page","status-publish","hentry"],"acf":[],"yoast_head":"<!-- This site is optimized with the Yoast SEO Premium plugin v24.6 (Yoast SEO v24.6) - https:\/\/yoast.com\/wordpress\/plugins\/seo\/ -->\n<title>Secure Email - 42Gears Mobility Systems<\/title>\n<meta name=\"robots\" content=\"index, follow, max-snippet:-1, max-image-preview:large, max-video-preview:-1\" \/>\n<link rel=\"canonical\" href=\"https:\/\/www.42gears.com\/fr\/secure-email\/\" \/>\n<meta property=\"og:locale\" content=\"fr_FR\" \/>\n<meta property=\"og:type\" content=\"article\" \/>\n<meta property=\"og:title\" content=\"Secure Email\" \/>\n<meta property=\"og:description\" content=\"S\u00e9curiser le courriel S\u00e9curiser l\u2019acc\u00e8s du courriel sur iOS et Andro\u00efde Planifier une d\u00e9mo L&rsquo;augmentation de la productivit\u00e9 des employ\u00e9s est l&rsquo;un des principaux avantages de l&rsquo;adoption BYOD dans l&rsquo;entreprise. Permettre aux employ\u00e9s d&rsquo;utiliser leur iPhone personnel ou t\u00e9l\u00e9phone Andro\u00efde pour acc\u00e9der au courriel de l&rsquo;entreprise et de r\u00e9duire \u00e9galement les co\u00fbts d&rsquo;achat du dispositif&hellip;\" \/>\n<meta property=\"og:url\" content=\"https:\/\/www.42gears.com\/fr\/secure-email\/\" \/>\n<meta property=\"og:site_name\" content=\"42Gears Mobility Systems\" \/>\n<meta property=\"article:publisher\" content=\"https:\/\/www.facebook.com\/42gears\" \/>\n<meta property=\"article:modified_time\" content=\"2017-11-02T07:23:25+00:00\" \/>\n<meta property=\"og:image\" content=\"http:\/\/live-42gears-site.pantheonsite.io\/wp-content\/uploads\/2017\/07\/email-secure-300x259.png\" \/>\n<meta name=\"twitter:card\" content=\"summary_large_image\" \/>\n<meta name=\"twitter:site\" content=\"@42Gears\" \/>\n<meta name=\"twitter:label1\" content=\"Est. reading time\" \/>\n\t<meta name=\"twitter:data1\" content=\"2 minutes\" \/>\n<script type=\"application\/ld+json\" class=\"yoast-schema-graph\">{\"@context\":\"https:\/\/schema.org\",\"@graph\":[{\"@type\":\"WebPage\",\"@id\":\"https:\/\/www.42gears.com\/fr\/secure-email\/\",\"url\":\"https:\/\/www.42gears.com\/fr\/secure-email\/\",\"name\":\"Secure Email - 42Gears Mobility Systems\",\"isPartOf\":{\"@id\":\"https:\/\/www.42gears.com\/#website\"},\"primaryImageOfPage\":{\"@id\":\"https:\/\/www.42gears.com\/fr\/secure-email\/#primaryimage\"},\"image\":{\"@id\":\"https:\/\/www.42gears.com\/fr\/secure-email\/#primaryimage\"},\"thumbnailUrl\":\"http:\/\/live-42gears-site.pantheonsite.io\/wp-content\/uploads\/2017\/07\/email-secure-300x259.png\",\"datePublished\":\"2017-10-26T07:32:00+00:00\",\"dateModified\":\"2017-11-02T07:23:25+00:00\",\"breadcrumb\":{\"@id\":\"https:\/\/www.42gears.com\/fr\/secure-email\/#breadcrumb\"},\"inLanguage\":\"fr-FR\",\"potentialAction\":[{\"@type\":\"ReadAction\",\"target\":[\"https:\/\/www.42gears.com\/fr\/secure-email\/\"]}]},{\"@type\":\"ImageObject\",\"inLanguage\":\"fr-FR\",\"@id\":\"https:\/\/www.42gears.com\/fr\/secure-email\/#primaryimage\",\"url\":\"http:\/\/live-42gears-site.pantheonsite.io\/wp-content\/uploads\/2017\/07\/email-secure-300x259.png\",\"contentUrl\":\"http:\/\/live-42gears-site.pantheonsite.io\/wp-content\/uploads\/2017\/07\/email-secure-300x259.png\"},{\"@type\":\"BreadcrumbList\",\"@id\":\"https:\/\/www.42gears.com\/fr\/secure-email\/#breadcrumb\",\"itemListElement\":[{\"@type\":\"ListItem\",\"position\":1,\"name\":\"Home\",\"item\":\"https:\/\/www.42gears.com\/fr\/\"},{\"@type\":\"ListItem\",\"position\":2,\"name\":\"Secure Email\"}]},{\"@type\":\"WebSite\",\"@id\":\"https:\/\/www.42gears.com\/#website\",\"url\":\"https:\/\/www.42gears.com\/\",\"name\":\"42Gears Mobility Systems\",\"description\":\"Mobile Device Management (MDM), Mobile Security &amp; Mobile Device Lockdown\",\"publisher\":{\"@id\":\"https:\/\/www.42gears.com\/#organization\"},\"potentialAction\":[{\"@type\":\"SearchAction\",\"target\":{\"@type\":\"EntryPoint\",\"urlTemplate\":\"https:\/\/www.42gears.com\/?s={search_term_string}\"},\"query-input\":{\"@type\":\"PropertyValueSpecification\",\"valueRequired\":true,\"valueName\":\"search_term_string\"}}],\"inLanguage\":\"fr-FR\"},{\"@type\":\"Organization\",\"@id\":\"https:\/\/www.42gears.com\/#organization\",\"name\":\"MDM - 42Gears\",\"url\":\"https:\/\/www.42gears.com\/\",\"logo\":{\"@type\":\"ImageObject\",\"inLanguage\":\"fr-FR\",\"@id\":\"https:\/\/www.42gears.com\/#\/schema\/logo\/image\/\",\"url\":\"https:\/\/www.42gears.com\/wp-content\/uploads\/2018\/12\/Featured-Image-42Gears-logo.png\",\"contentUrl\":\"https:\/\/www.42gears.com\/wp-content\/uploads\/2018\/12\/Featured-Image-42Gears-logo.png\",\"width\":499,\"height\":330,\"caption\":\"MDM - 42Gears\"},\"image\":{\"@id\":\"https:\/\/www.42gears.com\/#\/schema\/logo\/image\/\"},\"sameAs\":[\"https:\/\/www.facebook.com\/42gears\",\"https:\/\/x.com\/42Gears\"]}]}<\/script>\n<!-- \/ Yoast SEO Premium plugin. -->","yoast_head_json":{"title":"Secure Email - 42Gears Mobility Systems","robots":{"index":"index","follow":"follow","max-snippet":"max-snippet:-1","max-image-preview":"max-image-preview:large","max-video-preview":"max-video-preview:-1"},"canonical":"https:\/\/www.42gears.com\/fr\/secure-email\/","og_locale":"fr_FR","og_type":"article","og_title":"Secure Email","og_description":"S\u00e9curiser le courriel S\u00e9curiser l\u2019acc\u00e8s du courriel sur iOS et Andro\u00efde Planifier une d\u00e9mo L&rsquo;augmentation de la productivit\u00e9 des employ\u00e9s est l&rsquo;un des principaux avantages de l&rsquo;adoption BYOD dans l&rsquo;entreprise. Permettre aux employ\u00e9s d&rsquo;utiliser leur iPhone personnel ou t\u00e9l\u00e9phone Andro\u00efde pour acc\u00e9der au courriel de l&rsquo;entreprise et de r\u00e9duire \u00e9galement les co\u00fbts d&rsquo;achat du dispositif&hellip;","og_url":"https:\/\/www.42gears.com\/fr\/secure-email\/","og_site_name":"42Gears Mobility Systems","article_publisher":"https:\/\/www.facebook.com\/42gears","article_modified_time":"2017-11-02T07:23:25+00:00","og_image":[{"url":"http:\/\/live-42gears-site.pantheonsite.io\/wp-content\/uploads\/2017\/07\/email-secure-300x259.png","type":"","width":"","height":""}],"twitter_card":"summary_large_image","twitter_site":"@42Gears","twitter_misc":{"Est. reading time":"2 minutes"},"schema":{"@context":"https:\/\/schema.org","@graph":[{"@type":"WebPage","@id":"https:\/\/www.42gears.com\/fr\/secure-email\/","url":"https:\/\/www.42gears.com\/fr\/secure-email\/","name":"Secure Email - 42Gears Mobility Systems","isPartOf":{"@id":"https:\/\/www.42gears.com\/#website"},"primaryImageOfPage":{"@id":"https:\/\/www.42gears.com\/fr\/secure-email\/#primaryimage"},"image":{"@id":"https:\/\/www.42gears.com\/fr\/secure-email\/#primaryimage"},"thumbnailUrl":"http:\/\/live-42gears-site.pantheonsite.io\/wp-content\/uploads\/2017\/07\/email-secure-300x259.png","datePublished":"2017-10-26T07:32:00+00:00","dateModified":"2017-11-02T07:23:25+00:00","breadcrumb":{"@id":"https:\/\/www.42gears.com\/fr\/secure-email\/#breadcrumb"},"inLanguage":"fr-FR","potentialAction":[{"@type":"ReadAction","target":["https:\/\/www.42gears.com\/fr\/secure-email\/"]}]},{"@type":"ImageObject","inLanguage":"fr-FR","@id":"https:\/\/www.42gears.com\/fr\/secure-email\/#primaryimage","url":"http:\/\/live-42gears-site.pantheonsite.io\/wp-content\/uploads\/2017\/07\/email-secure-300x259.png","contentUrl":"http:\/\/live-42gears-site.pantheonsite.io\/wp-content\/uploads\/2017\/07\/email-secure-300x259.png"},{"@type":"BreadcrumbList","@id":"https:\/\/www.42gears.com\/fr\/secure-email\/#breadcrumb","itemListElement":[{"@type":"ListItem","position":1,"name":"Home","item":"https:\/\/www.42gears.com\/fr\/"},{"@type":"ListItem","position":2,"name":"Secure Email"}]},{"@type":"WebSite","@id":"https:\/\/www.42gears.com\/#website","url":"https:\/\/www.42gears.com\/","name":"42Gears Mobility Systems","description":"Mobile Device Management (MDM), Mobile Security &amp; Mobile Device Lockdown","publisher":{"@id":"https:\/\/www.42gears.com\/#organization"},"potentialAction":[{"@type":"SearchAction","target":{"@type":"EntryPoint","urlTemplate":"https:\/\/www.42gears.com\/?s={search_term_string}"},"query-input":{"@type":"PropertyValueSpecification","valueRequired":true,"valueName":"search_term_string"}}],"inLanguage":"fr-FR"},{"@type":"Organization","@id":"https:\/\/www.42gears.com\/#organization","name":"MDM - 42Gears","url":"https:\/\/www.42gears.com\/","logo":{"@type":"ImageObject","inLanguage":"fr-FR","@id":"https:\/\/www.42gears.com\/#\/schema\/logo\/image\/","url":"https:\/\/www.42gears.com\/wp-content\/uploads\/2018\/12\/Featured-Image-42Gears-logo.png","contentUrl":"https:\/\/www.42gears.com\/wp-content\/uploads\/2018\/12\/Featured-Image-42Gears-logo.png","width":499,"height":330,"caption":"MDM - 42Gears"},"image":{"@id":"https:\/\/www.42gears.com\/#\/schema\/logo\/image\/"},"sameAs":["https:\/\/www.facebook.com\/42gears","https:\/\/x.com\/42Gears"]}]}},"_links":{"self":[{"href":"https:\/\/www.42gears.com\/fr\/wp-json\/wp\/v2\/pages\/21003","targetHints":{"allow":["GET"]}}],"collection":[{"href":"https:\/\/www.42gears.com\/fr\/wp-json\/wp\/v2\/pages"}],"about":[{"href":"https:\/\/www.42gears.com\/fr\/wp-json\/wp\/v2\/types\/page"}],"author":[{"embeddable":true,"href":"https:\/\/www.42gears.com\/fr\/wp-json\/wp\/v2\/users\/7"}],"replies":[{"embeddable":true,"href":"https:\/\/www.42gears.com\/fr\/wp-json\/wp\/v2\/comments?post=21003"}],"version-history":[{"count":2,"href":"https:\/\/www.42gears.com\/fr\/wp-json\/wp\/v2\/pages\/21003\/revisions"}],"predecessor-version":[{"id":21005,"href":"https:\/\/www.42gears.com\/fr\/wp-json\/wp\/v2\/pages\/21003\/revisions\/21005"}],"wp:attachment":[{"href":"https:\/\/www.42gears.com\/fr\/wp-json\/wp\/v2\/media?parent=21003"}],"wp:term":[{"taxonomy":"category","embeddable":true,"href":"https:\/\/www.42gears.com\/fr\/wp-json\/wp\/v2\/categories?post=21003"},{"taxonomy":"post_tag","embeddable":true,"href":"https:\/\/www.42gears.com\/fr\/wp-json\/wp\/v2\/tags?post=21003"}],"curies":[{"name":"wp","href":"https:\/\/api.w.org\/{rel}","templated":true}]}}