{"id":20942,"date":"2017-10-24T09:21:22","date_gmt":"2017-10-24T09:21:22","guid":{"rendered":"http:\/\/live-42gears-site.pantheonsite.io\/?page_id=20942\/"},"modified":"2021-04-19T04:54:22","modified_gmt":"2021-04-19T04:54:22","slug":"rugged-device-management","status":"publish","type":"page","link":"https:\/\/www.42gears.com\/fr\/rugged-device-management\/","title":{"rendered":"Gestion de dispositifs robustes"},"content":{"rendered":"\n\n\t<h1>Gestion de dispositifs robustes<\/h1>\nAide les entreprises \u00e0 rester mobiles dans des environnements difficiles\n\t<a href=\"https:\/\/www.42gears.com\/contact-sales-team\/?pname=10\" target=\"_blank\" rel=\"noopener\">Planifier une d\u00e9mo<\/a>\n\t\t\t\t<img decoding=\"async\" src=\"https:\/\/www.42gears.com\/wp-content\/uploads\/2020\/03\/Banner-Rugged-Device-Management-Rugged-Devices.png\" alt=\"Banner - Rugged-Device-Management-Rugged-Devices\" itemprop=\"image\" height=\"422\" width=\"439\" title=\"Banner - Rugged-Device-Management-Rugged-Devices\" onerror=\"this.style.display='none'\"  \/>\n\t<p>Plusieurs industries, notamment celles de la logistique, du transport maritime, de la construction et des soins de sant\u00e9, requi\u00e8rent que les employ\u00e9s travaillent avec des dispositifs portables robustes dans des environnements extr\u00eames. Les dispositifs tels que les tablettes, les smartphones, les ordinateurs portables et autres appareils qui servent dans ces contextes, sont con\u00e7us pour r\u00e9sister \u00e0 des environnements difficiles tels que le froid extr\u00eame, les fortes vibrations et les conditions humides ou poussi\u00e9reuses.<\/p>\n<p>42Gears propose des solutions de gestion de la mobilit\u00e9 pour s\u00e9curiser et g\u00e9rer les portables robustes sur le plan vertical. Les dispositifs utilisant Android, Windows Mobile 5.0\/6.1\/6.5 et Windows CE 5.0 et suivants sont enti\u00e8rement pris en charge.<\/p>\n\t\t\t\t<img decoding=\"async\" src=\"https:\/\/www.42gears.com\/wp-content\/uploads\/2020\/04\/zebra-validated-badge-color.png\" alt=\"zebra-validated-badge-color\" itemprop=\"image\" height=\"554\" width=\"696\" title=\"zebra-validated-badge-color\" onerror=\"this.style.display='none'\"  \/>\n\t<h2>Fonctions principales<\/h2>\n\t\t\t\t<img decoding=\"async\" src=\"http:\/\/live-42gears-site.pantheonsite.io\/wp-content\/uploads\/2018\/07\/Enrollment-150x150.png\" alt=\"Enrollment\" itemprop=\"image\" title=\"Enrollment\" onerror=\"this.style.display='none'\"  \/>\n\tEnregistrement<br \/>\nEnregistrer les dispositifs via un processus automatis\u00e9 utilisant la num\u00e9risation de code \u00e0 barres et l&rsquo;activation OTA. L&rsquo;authentification de l&rsquo;utilisateur se produit avec l&rsquo;aide des comptes de services d&rsquo;annuaire permettant aux dispositifs d&rsquo;\u00eatre configur\u00e9s automatiquement avec des profils et des param\u00e8tres pr\u00e9d\u00e9finis.\n\t\t\t\t<img decoding=\"async\" src=\"http:\/\/live-42gears-site.pantheonsite.io\/wp-content\/uploads\/2018\/07\/Security-150x150.png\" alt=\"Security\" itemprop=\"image\" title=\"Security\" onerror=\"this.style.display='none'\"  \/>\n\tS\u00e9curit\u00e9<br \/>\nD\u00e9finir les niveaux de complexit\u00e9 des mots de passe et cr\u00e9er un cryptage de stockage sur les dispositifs pour les fichiers et les documents d&rsquo;entreprise. D\u00e9finir les limites sur l&rsquo;acc\u00e8s au partage de fichiers, de messages, l-acc\u00e8s au Bluetooth et \u00e0 la cam\u00e9ra.\n\t\t\t\t<img decoding=\"async\" src=\"http:\/\/live-42gears-site.pantheonsite.io\/wp-content\/uploads\/2018\/07\/alerts-150x150.png\" alt=\"alerts\" itemprop=\"image\" title=\"alerts\" onerror=\"this.style.display='none'\"  \/>\n\tAlertes<br \/>\nLa politique de notification peut \u00eatre d\u00e9finie sur les administrateurs d&rsquo;alerte automatique sur l&rsquo;\u00e9tat de sant\u00e9 du dispositif, comme le niveau de la batterie, les versions du syst\u00e8me d&rsquo;exploitation et les tentatives d&rsquo;enracinement. Il existe \u00e9galement des politiques de localisation bas\u00e9es sur la zone d\u00e9limit\u00e9e et des barri\u00e8res de r\u00e9seau pour alerter les administrateurs sur l&rsquo;\u00e9tat du dispositif dans certaines zones et r\u00e9seaux. La politique de gestion des t\u00e9l\u00e9communications peut \u00eatre d\u00e9finie pour signaler l&rsquo;utilisation des donn\u00e9es et d\u00e9finir l&rsquo;action correspondante sur le dispositif, comme les alertes ou le blocage des donn\u00e9es.\n\t\t\t\t<img decoding=\"async\" src=\"http:\/\/live-42gears-site.pantheonsite.io\/wp-content\/uploads\/2018\/07\/Profiles-150x150.png\" alt=\"\" itemprop=\"image\" onerror=\"this.style.display='none'\"  \/>\n\tProfils<br \/>\nConfigurer les profils de dispositifs pour les installations class\u00e9es des applications d&rsquo;entreprise, des fichiers et des profils (VPN, courriel, Wi-Fi). Utiliser des profils pour administrer les politiques de s\u00e9curit\u00e9 comme le code d&rsquo;acc\u00e8s.\n\t\t\t\t<img decoding=\"async\" src=\"http:\/\/live-42gears-site.pantheonsite.io\/wp-content\/uploads\/2018\/07\/Device-provisioning-150x150.png\" alt=\"Device provisioning\" itemprop=\"image\" title=\"Device provisioning\" onerror=\"this.style.display='none'\"  \/>\n\tApprovisionnement de dispositifs<br \/>\nCr\u00e9er des travaux pour supprimer des applications ou des fichiers, mettre \u00e0 niveau le syst\u00e8me d&rsquo;exploitation et r\u00e9gler les param\u00e8tres des dispositifs portatifs robustes.\n\t\t\t\t<img decoding=\"async\" src=\"http:\/\/live-42gears-site.pantheonsite.io\/wp-content\/uploads\/2018\/07\/Diagnostics-150x150.png\" alt=\"Diagnostics\" itemprop=\"image\" title=\"Diagnostics\" onerror=\"this.style.display='none'\"  \/>\n\tDiagnostic<br \/>\nGarder les onglets sur les dispositifs de terrain et obtenir des mises \u00e0 jour du statut telles que le GPS, le journal des appels, les statistiques du r\u00e9seau et les attributs d\u00e9finis par l&rsquo;IT. L&rsquo;administrateur peut obtenir des mises \u00e0 jour en temps r\u00e9el sur le niveau de la batterie, la m\u00e9moire de stockage et l&rsquo;utilisation des donn\u00e9es.\n\t\t\t\t<img decoding=\"async\" src=\"http:\/\/live-42gears-site.pantheonsite.io\/wp-content\/uploads\/2018\/07\/Remote-helpdesk-150x150.png\" alt=\"Remote helpdesk\" itemprop=\"image\" title=\"Remote helpdesk\" onerror=\"this.style.display='none'\"  \/>\n\tService d&rsquo;assistance \u00e0 distance<br \/>\nD\u00e9panner les dispositifs en t\u00e9l\u00e9commandant l&rsquo;\u00e9cran du dispositif, verrouiller ou nettoyer les dispositifs, prendre des captures d&rsquo;\u00e9cran, parcourir et t\u00e9l\u00e9charger les fichiers \/ dossiers.\n\t\t\t\t<img decoding=\"async\" src=\"http:\/\/live-42gears-site.pantheonsite.io\/wp-content\/uploads\/2018\/07\/Device-tracking-150x150.png\" alt=\"Device tracking\" itemprop=\"image\" title=\"Device tracking\" onerror=\"this.style.display='none'\"  \/>\n\tSuivi de dispositif<br \/>\nUtiliser la console d&rsquo;administration pour suivre et g\u00e9rer les dispositifs mobiles robustes. Envoyer des commandes ou des messages directement aux dispositifs et afficher les d\u00e9tails du dispositif en temps r\u00e9el, comme le mod\u00e8le de dispositif, le journal des \u00e9v\u00e9nements, le GPS et les erreurs de dispositif.\n\t<h3>Partenaires OEM robustes<\/h3>\n\t\t\t\t<img decoding=\"async\" src=\"https:\/\/www.42gears.com\/wp-content\/uploads\/2019\/12\/datalogic_logo.png\" alt=\"datalogic_logo\" itemprop=\"image\" height=\"106\" width=\"285\" title=\"datalogic_logo\" onerror=\"this.style.display='none'\"  \/>\n\t\t\t\t<img decoding=\"async\" src=\"https:\/\/www.42gears.com\/wp-content\/uploads\/2020\/03\/Honeywell.png\" alt=\"Honeywell\" itemprop=\"image\" height=\"106\" width=\"285\" title=\"Honeywell\" onerror=\"this.style.display='none'\"  \/>\n\t\t\t\t<img decoding=\"async\" src=\"http:\/\/live-42gears-site.pantheonsite.io\/wp-content\/uploads\/2018\/08\/zebra.png\" alt=\"zebra\" itemprop=\"image\" title=\"zebra\" onerror=\"this.style.display='none'\"  \/>\n\t\t\t\t<img decoding=\"async\" src=\"http:\/\/live-42gears-site.pantheonsite.io\/wp-content\/uploads\/2018\/08\/spectralink.png\" alt=\"spectralink\" itemprop=\"image\" title=\"spectralink\" onerror=\"this.style.display='none'\"  \/>\n\t\t\t\t<img decoding=\"async\" src=\"http:\/\/live-42gears-site.pantheonsite.io\/wp-content\/uploads\/2018\/08\/urovo.png\" alt=\"urovo\" itemprop=\"image\" title=\"urovo\" onerror=\"this.style.display='none'\"  \/>\n\t\t\t\t<img decoding=\"async\" src=\"https:\/\/www.42gears.com\/wp-content\/uploads\/2020\/03\/Unitech-Rugged-Devices.png\" alt=\"Unitech - Rugged Devices\" itemprop=\"image\" height=\"106\" width=\"285\" title=\"Unitech - Rugged Devices\" onerror=\"this.style.display='none'\"  \/>\n\t<center><a href=\"https:\/\/www.42gears.com\/contact-sales-team\/?pname=10\" target=\"_blank\" rel=\"noopener\">Planifier une d\u00e9mo<\/a><\/center>\n\n","protected":false},"excerpt":{"rendered":"<p>Gestion de dispositifs robustes Aide les entreprises \u00e0 rester mobiles dans des environnements difficiles Planifier une d\u00e9mo Plusieurs industries, notamment celles de la logistique, du transport maritime, de la construction et des soins de sant\u00e9, requi\u00e8rent que les employ\u00e9s travaillent avec des dispositifs portables robustes dans des environnements extr\u00eames. Les dispositifs tels que les tablettes,&hellip;<\/p>\n","protected":false},"author":7,"featured_media":28575,"parent":0,"menu_order":0,"comment_status":"closed","ping_status":"closed","template":"","meta":{"_acf_changed":false,"footnotes":""},"categories":[],"tags":[],"class_list":["post-20942","page","type-page","status-publish","has-post-thumbnail","hentry"],"acf":[],"yoast_head":"<!-- This site is optimized with the Yoast SEO Premium plugin v24.6 (Yoast SEO v24.6) - https:\/\/yoast.com\/wordpress\/plugins\/seo\/ -->\n<title>Solution d&#039;informatique robuste | Gestion des dispositifs robustes | 42Gears UEM<\/title>\n<meta name=\"description\" content=\"Les solutions de gestion des dispositifs robustes, des ordinateurs mobiles et des assistants num\u00e9riques personnels sont des programmes innovants qui aident les entreprises \u00e0 rester mobiles dans des environnements difficiles.\" \/>\n<meta name=\"robots\" content=\"index, follow, max-snippet:-1, max-image-preview:large, max-video-preview:-1\" \/>\n<link rel=\"canonical\" href=\"https:\/\/www.42gears.com\/fr\/rugged-device-management\/\" \/>\n<meta property=\"og:locale\" content=\"fr_FR\" \/>\n<meta property=\"og:type\" content=\"article\" \/>\n<meta property=\"og:title\" content=\"Gestion de dispositifs robustes\" \/>\n<meta property=\"og:description\" content=\"Les solutions de gestion des dispositifs robustes, des ordinateurs mobiles et des assistants num\u00e9riques personnels sont des programmes innovants qui aident les entreprises \u00e0 rester mobiles dans des environnements difficiles.\" \/>\n<meta property=\"og:url\" content=\"https:\/\/www.42gears.com\/fr\/rugged-device-management\/\" \/>\n<meta property=\"og:site_name\" content=\"42Gears Mobility Systems\" \/>\n<meta property=\"article:publisher\" content=\"https:\/\/www.facebook.com\/42gears\" \/>\n<meta property=\"article:modified_time\" content=\"2021-04-19T04:54:22+00:00\" \/>\n<meta property=\"og:image\" content=\"https:\/\/www.42gears.com\/wp-content\/uploads\/2018\/12\/Featured-Image-42Gears-logo.png\" \/>\n\t<meta property=\"og:image:width\" content=\"499\" \/>\n\t<meta property=\"og:image:height\" content=\"330\" \/>\n\t<meta property=\"og:image:type\" content=\"image\/png\" \/>\n<meta name=\"twitter:card\" content=\"summary_large_image\" \/>\n<meta name=\"twitter:site\" content=\"@42Gears\" \/>\n<meta name=\"twitter:label1\" content=\"Est. reading time\" \/>\n\t<meta name=\"twitter:data1\" content=\"3 minutes\" \/>\n<script type=\"application\/ld+json\" class=\"yoast-schema-graph\">{\"@context\":\"https:\/\/schema.org\",\"@graph\":[{\"@type\":\"WebPage\",\"@id\":\"https:\/\/www.42gears.com\/fr\/rugged-device-management\/\",\"url\":\"https:\/\/www.42gears.com\/fr\/rugged-device-management\/\",\"name\":\"Solution d'informatique robuste | Gestion des dispositifs robustes | 42Gears UEM\",\"isPartOf\":{\"@id\":\"https:\/\/www.42gears.com\/#website\"},\"primaryImageOfPage\":{\"@id\":\"https:\/\/www.42gears.com\/fr\/rugged-device-management\/#primaryimage\"},\"image\":{\"@id\":\"https:\/\/www.42gears.com\/fr\/rugged-device-management\/#primaryimage\"},\"thumbnailUrl\":\"https:\/\/www.42gears.com\/wp-content\/uploads\/2018\/12\/Featured-Image-42Gears-logo.png\",\"datePublished\":\"2017-10-24T09:21:22+00:00\",\"dateModified\":\"2021-04-19T04:54:22+00:00\",\"description\":\"Les solutions de gestion des dispositifs robustes, des ordinateurs mobiles et des assistants num\u00e9riques personnels sont des programmes innovants qui aident les entreprises \u00e0 rester mobiles dans des environnements difficiles.\",\"breadcrumb\":{\"@id\":\"https:\/\/www.42gears.com\/fr\/rugged-device-management\/#breadcrumb\"},\"inLanguage\":\"fr-FR\",\"potentialAction\":[{\"@type\":\"ReadAction\",\"target\":[\"https:\/\/www.42gears.com\/fr\/rugged-device-management\/\"]}]},{\"@type\":\"ImageObject\",\"inLanguage\":\"fr-FR\",\"@id\":\"https:\/\/www.42gears.com\/fr\/rugged-device-management\/#primaryimage\",\"url\":\"https:\/\/www.42gears.com\/wp-content\/uploads\/2018\/12\/Featured-Image-42Gears-logo.png\",\"contentUrl\":\"https:\/\/www.42gears.com\/wp-content\/uploads\/2018\/12\/Featured-Image-42Gears-logo.png\",\"width\":499,\"height\":330,\"caption\":\"Featured-Image-42Gears-logo\"},{\"@type\":\"BreadcrumbList\",\"@id\":\"https:\/\/www.42gears.com\/fr\/rugged-device-management\/#breadcrumb\",\"itemListElement\":[{\"@type\":\"ListItem\",\"position\":1,\"name\":\"Home\",\"item\":\"https:\/\/www.42gears.com\/fr\/\"},{\"@type\":\"ListItem\",\"position\":2,\"name\":\"Gestion de dispositifs robustes\"}]},{\"@type\":\"WebSite\",\"@id\":\"https:\/\/www.42gears.com\/#website\",\"url\":\"https:\/\/www.42gears.com\/\",\"name\":\"42Gears Mobility Systems\",\"description\":\"Mobile Device Management (MDM), Mobile Security &amp; Mobile Device Lockdown\",\"publisher\":{\"@id\":\"https:\/\/www.42gears.com\/#organization\"},\"potentialAction\":[{\"@type\":\"SearchAction\",\"target\":{\"@type\":\"EntryPoint\",\"urlTemplate\":\"https:\/\/www.42gears.com\/?s={search_term_string}\"},\"query-input\":{\"@type\":\"PropertyValueSpecification\",\"valueRequired\":true,\"valueName\":\"search_term_string\"}}],\"inLanguage\":\"fr-FR\"},{\"@type\":\"Organization\",\"@id\":\"https:\/\/www.42gears.com\/#organization\",\"name\":\"MDM - 42Gears\",\"url\":\"https:\/\/www.42gears.com\/\",\"logo\":{\"@type\":\"ImageObject\",\"inLanguage\":\"fr-FR\",\"@id\":\"https:\/\/www.42gears.com\/#\/schema\/logo\/image\/\",\"url\":\"https:\/\/www.42gears.com\/wp-content\/uploads\/2018\/12\/Featured-Image-42Gears-logo.png\",\"contentUrl\":\"https:\/\/www.42gears.com\/wp-content\/uploads\/2018\/12\/Featured-Image-42Gears-logo.png\",\"width\":499,\"height\":330,\"caption\":\"MDM - 42Gears\"},\"image\":{\"@id\":\"https:\/\/www.42gears.com\/#\/schema\/logo\/image\/\"},\"sameAs\":[\"https:\/\/www.facebook.com\/42gears\",\"https:\/\/x.com\/42Gears\"]}]}<\/script>\n<!-- \/ Yoast SEO Premium plugin. -->","yoast_head_json":{"title":"Solution d'informatique robuste | Gestion des dispositifs robustes | 42Gears UEM","description":"Les solutions de gestion des dispositifs robustes, des ordinateurs mobiles et des assistants num\u00e9riques personnels sont des programmes innovants qui aident les entreprises \u00e0 rester mobiles dans des environnements difficiles.","robots":{"index":"index","follow":"follow","max-snippet":"max-snippet:-1","max-image-preview":"max-image-preview:large","max-video-preview":"max-video-preview:-1"},"canonical":"https:\/\/www.42gears.com\/fr\/rugged-device-management\/","og_locale":"fr_FR","og_type":"article","og_title":"Gestion de dispositifs robustes","og_description":"Les solutions de gestion des dispositifs robustes, des ordinateurs mobiles et des assistants num\u00e9riques personnels sont des programmes innovants qui aident les entreprises \u00e0 rester mobiles dans des environnements difficiles.","og_url":"https:\/\/www.42gears.com\/fr\/rugged-device-management\/","og_site_name":"42Gears Mobility Systems","article_publisher":"https:\/\/www.facebook.com\/42gears","article_modified_time":"2021-04-19T04:54:22+00:00","og_image":[{"width":499,"height":330,"url":"https:\/\/www.42gears.com\/wp-content\/uploads\/2018\/12\/Featured-Image-42Gears-logo.png","type":"image\/png"}],"twitter_card":"summary_large_image","twitter_site":"@42Gears","twitter_misc":{"Est. reading time":"3 minutes"},"schema":{"@context":"https:\/\/schema.org","@graph":[{"@type":"WebPage","@id":"https:\/\/www.42gears.com\/fr\/rugged-device-management\/","url":"https:\/\/www.42gears.com\/fr\/rugged-device-management\/","name":"Solution d'informatique robuste | Gestion des dispositifs robustes | 42Gears UEM","isPartOf":{"@id":"https:\/\/www.42gears.com\/#website"},"primaryImageOfPage":{"@id":"https:\/\/www.42gears.com\/fr\/rugged-device-management\/#primaryimage"},"image":{"@id":"https:\/\/www.42gears.com\/fr\/rugged-device-management\/#primaryimage"},"thumbnailUrl":"https:\/\/www.42gears.com\/wp-content\/uploads\/2018\/12\/Featured-Image-42Gears-logo.png","datePublished":"2017-10-24T09:21:22+00:00","dateModified":"2021-04-19T04:54:22+00:00","description":"Les solutions de gestion des dispositifs robustes, des ordinateurs mobiles et des assistants num\u00e9riques personnels sont des programmes innovants qui aident les entreprises \u00e0 rester mobiles dans des environnements difficiles.","breadcrumb":{"@id":"https:\/\/www.42gears.com\/fr\/rugged-device-management\/#breadcrumb"},"inLanguage":"fr-FR","potentialAction":[{"@type":"ReadAction","target":["https:\/\/www.42gears.com\/fr\/rugged-device-management\/"]}]},{"@type":"ImageObject","inLanguage":"fr-FR","@id":"https:\/\/www.42gears.com\/fr\/rugged-device-management\/#primaryimage","url":"https:\/\/www.42gears.com\/wp-content\/uploads\/2018\/12\/Featured-Image-42Gears-logo.png","contentUrl":"https:\/\/www.42gears.com\/wp-content\/uploads\/2018\/12\/Featured-Image-42Gears-logo.png","width":499,"height":330,"caption":"Featured-Image-42Gears-logo"},{"@type":"BreadcrumbList","@id":"https:\/\/www.42gears.com\/fr\/rugged-device-management\/#breadcrumb","itemListElement":[{"@type":"ListItem","position":1,"name":"Home","item":"https:\/\/www.42gears.com\/fr\/"},{"@type":"ListItem","position":2,"name":"Gestion de dispositifs robustes"}]},{"@type":"WebSite","@id":"https:\/\/www.42gears.com\/#website","url":"https:\/\/www.42gears.com\/","name":"42Gears Mobility Systems","description":"Mobile Device Management (MDM), Mobile Security &amp; Mobile Device Lockdown","publisher":{"@id":"https:\/\/www.42gears.com\/#organization"},"potentialAction":[{"@type":"SearchAction","target":{"@type":"EntryPoint","urlTemplate":"https:\/\/www.42gears.com\/?s={search_term_string}"},"query-input":{"@type":"PropertyValueSpecification","valueRequired":true,"valueName":"search_term_string"}}],"inLanguage":"fr-FR"},{"@type":"Organization","@id":"https:\/\/www.42gears.com\/#organization","name":"MDM - 42Gears","url":"https:\/\/www.42gears.com\/","logo":{"@type":"ImageObject","inLanguage":"fr-FR","@id":"https:\/\/www.42gears.com\/#\/schema\/logo\/image\/","url":"https:\/\/www.42gears.com\/wp-content\/uploads\/2018\/12\/Featured-Image-42Gears-logo.png","contentUrl":"https:\/\/www.42gears.com\/wp-content\/uploads\/2018\/12\/Featured-Image-42Gears-logo.png","width":499,"height":330,"caption":"MDM - 42Gears"},"image":{"@id":"https:\/\/www.42gears.com\/#\/schema\/logo\/image\/"},"sameAs":["https:\/\/www.facebook.com\/42gears","https:\/\/x.com\/42Gears"]}]}},"_links":{"self":[{"href":"https:\/\/www.42gears.com\/fr\/wp-json\/wp\/v2\/pages\/20942","targetHints":{"allow":["GET"]}}],"collection":[{"href":"https:\/\/www.42gears.com\/fr\/wp-json\/wp\/v2\/pages"}],"about":[{"href":"https:\/\/www.42gears.com\/fr\/wp-json\/wp\/v2\/types\/page"}],"author":[{"embeddable":true,"href":"https:\/\/www.42gears.com\/fr\/wp-json\/wp\/v2\/users\/7"}],"replies":[{"embeddable":true,"href":"https:\/\/www.42gears.com\/fr\/wp-json\/wp\/v2\/comments?post=20942"}],"version-history":[{"count":8,"href":"https:\/\/www.42gears.com\/fr\/wp-json\/wp\/v2\/pages\/20942\/revisions"}],"predecessor-version":[{"id":64682,"href":"https:\/\/www.42gears.com\/fr\/wp-json\/wp\/v2\/pages\/20942\/revisions\/64682"}],"wp:featuredmedia":[{"embeddable":true,"href":"https:\/\/www.42gears.com\/fr\/wp-json\/wp\/v2\/media\/28575"}],"wp:attachment":[{"href":"https:\/\/www.42gears.com\/fr\/wp-json\/wp\/v2\/media?parent=20942"}],"wp:term":[{"taxonomy":"category","embeddable":true,"href":"https:\/\/www.42gears.com\/fr\/wp-json\/wp\/v2\/categories?post=20942"},{"taxonomy":"post_tag","embeddable":true,"href":"https:\/\/www.42gears.com\/fr\/wp-json\/wp\/v2\/tags?post=20942"}],"curies":[{"name":"wp","href":"https:\/\/api.w.org\/{rel}","templated":true}]}}