{"id":18363,"date":"2017-04-11T05:13:40","date_gmt":"2017-04-11T05:13:40","guid":{"rendered":"http:\/\/live-42gears-site.pantheonsite.io\/?page_id=18363\/"},"modified":"2023-01-10T13:23:16","modified_gmt":"2023-01-10T13:23:16","slug":"surevideo","status":"publish","type":"page","link":"https:\/\/www.42gears.com\/fr\/products\/surevideo\/","title":{"rendered":"SureVideo"},"content":{"rendered":"\n\n\t<h1>Solution d&rsquo;affichage dynamique SureVideo<\/h1>\nLA CONVERSION DES DISPOSITIFS EN \u00c9CRANS DE SIGNALISATION NUM\u00c9RIQUE\n\t<a href=\"https:\/\/www.42gears.com\/downloads-page\/\">Essai gratuit<\/a>\n\t<h3>Vue d&rsquo;ensemble<\/h3>\n\t<p>Les solutions d&rsquo;affichage dynamique sont utiles pour diffuser un contenu cibl\u00e9 \u00e0 un public afin d&rsquo;attirer son attention. SureVideo peut \u00eatre utilis\u00e9 comme une boucle vid\u00e9o permettant d&rsquo;afficher des publicit\u00e9s, des nouvelles, des informations sur les produits ou tout autre \u00e9l\u00e9ment que l&rsquo;entreprise souhaite fournir \u00e0 ses clients.<\/p>\n<p>Installer SureVideo sur une tablette ou une cl\u00e9 TV et configurer une liste de lecture permettant de lire des vid\u00e9os en boucle. Vous pouvez facilement d\u00e9ployer la liste de lecture sur plusieurs dispositifs et la mettre \u00e0 jour \u00e0 tout moment.<\/p>\n\t<h3>S\u00e9lectionnez votre plateforme<\/h3>\n\t <center><a href=\"https:\/\/www.42gears.com\/products\/digital-signage\/android\/\"><img decoding=\"async\" src=\"https:\/\/www.42gears.com\/wp-content\/uploads\/2018\/04\/android.png\"\/><\/a><\/center>\n\t<p><a href=\"https:\/\/www.42gears.com\/products\/digital-signage\/android\/\">Android<\/a><\/p>\n\t <center> <a href=\"https:\/\/www.42gears.com\/products\/digital-signage\/ios-and-ipados\/\"><img decoding=\"async\" src=\"https:\/\/www.42gears.com\/wp-content\/uploads\/2018\/04\/ios.png\"\/><\/a><\/center> \n\t<p><a href=\"https:\/\/www.42gears.com\/products\/digital-signage\/ios-and-ipados\/\">iOS<\/a><\/p>\n\t <center> <a href=\"https:\/\/www.42gears.com\/products\/digital-signage\/windows-11\/\"><img decoding=\"async\" src=\"https:\/\/www.42gears.com\/wp-content\/uploads\/2018\/04\/windows.png\"\/><\/a><\/center> \n\t<p><a href=\"https:\/\/www.42gears.com\/products\/digital-signage\/windows-11\/\">Windows<\/a><\/p>\n\t\t\t<img decoding=\"async\" src=\"https:\/\/www.42gears.com\/wp-content\/uploads\/2018\/04\/Asset-3defaul.png\" alt=\"Asset 3defaul\" \/>\n<img decoding=\"async\" src=\"https:\/\/www.42gears.com\/wp-content\/uploads\/2018\/04\/left-quote.png\" alt=\"left quote\"\/>\n<!-- text here --><br \/>\nLe Kiosque SureVideo fonctionne comme un charme. Il y a beaucoup d&rsquo;options que vous aimerez. \u00c9galement passer un petit bonjour au support technique qui m&rsquo;a aid\u00e9 en une seconde \u00e0 r\u00e9soudre mon erreur. Grande recommandation !<br \/>\n<!-- text here -->\n<img decoding=\"async\" src=\"https:\/\/www.42gears.com\/wp-content\/uploads\/2018\/04\/right-quote.png\" alt=\"right quote\"\/>\n<p><!-- text here -->Bane Jovicic<!-- text here --><\/p>\n\t\t\t<img decoding=\"async\" src=\"https:\/\/www.42gears.com\/wp-content\/uploads\/2018\/04\/Asset-3defaul.png\" alt=\"Asset 3defaul\"\/>\n<img decoding=\"async\" src=\"https:\/\/www.42gears.com\/wp-content\/uploads\/2018\/04\/left-quote.png\" alt=\"left quote\"\/>\n<!-- text here --><br \/>\nTr\u00e8s bon pour les solutions d&rsquo;affichage dynamique \u00e0 \u00e9cran unique. Tr\u00e8s convivial. Il suffit de brancher et utiliser des m\u00e9thodes simples de copier-coller. Poss\u00e8de de nombreuses fonctions et peut fonctionner 24 heures sur 24, 7 jours sur 7, sans aucun danger.<br \/>\n<!-- text here -->\n<img decoding=\"async\" src=\"https:\/\/www.42gears.com\/wp-content\/uploads\/2018\/04\/right-quote.png\" alt=\"right quote\"\/>\n<p><!-- text here -->Ashik Haydari<!-- text here --><\/p>\n\n","protected":false},"excerpt":{"rendered":"<p>Solution d&rsquo;affichage dynamique SureVideo LA CONVERSION DES DISPOSITIFS EN \u00c9CRANS DE SIGNALISATION NUM\u00c9RIQUE Essai gratuit Vue d&rsquo;ensemble Les solutions d&rsquo;affichage dynamique sont utiles pour diffuser un contenu cibl\u00e9 \u00e0 un public afin d&rsquo;attirer son attention. SureVideo peut \u00eatre utilis\u00e9 comme une boucle vid\u00e9o permettant d&rsquo;afficher des publicit\u00e9s, des nouvelles, des informations sur les produits ou&hellip;<\/p>\n","protected":false},"author":7,"featured_media":0,"parent":590,"menu_order":67,"comment_status":"closed","ping_status":"closed","template":"","meta":{"_acf_changed":false,"footnotes":""},"categories":[],"tags":[],"class_list":["post-18363","page","type-page","status-publish","hentry"],"acf":[],"yoast_head":"<!-- This site is optimized with the Yoast SEO Premium plugin v24.6 (Yoast SEO v24.6) - https:\/\/yoast.com\/wordpress\/plugins\/seo\/ -->\n<title>Signalisation num\u00e9rique | SureVideo | Boucleur vid\u00e9o pour Android, iOS et Windows<\/title>\n<meta name=\"description\" content=\"Surevideo est un Boucleur vid\u00e9o qui peut fonctionner comme un panneau d&#039;affichage num\u00e9rique de kiosque pour lire et mettre en boucle des vid\u00e9os en mode kiosque sur les tablettes Android, les dispositifs Windows, les iPads et les iPhones.\" \/>\n<meta name=\"robots\" content=\"index, follow, max-snippet:-1, max-image-preview:large, max-video-preview:-1\" \/>\n<link rel=\"canonical\" href=\"https:\/\/www.42gears.com\/fr\/products\/surevideo\/\" \/>\n<meta property=\"og:locale\" content=\"fr_FR\" \/>\n<meta property=\"og:type\" content=\"article\" \/>\n<meta property=\"og:title\" content=\"SureVideo\" \/>\n<meta property=\"og:description\" content=\"Surevideo est un Boucleur vid\u00e9o qui peut fonctionner comme un panneau d&#039;affichage num\u00e9rique de kiosque pour lire et mettre en boucle des vid\u00e9os en mode kiosque sur les tablettes Android, les dispositifs Windows, les iPads et les iPhones.\" \/>\n<meta property=\"og:url\" content=\"https:\/\/www.42gears.com\/fr\/products\/surevideo\/\" \/>\n<meta property=\"og:site_name\" content=\"42Gears Mobility Systems\" \/>\n<meta property=\"article:publisher\" content=\"https:\/\/www.facebook.com\/42gears\" \/>\n<meta property=\"article:modified_time\" content=\"2023-01-10T13:23:16+00:00\" \/>\n<meta property=\"og:image\" content=\"https:\/\/www.42gears.com\/wp-content\/uploads\/2018\/04\/android.png\" \/>\n<meta name=\"twitter:card\" content=\"summary_large_image\" \/>\n<meta name=\"twitter:site\" content=\"@42Gears\" \/>\n<meta name=\"twitter:label1\" content=\"Est. reading time\" \/>\n\t<meta name=\"twitter:data1\" content=\"1 minute\" \/>\n<script type=\"application\/ld+json\" class=\"yoast-schema-graph\">{\"@context\":\"https:\/\/schema.org\",\"@graph\":[{\"@type\":\"WebPage\",\"@id\":\"https:\/\/www.42gears.com\/fr\/products\/surevideo\/\",\"url\":\"https:\/\/www.42gears.com\/fr\/products\/surevideo\/\",\"name\":\"Signalisation num\u00e9rique | SureVideo | Boucleur vid\u00e9o pour Android, iOS et Windows\",\"isPartOf\":{\"@id\":\"https:\/\/www.42gears.com\/#website\"},\"primaryImageOfPage\":{\"@id\":\"https:\/\/www.42gears.com\/fr\/products\/surevideo\/#primaryimage\"},\"image\":{\"@id\":\"https:\/\/www.42gears.com\/fr\/products\/surevideo\/#primaryimage\"},\"thumbnailUrl\":\"https:\/\/www.42gears.com\/wp-content\/uploads\/2018\/04\/android.png\",\"datePublished\":\"2017-04-11T05:13:40+00:00\",\"dateModified\":\"2023-01-10T13:23:16+00:00\",\"description\":\"Surevideo est un Boucleur vid\u00e9o qui peut fonctionner comme un panneau d'affichage num\u00e9rique de kiosque pour lire et mettre en boucle des vid\u00e9os en mode kiosque sur les tablettes Android, les dispositifs Windows, les iPads et les iPhones.\",\"breadcrumb\":{\"@id\":\"https:\/\/www.42gears.com\/fr\/products\/surevideo\/#breadcrumb\"},\"inLanguage\":\"fr-FR\",\"potentialAction\":[{\"@type\":\"ReadAction\",\"target\":[\"https:\/\/www.42gears.com\/fr\/products\/surevideo\/\"]}]},{\"@type\":\"ImageObject\",\"inLanguage\":\"fr-FR\",\"@id\":\"https:\/\/www.42gears.com\/fr\/products\/surevideo\/#primaryimage\",\"url\":\"https:\/\/www.42gears.com\/wp-content\/uploads\/2018\/04\/android.png\",\"contentUrl\":\"https:\/\/www.42gears.com\/wp-content\/uploads\/2018\/04\/android.png\"},{\"@type\":\"BreadcrumbList\",\"@id\":\"https:\/\/www.42gears.com\/fr\/products\/surevideo\/#breadcrumb\",\"itemListElement\":[{\"@type\":\"ListItem\",\"position\":1,\"name\":\"Home\",\"item\":\"https:\/\/www.42gears.com\/fr\/\"},{\"@type\":\"ListItem\",\"position\":2,\"name\":\"Products\",\"item\":\"https:\/\/www.42gears.com\/products\/\"},{\"@type\":\"ListItem\",\"position\":3,\"name\":\"SureVideo\"}]},{\"@type\":\"WebSite\",\"@id\":\"https:\/\/www.42gears.com\/#website\",\"url\":\"https:\/\/www.42gears.com\/\",\"name\":\"42Gears Mobility Systems\",\"description\":\"Mobile Device Management (MDM), Mobile Security &amp; Mobile Device Lockdown\",\"publisher\":{\"@id\":\"https:\/\/www.42gears.com\/#organization\"},\"potentialAction\":[{\"@type\":\"SearchAction\",\"target\":{\"@type\":\"EntryPoint\",\"urlTemplate\":\"https:\/\/www.42gears.com\/?s={search_term_string}\"},\"query-input\":{\"@type\":\"PropertyValueSpecification\",\"valueRequired\":true,\"valueName\":\"search_term_string\"}}],\"inLanguage\":\"fr-FR\"},{\"@type\":\"Organization\",\"@id\":\"https:\/\/www.42gears.com\/#organization\",\"name\":\"MDM - 42Gears\",\"url\":\"https:\/\/www.42gears.com\/\",\"logo\":{\"@type\":\"ImageObject\",\"inLanguage\":\"fr-FR\",\"@id\":\"https:\/\/www.42gears.com\/#\/schema\/logo\/image\/\",\"url\":\"https:\/\/www.42gears.com\/wp-content\/uploads\/2018\/12\/Featured-Image-42Gears-logo.png\",\"contentUrl\":\"https:\/\/www.42gears.com\/wp-content\/uploads\/2018\/12\/Featured-Image-42Gears-logo.png\",\"width\":499,\"height\":330,\"caption\":\"MDM - 42Gears\"},\"image\":{\"@id\":\"https:\/\/www.42gears.com\/#\/schema\/logo\/image\/\"},\"sameAs\":[\"https:\/\/www.facebook.com\/42gears\",\"https:\/\/x.com\/42Gears\"]}]}<\/script>\n<!-- \/ Yoast SEO Premium plugin. -->","yoast_head_json":{"title":"Signalisation num\u00e9rique | SureVideo | Boucleur vid\u00e9o pour Android, iOS et Windows","description":"Surevideo est un Boucleur vid\u00e9o qui peut fonctionner comme un panneau d'affichage num\u00e9rique de kiosque pour lire et mettre en boucle des vid\u00e9os en mode kiosque sur les tablettes Android, les dispositifs Windows, les iPads et les iPhones.","robots":{"index":"index","follow":"follow","max-snippet":"max-snippet:-1","max-image-preview":"max-image-preview:large","max-video-preview":"max-video-preview:-1"},"canonical":"https:\/\/www.42gears.com\/fr\/products\/surevideo\/","og_locale":"fr_FR","og_type":"article","og_title":"SureVideo","og_description":"Surevideo est un Boucleur vid\u00e9o qui peut fonctionner comme un panneau d'affichage num\u00e9rique de kiosque pour lire et mettre en boucle des vid\u00e9os en mode kiosque sur les tablettes Android, les dispositifs Windows, les iPads et les iPhones.","og_url":"https:\/\/www.42gears.com\/fr\/products\/surevideo\/","og_site_name":"42Gears Mobility Systems","article_publisher":"https:\/\/www.facebook.com\/42gears","article_modified_time":"2023-01-10T13:23:16+00:00","og_image":[{"url":"https:\/\/www.42gears.com\/wp-content\/uploads\/2018\/04\/android.png","type":"","width":"","height":""}],"twitter_card":"summary_large_image","twitter_site":"@42Gears","twitter_misc":{"Est. reading time":"1 minute"},"schema":{"@context":"https:\/\/schema.org","@graph":[{"@type":"WebPage","@id":"https:\/\/www.42gears.com\/fr\/products\/surevideo\/","url":"https:\/\/www.42gears.com\/fr\/products\/surevideo\/","name":"Signalisation num\u00e9rique | SureVideo | Boucleur vid\u00e9o pour Android, iOS et Windows","isPartOf":{"@id":"https:\/\/www.42gears.com\/#website"},"primaryImageOfPage":{"@id":"https:\/\/www.42gears.com\/fr\/products\/surevideo\/#primaryimage"},"image":{"@id":"https:\/\/www.42gears.com\/fr\/products\/surevideo\/#primaryimage"},"thumbnailUrl":"https:\/\/www.42gears.com\/wp-content\/uploads\/2018\/04\/android.png","datePublished":"2017-04-11T05:13:40+00:00","dateModified":"2023-01-10T13:23:16+00:00","description":"Surevideo est un Boucleur vid\u00e9o qui peut fonctionner comme un panneau d'affichage num\u00e9rique de kiosque pour lire et mettre en boucle des vid\u00e9os en mode kiosque sur les tablettes Android, les dispositifs Windows, les iPads et les iPhones.","breadcrumb":{"@id":"https:\/\/www.42gears.com\/fr\/products\/surevideo\/#breadcrumb"},"inLanguage":"fr-FR","potentialAction":[{"@type":"ReadAction","target":["https:\/\/www.42gears.com\/fr\/products\/surevideo\/"]}]},{"@type":"ImageObject","inLanguage":"fr-FR","@id":"https:\/\/www.42gears.com\/fr\/products\/surevideo\/#primaryimage","url":"https:\/\/www.42gears.com\/wp-content\/uploads\/2018\/04\/android.png","contentUrl":"https:\/\/www.42gears.com\/wp-content\/uploads\/2018\/04\/android.png"},{"@type":"BreadcrumbList","@id":"https:\/\/www.42gears.com\/fr\/products\/surevideo\/#breadcrumb","itemListElement":[{"@type":"ListItem","position":1,"name":"Home","item":"https:\/\/www.42gears.com\/fr\/"},{"@type":"ListItem","position":2,"name":"Products","item":"https:\/\/www.42gears.com\/products\/"},{"@type":"ListItem","position":3,"name":"SureVideo"}]},{"@type":"WebSite","@id":"https:\/\/www.42gears.com\/#website","url":"https:\/\/www.42gears.com\/","name":"42Gears Mobility Systems","description":"Mobile Device Management (MDM), Mobile Security &amp; Mobile Device Lockdown","publisher":{"@id":"https:\/\/www.42gears.com\/#organization"},"potentialAction":[{"@type":"SearchAction","target":{"@type":"EntryPoint","urlTemplate":"https:\/\/www.42gears.com\/?s={search_term_string}"},"query-input":{"@type":"PropertyValueSpecification","valueRequired":true,"valueName":"search_term_string"}}],"inLanguage":"fr-FR"},{"@type":"Organization","@id":"https:\/\/www.42gears.com\/#organization","name":"MDM - 42Gears","url":"https:\/\/www.42gears.com\/","logo":{"@type":"ImageObject","inLanguage":"fr-FR","@id":"https:\/\/www.42gears.com\/#\/schema\/logo\/image\/","url":"https:\/\/www.42gears.com\/wp-content\/uploads\/2018\/12\/Featured-Image-42Gears-logo.png","contentUrl":"https:\/\/www.42gears.com\/wp-content\/uploads\/2018\/12\/Featured-Image-42Gears-logo.png","width":499,"height":330,"caption":"MDM - 42Gears"},"image":{"@id":"https:\/\/www.42gears.com\/#\/schema\/logo\/image\/"},"sameAs":["https:\/\/www.facebook.com\/42gears","https:\/\/x.com\/42Gears"]}]}},"_links":{"self":[{"href":"https:\/\/www.42gears.com\/fr\/wp-json\/wp\/v2\/pages\/18363","targetHints":{"allow":["GET"]}}],"collection":[{"href":"https:\/\/www.42gears.com\/fr\/wp-json\/wp\/v2\/pages"}],"about":[{"href":"https:\/\/www.42gears.com\/fr\/wp-json\/wp\/v2\/types\/page"}],"author":[{"embeddable":true,"href":"https:\/\/www.42gears.com\/fr\/wp-json\/wp\/v2\/users\/7"}],"replies":[{"embeddable":true,"href":"https:\/\/www.42gears.com\/fr\/wp-json\/wp\/v2\/comments?post=18363"}],"version-history":[{"count":8,"href":"https:\/\/www.42gears.com\/fr\/wp-json\/wp\/v2\/pages\/18363\/revisions"}],"predecessor-version":[{"id":85607,"href":"https:\/\/www.42gears.com\/fr\/wp-json\/wp\/v2\/pages\/18363\/revisions\/85607"}],"up":[{"embeddable":true,"href":"https:\/\/www.42gears.com\/fr\/wp-json\/wp\/v2\/pages\/590"}],"wp:attachment":[{"href":"https:\/\/www.42gears.com\/fr\/wp-json\/wp\/v2\/media?parent=18363"}],"wp:term":[{"taxonomy":"category","embeddable":true,"href":"https:\/\/www.42gears.com\/fr\/wp-json\/wp\/v2\/categories?post=18363"},{"taxonomy":"post_tag","embeddable":true,"href":"https:\/\/www.42gears.com\/fr\/wp-json\/wp\/v2\/tags?post=18363"}],"curies":[{"name":"wp","href":"https:\/\/api.w.org\/{rel}","templated":true}]}}