{"id":17643,"date":"2015-04-08T22:56:48","date_gmt":"2015-04-08T22:56:48","guid":{"rendered":"http:\/\/live-42gears-site.pantheonsite.io\/?page_id=17643"},"modified":"2024-08-08T07:06:54","modified_gmt":"2024-08-08T07:06:54","slug":"home-2","status":"publish","type":"page","link":"https:\/\/www.42gears.com\/fr\/","title":{"rendered":"Home"},"content":{"rendered":"\n<h2>\n\t\tGestion transparente des dispositifs mobiles\n\t<\/h2>\n\t<p>Ayez le contr\u00f4le total de votre flotte de dispositifs. Tirez parti de SureMDM.<\/p>\n\t<a href=\"https:\/\/www.42gears.com\/products\/mobile-device-management\/\" target=\"_blank\" rel=\"noopener\">EN SAVOIR PLUS<\/a>\n<h3>Permettez aux \u00e9quipes<br \/> de d\u00e9veloppement et<br \/> d&rsquo;assurance qualit\u00e9 <br \/>d&rsquo;acc\u00e9der \u00e0 distance aux <br \/>dispositifs de test avec<br \/> AstroFarm.<\/h3>\n<a href=\"https:\/\/www.42gears.com\/products\/device-farm\/\" target=\"_blank\" rel=\"noopener\">EN SAVOIR PLUS<\/a>\n\t\t\t<img decoding=\"async\" loading='false' src=\"https:\/\/www.42gears.com\/wp-content\/uploads\/2023\/01\/banner_side_bg_02.jpg\" alt=\"\" \/><a href=\"https:\/\/www.42gears.com\/solutions\/intel-amt-vpro-management\/\" target=\"_self\" aria-label=\"\" rel=\"noopener\"><\/a>\t\t\t\n<h3>Pr\u00e9venez les fuites<br \/>\nd&rsquo;informations gr\u00e2ce au<br \/>\nblocage intelligent des<br \/>\ncam\u00e9ras.<\/h3>\n<a href=\"https:\/\/www.42gears.com\/solutions\/capabilities\/intelligent-camera-blocking\/\">EN SAVOIR PLUS<\/a>\n\t<section id=\"primary\">\n<img decoding=\"async\" src=\"https:\/\/www.42gears.com\/wp-content\/uploads\/2019\/12\/Unified-Endpoint-Management-Blue.png\" alt=\"Unified Endpoint Management - Blue\" \/><img decoding=\"async\" src=\"https:\/\/www.42gears.com\/wp-content\/uploads\/2019\/12\/Unified-Endpoint-Management.png\" alt=\"Unified Endpoint Management - White\" \/>\n<h4>GESTION UNIFI\u00c9E DES POINTS TERMINAUX<\/h4>\n<p>S\u00e9curisez, surveillez et g\u00e9rez tous vos terminaux via notre plateforme prim\u00e9e en mati\u00e8re de gestion de la mobilit\u00e9.<\/p>\n<p><a title=\"\" href=\"http:\/\/live-42gears-site.pantheonsite.io\/solutions\/unified-endpoint-management-uem-solution\/\" target=\"_self\" rel=\"noopener\">Lire la suite<\/a><\/p>\n<img decoding=\"async\" src=\"http:\/\/live-42gears-site.pantheonsite.io\/wp-content\/uploads\/2018\/07\/rugged-blue.png\" \/><img decoding=\"async\" src=\"http:\/\/live-42gears-site.pantheonsite.io\/wp-content\/uploads\/2018\/07\/rugged-white.png\" \/>\n<h4>GESTION DES DISPOSITIFS ROBUSTES<\/h4>\n<p>La solution 42Gears UEM apporte la promesse d&rsquo;une s\u00e9curit\u00e9 accrue des donn\u00e9es et des appareils, m\u00eame dans des environnements de travail difficiles.<\/p>\n<p><a title=\"\" href=\"http:\/\/live-42gears-site.pantheonsite.io\/solutions\/rugged-device-management\/\" target=\"_self\" rel=\"noopener\">Lire la suite<\/a><\/p>\n<img decoding=\"async\" src=\"https:\/\/www.42gears.com\/wp-content\/uploads\/2019\/12\/VR-Device-Management-Blue.png\" alt=\"VR Device Management - Blue\" \/><img decoding=\"async\" src=\"https:\/\/www.42gears.com\/wp-content\/uploads\/2019\/12\/VR-Device-Management.png\" alt=\"VR Device Management - white\" \/>\n<h4>GESTION DE LA RV<\/h4>\n<p>L&rsquo;UEM 42Gears simplifie la mise en place de la RV en vous permettant de g\u00e9rer les casques de RV et en assurant la s\u00e9curit\u00e9 des donn\u00e9es et des dispositifs.<\/p>\n<p><a title=\"\" href=\"https:\/\/www.42gears.com\/solutions\/virtual-reality-device-management\/\" target=\"_self\" rel=\"noopener\">Lire la suite<\/a><\/p>\n<img decoding=\"async\" src=\"https:\/\/www.42gears.com\/wp-content\/uploads\/2019\/12\/IoT-Management-Blue.png\" alt=\"IoT Management -Blue\" \/><img decoding=\"async\" src=\"https:\/\/www.42gears.com\/wp-content\/uploads\/2019\/12\/IoT-Management.png\" alt=\"IoT Management\" \/>\n<h4>GESTION DES OBJETS<\/h4>\n<p>Gr\u00e2ce \u00e0 la technologie de gestion des objets de 42Gears, il est possible de g\u00e9rer et de surveiller les dispositifs d&rsquo;entreprise ne fonctionnant pas sous un syst\u00e8me d&rsquo;exploitation.<\/p>\n<p><a title=\"\" href=\"https:\/\/www.42gears.com\/solutions\/things-management\/\" target=\"_self\" rel=\"noopener\">Lire la suite<\/a><\/p>\n<\/section>\n\t<h3>\u00c9tudes de cas<\/h3>\n<p>&nbsp;<\/p>\n<strong>TrackForce trouve un moyen intelligent pour g\u00e9rer et s\u00e9curiser les dispositifs professionnels avec 42Gears UEM<br \/>\n<\/strong>\n<p><a href=\"https:\/\/www.42gears.com\/fr\/etude-de-cas\/trackforce-finds-a-smart-way-to-manage-and-secure-its-business-devices-with-42gears-uem\/\" target=\"_blank\" rel=\"noopener\">Lire la suite<\/a><\/p>\n<h5>\n\t\tNos Clients\n\t<\/h5>\n        <a href=\"\/customers\/\"><img decoding=\"async\" src=\"https:\/\/www.42gears.com\/wp-content\/uploads\/2018\/10\/logo-flipkart-png-flipkart-logo.png\" width=\"190\" height=\"33\"\/><\/a>\n        <a href=\"\/customers\/\"><img decoding=\"async\" src=\"http:\/\/live-42gears-site.pantheonsite.io\/wp-content\/uploads\/2018\/07\/lufthansa-logo-1.png\" alt=\"Lufthansa\" width=\"190\" height=\"33\"\/><\/a>\n        <a href=\"\/customers\/\"><img decoding=\"async\" src=\"https:\/\/www.42gears.com\/wp-content\/uploads\/2018\/12\/delhivery_owler_20170522_164456_original.png\" width=\"190\" height=\"73\"\/><\/a>\n        <a href=\"\/customers\/\"><img decoding=\"async\" src=\"https:\/\/www.42gears.com\/wp-content\/uploads\/2019\/01\/BYJUS_NEW_LOGO-copy.png\" width=\"190\" height=\"73\"\/><\/a>\n        <a href=\"\/customers\/\"><img decoding=\"async\" src=\"https:\/\/www.42gears.com\/wp-content\/uploads\/2019\/01\/sodex.png\" width=\"190\" height=\"73\"\/><\/a>\n        <a href=\"\/customers\/\"><img decoding=\"async\" src=\"https:\/\/www.42gears.com\/wp-content\/uploads\/2019\/01\/mrf-1.png\" width=\"190\" height=\"73\"\/><\/a>\n        <a href=\"\/customers\/\"><img decoding=\"async\" src=\"http:\/\/live-42gears-site.pantheonsite.io\/wp-content\/uploads\/2018\/07\/datalogic-logo-1.png\" alt=\"Datalogic\" width=\"190\" height=\"21\"\/><\/a>\n        <a href=\"\/customers\/\"><img decoding=\"async\" src=\"http:\/\/live-42gears-site.pantheonsite.io\/wp-content\/uploads\/2018\/07\/toyota-logo.png\" alt=\"Toyota\" width=\"190\" height=\"35\"\/><\/a>\n        <a href=\"\/customers\/\"><img decoding=\"async\" src=\"http:\/\/live-42gears-site.pantheonsite.io\/wp-content\/uploads\/2018\/07\/arcelor-mittal-logo.png\" alt=\"Arcelor Mittal\" width=\"190\" height=\"79\"\/><\/a>\n        <a href=\"\/customers\/\"><img decoding=\"async\" src=\"http:\/\/live-42gears-site.pantheonsite.io\/wp-content\/uploads\/2018\/07\/dhl-simply-delivered-png-logo-11.png\" alt=\"DHL\" width=\"190\" height=\"39\"\/><\/a>\n<h2>\n\t\tFaits\n\t<\/h2>\n\t<p>Pourquoi 42Gears est le partenaire de mobilit\u00e9 id\u00e9al pour votre organisation<\/p>\n\t\t\t\t<img decoding=\"async\" src=\"https:\/\/www.42gears.com\/wp-content\/uploads\/2020\/01\/happy-customers.png\" alt=\"happy customers\" itemprop=\"image\" height=\"56\" width=\"56\" title=\"happy customers\" onerror=\"this.style.display='none'\"  \/>\n\t<h2>23000+<\/h2>\n<p>clients satisfaits<\/p>\n\t\t\t\t<img decoding=\"async\" src=\"https:\/\/www.42gears.com\/wp-content\/uploads\/2020\/01\/counteries.png\" alt=\"counteries\" itemprop=\"image\" height=\"56\" width=\"56\" title=\"counteries\" onerror=\"this.style.display='none'\"  \/>\n\t<h2>170+<\/h2>\n<p>pays dans lesquels nous avons des clients satisfaits<\/p>\n\t\t\t\t<img decoding=\"async\" src=\"https:\/\/www.42gears.com\/wp-content\/uploads\/2020\/01\/successful-deployment.png\" alt=\"successful deployment\" itemprop=\"image\" height=\"56\" width=\"56\" title=\"successful deployment\" onerror=\"this.style.display='none'\"  \/>\n\t<h2>7M+<\/h2>\n<p>millions de d\u00e9ploiements r\u00e9ussis<\/p>\n\t\t\t\t<img decoding=\"async\" src=\"https:\/\/www.42gears.com\/wp-content\/uploads\/2020\/01\/industry.png\" alt=\"industry\" itemprop=\"image\" height=\"56\" width=\"56\" title=\"industry\" onerror=\"this.style.display='none'\"  \/>\n\t<h2>15+<\/h2>\n<p>ans dans l&rsquo;industrie<\/p>\n\t\t\t\u00a0<img decoding=\"async\" src=\"http:\/\/live-42gears-site.pantheonsite.io\/wp-content\/uploads\/2018\/07\/quote_right.png\" \/><p><!-- text here -->Je suis tr\u00e8s satisfait de la r\u00e9ponse et des produits de 42Gears, qui ne sont limit\u00e9s que par le processus de mise en \u0153uvre de notre organisation. En outre, nous sommes toujours en contact avec leur \u00e9quipe.<!-- text here --><img decoding=\"async\" src=\"http:\/\/live-42gears-site.pantheonsite.io\/wp-content\/uploads\/2018\/07\/quote_left.png\" \/>\u00a0Ritche Martija,<!-- text here -->Syst\u00e8mes commerciaux, Contra Costa.<br \/><!-- text here --><\/p>\t\t\n\t\t\t\u00a0<img decoding=\"async\" src=\"http:\/\/live-42gears-site.pantheonsite.io\/wp-content\/uploads\/2018\/07\/quote_right.png\" \/><p><!-- text here -->42Gears nous a aid\u00e9s \u00e0 g\u00e9rer nos dispositifs. La solution est tr\u00e8s conviviale et les fonctionnalit\u00e9s sont excellentes. Nous sommes tr\u00e8s satisfaits de leurs services d&rsquo;assistance.<!-- text here --><img decoding=\"async\" src=\"http:\/\/live-42gears-site.pantheonsite.io\/wp-content\/uploads\/2018\/07\/quote_left.png\" \/>\u00a0Joao Dias,<br \/><!-- text here -->Responsable de l&rsquo;assistance technique, Areatec\u00ae Technologies.<br \/><!-- text here --><\/p>\t\t\n\t\t\t\u00a0<img decoding=\"async\" src=\"http:\/\/live-42gears-site.pantheonsite.io\/wp-content\/uploads\/2018\/07\/quote_right.png\" \/><p><!-- text here -->J&rsquo;ai contact\u00e9 l&rsquo;\u00e9quipe d&rsquo;assistance de 42Gears \u00e0 plusieurs reprises et j&rsquo;ai toujours eu une exp\u00e9rience tr\u00e8s positive. Les produits sont solides comme le roc et leur prix est tr\u00e8s raisonnable.<!-- text here --><img decoding=\"async\" src=\"http:\/\/live-42gears-site.pantheonsite.io\/wp-content\/uploads\/2018\/07\/quote_left.png\" \/>\u00a0James Rose,<br \/><!-- text here -->Administrateur informatique, Spectrum of Hope.<br \/><!-- text here --><\/p>\t\t\n\t\t\t\u00a0<img decoding=\"async\" src=\"http:\/\/live-42gears-site.pantheonsite.io\/wp-content\/uploads\/2018\/07\/quote_right.png\" \/><p><!-- text here -->l&rsquo;UEM 42Gears est si mature qu&rsquo;il a parfaitement r\u00e9pondu \u00e0 nos exigences techniques dans les limites de notre budget et du d\u00e9lai d&rsquo;ex\u00e9cution que nous avions en t\u00eate. Il y a tellement de fonctionnalit\u00e9s que nous ne pensions pas utiliser mais qui se sont av\u00e9r\u00e9es tr\u00e8s utiles pour notre entreprise, comme les rapports personnalis\u00e9s&#8230;<!-- text here --><img decoding=\"async\" src=\"http:\/\/live-42gears-site.pantheonsite.io\/wp-content\/uploads\/2018\/07\/quote_left.png\" \/>\u00a0Peter Yang Zhe,<br \/><!-- text here -->Directeur des op\u00e9rations, DiDi Mexico.<br \/><!-- text here --><\/p>\t\t\n<h5>\n\t\tParlez avec un consultant en produits\n\t<\/h5>\n\t<p>Renseignez-vous sur la mani\u00e8re dont nous pouvons vous aider \u00e0 s\u00e9curiser, surveiller et g\u00e9rer vos parcs de dispositifs.<\/p>\n\t<a href=\"https:\/\/www.42gears.com\/contact-sales-team\/?pname=7\" target=\"_blank\" rel=\"noopener\">Planifier une d\u00e9mo<\/a><a href=\"#\">Voir la d\u00e9mo<\/a>\n\n","protected":false},"excerpt":{"rendered":"<p>Gestion transparente des dispositifs mobiles Ayez le contr\u00f4le total de votre flotte de dispositifs. Tirez parti de SureMDM. EN SAVOIR PLUS Permettez aux \u00e9quipes de d\u00e9veloppement et d&rsquo;assurance qualit\u00e9 d&rsquo;acc\u00e9der \u00e0 distance aux dispositifs de test avec AstroFarm. EN SAVOIR PLUS Pr\u00e9venez les fuites d&rsquo;informations gr\u00e2ce au blocage intelligent des cam\u00e9ras. EN SAVOIR PLUS GESTION&hellip;<\/p>\n","protected":false},"author":7,"featured_media":28575,"parent":0,"menu_order":78,"comment_status":"closed","ping_status":"closed","template":"","meta":{"_acf_changed":false,"footnotes":""},"categories":[],"tags":[],"class_list":["post-17643","page","type-page","status-publish","has-post-thumbnail","hentry"],"acf":[],"yoast_head":"<!-- This site is optimized with the Yoast SEO Premium plugin v24.6 (Yoast SEO v24.6) - https:\/\/yoast.com\/wordpress\/plugins\/seo\/ -->\n<title>Unified Endpoint Management | Mobile Device Management | Securing and Managing Enterprise Mobile Devices | 42Gears<\/title>\n<meta name=\"description\" content=\"Leaders in Enterprise Mobility Management, Mobile Device Management(MDM), Mobile Device Lockdown, Kiosk Secure Browser for Android, iOS and\u00a0Windows\" \/>\n<meta name=\"robots\" content=\"index, follow, max-snippet:-1, max-image-preview:large, max-video-preview:-1\" \/>\n<link rel=\"canonical\" href=\"https:\/\/www.42gears.com\/fr\/\" \/>\n<meta property=\"og:locale\" content=\"fr_FR\" \/>\n<meta property=\"og:type\" content=\"article\" \/>\n<meta property=\"og:title\" content=\"Home\" \/>\n<meta property=\"og:description\" content=\"Leaders in Enterprise Mobility Management, Mobile Device Management(MDM), Mobile Device Lockdown, Kiosk Secure Browser for Android, iOS and\u00a0Windows\" \/>\n<meta property=\"og:url\" content=\"https:\/\/www.42gears.com\/fr\/\" \/>\n<meta property=\"og:site_name\" content=\"42Gears Mobility Systems\" \/>\n<meta property=\"article:publisher\" content=\"https:\/\/www.facebook.com\/42gears\" \/>\n<meta property=\"article:modified_time\" content=\"2024-08-08T07:06:54+00:00\" \/>\n<meta property=\"og:image\" content=\"https:\/\/www.42gears.com\/wp-content\/uploads\/2018\/12\/Featured-Image-42Gears-logo.png\" \/>\n\t<meta property=\"og:image:width\" content=\"499\" \/>\n\t<meta property=\"og:image:height\" content=\"330\" \/>\n\t<meta property=\"og:image:type\" content=\"image\/png\" \/>\n<meta name=\"twitter:card\" content=\"summary_large_image\" \/>\n<meta name=\"twitter:image\" content=\"https:\/\/www.42gears.com\/wp-content\/uploads\/2018\/12\/Featured-Image-42Gears-logo.png\" \/>\n<meta name=\"twitter:site\" content=\"@42Gears\" \/>\n<meta name=\"twitter:label1\" content=\"Est. reading time\" \/>\n\t<meta name=\"twitter:data1\" content=\"2 minutes\" \/>\n<script type=\"application\/ld+json\" class=\"yoast-schema-graph\">{\"@context\":\"https:\/\/schema.org\",\"@graph\":[{\"@type\":\"WebPage\",\"@id\":\"https:\/\/www.42gears.com\/fr\/\",\"url\":\"https:\/\/www.42gears.com\/fr\/\",\"name\":\"Unified Endpoint Management | Mobile Device Management | Securing and Managing Enterprise Mobile Devices | 42Gears\",\"isPartOf\":{\"@id\":\"https:\/\/www.42gears.com\/#website\"},\"primaryImageOfPage\":{\"@id\":\"https:\/\/www.42gears.com\/fr\/#primaryimage\"},\"image\":{\"@id\":\"https:\/\/www.42gears.com\/fr\/#primaryimage\"},\"thumbnailUrl\":\"https:\/\/www.42gears.com\/wp-content\/uploads\/2018\/12\/Featured-Image-42Gears-logo.png\",\"datePublished\":\"2015-04-08T22:56:48+00:00\",\"dateModified\":\"2024-08-08T07:06:54+00:00\",\"description\":\"Leaders in Enterprise Mobility Management, Mobile Device Management(MDM), Mobile Device Lockdown, Kiosk Secure Browser for Android, iOS and\u00a0Windows\",\"breadcrumb\":{\"@id\":\"https:\/\/www.42gears.com\/fr\/#breadcrumb\"},\"inLanguage\":\"fr-FR\",\"potentialAction\":[{\"@type\":\"ReadAction\",\"target\":[\"https:\/\/www.42gears.com\/fr\/\"]}]},{\"@type\":\"ImageObject\",\"inLanguage\":\"fr-FR\",\"@id\":\"https:\/\/www.42gears.com\/fr\/#primaryimage\",\"url\":\"https:\/\/www.42gears.com\/wp-content\/uploads\/2018\/12\/Featured-Image-42Gears-logo.png\",\"contentUrl\":\"https:\/\/www.42gears.com\/wp-content\/uploads\/2018\/12\/Featured-Image-42Gears-logo.png\",\"width\":499,\"height\":330,\"caption\":\"Featured-Image-42Gears-logo\"},{\"@type\":\"BreadcrumbList\",\"@id\":\"https:\/\/www.42gears.com\/fr\/#breadcrumb\",\"itemListElement\":[{\"@type\":\"ListItem\",\"position\":1,\"name\":\"Home\",\"item\":\"https:\/\/www.42gears.com\/fr\/\"},{\"@type\":\"ListItem\",\"position\":2,\"name\":\"Home\"}]},{\"@type\":\"WebSite\",\"@id\":\"https:\/\/www.42gears.com\/#website\",\"url\":\"https:\/\/www.42gears.com\/\",\"name\":\"42Gears Mobility Systems\",\"description\":\"Mobile Device Management (MDM), Mobile Security &amp; Mobile Device Lockdown\",\"publisher\":{\"@id\":\"https:\/\/www.42gears.com\/#organization\"},\"potentialAction\":[{\"@type\":\"SearchAction\",\"target\":{\"@type\":\"EntryPoint\",\"urlTemplate\":\"https:\/\/www.42gears.com\/?s={search_term_string}\"},\"query-input\":{\"@type\":\"PropertyValueSpecification\",\"valueRequired\":true,\"valueName\":\"search_term_string\"}}],\"inLanguage\":\"fr-FR\"},{\"@type\":\"Organization\",\"@id\":\"https:\/\/www.42gears.com\/#organization\",\"name\":\"MDM - 42Gears\",\"url\":\"https:\/\/www.42gears.com\/\",\"logo\":{\"@type\":\"ImageObject\",\"inLanguage\":\"fr-FR\",\"@id\":\"https:\/\/www.42gears.com\/#\/schema\/logo\/image\/\",\"url\":\"https:\/\/www.42gears.com\/wp-content\/uploads\/2018\/12\/Featured-Image-42Gears-logo.png\",\"contentUrl\":\"https:\/\/www.42gears.com\/wp-content\/uploads\/2018\/12\/Featured-Image-42Gears-logo.png\",\"width\":499,\"height\":330,\"caption\":\"MDM - 42Gears\"},\"image\":{\"@id\":\"https:\/\/www.42gears.com\/#\/schema\/logo\/image\/\"},\"sameAs\":[\"https:\/\/www.facebook.com\/42gears\",\"https:\/\/x.com\/42Gears\"]}]}<\/script>\n<!-- \/ Yoast SEO Premium plugin. -->","yoast_head_json":{"title":"Unified Endpoint Management | Mobile Device Management | Securing and Managing Enterprise Mobile Devices | 42Gears","description":"Leaders in Enterprise Mobility Management, Mobile Device Management(MDM), Mobile Device Lockdown, Kiosk Secure Browser for Android, iOS and\u00a0Windows","robots":{"index":"index","follow":"follow","max-snippet":"max-snippet:-1","max-image-preview":"max-image-preview:large","max-video-preview":"max-video-preview:-1"},"canonical":"https:\/\/www.42gears.com\/fr\/","og_locale":"fr_FR","og_type":"article","og_title":"Home","og_description":"Leaders in Enterprise Mobility Management, Mobile Device Management(MDM), Mobile Device Lockdown, Kiosk Secure Browser for Android, iOS and\u00a0Windows","og_url":"https:\/\/www.42gears.com\/fr\/","og_site_name":"42Gears Mobility Systems","article_publisher":"https:\/\/www.facebook.com\/42gears","article_modified_time":"2024-08-08T07:06:54+00:00","og_image":[{"width":499,"height":330,"url":"https:\/\/www.42gears.com\/wp-content\/uploads\/2018\/12\/Featured-Image-42Gears-logo.png","type":"image\/png"}],"twitter_card":"summary_large_image","twitter_image":"https:\/\/www.42gears.com\/wp-content\/uploads\/2018\/12\/Featured-Image-42Gears-logo.png","twitter_site":"@42Gears","twitter_misc":{"Est. reading time":"2 minutes"},"schema":{"@context":"https:\/\/schema.org","@graph":[{"@type":"WebPage","@id":"https:\/\/www.42gears.com\/fr\/","url":"https:\/\/www.42gears.com\/fr\/","name":"Unified Endpoint Management | Mobile Device Management | Securing and Managing Enterprise Mobile Devices | 42Gears","isPartOf":{"@id":"https:\/\/www.42gears.com\/#website"},"primaryImageOfPage":{"@id":"https:\/\/www.42gears.com\/fr\/#primaryimage"},"image":{"@id":"https:\/\/www.42gears.com\/fr\/#primaryimage"},"thumbnailUrl":"https:\/\/www.42gears.com\/wp-content\/uploads\/2018\/12\/Featured-Image-42Gears-logo.png","datePublished":"2015-04-08T22:56:48+00:00","dateModified":"2024-08-08T07:06:54+00:00","description":"Leaders in Enterprise Mobility Management, Mobile Device Management(MDM), Mobile Device Lockdown, Kiosk Secure Browser for Android, iOS and\u00a0Windows","breadcrumb":{"@id":"https:\/\/www.42gears.com\/fr\/#breadcrumb"},"inLanguage":"fr-FR","potentialAction":[{"@type":"ReadAction","target":["https:\/\/www.42gears.com\/fr\/"]}]},{"@type":"ImageObject","inLanguage":"fr-FR","@id":"https:\/\/www.42gears.com\/fr\/#primaryimage","url":"https:\/\/www.42gears.com\/wp-content\/uploads\/2018\/12\/Featured-Image-42Gears-logo.png","contentUrl":"https:\/\/www.42gears.com\/wp-content\/uploads\/2018\/12\/Featured-Image-42Gears-logo.png","width":499,"height":330,"caption":"Featured-Image-42Gears-logo"},{"@type":"BreadcrumbList","@id":"https:\/\/www.42gears.com\/fr\/#breadcrumb","itemListElement":[{"@type":"ListItem","position":1,"name":"Home","item":"https:\/\/www.42gears.com\/fr\/"},{"@type":"ListItem","position":2,"name":"Home"}]},{"@type":"WebSite","@id":"https:\/\/www.42gears.com\/#website","url":"https:\/\/www.42gears.com\/","name":"42Gears Mobility Systems","description":"Mobile Device Management (MDM), Mobile Security &amp; Mobile Device Lockdown","publisher":{"@id":"https:\/\/www.42gears.com\/#organization"},"potentialAction":[{"@type":"SearchAction","target":{"@type":"EntryPoint","urlTemplate":"https:\/\/www.42gears.com\/?s={search_term_string}"},"query-input":{"@type":"PropertyValueSpecification","valueRequired":true,"valueName":"search_term_string"}}],"inLanguage":"fr-FR"},{"@type":"Organization","@id":"https:\/\/www.42gears.com\/#organization","name":"MDM - 42Gears","url":"https:\/\/www.42gears.com\/","logo":{"@type":"ImageObject","inLanguage":"fr-FR","@id":"https:\/\/www.42gears.com\/#\/schema\/logo\/image\/","url":"https:\/\/www.42gears.com\/wp-content\/uploads\/2018\/12\/Featured-Image-42Gears-logo.png","contentUrl":"https:\/\/www.42gears.com\/wp-content\/uploads\/2018\/12\/Featured-Image-42Gears-logo.png","width":499,"height":330,"caption":"MDM - 42Gears"},"image":{"@id":"https:\/\/www.42gears.com\/#\/schema\/logo\/image\/"},"sameAs":["https:\/\/www.facebook.com\/42gears","https:\/\/x.com\/42Gears"]}]}},"_links":{"self":[{"href":"https:\/\/www.42gears.com\/fr\/wp-json\/wp\/v2\/pages\/17643","targetHints":{"allow":["GET"]}}],"collection":[{"href":"https:\/\/www.42gears.com\/fr\/wp-json\/wp\/v2\/pages"}],"about":[{"href":"https:\/\/www.42gears.com\/fr\/wp-json\/wp\/v2\/types\/page"}],"author":[{"embeddable":true,"href":"https:\/\/www.42gears.com\/fr\/wp-json\/wp\/v2\/users\/7"}],"replies":[{"embeddable":true,"href":"https:\/\/www.42gears.com\/fr\/wp-json\/wp\/v2\/comments?post=17643"}],"version-history":[{"count":56,"href":"https:\/\/www.42gears.com\/fr\/wp-json\/wp\/v2\/pages\/17643\/revisions"}],"predecessor-version":[{"id":103617,"href":"https:\/\/www.42gears.com\/fr\/wp-json\/wp\/v2\/pages\/17643\/revisions\/103617"}],"wp:featuredmedia":[{"embeddable":true,"href":"https:\/\/www.42gears.com\/fr\/wp-json\/wp\/v2\/media\/28575"}],"wp:attachment":[{"href":"https:\/\/www.42gears.com\/fr\/wp-json\/wp\/v2\/media?parent=17643"}],"wp:term":[{"taxonomy":"category","embeddable":true,"href":"https:\/\/www.42gears.com\/fr\/wp-json\/wp\/v2\/categories?post=17643"},{"taxonomy":"post_tag","embeddable":true,"href":"https:\/\/www.42gears.com\/fr\/wp-json\/wp\/v2\/tags?post=17643"}],"curies":[{"name":"wp","href":"https:\/\/api.w.org\/{rel}","templated":true}]}}