{"id":51782,"date":"2020-05-14T12:49:37","date_gmt":"2020-05-14T12:49:37","guid":{"rendered":"https:\/\/www.42gears.com\/correo-electronico-seguro\/"},"modified":"2020-05-14T12:49:46","modified_gmt":"2020-05-14T12:49:46","slug":"correo-electronico-seguro","status":"publish","type":"page","link":"https:\/\/www.42gears.com\/es\/correo-electronico-seguro\/","title":{"rendered":"Correo electr\u00f3nico seguro"},"content":{"rendered":"","protected":false},"excerpt":{"rendered":"","protected":false},"author":7,"featured_media":0,"parent":0,"menu_order":0,"comment_status":"closed","ping_status":"closed","template":"","meta":{"_acf_changed":false,"footnotes":""},"categories":[],"tags":[],"class_list":["post-51782","page","type-page","status-publish","hentry"],"acf":[],"yoast_head":"<!-- This site is optimized with the Yoast SEO Premium plugin v24.6 (Yoast SEO v24.6) - https:\/\/yoast.com\/wordpress\/plugins\/seo\/ -->\n<title>Software de Gesti\u00f3n de Correo Electr\u00f3nico Empresarial | Aplicaci\u00f3n Secure Email<\/title>\n<meta name=\"description\" content=\"Proteja el acceso a correos electr\u00f3nicos comerciales por medio de aplicaciones de correo electr\u00f3nico nativo. Las empresas pueden proporcionar correo electr\u00f3nico, gestionar accesos y borrar correos electr\u00f3nicos desde dispositivos m\u00f3viles remotos.\" \/>\n<meta name=\"robots\" content=\"index, follow, max-snippet:-1, max-image-preview:large, max-video-preview:-1\" \/>\n<link rel=\"canonical\" href=\"http:\/\/www.42gears.com\/es\/correo-electronico-seguro\/\" \/>\n<meta property=\"og:locale\" content=\"es_ES\" \/>\n<meta property=\"og:type\" content=\"article\" \/>\n<meta property=\"og:title\" content=\"Correo electr\u00f3nico seguro\" \/>\n<meta property=\"og:description\" content=\"Proteja el acceso a correos electr\u00f3nicos comerciales por medio de aplicaciones de correo electr\u00f3nico nativo. Las empresas pueden proporcionar correo electr\u00f3nico, gestionar accesos y borrar correos electr\u00f3nicos desde dispositivos m\u00f3viles remotos.\" \/>\n<meta property=\"og:url\" content=\"http:\/\/www.42gears.com\/es\/correo-electronico-seguro\/\" \/>\n<meta property=\"og:site_name\" content=\"42Gears Mobility Systems\" \/>\n<meta property=\"article:publisher\" content=\"https:\/\/www.facebook.com\/42gears\" \/>\n<meta property=\"article:modified_time\" content=\"2020-05-14T12:49:46+00:00\" \/>\n<meta name=\"twitter:card\" content=\"summary_large_image\" \/>\n<meta name=\"twitter:site\" content=\"@42Gears\" \/>\n<script type=\"application\/ld+json\" class=\"yoast-schema-graph\">{\"@context\":\"https:\/\/schema.org\",\"@graph\":[{\"@type\":\"WebPage\",\"@id\":\"http:\/\/www.42gears.com\/es\/correo-electronico-seguro\/\",\"url\":\"http:\/\/www.42gears.com\/es\/correo-electronico-seguro\/\",\"name\":\"Software de Gesti\u00f3n de Correo Electr\u00f3nico Empresarial | Aplicaci\u00f3n Secure Email\",\"isPartOf\":{\"@id\":\"https:\/\/www.42gears.com\/#website\"},\"datePublished\":\"2020-05-14T12:49:37+00:00\",\"dateModified\":\"2020-05-14T12:49:46+00:00\",\"description\":\"Proteja el acceso a correos electr\u00f3nicos comerciales por medio de aplicaciones de correo electr\u00f3nico nativo. Las empresas pueden proporcionar correo electr\u00f3nico, gestionar accesos y borrar correos electr\u00f3nicos desde dispositivos m\u00f3viles remotos.\",\"breadcrumb\":{\"@id\":\"http:\/\/www.42gears.com\/es\/correo-electronico-seguro\/#breadcrumb\"},\"inLanguage\":\"es-ES\",\"potentialAction\":[{\"@type\":\"ReadAction\",\"target\":[\"http:\/\/www.42gears.com\/es\/correo-electronico-seguro\/\"]}]},{\"@type\":\"BreadcrumbList\",\"@id\":\"http:\/\/www.42gears.com\/es\/correo-electronico-seguro\/#breadcrumb\",\"itemListElement\":[{\"@type\":\"ListItem\",\"position\":1,\"name\":\"Home\",\"item\":\"https:\/\/www.42gears.com\/es\/\"},{\"@type\":\"ListItem\",\"position\":2,\"name\":\"Correo electr\u00f3nico seguro\"}]},{\"@type\":\"WebSite\",\"@id\":\"https:\/\/www.42gears.com\/#website\",\"url\":\"https:\/\/www.42gears.com\/\",\"name\":\"42Gears Mobility Systems\",\"description\":\"Mobile Device Management (MDM), Mobile Security &amp; Mobile Device Lockdown\",\"publisher\":{\"@id\":\"https:\/\/www.42gears.com\/#organization\"},\"potentialAction\":[{\"@type\":\"SearchAction\",\"target\":{\"@type\":\"EntryPoint\",\"urlTemplate\":\"https:\/\/www.42gears.com\/?s={search_term_string}\"},\"query-input\":{\"@type\":\"PropertyValueSpecification\",\"valueRequired\":true,\"valueName\":\"search_term_string\"}}],\"inLanguage\":\"es-ES\"},{\"@type\":\"Organization\",\"@id\":\"https:\/\/www.42gears.com\/#organization\",\"name\":\"MDM - 42Gears\",\"url\":\"https:\/\/www.42gears.com\/\",\"logo\":{\"@type\":\"ImageObject\",\"inLanguage\":\"es-ES\",\"@id\":\"https:\/\/www.42gears.com\/#\/schema\/logo\/image\/\",\"url\":\"https:\/\/www.42gears.com\/wp-content\/uploads\/2018\/12\/Featured-Image-42Gears-logo.png\",\"contentUrl\":\"https:\/\/www.42gears.com\/wp-content\/uploads\/2018\/12\/Featured-Image-42Gears-logo.png\",\"width\":499,\"height\":330,\"caption\":\"MDM - 42Gears\"},\"image\":{\"@id\":\"https:\/\/www.42gears.com\/#\/schema\/logo\/image\/\"},\"sameAs\":[\"https:\/\/www.facebook.com\/42gears\",\"https:\/\/x.com\/42Gears\"]}]}<\/script>\n<!-- \/ Yoast SEO Premium plugin. -->","yoast_head_json":{"title":"Software de Gesti\u00f3n de Correo Electr\u00f3nico Empresarial | Aplicaci\u00f3n Secure Email","description":"Proteja el acceso a correos electr\u00f3nicos comerciales por medio de aplicaciones de correo electr\u00f3nico nativo. Las empresas pueden proporcionar correo electr\u00f3nico, gestionar accesos y borrar correos electr\u00f3nicos desde dispositivos m\u00f3viles remotos.","robots":{"index":"index","follow":"follow","max-snippet":"max-snippet:-1","max-image-preview":"max-image-preview:large","max-video-preview":"max-video-preview:-1"},"canonical":"http:\/\/www.42gears.com\/es\/correo-electronico-seguro\/","og_locale":"es_ES","og_type":"article","og_title":"Correo electr\u00f3nico seguro","og_description":"Proteja el acceso a correos electr\u00f3nicos comerciales por medio de aplicaciones de correo electr\u00f3nico nativo. Las empresas pueden proporcionar correo electr\u00f3nico, gestionar accesos y borrar correos electr\u00f3nicos desde dispositivos m\u00f3viles remotos.","og_url":"http:\/\/www.42gears.com\/es\/correo-electronico-seguro\/","og_site_name":"42Gears Mobility Systems","article_publisher":"https:\/\/www.facebook.com\/42gears","article_modified_time":"2020-05-14T12:49:46+00:00","twitter_card":"summary_large_image","twitter_site":"@42Gears","schema":{"@context":"https:\/\/schema.org","@graph":[{"@type":"WebPage","@id":"http:\/\/www.42gears.com\/es\/correo-electronico-seguro\/","url":"http:\/\/www.42gears.com\/es\/correo-electronico-seguro\/","name":"Software de Gesti\u00f3n de Correo Electr\u00f3nico Empresarial | Aplicaci\u00f3n Secure Email","isPartOf":{"@id":"https:\/\/www.42gears.com\/#website"},"datePublished":"2020-05-14T12:49:37+00:00","dateModified":"2020-05-14T12:49:46+00:00","description":"Proteja el acceso a correos electr\u00f3nicos comerciales por medio de aplicaciones de correo electr\u00f3nico nativo. Las empresas pueden proporcionar correo electr\u00f3nico, gestionar accesos y borrar correos electr\u00f3nicos desde dispositivos m\u00f3viles remotos.","breadcrumb":{"@id":"http:\/\/www.42gears.com\/es\/correo-electronico-seguro\/#breadcrumb"},"inLanguage":"es-ES","potentialAction":[{"@type":"ReadAction","target":["http:\/\/www.42gears.com\/es\/correo-electronico-seguro\/"]}]},{"@type":"BreadcrumbList","@id":"http:\/\/www.42gears.com\/es\/correo-electronico-seguro\/#breadcrumb","itemListElement":[{"@type":"ListItem","position":1,"name":"Home","item":"https:\/\/www.42gears.com\/es\/"},{"@type":"ListItem","position":2,"name":"Correo electr\u00f3nico seguro"}]},{"@type":"WebSite","@id":"https:\/\/www.42gears.com\/#website","url":"https:\/\/www.42gears.com\/","name":"42Gears Mobility Systems","description":"Mobile Device Management (MDM), Mobile Security &amp; Mobile Device Lockdown","publisher":{"@id":"https:\/\/www.42gears.com\/#organization"},"potentialAction":[{"@type":"SearchAction","target":{"@type":"EntryPoint","urlTemplate":"https:\/\/www.42gears.com\/?s={search_term_string}"},"query-input":{"@type":"PropertyValueSpecification","valueRequired":true,"valueName":"search_term_string"}}],"inLanguage":"es-ES"},{"@type":"Organization","@id":"https:\/\/www.42gears.com\/#organization","name":"MDM - 42Gears","url":"https:\/\/www.42gears.com\/","logo":{"@type":"ImageObject","inLanguage":"es-ES","@id":"https:\/\/www.42gears.com\/#\/schema\/logo\/image\/","url":"https:\/\/www.42gears.com\/wp-content\/uploads\/2018\/12\/Featured-Image-42Gears-logo.png","contentUrl":"https:\/\/www.42gears.com\/wp-content\/uploads\/2018\/12\/Featured-Image-42Gears-logo.png","width":499,"height":330,"caption":"MDM - 42Gears"},"image":{"@id":"https:\/\/www.42gears.com\/#\/schema\/logo\/image\/"},"sameAs":["https:\/\/www.facebook.com\/42gears","https:\/\/x.com\/42Gears"]}]}},"_links":{"self":[{"href":"https:\/\/www.42gears.com\/es\/wp-json\/wp\/v2\/pages\/51782","targetHints":{"allow":["GET"]}}],"collection":[{"href":"https:\/\/www.42gears.com\/es\/wp-json\/wp\/v2\/pages"}],"about":[{"href":"https:\/\/www.42gears.com\/es\/wp-json\/wp\/v2\/types\/page"}],"author":[{"embeddable":true,"href":"https:\/\/www.42gears.com\/es\/wp-json\/wp\/v2\/users\/7"}],"replies":[{"embeddable":true,"href":"https:\/\/www.42gears.com\/es\/wp-json\/wp\/v2\/comments?post=51782"}],"version-history":[{"count":1,"href":"https:\/\/www.42gears.com\/es\/wp-json\/wp\/v2\/pages\/51782\/revisions"}],"predecessor-version":[{"id":51783,"href":"https:\/\/www.42gears.com\/es\/wp-json\/wp\/v2\/pages\/51782\/revisions\/51783"}],"wp:attachment":[{"href":"https:\/\/www.42gears.com\/es\/wp-json\/wp\/v2\/media?parent=51782"}],"wp:term":[{"taxonomy":"category","embeddable":true,"href":"https:\/\/www.42gears.com\/es\/wp-json\/wp\/v2\/categories?post=51782"},{"taxonomy":"post_tag","embeddable":true,"href":"https:\/\/www.42gears.com\/es\/wp-json\/wp\/v2\/tags?post=51782"}],"curies":[{"name":"wp","href":"https:\/\/api.w.org\/{rel}","templated":true}]}}