{"id":51589,"date":"2020-05-11T06:48:28","date_gmt":"2020-05-11T06:48:28","guid":{"rendered":"https:\/\/www.42gears.com\/solucion-para-la-defensa-contra-amenazas-moviles\/"},"modified":"2020-05-11T06:48:41","modified_gmt":"2020-05-11T06:48:41","slug":"solucion-para-la-defensa-contra-amenazas-moviles","status":"publish","type":"page","link":"https:\/\/www.42gears.com\/es\/solucion-para-la-defensa-contra-amenazas-moviles\/","title":{"rendered":"Soluci\u00f3n para la defensa contra amenazas m\u00f3viles"},"content":{"rendered":"","protected":false},"excerpt":{"rendered":"","protected":false},"author":7,"featured_media":0,"parent":0,"menu_order":0,"comment_status":"closed","ping_status":"closed","template":"","meta":{"_acf_changed":false,"footnotes":""},"categories":[],"tags":[],"class_list":["post-51589","page","type-page","status-publish","hentry"],"acf":[],"yoast_head":"<!-- This site is optimized with the Yoast SEO Premium plugin v24.6 (Yoast SEO v24.6) - https:\/\/yoast.com\/wordpress\/plugins\/seo\/ -->\n<title>Gesti\u00f3n MTD | Defensa contra Amenazas M\u00f3viles | Gesti\u00f3n de Amenazas | UEM de 42Gears<\/title>\n<meta name=\"description\" content=\"42Gears se ha asociados con Pradeo para ofrecer la soluci\u00f3n de Defensa contra amenazas m\u00f3viles (MTD, Mobile Threat Defense) para la detecci\u00f3n y reparaci\u00f3n de amenazas m\u00f3viles utilizando el paquete de UEM de 42Gears.\" \/>\n<meta name=\"robots\" content=\"index, follow, max-snippet:-1, max-image-preview:large, max-video-preview:-1\" \/>\n<link rel=\"canonical\" href=\"https:\/\/www.42gears.com\/es\/solucion-para-la-defensa-contra-amenazas-moviles\/\" \/>\n<meta property=\"og:locale\" content=\"es_ES\" \/>\n<meta property=\"og:type\" content=\"article\" \/>\n<meta property=\"og:title\" content=\"Soluci\u00f3n para la defensa contra amenazas m\u00f3viles\" \/>\n<meta property=\"og:description\" content=\"42Gears se ha asociados con Pradeo para ofrecer la soluci\u00f3n de Defensa contra amenazas m\u00f3viles (MTD, Mobile Threat Defense) para la detecci\u00f3n y reparaci\u00f3n de amenazas m\u00f3viles utilizando el paquete de UEM de 42Gears.\" \/>\n<meta property=\"og:url\" content=\"https:\/\/www.42gears.com\/es\/solucion-para-la-defensa-contra-amenazas-moviles\/\" \/>\n<meta property=\"og:site_name\" content=\"42Gears Mobility Systems\" \/>\n<meta property=\"article:publisher\" content=\"https:\/\/www.facebook.com\/42gears\" \/>\n<meta property=\"article:modified_time\" content=\"2020-05-11T06:48:41+00:00\" \/>\n<meta name=\"twitter:card\" content=\"summary_large_image\" \/>\n<meta name=\"twitter:site\" content=\"@42Gears\" \/>\n<script type=\"application\/ld+json\" class=\"yoast-schema-graph\">{\"@context\":\"https:\/\/schema.org\",\"@graph\":[{\"@type\":\"WebPage\",\"@id\":\"https:\/\/www.42gears.com\/es\/solucion-para-la-defensa-contra-amenazas-moviles\/\",\"url\":\"https:\/\/www.42gears.com\/es\/solucion-para-la-defensa-contra-amenazas-moviles\/\",\"name\":\"Gesti\u00f3n MTD | Defensa contra Amenazas M\u00f3viles | Gesti\u00f3n de Amenazas | UEM de 42Gears\",\"isPartOf\":{\"@id\":\"https:\/\/www.42gears.com\/#website\"},\"datePublished\":\"2020-05-11T06:48:28+00:00\",\"dateModified\":\"2020-05-11T06:48:41+00:00\",\"description\":\"42Gears se ha asociados con Pradeo para ofrecer la soluci\u00f3n de Defensa contra amenazas m\u00f3viles (MTD, Mobile Threat Defense) para la detecci\u00f3n y reparaci\u00f3n de amenazas m\u00f3viles utilizando el paquete de UEM de 42Gears.\",\"breadcrumb\":{\"@id\":\"https:\/\/www.42gears.com\/es\/solucion-para-la-defensa-contra-amenazas-moviles\/#breadcrumb\"},\"inLanguage\":\"es-ES\",\"potentialAction\":[{\"@type\":\"ReadAction\",\"target\":[\"https:\/\/www.42gears.com\/es\/solucion-para-la-defensa-contra-amenazas-moviles\/\"]}]},{\"@type\":\"BreadcrumbList\",\"@id\":\"https:\/\/www.42gears.com\/es\/solucion-para-la-defensa-contra-amenazas-moviles\/#breadcrumb\",\"itemListElement\":[{\"@type\":\"ListItem\",\"position\":1,\"name\":\"Home\",\"item\":\"https:\/\/www.42gears.com\/es\/\"},{\"@type\":\"ListItem\",\"position\":2,\"name\":\"Soluci\u00f3n para la defensa contra amenazas m\u00f3viles\"}]},{\"@type\":\"WebSite\",\"@id\":\"https:\/\/www.42gears.com\/#website\",\"url\":\"https:\/\/www.42gears.com\/\",\"name\":\"42Gears Mobility Systems\",\"description\":\"Mobile Device Management (MDM), Mobile Security &amp; Mobile Device Lockdown\",\"publisher\":{\"@id\":\"https:\/\/www.42gears.com\/#organization\"},\"potentialAction\":[{\"@type\":\"SearchAction\",\"target\":{\"@type\":\"EntryPoint\",\"urlTemplate\":\"https:\/\/www.42gears.com\/?s={search_term_string}\"},\"query-input\":{\"@type\":\"PropertyValueSpecification\",\"valueRequired\":true,\"valueName\":\"search_term_string\"}}],\"inLanguage\":\"es-ES\"},{\"@type\":\"Organization\",\"@id\":\"https:\/\/www.42gears.com\/#organization\",\"name\":\"MDM - 42Gears\",\"url\":\"https:\/\/www.42gears.com\/\",\"logo\":{\"@type\":\"ImageObject\",\"inLanguage\":\"es-ES\",\"@id\":\"https:\/\/www.42gears.com\/#\/schema\/logo\/image\/\",\"url\":\"https:\/\/www.42gears.com\/wp-content\/uploads\/2018\/12\/Featured-Image-42Gears-logo.png\",\"contentUrl\":\"https:\/\/www.42gears.com\/wp-content\/uploads\/2018\/12\/Featured-Image-42Gears-logo.png\",\"width\":499,\"height\":330,\"caption\":\"MDM - 42Gears\"},\"image\":{\"@id\":\"https:\/\/www.42gears.com\/#\/schema\/logo\/image\/\"},\"sameAs\":[\"https:\/\/www.facebook.com\/42gears\",\"https:\/\/x.com\/42Gears\"]}]}<\/script>\n<!-- \/ Yoast SEO Premium plugin. -->","yoast_head_json":{"title":"Gesti\u00f3n MTD | Defensa contra Amenazas M\u00f3viles | Gesti\u00f3n de Amenazas | UEM de 42Gears","description":"42Gears se ha asociados con Pradeo para ofrecer la soluci\u00f3n de Defensa contra amenazas m\u00f3viles (MTD, Mobile Threat Defense) para la detecci\u00f3n y reparaci\u00f3n de amenazas m\u00f3viles utilizando el paquete de UEM de 42Gears.","robots":{"index":"index","follow":"follow","max-snippet":"max-snippet:-1","max-image-preview":"max-image-preview:large","max-video-preview":"max-video-preview:-1"},"canonical":"https:\/\/www.42gears.com\/es\/solucion-para-la-defensa-contra-amenazas-moviles\/","og_locale":"es_ES","og_type":"article","og_title":"Soluci\u00f3n para la defensa contra amenazas m\u00f3viles","og_description":"42Gears se ha asociados con Pradeo para ofrecer la soluci\u00f3n de Defensa contra amenazas m\u00f3viles (MTD, Mobile Threat Defense) para la detecci\u00f3n y reparaci\u00f3n de amenazas m\u00f3viles utilizando el paquete de UEM de 42Gears.","og_url":"https:\/\/www.42gears.com\/es\/solucion-para-la-defensa-contra-amenazas-moviles\/","og_site_name":"42Gears Mobility Systems","article_publisher":"https:\/\/www.facebook.com\/42gears","article_modified_time":"2020-05-11T06:48:41+00:00","twitter_card":"summary_large_image","twitter_site":"@42Gears","schema":{"@context":"https:\/\/schema.org","@graph":[{"@type":"WebPage","@id":"https:\/\/www.42gears.com\/es\/solucion-para-la-defensa-contra-amenazas-moviles\/","url":"https:\/\/www.42gears.com\/es\/solucion-para-la-defensa-contra-amenazas-moviles\/","name":"Gesti\u00f3n MTD | Defensa contra Amenazas M\u00f3viles | Gesti\u00f3n de Amenazas | UEM de 42Gears","isPartOf":{"@id":"https:\/\/www.42gears.com\/#website"},"datePublished":"2020-05-11T06:48:28+00:00","dateModified":"2020-05-11T06:48:41+00:00","description":"42Gears se ha asociados con Pradeo para ofrecer la soluci\u00f3n de Defensa contra amenazas m\u00f3viles (MTD, Mobile Threat Defense) para la detecci\u00f3n y reparaci\u00f3n de amenazas m\u00f3viles utilizando el paquete de UEM de 42Gears.","breadcrumb":{"@id":"https:\/\/www.42gears.com\/es\/solucion-para-la-defensa-contra-amenazas-moviles\/#breadcrumb"},"inLanguage":"es-ES","potentialAction":[{"@type":"ReadAction","target":["https:\/\/www.42gears.com\/es\/solucion-para-la-defensa-contra-amenazas-moviles\/"]}]},{"@type":"BreadcrumbList","@id":"https:\/\/www.42gears.com\/es\/solucion-para-la-defensa-contra-amenazas-moviles\/#breadcrumb","itemListElement":[{"@type":"ListItem","position":1,"name":"Home","item":"https:\/\/www.42gears.com\/es\/"},{"@type":"ListItem","position":2,"name":"Soluci\u00f3n para la defensa contra amenazas m\u00f3viles"}]},{"@type":"WebSite","@id":"https:\/\/www.42gears.com\/#website","url":"https:\/\/www.42gears.com\/","name":"42Gears Mobility Systems","description":"Mobile Device Management (MDM), Mobile Security &amp; Mobile Device Lockdown","publisher":{"@id":"https:\/\/www.42gears.com\/#organization"},"potentialAction":[{"@type":"SearchAction","target":{"@type":"EntryPoint","urlTemplate":"https:\/\/www.42gears.com\/?s={search_term_string}"},"query-input":{"@type":"PropertyValueSpecification","valueRequired":true,"valueName":"search_term_string"}}],"inLanguage":"es-ES"},{"@type":"Organization","@id":"https:\/\/www.42gears.com\/#organization","name":"MDM - 42Gears","url":"https:\/\/www.42gears.com\/","logo":{"@type":"ImageObject","inLanguage":"es-ES","@id":"https:\/\/www.42gears.com\/#\/schema\/logo\/image\/","url":"https:\/\/www.42gears.com\/wp-content\/uploads\/2018\/12\/Featured-Image-42Gears-logo.png","contentUrl":"https:\/\/www.42gears.com\/wp-content\/uploads\/2018\/12\/Featured-Image-42Gears-logo.png","width":499,"height":330,"caption":"MDM - 42Gears"},"image":{"@id":"https:\/\/www.42gears.com\/#\/schema\/logo\/image\/"},"sameAs":["https:\/\/www.facebook.com\/42gears","https:\/\/x.com\/42Gears"]}]}},"_links":{"self":[{"href":"https:\/\/www.42gears.com\/es\/wp-json\/wp\/v2\/pages\/51589","targetHints":{"allow":["GET"]}}],"collection":[{"href":"https:\/\/www.42gears.com\/es\/wp-json\/wp\/v2\/pages"}],"about":[{"href":"https:\/\/www.42gears.com\/es\/wp-json\/wp\/v2\/types\/page"}],"author":[{"embeddable":true,"href":"https:\/\/www.42gears.com\/es\/wp-json\/wp\/v2\/users\/7"}],"replies":[{"embeddable":true,"href":"https:\/\/www.42gears.com\/es\/wp-json\/wp\/v2\/comments?post=51589"}],"version-history":[{"count":1,"href":"https:\/\/www.42gears.com\/es\/wp-json\/wp\/v2\/pages\/51589\/revisions"}],"predecessor-version":[{"id":51590,"href":"https:\/\/www.42gears.com\/es\/wp-json\/wp\/v2\/pages\/51589\/revisions\/51590"}],"wp:attachment":[{"href":"https:\/\/www.42gears.com\/es\/wp-json\/wp\/v2\/media?parent=51589"}],"wp:term":[{"taxonomy":"category","embeddable":true,"href":"https:\/\/www.42gears.com\/es\/wp-json\/wp\/v2\/categories?post=51589"},{"taxonomy":"post_tag","embeddable":true,"href":"https:\/\/www.42gears.com\/es\/wp-json\/wp\/v2\/tags?post=51589"}],"curies":[{"name":"wp","href":"https:\/\/api.w.org\/{rel}","templated":true}]}}