{"id":51492,"date":"2020-02-06T09:52:14","date_gmt":"2020-02-06T09:52:14","guid":{"rendered":"https:\/\/www.42gears.com\/astrocontacts\/"},"modified":"2025-02-13T06:15:57","modified_gmt":"2025-02-13T06:15:57","slug":"astrocontacts","status":"publish","type":"page","link":"https:\/\/www.42gears.com\/es\/astrocontacts\/","title":{"rendered":"AstroContacts"},"content":{"rendered":"\n\n\t<h1>AstroContacts<\/h1>\n<!--\nShared Contacts for Teams\n-->\nSEGURO | CON BASE EN LA NUBE | NO REQUIERE INSTALACI\u00d3N\n<a><img decoding=\"async\" src=\"https:\/\/www.42gears.com\/wp-content\/uploads\/2020\/01\/android.png\" alt=\"android\" \/><\/a><a><img decoding=\"async\" src=\"https:\/\/www.42gears.com\/wp-content\/uploads\/2020\/01\/apple.png\" alt=\"ios\" \/><\/a>\n\t<!-- <a href=\"https:\/\/suremdm.42gears.com\/console\/?registration=true\">Sign up for Free Trial<\/a> -->\n<a targe\"_blank\" href=\"https:\/\/astroportal.42gears.com\/#\/auth\/register\">Inicie sesi\u00f3n gratis<\/a>\n<ahref=\"\/?page_id=16593&#038;pname=2\" target=\"_blank\">Programe una Demo\n<!-- <a href=\"\/?page_id=16593\">Contact Sales Team<\/a> -->\n\t\t\t\t<img decoding=\"async\" src=\"https:\/\/www.42gears.com\/wp-content\/uploads\/2020\/04\/astro-mobile-white.png\" alt=\"AstroContact Banner\" itemprop=\"image\" height=\"2208\" width=\"3000\" title=\"AstroContact Banner\" onerror=\"this.style.display='none'\"  \/>\n\t<h3>Descripci\u00f3n general<\/h3>\n<p>La productividad de un equipo depende de qu\u00e9 tan f\u00e1cil y r\u00e1pido los miembros del equipo puedan encontrarse y contactarse entre s\u00ed. Esto se est\u00e1 transformando en un enorme desaf\u00edo puesto que las fuerzas laborales est\u00e1n pas\u00e1ndose cada vez m\u00e1s a la modalidad m\u00f3vil. <strong>AstroContacts<\/strong> de 42Gears es una herramienta de Gesti\u00f3n de contactos empresariales que permite compartir contactos entre miembros del equipo en dispositivos m\u00f3viles sin error. Un usuario puede buscar un contacto r\u00e1pidamente, para luego llamar, enviar un correo electr\u00f3nico o mensaje de texto con tan solo tocar en dicho contacto.<\/p>\n\t<h2>Funciones<\/h2>\n\t\t\t\t<img decoding=\"async\" src=\"https:\/\/www.42gears.com\/wp-content\/uploads\/2020\/02\/AstroContacts-Centralized-Contact.png\" alt=\"AstroContacts - Centralized Contact\" itemprop=\"image\" height=\"328\" width=\"328\" title=\"AstroContacts - Centralized Contact\" onerror=\"this.style.display='none'\"  \/>\n\t<p>Gesti\u00f3n centralizada de contactos<\/p>\n<p>Acceso a contactos dentro de un equipo u organizaci\u00f3n en su dispositivo iOS o Android.<\/p>\n\t\t\t\t<img decoding=\"async\" src=\"https:\/\/www.42gears.com\/wp-content\/uploads\/2020\/02\/AstroContacts-Control.png\" alt=\"AstroContacts - Control\" itemprop=\"image\" height=\"328\" width=\"328\" title=\"AstroContacts - Control\" onerror=\"this.style.display='none'\"  \/>\n\t<p>Control de TI<\/p>\n<p>Directorio de contactos totalmente controlado por la empresa.<\/p>\n\t\t\t\t<img decoding=\"async\" src=\"https:\/\/www.42gears.com\/wp-content\/uploads\/2020\/02\/AstroContacts-Self-Service.png\" alt=\"AstroContacts - Self Service\" itemprop=\"image\" height=\"328\" width=\"328\" title=\"AstroContacts - Self Service\" onerror=\"this.style.display='none'\"  \/>\n\t<p>Autoservicio<\/p>\n<p>El empleado puede acceder a contactos y modificarlos con base en el control de acceso.<\/p>\n\t\t\t\t<img decoding=\"async\" src=\"https:\/\/www.42gears.com\/wp-content\/uploads\/2020\/02\/AstroContacts-Integrate.png\" alt=\"AstroContacts - Integrate\" itemprop=\"image\" height=\"328\" width=\"328\" title=\"AstroContacts - Integrate\" onerror=\"this.style.display='none'\"  \/>\n\tSe integra con las plataformas existentes<br \/>\nLance directamente las aplicaciones de tel\u00e9fono, mensajer\u00eda de texto, Skype, WhatsApp para comunicarse.\n\t\t\t\t<img decoding=\"async\" src=\"https:\/\/www.42gears.com\/wp-content\/uploads\/2020\/02\/AstroContacts-Setup.png\" alt=\"AstroContacts - Setup\" itemprop=\"image\" height=\"328\" width=\"328\" title=\"AstroContacts - Setup\" onerror=\"this.style.display='none'\"  \/>\n\t<p>Instalaci\u00f3n inicial simple<\/p>\n<p>Disponible en App Store, Google Play. F\u00e1cil de instalar.<\/p>\n\t\t\t\t<img decoding=\"async\" src=\"https:\/\/www.42gears.com\/wp-content\/uploads\/2020\/02\/AstroContacts-Alerts.png\" alt=\"AstroContacts - Alerts\" itemprop=\"image\" height=\"328\" width=\"328\" title=\"AstroContacts - Alerts\" onerror=\"this.style.display='none'\"  \/>\n\t<p>Alertas y recordatorios de eventos<\/p>\n<p>Panel de control simple para que los empleados vean las alertas y los recordatorios de eventos, etc.<\/p>\n\t<h3>Precios<\/h3>\n\t<style> \/* simple flat #51834 *\/#ptp-51834{border-color:#ddd;padding:0;margin-left:0;margin-right:0}#ptp-51834 div.ptp-item-container{border-radius:0}#ptp-51834 div.ptp-item-container div{margin:0}#ptp-51834 .ptp-highlight div.ptp-item-container{border-color:#ddd}#ptp-51834 div.ptp-plan{border-top-right-radius:0;border-top-left-radius:0;font-size:1em;border-color:#ddd;background-color:#ddd;color:#333;padding:.9375em 1.25em}#ptp-51834 div.ptp-plan .has-tip{border-bottom:dotted 1px #333;color:#333}#ptp-51834 .ptp-highlight div.ptp-plan{border-color:#ddd;background-color:#ddd;color:#333}#ptp-51834 .ptp-highlight div.ptp-plan .has-tip{border-bottom:dotted 1px #333;color:#333}#ptp-51834 div.ptp-price{font-size:1.25em;background-color:#eee;color:#333;padding:.9375em 1.25em}#ptp-51834 div.ptp-price .has-tip{border-bottom:dotted 1px #333;color:#333}#ptp-51834 .ptp-highlight div.ptp-price{background-color:#eee;color:#333}#ptp-51834 .ptp-highlight div.ptp-price .has-tip{border-bottom:dotted 1px #333;color:#333}#ptp-51834 div.ptp-cta{border-bottom-right-radius:0;border-bottom-left-radius:0;background-color:#eee;padding-top:1.25em;padding-bottom:1.25em}#ptp-51834 .ptp-highlight div.ptp-cta{background-color:#eee}#ptp-51834 a.ptp-button{border-radius:0;font-size:1em;color:#fff;background-color:#3498db;border-bottom:#2980b9 4px solid;margin:0}#ptp-51834 a.ptp-button .has-tip,#ptp-51834 a.ptp-button:hover .has-tip{border-bottom:dotted 1px #fff;color:#fff}#ptp-51834 a.ptp-button:hover{background-color:#2980b9}#ptp-51834 div.ptp-bullet-item{color:#333;background-color:#fff;font-size:.875em;border-color:#ddd;padding:.9375em .5em .9375em .5em}#ptp-51834 .ptp-highlight .ptp-bullet-item{color:#333;border-color:#ddd;background-color:#fff}#ptp-51834 .ptp-highlight a.ptp-button{color:#fff;background-color:#e74c3c;border-bottom:#c0392b 4px solid}#ptp-51834 .ptp-highlight a.ptp-button:hover{background-color:#c0392b}#ptp-51834 .ptp-highlight a.ptp-button .has-tip{border-bottom:dotted 1px #fff;color:#fff}#ptp-51834 div.ptp-most-popular{border-radius:0;font-size:.9em;background-color:#7f8c8d;color:#fff;border:1px solid #7f8c8d}\/* end of simple flat #51834 *\/<\/style>        <script type=\"text\/javascript\">\n         jQuery(document).ready(function($) {\n            jQuery.call_match_height_51834 = function call_match_height_design1(ptp_id) {\n                                $( ptp_id+' .ptp-plan' ).matchHeight(false); \n                                $( ptp_id+' .ptp-cta' ).matchHeight(false); \n                                $( ptp_id+' .ptp-price' ).matchHeight(false);\n                                $( ptp_id+' .ptp-button' ).matchHeight(false);\n\n                                $( ptp_id+' .ptp-bullet-item' ).each(function( index ){\n                                    $( ptp_id+' .ptp-row-id-'+index ).matchHeight(false);\n             \n                                });  \n                         }\n            var ptp_id = '#ptp-'+51834 ;\n            $.call_match_height_51834 ( ptp_id );              \n         });\n      <\/script>\n      \n        <div id=\"ptp-51834\" class=\"ptp-pricing-table\" ><div class=\"ptp-col ptp-two-col  ptp-col-id-0 dh-ptp-col-id-0\"><div class=\"ptp-not-most-popular\">&nbsp;<\/div><div class=\"ptp-item-container\"><div class=\"ptp-plan\">Plan gratis<\/div><div class=\"ptp-price\">$0<\/div><div class=\"ptp-bullet-item ptp-row-id-0\">42 contactos\r<\/div><div class=\"ptp-bullet-item ptp-row-id-1\">5 dispositivos<\/div><div class=\"ptp-bullet-item ptp-row-id-2 tt-ptp-empty-row \">&nbsp;<\/div><div class=\"ptp-cta\"><a class=\"ptp-button ptp-checkout-button\" id=\"ptp-51834-cta-0\"  href=\"https:\/\/astroportal.42gears.com\/#\/auth\/register\"  >Agregar a la Cesta<\/a><\/div><\/div><\/div><div class=\"ptp-col ptp-two-col  ptp-col-id-1 dh-ptp-col-id-1\"><div class=\"ptp-not-most-popular\">&nbsp;<\/div><div class=\"ptp-item-container\"><div class=\"ptp-plan\">Plan Galaxy<\/div><div class=\"ptp-price\">$1.99 por dispositivo\/mes<\/div><div class=\"ptp-bullet-item ptp-row-id-0\">2000 contactos\r<\/div><div class=\"ptp-bullet-item ptp-row-id-1\">1000 dispositivos\r<\/div><div class=\"ptp-bullet-item ptp-row-id-2\">10 Administradores adicionales<\/div><div class=\"ptp-cta\"><a class=\"ptp-button ptp-checkout-button\" id=\"ptp-51834-cta-1\"  href=\"https:\/\/astroportal.42gears.com\/#\/auth\/register\"  >Agregar a la Cesta<\/a><\/div><\/div><\/div><\/div>\n\u00bfNecesita un plan a medida para su organizaci\u00f3n? Por favor, <a href=\"mailto:sales@astrocontacts.com?subject=Custom Plan\">cont\u00e1ctenos.<\/a>\n\t<h2>Preguntas comunes<\/h2>\n\t\t\t<a href=\"#\" id=\"fl-accordion--label-0\" tabindex=\"0\" aria-controls=\"fl-accordion--panel-0\">\u00bfC\u00f3mo puedo crear la cuenta de mi organizaci\u00f3n con AstroContacts?<\/a>\n\t\t\t\t\t\t\t<a href=\"#\" id=\"fl-accordion--icon-0\" tabindex=\"0\" aria-controls=\"fl-accordion--panel-0\"><i>Expand<\/i><\/a>\n\t\t<p>Puede iniciar sesi\u00f3n en el portal web de AstroContacts. Por defecto, obtiene privilegios administrativos y puede comenzar a crear la cuenta de su empresa. Como administrador, puede crear y administrar usuarios y adem\u00e1s otorgarles el acceso requerido al sistema.<\/p>\n\t\t\t<a href=\"#\" id=\"fl-accordion--label-0\" tabindex=\"0\" aria-controls=\"fl-accordion--panel-0\">\u00bfPuedo usar la aplicaci\u00f3n m\u00f3vil para crear una cuenta de la organizaci\u00f3n?<\/a>\n\t\t\t\t\t\t\t<a href=\"#\" id=\"fl-accordion--icon-0\" tabindex=\"0\" aria-controls=\"fl-accordion--panel-0\"><i>Expand<\/i><\/a>\n\t\t<p>Esta funci\u00f3n est\u00e1 planificada para el futuro. Mant\u00e9ngase en contacto con nosotros para obtener m\u00e1s actualizaciones.<\/p>\n\t\t\t<a href=\"#\" id=\"fl-accordion--label-0\" tabindex=\"0\" aria-controls=\"fl-accordion--panel-0\">Cada vez que inicio sesi\u00f3n, aparece el siguiente mensaje: &#8220;Su solicitud de inicio de sesi\u00f3n est\u00e1 pendiente de aprobaci\u00f3n del administrador, contacte a su administrador&#8221;. \u00bfQu\u00e9 significa esto?<\/a>\n\t\t\t\t\t\t\t<a href=\"#\" id=\"fl-accordion--icon-0\" tabindex=\"0\" aria-controls=\"fl-accordion--panel-0\"><i>Expand<\/i><\/a>\n\t\t<p>Cuando un usuario inicia sesi\u00f3n a trav\u00e9s de la aplicaci\u00f3n m\u00f3vil, \u00e9l\/ella deben ingresar su id de correo electr\u00f3nico de administrador. Una vez que se haya completado el inicio de sesi\u00f3n desde la aplicaci\u00f3n m\u00f3vil, se env\u00eda una solicitud al administrador de la cuenta para su aprobaci\u00f3n. En ese momento, el usuario recibe el mensaje anterior. Se sugiere contactar al administrador de la cuenta para la aprobaci\u00f3n requerida.<\/p>\n\t\t\t<a href=\"#\" id=\"fl-accordion--label-0\" tabindex=\"0\" aria-controls=\"fl-accordion--panel-0\">\u00bfC\u00f3mo puedo editar contactos en la aplicaci\u00f3n m\u00f3vil?<\/a>\n\t\t\t\t\t\t\t<a href=\"#\" id=\"fl-accordion--icon-0\" tabindex=\"0\" aria-controls=\"fl-accordion--panel-0\"><i>Expand<\/i><\/a>\n\t\t<p>Un usuario que inici\u00f3 sesi\u00f3n, que debe adem\u00e1s ser el propietario de un contacto de negocio, puede editarlo en la aplicaci\u00f3n m\u00f3vil. Un usuario est\u00e1ndar no puede editar contactos internos o de negocio que no sean de su propiedad.<\/p>\n\t\t\t<a href=\"#\" id=\"fl-accordion--label-0\" tabindex=\"0\" aria-controls=\"fl-accordion--panel-0\">\u00bfCu\u00e1l es el nivel de acceso? \u00bfC\u00f3mo impacta en la accesibilidad a los contactos?<\/a>\n\t\t\t\t\t\t\t<a href=\"#\" id=\"fl-accordion--icon-0\" tabindex=\"0\" aria-controls=\"fl-accordion--panel-0\"><i>Expand<\/i><\/a>\n\t\t<p>Hay 3 tipos de niveles de acceso para los contactos: P\u00fablico, Equipo y Privado. Los contactos P\u00fablicos pueden ser vistos en toda la organizaci\u00f3n. Por otro lado, los contactos de Equipo pueden solamente ser vistos por los miembros del equipo designados. Los contactos Privados pueden ser solamente vistos por el usuario que es el propietario o los crea.<\/p>\n\t\t\t<a href=\"#\" id=\"fl-accordion--label-0\" tabindex=\"0\" aria-controls=\"fl-accordion--panel-0\">\u00bfPuedo agregar mis contactos personales en AstroContacts?<\/a>\n\t\t\t\t\t\t\t<a href=\"#\" id=\"fl-accordion--icon-0\" tabindex=\"0\" aria-controls=\"fl-accordion--panel-0\"><i>Expand<\/i><\/a>\n\t\t<p>Esta funci\u00f3n est\u00e1 planificada para el futuro. Mant\u00e9ngase en contacto con nosotros para obtener m\u00e1s actualizaciones.<\/p>\n\t<h3>Recursos<\/h3>\n\t <center><a target=\"_blank\" href=\"https:\/\/docs.42gears.com\/AstroContactsv2\/Introduction\/\" rel=\"noopener\"><img decoding=\"async\" src=\"https:\/\/www.42gears.com\/wp-content\/uploads\/2018\/03\/start.png\" alt=\"Get Started\"\/><\/a><\/center>\n  <center><p><a target=\"_blank\" href=\"https:\/\/astrocontacts.42gears.com\/documentation\/online-documentation\/Introduction.html\" rel=\"noopener\">Manos a la obra<\/a><\/p><\/center>\n\n","protected":false},"excerpt":{"rendered":"<p>AstroContacts SEGURO | CON BASE EN LA NUBE | NO REQUIERE INSTALACI\u00d3N Inicie sesi\u00f3n gratis Programe una Demo Descripci\u00f3n general La productividad de un equipo depende de qu\u00e9 tan f\u00e1cil y r\u00e1pido los miembros del equipo puedan encontrarse y contactarse entre s\u00ed. Esto se est\u00e1 transformando en un enorme desaf\u00edo puesto que las fuerzas laborales&hellip;<\/p>\n","protected":false},"author":7,"featured_media":0,"parent":0,"menu_order":77,"comment_status":"closed","ping_status":"closed","template":"","meta":{"_acf_changed":false,"footnotes":""},"categories":[],"tags":[],"class_list":["post-51492","page","type-page","status-publish","hentry"],"acf":[],"yoast_head":"<!-- This site is optimized with the Yoast SEO Premium plugin v24.6 (Yoast SEO v24.6) - https:\/\/yoast.com\/wordpress\/plugins\/seo\/ -->\n<title>AstroContacts | Gesti\u00f3n de Contactos Empresariales | UEM de 42Gears<\/title>\n<meta name=\"description\" content=\"AstroContacts de 42Gears es una herramienta de Gesti\u00f3n de Contactos Empresariales que le permite compartir contactos entre miembros del equipo m\u00f3vil sin error.\" \/>\n<meta name=\"robots\" content=\"index, follow, max-snippet:-1, max-image-preview:large, max-video-preview:-1\" \/>\n<link rel=\"canonical\" href=\"https:\/\/www.42gears.com\/es\/astrocontacts\/\" \/>\n<meta property=\"og:locale\" content=\"es_ES\" \/>\n<meta property=\"og:type\" content=\"article\" \/>\n<meta property=\"og:title\" content=\"AstroContacts\" \/>\n<meta property=\"og:description\" content=\"AstroContacts de 42Gears es una herramienta de Gesti\u00f3n de Contactos Empresariales que le permite compartir contactos entre miembros del equipo m\u00f3vil sin error.\" \/>\n<meta property=\"og:url\" content=\"https:\/\/www.42gears.com\/es\/astrocontacts\/\" \/>\n<meta property=\"og:site_name\" content=\"42Gears Mobility Systems\" \/>\n<meta property=\"article:publisher\" content=\"https:\/\/www.facebook.com\/42gears\" \/>\n<meta property=\"article:modified_time\" content=\"2025-02-13T06:15:57+00:00\" \/>\n<meta property=\"og:image\" content=\"https:\/\/www.42gears.com\/wp-content\/uploads\/2020\/01\/android.png\" \/>\n<meta name=\"twitter:card\" content=\"summary_large_image\" \/>\n<meta name=\"twitter:site\" content=\"@42Gears\" \/>\n<meta name=\"twitter:label1\" content=\"Est. reading time\" \/>\n\t<meta name=\"twitter:data1\" content=\"3 minutes\" \/>\n<script type=\"application\/ld+json\" class=\"yoast-schema-graph\">{\"@context\":\"https:\/\/schema.org\",\"@graph\":[{\"@type\":\"WebPage\",\"@id\":\"https:\/\/www.42gears.com\/es\/astrocontacts\/\",\"url\":\"https:\/\/www.42gears.com\/es\/astrocontacts\/\",\"name\":\"AstroContacts | Gesti\u00f3n de Contactos Empresariales | UEM de 42Gears\",\"isPartOf\":{\"@id\":\"https:\/\/www.42gears.com\/#website\"},\"primaryImageOfPage\":{\"@id\":\"https:\/\/www.42gears.com\/es\/astrocontacts\/#primaryimage\"},\"image\":{\"@id\":\"https:\/\/www.42gears.com\/es\/astrocontacts\/#primaryimage\"},\"thumbnailUrl\":\"https:\/\/www.42gears.com\/wp-content\/uploads\/2020\/01\/android.png\",\"datePublished\":\"2020-02-06T09:52:14+00:00\",\"dateModified\":\"2025-02-13T06:15:57+00:00\",\"description\":\"AstroContacts de 42Gears es una herramienta de Gesti\u00f3n de Contactos Empresariales que le permite compartir contactos entre miembros del equipo m\u00f3vil sin error.\",\"breadcrumb\":{\"@id\":\"https:\/\/www.42gears.com\/es\/astrocontacts\/#breadcrumb\"},\"inLanguage\":\"es-ES\",\"potentialAction\":[{\"@type\":\"ReadAction\",\"target\":[\"https:\/\/www.42gears.com\/es\/astrocontacts\/\"]}]},{\"@type\":\"ImageObject\",\"inLanguage\":\"es-ES\",\"@id\":\"https:\/\/www.42gears.com\/es\/astrocontacts\/#primaryimage\",\"url\":\"https:\/\/www.42gears.com\/wp-content\/uploads\/2020\/01\/android.png\",\"contentUrl\":\"https:\/\/www.42gears.com\/wp-content\/uploads\/2020\/01\/android.png\"},{\"@type\":\"BreadcrumbList\",\"@id\":\"https:\/\/www.42gears.com\/es\/astrocontacts\/#breadcrumb\",\"itemListElement\":[{\"@type\":\"ListItem\",\"position\":1,\"name\":\"Home\",\"item\":\"https:\/\/www.42gears.com\/es\/\"},{\"@type\":\"ListItem\",\"position\":2,\"name\":\"AstroContacts\"}]},{\"@type\":\"WebSite\",\"@id\":\"https:\/\/www.42gears.com\/#website\",\"url\":\"https:\/\/www.42gears.com\/\",\"name\":\"42Gears Mobility Systems\",\"description\":\"Mobile Device Management (MDM), Mobile Security &amp; Mobile Device Lockdown\",\"publisher\":{\"@id\":\"https:\/\/www.42gears.com\/#organization\"},\"potentialAction\":[{\"@type\":\"SearchAction\",\"target\":{\"@type\":\"EntryPoint\",\"urlTemplate\":\"https:\/\/www.42gears.com\/?s={search_term_string}\"},\"query-input\":{\"@type\":\"PropertyValueSpecification\",\"valueRequired\":true,\"valueName\":\"search_term_string\"}}],\"inLanguage\":\"es-ES\"},{\"@type\":\"Organization\",\"@id\":\"https:\/\/www.42gears.com\/#organization\",\"name\":\"MDM - 42Gears\",\"url\":\"https:\/\/www.42gears.com\/\",\"logo\":{\"@type\":\"ImageObject\",\"inLanguage\":\"es-ES\",\"@id\":\"https:\/\/www.42gears.com\/#\/schema\/logo\/image\/\",\"url\":\"https:\/\/www.42gears.com\/wp-content\/uploads\/2018\/12\/Featured-Image-42Gears-logo.png\",\"contentUrl\":\"https:\/\/www.42gears.com\/wp-content\/uploads\/2018\/12\/Featured-Image-42Gears-logo.png\",\"width\":499,\"height\":330,\"caption\":\"MDM - 42Gears\"},\"image\":{\"@id\":\"https:\/\/www.42gears.com\/#\/schema\/logo\/image\/\"},\"sameAs\":[\"https:\/\/www.facebook.com\/42gears\",\"https:\/\/x.com\/42Gears\"]}]}<\/script>\n<!-- \/ Yoast SEO Premium plugin. -->","yoast_head_json":{"title":"AstroContacts | Gesti\u00f3n de Contactos Empresariales | UEM de 42Gears","description":"AstroContacts de 42Gears es una herramienta de Gesti\u00f3n de Contactos Empresariales que le permite compartir contactos entre miembros del equipo m\u00f3vil sin error.","robots":{"index":"index","follow":"follow","max-snippet":"max-snippet:-1","max-image-preview":"max-image-preview:large","max-video-preview":"max-video-preview:-1"},"canonical":"https:\/\/www.42gears.com\/es\/astrocontacts\/","og_locale":"es_ES","og_type":"article","og_title":"AstroContacts","og_description":"AstroContacts de 42Gears es una herramienta de Gesti\u00f3n de Contactos Empresariales que le permite compartir contactos entre miembros del equipo m\u00f3vil sin error.","og_url":"https:\/\/www.42gears.com\/es\/astrocontacts\/","og_site_name":"42Gears Mobility Systems","article_publisher":"https:\/\/www.facebook.com\/42gears","article_modified_time":"2025-02-13T06:15:57+00:00","og_image":[{"url":"https:\/\/www.42gears.com\/wp-content\/uploads\/2020\/01\/android.png","type":"","width":"","height":""}],"twitter_card":"summary_large_image","twitter_site":"@42Gears","twitter_misc":{"Est. reading time":"3 minutes"},"schema":{"@context":"https:\/\/schema.org","@graph":[{"@type":"WebPage","@id":"https:\/\/www.42gears.com\/es\/astrocontacts\/","url":"https:\/\/www.42gears.com\/es\/astrocontacts\/","name":"AstroContacts | Gesti\u00f3n de Contactos Empresariales | UEM de 42Gears","isPartOf":{"@id":"https:\/\/www.42gears.com\/#website"},"primaryImageOfPage":{"@id":"https:\/\/www.42gears.com\/es\/astrocontacts\/#primaryimage"},"image":{"@id":"https:\/\/www.42gears.com\/es\/astrocontacts\/#primaryimage"},"thumbnailUrl":"https:\/\/www.42gears.com\/wp-content\/uploads\/2020\/01\/android.png","datePublished":"2020-02-06T09:52:14+00:00","dateModified":"2025-02-13T06:15:57+00:00","description":"AstroContacts de 42Gears es una herramienta de Gesti\u00f3n de Contactos Empresariales que le permite compartir contactos entre miembros del equipo m\u00f3vil sin error.","breadcrumb":{"@id":"https:\/\/www.42gears.com\/es\/astrocontacts\/#breadcrumb"},"inLanguage":"es-ES","potentialAction":[{"@type":"ReadAction","target":["https:\/\/www.42gears.com\/es\/astrocontacts\/"]}]},{"@type":"ImageObject","inLanguage":"es-ES","@id":"https:\/\/www.42gears.com\/es\/astrocontacts\/#primaryimage","url":"https:\/\/www.42gears.com\/wp-content\/uploads\/2020\/01\/android.png","contentUrl":"https:\/\/www.42gears.com\/wp-content\/uploads\/2020\/01\/android.png"},{"@type":"BreadcrumbList","@id":"https:\/\/www.42gears.com\/es\/astrocontacts\/#breadcrumb","itemListElement":[{"@type":"ListItem","position":1,"name":"Home","item":"https:\/\/www.42gears.com\/es\/"},{"@type":"ListItem","position":2,"name":"AstroContacts"}]},{"@type":"WebSite","@id":"https:\/\/www.42gears.com\/#website","url":"https:\/\/www.42gears.com\/","name":"42Gears Mobility Systems","description":"Mobile Device Management (MDM), Mobile Security &amp; Mobile Device Lockdown","publisher":{"@id":"https:\/\/www.42gears.com\/#organization"},"potentialAction":[{"@type":"SearchAction","target":{"@type":"EntryPoint","urlTemplate":"https:\/\/www.42gears.com\/?s={search_term_string}"},"query-input":{"@type":"PropertyValueSpecification","valueRequired":true,"valueName":"search_term_string"}}],"inLanguage":"es-ES"},{"@type":"Organization","@id":"https:\/\/www.42gears.com\/#organization","name":"MDM - 42Gears","url":"https:\/\/www.42gears.com\/","logo":{"@type":"ImageObject","inLanguage":"es-ES","@id":"https:\/\/www.42gears.com\/#\/schema\/logo\/image\/","url":"https:\/\/www.42gears.com\/wp-content\/uploads\/2018\/12\/Featured-Image-42Gears-logo.png","contentUrl":"https:\/\/www.42gears.com\/wp-content\/uploads\/2018\/12\/Featured-Image-42Gears-logo.png","width":499,"height":330,"caption":"MDM - 42Gears"},"image":{"@id":"https:\/\/www.42gears.com\/#\/schema\/logo\/image\/"},"sameAs":["https:\/\/www.facebook.com\/42gears","https:\/\/x.com\/42Gears"]}]}},"_links":{"self":[{"href":"https:\/\/www.42gears.com\/es\/wp-json\/wp\/v2\/pages\/51492","targetHints":{"allow":["GET"]}}],"collection":[{"href":"https:\/\/www.42gears.com\/es\/wp-json\/wp\/v2\/pages"}],"about":[{"href":"https:\/\/www.42gears.com\/es\/wp-json\/wp\/v2\/types\/page"}],"author":[{"embeddable":true,"href":"https:\/\/www.42gears.com\/es\/wp-json\/wp\/v2\/users\/7"}],"replies":[{"embeddable":true,"href":"https:\/\/www.42gears.com\/es\/wp-json\/wp\/v2\/comments?post=51492"}],"version-history":[{"count":4,"href":"https:\/\/www.42gears.com\/es\/wp-json\/wp\/v2\/pages\/51492\/revisions"}],"predecessor-version":[{"id":111817,"href":"https:\/\/www.42gears.com\/es\/wp-json\/wp\/v2\/pages\/51492\/revisions\/111817"}],"wp:attachment":[{"href":"https:\/\/www.42gears.com\/es\/wp-json\/wp\/v2\/media?parent=51492"}],"wp:term":[{"taxonomy":"category","embeddable":true,"href":"https:\/\/www.42gears.com\/es\/wp-json\/wp\/v2\/categories?post=51492"},{"taxonomy":"post_tag","embeddable":true,"href":"https:\/\/www.42gears.com\/es\/wp-json\/wp\/v2\/tags?post=51492"}],"curies":[{"name":"wp","href":"https:\/\/api.w.org\/{rel}","templated":true}]}}