{"id":26118,"date":"2017-12-07T10:58:07","date_gmt":"2017-12-07T10:58:07","guid":{"rendered":"http:\/\/live-42gears-site.pantheonsite.io\/unified-endpoint-management-uem-solution\/"},"modified":"2024-12-26T09:21:03","modified_gmt":"2024-12-26T09:21:03","slug":"unified-endpoint-management-uem-solution","status":"publish","type":"page","link":"https:\/\/www.42gears.com\/es\/unified-endpoint-management-uem-solution\/","title":{"rendered":"Gesti\u00f3n Unificada de Puntos Finales"},"content":{"rendered":"\n\n\t<h1>Unified Endpoint Management<\/h1>\nAsegure, Monitorice y Gestione puntos de acceso en un Entorno de Trabajo Digital en Transformaci\u00f3n\n\t<!--Read Gartner MQ Report-->\n<a href=\"https:\/\/suremdm.42gears.com\/console\/?registration=true&amp;uem=true\" target=\"_blank\" rel=\"noopener\">Probar de modo gratuito<\/a>\n<a href=\"#\" target=\"_blank\" rel=\"noopener\">Watch Video<\/a>\n<a href=\"https:\/\/www.42gears.com\/contact-sales-team\/?pname=uem-demo\" target=\"_blank\" rel=\"noopener\">Programar una demostraci\u00f3n<\/a>\n\t<h2>Overview<\/h2>\n\t<p>Las empresas sol\u00edan preocuparse solamente acerca de los ordenadores de escritorio y m\u00f3viles como puntos finales. Las herramientas de Gesti\u00f3n de clientes tradicionales (CMT, Client Management Tools) eran suficientes para las funciones de administraci\u00f3n y soporte automatizadas. El nivel de dispositivos m\u00f3viles como puntos finales de la empresa trajo una nueva realidad a la escena. Las soluciones de gesti\u00f3n de dispositivos m\u00f3viles (MDM, Mobile Device Management) fueron desarrolladas y adoptadas tiempo despu\u00e9s de una adopci\u00f3n amplia de las herramientas CMT, y las diferencias entre las herramientas MDM y CMT implicaban desaf\u00edos para el uso de todos los puntos finales de modo eficiente.<\/p>\n<p>Sin embargo, con la introducci\u00f3n de Windows 10 e iOS 11, los equipos de TI desarrollaron la capacidad de gestionar un rango de los dispositivos de modo remoto. 42Gears se esforz\u00f3 para desarrollar un enfoque unificado para la gesti\u00f3n de todos los tipos de puntos finales, aplicaciones y contenido utilizados en un ecosistema de negocio. La soluci\u00f3n UEM (Gesti\u00f3n unificada de puntos finales) de 42Gears empodera a los equipos de TI para que adopten un enfoque consistente y hol\u00edstico, hacia la gesti\u00f3n de un punto final utilizando un dispositivo \u00fanico. La UEM de 42Gears resuelve dependencias de plataformas m\u00faltiples ineficaces para proporcionar seguridad y control de todos los puntos finales del negocio, tanto nuevos como antiguos.<\/p>\n<p>UEM (Unified Endpoint Management o la Gesti\u00f3n unificada de puntos finales) de 42Gears tambi\u00e9n puede ayudar a que las empresas migren sin contratiempos las plataformas heredaras como Windows 7 a plataformas que cumplan mejor con la Gesti\u00f3n de Movilidad Empresarial (EMM, Enterprise Mobility Management) como Windows 10. UEM de 42Gears ofrece una plataforma \u00fanica para gestionar todos los puntos finales, indistintamente del tipo, usuario o caso de uso. Es m\u00e1s, UEM de 42Gears elimina el problema de experiencias de usuario desarticuladas asegur\u00e1ndose de que los procesos y aplicaciones de negocio est\u00e9n y funcionen de la misma manera en todos los puntos finales.<\/p>\n<br \/>\n\n\t<b>UEM de 42Gears admite todos los tipos de SO:<\/b>\n<ul>\n<li>Android<\/li>\n<li>iOS<\/li>\n<li>MacOS<\/li>\n<li>Windows<\/li>\n<li>Linux <\/li>\n<\/ul>\n<p>42Gears UEM solution also makes it easier for enterprises to seamlessly migrate from legacy platforms such as Windows 7 to better EMM compliant version like Windows 10. It offers a single platform to manage all endpoints, regardless of <b>type, user or use case. <\/b><\/p>\n\t<b>UEM de 42Gears sirve para todos los puntos de acceso de un entorno de trabajo digital:<\/b>\n<ul>\n<li>Dispositivos BYO<\/li>\n<li>Dispositivos IoT<\/li>\n<li>Sensores y puertas de enlace<\/li>\n<li>Ordenadores de escritorio\/Laptops<\/li>\n<li>Dispositivos robustos<\/li>\n<li>Dispositivos port\u00e1tiles<\/li>\n<li>M\u00f3viles y aplicaciones en la nube<\/li>\n<li>Quioscos<\/li>\n<li>Impresoras<\/li>\n<\/ul>\n\t\t\t\t<img decoding=\"async\" src=\"http:\/\/live-42gears-site.pantheonsite.io\/wp-content\/uploads\/2018\/07\/uem.png\" alt=\"uem\" itemprop=\"image\" title=\"uem\" onerror=\"this.style.display='none'\"  \/>\n\t<strong>Debido a que las organizaciones avanzan hacia la gesti\u00f3n de puntos de acceso unificados, 42Gears puede ayudar a que los negocios cosechen beneficios como:<\/strong>\n\t\t\t\t<img decoding=\"async\" src=\"http:\/\/live-42gears-site.pantheonsite.io\/wp-content\/uploads\/2018\/07\/Remove-endpoint-complexity-150x150.png\" alt=\"Remove endpoint complexity\" itemprop=\"image\" title=\"Remove endpoint complexity\" onerror=\"this.style.display='none'\"  \/>\n\tLa eliminaci\u00f3n de la complejidad de los puntos de acceso<br \/>\nEl soporte totalmente integrado para la arquitectura de dispositivos m\u00faltiples, cada uno con ajustes de seguridad, servicios y configuraciones \u00fanicos.\n\t\t\t\t<img decoding=\"async\" src=\"http:\/\/live-42gears-site.pantheonsite.io\/wp-content\/uploads\/2018\/07\/Improve-user-productivity-150x150.png\" alt=\"Improve user productivity\" itemprop=\"image\" title=\"Improve user productivity\" onerror=\"this.style.display='none'\"  \/>\n\tLa productividad del usuario mejorada<br \/>\nLos empleados se centran en las tareas que deben realizar en vez de en c\u00f3mo acceder a ellas.\n\t\t\t\t<img decoding=\"async\" src=\"http:\/\/live-42gears-site.pantheonsite.io\/wp-content\/uploads\/2018\/07\/Improved-it-security-150x150.png\" alt=\"Improved it security\" itemprop=\"image\" title=\"Improved it security\" onerror=\"this.style.display='none'\"  \/>\n\tSeguridad de IT mejorada<br \/>\nUn conjunto de procesos comunes para garantizar el cumplimiento de seguridad continuado en todos los dispositivos y plataformas admitidas.\n\t\t\t\t<img decoding=\"async\" src=\"http:\/\/live-42gears-site.pantheonsite.io\/wp-content\/uploads\/2018\/10\/DLP-SureMDM-150x150.png\" alt=\"DLP SureMDM\" itemprop=\"image\" title=\"DLP SureMDM\" onerror=\"this.style.display='none'\"  \/>\n\tDLP mejorado<br \/>\nPara proteger los datos confidenciales de los usuarios, dispositivos, aplicaciones y de la red con pol\u00edticas DLP a trav\u00e9s de la autenticaci\u00f3n del usuario y el control de acceso avanzado a capas m\u00faltiples.\n\tUEM de 42Gears permite a IT adoptar capacidades automatizadas y a demanda como un asistente virtual para EMM. Elimina el problema de la experiencia del usuario inconexa garantizando que los procesos y aplicaciones aparezcan y funcionen de modo similar, indistintamente del punto de acceso de los usuarios finales.<br \/>\n\n\t<a href=\"https:\/\/www.42gears.com\/contact-sales-team\/?pname=uem-demo\" target=\"_blank\" rel=\"noopener\">Programar una demostraci\u00f3n<\/a>\n<a href=\"https:\/\/suremdm.42gears.com\/console\/?registration=true&amp;uem=true\" target=\"_blank\" rel=\"noopener\">Probar de modo gratuito<\/a>\n\n","protected":false},"excerpt":{"rendered":"<p>Unified Endpoint Management Asegure, Monitorice y Gestione puntos de acceso en un Entorno de Trabajo Digital en Transformaci\u00f3n Probar de modo gratuito Watch Video Programar una demostraci\u00f3n Overview Las empresas sol\u00edan preocuparse solamente acerca de los ordenadores de escritorio y m\u00f3viles como puntos finales. Las herramientas de Gesti\u00f3n de clientes tradicionales (CMT, Client Management Tools)&hellip;<\/p>\n","protected":false},"author":7,"featured_media":28578,"parent":0,"menu_order":0,"comment_status":"closed","ping_status":"closed","template":"","meta":{"_acf_changed":false,"footnotes":""},"categories":[],"tags":[],"class_list":["post-26118","page","type-page","status-publish","has-post-thumbnail","hentry"],"acf":[],"yoast_head":"<!-- This site is optimized with the Yoast SEO Premium plugin v24.6 (Yoast SEO v24.6) - https:\/\/yoast.com\/wordpress\/plugins\/seo\/ -->\n<title>Gesti\u00f3n Unificada de Puntos Finales | Soluci\u00f3n de UEM | Gesti\u00f3n de Puntos Finales<\/title>\n<meta name=\"description\" content=\"Ver c\u00f3mo la Soluci\u00f3n UEM de 42Gears gestiona todos los puntos finales de modo eficiente. Gestione todos los dispositivos y cada caso de uso con la Gesti\u00f3n Unificada de Puntos Finales. Gesti\u00f3n Unificada de Puntos Finales, UEM, Gesti\u00f3n de Movilidad de Puntos Finales, Plataforma de Gesti\u00f3n de Puntos Finales, Soluciones de Gesti\u00f3n Unificada de Puntos Finales\" \/>\n<meta name=\"robots\" content=\"index, follow, max-snippet:-1, max-image-preview:large, max-video-preview:-1\" \/>\n<link rel=\"canonical\" href=\"https:\/\/www.42gears.com\/es\/unified-endpoint-management-uem-solution\/\" \/>\n<meta property=\"og:locale\" content=\"es_ES\" \/>\n<meta property=\"og:type\" content=\"article\" \/>\n<meta property=\"og:title\" content=\"Gesti\u00f3n Unificada de Puntos Finales\" \/>\n<meta property=\"og:description\" content=\"Ver c\u00f3mo la Soluci\u00f3n UEM de 42Gears gestiona todos los puntos finales de modo eficiente. Gestione todos los dispositivos y cada caso de uso con la Gesti\u00f3n Unificada de Puntos Finales. Gesti\u00f3n Unificada de Puntos Finales, UEM, Gesti\u00f3n de Movilidad de Puntos Finales, Plataforma de Gesti\u00f3n de Puntos Finales, Soluciones de Gesti\u00f3n Unificada de Puntos Finales\" \/>\n<meta property=\"og:url\" content=\"https:\/\/www.42gears.com\/es\/unified-endpoint-management-uem-solution\/\" \/>\n<meta property=\"og:site_name\" content=\"42Gears Mobility Systems\" \/>\n<meta property=\"article:publisher\" content=\"https:\/\/www.facebook.com\/42gears\" \/>\n<meta property=\"article:modified_time\" content=\"2024-12-26T09:21:03+00:00\" \/>\n<meta property=\"og:image\" content=\"https:\/\/www.42gears.com\/wp-content\/uploads\/2018\/12\/Featured-Image-42Gears-logo.png\" \/>\n\t<meta property=\"og:image:width\" content=\"499\" \/>\n\t<meta property=\"og:image:height\" content=\"330\" \/>\n\t<meta property=\"og:image:type\" content=\"image\/png\" \/>\n<meta name=\"twitter:card\" content=\"summary_large_image\" \/>\n<meta name=\"twitter:site\" content=\"@42Gears\" \/>\n<meta name=\"twitter:label1\" content=\"Est. reading time\" \/>\n\t<meta name=\"twitter:data1\" content=\"3 minutes\" \/>\n<script type=\"application\/ld+json\" class=\"yoast-schema-graph\">{\"@context\":\"https:\/\/schema.org\",\"@graph\":[{\"@type\":\"WebPage\",\"@id\":\"https:\/\/www.42gears.com\/es\/unified-endpoint-management-uem-solution\/\",\"url\":\"https:\/\/www.42gears.com\/es\/unified-endpoint-management-uem-solution\/\",\"name\":\"Gesti\u00f3n Unificada de Puntos Finales | Soluci\u00f3n de UEM | Gesti\u00f3n de Puntos Finales\",\"isPartOf\":{\"@id\":\"https:\/\/www.42gears.com\/#website\"},\"primaryImageOfPage\":{\"@id\":\"https:\/\/www.42gears.com\/es\/unified-endpoint-management-uem-solution\/#primaryimage\"},\"image\":{\"@id\":\"https:\/\/www.42gears.com\/es\/unified-endpoint-management-uem-solution\/#primaryimage\"},\"thumbnailUrl\":\"https:\/\/www.42gears.com\/wp-content\/uploads\/2018\/12\/Featured-Image-42Gears-logo.png\",\"datePublished\":\"2017-12-07T10:58:07+00:00\",\"dateModified\":\"2024-12-26T09:21:03+00:00\",\"description\":\"Ver c\u00f3mo la Soluci\u00f3n UEM de 42Gears gestiona todos los puntos finales de modo eficiente. Gestione todos los dispositivos y cada caso de uso con la Gesti\u00f3n Unificada de Puntos Finales. Gesti\u00f3n Unificada de Puntos Finales, UEM, Gesti\u00f3n de Movilidad de Puntos Finales, Plataforma de Gesti\u00f3n de Puntos Finales, Soluciones de Gesti\u00f3n Unificada de Puntos Finales\",\"breadcrumb\":{\"@id\":\"https:\/\/www.42gears.com\/es\/unified-endpoint-management-uem-solution\/#breadcrumb\"},\"inLanguage\":\"es-ES\",\"potentialAction\":[{\"@type\":\"ReadAction\",\"target\":[\"https:\/\/www.42gears.com\/es\/unified-endpoint-management-uem-solution\/\"]}]},{\"@type\":\"ImageObject\",\"inLanguage\":\"es-ES\",\"@id\":\"https:\/\/www.42gears.com\/es\/unified-endpoint-management-uem-solution\/#primaryimage\",\"url\":\"https:\/\/www.42gears.com\/wp-content\/uploads\/2018\/12\/Featured-Image-42Gears-logo.png\",\"contentUrl\":\"https:\/\/www.42gears.com\/wp-content\/uploads\/2018\/12\/Featured-Image-42Gears-logo.png\",\"width\":499,\"height\":330,\"caption\":\"Featured-Image-42Gears-logo\"},{\"@type\":\"BreadcrumbList\",\"@id\":\"https:\/\/www.42gears.com\/es\/unified-endpoint-management-uem-solution\/#breadcrumb\",\"itemListElement\":[{\"@type\":\"ListItem\",\"position\":1,\"name\":\"Home\",\"item\":\"https:\/\/www.42gears.com\/es\/\"},{\"@type\":\"ListItem\",\"position\":2,\"name\":\"Gesti\u00f3n Unificada de Puntos Finales\"}]},{\"@type\":\"WebSite\",\"@id\":\"https:\/\/www.42gears.com\/#website\",\"url\":\"https:\/\/www.42gears.com\/\",\"name\":\"42Gears Mobility Systems\",\"description\":\"Mobile Device Management (MDM), Mobile Security &amp; Mobile Device Lockdown\",\"publisher\":{\"@id\":\"https:\/\/www.42gears.com\/#organization\"},\"potentialAction\":[{\"@type\":\"SearchAction\",\"target\":{\"@type\":\"EntryPoint\",\"urlTemplate\":\"https:\/\/www.42gears.com\/?s={search_term_string}\"},\"query-input\":{\"@type\":\"PropertyValueSpecification\",\"valueRequired\":true,\"valueName\":\"search_term_string\"}}],\"inLanguage\":\"es-ES\"},{\"@type\":\"Organization\",\"@id\":\"https:\/\/www.42gears.com\/#organization\",\"name\":\"MDM - 42Gears\",\"url\":\"https:\/\/www.42gears.com\/\",\"logo\":{\"@type\":\"ImageObject\",\"inLanguage\":\"es-ES\",\"@id\":\"https:\/\/www.42gears.com\/#\/schema\/logo\/image\/\",\"url\":\"https:\/\/www.42gears.com\/wp-content\/uploads\/2018\/12\/Featured-Image-42Gears-logo.png\",\"contentUrl\":\"https:\/\/www.42gears.com\/wp-content\/uploads\/2018\/12\/Featured-Image-42Gears-logo.png\",\"width\":499,\"height\":330,\"caption\":\"MDM - 42Gears\"},\"image\":{\"@id\":\"https:\/\/www.42gears.com\/#\/schema\/logo\/image\/\"},\"sameAs\":[\"https:\/\/www.facebook.com\/42gears\",\"https:\/\/x.com\/42Gears\"]}]}<\/script>\n<!-- \/ Yoast SEO Premium plugin. -->","yoast_head_json":{"title":"Gesti\u00f3n Unificada de Puntos Finales | Soluci\u00f3n de UEM | Gesti\u00f3n de Puntos Finales","description":"Ver c\u00f3mo la Soluci\u00f3n UEM de 42Gears gestiona todos los puntos finales de modo eficiente. Gestione todos los dispositivos y cada caso de uso con la Gesti\u00f3n Unificada de Puntos Finales. Gesti\u00f3n Unificada de Puntos Finales, UEM, Gesti\u00f3n de Movilidad de Puntos Finales, Plataforma de Gesti\u00f3n de Puntos Finales, Soluciones de Gesti\u00f3n Unificada de Puntos Finales","robots":{"index":"index","follow":"follow","max-snippet":"max-snippet:-1","max-image-preview":"max-image-preview:large","max-video-preview":"max-video-preview:-1"},"canonical":"https:\/\/www.42gears.com\/es\/unified-endpoint-management-uem-solution\/","og_locale":"es_ES","og_type":"article","og_title":"Gesti\u00f3n Unificada de Puntos Finales","og_description":"Ver c\u00f3mo la Soluci\u00f3n UEM de 42Gears gestiona todos los puntos finales de modo eficiente. Gestione todos los dispositivos y cada caso de uso con la Gesti\u00f3n Unificada de Puntos Finales. Gesti\u00f3n Unificada de Puntos Finales, UEM, Gesti\u00f3n de Movilidad de Puntos Finales, Plataforma de Gesti\u00f3n de Puntos Finales, Soluciones de Gesti\u00f3n Unificada de Puntos Finales","og_url":"https:\/\/www.42gears.com\/es\/unified-endpoint-management-uem-solution\/","og_site_name":"42Gears Mobility Systems","article_publisher":"https:\/\/www.facebook.com\/42gears","article_modified_time":"2024-12-26T09:21:03+00:00","og_image":[{"width":499,"height":330,"url":"https:\/\/www.42gears.com\/wp-content\/uploads\/2018\/12\/Featured-Image-42Gears-logo.png","type":"image\/png"}],"twitter_card":"summary_large_image","twitter_site":"@42Gears","twitter_misc":{"Est. reading time":"3 minutes"},"schema":{"@context":"https:\/\/schema.org","@graph":[{"@type":"WebPage","@id":"https:\/\/www.42gears.com\/es\/unified-endpoint-management-uem-solution\/","url":"https:\/\/www.42gears.com\/es\/unified-endpoint-management-uem-solution\/","name":"Gesti\u00f3n Unificada de Puntos Finales | Soluci\u00f3n de UEM | Gesti\u00f3n de Puntos Finales","isPartOf":{"@id":"https:\/\/www.42gears.com\/#website"},"primaryImageOfPage":{"@id":"https:\/\/www.42gears.com\/es\/unified-endpoint-management-uem-solution\/#primaryimage"},"image":{"@id":"https:\/\/www.42gears.com\/es\/unified-endpoint-management-uem-solution\/#primaryimage"},"thumbnailUrl":"https:\/\/www.42gears.com\/wp-content\/uploads\/2018\/12\/Featured-Image-42Gears-logo.png","datePublished":"2017-12-07T10:58:07+00:00","dateModified":"2024-12-26T09:21:03+00:00","description":"Ver c\u00f3mo la Soluci\u00f3n UEM de 42Gears gestiona todos los puntos finales de modo eficiente. Gestione todos los dispositivos y cada caso de uso con la Gesti\u00f3n Unificada de Puntos Finales. Gesti\u00f3n Unificada de Puntos Finales, UEM, Gesti\u00f3n de Movilidad de Puntos Finales, Plataforma de Gesti\u00f3n de Puntos Finales, Soluciones de Gesti\u00f3n Unificada de Puntos Finales","breadcrumb":{"@id":"https:\/\/www.42gears.com\/es\/unified-endpoint-management-uem-solution\/#breadcrumb"},"inLanguage":"es-ES","potentialAction":[{"@type":"ReadAction","target":["https:\/\/www.42gears.com\/es\/unified-endpoint-management-uem-solution\/"]}]},{"@type":"ImageObject","inLanguage":"es-ES","@id":"https:\/\/www.42gears.com\/es\/unified-endpoint-management-uem-solution\/#primaryimage","url":"https:\/\/www.42gears.com\/wp-content\/uploads\/2018\/12\/Featured-Image-42Gears-logo.png","contentUrl":"https:\/\/www.42gears.com\/wp-content\/uploads\/2018\/12\/Featured-Image-42Gears-logo.png","width":499,"height":330,"caption":"Featured-Image-42Gears-logo"},{"@type":"BreadcrumbList","@id":"https:\/\/www.42gears.com\/es\/unified-endpoint-management-uem-solution\/#breadcrumb","itemListElement":[{"@type":"ListItem","position":1,"name":"Home","item":"https:\/\/www.42gears.com\/es\/"},{"@type":"ListItem","position":2,"name":"Gesti\u00f3n Unificada de Puntos Finales"}]},{"@type":"WebSite","@id":"https:\/\/www.42gears.com\/#website","url":"https:\/\/www.42gears.com\/","name":"42Gears Mobility Systems","description":"Mobile Device Management (MDM), Mobile Security &amp; Mobile Device Lockdown","publisher":{"@id":"https:\/\/www.42gears.com\/#organization"},"potentialAction":[{"@type":"SearchAction","target":{"@type":"EntryPoint","urlTemplate":"https:\/\/www.42gears.com\/?s={search_term_string}"},"query-input":{"@type":"PropertyValueSpecification","valueRequired":true,"valueName":"search_term_string"}}],"inLanguage":"es-ES"},{"@type":"Organization","@id":"https:\/\/www.42gears.com\/#organization","name":"MDM - 42Gears","url":"https:\/\/www.42gears.com\/","logo":{"@type":"ImageObject","inLanguage":"es-ES","@id":"https:\/\/www.42gears.com\/#\/schema\/logo\/image\/","url":"https:\/\/www.42gears.com\/wp-content\/uploads\/2018\/12\/Featured-Image-42Gears-logo.png","contentUrl":"https:\/\/www.42gears.com\/wp-content\/uploads\/2018\/12\/Featured-Image-42Gears-logo.png","width":499,"height":330,"caption":"MDM - 42Gears"},"image":{"@id":"https:\/\/www.42gears.com\/#\/schema\/logo\/image\/"},"sameAs":["https:\/\/www.facebook.com\/42gears","https:\/\/x.com\/42Gears"]}]}},"_links":{"self":[{"href":"https:\/\/www.42gears.com\/es\/wp-json\/wp\/v2\/pages\/26118","targetHints":{"allow":["GET"]}}],"collection":[{"href":"https:\/\/www.42gears.com\/es\/wp-json\/wp\/v2\/pages"}],"about":[{"href":"https:\/\/www.42gears.com\/es\/wp-json\/wp\/v2\/types\/page"}],"author":[{"embeddable":true,"href":"https:\/\/www.42gears.com\/es\/wp-json\/wp\/v2\/users\/7"}],"replies":[{"embeddable":true,"href":"https:\/\/www.42gears.com\/es\/wp-json\/wp\/v2\/comments?post=26118"}],"version-history":[{"count":16,"href":"https:\/\/www.42gears.com\/es\/wp-json\/wp\/v2\/pages\/26118\/revisions"}],"predecessor-version":[{"id":109926,"href":"https:\/\/www.42gears.com\/es\/wp-json\/wp\/v2\/pages\/26118\/revisions\/109926"}],"wp:featuredmedia":[{"embeddable":true,"href":"https:\/\/www.42gears.com\/es\/wp-json\/wp\/v2\/media\/28578"}],"wp:attachment":[{"href":"https:\/\/www.42gears.com\/es\/wp-json\/wp\/v2\/media?parent=26118"}],"wp:term":[{"taxonomy":"category","embeddable":true,"href":"https:\/\/www.42gears.com\/es\/wp-json\/wp\/v2\/categories?post=26118"},{"taxonomy":"post_tag","embeddable":true,"href":"https:\/\/www.42gears.com\/es\/wp-json\/wp\/v2\/tags?post=26118"}],"curies":[{"name":"wp","href":"https:\/\/api.w.org\/{rel}","templated":true}]}}