{"id":21246,"date":"2017-08-01T10:51:54","date_gmt":"2017-08-01T10:51:54","guid":{"rendered":"http:\/\/live-42gears-site.pantheonsite.io\/?page_id=21246\/"},"modified":"2021-04-14T10:41:03","modified_gmt":"2021-04-14T10:41:03","slug":"wearable-management-solution","status":"publish","type":"page","link":"https:\/\/www.42gears.com\/es\/wearable-management-solution\/","title":{"rendered":"Wearable Management Solution"},"content":{"rendered":"\n\n\t<h1>Wearable Management Solution<\/h1>\nWearable Management Solution para uso del negocio\n\t<a href=\"https:\/\/www.42gears.com\/contact-sales-team\/?pname=wearable-management-solution-demo\" target=\"_blank\" rel=\"noopener\">Programar una demostraci\u00f3n<\/a>\n\t\t\t\t<img decoding=\"async\" src=\"http:\/\/live-42gears-site.pantheonsite.io\/wp-content\/uploads\/2018\/08\/wearable-management-sol-banner.png\" alt=\"wearable management sol-banner\" itemprop=\"image\" title=\"wearable management sol-banner\" onerror=\"this.style.display='none'\"  \/>\n\t<h2>visi\u00f3n general<\/h2>\n\t<p>Los dispositivos tecnol\u00f3gicos port\u00e1tiles son la siguiente ola a la que todas las empresas est\u00e1n tratando de subirse. Las organizaciones est\u00e1n siendo creativas en la implementaci\u00f3n de dispositivos port\u00e1tiles para las operaciones empresariales y de servicio al cliente. Los dispositivos port\u00e1tiles extienden la flexibilidad y movilidad de las organizaciones y pueden terminar convirti\u00e9ndose en una parte integral del espacio de trabajo digital. Sin embargo, la velocidad de su adopci\u00f3n depende de la capacidad de la empresa para estar preparada. La capacidad de rastrear y administrar los dispositivos inform\u00e1ticos port\u00e1tiles, garantizando la seguridad y la privacidad de los datos del dispositivo port\u00e1til, son algunos de los requisitos esenciales para una empresa. Wearable Management Solution de 42Gears act\u00faa como un manto de seguridad para manejar los riesgos asociados a la adopci\u00f3n de estos dispositivos en un escenario empresarial.<\/p>\n\t<p>Posibilidades con la Wearable Management Solution de 42Gears<\/p>\n<p>La capacidad para administrar, asegurar y controlar los dispositivos port\u00e1tiles a trav\u00e9s de la soluci\u00f3n EMM de 42Gears es un salto cu\u00e1ntico que permite a las empresas aprovechar el potencial de los dispositivos port\u00e1tiles en los negocios.<\/p>\n\t\t\t\t<img decoding=\"async\" src=\"http:\/\/live-42gears-site.pantheonsite.io\/wp-content\/uploads\/2018\/08\/Locate-150x150.png\" alt=\"Locate\" itemprop=\"image\" title=\"Locate\" onerror=\"this.style.display='none'\"  \/>\n\t<p>Localizaci\u00f3n<\/p>\n<ul>\n<li>Rastreo de la ubicaci\u00f3n en tiempo real<\/li>\n<li>Actualizaciones de registro de llamadas y mensajes SMS<\/li>\n<li>Servicio remoto de campanilla de dispositivo<\/li>\n<\/ul>\n\t\t\t\t<img decoding=\"async\" src=\"http:\/\/live-42gears-site.pantheonsite.io\/wp-content\/uploads\/2018\/08\/Transfer-150x150.png\" alt=\"Transfer\" itemprop=\"image\" title=\"Transfer\" onerror=\"this.style.display='none'\"  \/>\n\t<p>Transferencia<\/p>\n<ul>\n<li>Transferencia remota de archivos<\/li>\n<li>Env\u00edo de mensajes de texto<\/li>\n<li>Ejecuci\u00f3n de la secuencia de comandos para enviar archivos<\/li>\n<li>Ejecuci\u00f3n de la secuencia de comandos para insertar\/actualizar aplicaciones<\/li>\n<\/ul>\n\t\t\t\t<img decoding=\"async\" src=\"http:\/\/live-42gears-site.pantheonsite.io\/wp-content\/uploads\/2018\/08\/Secure-150x150.png\" alt=\"Secure\" itemprop=\"image\" title=\"Secure\" onerror=\"this.style.display='none'\"  \/>\n\t<p>Protecci\u00f3n<\/p>\n<ul>\n<li>Bloqueo de dispositivo port\u00e1til<\/li>\n<li>Inclusi\u00f3n de aplicaciones en lista blanca<\/li>\n<li>Restricci\u00f3n del acceso a los ajustes<\/li>\n<li>Configuraci\u00f3n remota de SSID de Wi-Fi<\/li>\n<\/ul>\n\t\t\t\t<img decoding=\"async\" src=\"http:\/\/live-42gears-site.pantheonsite.io\/wp-content\/uploads\/2018\/08\/Manage-150x150.png\" alt=\"\" itemprop=\"image\" onerror=\"this.style.display='none'\"  \/>\n\t<p>Administraci\u00f3n<\/p>\n<ul>\n<li>Instalaci\u00f3n de la aplicaci\u00f3n remota<\/li>\n<li>Actualizaciones de la aplicaci\u00f3n remotas<\/li>\n<li>Desinstalaci\u00f3n de la aplicaci\u00f3n remota<\/li>\n<\/ul>\n\t\t\t\t<img decoding=\"async\" src=\"http:\/\/live-42gears-site.pantheonsite.io\/wp-content\/uploads\/2018\/08\/Alerts1-150x150.png\" alt=\"Alerts1\" itemprop=\"image\" title=\"Alerts1\" onerror=\"this.style.display='none'\"  \/>\n\t<p>Alertas<\/p>\n<ul>\n<li>Notificaciones de uso de datos<\/li>\n<li>Alertas de cambio de SIM<\/li>\n<li>Alertas de uso de bater\u00eda<\/li>\n<\/ul>\n\t<p>Funciones ofrecidas por Wearable Management Solution para Smartwatches (relojes inteligentes)<\/p>\n\t\t\t\t<img decoding=\"async\" src=\"http:\/\/live-42gears-site.pantheonsite.io\/wp-content\/uploads\/2018\/04\/app-whitelisting-150x150.png\" alt=\"app whitelisting\" itemprop=\"image\" title=\"app whitelisting\" onerror=\"this.style.display='none'\"  \/>\n\tInclusi\u00f3n de aplicaciones en la lista blanca<br \/>\nBloqueo de Smartwatch de Android con acceso \u00fanicamente a aplicaciones &#8220;aprobadas&#8221;\n\t\t\t\t<img decoding=\"async\" src=\"http:\/\/live-42gears-site.pantheonsite.io\/wp-content\/uploads\/2018\/05\/Locate-150x150.png\" alt=\"Locate\" itemprop=\"image\" title=\"Locate\" onerror=\"this.style.display='none'\"  \/>\n\tRastreo de ubicaci\u00f3n<br \/>\nRastreo y supervisi\u00f3n de la ubicaci\u00f3n en tiempo real\n\t\t\t\t<img decoding=\"async\" src=\"http:\/\/live-42gears-site.pantheonsite.io\/wp-content\/uploads\/2018\/04\/Single-application-mode-150x150.png\" alt=\"Single application-mode\" itemprop=\"image\" title=\"Single application-mode\" onerror=\"this.style.display='none'\"  \/>\n\tMensajer\u00eda corporativa f\u00e1cil<br \/>\nMensajer\u00eda a dos v\u00edas con opci\u00f3n de transmisi\u00f3n\n\t\t\t\t<img decoding=\"async\" src=\"http:\/\/live-42gears-site.pantheonsite.io\/wp-content\/uploads\/2018\/04\/Device-enrollment-150x150.png\" alt=\"Device enrollment\" itemprop=\"image\" title=\"Device enrollment\" onerror=\"this.style.display='none'\"  \/>\n\tRegistro r\u00e1pido de dispositivos<br \/>\nRegistro de dispositivos en segundos con la opci\u00f3n Importar\/Exportar ajustes para realizar registros masivos\n\t\t\t\t<img decoding=\"async\" src=\"http:\/\/live-42gears-site.pantheonsite.io\/wp-content\/uploads\/2018\/08\/Device-status-monitoring-150x150.png\" alt=\"Device status monitoring\" itemprop=\"image\" title=\"Device status monitoring\" onerror=\"this.style.display='none'\"  \/>\n\tSupervisi\u00f3n de estad\u00edsticas de dispositivos<br \/>\nSupervisi\u00f3n y configuraci\u00f3n remota de las estad\u00edsticas del dispositivo como bater\u00eda, memoria, etc.\n\t\t\t\t<img decoding=\"async\" src=\"http:\/\/live-42gears-site.pantheonsite.io\/wp-content\/uploads\/2018\/04\/Remote-settings-150x150.png\" alt=\"Remote settings\" itemprop=\"image\" title=\"Remote settings\" onerror=\"this.style.display='none'\"  \/>\n\tAjustes remotos<br \/>\nUso de la red local para configurar o editar remotamente los ajustes del reloj\n\t\t\t\t<img decoding=\"async\" src=\"http:\/\/live-42gears-site.pantheonsite.io\/wp-content\/uploads\/2018\/08\/Single-Application-mode-150x150.png\" alt=\"Single Application mode\" itemprop=\"image\" title=\"Single Application mode\" onerror=\"this.style.display='none'\"  \/>\n\tModo de aplicaci\u00f3n \u00fanica<br \/>\nBloqueo de Smartwatch de Android con una sola aplicaci\u00f3n en primer plano\n\t\t\t\t<img decoding=\"async\" src=\"http:\/\/live-42gears-site.pantheonsite.io\/wp-content\/uploads\/2018\/04\/password-protected-settings-150x150.png\" alt=\"password protected settings\" itemprop=\"image\" title=\"password protected settings\" onerror=\"this.style.display='none'\"  \/>\n\tAjustes protegidos por contrase\u00f1a<br \/>\nRestrinja al usuario para que no pueda acceder y modificar la configuraci\u00f3n del dispositivo o del bloqueo\n\t\t\t\t<img decoding=\"async\" src=\"http:\/\/live-42gears-site.pantheonsite.io\/wp-content\/uploads\/2018\/08\/Enterprise-Watch-face-150x150.png\" alt=\"Enterprise Watch face\" itemprop=\"image\" title=\"Enterprise Watch face\" onerror=\"this.style.display='none'\"  \/>\n\tEnterprise Watch Face<br \/>\nPersonalice Watch Face de Android para promover la marca de la empresa\n\t\t\t\t<img decoding=\"async\" src=\"http:\/\/live-42gears-site.pantheonsite.io\/wp-content\/uploads\/2018\/04\/customizable-ui-150x150.png\" alt=\"customizable-ui\" itemprop=\"image\" title=\"customizable-ui\" onerror=\"this.style.display='none'\"  \/>\n\tPersonalizaci\u00f3n de UI<br \/>\nPersonalizaci\u00f3n del Smartwatch de Android con los fondos de pantalla deseados y otros ajustes de la UI para promocionar la marca de la empresa\n\t<a href=\"https:\/\/www.42gears.com\/contact-sales-team\/?pname=wearable-management-solution-demo\" target=\"_blank\" rel=\"noopener\">Programar una demostraci\u00f3n<\/a>\n<a href=\"https:\/\/www.youtube.com\/watch?v=TBnRfE4hpg4\" target=\"_blank\" rel=\"noopener\">ver el seminario web<\/a>\n\n","protected":false},"excerpt":{"rendered":"<p>Wearable Management Solution Wearable Management Solution para uso del negocio Programar una demostraci\u00f3n visi\u00f3n general Los dispositivos tecnol\u00f3gicos port\u00e1tiles son la siguiente ola a la que todas las empresas est\u00e1n tratando de subirse. Las organizaciones est\u00e1n siendo creativas en la implementaci\u00f3n de dispositivos port\u00e1tiles para las operaciones empresariales y de servicio al cliente. Los dispositivos&hellip;<\/p>\n","protected":false},"author":7,"featured_media":28578,"parent":0,"menu_order":0,"comment_status":"closed","ping_status":"closed","template":"","meta":{"_acf_changed":false,"footnotes":""},"categories":[],"tags":[],"class_list":["post-21246","page","type-page","status-publish","has-post-thumbnail","hentry"],"acf":[],"yoast_head":"<!-- This site is optimized with the Yoast SEO Premium plugin v24.6 (Yoast SEO v24.6) - https:\/\/yoast.com\/wordpress\/plugins\/seo\/ -->\n<title>Wearable Management Solution | 42Gears<\/title>\n<meta name=\"description\" content=\"Read how 42Gears EMM solution enables business with the ability to manage, secure and control enterprises wearable devices.\" \/>\n<meta name=\"robots\" content=\"index, follow, max-snippet:-1, max-image-preview:large, max-video-preview:-1\" \/>\n<link rel=\"canonical\" href=\"https:\/\/www.42gears.com\/es\/wearable-management-solution\/\" \/>\n<meta property=\"og:locale\" content=\"es_ES\" \/>\n<meta property=\"og:type\" content=\"article\" \/>\n<meta property=\"og:title\" content=\"Wearable Management Solution\" \/>\n<meta property=\"og:description\" content=\"Read how 42Gears EMM solution enables business with the ability to manage, secure and control enterprises wearable devices.\" \/>\n<meta property=\"og:url\" content=\"https:\/\/www.42gears.com\/es\/wearable-management-solution\/\" \/>\n<meta property=\"og:site_name\" content=\"42Gears Mobility Systems\" \/>\n<meta property=\"article:publisher\" content=\"https:\/\/www.facebook.com\/42gears\" \/>\n<meta property=\"article:modified_time\" content=\"2021-04-14T10:41:03+00:00\" \/>\n<meta property=\"og:image\" content=\"https:\/\/www.42gears.com\/wp-content\/uploads\/2018\/12\/Featured-Image-42Gears-logo.png\" \/>\n\t<meta property=\"og:image:width\" content=\"499\" \/>\n\t<meta property=\"og:image:height\" content=\"330\" \/>\n\t<meta property=\"og:image:type\" content=\"image\/png\" \/>\n<meta name=\"twitter:card\" content=\"summary_large_image\" \/>\n<meta name=\"twitter:site\" content=\"@42Gears\" \/>\n<meta name=\"twitter:label1\" content=\"Est. reading time\" \/>\n\t<meta name=\"twitter:data1\" content=\"3 minutes\" \/>\n<script type=\"application\/ld+json\" class=\"yoast-schema-graph\">{\"@context\":\"https:\/\/schema.org\",\"@graph\":[{\"@type\":\"WebPage\",\"@id\":\"https:\/\/www.42gears.com\/es\/wearable-management-solution\/\",\"url\":\"https:\/\/www.42gears.com\/es\/wearable-management-solution\/\",\"name\":\"Wearable Management Solution | 42Gears\",\"isPartOf\":{\"@id\":\"https:\/\/www.42gears.com\/#website\"},\"primaryImageOfPage\":{\"@id\":\"https:\/\/www.42gears.com\/es\/wearable-management-solution\/#primaryimage\"},\"image\":{\"@id\":\"https:\/\/www.42gears.com\/es\/wearable-management-solution\/#primaryimage\"},\"thumbnailUrl\":\"https:\/\/www.42gears.com\/wp-content\/uploads\/2018\/12\/Featured-Image-42Gears-logo.png\",\"datePublished\":\"2017-08-01T10:51:54+00:00\",\"dateModified\":\"2021-04-14T10:41:03+00:00\",\"description\":\"Read how 42Gears EMM solution enables business with the ability to manage, secure and control enterprises wearable devices.\",\"breadcrumb\":{\"@id\":\"https:\/\/www.42gears.com\/es\/wearable-management-solution\/#breadcrumb\"},\"inLanguage\":\"es-ES\",\"potentialAction\":[{\"@type\":\"ReadAction\",\"target\":[\"https:\/\/www.42gears.com\/es\/wearable-management-solution\/\"]}]},{\"@type\":\"ImageObject\",\"inLanguage\":\"es-ES\",\"@id\":\"https:\/\/www.42gears.com\/es\/wearable-management-solution\/#primaryimage\",\"url\":\"https:\/\/www.42gears.com\/wp-content\/uploads\/2018\/12\/Featured-Image-42Gears-logo.png\",\"contentUrl\":\"https:\/\/www.42gears.com\/wp-content\/uploads\/2018\/12\/Featured-Image-42Gears-logo.png\",\"width\":499,\"height\":330,\"caption\":\"Featured-Image-42Gears-logo\"},{\"@type\":\"BreadcrumbList\",\"@id\":\"https:\/\/www.42gears.com\/es\/wearable-management-solution\/#breadcrumb\",\"itemListElement\":[{\"@type\":\"ListItem\",\"position\":1,\"name\":\"Home\",\"item\":\"https:\/\/www.42gears.com\/es\/\"},{\"@type\":\"ListItem\",\"position\":2,\"name\":\"Wearable Management Solution\"}]},{\"@type\":\"WebSite\",\"@id\":\"https:\/\/www.42gears.com\/#website\",\"url\":\"https:\/\/www.42gears.com\/\",\"name\":\"42Gears Mobility Systems\",\"description\":\"Mobile Device Management (MDM), Mobile Security &amp; Mobile Device Lockdown\",\"publisher\":{\"@id\":\"https:\/\/www.42gears.com\/#organization\"},\"potentialAction\":[{\"@type\":\"SearchAction\",\"target\":{\"@type\":\"EntryPoint\",\"urlTemplate\":\"https:\/\/www.42gears.com\/?s={search_term_string}\"},\"query-input\":{\"@type\":\"PropertyValueSpecification\",\"valueRequired\":true,\"valueName\":\"search_term_string\"}}],\"inLanguage\":\"es-ES\"},{\"@type\":\"Organization\",\"@id\":\"https:\/\/www.42gears.com\/#organization\",\"name\":\"MDM - 42Gears\",\"url\":\"https:\/\/www.42gears.com\/\",\"logo\":{\"@type\":\"ImageObject\",\"inLanguage\":\"es-ES\",\"@id\":\"https:\/\/www.42gears.com\/#\/schema\/logo\/image\/\",\"url\":\"https:\/\/www.42gears.com\/wp-content\/uploads\/2018\/12\/Featured-Image-42Gears-logo.png\",\"contentUrl\":\"https:\/\/www.42gears.com\/wp-content\/uploads\/2018\/12\/Featured-Image-42Gears-logo.png\",\"width\":499,\"height\":330,\"caption\":\"MDM - 42Gears\"},\"image\":{\"@id\":\"https:\/\/www.42gears.com\/#\/schema\/logo\/image\/\"},\"sameAs\":[\"https:\/\/www.facebook.com\/42gears\",\"https:\/\/x.com\/42Gears\"]}]}<\/script>\n<!-- \/ Yoast SEO Premium plugin. -->","yoast_head_json":{"title":"Wearable Management Solution | 42Gears","description":"Read how 42Gears EMM solution enables business with the ability to manage, secure and control enterprises wearable devices.","robots":{"index":"index","follow":"follow","max-snippet":"max-snippet:-1","max-image-preview":"max-image-preview:large","max-video-preview":"max-video-preview:-1"},"canonical":"https:\/\/www.42gears.com\/es\/wearable-management-solution\/","og_locale":"es_ES","og_type":"article","og_title":"Wearable Management Solution","og_description":"Read how 42Gears EMM solution enables business with the ability to manage, secure and control enterprises wearable devices.","og_url":"https:\/\/www.42gears.com\/es\/wearable-management-solution\/","og_site_name":"42Gears Mobility Systems","article_publisher":"https:\/\/www.facebook.com\/42gears","article_modified_time":"2021-04-14T10:41:03+00:00","og_image":[{"width":499,"height":330,"url":"https:\/\/www.42gears.com\/wp-content\/uploads\/2018\/12\/Featured-Image-42Gears-logo.png","type":"image\/png"}],"twitter_card":"summary_large_image","twitter_site":"@42Gears","twitter_misc":{"Est. reading time":"3 minutes"},"schema":{"@context":"https:\/\/schema.org","@graph":[{"@type":"WebPage","@id":"https:\/\/www.42gears.com\/es\/wearable-management-solution\/","url":"https:\/\/www.42gears.com\/es\/wearable-management-solution\/","name":"Wearable Management Solution | 42Gears","isPartOf":{"@id":"https:\/\/www.42gears.com\/#website"},"primaryImageOfPage":{"@id":"https:\/\/www.42gears.com\/es\/wearable-management-solution\/#primaryimage"},"image":{"@id":"https:\/\/www.42gears.com\/es\/wearable-management-solution\/#primaryimage"},"thumbnailUrl":"https:\/\/www.42gears.com\/wp-content\/uploads\/2018\/12\/Featured-Image-42Gears-logo.png","datePublished":"2017-08-01T10:51:54+00:00","dateModified":"2021-04-14T10:41:03+00:00","description":"Read how 42Gears EMM solution enables business with the ability to manage, secure and control enterprises wearable devices.","breadcrumb":{"@id":"https:\/\/www.42gears.com\/es\/wearable-management-solution\/#breadcrumb"},"inLanguage":"es-ES","potentialAction":[{"@type":"ReadAction","target":["https:\/\/www.42gears.com\/es\/wearable-management-solution\/"]}]},{"@type":"ImageObject","inLanguage":"es-ES","@id":"https:\/\/www.42gears.com\/es\/wearable-management-solution\/#primaryimage","url":"https:\/\/www.42gears.com\/wp-content\/uploads\/2018\/12\/Featured-Image-42Gears-logo.png","contentUrl":"https:\/\/www.42gears.com\/wp-content\/uploads\/2018\/12\/Featured-Image-42Gears-logo.png","width":499,"height":330,"caption":"Featured-Image-42Gears-logo"},{"@type":"BreadcrumbList","@id":"https:\/\/www.42gears.com\/es\/wearable-management-solution\/#breadcrumb","itemListElement":[{"@type":"ListItem","position":1,"name":"Home","item":"https:\/\/www.42gears.com\/es\/"},{"@type":"ListItem","position":2,"name":"Wearable Management Solution"}]},{"@type":"WebSite","@id":"https:\/\/www.42gears.com\/#website","url":"https:\/\/www.42gears.com\/","name":"42Gears Mobility Systems","description":"Mobile Device Management (MDM), Mobile Security &amp; Mobile Device Lockdown","publisher":{"@id":"https:\/\/www.42gears.com\/#organization"},"potentialAction":[{"@type":"SearchAction","target":{"@type":"EntryPoint","urlTemplate":"https:\/\/www.42gears.com\/?s={search_term_string}"},"query-input":{"@type":"PropertyValueSpecification","valueRequired":true,"valueName":"search_term_string"}}],"inLanguage":"es-ES"},{"@type":"Organization","@id":"https:\/\/www.42gears.com\/#organization","name":"MDM - 42Gears","url":"https:\/\/www.42gears.com\/","logo":{"@type":"ImageObject","inLanguage":"es-ES","@id":"https:\/\/www.42gears.com\/#\/schema\/logo\/image\/","url":"https:\/\/www.42gears.com\/wp-content\/uploads\/2018\/12\/Featured-Image-42Gears-logo.png","contentUrl":"https:\/\/www.42gears.com\/wp-content\/uploads\/2018\/12\/Featured-Image-42Gears-logo.png","width":499,"height":330,"caption":"MDM - 42Gears"},"image":{"@id":"https:\/\/www.42gears.com\/#\/schema\/logo\/image\/"},"sameAs":["https:\/\/www.facebook.com\/42gears","https:\/\/x.com\/42Gears"]}]}},"_links":{"self":[{"href":"https:\/\/www.42gears.com\/es\/wp-json\/wp\/v2\/pages\/21246","targetHints":{"allow":["GET"]}}],"collection":[{"href":"https:\/\/www.42gears.com\/es\/wp-json\/wp\/v2\/pages"}],"about":[{"href":"https:\/\/www.42gears.com\/es\/wp-json\/wp\/v2\/types\/page"}],"author":[{"embeddable":true,"href":"https:\/\/www.42gears.com\/es\/wp-json\/wp\/v2\/users\/7"}],"replies":[{"embeddable":true,"href":"https:\/\/www.42gears.com\/es\/wp-json\/wp\/v2\/comments?post=21246"}],"version-history":[{"count":9,"href":"https:\/\/www.42gears.com\/es\/wp-json\/wp\/v2\/pages\/21246\/revisions"}],"predecessor-version":[{"id":64466,"href":"https:\/\/www.42gears.com\/es\/wp-json\/wp\/v2\/pages\/21246\/revisions\/64466"}],"wp:featuredmedia":[{"embeddable":true,"href":"https:\/\/www.42gears.com\/es\/wp-json\/wp\/v2\/media\/28578"}],"wp:attachment":[{"href":"https:\/\/www.42gears.com\/es\/wp-json\/wp\/v2\/media?parent=21246"}],"wp:term":[{"taxonomy":"category","embeddable":true,"href":"https:\/\/www.42gears.com\/es\/wp-json\/wp\/v2\/categories?post=21246"},{"taxonomy":"post_tag","embeddable":true,"href":"https:\/\/www.42gears.com\/es\/wp-json\/wp\/v2\/tags?post=21246"}],"curies":[{"name":"wp","href":"https:\/\/api.w.org\/{rel}","templated":true}]}}