{"id":21116,"date":"2017-10-31T11:39:31","date_gmt":"2017-10-31T11:39:31","guid":{"rendered":"http:\/\/live-42gears-site.pantheonsite.io\/?page_id=21116\/"},"modified":"2021-04-14T10:42:51","modified_gmt":"2021-04-14T10:42:51","slug":"secure-email","status":"publish","type":"page","link":"https:\/\/www.42gears.com\/es\/secure-email\/","title":{"rendered":"Secure Email"},"content":{"rendered":"\n<h1>\n\t\tCorreo electr\u00f3nico seguro\n\t<\/h1>\n<h3>\n\t\tAcceso a correo electr\u00f3nico seguro en iOS y Android\n\t<\/h3>\n\t\t\t<a href=\" #\" target=\"_self\" role=\"button\" rel=\"noopener\">\n\t\t\t\t\t\t\tProgramar una demostraci\u00f3n\n\t\t\t\t\t<\/a>\n\t\t\t\t<img decoding=\"async\" src=\"http:\/\/live-42gears-site.pantheonsite.io\/wp-content\/uploads\/2017\/07\/email-secure-300x259.png\" alt=\"secure email access\" itemprop=\"image\" title=\"email-secure-300x259\" onerror=\"this.style.display='none'\"  \/>\n\t<p>El aumento de la productividad de los empleados es una de las principales ventajas de la adopci\u00f3n de BYOD en la empresa. Permitir a los empleados utilizar su iPhone o Android para acceder al correo electr\u00f3nico de la empresa tambi\u00e9n reduce los costos de adquisici\u00f3n de dispositivos para la empresa. Sin embargo, existen riesgos de seguridad de datos y cumplimiento. Al departamento de IT le gustar\u00eda asegurarse de que la informaci\u00f3n de la empresa no se vea comprometida en ning\u00fan momento y que los datos corporativos no se mezclan con los datos personales de los usuarios. IT tambi\u00e9n desea tener un control completo sobre cu\u00e1ndo los datos empresariales pueden borrase en el tel\u00e9fono.<\/p>\n<p>EMM de 42Gears ofrece un acceso seguro al correo electr\u00f3nico de la empresa a trav\u00e9s de aplicaciones de correo electr\u00f3nico nativa. Dispone de todas las herramientas necesarias para aprovisionar remotamente el servicio de correo electr\u00f3nico, administrar el acceso, evitar la p\u00e9rdida de datos y borrar remotamente mensajes de correo y la informaci\u00f3n de cuenta de los dispositivos m\u00f3viles que no est\u00e1n cumpliendo las pol\u00edticas.<\/p>\n\t\t\t\t<img decoding=\"async\" src=\"http:\/\/live-42gears-site.pantheonsite.io\/wp-content\/uploads\/2017\/07\/platfroms.png\" alt=\"Enterprise Email Encryption Solutions\" itemprop=\"image\" title=\"platfroms\" onerror=\"this.style.display='none'\"  \/>\n\t<h3>Soporte de varios SO<\/h3>\n<p>Nuestra puerta de enlace seguro de correo electr\u00f3nico ofrece protecci\u00f3n de dispositivos m\u00f3viles dando soporte a todas las actividades de correo electr\u00f3nico en los <strong>sistemas operativos principales<\/strong> como iOS y Android.<\/p>\n\t\t\t\t<img decoding=\"async\" src=\"http:\/\/live-42gears-site.pantheonsite.io\/wp-content\/uploads\/2017\/07\/cloud.png\" alt=\"cloud email security\" itemprop=\"image\" title=\"cloud\" onerror=\"this.style.display='none'\"  \/>\n\t<h3>Implementaci\u00f3n interna en la empresa y en la nube<\/h3>\n<p>La puerta de enlace seguro de correo electr\u00f3nico de 42Gears puede insertarse en los dispositivos a trav\u00e9s de la nube y <strong>mediante implementaci\u00f3n interna en la empresa<\/strong>.<\/p>\n\t\t\t\t<img decoding=\"async\" src=\"http:\/\/live-42gears-site.pantheonsite.io\/wp-content\/uploads\/2017\/07\/calendar.png\" alt=\"calendar\" itemprop=\"image\" title=\"calendar\" onerror=\"this.style.display='none'\"  \/>\n\t<h3>Contrase\u00f1as a nivel de aplicaci\u00f3n<\/h3>\n<p>42Gears ofrece pol\u00edticas personalizables como <strong>contrase\u00f1as a nivel de aplicaci\u00f3n<\/strong> para acceder al correo electr\u00f3nico, calendarios y contactos.<\/p>\n\t\t\t\t<img decoding=\"async\" src=\"http:\/\/live-42gears-site.pantheonsite.io\/wp-content\/uploads\/2017\/07\/AD-BYOD.png\" alt=\"AD-BYOD\" itemprop=\"image\" title=\"AD-BYOD\" onerror=\"this.style.display='none'\"  \/>\n\t<h3>Seguridad y pol\u00edticas<\/h3>\n<p>Nuestra soluci\u00f3n de correo electr\u00f3nico seguro se integra con Directorio activo y\/o LDAP, permitiendo al administrador de IT <strong>definir, administrar y aplicar pol\u00edticas<\/strong> en los dispositivos de usuario.<\/p>\n\t\t\t\t<img decoding=\"async\" src=\"http:\/\/live-42gears-site.pantheonsite.io\/wp-content\/uploads\/2017\/07\/encrypt-email.png\" alt=\"email file encryption\" itemprop=\"image\" title=\"encrypt email\" onerror=\"this.style.display='none'\"  \/>\n\t<h3>Cifrado de archivos<\/h3>\n<p>El administrador de IT puede obtener una visi\u00f3n completa de los <strong>archivos cifrados y los documentos<\/strong> enviados como archivos adjuntos de los mensajes de correo.<\/p>\n\t\t\t\t<img decoding=\"async\" src=\"http:\/\/live-42gears-site.pantheonsite.io\/wp-content\/uploads\/2017\/07\/container-v7.png\" alt=\"containerization\" itemprop=\"image\" title=\"container-v7\" onerror=\"this.style.display='none'\"  \/>\n\t<h3>Organizaci\u00f3n en contenedores<\/h3>\n<p>La separaci\u00f3n de las cuentas de correo electr\u00f3nico personal y de trabajo mediante la <strong>organizaci\u00f3n en contenedores<\/strong> en los dispositivos de propiedad de los empleados.<\/p>\n\t\t\t<a href=\"#\" target=\"_self\" role=\"button\" rel=\"noopener\">\n\t\t\t\t\t\t\tProgramar una demostraci\u00f3n\n\t\t\t\t\t<\/a>\n\n","protected":false},"excerpt":{"rendered":"<p>Correo electr\u00f3nico seguro Acceso a correo electr\u00f3nico seguro en iOS y Android Programar una demostraci\u00f3n El aumento de la productividad de los empleados es una de las principales ventajas de la adopci\u00f3n de BYOD en la empresa. Permitir a los empleados utilizar su iPhone o Android para acceder al correo electr\u00f3nico de la empresa tambi\u00e9n&hellip;<\/p>\n","protected":false},"author":7,"featured_media":0,"parent":0,"menu_order":0,"comment_status":"closed","ping_status":"closed","template":"","meta":{"_acf_changed":false,"footnotes":""},"categories":[],"tags":[],"class_list":["post-21116","page","type-page","status-publish","hentry"],"acf":[],"yoast_head":"<!-- This site is optimized with the Yoast SEO Premium plugin v24.6 (Yoast SEO v24.6) - https:\/\/yoast.com\/wordpress\/plugins\/seo\/ -->\n<title>Secure Email - 42Gears Mobility Systems<\/title>\n<meta name=\"robots\" content=\"index, follow, max-snippet:-1, max-image-preview:large, max-video-preview:-1\" \/>\n<link rel=\"canonical\" href=\"https:\/\/www.42gears.com\/es\/secure-email\/\" \/>\n<meta property=\"og:locale\" content=\"es_ES\" \/>\n<meta property=\"og:type\" content=\"article\" \/>\n<meta property=\"og:title\" content=\"Secure Email\" \/>\n<meta property=\"og:description\" content=\"Correo electr\u00f3nico seguro Acceso a correo electr\u00f3nico seguro en iOS y Android Programar una demostraci\u00f3n El aumento de la productividad de los empleados es una de las principales ventajas de la adopci\u00f3n de BYOD en la empresa. Permitir a los empleados utilizar su iPhone o Android para acceder al correo electr\u00f3nico de la empresa tambi\u00e9n&hellip;\" \/>\n<meta property=\"og:url\" content=\"https:\/\/www.42gears.com\/es\/secure-email\/\" \/>\n<meta property=\"og:site_name\" content=\"42Gears Mobility Systems\" \/>\n<meta property=\"article:publisher\" content=\"https:\/\/www.facebook.com\/42gears\" \/>\n<meta property=\"article:modified_time\" content=\"2021-04-14T10:42:51+00:00\" \/>\n<meta property=\"og:image\" content=\"http:\/\/live-42gears-site.pantheonsite.io\/wp-content\/uploads\/2017\/07\/email-secure-300x259.png\" \/>\n<meta name=\"twitter:card\" content=\"summary_large_image\" \/>\n<meta name=\"twitter:site\" content=\"@42Gears\" \/>\n<meta name=\"twitter:label1\" content=\"Est. reading time\" \/>\n\t<meta name=\"twitter:data1\" content=\"2 minutes\" \/>\n<script type=\"application\/ld+json\" class=\"yoast-schema-graph\">{\"@context\":\"https:\/\/schema.org\",\"@graph\":[{\"@type\":\"WebPage\",\"@id\":\"https:\/\/www.42gears.com\/es\/secure-email\/\",\"url\":\"https:\/\/www.42gears.com\/es\/secure-email\/\",\"name\":\"Secure Email - 42Gears Mobility Systems\",\"isPartOf\":{\"@id\":\"https:\/\/www.42gears.com\/#website\"},\"primaryImageOfPage\":{\"@id\":\"https:\/\/www.42gears.com\/es\/secure-email\/#primaryimage\"},\"image\":{\"@id\":\"https:\/\/www.42gears.com\/es\/secure-email\/#primaryimage\"},\"thumbnailUrl\":\"http:\/\/live-42gears-site.pantheonsite.io\/wp-content\/uploads\/2017\/07\/email-secure-300x259.png\",\"datePublished\":\"2017-10-31T11:39:31+00:00\",\"dateModified\":\"2021-04-14T10:42:51+00:00\",\"breadcrumb\":{\"@id\":\"https:\/\/www.42gears.com\/es\/secure-email\/#breadcrumb\"},\"inLanguage\":\"es-ES\",\"potentialAction\":[{\"@type\":\"ReadAction\",\"target\":[\"https:\/\/www.42gears.com\/es\/secure-email\/\"]}]},{\"@type\":\"ImageObject\",\"inLanguage\":\"es-ES\",\"@id\":\"https:\/\/www.42gears.com\/es\/secure-email\/#primaryimage\",\"url\":\"http:\/\/live-42gears-site.pantheonsite.io\/wp-content\/uploads\/2017\/07\/email-secure-300x259.png\",\"contentUrl\":\"http:\/\/live-42gears-site.pantheonsite.io\/wp-content\/uploads\/2017\/07\/email-secure-300x259.png\"},{\"@type\":\"BreadcrumbList\",\"@id\":\"https:\/\/www.42gears.com\/es\/secure-email\/#breadcrumb\",\"itemListElement\":[{\"@type\":\"ListItem\",\"position\":1,\"name\":\"Home\",\"item\":\"https:\/\/www.42gears.com\/es\/\"},{\"@type\":\"ListItem\",\"position\":2,\"name\":\"Secure Email\"}]},{\"@type\":\"WebSite\",\"@id\":\"https:\/\/www.42gears.com\/#website\",\"url\":\"https:\/\/www.42gears.com\/\",\"name\":\"42Gears Mobility Systems\",\"description\":\"Mobile Device Management (MDM), Mobile Security &amp; Mobile Device Lockdown\",\"publisher\":{\"@id\":\"https:\/\/www.42gears.com\/#organization\"},\"potentialAction\":[{\"@type\":\"SearchAction\",\"target\":{\"@type\":\"EntryPoint\",\"urlTemplate\":\"https:\/\/www.42gears.com\/?s={search_term_string}\"},\"query-input\":{\"@type\":\"PropertyValueSpecification\",\"valueRequired\":true,\"valueName\":\"search_term_string\"}}],\"inLanguage\":\"es-ES\"},{\"@type\":\"Organization\",\"@id\":\"https:\/\/www.42gears.com\/#organization\",\"name\":\"MDM - 42Gears\",\"url\":\"https:\/\/www.42gears.com\/\",\"logo\":{\"@type\":\"ImageObject\",\"inLanguage\":\"es-ES\",\"@id\":\"https:\/\/www.42gears.com\/#\/schema\/logo\/image\/\",\"url\":\"https:\/\/www.42gears.com\/wp-content\/uploads\/2018\/12\/Featured-Image-42Gears-logo.png\",\"contentUrl\":\"https:\/\/www.42gears.com\/wp-content\/uploads\/2018\/12\/Featured-Image-42Gears-logo.png\",\"width\":499,\"height\":330,\"caption\":\"MDM - 42Gears\"},\"image\":{\"@id\":\"https:\/\/www.42gears.com\/#\/schema\/logo\/image\/\"},\"sameAs\":[\"https:\/\/www.facebook.com\/42gears\",\"https:\/\/x.com\/42Gears\"]}]}<\/script>\n<!-- \/ Yoast SEO Premium plugin. -->","yoast_head_json":{"title":"Secure Email - 42Gears Mobility Systems","robots":{"index":"index","follow":"follow","max-snippet":"max-snippet:-1","max-image-preview":"max-image-preview:large","max-video-preview":"max-video-preview:-1"},"canonical":"https:\/\/www.42gears.com\/es\/secure-email\/","og_locale":"es_ES","og_type":"article","og_title":"Secure Email","og_description":"Correo electr\u00f3nico seguro Acceso a correo electr\u00f3nico seguro en iOS y Android Programar una demostraci\u00f3n El aumento de la productividad de los empleados es una de las principales ventajas de la adopci\u00f3n de BYOD en la empresa. Permitir a los empleados utilizar su iPhone o Android para acceder al correo electr\u00f3nico de la empresa tambi\u00e9n&hellip;","og_url":"https:\/\/www.42gears.com\/es\/secure-email\/","og_site_name":"42Gears Mobility Systems","article_publisher":"https:\/\/www.facebook.com\/42gears","article_modified_time":"2021-04-14T10:42:51+00:00","og_image":[{"url":"http:\/\/live-42gears-site.pantheonsite.io\/wp-content\/uploads\/2017\/07\/email-secure-300x259.png","type":"","width":"","height":""}],"twitter_card":"summary_large_image","twitter_site":"@42Gears","twitter_misc":{"Est. reading time":"2 minutes"},"schema":{"@context":"https:\/\/schema.org","@graph":[{"@type":"WebPage","@id":"https:\/\/www.42gears.com\/es\/secure-email\/","url":"https:\/\/www.42gears.com\/es\/secure-email\/","name":"Secure Email - 42Gears Mobility Systems","isPartOf":{"@id":"https:\/\/www.42gears.com\/#website"},"primaryImageOfPage":{"@id":"https:\/\/www.42gears.com\/es\/secure-email\/#primaryimage"},"image":{"@id":"https:\/\/www.42gears.com\/es\/secure-email\/#primaryimage"},"thumbnailUrl":"http:\/\/live-42gears-site.pantheonsite.io\/wp-content\/uploads\/2017\/07\/email-secure-300x259.png","datePublished":"2017-10-31T11:39:31+00:00","dateModified":"2021-04-14T10:42:51+00:00","breadcrumb":{"@id":"https:\/\/www.42gears.com\/es\/secure-email\/#breadcrumb"},"inLanguage":"es-ES","potentialAction":[{"@type":"ReadAction","target":["https:\/\/www.42gears.com\/es\/secure-email\/"]}]},{"@type":"ImageObject","inLanguage":"es-ES","@id":"https:\/\/www.42gears.com\/es\/secure-email\/#primaryimage","url":"http:\/\/live-42gears-site.pantheonsite.io\/wp-content\/uploads\/2017\/07\/email-secure-300x259.png","contentUrl":"http:\/\/live-42gears-site.pantheonsite.io\/wp-content\/uploads\/2017\/07\/email-secure-300x259.png"},{"@type":"BreadcrumbList","@id":"https:\/\/www.42gears.com\/es\/secure-email\/#breadcrumb","itemListElement":[{"@type":"ListItem","position":1,"name":"Home","item":"https:\/\/www.42gears.com\/es\/"},{"@type":"ListItem","position":2,"name":"Secure Email"}]},{"@type":"WebSite","@id":"https:\/\/www.42gears.com\/#website","url":"https:\/\/www.42gears.com\/","name":"42Gears Mobility Systems","description":"Mobile Device Management (MDM), Mobile Security &amp; Mobile Device Lockdown","publisher":{"@id":"https:\/\/www.42gears.com\/#organization"},"potentialAction":[{"@type":"SearchAction","target":{"@type":"EntryPoint","urlTemplate":"https:\/\/www.42gears.com\/?s={search_term_string}"},"query-input":{"@type":"PropertyValueSpecification","valueRequired":true,"valueName":"search_term_string"}}],"inLanguage":"es-ES"},{"@type":"Organization","@id":"https:\/\/www.42gears.com\/#organization","name":"MDM - 42Gears","url":"https:\/\/www.42gears.com\/","logo":{"@type":"ImageObject","inLanguage":"es-ES","@id":"https:\/\/www.42gears.com\/#\/schema\/logo\/image\/","url":"https:\/\/www.42gears.com\/wp-content\/uploads\/2018\/12\/Featured-Image-42Gears-logo.png","contentUrl":"https:\/\/www.42gears.com\/wp-content\/uploads\/2018\/12\/Featured-Image-42Gears-logo.png","width":499,"height":330,"caption":"MDM - 42Gears"},"image":{"@id":"https:\/\/www.42gears.com\/#\/schema\/logo\/image\/"},"sameAs":["https:\/\/www.facebook.com\/42gears","https:\/\/x.com\/42Gears"]}]}},"_links":{"self":[{"href":"https:\/\/www.42gears.com\/es\/wp-json\/wp\/v2\/pages\/21116","targetHints":{"allow":["GET"]}}],"collection":[{"href":"https:\/\/www.42gears.com\/es\/wp-json\/wp\/v2\/pages"}],"about":[{"href":"https:\/\/www.42gears.com\/es\/wp-json\/wp\/v2\/types\/page"}],"author":[{"embeddable":true,"href":"https:\/\/www.42gears.com\/es\/wp-json\/wp\/v2\/users\/7"}],"replies":[{"embeddable":true,"href":"https:\/\/www.42gears.com\/es\/wp-json\/wp\/v2\/comments?post=21116"}],"version-history":[{"count":3,"href":"https:\/\/www.42gears.com\/es\/wp-json\/wp\/v2\/pages\/21116\/revisions"}],"predecessor-version":[{"id":64467,"href":"https:\/\/www.42gears.com\/es\/wp-json\/wp\/v2\/pages\/21116\/revisions\/64467"}],"wp:attachment":[{"href":"https:\/\/www.42gears.com\/es\/wp-json\/wp\/v2\/media?parent=21116"}],"wp:term":[{"taxonomy":"category","embeddable":true,"href":"https:\/\/www.42gears.com\/es\/wp-json\/wp\/v2\/categories?post=21116"},{"taxonomy":"post_tag","embeddable":true,"href":"https:\/\/www.42gears.com\/es\/wp-json\/wp\/v2\/tags?post=21116"}],"curies":[{"name":"wp","href":"https:\/\/api.w.org\/{rel}","templated":true}]}}