{"id":20997,"date":"2017-07-05T07:15:04","date_gmt":"2017-07-05T07:15:04","guid":{"rendered":"http:\/\/live-42gears-site.pantheonsite.io\/?page_id=20997\/"},"modified":"2021-04-14T10:45:25","modified_gmt":"2021-04-14T10:45:25","slug":"byod","status":"publish","type":"page","link":"https:\/\/www.42gears.com\/es\/byod\/","title":{"rendered":"Traiga su propio dispositivo (BYOD)"},"content":{"rendered":"\n\n\t<h1>Traiga su propio dispositivo (BYOD)<\/h1>\nAyudando a las empresas a adoptar estrategias BYOD\n\t<a href=\"https:\/\/www.42gears.com\/contact-sales-team\/?pname=byod-demo\" target=\"_blank\" rel=\"noopener\">Programar una demostraci\u00f3n<\/a>\n\t\t\t\t<img decoding=\"async\" src=\"http:\/\/live-42gears-site.pantheonsite.io\/wp-content\/uploads\/2018\/08\/BYOD-banner-img.png\" alt=\"BYOD-banner img\" itemprop=\"image\" title=\"BYOD-banner img\" onerror=\"this.style.display='none'\"  \/>\n\t<h2>visi\u00f3n general<\/h2>\n\t<p>Traiga su propio dispositivo (BYOD, del ingl\u00e9s Bring Your Own Device) es una estrategia que permite a los empleados de la empresa y a otros usuarios utilizar dispositivos personales para acceder a los datos corporativos y realizar operaciones comerciales. Normalmente, se aplica a los tel\u00e9fonos inteligentes y tabletas, pero puede ampliarse f\u00e1cilmente a computadoras de escritorio y port\u00e1tiles.<\/p>\n<p>Las empresas est\u00e1n adoptando programas BYOD para aumentar la productividad permitiendo a los empleados la flexibilidad necesaria para llevar a cabo tareas de la empresa desde sus propios dispositivos personales. La estrategia permite a los empleados acceder c\u00f3modamente en sus propios dispositivos m\u00f3viles a cualquier aplicaci\u00f3n empresarial aprobada. Con SureMDM, los administradores de IT pueden autenticar el acceso de los usuarios finales a las aplicaciones &#8220;aprobadas&#8221;.<\/p>\n<p>42Gears ofrece una forma sencilla para que las empresas puedan proteger los datos corporativos en los dispositivos BYO mientras proporcionan a los equipos de IT las herramientas necesarias para garantizar los controles de privacidad. Una vez que un dispositivo est\u00e1 registrado en el programa BYOD, se crea un contenedor de trabajo en el dispositivo para permitir un flujo de trabajo continuo sin interferir con el contenido personal del empleado.<\/p>\n\t\t\t\t<img decoding=\"async\" src=\"http:\/\/live-42gears-site.pantheonsite.io\/wp-content\/uploads\/2018\/08\/1-165x300.png\" alt=\"1\" itemprop=\"image\" title=\"1\" onerror=\"this.style.display='none'\"  \/>\n\tEmployees can get easy access to company <strong>email, contacts, content repositories, apps, calendar<\/strong> and <strong>intranet<\/strong> sites, all within the encrypted work container on the device. \n\t\t\t\t<img decoding=\"async\" src=\"http:\/\/live-42gears-site.pantheonsite.io\/wp-content\/uploads\/2018\/08\/2-165x300.png\" alt=\"2\" itemprop=\"image\" title=\"2\" onerror=\"this.style.display='none'\"  \/>\n<p><a href=\"https:\/\/www.42gears.com\/es\/suremdm\/\">SureMDM <\/a>tambi\u00e9n puede borrar los datos corporativos de modo remoto de acuerdo con las pol\u00edticas de privacidad espec\u00edficas de la empresa sin tocar el contenido personal en el m\u00f3vil del empleado.\u00a0Env\u00ede notificaciones a los usuarios y al administrador de IT cuando un dispositivo no cumple con las pol\u00edticas de la empresa.<\/p>\n\t\t\t\t<img decoding=\"async\" src=\"http:\/\/live-42gears-site.pantheonsite.io\/wp-content\/uploads\/2018\/08\/3-165x300.png\" alt=\"3\" itemprop=\"image\" title=\"3\" onerror=\"this.style.display='none'\"  \/>\n\tPueden insertarse mensajes contextuales y pertinentes directamente en los dispositivos de propiedad de los empleados utilizando el marco de mensajer\u00eda personalizada de la consola.\u00a0Pueden enviarse Alertas\u00a0a los dispositivos BYOD, sugiriendo aplicaciones basadas en el rol del usuario y recordatorios para actualizar las aplicaciones existentes.\n\t<h3>Case Studies<\/h3>\n<p>&nbsp;<\/p>\n<strong>Leading Hydraulic Drive System Manufacturer Adopts BYOD with 42Gears.<\/strong>\n\n\t<h3>Case Studies<\/h3>\n<p>&nbsp;<\/p>\n<strong>Leading Hydraulic Drive System Manufacturer Adopts <\/strong>\n<strong>BYOD with 42Gears.<\/strong>\n\n\t\t\t\t<a href=\"https:\/\/www.42gears.com\/case-studies\/major-telecommunications-company-enhances-its-retail-experience-with-42gears\/\" target=\"_self\" itemprop=\"url\" rel=\"noopener\">\n\t\t\t\t<img decoding=\"async\" src=\"http:\/\/live-42gears-site.pantheonsite.io\/wp-content\/uploads\/2018\/08\/Leading-Hydraulic-Drive-System-Manufacturer-Adopts-BYOD-with-42Gears-Case-Study.jpg\" alt=\"Leading Hydraulic Drive System Manufacturer Adopts BYOD with 42Gears Case Study\" itemprop=\"image\" title=\"Leading Hydraulic Drive System Manufacturer Adopts BYOD with 42Gears Case Study\" onerror=\"this.style.display='none'\"  \/>\n\t\t\t\t<\/a>\n\t<a href=\"https:\/\/www.42gears.com\/contact-sales-team\/?pname=byod-demo\" target=\"_blank\" rel=\"noopener\">Programar una demostraci\u00f3n<\/a>\n<a href=\"https:\/\/www.youtube.com\/watch?v=bjAW0iEfBdo&amp;t=173s\" target=\"_blank\" rel=\"noopener\">Ver el seminario web<\/a>\n\n","protected":false},"excerpt":{"rendered":"<p>Traiga su propio dispositivo (BYOD) Ayudando a las empresas a adoptar estrategias BYOD Programar una demostraci\u00f3n visi\u00f3n general Traiga su propio dispositivo (BYOD, del ingl\u00e9s Bring Your Own Device) es una estrategia que permite a los empleados de la empresa y a otros usuarios utilizar dispositivos personales para acceder a los datos corporativos y realizar&hellip;<\/p>\n","protected":false},"author":7,"featured_media":28578,"parent":0,"menu_order":0,"comment_status":"closed","ping_status":"closed","template":"","meta":{"_acf_changed":false,"footnotes":""},"categories":[],"tags":[],"class_list":["post-20997","page","type-page","status-publish","has-post-thumbnail","hentry"],"acf":[],"yoast_head":"<!-- This site is optimized with the Yoast SEO Premium plugin v24.6 (Yoast SEO v24.6) - https:\/\/yoast.com\/wordpress\/plugins\/seo\/ -->\n<title>Traiga su propio dispositivo (BYOD) | Solution | 42Gears<\/title>\n<meta name=\"description\" content=\"Traiga su propio dispositivo (BYOD, del ingl\u00e9s Bring Your Own Device) es una estrategia que permite a los empleados de la empresa y a otros usuarios utilizar dispositivos personales para acceder a los datos corporativos y realizar operaciones comerciales\" \/>\n<meta name=\"robots\" content=\"index, follow, max-snippet:-1, max-image-preview:large, max-video-preview:-1\" \/>\n<link rel=\"canonical\" href=\"https:\/\/www.42gears.com\/es\/byod\/\" \/>\n<meta property=\"og:locale\" content=\"es_ES\" \/>\n<meta property=\"og:type\" content=\"article\" \/>\n<meta property=\"og:title\" content=\"Traiga su propio dispositivo (BYOD)\" \/>\n<meta property=\"og:description\" content=\"Traiga su propio dispositivo (BYOD, del ingl\u00e9s Bring Your Own Device) es una estrategia que permite a los empleados de la empresa y a otros usuarios utilizar dispositivos personales para acceder a los datos corporativos y realizar operaciones comerciales\" \/>\n<meta property=\"og:url\" content=\"https:\/\/www.42gears.com\/es\/byod\/\" \/>\n<meta property=\"og:site_name\" content=\"42Gears Mobility Systems\" \/>\n<meta property=\"article:publisher\" content=\"https:\/\/www.facebook.com\/42gears\" \/>\n<meta property=\"article:modified_time\" content=\"2021-04-14T10:45:25+00:00\" \/>\n<meta property=\"og:image\" content=\"https:\/\/www.42gears.com\/wp-content\/uploads\/2018\/12\/Featured-Image-42Gears-logo.png\" \/>\n\t<meta property=\"og:image:width\" content=\"499\" \/>\n\t<meta property=\"og:image:height\" content=\"330\" \/>\n\t<meta property=\"og:image:type\" content=\"image\/png\" \/>\n<meta name=\"twitter:card\" content=\"summary_large_image\" \/>\n<meta name=\"twitter:site\" content=\"@42Gears\" \/>\n<meta name=\"twitter:label1\" content=\"Est. reading time\" \/>\n\t<meta name=\"twitter:data1\" content=\"2 minutes\" \/>\n<script type=\"application\/ld+json\" class=\"yoast-schema-graph\">{\"@context\":\"https:\/\/schema.org\",\"@graph\":[{\"@type\":\"WebPage\",\"@id\":\"https:\/\/www.42gears.com\/es\/byod\/\",\"url\":\"https:\/\/www.42gears.com\/es\/byod\/\",\"name\":\"Traiga su propio dispositivo (BYOD) | Solution | 42Gears\",\"isPartOf\":{\"@id\":\"https:\/\/www.42gears.com\/#website\"},\"primaryImageOfPage\":{\"@id\":\"https:\/\/www.42gears.com\/es\/byod\/#primaryimage\"},\"image\":{\"@id\":\"https:\/\/www.42gears.com\/es\/byod\/#primaryimage\"},\"thumbnailUrl\":\"https:\/\/www.42gears.com\/wp-content\/uploads\/2018\/12\/Featured-Image-42Gears-logo.png\",\"datePublished\":\"2017-07-05T07:15:04+00:00\",\"dateModified\":\"2021-04-14T10:45:25+00:00\",\"description\":\"Traiga su propio dispositivo (BYOD, del ingl\u00e9s Bring Your Own Device) es una estrategia que permite a los empleados de la empresa y a otros usuarios utilizar dispositivos personales para acceder a los datos corporativos y realizar operaciones comerciales\",\"breadcrumb\":{\"@id\":\"https:\/\/www.42gears.com\/es\/byod\/#breadcrumb\"},\"inLanguage\":\"es-ES\",\"potentialAction\":[{\"@type\":\"ReadAction\",\"target\":[\"https:\/\/www.42gears.com\/es\/byod\/\"]}]},{\"@type\":\"ImageObject\",\"inLanguage\":\"es-ES\",\"@id\":\"https:\/\/www.42gears.com\/es\/byod\/#primaryimage\",\"url\":\"https:\/\/www.42gears.com\/wp-content\/uploads\/2018\/12\/Featured-Image-42Gears-logo.png\",\"contentUrl\":\"https:\/\/www.42gears.com\/wp-content\/uploads\/2018\/12\/Featured-Image-42Gears-logo.png\",\"width\":499,\"height\":330,\"caption\":\"Featured-Image-42Gears-logo\"},{\"@type\":\"BreadcrumbList\",\"@id\":\"https:\/\/www.42gears.com\/es\/byod\/#breadcrumb\",\"itemListElement\":[{\"@type\":\"ListItem\",\"position\":1,\"name\":\"Home\",\"item\":\"https:\/\/www.42gears.com\/es\/\"},{\"@type\":\"ListItem\",\"position\":2,\"name\":\"Traiga su propio dispositivo (BYOD)\"}]},{\"@type\":\"WebSite\",\"@id\":\"https:\/\/www.42gears.com\/#website\",\"url\":\"https:\/\/www.42gears.com\/\",\"name\":\"42Gears Mobility Systems\",\"description\":\"Mobile Device Management (MDM), Mobile Security &amp; Mobile Device Lockdown\",\"publisher\":{\"@id\":\"https:\/\/www.42gears.com\/#organization\"},\"potentialAction\":[{\"@type\":\"SearchAction\",\"target\":{\"@type\":\"EntryPoint\",\"urlTemplate\":\"https:\/\/www.42gears.com\/?s={search_term_string}\"},\"query-input\":{\"@type\":\"PropertyValueSpecification\",\"valueRequired\":true,\"valueName\":\"search_term_string\"}}],\"inLanguage\":\"es-ES\"},{\"@type\":\"Organization\",\"@id\":\"https:\/\/www.42gears.com\/#organization\",\"name\":\"MDM - 42Gears\",\"url\":\"https:\/\/www.42gears.com\/\",\"logo\":{\"@type\":\"ImageObject\",\"inLanguage\":\"es-ES\",\"@id\":\"https:\/\/www.42gears.com\/#\/schema\/logo\/image\/\",\"url\":\"https:\/\/www.42gears.com\/wp-content\/uploads\/2018\/12\/Featured-Image-42Gears-logo.png\",\"contentUrl\":\"https:\/\/www.42gears.com\/wp-content\/uploads\/2018\/12\/Featured-Image-42Gears-logo.png\",\"width\":499,\"height\":330,\"caption\":\"MDM - 42Gears\"},\"image\":{\"@id\":\"https:\/\/www.42gears.com\/#\/schema\/logo\/image\/\"},\"sameAs\":[\"https:\/\/www.facebook.com\/42gears\",\"https:\/\/x.com\/42Gears\"]}]}<\/script>\n<!-- \/ Yoast SEO Premium plugin. -->","yoast_head_json":{"title":"Traiga su propio dispositivo (BYOD) | Solution | 42Gears","description":"Traiga su propio dispositivo (BYOD, del ingl\u00e9s Bring Your Own Device) es una estrategia que permite a los empleados de la empresa y a otros usuarios utilizar dispositivos personales para acceder a los datos corporativos y realizar operaciones comerciales","robots":{"index":"index","follow":"follow","max-snippet":"max-snippet:-1","max-image-preview":"max-image-preview:large","max-video-preview":"max-video-preview:-1"},"canonical":"https:\/\/www.42gears.com\/es\/byod\/","og_locale":"es_ES","og_type":"article","og_title":"Traiga su propio dispositivo (BYOD)","og_description":"Traiga su propio dispositivo (BYOD, del ingl\u00e9s Bring Your Own Device) es una estrategia que permite a los empleados de la empresa y a otros usuarios utilizar dispositivos personales para acceder a los datos corporativos y realizar operaciones comerciales","og_url":"https:\/\/www.42gears.com\/es\/byod\/","og_site_name":"42Gears Mobility Systems","article_publisher":"https:\/\/www.facebook.com\/42gears","article_modified_time":"2021-04-14T10:45:25+00:00","og_image":[{"width":499,"height":330,"url":"https:\/\/www.42gears.com\/wp-content\/uploads\/2018\/12\/Featured-Image-42Gears-logo.png","type":"image\/png"}],"twitter_card":"summary_large_image","twitter_site":"@42Gears","twitter_misc":{"Est. reading time":"2 minutes"},"schema":{"@context":"https:\/\/schema.org","@graph":[{"@type":"WebPage","@id":"https:\/\/www.42gears.com\/es\/byod\/","url":"https:\/\/www.42gears.com\/es\/byod\/","name":"Traiga su propio dispositivo (BYOD) | Solution | 42Gears","isPartOf":{"@id":"https:\/\/www.42gears.com\/#website"},"primaryImageOfPage":{"@id":"https:\/\/www.42gears.com\/es\/byod\/#primaryimage"},"image":{"@id":"https:\/\/www.42gears.com\/es\/byod\/#primaryimage"},"thumbnailUrl":"https:\/\/www.42gears.com\/wp-content\/uploads\/2018\/12\/Featured-Image-42Gears-logo.png","datePublished":"2017-07-05T07:15:04+00:00","dateModified":"2021-04-14T10:45:25+00:00","description":"Traiga su propio dispositivo (BYOD, del ingl\u00e9s Bring Your Own Device) es una estrategia que permite a los empleados de la empresa y a otros usuarios utilizar dispositivos personales para acceder a los datos corporativos y realizar operaciones comerciales","breadcrumb":{"@id":"https:\/\/www.42gears.com\/es\/byod\/#breadcrumb"},"inLanguage":"es-ES","potentialAction":[{"@type":"ReadAction","target":["https:\/\/www.42gears.com\/es\/byod\/"]}]},{"@type":"ImageObject","inLanguage":"es-ES","@id":"https:\/\/www.42gears.com\/es\/byod\/#primaryimage","url":"https:\/\/www.42gears.com\/wp-content\/uploads\/2018\/12\/Featured-Image-42Gears-logo.png","contentUrl":"https:\/\/www.42gears.com\/wp-content\/uploads\/2018\/12\/Featured-Image-42Gears-logo.png","width":499,"height":330,"caption":"Featured-Image-42Gears-logo"},{"@type":"BreadcrumbList","@id":"https:\/\/www.42gears.com\/es\/byod\/#breadcrumb","itemListElement":[{"@type":"ListItem","position":1,"name":"Home","item":"https:\/\/www.42gears.com\/es\/"},{"@type":"ListItem","position":2,"name":"Traiga su propio dispositivo (BYOD)"}]},{"@type":"WebSite","@id":"https:\/\/www.42gears.com\/#website","url":"https:\/\/www.42gears.com\/","name":"42Gears Mobility Systems","description":"Mobile Device Management (MDM), Mobile Security &amp; Mobile Device Lockdown","publisher":{"@id":"https:\/\/www.42gears.com\/#organization"},"potentialAction":[{"@type":"SearchAction","target":{"@type":"EntryPoint","urlTemplate":"https:\/\/www.42gears.com\/?s={search_term_string}"},"query-input":{"@type":"PropertyValueSpecification","valueRequired":true,"valueName":"search_term_string"}}],"inLanguage":"es-ES"},{"@type":"Organization","@id":"https:\/\/www.42gears.com\/#organization","name":"MDM - 42Gears","url":"https:\/\/www.42gears.com\/","logo":{"@type":"ImageObject","inLanguage":"es-ES","@id":"https:\/\/www.42gears.com\/#\/schema\/logo\/image\/","url":"https:\/\/www.42gears.com\/wp-content\/uploads\/2018\/12\/Featured-Image-42Gears-logo.png","contentUrl":"https:\/\/www.42gears.com\/wp-content\/uploads\/2018\/12\/Featured-Image-42Gears-logo.png","width":499,"height":330,"caption":"MDM - 42Gears"},"image":{"@id":"https:\/\/www.42gears.com\/#\/schema\/logo\/image\/"},"sameAs":["https:\/\/www.facebook.com\/42gears","https:\/\/x.com\/42Gears"]}]}},"_links":{"self":[{"href":"https:\/\/www.42gears.com\/es\/wp-json\/wp\/v2\/pages\/20997","targetHints":{"allow":["GET"]}}],"collection":[{"href":"https:\/\/www.42gears.com\/es\/wp-json\/wp\/v2\/pages"}],"about":[{"href":"https:\/\/www.42gears.com\/es\/wp-json\/wp\/v2\/types\/page"}],"author":[{"embeddable":true,"href":"https:\/\/www.42gears.com\/es\/wp-json\/wp\/v2\/users\/7"}],"replies":[{"embeddable":true,"href":"https:\/\/www.42gears.com\/es\/wp-json\/wp\/v2\/comments?post=20997"}],"version-history":[{"count":8,"href":"https:\/\/www.42gears.com\/es\/wp-json\/wp\/v2\/pages\/20997\/revisions"}],"predecessor-version":[{"id":64468,"href":"https:\/\/www.42gears.com\/es\/wp-json\/wp\/v2\/pages\/20997\/revisions\/64468"}],"wp:featuredmedia":[{"embeddable":true,"href":"https:\/\/www.42gears.com\/es\/wp-json\/wp\/v2\/media\/28578"}],"wp:attachment":[{"href":"https:\/\/www.42gears.com\/es\/wp-json\/wp\/v2\/media?parent=20997"}],"wp:term":[{"taxonomy":"category","embeddable":true,"href":"https:\/\/www.42gears.com\/es\/wp-json\/wp\/v2\/categories?post=20997"},{"taxonomy":"post_tag","embeddable":true,"href":"https:\/\/www.42gears.com\/es\/wp-json\/wp\/v2\/tags?post=20997"}],"curies":[{"name":"wp","href":"https:\/\/api.w.org\/{rel}","templated":true}]}}