{"id":20978,"date":"2017-10-24T10:53:27","date_gmt":"2017-10-24T10:53:27","guid":{"rendered":"http:\/\/live-42gears-site.pantheonsite.io\/?page_id=20978\/"},"modified":"2021-04-19T04:54:10","modified_gmt":"2021-04-19T04:54:10","slug":"rugged-device-management","status":"publish","type":"page","link":"https:\/\/www.42gears.com\/es\/rugged-device-management\/","title":{"rendered":"Gesti\u00f3n de Dispositivos Robustos"},"content":{"rendered":"\n\n\t<h1>Gesti\u00f3n de Dispositivos Robustos<\/h1>\nAyudando a las empresas a permanecer m\u00f3viles en entornos dif\u00edciles\n\t<a href=\"https:\/\/www.42gears.com\/contact-sales-team\/?pname=10\" target=\"_blank\" rel=\"noopener\">Programar una demostraci\u00f3n<\/a>\n\t\t\t\t<img decoding=\"async\" src=\"https:\/\/www.42gears.com\/wp-content\/uploads\/2020\/03\/Banner-Rugged-Device-Management-Rugged-Devices.png\" alt=\"Banner - Rugged-Device-Management-Rugged-Devices\" itemprop=\"image\" height=\"422\" width=\"439\" title=\"Banner - Rugged-Device-Management-Rugged-Devices\" onerror=\"this.style.display='none'\"  \/>\n\t<p>Programar una demostraci\u00f3n<\/p>\n<p>42Gears ofrece soluciones de gesti\u00f3n m\u00f3viles para garantizar y gestionar dispositivos manuales robustos en estos negocios. Para dispositivos Android, Windows Mobile 5.0\/6.1\/6.5 y Windows CE 5.0 en adelante.<\/p>\n\t\t\t\t<img decoding=\"async\" src=\"https:\/\/www.42gears.com\/wp-content\/uploads\/2020\/04\/zebra-validated-badge-color.png\" alt=\"zebra-validated-badge-color\" itemprop=\"image\" height=\"554\" width=\"696\" title=\"zebra-validated-badge-color\" onerror=\"this.style.display='none'\"  \/>\n\t<h2>Caracter\u00edsticas clave<\/h2>\n\t\t\t\t<img decoding=\"async\" src=\"http:\/\/live-42gears-site.pantheonsite.io\/wp-content\/uploads\/2018\/07\/Enrollment-150x150.png\" alt=\"Enrollment\" itemprop=\"image\" title=\"Enrollment\" onerror=\"this.style.display='none'\"  \/>\n\tRegistro<br \/>\nRegistre los dispositivos a trav\u00e9s de un proceso automatizado utilizando escaneo de c\u00f3digos de barras y activaci\u00f3n OTA. La autenticaci\u00f3n del usuario ocurre con la ayuda de cuentas de servicios de directorio que permiten que los dispositivos se configuren autom\u00e1ticamente con los perfiles y ajustes predefinidos.\n\t\t\t\t<img decoding=\"async\" src=\"http:\/\/live-42gears-site.pantheonsite.io\/wp-content\/uploads\/2018\/07\/Security-150x150.png\" alt=\"Security\" itemprop=\"image\" title=\"Security\" onerror=\"this.style.display='none'\"  \/>\n\tSeguridad<br \/>\nEstablezca niveles de complejidad para contrase\u00f1as y cree cifrado de almacenamiento en dispositivos para archivos y documentos corporativos. Establezca limitaciones en el acceso a archivos compartidos, mensajes compartidos, Bluetooth y acceso a la c\u00e1mara.\n\t\t\t\t<img decoding=\"async\" src=\"http:\/\/live-42gears-site.pantheonsite.io\/wp-content\/uploads\/2018\/07\/alerts-150x150.png\" alt=\"alerts\" itemprop=\"image\" title=\"alerts\" onerror=\"this.style.display='none'\"  \/>\n\tAlertas<br \/>\nLa pol\u00edtica de notificaciones puede configurarse para alertar autom\u00e1ticamente a los administradores sobre el estado de los dispositivos como el nivel de la bater\u00eda, las versiones de SO y los intentos de acceso a archivos ra\u00edz. Hay tambi\u00e9n pol\u00edticas de vallado geogr\u00e1fico basado en ubicaci\u00f3n y vallado de red para alertar a los administradores sobre el estado del dispositivo dentro de ciertas \u00e1reas y redes. La pol\u00edtica de administraci\u00f3n de telecomunicaciones puede configurarse para informar el uso de datos y definir las medidas correspondientes en el dispositivo como alertas o bloqueo de los datos.\n\t\t\t\t<img decoding=\"async\" src=\"http:\/\/live-42gears-site.pantheonsite.io\/wp-content\/uploads\/2018\/07\/Profiles-150x150.png\" alt=\"\" itemprop=\"image\" onerror=\"this.style.display='none'\"  \/>\n\tPerfiles<br \/>\nConfigure perfiles de dispositivos para instalaciones clasificadas de aplicaciones corporativas, archivos y perfiles (VPN, correo electr\u00f3nico, Wi-Fi). Use perfiles para administrar las pol\u00edticas de seguridad como las contrase\u00f1as.\n\t\t\t\t<img decoding=\"async\" src=\"http:\/\/live-42gears-site.pantheonsite.io\/wp-content\/uploads\/2018\/07\/Device-provisioning-150x150.png\" alt=\"Device provisioning\" itemprop=\"image\" title=\"Device provisioning\" onerror=\"this.style.display='none'\"  \/>\n\tSuministro de dispositivos<br \/>\nCree tareas para insertar aplicaciones o archivos, actualizar el sistema operativo y corregir los ajustes de los dispositivos de mano robustos.\n\t\t\t\t<img decoding=\"async\" src=\"http:\/\/live-42gears-site.pantheonsite.io\/wp-content\/uploads\/2018\/07\/Diagnostics-150x150.png\" alt=\"Diagnostics\" itemprop=\"image\" title=\"Diagnostics\" onerror=\"this.style.display='none'\"  \/>\n\tDiagn\u00f3stico<br \/>\nControle los dispositivos de campo y obtenga actualizaciones de estado tales como GPS, registro de llamadas, estad\u00edsticas de red y atributos definidos por IT. El administrador puede obtener actualizaciones en tiempo real sobre el nivel de la bater\u00eda, la memoria de almacenamiento y el uso de datos.\n\t\t\t\t<img decoding=\"async\" src=\"http:\/\/live-42gears-site.pantheonsite.io\/wp-content\/uploads\/2018\/07\/Remote-helpdesk-150x150.png\" alt=\"Remote helpdesk\" itemprop=\"image\" title=\"Remote helpdesk\" onerror=\"this.style.display='none'\"  \/>\n\tCentro de asistencia remota<br \/>\nSolucione problemas de los dispositivos remotamente controlando la pantalla del dispositivo, bloquee o borre dispositivos, tome capturas de pantalla, examine y descargue archivos\/carpetas.\n\t\t\t\t<img decoding=\"async\" src=\"http:\/\/live-42gears-site.pantheonsite.io\/wp-content\/uploads\/2018\/07\/Device-tracking-150x150.png\" alt=\"Device tracking\" itemprop=\"image\" title=\"Device tracking\" onerror=\"this.style.display='none'\"  \/>\n\tRastreo de dispositivos<br \/>\nUtilice la consola de administraci\u00f3n para rastrear y administrar dispositivos m\u00f3viles robustos. Env\u00ede comandos o mensajes directamente a los dispositivos y vea en tiempo real los detalles del dispositivo, como el modelo, el registro de eventos, GPS y errores del dispositivo.\n\t<h3>Robustos socios OEM<\/h3>\n\t\t\t\t<img decoding=\"async\" src=\"https:\/\/www.42gears.com\/wp-content\/uploads\/2019\/12\/datalogic_logo.png\" alt=\"datalogic_logo\" itemprop=\"image\" height=\"106\" width=\"285\" title=\"datalogic_logo\" onerror=\"this.style.display='none'\"  \/>\n\t\t\t\t<img decoding=\"async\" src=\"https:\/\/www.42gears.com\/wp-content\/uploads\/2020\/03\/Honeywell.png\" alt=\"Honeywell\" itemprop=\"image\" height=\"106\" width=\"285\" title=\"Honeywell\" onerror=\"this.style.display='none'\"  \/>\n\t\t\t\t<img decoding=\"async\" src=\"http:\/\/live-42gears-site.pantheonsite.io\/wp-content\/uploads\/2018\/08\/zebra.png\" alt=\"zebra\" itemprop=\"image\" title=\"zebra\" onerror=\"this.style.display='none'\"  \/>\n\t\t\t\t<img decoding=\"async\" src=\"http:\/\/live-42gears-site.pantheonsite.io\/wp-content\/uploads\/2018\/08\/spectralink.png\" alt=\"spectralink\" itemprop=\"image\" title=\"spectralink\" onerror=\"this.style.display='none'\"  \/>\n\t\t\t\t<img decoding=\"async\" src=\"http:\/\/live-42gears-site.pantheonsite.io\/wp-content\/uploads\/2018\/08\/urovo.png\" alt=\"urovo\" itemprop=\"image\" title=\"urovo\" onerror=\"this.style.display='none'\"  \/>\n\t\t\t\t<img decoding=\"async\" src=\"https:\/\/www.42gears.com\/wp-content\/uploads\/2020\/03\/Unitech-Rugged-Devices.png\" alt=\"Unitech - Rugged Devices\" itemprop=\"image\" height=\"106\" width=\"285\" title=\"Unitech - Rugged Devices\" onerror=\"this.style.display='none'\"  \/>\n\t<center><a href=\"https:\/\/www.42gears.com\/contact-sales-team\/?pname=10\" target=\"_blank\" rel=\"noopener\">Programar una demostraci\u00f3n<\/a><\/center>\n\n","protected":false},"excerpt":{"rendered":"<p>Gesti\u00f3n de Dispositivos Robustos Ayudando a las empresas a permanecer m\u00f3viles en entornos dif\u00edciles Programar una demostraci\u00f3n Programar una demostraci\u00f3n 42Gears ofrece soluciones de gesti\u00f3n m\u00f3viles para garantizar y gestionar dispositivos manuales robustos en estos negocios. Para dispositivos Android, Windows Mobile 5.0\/6.1\/6.5 y Windows CE 5.0 en adelante. Caracter\u00edsticas clave Registro Registre los dispositivos a&hellip;<\/p>\n","protected":false},"author":7,"featured_media":28578,"parent":0,"menu_order":0,"comment_status":"closed","ping_status":"closed","template":"","meta":{"_acf_changed":false,"footnotes":""},"categories":[],"tags":[],"class_list":["post-20978","page","type-page","status-publish","has-post-thumbnail","hentry"],"acf":[],"yoast_head":"<!-- This site is optimized with the Yoast SEO Premium plugin v24.6 (Yoast SEO v24.6) - https:\/\/yoast.com\/wordpress\/plugins\/seo\/ -->\n<title>Soluciones inform\u00e1ticas robustas | Gesti\u00f3n de Dispositivos Robustos | UEM de 42Gears<\/title>\n<meta name=\"description\" content=\"Las soluciones para la gesti\u00f3n de dispositivos robustos, ordenadores m\u00f3viles y PDA son programas innovadores que ayudan a las empresas a mantenerse m\u00f3viles en entornos dif\u00edciles.\" \/>\n<meta name=\"robots\" content=\"index, follow, max-snippet:-1, max-image-preview:large, max-video-preview:-1\" \/>\n<link rel=\"canonical\" href=\"https:\/\/www.42gears.com\/es\/rugged-device-management\/\" \/>\n<meta property=\"og:locale\" content=\"es_ES\" \/>\n<meta property=\"og:type\" content=\"article\" \/>\n<meta property=\"og:title\" content=\"Gesti\u00f3n de Dispositivos Robustos\" \/>\n<meta property=\"og:description\" content=\"Las soluciones para la gesti\u00f3n de dispositivos robustos, ordenadores m\u00f3viles y PDA son programas innovadores que ayudan a las empresas a mantenerse m\u00f3viles en entornos dif\u00edciles.\" \/>\n<meta property=\"og:url\" content=\"https:\/\/www.42gears.com\/es\/rugged-device-management\/\" \/>\n<meta property=\"og:site_name\" content=\"42Gears Mobility Systems\" \/>\n<meta property=\"article:publisher\" content=\"https:\/\/www.facebook.com\/42gears\" \/>\n<meta property=\"article:modified_time\" content=\"2021-04-19T04:54:10+00:00\" \/>\n<meta property=\"og:image\" content=\"https:\/\/www.42gears.com\/wp-content\/uploads\/2018\/12\/Featured-Image-42Gears-logo.png\" \/>\n\t<meta property=\"og:image:width\" content=\"499\" \/>\n\t<meta property=\"og:image:height\" content=\"330\" \/>\n\t<meta property=\"og:image:type\" content=\"image\/png\" \/>\n<meta name=\"twitter:card\" content=\"summary_large_image\" \/>\n<meta name=\"twitter:site\" content=\"@42Gears\" \/>\n<meta name=\"twitter:label1\" content=\"Est. reading time\" \/>\n\t<meta name=\"twitter:data1\" content=\"2 minutes\" \/>\n<script type=\"application\/ld+json\" class=\"yoast-schema-graph\">{\"@context\":\"https:\/\/schema.org\",\"@graph\":[{\"@type\":\"WebPage\",\"@id\":\"https:\/\/www.42gears.com\/es\/rugged-device-management\/\",\"url\":\"https:\/\/www.42gears.com\/es\/rugged-device-management\/\",\"name\":\"Soluciones inform\u00e1ticas robustas | Gesti\u00f3n de Dispositivos Robustos | UEM de 42Gears\",\"isPartOf\":{\"@id\":\"https:\/\/www.42gears.com\/#website\"},\"primaryImageOfPage\":{\"@id\":\"https:\/\/www.42gears.com\/es\/rugged-device-management\/#primaryimage\"},\"image\":{\"@id\":\"https:\/\/www.42gears.com\/es\/rugged-device-management\/#primaryimage\"},\"thumbnailUrl\":\"https:\/\/www.42gears.com\/wp-content\/uploads\/2018\/12\/Featured-Image-42Gears-logo.png\",\"datePublished\":\"2017-10-24T10:53:27+00:00\",\"dateModified\":\"2021-04-19T04:54:10+00:00\",\"description\":\"Las soluciones para la gesti\u00f3n de dispositivos robustos, ordenadores m\u00f3viles y PDA son programas innovadores que ayudan a las empresas a mantenerse m\u00f3viles en entornos dif\u00edciles.\",\"breadcrumb\":{\"@id\":\"https:\/\/www.42gears.com\/es\/rugged-device-management\/#breadcrumb\"},\"inLanguage\":\"es-ES\",\"potentialAction\":[{\"@type\":\"ReadAction\",\"target\":[\"https:\/\/www.42gears.com\/es\/rugged-device-management\/\"]}]},{\"@type\":\"ImageObject\",\"inLanguage\":\"es-ES\",\"@id\":\"https:\/\/www.42gears.com\/es\/rugged-device-management\/#primaryimage\",\"url\":\"https:\/\/www.42gears.com\/wp-content\/uploads\/2018\/12\/Featured-Image-42Gears-logo.png\",\"contentUrl\":\"https:\/\/www.42gears.com\/wp-content\/uploads\/2018\/12\/Featured-Image-42Gears-logo.png\",\"width\":499,\"height\":330,\"caption\":\"Featured-Image-42Gears-logo\"},{\"@type\":\"BreadcrumbList\",\"@id\":\"https:\/\/www.42gears.com\/es\/rugged-device-management\/#breadcrumb\",\"itemListElement\":[{\"@type\":\"ListItem\",\"position\":1,\"name\":\"Home\",\"item\":\"https:\/\/www.42gears.com\/es\/\"},{\"@type\":\"ListItem\",\"position\":2,\"name\":\"Gesti\u00f3n de Dispositivos Robustos\"}]},{\"@type\":\"WebSite\",\"@id\":\"https:\/\/www.42gears.com\/#website\",\"url\":\"https:\/\/www.42gears.com\/\",\"name\":\"42Gears Mobility Systems\",\"description\":\"Mobile Device Management (MDM), Mobile Security &amp; Mobile Device Lockdown\",\"publisher\":{\"@id\":\"https:\/\/www.42gears.com\/#organization\"},\"potentialAction\":[{\"@type\":\"SearchAction\",\"target\":{\"@type\":\"EntryPoint\",\"urlTemplate\":\"https:\/\/www.42gears.com\/?s={search_term_string}\"},\"query-input\":{\"@type\":\"PropertyValueSpecification\",\"valueRequired\":true,\"valueName\":\"search_term_string\"}}],\"inLanguage\":\"es-ES\"},{\"@type\":\"Organization\",\"@id\":\"https:\/\/www.42gears.com\/#organization\",\"name\":\"MDM - 42Gears\",\"url\":\"https:\/\/www.42gears.com\/\",\"logo\":{\"@type\":\"ImageObject\",\"inLanguage\":\"es-ES\",\"@id\":\"https:\/\/www.42gears.com\/#\/schema\/logo\/image\/\",\"url\":\"https:\/\/www.42gears.com\/wp-content\/uploads\/2018\/12\/Featured-Image-42Gears-logo.png\",\"contentUrl\":\"https:\/\/www.42gears.com\/wp-content\/uploads\/2018\/12\/Featured-Image-42Gears-logo.png\",\"width\":499,\"height\":330,\"caption\":\"MDM - 42Gears\"},\"image\":{\"@id\":\"https:\/\/www.42gears.com\/#\/schema\/logo\/image\/\"},\"sameAs\":[\"https:\/\/www.facebook.com\/42gears\",\"https:\/\/x.com\/42Gears\"]}]}<\/script>\n<!-- \/ Yoast SEO Premium plugin. -->","yoast_head_json":{"title":"Soluciones inform\u00e1ticas robustas | Gesti\u00f3n de Dispositivos Robustos | UEM de 42Gears","description":"Las soluciones para la gesti\u00f3n de dispositivos robustos, ordenadores m\u00f3viles y PDA son programas innovadores que ayudan a las empresas a mantenerse m\u00f3viles en entornos dif\u00edciles.","robots":{"index":"index","follow":"follow","max-snippet":"max-snippet:-1","max-image-preview":"max-image-preview:large","max-video-preview":"max-video-preview:-1"},"canonical":"https:\/\/www.42gears.com\/es\/rugged-device-management\/","og_locale":"es_ES","og_type":"article","og_title":"Gesti\u00f3n de Dispositivos Robustos","og_description":"Las soluciones para la gesti\u00f3n de dispositivos robustos, ordenadores m\u00f3viles y PDA son programas innovadores que ayudan a las empresas a mantenerse m\u00f3viles en entornos dif\u00edciles.","og_url":"https:\/\/www.42gears.com\/es\/rugged-device-management\/","og_site_name":"42Gears Mobility Systems","article_publisher":"https:\/\/www.facebook.com\/42gears","article_modified_time":"2021-04-19T04:54:10+00:00","og_image":[{"width":499,"height":330,"url":"https:\/\/www.42gears.com\/wp-content\/uploads\/2018\/12\/Featured-Image-42Gears-logo.png","type":"image\/png"}],"twitter_card":"summary_large_image","twitter_site":"@42Gears","twitter_misc":{"Est. reading time":"2 minutes"},"schema":{"@context":"https:\/\/schema.org","@graph":[{"@type":"WebPage","@id":"https:\/\/www.42gears.com\/es\/rugged-device-management\/","url":"https:\/\/www.42gears.com\/es\/rugged-device-management\/","name":"Soluciones inform\u00e1ticas robustas | Gesti\u00f3n de Dispositivos Robustos | UEM de 42Gears","isPartOf":{"@id":"https:\/\/www.42gears.com\/#website"},"primaryImageOfPage":{"@id":"https:\/\/www.42gears.com\/es\/rugged-device-management\/#primaryimage"},"image":{"@id":"https:\/\/www.42gears.com\/es\/rugged-device-management\/#primaryimage"},"thumbnailUrl":"https:\/\/www.42gears.com\/wp-content\/uploads\/2018\/12\/Featured-Image-42Gears-logo.png","datePublished":"2017-10-24T10:53:27+00:00","dateModified":"2021-04-19T04:54:10+00:00","description":"Las soluciones para la gesti\u00f3n de dispositivos robustos, ordenadores m\u00f3viles y PDA son programas innovadores que ayudan a las empresas a mantenerse m\u00f3viles en entornos dif\u00edciles.","breadcrumb":{"@id":"https:\/\/www.42gears.com\/es\/rugged-device-management\/#breadcrumb"},"inLanguage":"es-ES","potentialAction":[{"@type":"ReadAction","target":["https:\/\/www.42gears.com\/es\/rugged-device-management\/"]}]},{"@type":"ImageObject","inLanguage":"es-ES","@id":"https:\/\/www.42gears.com\/es\/rugged-device-management\/#primaryimage","url":"https:\/\/www.42gears.com\/wp-content\/uploads\/2018\/12\/Featured-Image-42Gears-logo.png","contentUrl":"https:\/\/www.42gears.com\/wp-content\/uploads\/2018\/12\/Featured-Image-42Gears-logo.png","width":499,"height":330,"caption":"Featured-Image-42Gears-logo"},{"@type":"BreadcrumbList","@id":"https:\/\/www.42gears.com\/es\/rugged-device-management\/#breadcrumb","itemListElement":[{"@type":"ListItem","position":1,"name":"Home","item":"https:\/\/www.42gears.com\/es\/"},{"@type":"ListItem","position":2,"name":"Gesti\u00f3n de Dispositivos Robustos"}]},{"@type":"WebSite","@id":"https:\/\/www.42gears.com\/#website","url":"https:\/\/www.42gears.com\/","name":"42Gears Mobility Systems","description":"Mobile Device Management (MDM), Mobile Security &amp; Mobile Device Lockdown","publisher":{"@id":"https:\/\/www.42gears.com\/#organization"},"potentialAction":[{"@type":"SearchAction","target":{"@type":"EntryPoint","urlTemplate":"https:\/\/www.42gears.com\/?s={search_term_string}"},"query-input":{"@type":"PropertyValueSpecification","valueRequired":true,"valueName":"search_term_string"}}],"inLanguage":"es-ES"},{"@type":"Organization","@id":"https:\/\/www.42gears.com\/#organization","name":"MDM - 42Gears","url":"https:\/\/www.42gears.com\/","logo":{"@type":"ImageObject","inLanguage":"es-ES","@id":"https:\/\/www.42gears.com\/#\/schema\/logo\/image\/","url":"https:\/\/www.42gears.com\/wp-content\/uploads\/2018\/12\/Featured-Image-42Gears-logo.png","contentUrl":"https:\/\/www.42gears.com\/wp-content\/uploads\/2018\/12\/Featured-Image-42Gears-logo.png","width":499,"height":330,"caption":"MDM - 42Gears"},"image":{"@id":"https:\/\/www.42gears.com\/#\/schema\/logo\/image\/"},"sameAs":["https:\/\/www.facebook.com\/42gears","https:\/\/x.com\/42Gears"]}]}},"_links":{"self":[{"href":"https:\/\/www.42gears.com\/es\/wp-json\/wp\/v2\/pages\/20978","targetHints":{"allow":["GET"]}}],"collection":[{"href":"https:\/\/www.42gears.com\/es\/wp-json\/wp\/v2\/pages"}],"about":[{"href":"https:\/\/www.42gears.com\/es\/wp-json\/wp\/v2\/types\/page"}],"author":[{"embeddable":true,"href":"https:\/\/www.42gears.com\/es\/wp-json\/wp\/v2\/users\/7"}],"replies":[{"embeddable":true,"href":"https:\/\/www.42gears.com\/es\/wp-json\/wp\/v2\/comments?post=20978"}],"version-history":[{"count":5,"href":"https:\/\/www.42gears.com\/es\/wp-json\/wp\/v2\/pages\/20978\/revisions"}],"predecessor-version":[{"id":64681,"href":"https:\/\/www.42gears.com\/es\/wp-json\/wp\/v2\/pages\/20978\/revisions\/64681"}],"wp:featuredmedia":[{"embeddable":true,"href":"https:\/\/www.42gears.com\/es\/wp-json\/wp\/v2\/media\/28578"}],"wp:attachment":[{"href":"https:\/\/www.42gears.com\/es\/wp-json\/wp\/v2\/media?parent=20978"}],"wp:term":[{"taxonomy":"category","embeddable":true,"href":"https:\/\/www.42gears.com\/es\/wp-json\/wp\/v2\/categories?post=20978"},{"taxonomy":"post_tag","embeddable":true,"href":"https:\/\/www.42gears.com\/es\/wp-json\/wp\/v2\/tags?post=20978"}],"curies":[{"name":"wp","href":"https:\/\/api.w.org\/{rel}","templated":true}]}}