{"id":18375,"date":"2017-04-11T06:27:06","date_gmt":"2017-04-11T06:27:06","guid":{"rendered":"http:\/\/live-42gears-site.pantheonsite.io\/?page_id=18375\/"},"modified":"2023-01-10T13:20:44","modified_gmt":"2023-01-10T13:20:44","slug":"surevideo","status":"publish","type":"page","link":"https:\/\/www.42gears.com\/es\/surevideo\/","title":{"rendered":"SureVideo"},"content":{"rendered":"\n\n\t<h1>Soluci\u00f3n de Se\u00f1alizaci\u00f3n Digital SureVideo<\/h1>\nCONVERTIR DISPOSITIVOS EN VISUALIZACIONES DE SE\u00d1ALIZACI\u00d3N DIGITAL\n\t<a href=\"https:\/\/www.42gears.com\/downloads-page\/\">Prueba gratis<\/a>\n\t<h3>Descripci\u00f3n general<\/h3>\n\t<p>Las soluciones de Se\u00f1alizaci\u00f3n Digital (Digital Signage) son \u00fatiles para ofrecer contenido especialmente dirigido a ciertas audiencias para captar su atenci\u00f3n. SureVideo puede usarse como un transmisor de bucles (looper) de v\u00eddeo para mostrar anuncios, noticias, informaci\u00f3n de productos o cualquier otra informaci\u00f3n que su negocio quiera hacer llegar a sus clientes.<\/p>\n<p>Instale SureVideo en una tableta o TV stick y configurar una lista de reproducci\u00f3n de v\u00eddeos en bucle. Usted puede f\u00e1cilmente desplegar la lista de reproducci\u00f3n en dispositivos m\u00faltiples y actualizarla en cualquier momento.<\/p>\n\t<h3>Seleccione su plataforma<\/h3>\n\t <center><a href=\"https:\/\/www.42gears.com\/products\/digital-signage\/android\/\"><img decoding=\"async\" src=\"https:\/\/www.42gears.com\/wp-content\/uploads\/2018\/04\/android.png\"\/><\/a><\/center>\n\t<p><a href=\"https:\/\/www.42gears.com\/products\/digital-signage\/android\/\">Android<\/a><\/p>\n\t <center> <a href=\"https:\/\/www.42gears.com\/products\/digital-signage\/ios-and-ipados\/\"><img decoding=\"async\" src=\"https:\/\/www.42gears.com\/wp-content\/uploads\/2018\/04\/ios.png\"\/><\/a><\/center> \n\t<p><a href=\"https:\/\/www.42gears.com\/products\/digital-signage\/ios-and-ipados\/\">iOS<\/a><\/p>\n\t <center> <a href=\"https:\/\/www.42gears.com\/products\/digital-signage\/windows-11\/\"><img decoding=\"async\" src=\"https:\/\/www.42gears.com\/wp-content\/uploads\/2018\/04\/windows.png\"\/><\/a><\/center> \n\t<p><a href=\"https:\/\/www.42gears.com\/products\/digital-signage\/windows-11\/\">Windows<\/a><\/p>\n\t\t\t<img decoding=\"async\" src=\"https:\/\/www.42gears.com\/wp-content\/uploads\/2018\/04\/Asset-3defaul.png\" alt=\"Asset 3defaul\" \/>\n<img decoding=\"async\" src=\"https:\/\/www.42gears.com\/wp-content\/uploads\/2018\/04\/left-quote.png\" alt=\"left quote\"\/>\n<!-- text here --><br \/>\nSureVideo Kiosk funciona como por arte de magia. Viene con gran cantidad de opciones que le gustar\u00e1n. Adem\u00e1s el soporte t\u00e9cnico me ayud\u00f3 en un segundo a resolver mi error. \u00a1Altamente recomendado!<br \/>\n<!-- text here -->\n<img decoding=\"async\" src=\"https:\/\/www.42gears.com\/wp-content\/uploads\/2018\/04\/right-quote.png\" alt=\"right quote\"\/>\n<p><!-- text here -->Bane Jovicic<!-- text here --><\/p>\n\t\t\t<img decoding=\"async\" src=\"https:\/\/www.42gears.com\/wp-content\/uploads\/2018\/04\/Asset-3defaul.png\" alt=\"Asset 3defaul\"\/>\n<img decoding=\"async\" src=\"https:\/\/www.42gears.com\/wp-content\/uploads\/2018\/04\/left-quote.png\" alt=\"left quote\"\/>\n<!-- text here --><br \/>\nMuy bueno para una soluci\u00f3n de se\u00f1alizaci\u00f3n digital de pantalla \u00fanica. Muy f\u00e1cil de usar. Tan solo debe plug-n-play (enchufar y usar) con m\u00e9todos como copiar y pegar simples. Tiene muchas funciones incorporadas y puede usarse las 24 horas, los 7 d\u00edas de la semana sin peligro alguno.<br \/>\n<!-- text here -->\n<img decoding=\"async\" src=\"https:\/\/www.42gears.com\/wp-content\/uploads\/2018\/04\/right-quote.png\" alt=\"right quote\"\/>\n<p><!-- text here -->Ashik Haydari<!-- text here --><\/p>\n\n","protected":false},"excerpt":{"rendered":"<p>Soluci\u00f3n de Se\u00f1alizaci\u00f3n Digital SureVideo CONVERTIR DISPOSITIVOS EN VISUALIZACIONES DE SE\u00d1ALIZACI\u00d3N DIGITAL Prueba gratis Descripci\u00f3n general Las soluciones de Se\u00f1alizaci\u00f3n Digital (Digital Signage) son \u00fatiles para ofrecer contenido especialmente dirigido a ciertas audiencias para captar su atenci\u00f3n. SureVideo puede usarse como un transmisor de bucles (looper) de v\u00eddeo para mostrar anuncios, noticias, informaci\u00f3n de productos&hellip;<\/p>\n","protected":false},"author":7,"featured_media":0,"parent":0,"menu_order":67,"comment_status":"closed","ping_status":"closed","template":"","meta":{"_acf_changed":false,"footnotes":""},"categories":[],"tags":[],"class_list":["post-18375","page","type-page","status-publish","hentry"],"acf":[],"yoast_head":"<!-- This site is optimized with the Yoast SEO Premium plugin v24.6 (Yoast SEO v24.6) - https:\/\/yoast.com\/wordpress\/plugins\/seo\/ -->\n<title>Se\u00f1alizaci\u00f3n Digital | SureVideo | Looper de V\u00eddeo para Android, iOS y Windows<\/title>\n<meta name=\"description\" content=\"Surevideo es un looper de V\u00eddeo que puede funcionar como Se\u00f1alizaci\u00f3n Digital de Kioscos para reproducir y conectar en bucle v\u00eddeos en el modo de kiosco en Tabletas con base en Android, dispositivos Windows, iPads e iPhones.\" \/>\n<meta name=\"robots\" content=\"index, follow, max-snippet:-1, max-image-preview:large, max-video-preview:-1\" \/>\n<link rel=\"canonical\" href=\"http:\/\/www.42gears.com\/es\/surevideo\/\" \/>\n<meta property=\"og:locale\" content=\"es_ES\" \/>\n<meta property=\"og:type\" content=\"article\" \/>\n<meta property=\"og:title\" content=\"SureVideo\" \/>\n<meta property=\"og:description\" content=\"Surevideo es un looper de V\u00eddeo que puede funcionar como Se\u00f1alizaci\u00f3n Digital de Kioscos para reproducir y conectar en bucle v\u00eddeos en el modo de kiosco en Tabletas con base en Android, dispositivos Windows, iPads e iPhones.\" \/>\n<meta property=\"og:url\" content=\"http:\/\/www.42gears.com\/es\/surevideo\/\" \/>\n<meta property=\"og:site_name\" content=\"42Gears Mobility Systems\" \/>\n<meta property=\"article:publisher\" content=\"https:\/\/www.facebook.com\/42gears\" \/>\n<meta property=\"article:modified_time\" content=\"2023-01-10T13:20:44+00:00\" \/>\n<meta property=\"og:image\" content=\"https:\/\/www.42gears.com\/wp-content\/uploads\/2018\/04\/android.png\" \/>\n<meta name=\"twitter:card\" content=\"summary_large_image\" \/>\n<meta name=\"twitter:site\" content=\"@42Gears\" \/>\n<meta name=\"twitter:label1\" content=\"Est. reading time\" \/>\n\t<meta name=\"twitter:data1\" content=\"1 minute\" \/>\n<script type=\"application\/ld+json\" class=\"yoast-schema-graph\">{\"@context\":\"https:\/\/schema.org\",\"@graph\":[{\"@type\":\"WebPage\",\"@id\":\"http:\/\/www.42gears.com\/es\/surevideo\/\",\"url\":\"http:\/\/www.42gears.com\/es\/surevideo\/\",\"name\":\"Se\u00f1alizaci\u00f3n Digital | SureVideo | Looper de V\u00eddeo para Android, iOS y Windows\",\"isPartOf\":{\"@id\":\"https:\/\/www.42gears.com\/#website\"},\"primaryImageOfPage\":{\"@id\":\"http:\/\/www.42gears.com\/es\/surevideo\/#primaryimage\"},\"image\":{\"@id\":\"http:\/\/www.42gears.com\/es\/surevideo\/#primaryimage\"},\"thumbnailUrl\":\"https:\/\/www.42gears.com\/wp-content\/uploads\/2018\/04\/android.png\",\"datePublished\":\"2017-04-11T06:27:06+00:00\",\"dateModified\":\"2023-01-10T13:20:44+00:00\",\"description\":\"Surevideo es un looper de V\u00eddeo que puede funcionar como Se\u00f1alizaci\u00f3n Digital de Kioscos para reproducir y conectar en bucle v\u00eddeos en el modo de kiosco en Tabletas con base en Android, dispositivos Windows, iPads e iPhones.\",\"breadcrumb\":{\"@id\":\"http:\/\/www.42gears.com\/es\/surevideo\/#breadcrumb\"},\"inLanguage\":\"es-ES\",\"potentialAction\":[{\"@type\":\"ReadAction\",\"target\":[\"http:\/\/www.42gears.com\/es\/surevideo\/\"]}]},{\"@type\":\"ImageObject\",\"inLanguage\":\"es-ES\",\"@id\":\"http:\/\/www.42gears.com\/es\/surevideo\/#primaryimage\",\"url\":\"https:\/\/www.42gears.com\/wp-content\/uploads\/2018\/04\/android.png\",\"contentUrl\":\"https:\/\/www.42gears.com\/wp-content\/uploads\/2018\/04\/android.png\"},{\"@type\":\"BreadcrumbList\",\"@id\":\"http:\/\/www.42gears.com\/es\/surevideo\/#breadcrumb\",\"itemListElement\":[{\"@type\":\"ListItem\",\"position\":1,\"name\":\"Home\",\"item\":\"https:\/\/www.42gears.com\/es\/\"},{\"@type\":\"ListItem\",\"position\":2,\"name\":\"SureVideo\"}]},{\"@type\":\"WebSite\",\"@id\":\"https:\/\/www.42gears.com\/#website\",\"url\":\"https:\/\/www.42gears.com\/\",\"name\":\"42Gears Mobility Systems\",\"description\":\"Mobile Device Management (MDM), Mobile Security &amp; Mobile Device Lockdown\",\"publisher\":{\"@id\":\"https:\/\/www.42gears.com\/#organization\"},\"potentialAction\":[{\"@type\":\"SearchAction\",\"target\":{\"@type\":\"EntryPoint\",\"urlTemplate\":\"https:\/\/www.42gears.com\/?s={search_term_string}\"},\"query-input\":{\"@type\":\"PropertyValueSpecification\",\"valueRequired\":true,\"valueName\":\"search_term_string\"}}],\"inLanguage\":\"es-ES\"},{\"@type\":\"Organization\",\"@id\":\"https:\/\/www.42gears.com\/#organization\",\"name\":\"MDM - 42Gears\",\"url\":\"https:\/\/www.42gears.com\/\",\"logo\":{\"@type\":\"ImageObject\",\"inLanguage\":\"es-ES\",\"@id\":\"https:\/\/www.42gears.com\/#\/schema\/logo\/image\/\",\"url\":\"https:\/\/www.42gears.com\/wp-content\/uploads\/2018\/12\/Featured-Image-42Gears-logo.png\",\"contentUrl\":\"https:\/\/www.42gears.com\/wp-content\/uploads\/2018\/12\/Featured-Image-42Gears-logo.png\",\"width\":499,\"height\":330,\"caption\":\"MDM - 42Gears\"},\"image\":{\"@id\":\"https:\/\/www.42gears.com\/#\/schema\/logo\/image\/\"},\"sameAs\":[\"https:\/\/www.facebook.com\/42gears\",\"https:\/\/x.com\/42Gears\"]}]}<\/script>\n<!-- \/ Yoast SEO Premium plugin. -->","yoast_head_json":{"title":"Se\u00f1alizaci\u00f3n Digital | SureVideo | Looper de V\u00eddeo para Android, iOS y Windows","description":"Surevideo es un looper de V\u00eddeo que puede funcionar como Se\u00f1alizaci\u00f3n Digital de Kioscos para reproducir y conectar en bucle v\u00eddeos en el modo de kiosco en Tabletas con base en Android, dispositivos Windows, iPads e iPhones.","robots":{"index":"index","follow":"follow","max-snippet":"max-snippet:-1","max-image-preview":"max-image-preview:large","max-video-preview":"max-video-preview:-1"},"canonical":"http:\/\/www.42gears.com\/es\/surevideo\/","og_locale":"es_ES","og_type":"article","og_title":"SureVideo","og_description":"Surevideo es un looper de V\u00eddeo que puede funcionar como Se\u00f1alizaci\u00f3n Digital de Kioscos para reproducir y conectar en bucle v\u00eddeos en el modo de kiosco en Tabletas con base en Android, dispositivos Windows, iPads e iPhones.","og_url":"http:\/\/www.42gears.com\/es\/surevideo\/","og_site_name":"42Gears Mobility Systems","article_publisher":"https:\/\/www.facebook.com\/42gears","article_modified_time":"2023-01-10T13:20:44+00:00","og_image":[{"url":"https:\/\/www.42gears.com\/wp-content\/uploads\/2018\/04\/android.png","type":"","width":"","height":""}],"twitter_card":"summary_large_image","twitter_site":"@42Gears","twitter_misc":{"Est. reading time":"1 minute"},"schema":{"@context":"https:\/\/schema.org","@graph":[{"@type":"WebPage","@id":"http:\/\/www.42gears.com\/es\/surevideo\/","url":"http:\/\/www.42gears.com\/es\/surevideo\/","name":"Se\u00f1alizaci\u00f3n Digital | SureVideo | Looper de V\u00eddeo para Android, iOS y Windows","isPartOf":{"@id":"https:\/\/www.42gears.com\/#website"},"primaryImageOfPage":{"@id":"http:\/\/www.42gears.com\/es\/surevideo\/#primaryimage"},"image":{"@id":"http:\/\/www.42gears.com\/es\/surevideo\/#primaryimage"},"thumbnailUrl":"https:\/\/www.42gears.com\/wp-content\/uploads\/2018\/04\/android.png","datePublished":"2017-04-11T06:27:06+00:00","dateModified":"2023-01-10T13:20:44+00:00","description":"Surevideo es un looper de V\u00eddeo que puede funcionar como Se\u00f1alizaci\u00f3n Digital de Kioscos para reproducir y conectar en bucle v\u00eddeos en el modo de kiosco en Tabletas con base en Android, dispositivos Windows, iPads e iPhones.","breadcrumb":{"@id":"http:\/\/www.42gears.com\/es\/surevideo\/#breadcrumb"},"inLanguage":"es-ES","potentialAction":[{"@type":"ReadAction","target":["http:\/\/www.42gears.com\/es\/surevideo\/"]}]},{"@type":"ImageObject","inLanguage":"es-ES","@id":"http:\/\/www.42gears.com\/es\/surevideo\/#primaryimage","url":"https:\/\/www.42gears.com\/wp-content\/uploads\/2018\/04\/android.png","contentUrl":"https:\/\/www.42gears.com\/wp-content\/uploads\/2018\/04\/android.png"},{"@type":"BreadcrumbList","@id":"http:\/\/www.42gears.com\/es\/surevideo\/#breadcrumb","itemListElement":[{"@type":"ListItem","position":1,"name":"Home","item":"https:\/\/www.42gears.com\/es\/"},{"@type":"ListItem","position":2,"name":"SureVideo"}]},{"@type":"WebSite","@id":"https:\/\/www.42gears.com\/#website","url":"https:\/\/www.42gears.com\/","name":"42Gears Mobility Systems","description":"Mobile Device Management (MDM), Mobile Security &amp; Mobile Device Lockdown","publisher":{"@id":"https:\/\/www.42gears.com\/#organization"},"potentialAction":[{"@type":"SearchAction","target":{"@type":"EntryPoint","urlTemplate":"https:\/\/www.42gears.com\/?s={search_term_string}"},"query-input":{"@type":"PropertyValueSpecification","valueRequired":true,"valueName":"search_term_string"}}],"inLanguage":"es-ES"},{"@type":"Organization","@id":"https:\/\/www.42gears.com\/#organization","name":"MDM - 42Gears","url":"https:\/\/www.42gears.com\/","logo":{"@type":"ImageObject","inLanguage":"es-ES","@id":"https:\/\/www.42gears.com\/#\/schema\/logo\/image\/","url":"https:\/\/www.42gears.com\/wp-content\/uploads\/2018\/12\/Featured-Image-42Gears-logo.png","contentUrl":"https:\/\/www.42gears.com\/wp-content\/uploads\/2018\/12\/Featured-Image-42Gears-logo.png","width":499,"height":330,"caption":"MDM - 42Gears"},"image":{"@id":"https:\/\/www.42gears.com\/#\/schema\/logo\/image\/"},"sameAs":["https:\/\/www.facebook.com\/42gears","https:\/\/x.com\/42Gears"]}]}},"_links":{"self":[{"href":"https:\/\/www.42gears.com\/es\/wp-json\/wp\/v2\/pages\/18375","targetHints":{"allow":["GET"]}}],"collection":[{"href":"https:\/\/www.42gears.com\/es\/wp-json\/wp\/v2\/pages"}],"about":[{"href":"https:\/\/www.42gears.com\/es\/wp-json\/wp\/v2\/types\/page"}],"author":[{"embeddable":true,"href":"https:\/\/www.42gears.com\/es\/wp-json\/wp\/v2\/users\/7"}],"replies":[{"embeddable":true,"href":"https:\/\/www.42gears.com\/es\/wp-json\/wp\/v2\/comments?post=18375"}],"version-history":[{"count":9,"href":"https:\/\/www.42gears.com\/es\/wp-json\/wp\/v2\/pages\/18375\/revisions"}],"predecessor-version":[{"id":85605,"href":"https:\/\/www.42gears.com\/es\/wp-json\/wp\/v2\/pages\/18375\/revisions\/85605"}],"wp:attachment":[{"href":"https:\/\/www.42gears.com\/es\/wp-json\/wp\/v2\/media?parent=18375"}],"wp:term":[{"taxonomy":"category","embeddable":true,"href":"https:\/\/www.42gears.com\/es\/wp-json\/wp\/v2\/categories?post=18375"},{"taxonomy":"post_tag","embeddable":true,"href":"https:\/\/www.42gears.com\/es\/wp-json\/wp\/v2\/tags?post=18375"}],"curies":[{"name":"wp","href":"https:\/\/api.w.org\/{rel}","templated":true}]}}