{"id":17924,"date":"2015-04-08T22:56:48","date_gmt":"2015-04-08T22:56:48","guid":{"rendered":"http:\/\/live-42gears-site.pantheonsite.io\/?page_id=17924\/"},"modified":"2026-02-11T07:07:45","modified_gmt":"2026-02-11T07:07:45","slug":"home-2","status":"publish","type":"page","link":"https:\/\/www.42gears.com\/es\/","title":{"rendered":"Home"},"content":{"rendered":"\n\n\t<section id=\"primary\">\n<img decoding=\"async\" src=\"https:\/\/www.42gears.com\/wp-content\/uploads\/2019\/12\/Unified-Endpoint-Management-Blue.png\" alt=\"Unified Endpoint Management - Blue\" \/><img decoding=\"async\" src=\"https:\/\/www.42gears.com\/wp-content\/uploads\/2019\/12\/Unified-Endpoint-Management.png\" alt=\"Unified Endpoint Management - White\" \/>\n<h4>GESTI\u00d3N DE DISPOSITIVOS M\u00d3VILES<\/h4>\n<p>Proteja, supervise y gestione todos sus puntos finales utilizando la galardonada plataforma de gesti\u00f3n de dispositivos m\u00f3viles de 42Gears.<\/p>\n<p><a title=\"\" href=\"http:\/\/live-42gears-site.pantheonsite.io\/solutions\/unified-endpoint-management-uem-solution\/\" target=\"_self\">M\u00e1s informaci\u00f3n<\/a><\/p>\n<img decoding=\"async\" src=\"http:\/\/live-42gears-site.pantheonsite.io\/wp-content\/uploads\/2018\/07\/rugged-blue.png\" \/><img decoding=\"async\" src=\"http:\/\/live-42gears-site.pantheonsite.io\/wp-content\/uploads\/2018\/07\/rugged-white.png\" \/>\n<h4>GESTI\u00d3N DE DISPOSITIVOS RESISTENTES<\/h4>\n<p>La soluci\u00f3n MDM de 42Gears prometer tratar sus datos y dispositivos de manera segura, incluso en entornos de trabajo dif\u00edciles.<\/p>\n<p><a title=\"\" href=\"http:\/\/live-42gears-site.pantheonsite.io\/solutions\/rugged-device-management\/\" target=\"_self\">M\u00e1s informaci\u00f3n<\/a><\/p>\n<img decoding=\"async\" src=\"https:\/\/www.42gears.com\/wp-content\/uploads\/2019\/12\/VR-Device-Management-Blue.png\" alt=\"VR Device Management - Blue\" \/><img decoding=\"async\" src=\"https:\/\/www.42gears.com\/wp-content\/uploads\/2019\/12\/VR-Device-Management.png\" alt=\"VR Device Management - white\" \/>\n<h4>GESTI\u00d3N DE DISPOSITIVOS DE REALIDAD VIRTUAL<\/h4>\n<p>La soluci\u00f3n de gesti\u00f3n de dispositivos de realidad virtual de 42Gears facilita la adopci\u00f3n de la RV al tiempo que garantiza la seguridad de los datos y los dispositivos.<\/p>\n<p><a title=\"\" href=\"https:\/\/www.42gears.com\/solutions\/virtual-reality-device-management\/\" target=\"_self\">M\u00e1s informaci\u00f3n<\/a><\/p>\n<img decoding=\"async\" src=\"https:\/\/www.42gears.com\/wp-content\/uploads\/2019\/12\/IoT-Management-Blue.png\" alt=\"IoT Management -Blue\" \/><img decoding=\"async\" src=\"https:\/\/www.42gears.com\/wp-content\/uploads\/2019\/12\/IoT-Management.png\" alt=\"IoT Management\" \/>\n<h4>GESTI\u00d3N DE LAS COSAS<\/h4>\n<p>La Tecnolog\u00eda de Gesti\u00f3n de las cosas de 42Gears permite gestionar y monitorizar los dispositivos que no ejecutan ning\u00fan sistema operativo.<\/p>\n<p><a title=\"\" href=\"https:\/\/www.42gears.com\/solutions\/things-management\/\" target=\"_self\">M\u00e1s informaci\u00f3n<\/a><\/p>\n<\/section>\n\t<h3>Estudios de caso<\/h3>\n<p>&nbsp;<\/p>\n<strong>Areatec Tecnolog\u00eda transforma las operaciones de campo con la soluci\u00f3n UEM de 42Gears.<\/strong>\n<p><a href=\"https:\/\/www.42gears.com\/case-studies\/curatec-gains-an-edge-with-42gears-uem-fosters-better-patient-care\/\" target=\"_blank\" rel=\"noopener\">M\u00e1s informaci\u00f3n<\/a><\/p>\n<h5>\n\t\tNuestros clientes\n\t<\/h5>\n        <a href=\"\/customers\/\"><img data-src=\"https:\/\/www.42gears.com\/wp-content\/uploads\/2020\/10\/Areatec_Tecnologia-1.png\" width=\"190\" height=\"33\"\/><\/a>\n        <a href=\"\/customers\/\"><img data-src=\"https:\/\/www.42gears.com\/wp-content\/uploads\/2020\/10\/DiDi_Chuxing.png\" width=\"190\" height=\"33\"\/><\/a>\n        <a href=\"\/customers\/\"><img data-src=\"https:\/\/www.42gears.com\/wp-content\/uploads\/2020\/10\/AMVC.png\" width=\"190\" height=\"33\"\/><\/a>\n        <a href=\"\/customers\/\"><img data-src=\"https:\/\/www.42gears.com\/wp-content\/uploads\/2020\/10\/Spectrum_of_Hop_logo.png\" width=\"190\" height=\"33\"\/><\/a>\n        <a href=\"\/customers\/\"><img data-src=\"https:\/\/www.42gears.com\/wp-content\/uploads\/2020\/10\/logo-flipkart-png-flipkart-logo.png\" width=\"190\" height=\"33\"\/><\/a>\n        <a href=\"\/customers\/\"><img data-src=\"https:\/\/www.42gears.com\/wp-content\/uploads\/2020\/10\/lufthansa-logo-1.png\" alt=\"Lufthansa\" width=\"190\" height=\"33\"\/><\/a>\n        <a href=\"\/customers\/\"><img data-src=\"https:\/\/www.42gears.com\/wp-content\/uploads\/2020\/10\/delhivery_owler_20170522_164456_original.png\" width=\"190\" height=\"73\"\/><\/a>\n        <a href=\"\/customers\/\"><img data-src=\"https:\/\/www.42gears.com\/wp-content\/uploads\/2020\/10\/BYJUS_NEW_LOGO-copy.png\"\/><\/a>\n        <a href=\"\/customers\/\"><img data-src=\"https:\/\/www.42gears.com\/wp-content\/uploads\/2020\/10\/sodex.png\"\/><\/a>\n        <a href=\"\/customers\/\"><img data-src=\"https:\/\/www.42gears.com\/wp-content\/uploads\/2020\/10\/mrf-1.png\"\/><\/a>\n        <a href=\"\/customers\/\"><img data-src=\"https:\/\/www.42gears.com\/wp-content\/uploads\/2020\/10\/datalogic-logo-1.png\" alt=\"Datalogic\"\/><\/a>\n        <a href=\"\/customers\/\"><img data-src=\"https:\/\/www.42gears.com\/wp-content\/uploads\/2020\/10\/toyota-logo-min.png\" alt=\"Toyota\"\/><\/a>\n        <a href=\"\/customers\/\"><img data-src=\"https:\/\/www.42gears.com\/wp-content\/uploads\/2020\/10\/arcelor-mittal-logo.png\" alt=\"Arcelor Mittal\"\/><\/a>\n        <a href=\"\/customers\/\"><img data-src=\"https:\/\/www.42gears.com\/wp-content\/uploads\/2020\/10\/dhl-simply-delivered-png-logo-11.png\" alt=\"DHL\"\/><\/a>\n<h2>\n\t\tDatos\n\t<\/h2>\n\t<p>Por qu\u00e9 42Gears es el socio de movilidad correcto para su organizaci\u00f3n<\/p>\n\t\t\t\t<img decoding=\"async\" src=\"https:\/\/www.42gears.com\/wp-content\/uploads\/2020\/01\/happy-customers.png\" alt=\"happy customers\" itemprop=\"image\" height=\"56\" width=\"56\" title=\"happy customers\" onerror=\"this.style.display='none'\"  \/>\n\t<h2>23000+<\/h2>\n<p>clientes satisfechos<\/p>\n\t\t\t\t<img decoding=\"async\" src=\"https:\/\/www.42gears.com\/wp-content\/uploads\/2020\/01\/counteries.png\" alt=\"counteries\" itemprop=\"image\" height=\"56\" width=\"56\" title=\"counteries\" onerror=\"this.style.display='none'\"  \/>\n\t<h2>170+<\/h2>\n<p>pa\u00edses en los que tenemos clientes satisfechos<\/p>\n\t\t\t\t<img decoding=\"async\" src=\"https:\/\/www.42gears.com\/wp-content\/uploads\/2020\/01\/successful-deployment.png\" alt=\"successful deployment\" itemprop=\"image\" height=\"56\" width=\"56\" title=\"successful deployment\" onerror=\"this.style.display='none'\"  \/>\n\t<h2>7M+<\/h2>\n<p>de despliegues exitosos<\/p>\n\t\t\t\t<img decoding=\"async\" src=\"https:\/\/www.42gears.com\/wp-content\/uploads\/2020\/01\/industry.png\" alt=\"industry\" itemprop=\"image\" height=\"56\" width=\"56\" title=\"industry\" onerror=\"this.style.display='none'\"  \/>\n\t<h2>15+<\/h2>\n<p>a\u00f1os en la industria<\/p>\n\t\t\t\u00a0<img decoding=\"async\" src=\"http:\/\/live-42gears-site.pantheonsite.io\/wp-content\/uploads\/2018\/07\/quote_right.png\" \/><p><!-- text here -->Estoy muy satisfecho con la respuesta y los productos de 42Gears, cuya \u00fanica limitaci\u00f3n es el proceso de implementaci\u00f3n de nuestra organizaci\u00f3n. Resolvieron r\u00e1pidamente cualquier problema que surgi\u00f3 durante el despliegue. Adem\u00e1s, el equipo de 42Gears siempre se mantiene en contacto con nosotros.<!-- text here --><img decoding=\"async\" src=\"http:\/\/live-42gears-site.pantheonsite.io\/wp-content\/uploads\/2018\/07\/quote_left.png\" \/>\u00a0Ritche Martija,<br \/><!-- text here -->Sistemas empresariales, Contra Costa.<br \/><!-- text here --><\/p>\t\t\n\t\t\t\u00a0<img decoding=\"async\" src=\"http:\/\/live-42gears-site.pantheonsite.io\/wp-content\/uploads\/2018\/07\/quote_right.png\" \/><p><!-- text here -->Gerente de Soporte a la Tecnolog\u00eda, Catalytic Health Partners. 42Gears nos ayud\u00f3 a gestionar nuestros dispositivos. La soluci\u00f3n es muy f\u00e1cil de usar y las funciones son excelentes. Estamos muy contentos con sus servicios de soporte.<!-- text here --><img decoding=\"async\" src=\"http:\/\/live-42gears-site.pantheonsite.io\/wp-content\/uploads\/2018\/07\/quote_left.png\" \/>\u00a0Joao Dias,<br \/><!-- text here -->Gerente de Soporte, Areatec\u00ae Technologies.<br \/><!-- text here --><\/p>\t\t\n\t\t\t\u00a0<img decoding=\"async\" src=\"http:\/\/live-42gears-site.pantheonsite.io\/wp-content\/uploads\/2018\/07\/quote_right.png\" \/><p><!-- text here -->Me he puesto en contacto con el equipo de soporte de 42Gears muchas veces y siempre he tenido una experiencia muy positiva. Los productos son s\u00f3lidos como una roca y tienen un precio muy razonable.<!-- text here --><img decoding=\"async\" src=\"http:\/\/live-42gears-site.pantheonsite.io\/wp-content\/uploads\/2018\/07\/quote_left.png\" \/>\u00a0James Rose,<br \/><!-- text here -->Administrador de TI, Spectrum of Hope.<br \/><!-- text here --><\/p>\t\t\n\t\t\t\u00a0<img decoding=\"async\" src=\"http:\/\/live-42gears-site.pantheonsite.io\/wp-content\/uploads\/2018\/07\/quote_right.png\" \/><p><!-- text here -->La Gesti\u00f3n unificada de puntos finales (UEM) de 42Gears es altamente avanzada y cumple a la perfecci\u00f3n con nuestros requisitos t\u00e9cnicos, respetando nuestro presupuesto y el marco de tiempo que tenemos en mente. Hay muchas funciones que no esper\u00e1bamos utilizar pero que resultaron ser muy \u00fatiles para nuestro negocio, como los informes personalizados&#8230;<!-- text here --><img decoding=\"async\" src=\"http:\/\/live-42gears-site.pantheonsite.io\/wp-content\/uploads\/2018\/07\/quote_left.png\" \/>\u00a0Peter Yang Zhe,<br \/><!-- text here -->Director de Operaciones, DiDi M\u00e9xico.<br \/><!-- text here --><\/p>\t\t\n<h5>\n\t\tNuestros socios globales\n\t<\/h5>\n       <img data-src=\"https:\/\/www.42gears.com\/wp-content\/uploads\/2020\/10\/cat-phones-2.png\" alt=\"cat-phones\"\/>\n        <img data-src=\"https:\/\/www.42gears.com\/wp-content\/uploads\/2020\/10\/blue_bird-2.png\" alt=\"blue_bird\"\/>\n        <img data-src=\"https:\/\/www.42gears.com\/wp-content\/uploads\/2020\/10\/zebra-3-min.png\" alt=\"zebra\"\/>\n       <img data-src=\"https:\/\/www.42gears.com\/wp-content\/uploads\/2020\/10\/viewsonic-3-min.png\" alt=\"viewsonic\"\/>\n       <img data-src=\"https:\/\/www.42gears.com\/wp-content\/uploads\/2020\/10\/urovo-3-min.png\" alt=\"urovo\"\/>\n        <img data-src=\"https:\/\/www.42gears.com\/wp-content\/uploads\/2020\/10\/unistrong-3-min.png\" alt=\"unistrong\"\/>\n        <img data-src=\"https:\/\/www.42gears.com\/wp-content\/uploads\/2020\/10\/two_technologies-1-2-min.png\" alt=\"two_technologies\"\/>\n        <img data-src=\"https:\/\/www.42gears.com\/wp-content\/uploads\/2020\/10\/spectralink-3-min.png\" alt=\"spectralink\"\/>\n        <img data-src=\"https:\/\/www.42gears.com\/wp-content\/uploads\/2020\/10\/sonim-3.png\" alt=\"sonim\"\/>\n        <img data-src=\"https:\/\/www.42gears.com\/wp-content\/uploads\/2020\/10\/samsung-2.png\" alt=\"samsung\"\/>\n        <img data-src=\"https:\/\/www.42gears.com\/wp-content\/uploads\/2020\/10\/panasonic-2.png\" alt=\"panasonic\"\/>\n        <img data-src=\"https:\/\/www.42gears.com\/wp-content\/uploads\/2020\/10\/lg-2.png\" alt=\"lg\"\/>\n        <img data-src=\"https:\/\/www.42gears.com\/wp-content\/uploads\/2020\/10\/lenovo-2.png\" alt=\"lenovo\"\/>\n         <!-- \n        <img data-src=\"https:\/\/www.42gears.com\/wp-content\/uploads\/2020\/10\/kyocera-2.png\" alt=\"kyocera\"\/>\n     -->\n        <img data-src=\"https:\/\/www.42gears.com\/wp-content\/uploads\/2020\/10\/janam-2.png\" alt=\"janam\"\/>\n        <img data-src=\"https:\/\/www.42gears.com\/wp-content\/uploads\/2020\/10\/hp-2.png\" alt=\"hp\"\/>\n        <img data-src=\"https:\/\/www.42gears.com\/wp-content\/uploads\/2020\/10\/getac-2.png\" alt=\"getac\"\/>\n        <img data-src=\"https:\/\/www.42gears.com\/wp-content\/uploads\/2020\/10\/datalogic-2.png\" alt=\"datalogic\"\/>\n\n","protected":false},"excerpt":{"rendered":"<p>GESTI\u00d3N DE DISPOSITIVOS M\u00d3VILES Proteja, supervise y gestione todos sus puntos finales utilizando la galardonada plataforma de gesti\u00f3n de dispositivos m\u00f3viles de 42Gears. M\u00e1s informaci\u00f3n GESTI\u00d3N DE DISPOSITIVOS RESISTENTES La soluci\u00f3n MDM de 42Gears prometer tratar sus datos y dispositivos de manera segura, incluso en entornos de trabajo dif\u00edciles. M\u00e1s informaci\u00f3n GESTI\u00d3N DE DISPOSITIVOS DE&hellip;<\/p>\n","protected":false},"author":7,"featured_media":28578,"parent":0,"menu_order":78,"comment_status":"closed","ping_status":"closed","template":"","meta":{"_acf_changed":false,"footnotes":""},"categories":[],"tags":[],"class_list":["post-17924","page","type-page","status-publish","has-post-thumbnail","hentry"],"acf":[],"yoast_head":"<!-- This site is optimized with the Yoast SEO Premium plugin v24.6 (Yoast SEO v24.6) - https:\/\/yoast.com\/wordpress\/plugins\/seo\/ -->\n<title>Unified Endpoint Management | Mobile Device Management | Securing and Managing Enterprise Mobile Devices | 42Gears<\/title>\n<meta name=\"description\" content=\"Leaders in Enterprise Mobility Management, Mobile Device Management(MDM), Mobile Device Lockdown, Kiosk Secure Browser for Android, iOS and\u00a0Windows\" \/>\n<meta name=\"robots\" content=\"index, follow, max-snippet:-1, max-image-preview:large, max-video-preview:-1\" \/>\n<link rel=\"canonical\" href=\"https:\/\/www.42gears.com\/es\/\" \/>\n<meta property=\"og:locale\" content=\"es_ES\" \/>\n<meta property=\"og:type\" content=\"article\" \/>\n<meta property=\"og:title\" content=\"Home\" \/>\n<meta property=\"og:description\" content=\"Leaders in Enterprise Mobility Management, Mobile Device Management(MDM), Mobile Device Lockdown, Kiosk Secure Browser for Android, iOS and\u00a0Windows\" \/>\n<meta property=\"og:url\" content=\"https:\/\/www.42gears.com\/es\/\" \/>\n<meta property=\"og:site_name\" content=\"42Gears Mobility Systems\" \/>\n<meta property=\"article:publisher\" content=\"https:\/\/www.facebook.com\/42gears\" \/>\n<meta property=\"article:modified_time\" content=\"2026-02-11T07:07:45+00:00\" \/>\n<meta property=\"og:image\" content=\"https:\/\/www.42gears.com\/wp-content\/uploads\/2018\/12\/Featured-Image-42Gears-logo.png\" \/>\n\t<meta property=\"og:image:width\" content=\"499\" \/>\n\t<meta property=\"og:image:height\" content=\"330\" \/>\n\t<meta property=\"og:image:type\" content=\"image\/png\" \/>\n<meta name=\"twitter:card\" content=\"summary_large_image\" \/>\n<meta name=\"twitter:image\" content=\"https:\/\/www.42gears.com\/wp-content\/uploads\/2018\/12\/Featured-Image-42Gears-logo.png\" \/>\n<meta name=\"twitter:site\" content=\"@42Gears\" \/>\n<meta name=\"twitter:label1\" content=\"Est. reading time\" \/>\n\t<meta name=\"twitter:data1\" content=\"2 minutes\" \/>\n<script type=\"application\/ld+json\" class=\"yoast-schema-graph\">{\"@context\":\"https:\/\/schema.org\",\"@graph\":[{\"@type\":\"WebPage\",\"@id\":\"https:\/\/www.42gears.com\/es\/\",\"url\":\"https:\/\/www.42gears.com\/es\/\",\"name\":\"Unified Endpoint Management | Mobile Device Management | Securing and Managing Enterprise Mobile Devices | 42Gears\",\"isPartOf\":{\"@id\":\"https:\/\/www.42gears.com\/#website\"},\"primaryImageOfPage\":{\"@id\":\"https:\/\/www.42gears.com\/es\/#primaryimage\"},\"image\":{\"@id\":\"https:\/\/www.42gears.com\/es\/#primaryimage\"},\"thumbnailUrl\":\"https:\/\/www.42gears.com\/wp-content\/uploads\/2018\/12\/Featured-Image-42Gears-logo.png\",\"datePublished\":\"2015-04-08T22:56:48+00:00\",\"dateModified\":\"2026-02-11T07:07:45+00:00\",\"description\":\"Leaders in Enterprise Mobility Management, Mobile Device Management(MDM), Mobile Device Lockdown, Kiosk Secure Browser for Android, iOS and\u00a0Windows\",\"breadcrumb\":{\"@id\":\"https:\/\/www.42gears.com\/es\/#breadcrumb\"},\"inLanguage\":\"es-ES\",\"potentialAction\":[{\"@type\":\"ReadAction\",\"target\":[\"https:\/\/www.42gears.com\/es\/\"]}]},{\"@type\":\"ImageObject\",\"inLanguage\":\"es-ES\",\"@id\":\"https:\/\/www.42gears.com\/es\/#primaryimage\",\"url\":\"https:\/\/www.42gears.com\/wp-content\/uploads\/2018\/12\/Featured-Image-42Gears-logo.png\",\"contentUrl\":\"https:\/\/www.42gears.com\/wp-content\/uploads\/2018\/12\/Featured-Image-42Gears-logo.png\",\"width\":499,\"height\":330,\"caption\":\"Featured-Image-42Gears-logo\"},{\"@type\":\"BreadcrumbList\",\"@id\":\"https:\/\/www.42gears.com\/es\/#breadcrumb\",\"itemListElement\":[{\"@type\":\"ListItem\",\"position\":1,\"name\":\"Home\",\"item\":\"https:\/\/www.42gears.com\/es\/\"},{\"@type\":\"ListItem\",\"position\":2,\"name\":\"Home\"}]},{\"@type\":\"WebSite\",\"@id\":\"https:\/\/www.42gears.com\/#website\",\"url\":\"https:\/\/www.42gears.com\/\",\"name\":\"42Gears Mobility Systems\",\"description\":\"Mobile Device Management (MDM), Mobile Security &amp; Mobile Device Lockdown\",\"publisher\":{\"@id\":\"https:\/\/www.42gears.com\/#organization\"},\"potentialAction\":[{\"@type\":\"SearchAction\",\"target\":{\"@type\":\"EntryPoint\",\"urlTemplate\":\"https:\/\/www.42gears.com\/?s={search_term_string}\"},\"query-input\":{\"@type\":\"PropertyValueSpecification\",\"valueRequired\":true,\"valueName\":\"search_term_string\"}}],\"inLanguage\":\"es-ES\"},{\"@type\":\"Organization\",\"@id\":\"https:\/\/www.42gears.com\/#organization\",\"name\":\"MDM - 42Gears\",\"url\":\"https:\/\/www.42gears.com\/\",\"logo\":{\"@type\":\"ImageObject\",\"inLanguage\":\"es-ES\",\"@id\":\"https:\/\/www.42gears.com\/#\/schema\/logo\/image\/\",\"url\":\"https:\/\/www.42gears.com\/wp-content\/uploads\/2018\/12\/Featured-Image-42Gears-logo.png\",\"contentUrl\":\"https:\/\/www.42gears.com\/wp-content\/uploads\/2018\/12\/Featured-Image-42Gears-logo.png\",\"width\":499,\"height\":330,\"caption\":\"MDM - 42Gears\"},\"image\":{\"@id\":\"https:\/\/www.42gears.com\/#\/schema\/logo\/image\/\"},\"sameAs\":[\"https:\/\/www.facebook.com\/42gears\",\"https:\/\/x.com\/42Gears\"]}]}<\/script>\n<!-- \/ Yoast SEO Premium plugin. -->","yoast_head_json":{"title":"Unified Endpoint Management | Mobile Device Management | Securing and Managing Enterprise Mobile Devices | 42Gears","description":"Leaders in Enterprise Mobility Management, Mobile Device Management(MDM), Mobile Device Lockdown, Kiosk Secure Browser for Android, iOS and\u00a0Windows","robots":{"index":"index","follow":"follow","max-snippet":"max-snippet:-1","max-image-preview":"max-image-preview:large","max-video-preview":"max-video-preview:-1"},"canonical":"https:\/\/www.42gears.com\/es\/","og_locale":"es_ES","og_type":"article","og_title":"Home","og_description":"Leaders in Enterprise Mobility Management, Mobile Device Management(MDM), Mobile Device Lockdown, Kiosk Secure Browser for Android, iOS and\u00a0Windows","og_url":"https:\/\/www.42gears.com\/es\/","og_site_name":"42Gears Mobility Systems","article_publisher":"https:\/\/www.facebook.com\/42gears","article_modified_time":"2026-02-11T07:07:45+00:00","og_image":[{"width":499,"height":330,"url":"https:\/\/www.42gears.com\/wp-content\/uploads\/2018\/12\/Featured-Image-42Gears-logo.png","type":"image\/png"}],"twitter_card":"summary_large_image","twitter_image":"https:\/\/www.42gears.com\/wp-content\/uploads\/2018\/12\/Featured-Image-42Gears-logo.png","twitter_site":"@42Gears","twitter_misc":{"Est. reading time":"2 minutes"},"schema":{"@context":"https:\/\/schema.org","@graph":[{"@type":"WebPage","@id":"https:\/\/www.42gears.com\/es\/","url":"https:\/\/www.42gears.com\/es\/","name":"Unified Endpoint Management | Mobile Device Management | Securing and Managing Enterprise Mobile Devices | 42Gears","isPartOf":{"@id":"https:\/\/www.42gears.com\/#website"},"primaryImageOfPage":{"@id":"https:\/\/www.42gears.com\/es\/#primaryimage"},"image":{"@id":"https:\/\/www.42gears.com\/es\/#primaryimage"},"thumbnailUrl":"https:\/\/www.42gears.com\/wp-content\/uploads\/2018\/12\/Featured-Image-42Gears-logo.png","datePublished":"2015-04-08T22:56:48+00:00","dateModified":"2026-02-11T07:07:45+00:00","description":"Leaders in Enterprise Mobility Management, Mobile Device Management(MDM), Mobile Device Lockdown, Kiosk Secure Browser for Android, iOS and\u00a0Windows","breadcrumb":{"@id":"https:\/\/www.42gears.com\/es\/#breadcrumb"},"inLanguage":"es-ES","potentialAction":[{"@type":"ReadAction","target":["https:\/\/www.42gears.com\/es\/"]}]},{"@type":"ImageObject","inLanguage":"es-ES","@id":"https:\/\/www.42gears.com\/es\/#primaryimage","url":"https:\/\/www.42gears.com\/wp-content\/uploads\/2018\/12\/Featured-Image-42Gears-logo.png","contentUrl":"https:\/\/www.42gears.com\/wp-content\/uploads\/2018\/12\/Featured-Image-42Gears-logo.png","width":499,"height":330,"caption":"Featured-Image-42Gears-logo"},{"@type":"BreadcrumbList","@id":"https:\/\/www.42gears.com\/es\/#breadcrumb","itemListElement":[{"@type":"ListItem","position":1,"name":"Home","item":"https:\/\/www.42gears.com\/es\/"},{"@type":"ListItem","position":2,"name":"Home"}]},{"@type":"WebSite","@id":"https:\/\/www.42gears.com\/#website","url":"https:\/\/www.42gears.com\/","name":"42Gears Mobility Systems","description":"Mobile Device Management (MDM), Mobile Security &amp; Mobile Device Lockdown","publisher":{"@id":"https:\/\/www.42gears.com\/#organization"},"potentialAction":[{"@type":"SearchAction","target":{"@type":"EntryPoint","urlTemplate":"https:\/\/www.42gears.com\/?s={search_term_string}"},"query-input":{"@type":"PropertyValueSpecification","valueRequired":true,"valueName":"search_term_string"}}],"inLanguage":"es-ES"},{"@type":"Organization","@id":"https:\/\/www.42gears.com\/#organization","name":"MDM - 42Gears","url":"https:\/\/www.42gears.com\/","logo":{"@type":"ImageObject","inLanguage":"es-ES","@id":"https:\/\/www.42gears.com\/#\/schema\/logo\/image\/","url":"https:\/\/www.42gears.com\/wp-content\/uploads\/2018\/12\/Featured-Image-42Gears-logo.png","contentUrl":"https:\/\/www.42gears.com\/wp-content\/uploads\/2018\/12\/Featured-Image-42Gears-logo.png","width":499,"height":330,"caption":"MDM - 42Gears"},"image":{"@id":"https:\/\/www.42gears.com\/#\/schema\/logo\/image\/"},"sameAs":["https:\/\/www.facebook.com\/42gears","https:\/\/x.com\/42Gears"]}]}},"_links":{"self":[{"href":"https:\/\/www.42gears.com\/es\/wp-json\/wp\/v2\/pages\/17924","targetHints":{"allow":["GET"]}}],"collection":[{"href":"https:\/\/www.42gears.com\/es\/wp-json\/wp\/v2\/pages"}],"about":[{"href":"https:\/\/www.42gears.com\/es\/wp-json\/wp\/v2\/types\/page"}],"author":[{"embeddable":true,"href":"https:\/\/www.42gears.com\/es\/wp-json\/wp\/v2\/users\/7"}],"replies":[{"embeddable":true,"href":"https:\/\/www.42gears.com\/es\/wp-json\/wp\/v2\/comments?post=17924"}],"version-history":[{"count":56,"href":"https:\/\/www.42gears.com\/es\/wp-json\/wp\/v2\/pages\/17924\/revisions"}],"predecessor-version":[{"id":129817,"href":"https:\/\/www.42gears.com\/es\/wp-json\/wp\/v2\/pages\/17924\/revisions\/129817"}],"wp:featuredmedia":[{"embeddable":true,"href":"https:\/\/www.42gears.com\/es\/wp-json\/wp\/v2\/media\/28578"}],"wp:attachment":[{"href":"https:\/\/www.42gears.com\/es\/wp-json\/wp\/v2\/media?parent=17924"}],"wp:term":[{"taxonomy":"category","embeddable":true,"href":"https:\/\/www.42gears.com\/es\/wp-json\/wp\/v2\/categories?post=17924"},{"taxonomy":"post_tag","embeddable":true,"href":"https:\/\/www.42gears.com\/es\/wp-json\/wp\/v2\/tags?post=17924"}],"curies":[{"name":"wp","href":"https:\/\/api.w.org\/{rel}","templated":true}]}}