{"id":51803,"date":"2020-05-15T04:51:51","date_gmt":"2020-05-15T04:51:51","guid":{"rendered":"https:\/\/www.42gears.com\/virtual-reality-gerateverwaltung\/"},"modified":"2020-05-15T04:51:51","modified_gmt":"2020-05-15T04:51:51","slug":"virtual-reality-gerateverwaltung","status":"publish","type":"page","link":"https:\/\/www.42gears.com\/de\/virtual-reality-gerateverwaltung\/","title":{"rendered":"Virtual Reality Ger\u00e4teverwaltung"},"content":{"rendered":"","protected":false},"excerpt":{"rendered":"","protected":false},"author":7,"featured_media":0,"parent":0,"menu_order":0,"comment_status":"closed","ping_status":"closed","template":"","meta":{"_acf_changed":false,"footnotes":""},"categories":[],"tags":[],"class_list":["post-51803","page","type-page","status-publish","hentry"],"acf":[],"yoast_head":"<!-- This site is optimized with the Yoast SEO Premium plugin v24.6 (Yoast SEO v24.6) - https:\/\/yoast.com\/wordpress\/plugins\/seo\/ -->\n<title>Virtual Reality Verwaltungsl\u00f6sung | VR-Verwaltung | VR-Ger\u00e4te<\/title>\n<meta name=\"description\" content=\"42Gears VR-Headset UEM L\u00f6sung bietet Verwaltungs- und Lockdown-F\u00e4higkeiten f\u00fcr die Oculus Go Virtual Reality Systeme und verwandelt diese in dedizierte Ger\u00e4te.\" \/>\n<meta name=\"robots\" content=\"index, follow, max-snippet:-1, max-image-preview:large, max-video-preview:-1\" \/>\n<link rel=\"canonical\" href=\"http:\/\/www.42gears.com\/de\/virtual-reality-gerateverwaltung\/\" \/>\n<meta property=\"og:locale\" content=\"de_DE\" \/>\n<meta property=\"og:type\" content=\"article\" \/>\n<meta property=\"og:title\" content=\"Virtual Reality Ger\u00e4teverwaltung\" \/>\n<meta property=\"og:description\" content=\"42Gears VR-Headset UEM L\u00f6sung bietet Verwaltungs- und Lockdown-F\u00e4higkeiten f\u00fcr die Oculus Go Virtual Reality Systeme und verwandelt diese in dedizierte Ger\u00e4te.\" \/>\n<meta property=\"og:url\" content=\"http:\/\/www.42gears.com\/de\/virtual-reality-gerateverwaltung\/\" \/>\n<meta property=\"og:site_name\" content=\"42Gears Mobility Systems\" \/>\n<meta property=\"article:publisher\" content=\"https:\/\/www.facebook.com\/42gears\" \/>\n<meta name=\"twitter:card\" content=\"summary_large_image\" \/>\n<meta name=\"twitter:site\" content=\"@42Gears\" \/>\n<script type=\"application\/ld+json\" class=\"yoast-schema-graph\">{\"@context\":\"https:\/\/schema.org\",\"@graph\":[{\"@type\":\"WebPage\",\"@id\":\"http:\/\/www.42gears.com\/de\/virtual-reality-gerateverwaltung\/\",\"url\":\"http:\/\/www.42gears.com\/de\/virtual-reality-gerateverwaltung\/\",\"name\":\"Virtual Reality Verwaltungsl\u00f6sung | VR-Verwaltung | VR-Ger\u00e4te\",\"isPartOf\":{\"@id\":\"https:\/\/www.42gears.com\/#website\"},\"datePublished\":\"2020-05-15T04:51:51+00:00\",\"description\":\"42Gears VR-Headset UEM L\u00f6sung bietet Verwaltungs- und Lockdown-F\u00e4higkeiten f\u00fcr die Oculus Go Virtual Reality Systeme und verwandelt diese in dedizierte Ger\u00e4te.\",\"breadcrumb\":{\"@id\":\"http:\/\/www.42gears.com\/de\/virtual-reality-gerateverwaltung\/#breadcrumb\"},\"inLanguage\":\"de-DE\",\"potentialAction\":[{\"@type\":\"ReadAction\",\"target\":[\"http:\/\/www.42gears.com\/de\/virtual-reality-gerateverwaltung\/\"]}]},{\"@type\":\"BreadcrumbList\",\"@id\":\"http:\/\/www.42gears.com\/de\/virtual-reality-gerateverwaltung\/#breadcrumb\",\"itemListElement\":[{\"@type\":\"ListItem\",\"position\":1,\"name\":\"Home\",\"item\":\"https:\/\/www.42gears.com\/de\/\"},{\"@type\":\"ListItem\",\"position\":2,\"name\":\"Virtual Reality Ger\u00e4teverwaltung\"}]},{\"@type\":\"WebSite\",\"@id\":\"https:\/\/www.42gears.com\/#website\",\"url\":\"https:\/\/www.42gears.com\/\",\"name\":\"42Gears Mobility Systems\",\"description\":\"Mobile Device Management (MDM), Mobile Security &amp; Mobile Device Lockdown\",\"publisher\":{\"@id\":\"https:\/\/www.42gears.com\/#organization\"},\"potentialAction\":[{\"@type\":\"SearchAction\",\"target\":{\"@type\":\"EntryPoint\",\"urlTemplate\":\"https:\/\/www.42gears.com\/?s={search_term_string}\"},\"query-input\":{\"@type\":\"PropertyValueSpecification\",\"valueRequired\":true,\"valueName\":\"search_term_string\"}}],\"inLanguage\":\"de-DE\"},{\"@type\":\"Organization\",\"@id\":\"https:\/\/www.42gears.com\/#organization\",\"name\":\"MDM - 42Gears\",\"url\":\"https:\/\/www.42gears.com\/\",\"logo\":{\"@type\":\"ImageObject\",\"inLanguage\":\"de-DE\",\"@id\":\"https:\/\/www.42gears.com\/#\/schema\/logo\/image\/\",\"url\":\"https:\/\/www.42gears.com\/wp-content\/uploads\/2018\/12\/Featured-Image-42Gears-logo.png\",\"contentUrl\":\"https:\/\/www.42gears.com\/wp-content\/uploads\/2018\/12\/Featured-Image-42Gears-logo.png\",\"width\":499,\"height\":330,\"caption\":\"MDM - 42Gears\"},\"image\":{\"@id\":\"https:\/\/www.42gears.com\/#\/schema\/logo\/image\/\"},\"sameAs\":[\"https:\/\/www.facebook.com\/42gears\",\"https:\/\/x.com\/42Gears\"]}]}<\/script>\n<!-- \/ Yoast SEO Premium plugin. -->","yoast_head_json":{"title":"Virtual Reality Verwaltungsl\u00f6sung | VR-Verwaltung | VR-Ger\u00e4te","description":"42Gears VR-Headset UEM L\u00f6sung bietet Verwaltungs- und Lockdown-F\u00e4higkeiten f\u00fcr die Oculus Go Virtual Reality Systeme und verwandelt diese in dedizierte Ger\u00e4te.","robots":{"index":"index","follow":"follow","max-snippet":"max-snippet:-1","max-image-preview":"max-image-preview:large","max-video-preview":"max-video-preview:-1"},"canonical":"http:\/\/www.42gears.com\/de\/virtual-reality-gerateverwaltung\/","og_locale":"de_DE","og_type":"article","og_title":"Virtual Reality Ger\u00e4teverwaltung","og_description":"42Gears VR-Headset UEM L\u00f6sung bietet Verwaltungs- und Lockdown-F\u00e4higkeiten f\u00fcr die Oculus Go Virtual Reality Systeme und verwandelt diese in dedizierte Ger\u00e4te.","og_url":"http:\/\/www.42gears.com\/de\/virtual-reality-gerateverwaltung\/","og_site_name":"42Gears Mobility Systems","article_publisher":"https:\/\/www.facebook.com\/42gears","twitter_card":"summary_large_image","twitter_site":"@42Gears","schema":{"@context":"https:\/\/schema.org","@graph":[{"@type":"WebPage","@id":"http:\/\/www.42gears.com\/de\/virtual-reality-gerateverwaltung\/","url":"http:\/\/www.42gears.com\/de\/virtual-reality-gerateverwaltung\/","name":"Virtual Reality Verwaltungsl\u00f6sung | VR-Verwaltung | VR-Ger\u00e4te","isPartOf":{"@id":"https:\/\/www.42gears.com\/#website"},"datePublished":"2020-05-15T04:51:51+00:00","description":"42Gears VR-Headset UEM L\u00f6sung bietet Verwaltungs- und Lockdown-F\u00e4higkeiten f\u00fcr die Oculus Go Virtual Reality Systeme und verwandelt diese in dedizierte Ger\u00e4te.","breadcrumb":{"@id":"http:\/\/www.42gears.com\/de\/virtual-reality-gerateverwaltung\/#breadcrumb"},"inLanguage":"de-DE","potentialAction":[{"@type":"ReadAction","target":["http:\/\/www.42gears.com\/de\/virtual-reality-gerateverwaltung\/"]}]},{"@type":"BreadcrumbList","@id":"http:\/\/www.42gears.com\/de\/virtual-reality-gerateverwaltung\/#breadcrumb","itemListElement":[{"@type":"ListItem","position":1,"name":"Home","item":"https:\/\/www.42gears.com\/de\/"},{"@type":"ListItem","position":2,"name":"Virtual Reality Ger\u00e4teverwaltung"}]},{"@type":"WebSite","@id":"https:\/\/www.42gears.com\/#website","url":"https:\/\/www.42gears.com\/","name":"42Gears Mobility Systems","description":"Mobile Device Management (MDM), Mobile Security &amp; Mobile Device Lockdown","publisher":{"@id":"https:\/\/www.42gears.com\/#organization"},"potentialAction":[{"@type":"SearchAction","target":{"@type":"EntryPoint","urlTemplate":"https:\/\/www.42gears.com\/?s={search_term_string}"},"query-input":{"@type":"PropertyValueSpecification","valueRequired":true,"valueName":"search_term_string"}}],"inLanguage":"de-DE"},{"@type":"Organization","@id":"https:\/\/www.42gears.com\/#organization","name":"MDM - 42Gears","url":"https:\/\/www.42gears.com\/","logo":{"@type":"ImageObject","inLanguage":"de-DE","@id":"https:\/\/www.42gears.com\/#\/schema\/logo\/image\/","url":"https:\/\/www.42gears.com\/wp-content\/uploads\/2018\/12\/Featured-Image-42Gears-logo.png","contentUrl":"https:\/\/www.42gears.com\/wp-content\/uploads\/2018\/12\/Featured-Image-42Gears-logo.png","width":499,"height":330,"caption":"MDM - 42Gears"},"image":{"@id":"https:\/\/www.42gears.com\/#\/schema\/logo\/image\/"},"sameAs":["https:\/\/www.facebook.com\/42gears","https:\/\/x.com\/42Gears"]}]}},"_links":{"self":[{"href":"https:\/\/www.42gears.com\/de\/wp-json\/wp\/v2\/pages\/51803","targetHints":{"allow":["GET"]}}],"collection":[{"href":"https:\/\/www.42gears.com\/de\/wp-json\/wp\/v2\/pages"}],"about":[{"href":"https:\/\/www.42gears.com\/de\/wp-json\/wp\/v2\/types\/page"}],"author":[{"embeddable":true,"href":"https:\/\/www.42gears.com\/de\/wp-json\/wp\/v2\/users\/7"}],"replies":[{"embeddable":true,"href":"https:\/\/www.42gears.com\/de\/wp-json\/wp\/v2\/comments?post=51803"}],"version-history":[{"count":0,"href":"https:\/\/www.42gears.com\/de\/wp-json\/wp\/v2\/pages\/51803\/revisions"}],"wp:attachment":[{"href":"https:\/\/www.42gears.com\/de\/wp-json\/wp\/v2\/media?parent=51803"}],"wp:term":[{"taxonomy":"category","embeddable":true,"href":"https:\/\/www.42gears.com\/de\/wp-json\/wp\/v2\/categories?post=51803"},{"taxonomy":"post_tag","embeddable":true,"href":"https:\/\/www.42gears.com\/de\/wp-json\/wp\/v2\/tags?post=51803"}],"curies":[{"name":"wp","href":"https:\/\/api.w.org\/{rel}","templated":true}]}}