{"id":51777,"date":"2020-05-14T12:03:23","date_gmt":"2020-05-14T12:03:23","guid":{"rendered":"https:\/\/www.42gears.com\/sichere-e-mail\/"},"modified":"2020-05-14T12:03:23","modified_gmt":"2020-05-14T12:03:23","slug":"sichere-e-mail","status":"publish","type":"page","link":"https:\/\/www.42gears.com\/de\/sichere-e-mail\/","title":{"rendered":"Sichere E-Mail"},"content":{"rendered":"","protected":false},"excerpt":{"rendered":"","protected":false},"author":7,"featured_media":0,"parent":0,"menu_order":0,"comment_status":"closed","ping_status":"closed","template":"","meta":{"_acf_changed":false,"footnotes":""},"categories":[],"tags":[],"class_list":["post-51777","page","type-page","status-publish","hentry"],"acf":[],"yoast_head":"<!-- This site is optimized with the Yoast SEO Premium plugin v24.6 (Yoast SEO v24.6) - https:\/\/yoast.com\/wordpress\/plugins\/seo\/ -->\n<title>Enterprise E-Mail-Verwaltungssoftware | Sichere E-Mail-App<\/title>\n<meta name=\"description\" content=\"Zugriff auf Gesch\u00e4fts-E-Mails durch native E-Mail-Apps sichern. Enterprises k\u00f6nnen per Fernzugriff E-Mail bereitstellen, den Zugriff verwalten und E-Mails auf Mobilger\u00e4ten vernichten.\" \/>\n<meta name=\"robots\" content=\"index, follow, max-snippet:-1, max-image-preview:large, max-video-preview:-1\" \/>\n<link rel=\"canonical\" href=\"https:\/\/www.42gears.com\/de\/sichere-e-mail\/\" \/>\n<meta property=\"og:locale\" content=\"de_DE\" \/>\n<meta property=\"og:type\" content=\"article\" \/>\n<meta property=\"og:title\" content=\"Sichere E-Mail\" \/>\n<meta property=\"og:description\" content=\"Zugriff auf Gesch\u00e4fts-E-Mails durch native E-Mail-Apps sichern. Enterprises k\u00f6nnen per Fernzugriff E-Mail bereitstellen, den Zugriff verwalten und E-Mails auf Mobilger\u00e4ten vernichten.\" \/>\n<meta property=\"og:url\" content=\"https:\/\/www.42gears.com\/de\/sichere-e-mail\/\" \/>\n<meta property=\"og:site_name\" content=\"42Gears Mobility Systems\" \/>\n<meta property=\"article:publisher\" content=\"https:\/\/www.facebook.com\/42gears\" \/>\n<meta name=\"twitter:card\" content=\"summary_large_image\" \/>\n<meta name=\"twitter:site\" content=\"@42Gears\" \/>\n<script type=\"application\/ld+json\" class=\"yoast-schema-graph\">{\"@context\":\"https:\/\/schema.org\",\"@graph\":[{\"@type\":\"WebPage\",\"@id\":\"https:\/\/www.42gears.com\/de\/sichere-e-mail\/\",\"url\":\"https:\/\/www.42gears.com\/de\/sichere-e-mail\/\",\"name\":\"Enterprise E-Mail-Verwaltungssoftware | Sichere E-Mail-App\",\"isPartOf\":{\"@id\":\"https:\/\/www.42gears.com\/#website\"},\"datePublished\":\"2020-05-14T12:03:23+00:00\",\"description\":\"Zugriff auf Gesch\u00e4fts-E-Mails durch native E-Mail-Apps sichern. Enterprises k\u00f6nnen per Fernzugriff E-Mail bereitstellen, den Zugriff verwalten und E-Mails auf Mobilger\u00e4ten vernichten.\",\"breadcrumb\":{\"@id\":\"https:\/\/www.42gears.com\/de\/sichere-e-mail\/#breadcrumb\"},\"inLanguage\":\"de-DE\",\"potentialAction\":[{\"@type\":\"ReadAction\",\"target\":[\"https:\/\/www.42gears.com\/de\/sichere-e-mail\/\"]}]},{\"@type\":\"BreadcrumbList\",\"@id\":\"https:\/\/www.42gears.com\/de\/sichere-e-mail\/#breadcrumb\",\"itemListElement\":[{\"@type\":\"ListItem\",\"position\":1,\"name\":\"Home\",\"item\":\"https:\/\/www.42gears.com\/de\/\"},{\"@type\":\"ListItem\",\"position\":2,\"name\":\"Sichere E-Mail\"}]},{\"@type\":\"WebSite\",\"@id\":\"https:\/\/www.42gears.com\/#website\",\"url\":\"https:\/\/www.42gears.com\/\",\"name\":\"42Gears Mobility Systems\",\"description\":\"Mobile Device Management (MDM), Mobile Security &amp; Mobile Device Lockdown\",\"publisher\":{\"@id\":\"https:\/\/www.42gears.com\/#organization\"},\"potentialAction\":[{\"@type\":\"SearchAction\",\"target\":{\"@type\":\"EntryPoint\",\"urlTemplate\":\"https:\/\/www.42gears.com\/?s={search_term_string}\"},\"query-input\":{\"@type\":\"PropertyValueSpecification\",\"valueRequired\":true,\"valueName\":\"search_term_string\"}}],\"inLanguage\":\"de-DE\"},{\"@type\":\"Organization\",\"@id\":\"https:\/\/www.42gears.com\/#organization\",\"name\":\"MDM - 42Gears\",\"url\":\"https:\/\/www.42gears.com\/\",\"logo\":{\"@type\":\"ImageObject\",\"inLanguage\":\"de-DE\",\"@id\":\"https:\/\/www.42gears.com\/#\/schema\/logo\/image\/\",\"url\":\"https:\/\/www.42gears.com\/wp-content\/uploads\/2018\/12\/Featured-Image-42Gears-logo.png\",\"contentUrl\":\"https:\/\/www.42gears.com\/wp-content\/uploads\/2018\/12\/Featured-Image-42Gears-logo.png\",\"width\":499,\"height\":330,\"caption\":\"MDM - 42Gears\"},\"image\":{\"@id\":\"https:\/\/www.42gears.com\/#\/schema\/logo\/image\/\"},\"sameAs\":[\"https:\/\/www.facebook.com\/42gears\",\"https:\/\/x.com\/42Gears\"]}]}<\/script>\n<!-- \/ Yoast SEO Premium plugin. -->","yoast_head_json":{"title":"Enterprise E-Mail-Verwaltungssoftware | Sichere E-Mail-App","description":"Zugriff auf Gesch\u00e4fts-E-Mails durch native E-Mail-Apps sichern. Enterprises k\u00f6nnen per Fernzugriff E-Mail bereitstellen, den Zugriff verwalten und E-Mails auf Mobilger\u00e4ten vernichten.","robots":{"index":"index","follow":"follow","max-snippet":"max-snippet:-1","max-image-preview":"max-image-preview:large","max-video-preview":"max-video-preview:-1"},"canonical":"https:\/\/www.42gears.com\/de\/sichere-e-mail\/","og_locale":"de_DE","og_type":"article","og_title":"Sichere E-Mail","og_description":"Zugriff auf Gesch\u00e4fts-E-Mails durch native E-Mail-Apps sichern. Enterprises k\u00f6nnen per Fernzugriff E-Mail bereitstellen, den Zugriff verwalten und E-Mails auf Mobilger\u00e4ten vernichten.","og_url":"https:\/\/www.42gears.com\/de\/sichere-e-mail\/","og_site_name":"42Gears Mobility Systems","article_publisher":"https:\/\/www.facebook.com\/42gears","twitter_card":"summary_large_image","twitter_site":"@42Gears","schema":{"@context":"https:\/\/schema.org","@graph":[{"@type":"WebPage","@id":"https:\/\/www.42gears.com\/de\/sichere-e-mail\/","url":"https:\/\/www.42gears.com\/de\/sichere-e-mail\/","name":"Enterprise E-Mail-Verwaltungssoftware | Sichere E-Mail-App","isPartOf":{"@id":"https:\/\/www.42gears.com\/#website"},"datePublished":"2020-05-14T12:03:23+00:00","description":"Zugriff auf Gesch\u00e4fts-E-Mails durch native E-Mail-Apps sichern. Enterprises k\u00f6nnen per Fernzugriff E-Mail bereitstellen, den Zugriff verwalten und E-Mails auf Mobilger\u00e4ten vernichten.","breadcrumb":{"@id":"https:\/\/www.42gears.com\/de\/sichere-e-mail\/#breadcrumb"},"inLanguage":"de-DE","potentialAction":[{"@type":"ReadAction","target":["https:\/\/www.42gears.com\/de\/sichere-e-mail\/"]}]},{"@type":"BreadcrumbList","@id":"https:\/\/www.42gears.com\/de\/sichere-e-mail\/#breadcrumb","itemListElement":[{"@type":"ListItem","position":1,"name":"Home","item":"https:\/\/www.42gears.com\/de\/"},{"@type":"ListItem","position":2,"name":"Sichere E-Mail"}]},{"@type":"WebSite","@id":"https:\/\/www.42gears.com\/#website","url":"https:\/\/www.42gears.com\/","name":"42Gears Mobility Systems","description":"Mobile Device Management (MDM), Mobile Security &amp; Mobile Device Lockdown","publisher":{"@id":"https:\/\/www.42gears.com\/#organization"},"potentialAction":[{"@type":"SearchAction","target":{"@type":"EntryPoint","urlTemplate":"https:\/\/www.42gears.com\/?s={search_term_string}"},"query-input":{"@type":"PropertyValueSpecification","valueRequired":true,"valueName":"search_term_string"}}],"inLanguage":"de-DE"},{"@type":"Organization","@id":"https:\/\/www.42gears.com\/#organization","name":"MDM - 42Gears","url":"https:\/\/www.42gears.com\/","logo":{"@type":"ImageObject","inLanguage":"de-DE","@id":"https:\/\/www.42gears.com\/#\/schema\/logo\/image\/","url":"https:\/\/www.42gears.com\/wp-content\/uploads\/2018\/12\/Featured-Image-42Gears-logo.png","contentUrl":"https:\/\/www.42gears.com\/wp-content\/uploads\/2018\/12\/Featured-Image-42Gears-logo.png","width":499,"height":330,"caption":"MDM - 42Gears"},"image":{"@id":"https:\/\/www.42gears.com\/#\/schema\/logo\/image\/"},"sameAs":["https:\/\/www.facebook.com\/42gears","https:\/\/x.com\/42Gears"]}]}},"_links":{"self":[{"href":"https:\/\/www.42gears.com\/de\/wp-json\/wp\/v2\/pages\/51777","targetHints":{"allow":["GET"]}}],"collection":[{"href":"https:\/\/www.42gears.com\/de\/wp-json\/wp\/v2\/pages"}],"about":[{"href":"https:\/\/www.42gears.com\/de\/wp-json\/wp\/v2\/types\/page"}],"author":[{"embeddable":true,"href":"https:\/\/www.42gears.com\/de\/wp-json\/wp\/v2\/users\/7"}],"replies":[{"embeddable":true,"href":"https:\/\/www.42gears.com\/de\/wp-json\/wp\/v2\/comments?post=51777"}],"version-history":[{"count":0,"href":"https:\/\/www.42gears.com\/de\/wp-json\/wp\/v2\/pages\/51777\/revisions"}],"wp:attachment":[{"href":"https:\/\/www.42gears.com\/de\/wp-json\/wp\/v2\/media?parent=51777"}],"wp:term":[{"taxonomy":"category","embeddable":true,"href":"https:\/\/www.42gears.com\/de\/wp-json\/wp\/v2\/categories?post=51777"},{"taxonomy":"post_tag","embeddable":true,"href":"https:\/\/www.42gears.com\/de\/wp-json\/wp\/v2\/tags?post=51777"}],"curies":[{"name":"wp","href":"https:\/\/api.w.org\/{rel}","templated":true}]}}