{"id":51458,"date":"2020-05-07T09:56:18","date_gmt":"2020-05-07T09:56:18","guid":{"rendered":"https:\/\/www.42gears.com\/astrocontacts\/"},"modified":"2025-02-13T06:15:55","modified_gmt":"2025-02-13T06:15:55","slug":"astrocontacts","status":"publish","type":"page","link":"https:\/\/www.42gears.com\/de\/products\/astrocontacts\/","title":{"rendered":"AstroContacts"},"content":{"rendered":"\n\n\t<h1>AstroContacts<\/h1>\n<!--\nShared Contacts for Teams\n-->\nSICHER | CLOUD-BASIERT | KEINE EINRICHTUNG ERFORDERLICH\n<a><img decoding=\"async\" src=\"https:\/\/www.42gears.com\/wp-content\/uploads\/2020\/01\/android.png\" alt=\"android\" \/><\/a><a><img decoding=\"async\" src=\"https:\/\/www.42gears.com\/wp-content\/uploads\/2020\/01\/apple.png\" alt=\"ios\" \/><\/a>\n\t<!-- <a href=\"https:\/\/suremdm.42gears.com\/console\/?registration=true\">Sign up for Free Trial<\/a> -->\n<a targe\"_blank\" href=\"https:\/\/astroportal.42gears.com\/#\/auth\/register\">Registrieren Sie sich kostenlos<\/a>\n<ahref=\"\/?page_id=16593&#038;pname=2\" target=\"_blank\">Programe una Demo\n<!-- <a href=\"\/?page_id=16593\">Ein Demo planen<\/a> -->\n\t\t\t\t<img decoding=\"async\" src=\"https:\/\/www.42gears.com\/wp-content\/uploads\/2020\/04\/astro-mobile-white.png\" alt=\"AstroContact Banner\" itemprop=\"image\" height=\"2208\" width=\"3000\" title=\"AstroContact Banner\" onerror=\"this.style.display='none'\"  \/>\n\t<h3>\u00dcbersicht<\/h3>\n<p>Die Produktivit\u00e4t eines Teams h\u00e4ngt davon ab, wie einfach und schnell sich Teammitglieder finden und kontaktieren k\u00f6nnen. Dies wird eine gro\u00dfe Herausforderung, da die Arbeitskr\u00e4fte zunehmend mobiler werden. <strong>AstroContacts<\/strong> von 42Gears ist <strong>ein Enterprise-Kontakt-Management-Tool<\/strong>, das ein nahtloses Teilen von Kontakten unter mobilen Teammitgliedern erlaubt. Ein Nutzer kann schnell einen Kontakt nachschlagen, dann anrufen, eine E-Mail senden oder mit ihm Textnachrichten austauschen, einfach per Tippen.<\/p>\n\t<h2>Funktionen<\/h2>\n\t\t\t\t<img decoding=\"async\" src=\"https:\/\/www.42gears.com\/wp-content\/uploads\/2020\/02\/AstroContacts-Centralized-Contact.png\" alt=\"AstroContacts - Centralized Contact\" itemprop=\"image\" height=\"328\" width=\"328\" title=\"AstroContacts - Centralized Contact\" onerror=\"this.style.display='none'\"  \/>\n\t<p>Zentralisiertes Kontakt-Management<\/p>\n<p>Greifen Sie von Ihrem iOS- oder Android-Ger\u00e4t aus auf Kontakte innerhalb eines Teams oder einer Organisation zu.<\/p>\n\t\t\t\t<img decoding=\"async\" src=\"https:\/\/www.42gears.com\/wp-content\/uploads\/2020\/02\/AstroContacts-Control.png\" alt=\"AstroContacts - Control\" itemprop=\"image\" height=\"328\" width=\"328\" title=\"AstroContacts - Control\" onerror=\"this.style.display='none'\"  \/>\n\t<p>IT-Kontrolle<\/p>\n<p>Ein Kontakte-Verzeichnis, das vollst\u00e4ndig vom Unternehmen kontrolliert wird.<\/p>\n\t\t\t\t<img decoding=\"async\" src=\"https:\/\/www.42gears.com\/wp-content\/uploads\/2020\/02\/AstroContacts-Self-Service.png\" alt=\"AstroContacts - Self Service\" itemprop=\"image\" height=\"328\" width=\"328\" title=\"AstroContacts - Self Service\" onerror=\"this.style.display='none'\"  \/>\n\t<p>Selbstservice<\/p>\n<p>Auf Grundlage der Zugriffskontrolle kann ein Mitarbeiter auf Kontakte zugreifen und diese anpassen.<\/p>\n\t\t\t\t<img decoding=\"async\" src=\"https:\/\/www.42gears.com\/wp-content\/uploads\/2020\/02\/AstroContacts-Integrate.png\" alt=\"AstroContacts - Integrate\" itemprop=\"image\" height=\"328\" width=\"328\" title=\"AstroContacts - Integrate\" onerror=\"this.style.display='none'\"  \/>\n\tIntegrierbar in vorhandene Plattformen<br \/>\nDirekt das Telefon, die Text-Messaging-App, Skype oder WhatsApp zum Kommunizieren starten.\n\t\t\t\t<img decoding=\"async\" src=\"https:\/\/www.42gears.com\/wp-content\/uploads\/2020\/02\/AstroContacts-Setup.png\" alt=\"AstroContacts - Setup\" itemprop=\"image\" height=\"328\" width=\"328\" title=\"AstroContacts - Setup\" onerror=\"this.style.display='none'\"  \/>\n\t<p>Einfache anf\u00e4ngliche Einrichtung<\/p>\n<p>Erh\u00e4ltlich im App Store, Google Play. Einfach einzurichten.<\/p>\n\t\t\t\t<img decoding=\"async\" src=\"https:\/\/www.42gears.com\/wp-content\/uploads\/2020\/02\/AstroContacts-Alerts.png\" alt=\"AstroContacts - Alerts\" itemprop=\"image\" height=\"328\" width=\"328\" title=\"AstroContacts - Alerts\" onerror=\"this.style.display='none'\"  \/>\n\t<p>Alarm- und Event-Erinnerungen<\/p>\n<p>Benutzerdefiniertes Dashboard f\u00fcr Mitarbeiter, um Alarm- und Event-Erinnerungen usw. anzusehen.<\/p>\n\t<h3>Preise<\/h3>\n\t<style> \/* simple flat #51826 *\/#ptp-51826{border-color:#ddd;padding:0;margin-left:0;margin-right:0}#ptp-51826 div.ptp-item-container{border-radius:0}#ptp-51826 div.ptp-item-container div{margin:0}#ptp-51826 .ptp-highlight div.ptp-item-container{border-color:#ddd}#ptp-51826 div.ptp-plan{border-top-right-radius:0;border-top-left-radius:0;font-size:1em;border-color:#ddd;background-color:#ddd;color:#333;padding:.9375em 1.25em}#ptp-51826 div.ptp-plan .has-tip{border-bottom:dotted 1px #333;color:#333}#ptp-51826 .ptp-highlight div.ptp-plan{border-color:#ddd;background-color:#ddd;color:#333}#ptp-51826 .ptp-highlight div.ptp-plan .has-tip{border-bottom:dotted 1px #333;color:#333}#ptp-51826 div.ptp-price{font-size:1.25em;background-color:#eee;color:#333;padding:.9375em 1.25em}#ptp-51826 div.ptp-price .has-tip{border-bottom:dotted 1px #333;color:#333}#ptp-51826 .ptp-highlight div.ptp-price{background-color:#eee;color:#333}#ptp-51826 .ptp-highlight div.ptp-price .has-tip{border-bottom:dotted 1px #333;color:#333}#ptp-51826 div.ptp-cta{border-bottom-right-radius:0;border-bottom-left-radius:0;background-color:#eee;padding-top:1.25em;padding-bottom:1.25em}#ptp-51826 .ptp-highlight div.ptp-cta{background-color:#eee}#ptp-51826 a.ptp-button{border-radius:0;font-size:1em;color:#fff;background-color:#3498db;border-bottom:#2980b9 4px solid;margin:0}#ptp-51826 a.ptp-button .has-tip,#ptp-51826 a.ptp-button:hover .has-tip{border-bottom:dotted 1px #fff;color:#fff}#ptp-51826 a.ptp-button:hover{background-color:#2980b9}#ptp-51826 div.ptp-bullet-item{color:#333;background-color:#fff;font-size:.875em;border-color:#ddd;padding:.9375em .5em .9375em .5em}#ptp-51826 .ptp-highlight .ptp-bullet-item{color:#333;border-color:#ddd;background-color:#fff}#ptp-51826 .ptp-highlight a.ptp-button{color:#fff;background-color:#e74c3c;border-bottom:#c0392b 4px solid}#ptp-51826 .ptp-highlight a.ptp-button:hover{background-color:#c0392b}#ptp-51826 .ptp-highlight a.ptp-button .has-tip{border-bottom:dotted 1px #fff;color:#fff}#ptp-51826 div.ptp-most-popular{border-radius:0;font-size:.9em;background-color:#7f8c8d;color:#fff;border:1px solid #7f8c8d}\/* end of simple flat #51826 *\/<\/style>        <script type=\"text\/javascript\">\n         jQuery(document).ready(function($) {\n            jQuery.call_match_height_51826 = function call_match_height_design1(ptp_id) {\n                                $( ptp_id+' .ptp-plan' ).matchHeight(false); \n                                $( ptp_id+' .ptp-cta' ).matchHeight(false); \n                                $( ptp_id+' .ptp-price' ).matchHeight(false);\n                                $( ptp_id+' .ptp-button' ).matchHeight(false);\n\n                                $( ptp_id+' .ptp-bullet-item' ).each(function( index ){\n                                    $( ptp_id+' .ptp-row-id-'+index ).matchHeight(false);\n             \n                                });  \n                         }\n            var ptp_id = '#ptp-'+51826 ;\n            $.call_match_height_51826 ( ptp_id );              \n         });\n      <\/script>\n      \n        <div id=\"ptp-51826\" class=\"ptp-pricing-table\" ><div class=\"ptp-col ptp-two-col  ptp-col-id-0 dh-ptp-col-id-0\"><div class=\"ptp-not-most-popular\">&nbsp;<\/div><div class=\"ptp-item-container\"><div class=\"ptp-plan\">Kostenloser Tarif<\/div><div class=\"ptp-price\">$0<\/div><div class=\"ptp-bullet-item ptp-row-id-0\">42 Kontakte\r<\/div><div class=\"ptp-bullet-item ptp-row-id-1\">5 Ger\u00e4te<\/div><div class=\"ptp-bullet-item ptp-row-id-2 tt-ptp-empty-row \">&nbsp;<\/div><div class=\"ptp-cta\"><a class=\"ptp-button ptp-checkout-button\" id=\"ptp-51826-cta-0\"  href=\"https:\/\/astroportal.42gears.com\/#\/auth\/register\"  >Zum Warenkorb hinzuf\u00fcgen<\/a><\/div><\/div><\/div><div class=\"ptp-col ptp-two-col  ptp-col-id-1 dh-ptp-col-id-1\"><div class=\"ptp-not-most-popular\">&nbsp;<\/div><div class=\"ptp-item-container\"><div class=\"ptp-plan\">Galaxy-Tarif<\/div><div class=\"ptp-price\">$1.99 pro Ger\u00e4t\/Monat<\/div><div class=\"ptp-bullet-item ptp-row-id-0\">2.000 Kontakte\r<\/div><div class=\"ptp-bullet-item ptp-row-id-1\">1.000 Ger\u00e4te\r<\/div><div class=\"ptp-bullet-item ptp-row-id-2\">10 zus\u00e4tzliche Admins<\/div><div class=\"ptp-cta\"><a class=\"ptp-button ptp-checkout-button\" id=\"ptp-51826-cta-1\"  href=\"https:\/\/astroportal.42gears.com\/#\/auth\/register\"  >Zum Warenkorb hinzuf\u00fcgen<\/a><\/div><\/div><\/div><\/div>\nBen\u00f6tigen Sie f\u00fcr Ihre Organisation einen benutzerdefinierten Tarif? Bitte <a href=\"mailto:sales@astrocontacts.com?subject=Custom Plan\">kontaktieren Sie uns.<\/a>\n\t<h2>FAQs<\/h2>\n\t\t\t<a href=\"#\" id=\"fl-accordion--label-0\" tabindex=\"0\" aria-controls=\"fl-accordion--panel-0\">Wie kann ich mit AstroContacts das Konto f\u00fcr meine Organisation erstellen?<\/a>\n\t\t\t\t\t\t\t<a href=\"#\" id=\"fl-accordion--icon-0\" tabindex=\"0\" aria-controls=\"fl-accordion--panel-0\"><i>Expand<\/i><\/a>\n\t\t<p>Sie k\u00f6nnen sich f\u00fcr das AstroContacts Web-Portal registrieren. Standardm\u00e4\u00dfig erhalten Sie Administrator-Berechtigungen und dann k\u00f6nnen Sie damit beginnen, Ihr Unternehmenskonto einzurichten. Als Administrator k\u00f6nnen Sie Nutzer erstellen und verwalten und ihnen auch den erforderlichen Zugriff auf das System gew\u00e4hren.<\/p>\n\t\t\t<a href=\"#\" id=\"fl-accordion--label-0\" tabindex=\"0\" aria-controls=\"fl-accordion--panel-0\">Kann ich die mobile App verwenden, um ein Konto f\u00fcr die Organisation zu erstellen?<\/a>\n\t\t\t\t\t\t\t<a href=\"#\" id=\"fl-accordion--icon-0\" tabindex=\"0\" aria-controls=\"fl-accordion--panel-0\"><i>Expand<\/i><\/a>\n\t\t<p>Diese Funktion ist in zuk\u00fcnftigen Versionen geplant. Bleiben Sie mit uns in Kontakt, um weitere Aktualisierungen zu erhalten.<\/p>\n\t\t\t<a href=\"#\" id=\"fl-accordion--label-0\" tabindex=\"0\" aria-controls=\"fl-accordion--panel-0\">Wenn ich mich einlogge, erhalte ich eine Mitteilung: \u201eIhre Registrierungsanfrage steht noch zur Admin.-Genehmigung aus, bitte kontaktieren Sie Ihren Administrator.&#8220; Was bedeutet das?<\/a>\n\t\t\t\t\t\t\t<a href=\"#\" id=\"fl-accordion--icon-0\" tabindex=\"0\" aria-controls=\"fl-accordion--panel-0\"><i>Expand<\/i><\/a>\n\t\t<p>Wenn ein Nutzer sich \u00fcber die mobile App registriert, muss er\/sie seine\/ihre Admin.-E-Mail-ID eingeben. Sobald die Registrierung in der mobilen App abgeschlossen ist, wird eine Anfrage zur Genehmigung an den Kontot-Administrator gesendet. Zu diesem Zeitpunkt wird der Nutzer die oben angegebenen Mitteilung erhalten. Es wird vorgeschlagen, den Konto-Administrator bez\u00fcglich der erforderlichen Genehmigung zu kontaktieren.<\/p>\n\t\t\t<a href=\"#\" id=\"fl-accordion--label-0\" tabindex=\"0\" aria-controls=\"fl-accordion--panel-0\">Wie kann ich in der mobilen App Kontakte bearbeiten?<\/a>\n\t\t\t\t\t\t\t<a href=\"#\" id=\"fl-accordion--icon-0\" tabindex=\"0\" aria-controls=\"fl-accordion--panel-0\"><i>Expand<\/i><\/a>\n\t\t<p>Ein eingeloggter Nutzer, der auch der Inhaber des Gesch\u00e4ftskontakts sein muss, kann siesen in der mobilen App bearbeiten. Ein Standard-Nutzer kann interne oder Gesch\u00e4ftskontakte, deren Inhaber er nicht ist, nicht bearbeiten..<\/p>\n\t\t\t<a href=\"#\" id=\"fl-accordion--label-0\" tabindex=\"0\" aria-controls=\"fl-accordion--panel-0\">Was ist die Zugriffsstufe? Wie beeinflusst sie die Zug\u00e4nglichkeit zu den Kontakten?<\/a>\n\t\t\t\t\t\t\t<a href=\"#\" id=\"fl-accordion--icon-0\" tabindex=\"0\" aria-controls=\"fl-accordion--panel-0\"><i>Expand<\/i><\/a>\n\t\t<p>Es gibt 3 Arten von Zugriffsstufen bei Kontakten: \u00d6ffentlich, Team und Privat. \u00d6ffentliche Kontakte k\u00f6nnen in der gesamten Organisation gesehen werden. Andererseits k\u00f6nnen Teamkontakte nur von bestimmten Teammitgliedern gesehen werden. Private Kontakte k\u00f6nnen nur von dem Nutzer gesehen werden, der Inhaber ist oder diese erstellt hat.<\/p>\n\t\t\t<a href=\"#\" id=\"fl-accordion--label-0\" tabindex=\"0\" aria-controls=\"fl-accordion--panel-0\">Kann ich meine pers\u00f6nlichen Kontakte in AstroContacts hinzuf\u00fcgen?<\/a>\n\t\t\t\t\t\t\t<a href=\"#\" id=\"fl-accordion--icon-0\" tabindex=\"0\" aria-controls=\"fl-accordion--panel-0\"><i>Expand<\/i><\/a>\n\t\t<p>Diese Funktion ist in zuk\u00fcnftigen Versionen geplant. Bleiben Sie mit uns in Kontakt, um Aktualisierungen zu erhalten.<\/p>\n\t<h3>Ressourcen<\/h3>\n\t<center><a href=\"https:\/\/docs.42gears.com\/AstroContactsv2\/Introduction\/\" target=\"_blank\" rel=\"noopener\"><img decoding=\"async\" src=\"https:\/\/www.42gears.com\/wp-content\/uploads\/2018\/03\/start.png\" alt=\"Get Started\" \/><\/a><\/center>&nbsp;\n\n<p><a href=\"https:\/\/astrocontacts.42gears.com\/documentation\/online-documentation\/Introduction.html\" target=\"_blank\" rel=\"noopener\">Beginnen<\/a><\/p>\n&nbsp;\n\n","protected":false},"excerpt":{"rendered":"<p>AstroContacts SICHER | CLOUD-BASIERT | KEINE EINRICHTUNG ERFORDERLICH Registrieren Sie sich kostenlos Programe una Demo \u00dcbersicht Die Produktivit\u00e4t eines Teams h\u00e4ngt davon ab, wie einfach und schnell sich Teammitglieder finden und kontaktieren k\u00f6nnen. Dies wird eine gro\u00dfe Herausforderung, da die Arbeitskr\u00e4fte zunehmend mobiler werden. AstroContacts von 42Gears ist ein Enterprise-Kontakt-Management-Tool, das ein nahtloses Teilen von&hellip;<\/p>\n","protected":false},"author":7,"featured_media":0,"parent":590,"menu_order":77,"comment_status":"closed","ping_status":"closed","template":"","meta":{"_acf_changed":false,"footnotes":""},"categories":[],"tags":[],"class_list":["post-51458","page","type-page","status-publish","hentry"],"acf":[],"yoast_head":"<!-- This site is optimized with the Yoast SEO Premium plugin v24.6 (Yoast SEO v24.6) - https:\/\/yoast.com\/wordpress\/plugins\/seo\/ -->\n<title>AstroContacts | Enterprise-Kontakt-Management | 42Gears UEM<\/title>\n<meta name=\"description\" content=\"AstroContacts von 42Gears ist ein Enterprise-Kontakt-Management-Tool, das ein nahtloses Teilen von Kontakten unter mobilen Teammitgliedern erlaubt.\" \/>\n<meta name=\"robots\" content=\"index, follow, max-snippet:-1, max-image-preview:large, max-video-preview:-1\" \/>\n<link rel=\"canonical\" href=\"https:\/\/www.42gears.com\/de\/products\/astrocontacts\/\" \/>\n<meta property=\"og:locale\" content=\"de_DE\" \/>\n<meta property=\"og:type\" content=\"article\" \/>\n<meta property=\"og:title\" content=\"AstroContacts\" \/>\n<meta property=\"og:description\" content=\"AstroContacts von 42Gears ist ein Enterprise-Kontakt-Management-Tool, das ein nahtloses Teilen von Kontakten unter mobilen Teammitgliedern erlaubt.\" \/>\n<meta property=\"og:url\" content=\"https:\/\/www.42gears.com\/de\/products\/astrocontacts\/\" \/>\n<meta property=\"og:site_name\" content=\"42Gears Mobility Systems\" \/>\n<meta property=\"article:publisher\" content=\"https:\/\/www.facebook.com\/42gears\" \/>\n<meta property=\"article:modified_time\" content=\"2025-02-13T06:15:55+00:00\" \/>\n<meta property=\"og:image\" content=\"https:\/\/www.42gears.com\/wp-content\/uploads\/2020\/01\/android.png\" \/>\n<meta name=\"twitter:card\" content=\"summary_large_image\" \/>\n<meta name=\"twitter:site\" content=\"@42Gears\" \/>\n<meta name=\"twitter:label1\" content=\"Est. reading time\" \/>\n\t<meta name=\"twitter:data1\" content=\"3 minutes\" \/>\n<script type=\"application\/ld+json\" class=\"yoast-schema-graph\">{\"@context\":\"https:\/\/schema.org\",\"@graph\":[{\"@type\":\"WebPage\",\"@id\":\"https:\/\/www.42gears.com\/de\/products\/astrocontacts\/\",\"url\":\"https:\/\/www.42gears.com\/de\/products\/astrocontacts\/\",\"name\":\"AstroContacts | Enterprise-Kontakt-Management | 42Gears UEM\",\"isPartOf\":{\"@id\":\"https:\/\/www.42gears.com\/#website\"},\"primaryImageOfPage\":{\"@id\":\"https:\/\/www.42gears.com\/de\/products\/astrocontacts\/#primaryimage\"},\"image\":{\"@id\":\"https:\/\/www.42gears.com\/de\/products\/astrocontacts\/#primaryimage\"},\"thumbnailUrl\":\"https:\/\/www.42gears.com\/wp-content\/uploads\/2020\/01\/android.png\",\"datePublished\":\"2020-05-07T09:56:18+00:00\",\"dateModified\":\"2025-02-13T06:15:55+00:00\",\"description\":\"AstroContacts von 42Gears ist ein Enterprise-Kontakt-Management-Tool, das ein nahtloses Teilen von Kontakten unter mobilen Teammitgliedern erlaubt.\",\"breadcrumb\":{\"@id\":\"https:\/\/www.42gears.com\/de\/products\/astrocontacts\/#breadcrumb\"},\"inLanguage\":\"de-DE\",\"potentialAction\":[{\"@type\":\"ReadAction\",\"target\":[\"https:\/\/www.42gears.com\/de\/products\/astrocontacts\/\"]}]},{\"@type\":\"ImageObject\",\"inLanguage\":\"de-DE\",\"@id\":\"https:\/\/www.42gears.com\/de\/products\/astrocontacts\/#primaryimage\",\"url\":\"https:\/\/www.42gears.com\/wp-content\/uploads\/2020\/01\/android.png\",\"contentUrl\":\"https:\/\/www.42gears.com\/wp-content\/uploads\/2020\/01\/android.png\"},{\"@type\":\"BreadcrumbList\",\"@id\":\"https:\/\/www.42gears.com\/de\/products\/astrocontacts\/#breadcrumb\",\"itemListElement\":[{\"@type\":\"ListItem\",\"position\":1,\"name\":\"Home\",\"item\":\"https:\/\/www.42gears.com\/de\/\"},{\"@type\":\"ListItem\",\"position\":2,\"name\":\"Products\",\"item\":\"https:\/\/www.42gears.com\/products\/\"},{\"@type\":\"ListItem\",\"position\":3,\"name\":\"AstroContacts\"}]},{\"@type\":\"WebSite\",\"@id\":\"https:\/\/www.42gears.com\/#website\",\"url\":\"https:\/\/www.42gears.com\/\",\"name\":\"42Gears Mobility Systems\",\"description\":\"Mobile Device Management (MDM), Mobile Security &amp; Mobile Device Lockdown\",\"publisher\":{\"@id\":\"https:\/\/www.42gears.com\/#organization\"},\"potentialAction\":[{\"@type\":\"SearchAction\",\"target\":{\"@type\":\"EntryPoint\",\"urlTemplate\":\"https:\/\/www.42gears.com\/?s={search_term_string}\"},\"query-input\":{\"@type\":\"PropertyValueSpecification\",\"valueRequired\":true,\"valueName\":\"search_term_string\"}}],\"inLanguage\":\"de-DE\"},{\"@type\":\"Organization\",\"@id\":\"https:\/\/www.42gears.com\/#organization\",\"name\":\"MDM - 42Gears\",\"url\":\"https:\/\/www.42gears.com\/\",\"logo\":{\"@type\":\"ImageObject\",\"inLanguage\":\"de-DE\",\"@id\":\"https:\/\/www.42gears.com\/#\/schema\/logo\/image\/\",\"url\":\"https:\/\/www.42gears.com\/wp-content\/uploads\/2018\/12\/Featured-Image-42Gears-logo.png\",\"contentUrl\":\"https:\/\/www.42gears.com\/wp-content\/uploads\/2018\/12\/Featured-Image-42Gears-logo.png\",\"width\":499,\"height\":330,\"caption\":\"MDM - 42Gears\"},\"image\":{\"@id\":\"https:\/\/www.42gears.com\/#\/schema\/logo\/image\/\"},\"sameAs\":[\"https:\/\/www.facebook.com\/42gears\",\"https:\/\/x.com\/42Gears\"]}]}<\/script>\n<!-- \/ Yoast SEO Premium plugin. -->","yoast_head_json":{"title":"AstroContacts | Enterprise-Kontakt-Management | 42Gears UEM","description":"AstroContacts von 42Gears ist ein Enterprise-Kontakt-Management-Tool, das ein nahtloses Teilen von Kontakten unter mobilen Teammitgliedern erlaubt.","robots":{"index":"index","follow":"follow","max-snippet":"max-snippet:-1","max-image-preview":"max-image-preview:large","max-video-preview":"max-video-preview:-1"},"canonical":"https:\/\/www.42gears.com\/de\/products\/astrocontacts\/","og_locale":"de_DE","og_type":"article","og_title":"AstroContacts","og_description":"AstroContacts von 42Gears ist ein Enterprise-Kontakt-Management-Tool, das ein nahtloses Teilen von Kontakten unter mobilen Teammitgliedern erlaubt.","og_url":"https:\/\/www.42gears.com\/de\/products\/astrocontacts\/","og_site_name":"42Gears Mobility Systems","article_publisher":"https:\/\/www.facebook.com\/42gears","article_modified_time":"2025-02-13T06:15:55+00:00","og_image":[{"url":"https:\/\/www.42gears.com\/wp-content\/uploads\/2020\/01\/android.png","type":"","width":"","height":""}],"twitter_card":"summary_large_image","twitter_site":"@42Gears","twitter_misc":{"Est. reading time":"3 minutes"},"schema":{"@context":"https:\/\/schema.org","@graph":[{"@type":"WebPage","@id":"https:\/\/www.42gears.com\/de\/products\/astrocontacts\/","url":"https:\/\/www.42gears.com\/de\/products\/astrocontacts\/","name":"AstroContacts | Enterprise-Kontakt-Management | 42Gears UEM","isPartOf":{"@id":"https:\/\/www.42gears.com\/#website"},"primaryImageOfPage":{"@id":"https:\/\/www.42gears.com\/de\/products\/astrocontacts\/#primaryimage"},"image":{"@id":"https:\/\/www.42gears.com\/de\/products\/astrocontacts\/#primaryimage"},"thumbnailUrl":"https:\/\/www.42gears.com\/wp-content\/uploads\/2020\/01\/android.png","datePublished":"2020-05-07T09:56:18+00:00","dateModified":"2025-02-13T06:15:55+00:00","description":"AstroContacts von 42Gears ist ein Enterprise-Kontakt-Management-Tool, das ein nahtloses Teilen von Kontakten unter mobilen Teammitgliedern erlaubt.","breadcrumb":{"@id":"https:\/\/www.42gears.com\/de\/products\/astrocontacts\/#breadcrumb"},"inLanguage":"de-DE","potentialAction":[{"@type":"ReadAction","target":["https:\/\/www.42gears.com\/de\/products\/astrocontacts\/"]}]},{"@type":"ImageObject","inLanguage":"de-DE","@id":"https:\/\/www.42gears.com\/de\/products\/astrocontacts\/#primaryimage","url":"https:\/\/www.42gears.com\/wp-content\/uploads\/2020\/01\/android.png","contentUrl":"https:\/\/www.42gears.com\/wp-content\/uploads\/2020\/01\/android.png"},{"@type":"BreadcrumbList","@id":"https:\/\/www.42gears.com\/de\/products\/astrocontacts\/#breadcrumb","itemListElement":[{"@type":"ListItem","position":1,"name":"Home","item":"https:\/\/www.42gears.com\/de\/"},{"@type":"ListItem","position":2,"name":"Products","item":"https:\/\/www.42gears.com\/products\/"},{"@type":"ListItem","position":3,"name":"AstroContacts"}]},{"@type":"WebSite","@id":"https:\/\/www.42gears.com\/#website","url":"https:\/\/www.42gears.com\/","name":"42Gears Mobility Systems","description":"Mobile Device Management (MDM), Mobile Security &amp; Mobile Device Lockdown","publisher":{"@id":"https:\/\/www.42gears.com\/#organization"},"potentialAction":[{"@type":"SearchAction","target":{"@type":"EntryPoint","urlTemplate":"https:\/\/www.42gears.com\/?s={search_term_string}"},"query-input":{"@type":"PropertyValueSpecification","valueRequired":true,"valueName":"search_term_string"}}],"inLanguage":"de-DE"},{"@type":"Organization","@id":"https:\/\/www.42gears.com\/#organization","name":"MDM - 42Gears","url":"https:\/\/www.42gears.com\/","logo":{"@type":"ImageObject","inLanguage":"de-DE","@id":"https:\/\/www.42gears.com\/#\/schema\/logo\/image\/","url":"https:\/\/www.42gears.com\/wp-content\/uploads\/2018\/12\/Featured-Image-42Gears-logo.png","contentUrl":"https:\/\/www.42gears.com\/wp-content\/uploads\/2018\/12\/Featured-Image-42Gears-logo.png","width":499,"height":330,"caption":"MDM - 42Gears"},"image":{"@id":"https:\/\/www.42gears.com\/#\/schema\/logo\/image\/"},"sameAs":["https:\/\/www.facebook.com\/42gears","https:\/\/x.com\/42Gears"]}]}},"_links":{"self":[{"href":"https:\/\/www.42gears.com\/de\/wp-json\/wp\/v2\/pages\/51458","targetHints":{"allow":["GET"]}}],"collection":[{"href":"https:\/\/www.42gears.com\/de\/wp-json\/wp\/v2\/pages"}],"about":[{"href":"https:\/\/www.42gears.com\/de\/wp-json\/wp\/v2\/types\/page"}],"author":[{"embeddable":true,"href":"https:\/\/www.42gears.com\/de\/wp-json\/wp\/v2\/users\/7"}],"replies":[{"embeddable":true,"href":"https:\/\/www.42gears.com\/de\/wp-json\/wp\/v2\/comments?post=51458"}],"version-history":[{"count":7,"href":"https:\/\/www.42gears.com\/de\/wp-json\/wp\/v2\/pages\/51458\/revisions"}],"predecessor-version":[{"id":111814,"href":"https:\/\/www.42gears.com\/de\/wp-json\/wp\/v2\/pages\/51458\/revisions\/111814"}],"up":[{"embeddable":true,"href":"https:\/\/www.42gears.com\/de\/wp-json\/wp\/v2\/pages\/590"}],"wp:attachment":[{"href":"https:\/\/www.42gears.com\/de\/wp-json\/wp\/v2\/media?parent=51458"}],"wp:term":[{"taxonomy":"category","embeddable":true,"href":"https:\/\/www.42gears.com\/de\/wp-json\/wp\/v2\/categories?post=51458"},{"taxonomy":"post_tag","embeddable":true,"href":"https:\/\/www.42gears.com\/de\/wp-json\/wp\/v2\/tags?post=51458"}],"curies":[{"name":"wp","href":"https:\/\/api.w.org\/{rel}","templated":true}]}}