{"id":48831,"date":"2020-03-23T12:46:14","date_gmt":"2020-03-23T12:46:14","guid":{"rendered":"https:\/\/www.42gears.com\/42gears-ist-stolz-darauf-im-november-2019-bei-gartner-peer-insights-als-folgendes-benannt-zu-werden-customers-choice-for-unified-endpoint-management-tools\/"},"modified":"2024-12-26T09:48:54","modified_gmt":"2024-12-26T09:48:54","slug":"42gears-ist-stolz-darauf-im-november-2019-bei-gartner-peer-insights-als-folgendes-benannt-zu-werden-customers-choice-for-unified-endpoint-management-tools","status":"publish","type":"page","link":"https:\/\/www.42gears.com\/de\/42gears-ist-stolz-darauf-im-november-2019-bei-gartner-peer-insights-als-folgendes-benannt-zu-werden-customers-choice-for-unified-endpoint-management-tools\/","title":{"rendered":"42Gears ist stolz darauf, im November 2019 bei Gartner Peer Insights als folgendes benannt zu werden Customers\u2019 Choice for Unified Endpoint Management Tools."},"content":{"rendered":"<h1>\n\t\t42Gears ist stolz darauf, im November 2019 bei Gartner Peer Insights als folgendes benannt zu werden Customers\u2019 Choice for Unified Endpoint Management Tools.\n\t<\/h1>\n\t<p><em>Die Gartner Peer Insights Customers&#8216; Choice Auszeichnung basiert auf Feedback und Bewertungen von Endnutzer-Fachleuten, die Erfahrung beim Erwerben, Implementieren und\/oder Verwenden des Produkts oder des Services haben.<\/em><\/p>\n\t<p><strong>Bangalore, Indien, 16. Dezember 2019<\/strong>\u00a0\u2013 42Gears, ein\u00a0<strong>Anbieter von einheitlichen Endpunktverwaltungsl\u00f6sungen<\/strong>, ist stolz darauf, im November 2019 bei Gartner Peer Insights als folgendes benannt zu werden\u00a0Customers\u2019 Choice for Unified Endpoint Management Tools.\u00a0Diese Auszeichnung erkennt per 11. Dezember 2019, die gesamte Kundenbewertung von 42Gears als 4,6\/5 und von 196 Gesamtbewertungen als in der Branche sehr hoch bewertet an.<\/p>\n<p>Wir denken, dass die Customers`Choice Auszeichnung die ununterbrochenen Bem\u00fchungen von 42Gears widerspiegelt, seine Kunden, unabh\u00e4ngig von deren Branche oder Unternehmensgr\u00f6\u00dfe, zu unterst\u00fctzen.\u00a0<strong>Dies ist das dritte Mal in Folge, dass 42Gears als Empf\u00e4nger dieser Auszeichnung benannt wurde<\/strong>, und wir f\u00fchlen, dass dies f\u00fcr die Best\u00e4ndigkeit des Kundensupports von 42Gears \u00fcber die Zeit spricht. Tats\u00e4chlich wurde 42Gears jedes Mal mit dieser Auszeichnung, seit sie w\u00e4hlbar ist, anerkannt, seit Gartner die Kategorie im Oktober 2018 geschaffen hat.<\/p>\n<p>\u201e<em>Wir glauben, dass diese Auszeichnung unsere Verpflichtung auf die Stimmen unsere Kunden zu h\u00f6ren, widerspiegelt,<\/em>\u201c sagt\u00a0<strong>Onkar Singh, Co-Gr\u00fcnder und CEO von 42Gears Mobility Systems<\/strong>. \u201e<em>Wir expandieren weiterhin unseren Stand, indem wir innovative L\u00f6sungen f\u00fcr die zeitgem\u00e4\u00dfen Herausforderungen bei der Endpunktverwaltung anbieten, ohne die Sicht darauf zu verlieren, was unsere Kunden von uns erwarten und wir danken ihnen f\u00fcr das Feedback, dass sie mit uns auf der Gartner Peer Insights Webseite geteilt haben.<\/em>\u201c<\/p>\n<p>Wir glauben, dass die Customers\u2019 Choice Auszeichnung f\u00fcr 42Gears ein starkes Jahr abschlie\u00dft. Erfahren Sie mehr bei Gartner\u00a0Peer Insights \u2018Voice of the Customer\u2019: Unified Endpoint Management Tools Bericht. \u201eVoice of the Customer\u201c ist ein Dokument, das die Gartner Peer Insights Bewertungen f\u00fcr das Jahr in Insights f\u00fcr IT-Entscheidungstr\u00e4ger zusammenfasst.<\/p>\n<p>2019 wurde 42Gears das zweite Jahr in Folge im Gartner Magic Quadrant for Unified Endpoint Management benannt.<\/p>\n\t<p>Gartner, Gartner Peer Insights \u201eVoice of the Customer\u201c: Unified Endpoint Management Tools, Peer Contributors, 4. Dezember 2019.<\/p>\n<p>Gartner, Magic Quadrant for Unified Endpoint Management Tools, Chris Silva | Manjunath Bhat | Rich Doheny | Rob Smith, 6. August 2019.<\/p>\n<p><strong>Gartner Haftungsausschluss:<\/strong><\/p>\n<p>Gartner Peer Insights Customers\u2019 Choice stellt die subjektiven Meinungen von individuellen Endkunden-Bewertungen und Daten, die gegen\u00fcber einer dokumentierten Methodologie angewendet werden, dar; sie repr\u00e4sentieren weder die Ansichten von, noch bedeuten sie eine Bef\u00fcrwortung von Gartner und seinen Partnern.<\/p>\n<p>Gartner bef\u00fcrwortet in seinen Publikationen keinen Anbieter, kein Produkt und keinen Service und r\u00e4t keinen Technologienutzern nur diejenigen Anbieter mit den h\u00f6chsten Bewertungen oder anderen Bezeichnungen auszuw\u00e4hlen. Die Gartner-Forschungspublikationen bestehen aus den Meinungen der Forschungsorganisation Gartner und sie d\u00fcrfen nicht als Tatbest\u00e4nde interpretiert werden. Gartner schlie\u00dft alle Gew\u00e4hrleistungen, ausdr\u00fccklich oder implizit, in Bezug auf diese Forschung aus, inklusive allen Zusicherungen der Gebrauchstauglichkeit oder Eignung zu einem bestimmten Zweck.<\/p>\n\t<p><strong>\u00dcber Peer Insights:<\/strong><\/p>\n<p>Peer Insights ist eine Online-Plattform mit Bewertungen und Reviews von IT-Software und Services, die von IT-Fachleuten und Entscheidungstr\u00e4gern bei Technologie geschrieben und gelesen werden. Das Ziel ist es, IT-F\u00fchrungskr\u00e4ften dabei zu helfen, aufschlussreichere Kaufentscheidungen zu treffen und, um Technologieanbietern dabei zu helfen, ihre Produkte zu verbessern, indem sie objektives, unparteiisches Feedback von ihren Kunden erhalten. Gartner Peer Insights enth\u00e4lt mehr als 215.000 verifizierte Reviews aus \u00fcber 340 M\u00e4rkten. F\u00fcr weitere Informationen besuchen Sie bitte\u00a0<a href=\"http:\/\/www.gartner.com\/reviews\/home\">www.gartner.com\/reviews\/home<\/a>.<\/p>\n","protected":false},"excerpt":{"rendered":"<p>42Gears ist stolz darauf, im November 2019 bei Gartner Peer Insights als folgendes benannt zu werden Customers\u2019 Choice for Unified Endpoint Management Tools. Die Gartner Peer Insights Customers&#8216; Choice Auszeichnung basiert auf Feedback und Bewertungen von Endnutzer-Fachleuten, die Erfahrung beim Erwerben, Implementieren und\/oder Verwenden des Produkts oder des Services haben. Bangalore, Indien, 16. Dezember 2019\u00a0\u2013&hellip;<\/p>\n","protected":false},"author":7,"featured_media":28576,"parent":0,"menu_order":0,"comment_status":"closed","ping_status":"closed","template":"","meta":{"_acf_changed":false,"footnotes":""},"categories":[],"tags":[],"class_list":["post-48831","page","type-page","status-publish","has-post-thumbnail","hentry"],"acf":[],"yoast_head":"<!-- This site is optimized with the Yoast SEO Premium plugin v24.6 (Yoast SEO v24.6) - https:\/\/yoast.com\/wordpress\/plugins\/seo\/ -->\n<title>42Gears ist stolz darauf, im November 2019 bei Gartner Peer Insights als folgendes benannt zu werden Customers\u2019 Choice for Unified Endpoint Management Tools.<\/title>\n<meta name=\"description\" content=\"42Gears ist stolz darauf, im November 2019 bei Gartner Peer Insights als folgendes benannt zu werden Customers\u2019 Choice for Unified Endpoint Management Tools.\" \/>\n<meta name=\"robots\" content=\"index, follow, max-snippet:-1, max-image-preview:large, max-video-preview:-1\" \/>\n<link rel=\"canonical\" href=\"https:\/\/www.42gears.com\/de\/42gears-ist-stolz-darauf-im-november-2019-bei-gartner-peer-insights-als-folgendes-benannt-zu-werden-customers-choice-for-unified-endpoint-management-tools\/\" \/>\n<meta property=\"og:locale\" content=\"de_DE\" \/>\n<meta property=\"og:type\" content=\"article\" \/>\n<meta property=\"og:title\" content=\"42Gears ist stolz darauf, im November 2019 bei Gartner Peer Insights als folgendes benannt zu werden Customers\u2019 Choice for Unified Endpoint Management Tools.\" \/>\n<meta property=\"og:description\" content=\"42Gears ist stolz darauf, im November 2019 bei Gartner Peer Insights als folgendes benannt zu werden Customers\u2019 Choice for Unified Endpoint Management Tools.\" \/>\n<meta property=\"og:url\" content=\"https:\/\/www.42gears.com\/de\/42gears-ist-stolz-darauf-im-november-2019-bei-gartner-peer-insights-als-folgendes-benannt-zu-werden-customers-choice-for-unified-endpoint-management-tools\/\" \/>\n<meta property=\"og:site_name\" content=\"42Gears Mobility Systems\" \/>\n<meta property=\"article:publisher\" content=\"https:\/\/www.facebook.com\/42gears\" \/>\n<meta property=\"article:modified_time\" content=\"2024-12-26T09:48:54+00:00\" \/>\n<meta property=\"og:image\" content=\"https:\/\/www.42gears.com\/wp-content\/uploads\/2018\/12\/Featured-Image-42Gears-logo.png\" \/>\n\t<meta property=\"og:image:width\" content=\"499\" \/>\n\t<meta property=\"og:image:height\" content=\"330\" \/>\n\t<meta property=\"og:image:type\" content=\"image\/png\" \/>\n<meta name=\"twitter:card\" content=\"summary_large_image\" \/>\n<meta name=\"twitter:site\" content=\"@42Gears\" \/>\n<meta name=\"twitter:label1\" content=\"Est. reading time\" \/>\n\t<meta name=\"twitter:data1\" content=\"3 minutes\" \/>\n<script type=\"application\/ld+json\" class=\"yoast-schema-graph\">{\"@context\":\"https:\/\/schema.org\",\"@graph\":[{\"@type\":\"WebPage\",\"@id\":\"https:\/\/www.42gears.com\/de\/42gears-ist-stolz-darauf-im-november-2019-bei-gartner-peer-insights-als-folgendes-benannt-zu-werden-customers-choice-for-unified-endpoint-management-tools\/\",\"url\":\"https:\/\/www.42gears.com\/de\/42gears-ist-stolz-darauf-im-november-2019-bei-gartner-peer-insights-als-folgendes-benannt-zu-werden-customers-choice-for-unified-endpoint-management-tools\/\",\"name\":\"42Gears ist stolz darauf, im November 2019 bei Gartner Peer Insights als folgendes benannt zu werden Customers\u2019 Choice for Unified Endpoint Management Tools.\",\"isPartOf\":{\"@id\":\"https:\/\/www.42gears.com\/#website\"},\"primaryImageOfPage\":{\"@id\":\"https:\/\/www.42gears.com\/de\/42gears-ist-stolz-darauf-im-november-2019-bei-gartner-peer-insights-als-folgendes-benannt-zu-werden-customers-choice-for-unified-endpoint-management-tools\/#primaryimage\"},\"image\":{\"@id\":\"https:\/\/www.42gears.com\/de\/42gears-ist-stolz-darauf-im-november-2019-bei-gartner-peer-insights-als-folgendes-benannt-zu-werden-customers-choice-for-unified-endpoint-management-tools\/#primaryimage\"},\"thumbnailUrl\":\"https:\/\/www.42gears.com\/wp-content\/uploads\/2018\/12\/Featured-Image-42Gears-logo.png\",\"datePublished\":\"2020-03-23T12:46:14+00:00\",\"dateModified\":\"2024-12-26T09:48:54+00:00\",\"description\":\"42Gears ist stolz darauf, im November 2019 bei Gartner Peer Insights als folgendes benannt zu werden Customers\u2019 Choice for Unified Endpoint Management Tools.\",\"breadcrumb\":{\"@id\":\"https:\/\/www.42gears.com\/de\/42gears-ist-stolz-darauf-im-november-2019-bei-gartner-peer-insights-als-folgendes-benannt-zu-werden-customers-choice-for-unified-endpoint-management-tools\/#breadcrumb\"},\"inLanguage\":\"de-DE\",\"potentialAction\":[{\"@type\":\"ReadAction\",\"target\":[\"https:\/\/www.42gears.com\/de\/42gears-ist-stolz-darauf-im-november-2019-bei-gartner-peer-insights-als-folgendes-benannt-zu-werden-customers-choice-for-unified-endpoint-management-tools\/\"]}]},{\"@type\":\"ImageObject\",\"inLanguage\":\"de-DE\",\"@id\":\"https:\/\/www.42gears.com\/de\/42gears-ist-stolz-darauf-im-november-2019-bei-gartner-peer-insights-als-folgendes-benannt-zu-werden-customers-choice-for-unified-endpoint-management-tools\/#primaryimage\",\"url\":\"https:\/\/www.42gears.com\/wp-content\/uploads\/2018\/12\/Featured-Image-42Gears-logo.png\",\"contentUrl\":\"https:\/\/www.42gears.com\/wp-content\/uploads\/2018\/12\/Featured-Image-42Gears-logo.png\",\"width\":499,\"height\":330,\"caption\":\"Featured-Image-42Gears-logo\"},{\"@type\":\"BreadcrumbList\",\"@id\":\"https:\/\/www.42gears.com\/de\/42gears-ist-stolz-darauf-im-november-2019-bei-gartner-peer-insights-als-folgendes-benannt-zu-werden-customers-choice-for-unified-endpoint-management-tools\/#breadcrumb\",\"itemListElement\":[{\"@type\":\"ListItem\",\"position\":1,\"name\":\"Home\",\"item\":\"https:\/\/www.42gears.com\/de\/\"},{\"@type\":\"ListItem\",\"position\":2,\"name\":\"42Gears ist stolz darauf, im November 2019 bei Gartner Peer Insights als folgendes benannt zu werden Customers\u2019 Choice for Unified Endpoint Management Tools.\"}]},{\"@type\":\"WebSite\",\"@id\":\"https:\/\/www.42gears.com\/#website\",\"url\":\"https:\/\/www.42gears.com\/\",\"name\":\"42Gears Mobility Systems\",\"description\":\"Mobile Device Management (MDM), Mobile Security &amp; Mobile Device Lockdown\",\"publisher\":{\"@id\":\"https:\/\/www.42gears.com\/#organization\"},\"potentialAction\":[{\"@type\":\"SearchAction\",\"target\":{\"@type\":\"EntryPoint\",\"urlTemplate\":\"https:\/\/www.42gears.com\/?s={search_term_string}\"},\"query-input\":{\"@type\":\"PropertyValueSpecification\",\"valueRequired\":true,\"valueName\":\"search_term_string\"}}],\"inLanguage\":\"de-DE\"},{\"@type\":\"Organization\",\"@id\":\"https:\/\/www.42gears.com\/#organization\",\"name\":\"MDM - 42Gears\",\"url\":\"https:\/\/www.42gears.com\/\",\"logo\":{\"@type\":\"ImageObject\",\"inLanguage\":\"de-DE\",\"@id\":\"https:\/\/www.42gears.com\/#\/schema\/logo\/image\/\",\"url\":\"https:\/\/www.42gears.com\/wp-content\/uploads\/2018\/12\/Featured-Image-42Gears-logo.png\",\"contentUrl\":\"https:\/\/www.42gears.com\/wp-content\/uploads\/2018\/12\/Featured-Image-42Gears-logo.png\",\"width\":499,\"height\":330,\"caption\":\"MDM - 42Gears\"},\"image\":{\"@id\":\"https:\/\/www.42gears.com\/#\/schema\/logo\/image\/\"},\"sameAs\":[\"https:\/\/www.facebook.com\/42gears\",\"https:\/\/x.com\/42Gears\"]}]}<\/script>\n<!-- \/ Yoast SEO Premium plugin. -->","yoast_head_json":{"title":"42Gears ist stolz darauf, im November 2019 bei Gartner Peer Insights als folgendes benannt zu werden Customers\u2019 Choice for Unified Endpoint Management Tools.","description":"42Gears ist stolz darauf, im November 2019 bei Gartner Peer Insights als folgendes benannt zu werden Customers\u2019 Choice for Unified Endpoint Management Tools.","robots":{"index":"index","follow":"follow","max-snippet":"max-snippet:-1","max-image-preview":"max-image-preview:large","max-video-preview":"max-video-preview:-1"},"canonical":"https:\/\/www.42gears.com\/de\/42gears-ist-stolz-darauf-im-november-2019-bei-gartner-peer-insights-als-folgendes-benannt-zu-werden-customers-choice-for-unified-endpoint-management-tools\/","og_locale":"de_DE","og_type":"article","og_title":"42Gears ist stolz darauf, im November 2019 bei Gartner Peer Insights als folgendes benannt zu werden Customers\u2019 Choice for Unified Endpoint Management Tools.","og_description":"42Gears ist stolz darauf, im November 2019 bei Gartner Peer Insights als folgendes benannt zu werden Customers\u2019 Choice for Unified Endpoint Management Tools.","og_url":"https:\/\/www.42gears.com\/de\/42gears-ist-stolz-darauf-im-november-2019-bei-gartner-peer-insights-als-folgendes-benannt-zu-werden-customers-choice-for-unified-endpoint-management-tools\/","og_site_name":"42Gears Mobility Systems","article_publisher":"https:\/\/www.facebook.com\/42gears","article_modified_time":"2024-12-26T09:48:54+00:00","og_image":[{"width":499,"height":330,"url":"https:\/\/www.42gears.com\/wp-content\/uploads\/2018\/12\/Featured-Image-42Gears-logo.png","type":"image\/png"}],"twitter_card":"summary_large_image","twitter_site":"@42Gears","twitter_misc":{"Est. reading time":"3 minutes"},"schema":{"@context":"https:\/\/schema.org","@graph":[{"@type":"WebPage","@id":"https:\/\/www.42gears.com\/de\/42gears-ist-stolz-darauf-im-november-2019-bei-gartner-peer-insights-als-folgendes-benannt-zu-werden-customers-choice-for-unified-endpoint-management-tools\/","url":"https:\/\/www.42gears.com\/de\/42gears-ist-stolz-darauf-im-november-2019-bei-gartner-peer-insights-als-folgendes-benannt-zu-werden-customers-choice-for-unified-endpoint-management-tools\/","name":"42Gears ist stolz darauf, im November 2019 bei Gartner Peer Insights als folgendes benannt zu werden Customers\u2019 Choice for Unified Endpoint Management Tools.","isPartOf":{"@id":"https:\/\/www.42gears.com\/#website"},"primaryImageOfPage":{"@id":"https:\/\/www.42gears.com\/de\/42gears-ist-stolz-darauf-im-november-2019-bei-gartner-peer-insights-als-folgendes-benannt-zu-werden-customers-choice-for-unified-endpoint-management-tools\/#primaryimage"},"image":{"@id":"https:\/\/www.42gears.com\/de\/42gears-ist-stolz-darauf-im-november-2019-bei-gartner-peer-insights-als-folgendes-benannt-zu-werden-customers-choice-for-unified-endpoint-management-tools\/#primaryimage"},"thumbnailUrl":"https:\/\/www.42gears.com\/wp-content\/uploads\/2018\/12\/Featured-Image-42Gears-logo.png","datePublished":"2020-03-23T12:46:14+00:00","dateModified":"2024-12-26T09:48:54+00:00","description":"42Gears ist stolz darauf, im November 2019 bei Gartner Peer Insights als folgendes benannt zu werden Customers\u2019 Choice for Unified Endpoint Management Tools.","breadcrumb":{"@id":"https:\/\/www.42gears.com\/de\/42gears-ist-stolz-darauf-im-november-2019-bei-gartner-peer-insights-als-folgendes-benannt-zu-werden-customers-choice-for-unified-endpoint-management-tools\/#breadcrumb"},"inLanguage":"de-DE","potentialAction":[{"@type":"ReadAction","target":["https:\/\/www.42gears.com\/de\/42gears-ist-stolz-darauf-im-november-2019-bei-gartner-peer-insights-als-folgendes-benannt-zu-werden-customers-choice-for-unified-endpoint-management-tools\/"]}]},{"@type":"ImageObject","inLanguage":"de-DE","@id":"https:\/\/www.42gears.com\/de\/42gears-ist-stolz-darauf-im-november-2019-bei-gartner-peer-insights-als-folgendes-benannt-zu-werden-customers-choice-for-unified-endpoint-management-tools\/#primaryimage","url":"https:\/\/www.42gears.com\/wp-content\/uploads\/2018\/12\/Featured-Image-42Gears-logo.png","contentUrl":"https:\/\/www.42gears.com\/wp-content\/uploads\/2018\/12\/Featured-Image-42Gears-logo.png","width":499,"height":330,"caption":"Featured-Image-42Gears-logo"},{"@type":"BreadcrumbList","@id":"https:\/\/www.42gears.com\/de\/42gears-ist-stolz-darauf-im-november-2019-bei-gartner-peer-insights-als-folgendes-benannt-zu-werden-customers-choice-for-unified-endpoint-management-tools\/#breadcrumb","itemListElement":[{"@type":"ListItem","position":1,"name":"Home","item":"https:\/\/www.42gears.com\/de\/"},{"@type":"ListItem","position":2,"name":"42Gears ist stolz darauf, im November 2019 bei Gartner Peer Insights als folgendes benannt zu werden Customers\u2019 Choice for Unified Endpoint Management Tools."}]},{"@type":"WebSite","@id":"https:\/\/www.42gears.com\/#website","url":"https:\/\/www.42gears.com\/","name":"42Gears Mobility Systems","description":"Mobile Device Management (MDM), Mobile Security &amp; Mobile Device Lockdown","publisher":{"@id":"https:\/\/www.42gears.com\/#organization"},"potentialAction":[{"@type":"SearchAction","target":{"@type":"EntryPoint","urlTemplate":"https:\/\/www.42gears.com\/?s={search_term_string}"},"query-input":{"@type":"PropertyValueSpecification","valueRequired":true,"valueName":"search_term_string"}}],"inLanguage":"de-DE"},{"@type":"Organization","@id":"https:\/\/www.42gears.com\/#organization","name":"MDM - 42Gears","url":"https:\/\/www.42gears.com\/","logo":{"@type":"ImageObject","inLanguage":"de-DE","@id":"https:\/\/www.42gears.com\/#\/schema\/logo\/image\/","url":"https:\/\/www.42gears.com\/wp-content\/uploads\/2018\/12\/Featured-Image-42Gears-logo.png","contentUrl":"https:\/\/www.42gears.com\/wp-content\/uploads\/2018\/12\/Featured-Image-42Gears-logo.png","width":499,"height":330,"caption":"MDM - 42Gears"},"image":{"@id":"https:\/\/www.42gears.com\/#\/schema\/logo\/image\/"},"sameAs":["https:\/\/www.facebook.com\/42gears","https:\/\/x.com\/42Gears"]}]}},"_links":{"self":[{"href":"https:\/\/www.42gears.com\/de\/wp-json\/wp\/v2\/pages\/48831","targetHints":{"allow":["GET"]}}],"collection":[{"href":"https:\/\/www.42gears.com\/de\/wp-json\/wp\/v2\/pages"}],"about":[{"href":"https:\/\/www.42gears.com\/de\/wp-json\/wp\/v2\/types\/page"}],"author":[{"embeddable":true,"href":"https:\/\/www.42gears.com\/de\/wp-json\/wp\/v2\/users\/7"}],"replies":[{"embeddable":true,"href":"https:\/\/www.42gears.com\/de\/wp-json\/wp\/v2\/comments?post=48831"}],"version-history":[{"count":2,"href":"https:\/\/www.42gears.com\/de\/wp-json\/wp\/v2\/pages\/48831\/revisions"}],"predecessor-version":[{"id":109941,"href":"https:\/\/www.42gears.com\/de\/wp-json\/wp\/v2\/pages\/48831\/revisions\/109941"}],"wp:featuredmedia":[{"embeddable":true,"href":"https:\/\/www.42gears.com\/de\/wp-json\/wp\/v2\/media\/28576"}],"wp:attachment":[{"href":"https:\/\/www.42gears.com\/de\/wp-json\/wp\/v2\/media?parent=48831"}],"wp:term":[{"taxonomy":"category","embeddable":true,"href":"https:\/\/www.42gears.com\/de\/wp-json\/wp\/v2\/categories?post=48831"},{"taxonomy":"post_tag","embeddable":true,"href":"https:\/\/www.42gears.com\/de\/wp-json\/wp\/v2\/tags?post=48831"}],"curies":[{"name":"wp","href":"https:\/\/api.w.org\/{rel}","templated":true}]}}