{"id":48828,"date":"2020-03-23T12:22:30","date_gmt":"2020-03-23T12:22:30","guid":{"rendered":"https:\/\/www.42gears.com\/42gears-mobility-systems-hat-heute-bekannt-gegeben-dass-sie-von-gartner-inc-als-visionar-im-magic-quadrant-fur-einheitliche-endpunktverwaltungstools-2019-zum-zweiten-mal-in-folge-positioniert-wurd\/"},"modified":"2024-12-30T12:43:17","modified_gmt":"2024-12-30T12:43:17","slug":"42gears-mobility-systems-hat-heute-bekannt-gegeben-dass-sie-von-gartner-inc-als-visionar-im-magic-quadrant-fur-einheitliche-endpunktverwaltungstools-2019-zum-zweiten-mal-in-folge-positioniert-wurd","status":"publish","type":"page","link":"https:\/\/www.42gears.com\/de\/42gears-mobility-systems-hat-heute-bekannt-gegeben-dass-sie-von-gartner-inc-als-visionar-im-magic-quadrant-fur-einheitliche-endpunktverwaltungstools-2019-zum-zweiten-mal-in-folge-positioniert-wurd\/","title":{"rendered":"42Gears Mobility Systems, hat heute bekannt gegeben, dass sie von Gartner, Inc. als Vision\u00e4r im Magic Quadrant f\u00fcr einheitliche Endpunktverwaltungstools 2019 zum zweiten Mal in Folge positioniert wurden."},"content":{"rendered":"\n<h1>\n\t\t42Gears Mobility Systems, hat heute bekannt gegeben, dass sie von Gartner, Inc. als Vision\u00e4r im Magic Quadrant f\u00fcr einheitliche Endpunktverwaltungstools 2019 zum zweiten Mal in Folge positioniert wurden.\n\t<\/h1>\n\t<p><strong>Fremont, CA, 13. August 2019\u00a0<\/strong>&#8211; 42Gears Mobility Systems, ein f\u00fchrender Anbieter einer einheitlichen Endpunktverwaltungsl\u00f6sung, hat heute bekannt gegeben, dass sie von Gartner, Inc. als Vision\u00e4r im Magic Quadrant f\u00fcr einheitliche Endpunktverwaltungstools 2019 zum zweiten Mal in Folge positioniert wurden.<\/p>\n<p>42Gears hat digitale Arbeitspl\u00e4tze \u00fcber Verticals umgewandelt und Unternehmen dabei geholfen, ihre Mobilger\u00e4te, PCs und viele andere Typen von Endpunkten zu verwalten und zu sichern. Die 42Gears UEM L\u00f6sung unterst\u00fctzt Gro\u00dfeins\u00e4tze und gew\u00e4hrt Enterprises eine granulare Ebenenkontrolle \u00fcber Gesch\u00e4ftsger\u00e4te.<\/p>\n<p>Endpunkte wie POS-Ger\u00e4te, Netzwerk-Drucker und Bluetooth-Headphones, die nicht mit Standard-Betriebssystemen l durch einen IoT-Gateway, der einen UEM-Agenten hostet, laufen k\u00f6nnen auch mit dieser Things Management Technology (TMT) verwaltet werden. Die Plattform unterst\u00fctzt durch Intune MAM auch Windows Autopilot und Microsoft Graph APIs beim Verwalten von O365-Anwendungen.<\/p>\n<p>Lesen Sie den Bericht\u00a0hier<\/p>\n<p>\u201eDa wir als einziger Vision\u00e4r bei den\u00a0<strong>Gartner&#8217;s Magic Quadrant for Unified Endpoint Management Tools 2019<\/strong>anerkannt wurden, glauben wir, dass unserer Ansatz Unternehmen dabei hilft nicht nur die Herausforderungen zu bew\u00e4ltigen, denen sie aktuell gegen\u00fcberstehen, sondern auch sicherstellt, dass sie sich zuk\u00fcnftig gesch\u00fctzt f\u00fchlen, wenn sie neuere Technologien einsetzen.&#8220;\u00a0<strong>sagt Onkar Singh, Gr\u00fcnder und CEO von 42Gears Mobility Systems<\/strong>. \u201eInnovation ist bei 42Gears eine Lebensart, ein Sinn, der alles antreibt, was wir tun und eine Motivation, um bessere Produkte zu entwickeln. Wir haben k\u00fcrzlich die Things Management Technology gestartet und wir hoffen, dass sie die Art wie Gesch\u00e4fte die Endpunktverwaltung betrachten, revolutionieren wird.&#8220;<\/p>\n<p>Zu Beginn dieses Jahres wurde 42Gears auch bei folgendem anerkannt\u00a0<strong>Gartner Peer Insights Customers&#8216; Choice for Unified Endpoint Management Tools<\/strong><\/p>\n<p>Wenn Organisationen den Bedarf realisieren, einen Wechsel von der Verwendung der Kombination CMT- und EMM-L\u00f6sungen auf das umfassende UEM-Tool vorzunehmen, steht 42Gears bereit, um mit einer Nutzer-zentrierten Plattform ein Zeichen zu setzen, die jetzt dabei helfen kann \u201enicht so smarte&#8220; Endpunkte zus\u00e4tzlich zu Smartphones, Desktops, Laptops, robuste portable Ger\u00e4te und Wearables zu verwalten.<\/p>\n<p>Gartner, Peer Insights Customers&#8216; Choice, 2019, Unified Endpoint Management Tools (vom 13. August 2019)<\/p>\n<p>Gartner Peer Insights Customers&#8216; Choice stellt die subjektiven Meinungen von individuellen Endkunden-Bewertungen und Daten, die gegen\u00fcber einer dokumentierten Methodologie angewendet werden, dar; sie repr\u00e4sentieren weder die Ansichten von, noch bedeuten sie eine Bef\u00fcrwortung von Gartner und seinen Partnern.<\/p>\n<p>Quelle: Gartner, Magic Quadrant for Unified Endpoint Management Tools, Chris Silva et al., 6. August 2019<\/p>\n<p><strong>Haftungsausschluss<\/strong><\/p>\n<p>Gartner bef\u00fcrwortet in seinen Publikationen keinen Anbieter, kein Produkt und keinen Service und r\u00e4t keinen Technologienutzern nur diejenigen Anbieter mit den h\u00f6chsten Bewertungen oder anderen Bezeichnungen auszuw\u00e4hlen. Die Gartner-Forschungspublikationen bestehen aus den Meinungen der Forschungsorganisation Gartner und sie d\u00fcrfen nicht als Tatbest\u00e4nde interpretiert werden. Gartner schlie\u00dft alle Gew\u00e4hrleistungen, ausdr\u00fccklich oder implizit, in Bezug auf diese Forschung aus, inklusive allen Zusicherungen der Gebrauchstauglichkeit oder Eignung zu einem bestimmten Zweck.<\/p>\n\n","protected":false},"excerpt":{"rendered":"<p>42Gears Mobility Systems, hat heute bekannt gegeben, dass sie von Gartner, Inc. als Vision\u00e4r im Magic Quadrant f\u00fcr einheitliche Endpunktverwaltungstools 2019 zum zweiten Mal in Folge positioniert wurden. Fremont, CA, 13. August 2019\u00a0&#8211; 42Gears Mobility Systems, ein f\u00fchrender Anbieter einer einheitlichen Endpunktverwaltungsl\u00f6sung, hat heute bekannt gegeben, dass sie von Gartner, Inc. als Vision\u00e4r im Magic&hellip;<\/p>\n","protected":false},"author":7,"featured_media":28576,"parent":0,"menu_order":0,"comment_status":"closed","ping_status":"closed","template":"","meta":{"_acf_changed":false,"footnotes":""},"categories":[],"tags":[],"class_list":["post-48828","page","type-page","status-publish","has-post-thumbnail","hentry"],"acf":[],"yoast_head":"<!-- This site is optimized with the Yoast SEO Premium plugin v24.6 (Yoast SEO v24.6) - https:\/\/yoast.com\/wordpress\/plugins\/seo\/ -->\n<title>42Gears Mobility Systems, hat heute bekannt gegeben, dass sie von Gartner, Inc. als Vision\u00e4r im Magic Quadrant f\u00fcr einheitliche Endpunktverwaltungstools 2019 zum zweiten Mal in Folge positioniert wurden. - 42Gears Mobility Systems<\/title>\n<meta name=\"robots\" content=\"index, follow, max-snippet:-1, max-image-preview:large, max-video-preview:-1\" \/>\n<link rel=\"canonical\" href=\"http:\/\/www.42gears.com\/de\/42gears-mobility-systems-hat-heute-bekannt-gegeben-dass-sie-von-gartner-inc-als-visionar-im-magic-quadrant-fur-einheitliche-endpunktverwaltungstools-2019-zum-zweiten-mal-in-folge-positioniert-wurd\/\" \/>\n<meta property=\"og:locale\" content=\"de_DE\" \/>\n<meta property=\"og:type\" content=\"article\" \/>\n<meta property=\"og:title\" content=\"42Gears Mobility Systems, hat heute bekannt gegeben, dass sie von Gartner, Inc. als Vision\u00e4r im Magic Quadrant f\u00fcr einheitliche Endpunktverwaltungstools 2019 zum zweiten Mal in Folge positioniert wurden.\" \/>\n<meta property=\"og:description\" content=\"42Gears Mobility Systems, hat heute bekannt gegeben, dass sie von Gartner, Inc. als Vision\u00e4r im Magic Quadrant f\u00fcr einheitliche Endpunktverwaltungstools 2019 zum zweiten Mal in Folge positioniert wurden. Fremont, CA, 13. August 2019\u00a0&#8211; 42Gears Mobility Systems, ein f\u00fchrender Anbieter einer einheitlichen Endpunktverwaltungsl\u00f6sung, hat heute bekannt gegeben, dass sie von Gartner, Inc. als Vision\u00e4r im Magic&hellip;\" \/>\n<meta property=\"og:url\" content=\"http:\/\/www.42gears.com\/de\/42gears-mobility-systems-hat-heute-bekannt-gegeben-dass-sie-von-gartner-inc-als-visionar-im-magic-quadrant-fur-einheitliche-endpunktverwaltungstools-2019-zum-zweiten-mal-in-folge-positioniert-wurd\/\" \/>\n<meta property=\"og:site_name\" content=\"42Gears Mobility Systems\" \/>\n<meta property=\"article:publisher\" content=\"https:\/\/www.facebook.com\/42gears\" \/>\n<meta property=\"article:modified_time\" content=\"2024-12-30T12:43:17+00:00\" \/>\n<meta property=\"og:image\" content=\"http:\/\/www.42gears.com\/wp-content\/uploads\/2018\/12\/Featured-Image-42Gears-logo.png\" \/>\n\t<meta property=\"og:image:width\" content=\"499\" \/>\n\t<meta property=\"og:image:height\" content=\"330\" \/>\n\t<meta property=\"og:image:type\" content=\"image\/png\" \/>\n<meta name=\"twitter:card\" content=\"summary_large_image\" \/>\n<meta name=\"twitter:site\" content=\"@42Gears\" \/>\n<meta name=\"twitter:label1\" content=\"Est. reading time\" \/>\n\t<meta name=\"twitter:data1\" content=\"3 minutes\" \/>\n<script type=\"application\/ld+json\" class=\"yoast-schema-graph\">{\"@context\":\"https:\/\/schema.org\",\"@graph\":[{\"@type\":\"WebPage\",\"@id\":\"http:\/\/www.42gears.com\/de\/42gears-mobility-systems-hat-heute-bekannt-gegeben-dass-sie-von-gartner-inc-als-visionar-im-magic-quadrant-fur-einheitliche-endpunktverwaltungstools-2019-zum-zweiten-mal-in-folge-positioniert-wurd\/\",\"url\":\"http:\/\/www.42gears.com\/de\/42gears-mobility-systems-hat-heute-bekannt-gegeben-dass-sie-von-gartner-inc-als-visionar-im-magic-quadrant-fur-einheitliche-endpunktverwaltungstools-2019-zum-zweiten-mal-in-folge-positioniert-wurd\/\",\"name\":\"42Gears Mobility Systems, hat heute bekannt gegeben, dass sie von Gartner, Inc. als Vision\u00e4r im Magic Quadrant f\u00fcr einheitliche Endpunktverwaltungstools 2019 zum zweiten Mal in Folge positioniert wurden. - 42Gears Mobility Systems\",\"isPartOf\":{\"@id\":\"https:\/\/www.42gears.com\/#website\"},\"primaryImageOfPage\":{\"@id\":\"http:\/\/www.42gears.com\/de\/42gears-mobility-systems-hat-heute-bekannt-gegeben-dass-sie-von-gartner-inc-als-visionar-im-magic-quadrant-fur-einheitliche-endpunktverwaltungstools-2019-zum-zweiten-mal-in-folge-positioniert-wurd\/#primaryimage\"},\"image\":{\"@id\":\"http:\/\/www.42gears.com\/de\/42gears-mobility-systems-hat-heute-bekannt-gegeben-dass-sie-von-gartner-inc-als-visionar-im-magic-quadrant-fur-einheitliche-endpunktverwaltungstools-2019-zum-zweiten-mal-in-folge-positioniert-wurd\/#primaryimage\"},\"thumbnailUrl\":\"https:\/\/www.42gears.com\/wp-content\/uploads\/2018\/12\/Featured-Image-42Gears-logo.png\",\"datePublished\":\"2020-03-23T12:22:30+00:00\",\"dateModified\":\"2024-12-30T12:43:17+00:00\",\"breadcrumb\":{\"@id\":\"http:\/\/www.42gears.com\/de\/42gears-mobility-systems-hat-heute-bekannt-gegeben-dass-sie-von-gartner-inc-als-visionar-im-magic-quadrant-fur-einheitliche-endpunktverwaltungstools-2019-zum-zweiten-mal-in-folge-positioniert-wurd\/#breadcrumb\"},\"inLanguage\":\"de-DE\",\"potentialAction\":[{\"@type\":\"ReadAction\",\"target\":[\"http:\/\/www.42gears.com\/de\/42gears-mobility-systems-hat-heute-bekannt-gegeben-dass-sie-von-gartner-inc-als-visionar-im-magic-quadrant-fur-einheitliche-endpunktverwaltungstools-2019-zum-zweiten-mal-in-folge-positioniert-wurd\/\"]}]},{\"@type\":\"ImageObject\",\"inLanguage\":\"de-DE\",\"@id\":\"http:\/\/www.42gears.com\/de\/42gears-mobility-systems-hat-heute-bekannt-gegeben-dass-sie-von-gartner-inc-als-visionar-im-magic-quadrant-fur-einheitliche-endpunktverwaltungstools-2019-zum-zweiten-mal-in-folge-positioniert-wurd\/#primaryimage\",\"url\":\"https:\/\/www.42gears.com\/wp-content\/uploads\/2018\/12\/Featured-Image-42Gears-logo.png\",\"contentUrl\":\"https:\/\/www.42gears.com\/wp-content\/uploads\/2018\/12\/Featured-Image-42Gears-logo.png\",\"width\":499,\"height\":330,\"caption\":\"Featured-Image-42Gears-logo\"},{\"@type\":\"BreadcrumbList\",\"@id\":\"http:\/\/www.42gears.com\/de\/42gears-mobility-systems-hat-heute-bekannt-gegeben-dass-sie-von-gartner-inc-als-visionar-im-magic-quadrant-fur-einheitliche-endpunktverwaltungstools-2019-zum-zweiten-mal-in-folge-positioniert-wurd\/#breadcrumb\",\"itemListElement\":[{\"@type\":\"ListItem\",\"position\":1,\"name\":\"Home\",\"item\":\"https:\/\/www.42gears.com\/de\/\"},{\"@type\":\"ListItem\",\"position\":2,\"name\":\"42Gears Mobility Systems, hat heute bekannt gegeben, dass sie von Gartner, Inc. als Vision\u00e4r im Magic Quadrant f\u00fcr einheitliche Endpunktverwaltungstools 2019 zum zweiten Mal in Folge positioniert wurden.\"}]},{\"@type\":\"WebSite\",\"@id\":\"https:\/\/www.42gears.com\/#website\",\"url\":\"https:\/\/www.42gears.com\/\",\"name\":\"42Gears Mobility Systems\",\"description\":\"Mobile Device Management (MDM), Mobile Security &amp; Mobile Device Lockdown\",\"publisher\":{\"@id\":\"https:\/\/www.42gears.com\/#organization\"},\"potentialAction\":[{\"@type\":\"SearchAction\",\"target\":{\"@type\":\"EntryPoint\",\"urlTemplate\":\"https:\/\/www.42gears.com\/?s={search_term_string}\"},\"query-input\":{\"@type\":\"PropertyValueSpecification\",\"valueRequired\":true,\"valueName\":\"search_term_string\"}}],\"inLanguage\":\"de-DE\"},{\"@type\":\"Organization\",\"@id\":\"https:\/\/www.42gears.com\/#organization\",\"name\":\"MDM - 42Gears\",\"url\":\"https:\/\/www.42gears.com\/\",\"logo\":{\"@type\":\"ImageObject\",\"inLanguage\":\"de-DE\",\"@id\":\"https:\/\/www.42gears.com\/#\/schema\/logo\/image\/\",\"url\":\"https:\/\/www.42gears.com\/wp-content\/uploads\/2018\/12\/Featured-Image-42Gears-logo.png\",\"contentUrl\":\"https:\/\/www.42gears.com\/wp-content\/uploads\/2018\/12\/Featured-Image-42Gears-logo.png\",\"width\":499,\"height\":330,\"caption\":\"MDM - 42Gears\"},\"image\":{\"@id\":\"https:\/\/www.42gears.com\/#\/schema\/logo\/image\/\"},\"sameAs\":[\"https:\/\/www.facebook.com\/42gears\",\"https:\/\/x.com\/42Gears\"]}]}<\/script>\n<!-- \/ Yoast SEO Premium plugin. -->","yoast_head_json":{"title":"42Gears Mobility Systems, hat heute bekannt gegeben, dass sie von Gartner, Inc. als Vision\u00e4r im Magic Quadrant f\u00fcr einheitliche Endpunktverwaltungstools 2019 zum zweiten Mal in Folge positioniert wurden. - 42Gears Mobility Systems","robots":{"index":"index","follow":"follow","max-snippet":"max-snippet:-1","max-image-preview":"max-image-preview:large","max-video-preview":"max-video-preview:-1"},"canonical":"http:\/\/www.42gears.com\/de\/42gears-mobility-systems-hat-heute-bekannt-gegeben-dass-sie-von-gartner-inc-als-visionar-im-magic-quadrant-fur-einheitliche-endpunktverwaltungstools-2019-zum-zweiten-mal-in-folge-positioniert-wurd\/","og_locale":"de_DE","og_type":"article","og_title":"42Gears Mobility Systems, hat heute bekannt gegeben, dass sie von Gartner, Inc. als Vision\u00e4r im Magic Quadrant f\u00fcr einheitliche Endpunktverwaltungstools 2019 zum zweiten Mal in Folge positioniert wurden.","og_description":"42Gears Mobility Systems, hat heute bekannt gegeben, dass sie von Gartner, Inc. als Vision\u00e4r im Magic Quadrant f\u00fcr einheitliche Endpunktverwaltungstools 2019 zum zweiten Mal in Folge positioniert wurden. Fremont, CA, 13. August 2019\u00a0&#8211; 42Gears Mobility Systems, ein f\u00fchrender Anbieter einer einheitlichen Endpunktverwaltungsl\u00f6sung, hat heute bekannt gegeben, dass sie von Gartner, Inc. als Vision\u00e4r im Magic&hellip;","og_url":"http:\/\/www.42gears.com\/de\/42gears-mobility-systems-hat-heute-bekannt-gegeben-dass-sie-von-gartner-inc-als-visionar-im-magic-quadrant-fur-einheitliche-endpunktverwaltungstools-2019-zum-zweiten-mal-in-folge-positioniert-wurd\/","og_site_name":"42Gears Mobility Systems","article_publisher":"https:\/\/www.facebook.com\/42gears","article_modified_time":"2024-12-30T12:43:17+00:00","og_image":[{"width":499,"height":330,"url":"http:\/\/www.42gears.com\/wp-content\/uploads\/2018\/12\/Featured-Image-42Gears-logo.png","type":"image\/png"}],"twitter_card":"summary_large_image","twitter_site":"@42Gears","twitter_misc":{"Est. reading time":"3 minutes"},"schema":{"@context":"https:\/\/schema.org","@graph":[{"@type":"WebPage","@id":"http:\/\/www.42gears.com\/de\/42gears-mobility-systems-hat-heute-bekannt-gegeben-dass-sie-von-gartner-inc-als-visionar-im-magic-quadrant-fur-einheitliche-endpunktverwaltungstools-2019-zum-zweiten-mal-in-folge-positioniert-wurd\/","url":"http:\/\/www.42gears.com\/de\/42gears-mobility-systems-hat-heute-bekannt-gegeben-dass-sie-von-gartner-inc-als-visionar-im-magic-quadrant-fur-einheitliche-endpunktverwaltungstools-2019-zum-zweiten-mal-in-folge-positioniert-wurd\/","name":"42Gears Mobility Systems, hat heute bekannt gegeben, dass sie von Gartner, Inc. als Vision\u00e4r im Magic Quadrant f\u00fcr einheitliche Endpunktverwaltungstools 2019 zum zweiten Mal in Folge positioniert wurden. - 42Gears Mobility Systems","isPartOf":{"@id":"https:\/\/www.42gears.com\/#website"},"primaryImageOfPage":{"@id":"http:\/\/www.42gears.com\/de\/42gears-mobility-systems-hat-heute-bekannt-gegeben-dass-sie-von-gartner-inc-als-visionar-im-magic-quadrant-fur-einheitliche-endpunktverwaltungstools-2019-zum-zweiten-mal-in-folge-positioniert-wurd\/#primaryimage"},"image":{"@id":"http:\/\/www.42gears.com\/de\/42gears-mobility-systems-hat-heute-bekannt-gegeben-dass-sie-von-gartner-inc-als-visionar-im-magic-quadrant-fur-einheitliche-endpunktverwaltungstools-2019-zum-zweiten-mal-in-folge-positioniert-wurd\/#primaryimage"},"thumbnailUrl":"https:\/\/www.42gears.com\/wp-content\/uploads\/2018\/12\/Featured-Image-42Gears-logo.png","datePublished":"2020-03-23T12:22:30+00:00","dateModified":"2024-12-30T12:43:17+00:00","breadcrumb":{"@id":"http:\/\/www.42gears.com\/de\/42gears-mobility-systems-hat-heute-bekannt-gegeben-dass-sie-von-gartner-inc-als-visionar-im-magic-quadrant-fur-einheitliche-endpunktverwaltungstools-2019-zum-zweiten-mal-in-folge-positioniert-wurd\/#breadcrumb"},"inLanguage":"de-DE","potentialAction":[{"@type":"ReadAction","target":["http:\/\/www.42gears.com\/de\/42gears-mobility-systems-hat-heute-bekannt-gegeben-dass-sie-von-gartner-inc-als-visionar-im-magic-quadrant-fur-einheitliche-endpunktverwaltungstools-2019-zum-zweiten-mal-in-folge-positioniert-wurd\/"]}]},{"@type":"ImageObject","inLanguage":"de-DE","@id":"http:\/\/www.42gears.com\/de\/42gears-mobility-systems-hat-heute-bekannt-gegeben-dass-sie-von-gartner-inc-als-visionar-im-magic-quadrant-fur-einheitliche-endpunktverwaltungstools-2019-zum-zweiten-mal-in-folge-positioniert-wurd\/#primaryimage","url":"https:\/\/www.42gears.com\/wp-content\/uploads\/2018\/12\/Featured-Image-42Gears-logo.png","contentUrl":"https:\/\/www.42gears.com\/wp-content\/uploads\/2018\/12\/Featured-Image-42Gears-logo.png","width":499,"height":330,"caption":"Featured-Image-42Gears-logo"},{"@type":"BreadcrumbList","@id":"http:\/\/www.42gears.com\/de\/42gears-mobility-systems-hat-heute-bekannt-gegeben-dass-sie-von-gartner-inc-als-visionar-im-magic-quadrant-fur-einheitliche-endpunktverwaltungstools-2019-zum-zweiten-mal-in-folge-positioniert-wurd\/#breadcrumb","itemListElement":[{"@type":"ListItem","position":1,"name":"Home","item":"https:\/\/www.42gears.com\/de\/"},{"@type":"ListItem","position":2,"name":"42Gears Mobility Systems, hat heute bekannt gegeben, dass sie von Gartner, Inc. als Vision\u00e4r im Magic Quadrant f\u00fcr einheitliche Endpunktverwaltungstools 2019 zum zweiten Mal in Folge positioniert wurden."}]},{"@type":"WebSite","@id":"https:\/\/www.42gears.com\/#website","url":"https:\/\/www.42gears.com\/","name":"42Gears Mobility Systems","description":"Mobile Device Management (MDM), Mobile Security &amp; Mobile Device Lockdown","publisher":{"@id":"https:\/\/www.42gears.com\/#organization"},"potentialAction":[{"@type":"SearchAction","target":{"@type":"EntryPoint","urlTemplate":"https:\/\/www.42gears.com\/?s={search_term_string}"},"query-input":{"@type":"PropertyValueSpecification","valueRequired":true,"valueName":"search_term_string"}}],"inLanguage":"de-DE"},{"@type":"Organization","@id":"https:\/\/www.42gears.com\/#organization","name":"MDM - 42Gears","url":"https:\/\/www.42gears.com\/","logo":{"@type":"ImageObject","inLanguage":"de-DE","@id":"https:\/\/www.42gears.com\/#\/schema\/logo\/image\/","url":"https:\/\/www.42gears.com\/wp-content\/uploads\/2018\/12\/Featured-Image-42Gears-logo.png","contentUrl":"https:\/\/www.42gears.com\/wp-content\/uploads\/2018\/12\/Featured-Image-42Gears-logo.png","width":499,"height":330,"caption":"MDM - 42Gears"},"image":{"@id":"https:\/\/www.42gears.com\/#\/schema\/logo\/image\/"},"sameAs":["https:\/\/www.facebook.com\/42gears","https:\/\/x.com\/42Gears"]}]}},"_links":{"self":[{"href":"https:\/\/www.42gears.com\/de\/wp-json\/wp\/v2\/pages\/48828","targetHints":{"allow":["GET"]}}],"collection":[{"href":"https:\/\/www.42gears.com\/de\/wp-json\/wp\/v2\/pages"}],"about":[{"href":"https:\/\/www.42gears.com\/de\/wp-json\/wp\/v2\/types\/page"}],"author":[{"embeddable":true,"href":"https:\/\/www.42gears.com\/de\/wp-json\/wp\/v2\/users\/7"}],"replies":[{"embeddable":true,"href":"https:\/\/www.42gears.com\/de\/wp-json\/wp\/v2\/comments?post=48828"}],"version-history":[{"count":4,"href":"https:\/\/www.42gears.com\/de\/wp-json\/wp\/v2\/pages\/48828\/revisions"}],"predecessor-version":[{"id":110166,"href":"https:\/\/www.42gears.com\/de\/wp-json\/wp\/v2\/pages\/48828\/revisions\/110166"}],"wp:featuredmedia":[{"embeddable":true,"href":"https:\/\/www.42gears.com\/de\/wp-json\/wp\/v2\/media\/28576"}],"wp:attachment":[{"href":"https:\/\/www.42gears.com\/de\/wp-json\/wp\/v2\/media?parent=48828"}],"wp:term":[{"taxonomy":"category","embeddable":true,"href":"https:\/\/www.42gears.com\/de\/wp-json\/wp\/v2\/categories?post=48828"},{"taxonomy":"post_tag","embeddable":true,"href":"https:\/\/www.42gears.com\/de\/wp-json\/wp\/v2\/tags?post=48828"}],"curies":[{"name":"wp","href":"https:\/\/api.w.org\/{rel}","templated":true}]}}