{"id":26110,"date":"2017-12-07T10:58:07","date_gmt":"2017-12-07T10:58:07","guid":{"rendered":"http:\/\/live-42gears-site.pantheonsite.io\/unified-endpoint-management-uem-solution\/"},"modified":"2025-01-06T12:37:10","modified_gmt":"2025-01-06T12:37:10","slug":"unified-endpoint-management-uem-solution","status":"publish","type":"page","link":"https:\/\/www.42gears.com\/de\/unified-endpoint-management-uem-solution\/","title":{"rendered":"Unified Endpoint Management (UEM) Solution"},"content":{"rendered":"\n\n\t<h1>Einheitliche Endpunktverwaltung<\/h1>\nSICHERN, \u00dcBERWACHEN UND VERWALTEN VON ENDPUNKTEN IN EINER SICH WANDELNDEN DIGITALEN ARBEITSUMGEBUNG\n\t<!--Read Gartner MQ Report-->\n<!--<a href=\"\/?page_id=40503&pname=17\" target=\"_blank\" rel=\"noopener\">Read Gartner MQ Report<\/a>-->\n<a href=\"https:\/\/suremdm.42gears.com\/console\/?registration=true&amp;uem=true\" target=\"_blank\" rel=\"noopener\">Kostenlos testen<\/a>\n<a href=\"https:\/\/www.youtube.com\/embed\/d5QixhGzkmE\" target=\"_blank\" rel=\"noopener\">Watch Video<\/a>\n<a href=\"https:\/\/www.42gears.com\/contact-sales-team\/?pname=8\" target=\"_blank\" rel=\"noopener\">Eine Demo planen<\/a>\n\t<h3>\u00dcbersicht<\/h3>\n\t<p>Enterprises mussten sich fr\u00fcher nur um Desktops und Laptops als Endpunkte k\u00fcmmern. Traditionelle Client Management Tools (CMT) waren f\u00fcr automatisierte Administrations- und Support-Funktionen ausreichend. Der Anstieg von Mobilger\u00e4ten als Enterprise Endpunkte brachte eine neue Herausforderung. L\u00f6sungen zur Mobilger\u00e4teverwaltung (MDM) wurden nach der weit verbreiteten Annahmen von CMT-Tools entwickelt und angenommen und die Unterschiede zwischen den MDM- und den CMT-Tools stellten Herausforderungen bei der effizienten Nutzung von Endpunkten dar.<\/p>\n<p>Jedoch haben IT-Teams mit Beginn der Vorstellung von Windows 10 und iOS 11 die M\u00f6glichkeit erhalten eine Rehe von Ger\u00e4ten per Fernzugriff zu verwalten. 42Gears strebte danach einen einheitlichen Ansatz f\u00fcr die Verwaltung von allen Typen von Endpunkte, Apps und Inhalt, die in einem gesch\u00e4ftlichen Ecosystem verwendet werden, zu schaffen. 42Gears UEM (Einheitliche Endpunktverwaltung) L\u00f6sung bef\u00e4higt IT-Teams mittels eines Einzelger\u00e4ts einen konsistenten und .ganzheitlichen Ansatz gegen\u00fcber der Endpunktverwaltung vorzunehmen. 42Gears UEM behebt ineffektive Multi-Plattform-Abh\u00e4ngigkeiten, um \u00fcber alle Gesch\u00e4ftsendpunkte, sowohl alt als auch neu, Sicherheit und Kontrolle zu bieten.<\/p>\n<p>42Gears UEM (Einheitliche Endpunktverwaltung) kann Enterprises auch dabei helfen, von veralteten Plattformen wie Windows 7 zu migrieren, um konforme Enterprise Mobilit\u00e4tsverwaltungsplattformen (EMM) wie Windows 10 zu verbessern. 42Gears UEM bietet eine einzelne Plattform, um alle Endpunkte, unabh\u00e4ngig vom Typ, Nutzer oder Fall, zu verwalten. Weiterhin eliminiert 42Gears UEM das Problem von unverbundenen Nutzererlebnissen, indem sichergestellt wird, dass Gesch\u00e4ftsvorg\u00e4nge und Apps erscheinen und \u00fcber alle Endpunkte gleich funktionieren.<\/p>\n<br \/>\n\n\t<h2>42Gears UEM unterst\u00fctzt alle Arten von Betriebssystemen:<\/h2>\n<ul>\n<li>Android<\/li>\n<li>iOS<\/li>\n<li>MacOS<\/li>\n<li>Windows<\/li>\n<li>Linux <\/li>\n<\/ul>\n<p>Die 42Gears UEM-L\u00f6sung erleichtert es Unternehmen zudem, nahtlos von \u00e4lteren Plattformen, wie z.B. Windows 7, auf eine bessere EMM-kompatible Version wie Windows 10, zu migrieren. Es stellt eine einzige Plattform f\u00fcr die Verwaltung aller Endpunkte bereit, unabh\u00e4ngig von Typ, Benutzer oder Anwendungsfall.<\/p>\n\t<h2>42Gears UEM versorgt alle Endpunkte eines digitalen Arbeitsbereichs:<\/h2>\n<ul>\n<li>BYO-Ger\u00e4te<\/li>\n<li>IoT-Ger\u00e4te<\/li>\n<li>Sensoren und Gateways<\/li>\n<li>Desktops\/Laptops<\/li>\n<li>Robuste Ger\u00e4te<\/li>\n<li>Wearables<\/li>\n<li>Mobile- und Cloud-Apps<\/li>\n<li>Kiosks<\/li>\n<li>Drucker<\/li>\n<\/ul>\n\t\t\t\t<img decoding=\"async\" src=\"http:\/\/live-42gears-site.pantheonsite.io\/wp-content\/uploads\/2018\/07\/uem.png\" alt=\"uem\" itemprop=\"image\" title=\"uem\" onerror=\"this.style.display='none'\"  \/>\n\t<h2>Wenn Unternehmen im Laufe der Zeit auf ein einheitliche Endpunktverwaltung zusteuern, kann 42Gears Unternehmen dabei helfen, Vorteile daraus zu ziehen, wie z.B.:<\/h2>\n\t\t\t\t<img decoding=\"async\" src=\"http:\/\/live-42gears-site.pantheonsite.io\/wp-content\/uploads\/2018\/07\/Remove-endpoint-complexity-150x150.png\" alt=\"Remove endpoint complexity\" itemprop=\"image\" title=\"Remove endpoint complexity\" onerror=\"this.style.display='none'\"  \/>\n\t<br \/>\nDie Endpunktkomplexit\u00e4t zu beseitigen<br \/>\nEine vollst\u00e4ndig integrierte Unterst\u00fctzung f\u00fcr eine Multi-Ger\u00e4tearchitektur mit einzigartigen Sicherheitseinstellungen, Diensten und Konfigurationen bereitzustellen.\n\t\t\t\t<img decoding=\"async\" src=\"http:\/\/live-42gears-site.pantheonsite.io\/wp-content\/uploads\/2018\/07\/Improve-user-productivity-150x150.png\" alt=\"Improve user productivity\" itemprop=\"image\" title=\"Improve user productivity\" onerror=\"this.style.display='none'\"  \/>\n\t<br \/>\nVerbesserte Benutzerproduktivit\u00e4t<br \/>\nMitarbeiter in die Lage zu versetzen, sich auf die gestellten Aufgaben zu konzentrieren, und nicht darauf, wie sie darauf zugreifen k\u00f6nnen.\n\t\t\t\t<img decoding=\"async\" src=\"http:\/\/live-42gears-site.pantheonsite.io\/wp-content\/uploads\/2018\/07\/Improved-it-security-150x150.png\" alt=\"Improved it security\" itemprop=\"image\" title=\"Improved it security\" onerror=\"this.style.display='none'\"  \/>\n\tVerbesserte IT-Sicherheit<br \/>\nEine gemeinsame Serie von Prozessen, die eine kontinuierliche Sicherheitskonformit\u00e4t f\u00fcr alle unterst\u00fctzten Ger\u00e4te und Plattformen gew\u00e4hrleistet.\n\t\t\t\t<img decoding=\"async\" src=\"http:\/\/live-42gears-site.pantheonsite.io\/wp-content\/uploads\/2018\/10\/DLP-SureMDM-150x150.png\" alt=\"DLP SureMDM\" itemprop=\"image\" title=\"DLP SureMDM\" onerror=\"this.style.display='none'\"  \/>\n\tVerbesserte DLP<br \/>\nMit den DLP-Richtlinien k\u00f6nnen sensible Nutzer-, Ger\u00e4te-, Anwendungs- und Netzwerkdaten durch eine mehrschichtige Nutzer-Authentifizierung und erweiterte Zugriffskontrolle sch\u00fctzen.\n\tMit 42Gears UEM ist die IT in der Lage, schnelle, automatisierte und bedarfsorientierte Funktionen, wie z.B. den virtuellen Assistenten f\u00fcr EMM, zu \u00fcbernehmen. Das Problem der unzusammenh\u00e4ngenden Benutzererfahrung wird dadurch beseitigt, dass sichergestellt wird, dass Gesch\u00e4ftsprozesse und Anwendungen unabh\u00e4ngig vom Endpunkt, auf den die Endbenutzer zugreifen, angezeigt werden und sogleich funktionieren.<br \/>\n\n<a href=\"https:\/\/www.42gears.com\/contact-sales-team\/?pname=8\" target=\"_blank\" rel=\"noopener\">Eine Demo planen<\/a>\n<a href=\"https:\/\/suremdm.42gears.com\/console\/?registration=true&#038;uem=true\" target=\"_blank\" rel=\"noopener\">Kostenlos testen<\/a>\n\n","protected":false},"excerpt":{"rendered":"<p>Einheitliche Endpunktverwaltung SICHERN, \u00dcBERWACHEN UND VERWALTEN VON ENDPUNKTEN IN EINER SICH WANDELNDEN DIGITALEN ARBEITSUMGEBUNG Kostenlos testen Watch Video Eine Demo planen \u00dcbersicht Enterprises mussten sich fr\u00fcher nur um Desktops und Laptops als Endpunkte k\u00fcmmern. Traditionelle Client Management Tools (CMT) waren f\u00fcr automatisierte Administrations- und Support-Funktionen ausreichend. Der Anstieg von Mobilger\u00e4ten als Enterprise Endpunkte brachte eine&hellip;<\/p>\n","protected":false},"author":7,"featured_media":28576,"parent":0,"menu_order":0,"comment_status":"closed","ping_status":"closed","template":"","meta":{"_acf_changed":false,"footnotes":""},"categories":[],"tags":[],"class_list":["post-26110","page","type-page","status-publish","has-post-thumbnail","hentry"],"acf":[],"yoast_head":"<!-- This site is optimized with the Yoast SEO Premium plugin v24.6 (Yoast SEO v24.6) - https:\/\/yoast.com\/wordpress\/plugins\/seo\/ -->\n<title>Einheitliche Endpunktverwaltung | UEM L\u00f6sung | Alle Endpunkte verwalten<\/title>\n<meta name=\"description\" content=\"Erfahren Sie, wie 42Gears UEM L\u00f6sung alle Endpunkte effizient verwaltet. Verwalten Sie jedes Ger\u00e4t und jeden Anwendungsfall mit der einheitlichen Endpunktverwaltung. Einheitliche Endpunktverwaltung UEM, Endpunkt -Mobilit\u00e4tsverwaltung, Endpunktverwaltungsplattform, Einheitliche Endpunktverwaltungsl\u00f6sung\" \/>\n<meta name=\"robots\" content=\"index, follow, max-snippet:-1, max-image-preview:large, max-video-preview:-1\" \/>\n<link rel=\"canonical\" href=\"https:\/\/www.42gears.com\/de\/unified-endpoint-management-uem-solution\/\" \/>\n<meta property=\"og:locale\" content=\"de_DE\" \/>\n<meta property=\"og:type\" content=\"article\" \/>\n<meta property=\"og:title\" content=\"Unified Endpoint Management (UEM) Solution\" \/>\n<meta property=\"og:description\" content=\"Erfahren Sie, wie 42Gears UEM L\u00f6sung alle Endpunkte effizient verwaltet. Verwalten Sie jedes Ger\u00e4t und jeden Anwendungsfall mit der einheitlichen Endpunktverwaltung. Einheitliche Endpunktverwaltung UEM, Endpunkt -Mobilit\u00e4tsverwaltung, Endpunktverwaltungsplattform, Einheitliche Endpunktverwaltungsl\u00f6sung\" \/>\n<meta property=\"og:url\" content=\"https:\/\/www.42gears.com\/de\/unified-endpoint-management-uem-solution\/\" \/>\n<meta property=\"og:site_name\" content=\"42Gears Mobility Systems\" \/>\n<meta property=\"article:publisher\" content=\"https:\/\/www.facebook.com\/42gears\" \/>\n<meta property=\"article:modified_time\" content=\"2025-01-06T12:37:10+00:00\" \/>\n<meta property=\"og:image\" content=\"https:\/\/www.42gears.com\/wp-content\/uploads\/2018\/12\/Featured-Image-42Gears-logo.png\" \/>\n\t<meta property=\"og:image:width\" content=\"499\" \/>\n\t<meta property=\"og:image:height\" content=\"330\" \/>\n\t<meta property=\"og:image:type\" content=\"image\/png\" \/>\n<meta name=\"twitter:card\" content=\"summary_large_image\" \/>\n<meta name=\"twitter:site\" content=\"@42Gears\" \/>\n<meta name=\"twitter:label1\" content=\"Est. reading time\" \/>\n\t<meta name=\"twitter:data1\" content=\"3 minutes\" \/>\n<script type=\"application\/ld+json\" class=\"yoast-schema-graph\">{\"@context\":\"https:\/\/schema.org\",\"@graph\":[{\"@type\":\"WebPage\",\"@id\":\"https:\/\/www.42gears.com\/de\/unified-endpoint-management-uem-solution\/\",\"url\":\"https:\/\/www.42gears.com\/de\/unified-endpoint-management-uem-solution\/\",\"name\":\"Einheitliche Endpunktverwaltung | UEM L\u00f6sung | Alle Endpunkte verwalten\",\"isPartOf\":{\"@id\":\"https:\/\/www.42gears.com\/#website\"},\"primaryImageOfPage\":{\"@id\":\"https:\/\/www.42gears.com\/de\/unified-endpoint-management-uem-solution\/#primaryimage\"},\"image\":{\"@id\":\"https:\/\/www.42gears.com\/de\/unified-endpoint-management-uem-solution\/#primaryimage\"},\"thumbnailUrl\":\"https:\/\/www.42gears.com\/wp-content\/uploads\/2018\/12\/Featured-Image-42Gears-logo.png\",\"datePublished\":\"2017-12-07T10:58:07+00:00\",\"dateModified\":\"2025-01-06T12:37:10+00:00\",\"description\":\"Erfahren Sie, wie 42Gears UEM L\u00f6sung alle Endpunkte effizient verwaltet. Verwalten Sie jedes Ger\u00e4t und jeden Anwendungsfall mit der einheitlichen Endpunktverwaltung. Einheitliche Endpunktverwaltung UEM, Endpunkt -Mobilit\u00e4tsverwaltung, Endpunktverwaltungsplattform, Einheitliche Endpunktverwaltungsl\u00f6sung\",\"breadcrumb\":{\"@id\":\"https:\/\/www.42gears.com\/de\/unified-endpoint-management-uem-solution\/#breadcrumb\"},\"inLanguage\":\"de-DE\",\"potentialAction\":[{\"@type\":\"ReadAction\",\"target\":[\"https:\/\/www.42gears.com\/de\/unified-endpoint-management-uem-solution\/\"]}]},{\"@type\":\"ImageObject\",\"inLanguage\":\"de-DE\",\"@id\":\"https:\/\/www.42gears.com\/de\/unified-endpoint-management-uem-solution\/#primaryimage\",\"url\":\"https:\/\/www.42gears.com\/wp-content\/uploads\/2018\/12\/Featured-Image-42Gears-logo.png\",\"contentUrl\":\"https:\/\/www.42gears.com\/wp-content\/uploads\/2018\/12\/Featured-Image-42Gears-logo.png\",\"width\":499,\"height\":330,\"caption\":\"Featured-Image-42Gears-logo\"},{\"@type\":\"BreadcrumbList\",\"@id\":\"https:\/\/www.42gears.com\/de\/unified-endpoint-management-uem-solution\/#breadcrumb\",\"itemListElement\":[{\"@type\":\"ListItem\",\"position\":1,\"name\":\"Home\",\"item\":\"https:\/\/www.42gears.com\/de\/\"},{\"@type\":\"ListItem\",\"position\":2,\"name\":\"Unified Endpoint Management (UEM) Solution\"}]},{\"@type\":\"WebSite\",\"@id\":\"https:\/\/www.42gears.com\/#website\",\"url\":\"https:\/\/www.42gears.com\/\",\"name\":\"42Gears Mobility Systems\",\"description\":\"Mobile Device Management (MDM), Mobile Security &amp; Mobile Device Lockdown\",\"publisher\":{\"@id\":\"https:\/\/www.42gears.com\/#organization\"},\"potentialAction\":[{\"@type\":\"SearchAction\",\"target\":{\"@type\":\"EntryPoint\",\"urlTemplate\":\"https:\/\/www.42gears.com\/?s={search_term_string}\"},\"query-input\":{\"@type\":\"PropertyValueSpecification\",\"valueRequired\":true,\"valueName\":\"search_term_string\"}}],\"inLanguage\":\"de-DE\"},{\"@type\":\"Organization\",\"@id\":\"https:\/\/www.42gears.com\/#organization\",\"name\":\"MDM - 42Gears\",\"url\":\"https:\/\/www.42gears.com\/\",\"logo\":{\"@type\":\"ImageObject\",\"inLanguage\":\"de-DE\",\"@id\":\"https:\/\/www.42gears.com\/#\/schema\/logo\/image\/\",\"url\":\"https:\/\/www.42gears.com\/wp-content\/uploads\/2018\/12\/Featured-Image-42Gears-logo.png\",\"contentUrl\":\"https:\/\/www.42gears.com\/wp-content\/uploads\/2018\/12\/Featured-Image-42Gears-logo.png\",\"width\":499,\"height\":330,\"caption\":\"MDM - 42Gears\"},\"image\":{\"@id\":\"https:\/\/www.42gears.com\/#\/schema\/logo\/image\/\"},\"sameAs\":[\"https:\/\/www.facebook.com\/42gears\",\"https:\/\/x.com\/42Gears\"]}]}<\/script>\n<!-- \/ Yoast SEO Premium plugin. -->","yoast_head_json":{"title":"Einheitliche Endpunktverwaltung | UEM L\u00f6sung | Alle Endpunkte verwalten","description":"Erfahren Sie, wie 42Gears UEM L\u00f6sung alle Endpunkte effizient verwaltet. Verwalten Sie jedes Ger\u00e4t und jeden Anwendungsfall mit der einheitlichen Endpunktverwaltung. Einheitliche Endpunktverwaltung UEM, Endpunkt -Mobilit\u00e4tsverwaltung, Endpunktverwaltungsplattform, Einheitliche Endpunktverwaltungsl\u00f6sung","robots":{"index":"index","follow":"follow","max-snippet":"max-snippet:-1","max-image-preview":"max-image-preview:large","max-video-preview":"max-video-preview:-1"},"canonical":"https:\/\/www.42gears.com\/de\/unified-endpoint-management-uem-solution\/","og_locale":"de_DE","og_type":"article","og_title":"Unified Endpoint Management (UEM) Solution","og_description":"Erfahren Sie, wie 42Gears UEM L\u00f6sung alle Endpunkte effizient verwaltet. Verwalten Sie jedes Ger\u00e4t und jeden Anwendungsfall mit der einheitlichen Endpunktverwaltung. Einheitliche Endpunktverwaltung UEM, Endpunkt -Mobilit\u00e4tsverwaltung, Endpunktverwaltungsplattform, Einheitliche Endpunktverwaltungsl\u00f6sung","og_url":"https:\/\/www.42gears.com\/de\/unified-endpoint-management-uem-solution\/","og_site_name":"42Gears Mobility Systems","article_publisher":"https:\/\/www.facebook.com\/42gears","article_modified_time":"2025-01-06T12:37:10+00:00","og_image":[{"width":499,"height":330,"url":"https:\/\/www.42gears.com\/wp-content\/uploads\/2018\/12\/Featured-Image-42Gears-logo.png","type":"image\/png"}],"twitter_card":"summary_large_image","twitter_site":"@42Gears","twitter_misc":{"Est. reading time":"3 minutes"},"schema":{"@context":"https:\/\/schema.org","@graph":[{"@type":"WebPage","@id":"https:\/\/www.42gears.com\/de\/unified-endpoint-management-uem-solution\/","url":"https:\/\/www.42gears.com\/de\/unified-endpoint-management-uem-solution\/","name":"Einheitliche Endpunktverwaltung | UEM L\u00f6sung | Alle Endpunkte verwalten","isPartOf":{"@id":"https:\/\/www.42gears.com\/#website"},"primaryImageOfPage":{"@id":"https:\/\/www.42gears.com\/de\/unified-endpoint-management-uem-solution\/#primaryimage"},"image":{"@id":"https:\/\/www.42gears.com\/de\/unified-endpoint-management-uem-solution\/#primaryimage"},"thumbnailUrl":"https:\/\/www.42gears.com\/wp-content\/uploads\/2018\/12\/Featured-Image-42Gears-logo.png","datePublished":"2017-12-07T10:58:07+00:00","dateModified":"2025-01-06T12:37:10+00:00","description":"Erfahren Sie, wie 42Gears UEM L\u00f6sung alle Endpunkte effizient verwaltet. Verwalten Sie jedes Ger\u00e4t und jeden Anwendungsfall mit der einheitlichen Endpunktverwaltung. Einheitliche Endpunktverwaltung UEM, Endpunkt -Mobilit\u00e4tsverwaltung, Endpunktverwaltungsplattform, Einheitliche Endpunktverwaltungsl\u00f6sung","breadcrumb":{"@id":"https:\/\/www.42gears.com\/de\/unified-endpoint-management-uem-solution\/#breadcrumb"},"inLanguage":"de-DE","potentialAction":[{"@type":"ReadAction","target":["https:\/\/www.42gears.com\/de\/unified-endpoint-management-uem-solution\/"]}]},{"@type":"ImageObject","inLanguage":"de-DE","@id":"https:\/\/www.42gears.com\/de\/unified-endpoint-management-uem-solution\/#primaryimage","url":"https:\/\/www.42gears.com\/wp-content\/uploads\/2018\/12\/Featured-Image-42Gears-logo.png","contentUrl":"https:\/\/www.42gears.com\/wp-content\/uploads\/2018\/12\/Featured-Image-42Gears-logo.png","width":499,"height":330,"caption":"Featured-Image-42Gears-logo"},{"@type":"BreadcrumbList","@id":"https:\/\/www.42gears.com\/de\/unified-endpoint-management-uem-solution\/#breadcrumb","itemListElement":[{"@type":"ListItem","position":1,"name":"Home","item":"https:\/\/www.42gears.com\/de\/"},{"@type":"ListItem","position":2,"name":"Unified Endpoint Management (UEM) Solution"}]},{"@type":"WebSite","@id":"https:\/\/www.42gears.com\/#website","url":"https:\/\/www.42gears.com\/","name":"42Gears Mobility Systems","description":"Mobile Device Management (MDM), Mobile Security &amp; Mobile Device Lockdown","publisher":{"@id":"https:\/\/www.42gears.com\/#organization"},"potentialAction":[{"@type":"SearchAction","target":{"@type":"EntryPoint","urlTemplate":"https:\/\/www.42gears.com\/?s={search_term_string}"},"query-input":{"@type":"PropertyValueSpecification","valueRequired":true,"valueName":"search_term_string"}}],"inLanguage":"de-DE"},{"@type":"Organization","@id":"https:\/\/www.42gears.com\/#organization","name":"MDM - 42Gears","url":"https:\/\/www.42gears.com\/","logo":{"@type":"ImageObject","inLanguage":"de-DE","@id":"https:\/\/www.42gears.com\/#\/schema\/logo\/image\/","url":"https:\/\/www.42gears.com\/wp-content\/uploads\/2018\/12\/Featured-Image-42Gears-logo.png","contentUrl":"https:\/\/www.42gears.com\/wp-content\/uploads\/2018\/12\/Featured-Image-42Gears-logo.png","width":499,"height":330,"caption":"MDM - 42Gears"},"image":{"@id":"https:\/\/www.42gears.com\/#\/schema\/logo\/image\/"},"sameAs":["https:\/\/www.facebook.com\/42gears","https:\/\/x.com\/42Gears"]}]}},"_links":{"self":[{"href":"https:\/\/www.42gears.com\/de\/wp-json\/wp\/v2\/pages\/26110","targetHints":{"allow":["GET"]}}],"collection":[{"href":"https:\/\/www.42gears.com\/de\/wp-json\/wp\/v2\/pages"}],"about":[{"href":"https:\/\/www.42gears.com\/de\/wp-json\/wp\/v2\/types\/page"}],"author":[{"embeddable":true,"href":"https:\/\/www.42gears.com\/de\/wp-json\/wp\/v2\/users\/7"}],"replies":[{"embeddable":true,"href":"https:\/\/www.42gears.com\/de\/wp-json\/wp\/v2\/comments?post=26110"}],"version-history":[{"count":16,"href":"https:\/\/www.42gears.com\/de\/wp-json\/wp\/v2\/pages\/26110\/revisions"}],"predecessor-version":[{"id":110332,"href":"https:\/\/www.42gears.com\/de\/wp-json\/wp\/v2\/pages\/26110\/revisions\/110332"}],"wp:featuredmedia":[{"embeddable":true,"href":"https:\/\/www.42gears.com\/de\/wp-json\/wp\/v2\/media\/28576"}],"wp:attachment":[{"href":"https:\/\/www.42gears.com\/de\/wp-json\/wp\/v2\/media?parent=26110"}],"wp:term":[{"taxonomy":"category","embeddable":true,"href":"https:\/\/www.42gears.com\/de\/wp-json\/wp\/v2\/categories?post=26110"},{"taxonomy":"post_tag","embeddable":true,"href":"https:\/\/www.42gears.com\/de\/wp-json\/wp\/v2\/tags?post=26110"}],"curies":[{"name":"wp","href":"https:\/\/api.w.org\/{rel}","templated":true}]}}