{"id":21234,"date":"2017-08-01T10:51:54","date_gmt":"2017-08-01T10:51:54","guid":{"rendered":"http:\/\/live-42gears-site.pantheonsite.io\/?page_id=21234\/"},"modified":"2019-02-14T05:18:21","modified_gmt":"2019-02-14T05:18:21","slug":"wearable-management-solution","status":"publish","type":"page","link":"https:\/\/www.42gears.com\/de\/wearable-management-solution\/","title":{"rendered":"Wearable Management Solution"},"content":{"rendered":"<h2>Wearable Management Solution<\/h2>\n<p>Unterst\u00fctzt tragbare Computerger\u00e4te f\u00fcr Gesch\u00e4ftsverwendung<br \/>\n\t<a style=\"padding: 16px 65px;\" href=\"https:\/\/www.42gears.com\/contact-sales-team\/?pname=wearable-management-solution-demo\" target=\"_blank\" rel=\"noopener\">Eine Demo planen<\/a><br \/>\n\t\t\t\t<img decoding=\"async\" src=\"http:\/\/live-42gears-site.pantheonsite.io\/wp-content\/uploads\/2018\/08\/wearable-management-sol-banner.png\" alt=\"wearable management sol-banner\" itemprop=\"image\"  \/><\/p>\n<h3 style=\"color: #fff;\">\u00dcberblick<\/h3>\n<p style=\"text-align: justify;\">Tragbare Technik ist die n\u00e4chste Welle auf der jede Firma versucht zu reiten. Organisationen verhalten sich beim Einsetzen von tragbaren Ger\u00e4ten f\u00fcr Gesch\u00e4ftsoperationen und Kundenservice kreativ. Tragbare Ger\u00e4te tragen zur Flexibilit\u00e4t und Mobilit\u00e4t von Organisationen bei und k\u00f6nnen am Ende ein integraler Teil des digitalen Arbeitsplatzes werden. Jedoch h\u00e4ngt die Geschwindigkeit ihrer \u00dcbernahme von ihrer F\u00e4higkeit ab, als Unternehmen bereit zu sein. Die F\u00e4higkeit tragbare Computerger\u00e4te zu verfolgen und zu verwalten und das Gew\u00e4hrleisten von Sicherheit und Datenschutz auf tragbaren Ger\u00e4ten sind einige der grundlegenden Anforderungen von einer Firma. Die Wearable Management Solution von 42Gears agiert als eine Sicherheitsdecke, um die verbundenen Risiken der Annahme tragbarer Ger\u00e4te im Gesch\u00e4ftsszenario zu verwalten.<\/p>\n<p style=\"text-align: left;\">M\u00f6glichkeiten mit der Wearable Management Solution von 42Gears\n<\/p>\n<p style=\"text-align: justify;\">Die F\u00e4higkeit tragbare Ger\u00e4te durch die <a href=\"https:\/\/www.42gears.com\/de\/enterprise-mobility-management\/\">42Gears EMM-L\u00f6sung<\/a> zu verwalten, zu sichern und zu kontrollieren, ist ein Quantensprung, der Firmen erm\u00f6glicht, das Potential von tragbaren Ger\u00e4ten im Gesch\u00e4ft zu erschlie\u00dfen.<\/p>\n<p>\t\t\t\t<img decoding=\"async\" src=\"http:\/\/live-42gears-site.pantheonsite.io\/wp-content\/uploads\/2018\/08\/Locate-150x150.png\" alt=\"Locate\" itemprop=\"image\"  \/><\/p>\n<p style=\"text-align: center;\">Lokalisieren<\/p>\n<ul>\n<li style=\"text-align: left;\">Standortverfolgung in Echtzeit<\/li>\n<li style=\"text-align: left;\">Protokollaktualisierungen f\u00fcr Anruf und SMS<\/li>\n<li style=\"text-align: left;\">Buzz-Ger\u00e4te-Service aus der Ferne<\/li>\n<\/ul>\n<p>\t\t\t\t<img decoding=\"async\" src=\"http:\/\/live-42gears-site.pantheonsite.io\/wp-content\/uploads\/2018\/08\/Transfer-150x150.png\" alt=\"Transfer\" itemprop=\"image\"  \/><\/p>\n<p style=\"text-align: center;\">\u00dcbertragung<\/p>\n<ul>\n<li style=\"text-align: left;\">Daten\u00fcbertragung aus der Ferne<\/li>\n<li style=\"text-align: left;\">Textmitteilung senden<\/li>\n<li style=\"text-align: left;\">Skript ausf\u00fchren, um Dateien zu senden<\/li>\n<li>Skript ausf\u00fchren, um Apps zu verschieben\/zu aktualisieren<\/li>\n<\/ul>\n<p>\t\t\t\t<img decoding=\"async\" src=\"http:\/\/live-42gears-site.pantheonsite.io\/wp-content\/uploads\/2018\/08\/Secure-150x150.png\" alt=\"Secure\" itemprop=\"image\"  \/><\/p>\n<p style=\"text-align: center;\">Sichern<\/p>\n<ul>\n<li style=\"text-align: left;\">Tragbares Ger\u00e4t sperren<\/li>\n<li style=\"text-align: left;\">Anwendungen auf der wei\u00dfen Liste<\/li>\n<li style=\"text-align: left;\">Eingeschr\u00e4nkter Zugriff auf Einstellungen<\/li>\n<li style=\"text-align: left;\">WiFi SSID Konfiguration aus der Ferne<\/li>\n<\/ul>\n<p>\t\t\t\t<img decoding=\"async\" src=\"http:\/\/live-42gears-site.pantheonsite.io\/wp-content\/uploads\/2018\/08\/Manage-150x150.png\" alt=\"\" itemprop=\"image\"  \/><\/p>\n<p style=\"text-align: center;\">Verwalten<\/p>\n<ul>\n<li style=\"text-align: left;\">Remote-App-Installation<\/li>\n<li style=\"text-align: left;\">Remote-App-Aktualisierungen<\/li>\n<li style=\"text-align: left;\">App-Deinstallation per Fernzugriff<\/li>\n<\/ul>\n<p>\t\t\t\t<img decoding=\"async\" src=\"http:\/\/live-42gears-site.pantheonsite.io\/wp-content\/uploads\/2018\/08\/Alerts1-150x150.png\" alt=\"Alerts1\" itemprop=\"image\"  \/><\/p>\n<p style=\"text-align: center;\">Warnungen<\/p>\n<ul>\n<li style=\"text-align: left;\">Benachrichtigungen zur Datennutzung<\/li>\n<li style=\"text-align: left;\">Warnungen \u00fcber SIM-Wechsel<\/li>\n<li style=\"text-align: left;\">Warnungen \u00fcber Akkunutzung<\/li>\n<\/ul>\n<p style=\"text-align: left;\">Angebotene Funktionen durch die Wearable Management Solution f\u00fcr Smartwatches<\/p>\n<p>\t\t\t\t<img decoding=\"async\" src=\"http:\/\/live-42gears-site.pantheonsite.io\/wp-content\/uploads\/2018\/04\/app-whitelisting-150x150.png\" alt=\"app whitelisting\" itemprop=\"image\"  \/><\/p>\n<p>Apps auf die wei\u00dfe Liste<br \/>\nAndroid Smartwatch sperren mit Zugriff nur auf \u201egenehmigte Anwendungen\u201c<\/p>\n<p>\t\t\t\t<img decoding=\"async\" src=\"http:\/\/live-42gears-site.pantheonsite.io\/wp-content\/uploads\/2018\/05\/Locate-150x150.png\" alt=\"Locate\" itemprop=\"image\"  \/><\/p>\n<p>Standortverfolgung<br \/>\nStandortverfolgung und -\u00dcberwachung in Echtzeit<\/p>\n<p>\t\t\t\t<img decoding=\"async\" src=\"http:\/\/live-42gears-site.pantheonsite.io\/wp-content\/uploads\/2018\/04\/Single-application-mode-150x150.png\" alt=\"Single application-mode\" itemprop=\"image\"  \/><\/p>\n<p>Einfacher Mitteilungsaustausch der Firma<br \/>\n2-Wege-Mitteilungsaustausch mit \u00dcbertragungsoption<\/p>\n<p>\t\t\t\t<img decoding=\"async\" src=\"http:\/\/live-42gears-site.pantheonsite.io\/wp-content\/uploads\/2018\/04\/Device-enrollment-150x150.png\" alt=\"Device enrollment\" itemprop=\"image\"  \/><\/p>\n<p>Schnelle Ger\u00e4teeintragung<br \/>\nTragen Sie Ger\u00e4te in Sekunden mittels der Import\/Export-Einstellungenoption ein, um eine Stapel-Eintragung auszuf\u00fchren<\/p>\n<p>\t\t\t\t<img decoding=\"async\" src=\"http:\/\/live-42gears-site.pantheonsite.io\/wp-content\/uploads\/2018\/08\/Device-status-monitoring-150x150.png\" alt=\"Device status monitoring\" itemprop=\"image\"  \/><\/p>\n<p>Ger\u00e4tezustands\u00fcberwachung<br \/>\nGer\u00e4tezustand, wie z.B. Akku, Speicher usw., aus der Ferne \u00fcberwachen und einrichten<\/p>\n<p>\t\t\t\t<img decoding=\"async\" src=\"http:\/\/live-42gears-site.pantheonsite.io\/wp-content\/uploads\/2018\/04\/Remote-settings-150x150.png\" alt=\"Remote settings\" itemprop=\"image\"  \/><\/p>\n<p>Einstellungen aus der Ferne<br \/>\nNutzen Sie das lokale Netzwerk, um die Ansehen-Einstellungen aus der Ferne zu konfigurieren oder zu bearbeiten<\/p>\n<p>\t\t\t\t<img decoding=\"async\" src=\"http:\/\/live-42gears-site.pantheonsite.io\/wp-content\/uploads\/2018\/08\/Single-Application-mode-150x150.png\" alt=\"Single Application mode\" itemprop=\"image\"  \/><\/p>\n<p>Einzelanwendungsmodus<br \/>\nAndroid Smartwatch mit nur einer Anwendung im Vordergrund sperren<\/p>\n<p>\t\t\t\t<img decoding=\"async\" src=\"http:\/\/live-42gears-site.pantheonsite.io\/wp-content\/uploads\/2018\/04\/password-protected-settings-150x150.png\" alt=\"password protected settings\" itemprop=\"image\"  \/><\/p>\n<p>Passwort-gesch\u00fctzte Einstellungen<br \/>\nEinschr\u00e4nken des Nutzers bei Zugriff und Modifizieren der Sperre oder der Ger\u00e4te-Einstellungen<\/p>\n<p>\t\t\t\t<img decoding=\"async\" src=\"http:\/\/live-42gears-site.pantheonsite.io\/wp-content\/uploads\/2018\/08\/Enterprise-Watch-face-150x150.png\" alt=\"Enterprise Watch face\" itemprop=\"image\"  \/><\/p>\n<p>Zifferblatt im Unternehmensdesign<br \/>\nPersonalisieren Sie das Android Zifferblatt, um eine Unternehmensmarke aufzubauen<\/p>\n<p>\t\t\t\t<img decoding=\"async\" src=\"http:\/\/live-42gears-site.pantheonsite.io\/wp-content\/uploads\/2018\/04\/customizable-ui-150x150.png\" alt=\"customizable-ui\" itemprop=\"image\"  \/><\/p>\n<p>Nutzerschnittstelle personalisieren<br \/>\nAndroid Smartwatch mit gew\u00fcnschten Hintergr\u00fcnden und anderen Einstellungen der Nutzerschnittstelle personalisieren, um die Unternehmensmarke zu bewerben<\/p>\n<p>\t<a style=\"padding: 16px 43px;\" href=\"https:\/\/www.42gears.com\/contact-sales-team\/?pname=wearable-management-solution-demo\" target=\"_blank\" rel=\"noopener\">Schedule a Demo<\/a><br \/>\n<a style=\"padding: 16px 43px;\" href=\"https:\/\/www.youtube.com\/watch?v=TBnRfE4hpg4\" target=\"_blank\" rel=\"noopener\">Watch the Webinar<\/a><\/p>\n","protected":false},"excerpt":{"rendered":"<p>Wearable Management Solution Unterst\u00fctzt tragbare Computerger\u00e4te f\u00fcr Gesch\u00e4ftsverwendung Eine Demo planen \u00dcberblick Tragbare Technik ist die n\u00e4chste Welle auf der jede Firma versucht zu reiten. Organisationen verhalten sich beim Einsetzen von tragbaren Ger\u00e4ten f\u00fcr Gesch\u00e4ftsoperationen und Kundenservice kreativ. Tragbare Ger\u00e4te tragen zur Flexibilit\u00e4t und Mobilit\u00e4t von Organisationen bei und k\u00f6nnen am Ende ein integraler Teil&hellip;<\/p>\n","protected":false},"author":7,"featured_media":28576,"parent":0,"menu_order":0,"comment_status":"closed","ping_status":"closed","template":"","meta":{"_acf_changed":false,"footnotes":""},"categories":[],"tags":[],"class_list":["post-21234","page","type-page","status-publish","has-post-thumbnail","hentry"],"acf":[],"yoast_head":"<!-- This site is optimized with the Yoast SEO Premium plugin v24.6 (Yoast SEO v24.6) - https:\/\/yoast.com\/wordpress\/plugins\/seo\/ -->\n<title>Wearable Management Solution | 42Gears<\/title>\n<meta name=\"description\" content=\"Read how 42Gears EMM solution enables business with the ability to manage, secure and control enterprises wearable devices.\" \/>\n<meta name=\"robots\" content=\"index, follow, max-snippet:-1, max-image-preview:large, max-video-preview:-1\" \/>\n<link rel=\"canonical\" href=\"http:\/\/www.42gears.com\/de\/wearable-management-solution\/\" \/>\n<meta property=\"og:locale\" content=\"de_DE\" \/>\n<meta property=\"og:type\" content=\"article\" \/>\n<meta property=\"og:title\" content=\"Wearable Management Solution\" \/>\n<meta property=\"og:description\" content=\"Read how 42Gears EMM solution enables business with the ability to manage, secure and control enterprises wearable devices.\" \/>\n<meta property=\"og:url\" content=\"http:\/\/www.42gears.com\/de\/wearable-management-solution\/\" \/>\n<meta property=\"og:site_name\" content=\"42Gears Mobility Systems\" \/>\n<meta property=\"article:publisher\" content=\"https:\/\/www.facebook.com\/42gears\" \/>\n<meta property=\"article:modified_time\" content=\"2019-02-14T05:18:21+00:00\" \/>\n<meta property=\"og:image\" content=\"http:\/\/www.42gears.com\/wp-content\/uploads\/2018\/12\/Featured-Image-42Gears-logo.png\" \/>\n\t<meta property=\"og:image:width\" content=\"499\" \/>\n\t<meta property=\"og:image:height\" content=\"330\" \/>\n\t<meta property=\"og:image:type\" content=\"image\/png\" \/>\n<meta name=\"twitter:card\" content=\"summary_large_image\" \/>\n<meta name=\"twitter:site\" content=\"@42Gears\" \/>\n<meta name=\"twitter:label1\" content=\"Est. reading time\" \/>\n\t<meta name=\"twitter:data1\" content=\"2 minutes\" \/>\n<script type=\"application\/ld+json\" class=\"yoast-schema-graph\">{\"@context\":\"https:\/\/schema.org\",\"@graph\":[{\"@type\":\"WebPage\",\"@id\":\"http:\/\/www.42gears.com\/de\/wearable-management-solution\/\",\"url\":\"http:\/\/www.42gears.com\/de\/wearable-management-solution\/\",\"name\":\"Wearable Management Solution | 42Gears\",\"isPartOf\":{\"@id\":\"https:\/\/www.42gears.com\/#website\"},\"primaryImageOfPage\":{\"@id\":\"http:\/\/www.42gears.com\/de\/wearable-management-solution\/#primaryimage\"},\"image\":{\"@id\":\"http:\/\/www.42gears.com\/de\/wearable-management-solution\/#primaryimage\"},\"thumbnailUrl\":\"https:\/\/www.42gears.com\/wp-content\/uploads\/2018\/12\/Featured-Image-42Gears-logo.png\",\"datePublished\":\"2017-08-01T10:51:54+00:00\",\"dateModified\":\"2019-02-14T05:18:21+00:00\",\"description\":\"Read how 42Gears EMM solution enables business with the ability to manage, secure and control enterprises wearable devices.\",\"breadcrumb\":{\"@id\":\"http:\/\/www.42gears.com\/de\/wearable-management-solution\/#breadcrumb\"},\"inLanguage\":\"de-DE\",\"potentialAction\":[{\"@type\":\"ReadAction\",\"target\":[\"http:\/\/www.42gears.com\/de\/wearable-management-solution\/\"]}]},{\"@type\":\"ImageObject\",\"inLanguage\":\"de-DE\",\"@id\":\"http:\/\/www.42gears.com\/de\/wearable-management-solution\/#primaryimage\",\"url\":\"https:\/\/www.42gears.com\/wp-content\/uploads\/2018\/12\/Featured-Image-42Gears-logo.png\",\"contentUrl\":\"https:\/\/www.42gears.com\/wp-content\/uploads\/2018\/12\/Featured-Image-42Gears-logo.png\",\"width\":499,\"height\":330,\"caption\":\"Featured-Image-42Gears-logo\"},{\"@type\":\"BreadcrumbList\",\"@id\":\"http:\/\/www.42gears.com\/de\/wearable-management-solution\/#breadcrumb\",\"itemListElement\":[{\"@type\":\"ListItem\",\"position\":1,\"name\":\"Home\",\"item\":\"https:\/\/www.42gears.com\/de\/\"},{\"@type\":\"ListItem\",\"position\":2,\"name\":\"Wearable Management Solution\"}]},{\"@type\":\"WebSite\",\"@id\":\"https:\/\/www.42gears.com\/#website\",\"url\":\"https:\/\/www.42gears.com\/\",\"name\":\"42Gears Mobility Systems\",\"description\":\"Mobile Device Management (MDM), Mobile Security &amp; Mobile Device Lockdown\",\"publisher\":{\"@id\":\"https:\/\/www.42gears.com\/#organization\"},\"potentialAction\":[{\"@type\":\"SearchAction\",\"target\":{\"@type\":\"EntryPoint\",\"urlTemplate\":\"https:\/\/www.42gears.com\/?s={search_term_string}\"},\"query-input\":{\"@type\":\"PropertyValueSpecification\",\"valueRequired\":true,\"valueName\":\"search_term_string\"}}],\"inLanguage\":\"de-DE\"},{\"@type\":\"Organization\",\"@id\":\"https:\/\/www.42gears.com\/#organization\",\"name\":\"MDM - 42Gears\",\"url\":\"https:\/\/www.42gears.com\/\",\"logo\":{\"@type\":\"ImageObject\",\"inLanguage\":\"de-DE\",\"@id\":\"https:\/\/www.42gears.com\/#\/schema\/logo\/image\/\",\"url\":\"https:\/\/www.42gears.com\/wp-content\/uploads\/2018\/12\/Featured-Image-42Gears-logo.png\",\"contentUrl\":\"https:\/\/www.42gears.com\/wp-content\/uploads\/2018\/12\/Featured-Image-42Gears-logo.png\",\"width\":499,\"height\":330,\"caption\":\"MDM - 42Gears\"},\"image\":{\"@id\":\"https:\/\/www.42gears.com\/#\/schema\/logo\/image\/\"},\"sameAs\":[\"https:\/\/www.facebook.com\/42gears\",\"https:\/\/x.com\/42Gears\"]}]}<\/script>\n<!-- \/ Yoast SEO Premium plugin. -->","yoast_head_json":{"title":"Wearable Management Solution | 42Gears","description":"Read how 42Gears EMM solution enables business with the ability to manage, secure and control enterprises wearable devices.","robots":{"index":"index","follow":"follow","max-snippet":"max-snippet:-1","max-image-preview":"max-image-preview:large","max-video-preview":"max-video-preview:-1"},"canonical":"http:\/\/www.42gears.com\/de\/wearable-management-solution\/","og_locale":"de_DE","og_type":"article","og_title":"Wearable Management Solution","og_description":"Read how 42Gears EMM solution enables business with the ability to manage, secure and control enterprises wearable devices.","og_url":"http:\/\/www.42gears.com\/de\/wearable-management-solution\/","og_site_name":"42Gears Mobility Systems","article_publisher":"https:\/\/www.facebook.com\/42gears","article_modified_time":"2019-02-14T05:18:21+00:00","og_image":[{"width":499,"height":330,"url":"http:\/\/www.42gears.com\/wp-content\/uploads\/2018\/12\/Featured-Image-42Gears-logo.png","type":"image\/png"}],"twitter_card":"summary_large_image","twitter_site":"@42Gears","twitter_misc":{"Est. reading time":"2 minutes"},"schema":{"@context":"https:\/\/schema.org","@graph":[{"@type":"WebPage","@id":"http:\/\/www.42gears.com\/de\/wearable-management-solution\/","url":"http:\/\/www.42gears.com\/de\/wearable-management-solution\/","name":"Wearable Management Solution | 42Gears","isPartOf":{"@id":"https:\/\/www.42gears.com\/#website"},"primaryImageOfPage":{"@id":"http:\/\/www.42gears.com\/de\/wearable-management-solution\/#primaryimage"},"image":{"@id":"http:\/\/www.42gears.com\/de\/wearable-management-solution\/#primaryimage"},"thumbnailUrl":"https:\/\/www.42gears.com\/wp-content\/uploads\/2018\/12\/Featured-Image-42Gears-logo.png","datePublished":"2017-08-01T10:51:54+00:00","dateModified":"2019-02-14T05:18:21+00:00","description":"Read how 42Gears EMM solution enables business with the ability to manage, secure and control enterprises wearable devices.","breadcrumb":{"@id":"http:\/\/www.42gears.com\/de\/wearable-management-solution\/#breadcrumb"},"inLanguage":"de-DE","potentialAction":[{"@type":"ReadAction","target":["http:\/\/www.42gears.com\/de\/wearable-management-solution\/"]}]},{"@type":"ImageObject","inLanguage":"de-DE","@id":"http:\/\/www.42gears.com\/de\/wearable-management-solution\/#primaryimage","url":"https:\/\/www.42gears.com\/wp-content\/uploads\/2018\/12\/Featured-Image-42Gears-logo.png","contentUrl":"https:\/\/www.42gears.com\/wp-content\/uploads\/2018\/12\/Featured-Image-42Gears-logo.png","width":499,"height":330,"caption":"Featured-Image-42Gears-logo"},{"@type":"BreadcrumbList","@id":"http:\/\/www.42gears.com\/de\/wearable-management-solution\/#breadcrumb","itemListElement":[{"@type":"ListItem","position":1,"name":"Home","item":"https:\/\/www.42gears.com\/de\/"},{"@type":"ListItem","position":2,"name":"Wearable Management Solution"}]},{"@type":"WebSite","@id":"https:\/\/www.42gears.com\/#website","url":"https:\/\/www.42gears.com\/","name":"42Gears Mobility Systems","description":"Mobile Device Management (MDM), Mobile Security &amp; Mobile Device Lockdown","publisher":{"@id":"https:\/\/www.42gears.com\/#organization"},"potentialAction":[{"@type":"SearchAction","target":{"@type":"EntryPoint","urlTemplate":"https:\/\/www.42gears.com\/?s={search_term_string}"},"query-input":{"@type":"PropertyValueSpecification","valueRequired":true,"valueName":"search_term_string"}}],"inLanguage":"de-DE"},{"@type":"Organization","@id":"https:\/\/www.42gears.com\/#organization","name":"MDM - 42Gears","url":"https:\/\/www.42gears.com\/","logo":{"@type":"ImageObject","inLanguage":"de-DE","@id":"https:\/\/www.42gears.com\/#\/schema\/logo\/image\/","url":"https:\/\/www.42gears.com\/wp-content\/uploads\/2018\/12\/Featured-Image-42Gears-logo.png","contentUrl":"https:\/\/www.42gears.com\/wp-content\/uploads\/2018\/12\/Featured-Image-42Gears-logo.png","width":499,"height":330,"caption":"MDM - 42Gears"},"image":{"@id":"https:\/\/www.42gears.com\/#\/schema\/logo\/image\/"},"sameAs":["https:\/\/www.facebook.com\/42gears","https:\/\/x.com\/42Gears"]}]}},"_links":{"self":[{"href":"https:\/\/www.42gears.com\/de\/wp-json\/wp\/v2\/pages\/21234","targetHints":{"allow":["GET"]}}],"collection":[{"href":"https:\/\/www.42gears.com\/de\/wp-json\/wp\/v2\/pages"}],"about":[{"href":"https:\/\/www.42gears.com\/de\/wp-json\/wp\/v2\/types\/page"}],"author":[{"embeddable":true,"href":"https:\/\/www.42gears.com\/de\/wp-json\/wp\/v2\/users\/7"}],"replies":[{"embeddable":true,"href":"https:\/\/www.42gears.com\/de\/wp-json\/wp\/v2\/comments?post=21234"}],"version-history":[{"count":10,"href":"https:\/\/www.42gears.com\/de\/wp-json\/wp\/v2\/pages\/21234\/revisions"}],"predecessor-version":[{"id":33595,"href":"https:\/\/www.42gears.com\/de\/wp-json\/wp\/v2\/pages\/21234\/revisions\/33595"}],"wp:featuredmedia":[{"embeddable":true,"href":"https:\/\/www.42gears.com\/de\/wp-json\/wp\/v2\/media\/28576"}],"wp:attachment":[{"href":"https:\/\/www.42gears.com\/de\/wp-json\/wp\/v2\/media?parent=21234"}],"wp:term":[{"taxonomy":"category","embeddable":true,"href":"https:\/\/www.42gears.com\/de\/wp-json\/wp\/v2\/categories?post=21234"},{"taxonomy":"post_tag","embeddable":true,"href":"https:\/\/www.42gears.com\/de\/wp-json\/wp\/v2\/tags?post=21234"}],"curies":[{"name":"wp","href":"https:\/\/api.w.org\/{rel}","templated":true}]}}