{"id":21006,"date":"2017-10-26T10:02:52","date_gmt":"2017-10-26T10:02:52","guid":{"rendered":"http:\/\/live-42gears-site.pantheonsite.io\/?page_id=21006\/"},"modified":"2017-11-02T07:25:47","modified_gmt":"2017-11-02T07:25:47","slug":"secure-email","status":"publish","type":"page","link":"https:\/\/www.42gears.com\/de\/secure-email\/","title":{"rendered":"Secure Email"},"content":{"rendered":"<h2>\n\t\tE-Mail sichern<br \/>\n\t<\/h2>\n<h3>\n\t\tE-Mail-Zugriff auf iOS und Android sichern<br \/>\n\t<\/h3>\n<p>\t<a href=\" #\" target=\"_self\" role=\"button\"><br \/>\n\t\t\t\t\t\tEine Demo planen<br \/>\n\t\t\t\t\t<\/a><br \/>\n\t\t\t\t<img decoding=\"async\" src=\"http:\/\/live-42gears-site.pantheonsite.io\/wp-content\/uploads\/2017\/07\/email-secure-300x259.png\" alt=\"secure email access\" itemprop=\"image\"  \/><\/p>\n<p style=\"text-align: justify;\">Das Erh\u00f6hen der Produktivit\u00e4t des Mitarbeiters ist ein Kernvorteil der Annahme von BYOD in der Firma. Den Mitarbeitern zu erlauben, ihr pers\u00f6nliches iPhone oder Android-Telefon zu verwenden, um auf E-Mails des Unternehmens zuzugreifen reduziert auch die Kosten f\u00fcr die Anschaffung von Ger\u00e4ten f\u00fcr sie. Jedoch sind die Datensicherheit und die Compliance Risiken. Die IT m\u00f6chte gew\u00e4hrleisten, dass die Gesch\u00e4ftsinformationen zu keiner Zeit kompromittiert werden und, dass die Unternehmensdaten sich nicht mit den pers\u00f6nlichen Daten des Nutzers vermischen. Die IT m\u00f6chte auch die vollst\u00e4ndige Kontrolle dar\u00fcber, wann die Gesch\u00e4ftsdaten vom Telefon gel\u00f6schte werden.<\/p>\n<p style=\"text-align: left;\">42Gears EMM bietet einen sicheren Zugriff auf die E-Mail des Gesch\u00e4fts durch native E-Mail-Apps. Es enth\u00e4lt alle notwendigen Tools, um aus der Ferne E-Mails bereitzustellen, den Zugriff zu verwalten, Datenverlust zu vermeiden und aus der Ferne E-Mails und Kontoinformationen von den Mobilger\u00e4ten zu l\u00f6schen, das ein Standard f\u00fcr Compliance-Richtlinien ist.<\/p>\n<p>\t\t\t\t<img decoding=\"async\" src=\"http:\/\/live-42gears-site.pantheonsite.io\/wp-content\/uploads\/2017\/07\/platfroms.png\" alt=\"Enterprise Email Encryption Solutions\" itemprop=\"image\"  \/><\/p>\n<h3 style=\"font-weight: 400; font-size: 25px;\">Unterst\u00fctzung f\u00fcr mehrere OS<\/h3>\n<p>Unser sicherer E-Mail-Gateway bietet Schutz von Mobilger\u00e4ten durch die Unterst\u00fctzung aller E-Mail-Aktivit\u00e4ten auf den <strong>haupts\u00e4chlichen Betriebssystemen<\/strong> wie iOS und Android.<\/p>\n<p>\t\t\t\t<img decoding=\"async\" src=\"http:\/\/live-42gears-site.pantheonsite.io\/wp-content\/uploads\/2017\/07\/cloud.png\" alt=\"cloud email security\" itemprop=\"image\"  \/><\/p>\n<h3 style=\"font-weight: 400; font-size: 25px;\">Cloud und Lokale Implementierung<\/h3>\n<p style=\"text-align: justify;\">Der sichere E-Mail-Gateway von 42Gears kann durch die <strong>Cloud und durch Lokale Implementierung<\/strong> auf die Ger\u00e4te geschoben werden.<\/p>\n<p style=\"text-align: justify;\">\n\t\t\t\t<img decoding=\"async\" src=\"http:\/\/live-42gears-site.pantheonsite.io\/wp-content\/uploads\/2017\/07\/calendar.png\" alt=\"calendar\" itemprop=\"image\"  \/><\/p>\n<h3 style=\"font-weight: 400; font-size: 25px;\">App-Ebene Passcodes<\/h3>\n<p style=\"text-align: justify;\">42Gears bietet benutzerdefinierbare Richtlinien wie die <strong>App-Ebene Passcodes<\/strong>, um auf E-Mail, Kalender und Kontakte zuzugreifen.<\/p>\n<p>\t\t\t\t<img decoding=\"async\" src=\"http:\/\/live-42gears-site.pantheonsite.io\/wp-content\/uploads\/2017\/07\/AD-BYOD.png\" alt=\"AD-BYOD\" itemprop=\"image\"  \/><\/p>\n<h3 style=\"font-weight: 400; font-size: 25px;\">Sicherheit und Richtlinien<\/h3>\n<p style=\"text-align: justify;\">Unsere sichere E-Mail-L\u00f6sung integriert sich mit Active Directory und\/oder LDAP und erlaubt dem IT-Admin Richtlinien \u00fcber die <strong>Ger\u00e4te des Nutzers zu definieren, zu verwalten und durchzusetzen.<\/strong><\/p>\n<p>\t\t\t\t<img decoding=\"async\" src=\"http:\/\/live-42gears-site.pantheonsite.io\/wp-content\/uploads\/2017\/07\/encrypt-email.png\" alt=\"email file encryption\" itemprop=\"image\"  \/><\/p>\n<h3 style=\"font-weight: 400; font-size: 25px;\">Dateiverschl\u00fcsselung<\/h3>\n<p style=\"text-align: justify;\">Der IT-Admin kann einen umfassenden Blick auf die <strong>verschl\u00fcsselten Dateien<\/strong> und <strong>Dokumente<\/strong> werfen, die als E-Mail-Anhang gesendet werden.<\/p>\n<p>\t\t\t\t<img decoding=\"async\" src=\"http:\/\/live-42gears-site.pantheonsite.io\/wp-content\/uploads\/2017\/07\/container-v7.png\" alt=\"containerization\" itemprop=\"image\"  \/><\/p>\n<h3 style=\"font-weight: 400; font-size: 25px;\">Containerisierung<\/h3>\n<p style=\"text-align: justify;\">Die Trennung von E-Mail-Konten f\u00fcr Gesch\u00e4ft und Privat durch die Implementierung der <strong>Containerisierung<\/strong> auf en eigenen Ger\u00e4ten des Mitarbeiters.<\/p>\n<p>\t<a href=\"#\" target=\"_self\" role=\"button\"><br \/>\n\t\t\t\t\t\tEine Demo planen<br \/>\n\t\t\t\t\t<\/a><\/p>\n","protected":false},"excerpt":{"rendered":"<p>E-Mail sichern E-Mail-Zugriff auf iOS und Android sichern Eine Demo planen Das Erh\u00f6hen der Produktivit\u00e4t des Mitarbeiters ist ein Kernvorteil der Annahme von BYOD in der Firma. Den Mitarbeitern zu erlauben, ihr pers\u00f6nliches iPhone oder Android-Telefon zu verwenden, um auf E-Mails des Unternehmens zuzugreifen reduziert auch die Kosten f\u00fcr die Anschaffung von Ger\u00e4ten f\u00fcr sie.&hellip;<\/p>\n","protected":false},"author":7,"featured_media":0,"parent":0,"menu_order":0,"comment_status":"closed","ping_status":"closed","template":"","meta":{"_acf_changed":false,"footnotes":""},"categories":[],"tags":[],"class_list":["post-21006","page","type-page","status-publish","hentry"],"acf":[],"yoast_head":"<!-- This site is optimized with the Yoast SEO Premium plugin v24.6 (Yoast SEO v24.6) - https:\/\/yoast.com\/wordpress\/plugins\/seo\/ -->\n<title>Secure Email - 42Gears Mobility Systems<\/title>\n<meta name=\"robots\" content=\"index, follow, max-snippet:-1, max-image-preview:large, max-video-preview:-1\" \/>\n<link rel=\"canonical\" href=\"http:\/\/www.42gears.com\/de\/secure-email\/\" \/>\n<meta property=\"og:locale\" content=\"de_DE\" \/>\n<meta property=\"og:type\" content=\"article\" \/>\n<meta property=\"og:title\" content=\"Secure Email\" \/>\n<meta property=\"og:description\" content=\"E-Mail sichern E-Mail-Zugriff auf iOS und Android sichern Eine Demo planen Das Erh\u00f6hen der Produktivit\u00e4t des Mitarbeiters ist ein Kernvorteil der Annahme von BYOD in der Firma. Den Mitarbeitern zu erlauben, ihr pers\u00f6nliches iPhone oder Android-Telefon zu verwenden, um auf E-Mails des Unternehmens zuzugreifen reduziert auch die Kosten f\u00fcr die Anschaffung von Ger\u00e4ten f\u00fcr sie.&hellip;\" \/>\n<meta property=\"og:url\" content=\"http:\/\/www.42gears.com\/de\/secure-email\/\" \/>\n<meta property=\"og:site_name\" content=\"42Gears Mobility Systems\" \/>\n<meta property=\"article:publisher\" content=\"https:\/\/www.facebook.com\/42gears\" \/>\n<meta property=\"article:modified_time\" content=\"2017-11-02T07:25:47+00:00\" \/>\n<meta property=\"og:image\" content=\"http:\/\/live-42gears-site.pantheonsite.io\/wp-content\/uploads\/2017\/07\/email-secure-300x259.png\" \/>\n<meta name=\"twitter:card\" content=\"summary_large_image\" \/>\n<meta name=\"twitter:site\" content=\"@42Gears\" \/>\n<meta name=\"twitter:label1\" content=\"Est. reading time\" \/>\n\t<meta name=\"twitter:data1\" content=\"2 minutes\" \/>\n<script type=\"application\/ld+json\" class=\"yoast-schema-graph\">{\"@context\":\"https:\/\/schema.org\",\"@graph\":[{\"@type\":\"WebPage\",\"@id\":\"http:\/\/www.42gears.com\/de\/secure-email\/\",\"url\":\"http:\/\/www.42gears.com\/de\/secure-email\/\",\"name\":\"Secure Email - 42Gears Mobility Systems\",\"isPartOf\":{\"@id\":\"https:\/\/www.42gears.com\/#website\"},\"primaryImageOfPage\":{\"@id\":\"http:\/\/www.42gears.com\/de\/secure-email\/#primaryimage\"},\"image\":{\"@id\":\"http:\/\/www.42gears.com\/de\/secure-email\/#primaryimage\"},\"thumbnailUrl\":\"http:\/\/live-42gears-site.pantheonsite.io\/wp-content\/uploads\/2017\/07\/email-secure-300x259.png\",\"datePublished\":\"2017-10-26T10:02:52+00:00\",\"dateModified\":\"2017-11-02T07:25:47+00:00\",\"breadcrumb\":{\"@id\":\"http:\/\/www.42gears.com\/de\/secure-email\/#breadcrumb\"},\"inLanguage\":\"de-DE\",\"potentialAction\":[{\"@type\":\"ReadAction\",\"target\":[\"http:\/\/www.42gears.com\/de\/secure-email\/\"]}]},{\"@type\":\"ImageObject\",\"inLanguage\":\"de-DE\",\"@id\":\"http:\/\/www.42gears.com\/de\/secure-email\/#primaryimage\",\"url\":\"http:\/\/live-42gears-site.pantheonsite.io\/wp-content\/uploads\/2017\/07\/email-secure-300x259.png\",\"contentUrl\":\"http:\/\/live-42gears-site.pantheonsite.io\/wp-content\/uploads\/2017\/07\/email-secure-300x259.png\"},{\"@type\":\"BreadcrumbList\",\"@id\":\"http:\/\/www.42gears.com\/de\/secure-email\/#breadcrumb\",\"itemListElement\":[{\"@type\":\"ListItem\",\"position\":1,\"name\":\"Home\",\"item\":\"https:\/\/www.42gears.com\/de\/\"},{\"@type\":\"ListItem\",\"position\":2,\"name\":\"Secure Email\"}]},{\"@type\":\"WebSite\",\"@id\":\"https:\/\/www.42gears.com\/#website\",\"url\":\"https:\/\/www.42gears.com\/\",\"name\":\"42Gears Mobility Systems\",\"description\":\"Mobile Device Management (MDM), Mobile Security &amp; Mobile Device Lockdown\",\"publisher\":{\"@id\":\"https:\/\/www.42gears.com\/#organization\"},\"potentialAction\":[{\"@type\":\"SearchAction\",\"target\":{\"@type\":\"EntryPoint\",\"urlTemplate\":\"https:\/\/www.42gears.com\/?s={search_term_string}\"},\"query-input\":{\"@type\":\"PropertyValueSpecification\",\"valueRequired\":true,\"valueName\":\"search_term_string\"}}],\"inLanguage\":\"de-DE\"},{\"@type\":\"Organization\",\"@id\":\"https:\/\/www.42gears.com\/#organization\",\"name\":\"MDM - 42Gears\",\"url\":\"https:\/\/www.42gears.com\/\",\"logo\":{\"@type\":\"ImageObject\",\"inLanguage\":\"de-DE\",\"@id\":\"https:\/\/www.42gears.com\/#\/schema\/logo\/image\/\",\"url\":\"https:\/\/www.42gears.com\/wp-content\/uploads\/2018\/12\/Featured-Image-42Gears-logo.png\",\"contentUrl\":\"https:\/\/www.42gears.com\/wp-content\/uploads\/2018\/12\/Featured-Image-42Gears-logo.png\",\"width\":499,\"height\":330,\"caption\":\"MDM - 42Gears\"},\"image\":{\"@id\":\"https:\/\/www.42gears.com\/#\/schema\/logo\/image\/\"},\"sameAs\":[\"https:\/\/www.facebook.com\/42gears\",\"https:\/\/x.com\/42Gears\"]}]}<\/script>\n<!-- \/ Yoast SEO Premium plugin. -->","yoast_head_json":{"title":"Secure Email - 42Gears Mobility Systems","robots":{"index":"index","follow":"follow","max-snippet":"max-snippet:-1","max-image-preview":"max-image-preview:large","max-video-preview":"max-video-preview:-1"},"canonical":"http:\/\/www.42gears.com\/de\/secure-email\/","og_locale":"de_DE","og_type":"article","og_title":"Secure Email","og_description":"E-Mail sichern E-Mail-Zugriff auf iOS und Android sichern Eine Demo planen Das Erh\u00f6hen der Produktivit\u00e4t des Mitarbeiters ist ein Kernvorteil der Annahme von BYOD in der Firma. Den Mitarbeitern zu erlauben, ihr pers\u00f6nliches iPhone oder Android-Telefon zu verwenden, um auf E-Mails des Unternehmens zuzugreifen reduziert auch die Kosten f\u00fcr die Anschaffung von Ger\u00e4ten f\u00fcr sie.&hellip;","og_url":"http:\/\/www.42gears.com\/de\/secure-email\/","og_site_name":"42Gears Mobility Systems","article_publisher":"https:\/\/www.facebook.com\/42gears","article_modified_time":"2017-11-02T07:25:47+00:00","og_image":[{"url":"http:\/\/live-42gears-site.pantheonsite.io\/wp-content\/uploads\/2017\/07\/email-secure-300x259.png","type":"","width":"","height":""}],"twitter_card":"summary_large_image","twitter_site":"@42Gears","twitter_misc":{"Est. reading time":"2 minutes"},"schema":{"@context":"https:\/\/schema.org","@graph":[{"@type":"WebPage","@id":"http:\/\/www.42gears.com\/de\/secure-email\/","url":"http:\/\/www.42gears.com\/de\/secure-email\/","name":"Secure Email - 42Gears Mobility Systems","isPartOf":{"@id":"https:\/\/www.42gears.com\/#website"},"primaryImageOfPage":{"@id":"http:\/\/www.42gears.com\/de\/secure-email\/#primaryimage"},"image":{"@id":"http:\/\/www.42gears.com\/de\/secure-email\/#primaryimage"},"thumbnailUrl":"http:\/\/live-42gears-site.pantheonsite.io\/wp-content\/uploads\/2017\/07\/email-secure-300x259.png","datePublished":"2017-10-26T10:02:52+00:00","dateModified":"2017-11-02T07:25:47+00:00","breadcrumb":{"@id":"http:\/\/www.42gears.com\/de\/secure-email\/#breadcrumb"},"inLanguage":"de-DE","potentialAction":[{"@type":"ReadAction","target":["http:\/\/www.42gears.com\/de\/secure-email\/"]}]},{"@type":"ImageObject","inLanguage":"de-DE","@id":"http:\/\/www.42gears.com\/de\/secure-email\/#primaryimage","url":"http:\/\/live-42gears-site.pantheonsite.io\/wp-content\/uploads\/2017\/07\/email-secure-300x259.png","contentUrl":"http:\/\/live-42gears-site.pantheonsite.io\/wp-content\/uploads\/2017\/07\/email-secure-300x259.png"},{"@type":"BreadcrumbList","@id":"http:\/\/www.42gears.com\/de\/secure-email\/#breadcrumb","itemListElement":[{"@type":"ListItem","position":1,"name":"Home","item":"https:\/\/www.42gears.com\/de\/"},{"@type":"ListItem","position":2,"name":"Secure Email"}]},{"@type":"WebSite","@id":"https:\/\/www.42gears.com\/#website","url":"https:\/\/www.42gears.com\/","name":"42Gears Mobility Systems","description":"Mobile Device Management (MDM), Mobile Security &amp; Mobile Device Lockdown","publisher":{"@id":"https:\/\/www.42gears.com\/#organization"},"potentialAction":[{"@type":"SearchAction","target":{"@type":"EntryPoint","urlTemplate":"https:\/\/www.42gears.com\/?s={search_term_string}"},"query-input":{"@type":"PropertyValueSpecification","valueRequired":true,"valueName":"search_term_string"}}],"inLanguage":"de-DE"},{"@type":"Organization","@id":"https:\/\/www.42gears.com\/#organization","name":"MDM - 42Gears","url":"https:\/\/www.42gears.com\/","logo":{"@type":"ImageObject","inLanguage":"de-DE","@id":"https:\/\/www.42gears.com\/#\/schema\/logo\/image\/","url":"https:\/\/www.42gears.com\/wp-content\/uploads\/2018\/12\/Featured-Image-42Gears-logo.png","contentUrl":"https:\/\/www.42gears.com\/wp-content\/uploads\/2018\/12\/Featured-Image-42Gears-logo.png","width":499,"height":330,"caption":"MDM - 42Gears"},"image":{"@id":"https:\/\/www.42gears.com\/#\/schema\/logo\/image\/"},"sameAs":["https:\/\/www.facebook.com\/42gears","https:\/\/x.com\/42Gears"]}]}},"_links":{"self":[{"href":"https:\/\/www.42gears.com\/de\/wp-json\/wp\/v2\/pages\/21006","targetHints":{"allow":["GET"]}}],"collection":[{"href":"https:\/\/www.42gears.com\/de\/wp-json\/wp\/v2\/pages"}],"about":[{"href":"https:\/\/www.42gears.com\/de\/wp-json\/wp\/v2\/types\/page"}],"author":[{"embeddable":true,"href":"https:\/\/www.42gears.com\/de\/wp-json\/wp\/v2\/users\/7"}],"replies":[{"embeddable":true,"href":"https:\/\/www.42gears.com\/de\/wp-json\/wp\/v2\/comments?post=21006"}],"version-history":[{"count":2,"href":"https:\/\/www.42gears.com\/de\/wp-json\/wp\/v2\/pages\/21006\/revisions"}],"predecessor-version":[{"id":21008,"href":"https:\/\/www.42gears.com\/de\/wp-json\/wp\/v2\/pages\/21006\/revisions\/21008"}],"wp:attachment":[{"href":"https:\/\/www.42gears.com\/de\/wp-json\/wp\/v2\/media?parent=21006"}],"wp:term":[{"taxonomy":"category","embeddable":true,"href":"https:\/\/www.42gears.com\/de\/wp-json\/wp\/v2\/categories?post=21006"},{"taxonomy":"post_tag","embeddable":true,"href":"https:\/\/www.42gears.com\/de\/wp-json\/wp\/v2\/tags?post=21006"}],"curies":[{"name":"wp","href":"https:\/\/api.w.org\/{rel}","templated":true}]}}