{"id":20987,"date":"2017-07-05T07:15:04","date_gmt":"2017-07-05T07:15:04","guid":{"rendered":"http:\/\/live-42gears-site.pantheonsite.io\/?page_id=20987\/"},"modified":"2019-02-19T10:46:50","modified_gmt":"2019-02-19T10:46:50","slug":"byod","status":"publish","type":"page","link":"https:\/\/www.42gears.com\/de\/byod\/","title":{"rendered":"Eigenes Ger\u00e4t verwenden (BYOD)"},"content":{"rendered":"<h2>Eigenes Ger\u00e4t verwenden (BYOD)<\/h2>\n<p>UNTERNEHMEN DABEI HELFEN, DIE BYOD-STRATEGIEN ANZUNEHMEN<br \/>\n\t<a style=\"padding:16px 65px;\" href=\"https:\/\/www.42gears.com\/contact-sales-team\/?pname=byod-demo\" target=\"_blank\" style=\"padding:16px 43px;\">Eine Demo planen<\/a><br \/>\n\t\t\t\t<img decoding=\"async\" src=\"http:\/\/live-42gears-site.pantheonsite.io\/wp-content\/uploads\/2018\/08\/BYOD-banner-img.png\" alt=\"BYOD-banner img\" itemprop=\"image\"  \/><\/p>\n<h3 style=\"color: #fff;\">Overview<\/h3>\n<p style=\"text-align: justify;\"><strong>Das \u201eeigene Ger\u00e4t verwenden\u201c (BYOD)<\/strong>\u00a0ist eine Strategie, die es Mitarbeitern des Unternehmens und anderen Nutzern erlaubt, pers\u00f6nliche Ger\u00e4te f\u00fcr den Zugriff auf Unternehmensdaten zu nutzen und Gesch\u00e4ftsoperationen auszuf\u00fchren. Typischerweise wird es auf Smartphones und Tablets angewendet, aber es kann auch auf PCs und Laptops erweitert werden.<\/p>\n<p style=\"text-align: justify;\">Unternehmen nehmen BYOD-Programme an, um die Produktivit\u00e4t zu erh\u00f6hen, indem Mitarbeitern die Flexibilit\u00e4t erteilt wird, die Gesch\u00e4ftsaufgaben von ihren eigenen pers\u00f6nlichen Ger\u00e4ten aus abzuschlie\u00dfen. Die Strategie erlaubt Mitarbeitern einen bequemen Zugriff auf alle genehmigten Anwendungen des Unternehmens auf ihren eigenen mobilen Ger\u00e4ten. Mit SureMDM k\u00f6nnen IT-Admins den Zugriff f\u00fcr Endnutzer auf \u201egenehmigte\u201c Apps authentifizieren.<\/p>\n<p style=\"text-align: justify;\">42Gears bietet einen einfachen Weg f\u00fcr Unternehmen, die Unternehmensdaten auf BYO-Ger\u00e4ten zu sichern, und IT-Teams die notwendigen Tools zur Verf\u00fcgung zu stellen, um die Datenschutzkontrollen zu gew\u00e4hrleisten. Sobald ein Ger\u00e4t f\u00fcr das BYOD-Programm eingetragen ist, wird ein Arbeitsordner auf dem Ger\u00e4t erstellt, um einen nahtlosen Arbeitsfluss, ohne St\u00f6rungen der pers\u00f6nlichen Inhalte des Mitarbeiters zu verursachen, zu erlauben.<\/p>\n<p>\t\t\t\t<img decoding=\"async\" src=\"http:\/\/live-42gears-site.pantheonsite.io\/wp-content\/uploads\/2018\/08\/1-165x300.png\" alt=\"1\" itemprop=\"image\"  \/><br \/>\n\tEmployees can get easy access to company\u00a0<strong>email, contacts, content repositories, apps, calendar<\/strong>\u00a0and\u00a0<strong>intranet<\/strong>\u00a0sites, all within the encrypted work container on the device.<br \/>\n\t\t\t\t<img decoding=\"async\" src=\"http:\/\/live-42gears-site.pantheonsite.io\/wp-content\/uploads\/2018\/08\/2-165x300.png\" alt=\"2\" itemprop=\"image\"  \/><\/p>\n<p style=\"text-align: justify;\"><a href=\"https:\/\/www.42gears.com\/products\/suremdm\/\">SureMDM<\/a>\u00a0 kann auch aus der Ferne die Unternehmensdaten gem\u00e4\u00df den Unternehmensspezifischen Datenschutzrichtlinien l\u00f6schen, ohne den pers\u00f6nlichen Inhalt auf dem Mobilger\u00e4t des Mitarbeiters zu ber\u00fchren.\u00a0Senden Sie Benachrichtigungen an Nutzer und den IT-Admin, wenn sich ein Ger\u00e4t au\u00dferhalb der Compliance des Unternehmens befindet.<\/p>\n<p>\t\t\t\t<img decoding=\"async\" src=\"http:\/\/live-42gears-site.pantheonsite.io\/wp-content\/uploads\/2018\/08\/3-165x300.png\" alt=\"3\" itemprop=\"image\"  \/><br \/>\n\tRelevante und kontextbezogene Mitteilungen k\u00f6nnen mittels dem benutzerdefinierten \u00a0<strong>Mitteilungs-Framework der Konsoledirekt<\/strong>zum eigenen Ger\u00e4t des Mitarbeiters geschoben werden.\u00a0<strong>Warnungen\u00a0<\/strong>die Nutzerrollen-basierte Apps und -Erinnerungen daf\u00fcr vorschlagen, vorhandene Apps zu aktualisieren, k\u00f6nnen an BYO-Ger\u00e4te gesendet werden.<\/p>\n<h3 style=\"color: #fff;\">Case Studies<\/h3>\n<p>&nbsp;<\/p>\n<p><strong>Leading Hydraulic Drive System Manufacturer Adopts BYOD with 42Gears.<\/strong><\/p>\n<p><a style=\"margin-top: 30px;\" href=\"http:\/\/live-42gears-site.pantheonsite.io\/blog\/leading-hydraulic-drive-system-manufacturer-adopts-byod-with-42gears\/\">Read More<\/a><\/p>\n<h3 style=\"color: #fff;\">Case Studies<\/h3>\n<p>&nbsp;<\/p>\n<p><strong>Leading Hydraulic Drive System Manufacturer Adopts <\/strong><br \/>\n<strong>BYOD with 42Gears.<\/strong><\/p>\n<p><a style=\"margin-top: 30px;\" href=\"http:\/\/live-42gears-site.pantheonsite.io\/blog\/leading-hydraulic-drive-system-manufacturer-adopts-byod-with-42gears\/\">Read More<\/a><\/p>\n<p>\t\t\t\t<a href=\"https:\/\/www.42gears.com\/case-studies\/major-telecommunications-company-enhances-its-retail-experience-with-42gears\/\" target=\"_self\" itemprop=\"url\"><br \/>\n\t\t\t\t<img decoding=\"async\" src=\"http:\/\/live-42gears-site.pantheonsite.io\/wp-content\/uploads\/2018\/08\/Leading-Hydraulic-Drive-System-Manufacturer-Adopts-BYOD-with-42Gears-Case-Study.jpg\" alt=\"Leading Hydraulic Drive System Manufacturer Adopts BYOD with 42Gears Case Study\" itemprop=\"image\"  \/><br \/>\n\t\t\t\t<\/a><br \/>\n    <a style=\"padding:16px 65px;\" href=\"https:\/\/www.42gears.com\/contact-sales-team\/?pname=byod-demo\" target=\"_blank\">Eine Demo planen<\/a><br \/>\n<a style=\"padding:16px 65px;\" href=\"https:\/\/www.youtube.com\/watch?v=bjAW0iEfBdo&#038;t=173s\" target=\"_blank\">Das Webinar ansehen<\/a><\/p>\n","protected":false},"excerpt":{"rendered":"<p>Eigenes Ger\u00e4t verwenden (BYOD) UNTERNEHMEN DABEI HELFEN, DIE BYOD-STRATEGIEN ANZUNEHMEN Eine Demo planen Overview Das \u201eeigene Ger\u00e4t verwenden\u201c (BYOD)\u00a0ist eine Strategie, die es Mitarbeitern des Unternehmens und anderen Nutzern erlaubt, pers\u00f6nliche Ger\u00e4te f\u00fcr den Zugriff auf Unternehmensdaten zu nutzen und Gesch\u00e4ftsoperationen auszuf\u00fchren. Typischerweise wird es auf Smartphones und Tablets angewendet, aber es kann auch auf&hellip;<\/p>\n","protected":false},"author":7,"featured_media":0,"parent":0,"menu_order":0,"comment_status":"closed","ping_status":"closed","template":"","meta":{"_acf_changed":false,"footnotes":""},"categories":[],"tags":[],"class_list":["post-20987","page","type-page","status-publish","hentry"],"acf":[],"yoast_head":"<!-- This site is optimized with the Yoast SEO Premium plugin v24.6 (Yoast SEO v24.6) - https:\/\/yoast.com\/wordpress\/plugins\/seo\/ -->\n<title>BYOD (Eigenes Ger\u00e4t verwenden) | Solution | 42Gears<\/title>\n<meta name=\"description\" content=\"BYOD (Bring Your Own Device) is a strategy that allows employees to use personal devices for accessing corporate data and performing business operations\" \/>\n<meta name=\"robots\" content=\"index, follow, max-snippet:-1, max-image-preview:large, max-video-preview:-1\" \/>\n<link rel=\"canonical\" href=\"http:\/\/www.42gears.com\/de\/byod\/\" \/>\n<meta property=\"og:locale\" content=\"de_DE\" \/>\n<meta property=\"og:type\" content=\"article\" \/>\n<meta property=\"og:title\" content=\"Eigenes Ger\u00e4t verwenden (BYOD)\" \/>\n<meta property=\"og:description\" content=\"BYOD (Bring Your Own Device) is a strategy that allows employees to use personal devices for accessing corporate data and performing business operations\" \/>\n<meta property=\"og:url\" content=\"http:\/\/www.42gears.com\/de\/byod\/\" \/>\n<meta property=\"og:site_name\" content=\"42Gears Mobility Systems\" \/>\n<meta property=\"article:publisher\" content=\"https:\/\/www.facebook.com\/42gears\" \/>\n<meta property=\"article:modified_time\" content=\"2019-02-19T10:46:50+00:00\" \/>\n<meta property=\"og:image\" content=\"http:\/\/live-42gears-site.pantheonsite.io\/wp-content\/uploads\/2018\/08\/BYOD-banner-img.png\" \/>\n<meta name=\"twitter:card\" content=\"summary_large_image\" \/>\n<meta name=\"twitter:site\" content=\"@42Gears\" \/>\n<meta name=\"twitter:label1\" content=\"Est. reading time\" \/>\n\t<meta name=\"twitter:data1\" content=\"2 minutes\" \/>\n<script type=\"application\/ld+json\" class=\"yoast-schema-graph\">{\"@context\":\"https:\/\/schema.org\",\"@graph\":[{\"@type\":\"WebPage\",\"@id\":\"http:\/\/www.42gears.com\/de\/byod\/\",\"url\":\"http:\/\/www.42gears.com\/de\/byod\/\",\"name\":\"BYOD (Eigenes Ger\u00e4t verwenden) | Solution | 42Gears\",\"isPartOf\":{\"@id\":\"https:\/\/www.42gears.com\/#website\"},\"primaryImageOfPage\":{\"@id\":\"http:\/\/www.42gears.com\/de\/byod\/#primaryimage\"},\"image\":{\"@id\":\"http:\/\/www.42gears.com\/de\/byod\/#primaryimage\"},\"thumbnailUrl\":\"http:\/\/live-42gears-site.pantheonsite.io\/wp-content\/uploads\/2018\/08\/BYOD-banner-img.png\",\"datePublished\":\"2017-07-05T07:15:04+00:00\",\"dateModified\":\"2019-02-19T10:46:50+00:00\",\"description\":\"BYOD (Bring Your Own Device) is a strategy that allows employees to use personal devices for accessing corporate data and performing business operations\",\"breadcrumb\":{\"@id\":\"http:\/\/www.42gears.com\/de\/byod\/#breadcrumb\"},\"inLanguage\":\"de-DE\",\"potentialAction\":[{\"@type\":\"ReadAction\",\"target\":[\"http:\/\/www.42gears.com\/de\/byod\/\"]}]},{\"@type\":\"ImageObject\",\"inLanguage\":\"de-DE\",\"@id\":\"http:\/\/www.42gears.com\/de\/byod\/#primaryimage\",\"url\":\"http:\/\/live-42gears-site.pantheonsite.io\/wp-content\/uploads\/2018\/08\/BYOD-banner-img.png\",\"contentUrl\":\"http:\/\/live-42gears-site.pantheonsite.io\/wp-content\/uploads\/2018\/08\/BYOD-banner-img.png\"},{\"@type\":\"BreadcrumbList\",\"@id\":\"http:\/\/www.42gears.com\/de\/byod\/#breadcrumb\",\"itemListElement\":[{\"@type\":\"ListItem\",\"position\":1,\"name\":\"Home\",\"item\":\"https:\/\/www.42gears.com\/de\/\"},{\"@type\":\"ListItem\",\"position\":2,\"name\":\"Eigenes Ger\u00e4t verwenden (BYOD)\"}]},{\"@type\":\"WebSite\",\"@id\":\"https:\/\/www.42gears.com\/#website\",\"url\":\"https:\/\/www.42gears.com\/\",\"name\":\"42Gears Mobility Systems\",\"description\":\"Mobile Device Management (MDM), Mobile Security &amp; Mobile Device Lockdown\",\"publisher\":{\"@id\":\"https:\/\/www.42gears.com\/#organization\"},\"potentialAction\":[{\"@type\":\"SearchAction\",\"target\":{\"@type\":\"EntryPoint\",\"urlTemplate\":\"https:\/\/www.42gears.com\/?s={search_term_string}\"},\"query-input\":{\"@type\":\"PropertyValueSpecification\",\"valueRequired\":true,\"valueName\":\"search_term_string\"}}],\"inLanguage\":\"de-DE\"},{\"@type\":\"Organization\",\"@id\":\"https:\/\/www.42gears.com\/#organization\",\"name\":\"MDM - 42Gears\",\"url\":\"https:\/\/www.42gears.com\/\",\"logo\":{\"@type\":\"ImageObject\",\"inLanguage\":\"de-DE\",\"@id\":\"https:\/\/www.42gears.com\/#\/schema\/logo\/image\/\",\"url\":\"https:\/\/www.42gears.com\/wp-content\/uploads\/2018\/12\/Featured-Image-42Gears-logo.png\",\"contentUrl\":\"https:\/\/www.42gears.com\/wp-content\/uploads\/2018\/12\/Featured-Image-42Gears-logo.png\",\"width\":499,\"height\":330,\"caption\":\"MDM - 42Gears\"},\"image\":{\"@id\":\"https:\/\/www.42gears.com\/#\/schema\/logo\/image\/\"},\"sameAs\":[\"https:\/\/www.facebook.com\/42gears\",\"https:\/\/x.com\/42Gears\"]}]}<\/script>\n<!-- \/ Yoast SEO Premium plugin. -->","yoast_head_json":{"title":"BYOD (Eigenes Ger\u00e4t verwenden) | Solution | 42Gears","description":"BYOD (Bring Your Own Device) is a strategy that allows employees to use personal devices for accessing corporate data and performing business operations","robots":{"index":"index","follow":"follow","max-snippet":"max-snippet:-1","max-image-preview":"max-image-preview:large","max-video-preview":"max-video-preview:-1"},"canonical":"http:\/\/www.42gears.com\/de\/byod\/","og_locale":"de_DE","og_type":"article","og_title":"Eigenes Ger\u00e4t verwenden (BYOD)","og_description":"BYOD (Bring Your Own Device) is a strategy that allows employees to use personal devices for accessing corporate data and performing business operations","og_url":"http:\/\/www.42gears.com\/de\/byod\/","og_site_name":"42Gears Mobility Systems","article_publisher":"https:\/\/www.facebook.com\/42gears","article_modified_time":"2019-02-19T10:46:50+00:00","og_image":[{"url":"http:\/\/live-42gears-site.pantheonsite.io\/wp-content\/uploads\/2018\/08\/BYOD-banner-img.png","type":"","width":"","height":""}],"twitter_card":"summary_large_image","twitter_site":"@42Gears","twitter_misc":{"Est. reading time":"2 minutes"},"schema":{"@context":"https:\/\/schema.org","@graph":[{"@type":"WebPage","@id":"http:\/\/www.42gears.com\/de\/byod\/","url":"http:\/\/www.42gears.com\/de\/byod\/","name":"BYOD (Eigenes Ger\u00e4t verwenden) | Solution | 42Gears","isPartOf":{"@id":"https:\/\/www.42gears.com\/#website"},"primaryImageOfPage":{"@id":"http:\/\/www.42gears.com\/de\/byod\/#primaryimage"},"image":{"@id":"http:\/\/www.42gears.com\/de\/byod\/#primaryimage"},"thumbnailUrl":"http:\/\/live-42gears-site.pantheonsite.io\/wp-content\/uploads\/2018\/08\/BYOD-banner-img.png","datePublished":"2017-07-05T07:15:04+00:00","dateModified":"2019-02-19T10:46:50+00:00","description":"BYOD (Bring Your Own Device) is a strategy that allows employees to use personal devices for accessing corporate data and performing business operations","breadcrumb":{"@id":"http:\/\/www.42gears.com\/de\/byod\/#breadcrumb"},"inLanguage":"de-DE","potentialAction":[{"@type":"ReadAction","target":["http:\/\/www.42gears.com\/de\/byod\/"]}]},{"@type":"ImageObject","inLanguage":"de-DE","@id":"http:\/\/www.42gears.com\/de\/byod\/#primaryimage","url":"http:\/\/live-42gears-site.pantheonsite.io\/wp-content\/uploads\/2018\/08\/BYOD-banner-img.png","contentUrl":"http:\/\/live-42gears-site.pantheonsite.io\/wp-content\/uploads\/2018\/08\/BYOD-banner-img.png"},{"@type":"BreadcrumbList","@id":"http:\/\/www.42gears.com\/de\/byod\/#breadcrumb","itemListElement":[{"@type":"ListItem","position":1,"name":"Home","item":"https:\/\/www.42gears.com\/de\/"},{"@type":"ListItem","position":2,"name":"Eigenes Ger\u00e4t verwenden (BYOD)"}]},{"@type":"WebSite","@id":"https:\/\/www.42gears.com\/#website","url":"https:\/\/www.42gears.com\/","name":"42Gears Mobility Systems","description":"Mobile Device Management (MDM), Mobile Security &amp; Mobile Device Lockdown","publisher":{"@id":"https:\/\/www.42gears.com\/#organization"},"potentialAction":[{"@type":"SearchAction","target":{"@type":"EntryPoint","urlTemplate":"https:\/\/www.42gears.com\/?s={search_term_string}"},"query-input":{"@type":"PropertyValueSpecification","valueRequired":true,"valueName":"search_term_string"}}],"inLanguage":"de-DE"},{"@type":"Organization","@id":"https:\/\/www.42gears.com\/#organization","name":"MDM - 42Gears","url":"https:\/\/www.42gears.com\/","logo":{"@type":"ImageObject","inLanguage":"de-DE","@id":"https:\/\/www.42gears.com\/#\/schema\/logo\/image\/","url":"https:\/\/www.42gears.com\/wp-content\/uploads\/2018\/12\/Featured-Image-42Gears-logo.png","contentUrl":"https:\/\/www.42gears.com\/wp-content\/uploads\/2018\/12\/Featured-Image-42Gears-logo.png","width":499,"height":330,"caption":"MDM - 42Gears"},"image":{"@id":"https:\/\/www.42gears.com\/#\/schema\/logo\/image\/"},"sameAs":["https:\/\/www.facebook.com\/42gears","https:\/\/x.com\/42Gears"]}]}},"_links":{"self":[{"href":"https:\/\/www.42gears.com\/de\/wp-json\/wp\/v2\/pages\/20987","targetHints":{"allow":["GET"]}}],"collection":[{"href":"https:\/\/www.42gears.com\/de\/wp-json\/wp\/v2\/pages"}],"about":[{"href":"https:\/\/www.42gears.com\/de\/wp-json\/wp\/v2\/types\/page"}],"author":[{"embeddable":true,"href":"https:\/\/www.42gears.com\/de\/wp-json\/wp\/v2\/users\/7"}],"replies":[{"embeddable":true,"href":"https:\/\/www.42gears.com\/de\/wp-json\/wp\/v2\/comments?post=20987"}],"version-history":[{"count":8,"href":"https:\/\/www.42gears.com\/de\/wp-json\/wp\/v2\/pages\/20987\/revisions"}],"predecessor-version":[{"id":34506,"href":"https:\/\/www.42gears.com\/de\/wp-json\/wp\/v2\/pages\/20987\/revisions\/34506"}],"wp:attachment":[{"href":"https:\/\/www.42gears.com\/de\/wp-json\/wp\/v2\/media?parent=20987"}],"wp:term":[{"taxonomy":"category","embeddable":true,"href":"https:\/\/www.42gears.com\/de\/wp-json\/wp\/v2\/categories?post=20987"},{"taxonomy":"post_tag","embeddable":true,"href":"https:\/\/www.42gears.com\/de\/wp-json\/wp\/v2\/tags?post=20987"}],"curies":[{"name":"wp","href":"https:\/\/api.w.org\/{rel}","templated":true}]}}