{"id":20972,"date":"2017-10-24T09:57:48","date_gmt":"2017-10-24T09:57:48","guid":{"rendered":"http:\/\/live-42gears-site.pantheonsite.io\/?page_id=20972\/"},"modified":"2021-04-19T04:55:43","modified_gmt":"2021-04-19T04:55:43","slug":"rugged-device-management","status":"publish","type":"page","link":"https:\/\/www.42gears.com\/de\/rugged-device-management\/","title":{"rendered":"Robuste Ger\u00e4teverwaltung"},"content":{"rendered":"\n\n\t<h1>Robuste Ger\u00e4teverwaltung<\/h1>\nUm Unternehmen zu helfen, in harten Umgebungen mobil zu bleiben\n\t<a href=\"https:\/\/www.42gears.com\/contact-sales-team\/?pname=10\" target=\"_blank\" rel=\"noopener\">Eine Demo planen<\/a>\n\t\t\t\t<img decoding=\"async\" src=\"https:\/\/www.42gears.com\/wp-content\/uploads\/2020\/03\/Banner-Rugged-Device-Management-Rugged-Devices.png\" alt=\"Banner - Rugged-Device-Management-Rugged-Devices\" itemprop=\"image\" height=\"422\" width=\"439\" title=\"Banner - Rugged-Device-Management-Rugged-Devices\" onerror=\"this.style.display='none'\"  \/>\n\t<p>Viele Branchen inklusive Logistik, Versand, Bauwirtschaft und Gesundheitswesen erfordern unter anderem, dass Mitarbeiter in extremen Umgebungen mit robusten portablen Ger\u00e4ten arbeiten. Die Ger\u00e4te inklusive Tablets, Smartphones, Laptops und andere Ger\u00e4te, die in diesem Kontext verwendet werden, wurden so konzipiert, dass sie den rauen Umgebungen widerstehen, wie K\u00e4lte, starke Vibrationen und nasse oder staubige Konditionen.<\/p>\n<p>42Gears bietet Mobilit\u00e4tsverwaltungsl\u00f6sungen, um robuste Handhelds in verschiedenen Branchen zu sichern, und zu verwalten. Ger\u00e4ten, auf denen Android, Windows Mobile 5.0\/6.1\/6.5 und Windows CE 5.0 aufw\u00e4rts l\u00e4uft, werden vollst\u00e4ndig unterst\u00fctzt.<\/p>\n\t\t\t\t<img decoding=\"async\" src=\"https:\/\/www.42gears.com\/wp-content\/uploads\/2020\/04\/zebra-validated-badge-color.png\" alt=\"zebra-validated-badge-color\" itemprop=\"image\" height=\"554\" width=\"696\" title=\"zebra-validated-badge-color\" onerror=\"this.style.display='none'\"  \/>\n\t<h2>Wichtige Funktionen<\/h2>\n\t\t\t\t<img decoding=\"async\" src=\"http:\/\/live-42gears-site.pantheonsite.io\/wp-content\/uploads\/2018\/07\/Enrollment-150x150.png\" alt=\"Enrollment\" itemprop=\"image\" title=\"Enrollment\" onerror=\"this.style.display='none'\"  \/>\n\tEintragung<br \/>\nTragen Sie Ger\u00e4te durch einen automatisierten Prozess mittels Barcode-Scanning und OTA-Aktivierung ein. Die Nutzer-Authentifizierung erfolgt mit Hilfe der Verzeichnis-Services-Konten, die erlauben, dass Ger\u00e4te automatisch mit vor-definierten Profilen und Einstellungen konfiguriert werden.\n\t\t\t\t<img decoding=\"async\" src=\"http:\/\/live-42gears-site.pantheonsite.io\/wp-content\/uploads\/2018\/07\/Security-150x150.png\" alt=\"Security\" itemprop=\"image\" title=\"Security\" onerror=\"this.style.display='none'\"  \/>\n\tSicherheit<br \/>\nRichten Sie Komplexit\u00e4tsstufen f\u00fcr Passw\u00f6rter ein und erstellen Sie eine Speicher-Verschl\u00fcsselung f\u00fcr Unternehmensdateien und Dokumente auf dem Ger\u00e4t. Richten Sie Beschr\u00e4nkungen f\u00fcr den Datei-Freigabe-Zugriff, Freigabe von Mitteilungen, Bluetooth und Kamera-Zugriff ein.\n\t\t\t\t<img decoding=\"async\" src=\"http:\/\/live-42gears-site.pantheonsite.io\/wp-content\/uploads\/2018\/07\/alerts-150x150.png\" alt=\"alerts\" itemprop=\"image\" title=\"alerts\" onerror=\"this.style.display='none'\"  \/>\n\tWarnungen<br \/>\nDie Benachrichtigungsrichtlinie kann so eingerichtet werden, dass Admins automatisch \u00fcber den Gesundheitszustand wie den Akkustand, OS-Versionen und Rooting-Versuche gewarnt werden. Es gibt auch Standort-basierte Geofencing- und Netzwerk-Fencing-Richtlinien, um Admins \u00fcber den Ger\u00e4tezustand innerhalb von bestimmten Bereichen oder Netzwerken zu warnen. Eine Telekommunikationsverwaltungsrichtlinie kann eingerichtet werden, um Datennutzung zu berichten und dazugeh\u00f6rige Aktionen auf dem Ger\u00e4t wie Warnungen oder Blockierungen zu definieren.\n\t\t\t\t<img decoding=\"async\" src=\"http:\/\/live-42gears-site.pantheonsite.io\/wp-content\/uploads\/2018\/07\/Profiles-150x150.png\" alt=\"\" itemprop=\"image\" onerror=\"this.style.display='none'\"  \/>\n\tProfile<br \/>\nKonfigurieren Sie Ger\u00e4teprofile f\u00fcr kategorisierte Installationen von Unternehmensanwendungen, Dateien und Profile (VPN, E-Mail, WiFi). Verwenden Sie Profile, um Sicherheitsrichtlinien wie Passcodes zu administrieren.\n\t\t\t\t<img decoding=\"async\" src=\"http:\/\/live-42gears-site.pantheonsite.io\/wp-content\/uploads\/2018\/07\/Device-provisioning-150x150.png\" alt=\"Device provisioning\" itemprop=\"image\" title=\"Device provisioning\" onerror=\"this.style.display='none'\"  \/>\n\tGer\u00e4tebereitstellung<br \/>\nErstellen Sie Aufgaben, um Apps oder Dateien hinauszuwerfen, Betriebssystem zu aktualisieren und Einstellungen f\u00fcr robuste Handger\u00e4te zu festzulegen.\n\t\t\t\t<img decoding=\"async\" src=\"http:\/\/live-42gears-site.pantheonsite.io\/wp-content\/uploads\/2018\/07\/Diagnostics-150x150.png\" alt=\"Diagnostics\" itemprop=\"image\" title=\"Diagnostics\" onerror=\"this.style.display='none'\"  \/>\n\tDiagnostik<br \/>\nKontrollieren Sie die Feldger\u00e4te und erhalten Sie Status-Aktualisierungen wie GPS, Anruf-Log, Netzwerk-Status und IT-definierte Attribute. Ein Admin kann Echtzeit-Aktualisierungen \u00fcber den Akkustand, Speicher und Datennutzung erhalten.\n\t\t\t\t<img decoding=\"async\" src=\"http:\/\/live-42gears-site.pantheonsite.io\/wp-content\/uploads\/2018\/07\/Remote-helpdesk-150x150.png\" alt=\"Remote helpdesk\" itemprop=\"image\" title=\"Remote helpdesk\" onerror=\"this.style.display='none'\"  \/>\n\tFernwartung<br \/>\nL\u00f6sen Sie Probleme auf Ger\u00e4ten, indem Sie den Ger\u00e4tebildschirm aus der Ferne steuern, Ger\u00e4te sperren oder l\u00f6schen, Screenshots ausnehmen, suchen und Dateien\/Ordner herunterladen.\n\t\t\t\t<img decoding=\"async\" src=\"http:\/\/live-42gears-site.pantheonsite.io\/wp-content\/uploads\/2018\/07\/Device-tracking-150x150.png\" alt=\"Device tracking\" itemprop=\"image\" title=\"Device tracking\" onerror=\"this.style.display='none'\"  \/>\n\tGer\u00e4te-Verfolgung<br \/>\nNutzen Sie die Admin-Konsole, um robuste Mobilger\u00e4te zu verfolgen und zu verwalten. Senden Sie Befehle oder Mitteilungen direkt auf die Ger\u00e4te und sehen Sie die Details des Ger\u00e4ts in Echtzeit wie Ger\u00e4temodell, Event-Log, GPS und Ger\u00e4tefehler\n\t<h3>Robuste OEM-Partner<\/h3>\n\t\t\t\t<img decoding=\"async\" src=\"https:\/\/www.42gears.com\/wp-content\/uploads\/2019\/12\/datalogic_logo.png\" alt=\"datalogic_logo\" itemprop=\"image\" height=\"106\" width=\"285\" title=\"datalogic_logo\" onerror=\"this.style.display='none'\"  \/>\n\t\t\t\t<img decoding=\"async\" src=\"https:\/\/www.42gears.com\/wp-content\/uploads\/2020\/03\/Honeywell.png\" alt=\"Honeywell\" itemprop=\"image\" height=\"106\" width=\"285\" title=\"Honeywell\" onerror=\"this.style.display='none'\"  \/>\n\t\t\t\t<img decoding=\"async\" src=\"http:\/\/live-42gears-site.pantheonsite.io\/wp-content\/uploads\/2018\/08\/zebra.png\" alt=\"zebra\" itemprop=\"image\" title=\"zebra\" onerror=\"this.style.display='none'\"  \/>\n\t\t\t\t<img decoding=\"async\" src=\"http:\/\/live-42gears-site.pantheonsite.io\/wp-content\/uploads\/2018\/08\/spectralink.png\" alt=\"spectralink\" itemprop=\"image\" title=\"spectralink\" onerror=\"this.style.display='none'\"  \/>\n\t\t\t\t<img decoding=\"async\" src=\"http:\/\/live-42gears-site.pantheonsite.io\/wp-content\/uploads\/2018\/08\/urovo.png\" alt=\"urovo\" itemprop=\"image\" title=\"urovo\" onerror=\"this.style.display='none'\"  \/>\n\t\t\t\t<img decoding=\"async\" src=\"https:\/\/www.42gears.com\/wp-content\/uploads\/2020\/03\/Unitech-Rugged-Devices.png\" alt=\"Unitech - Rugged Devices\" itemprop=\"image\" height=\"106\" width=\"285\" title=\"Unitech - Rugged Devices\" onerror=\"this.style.display='none'\"  \/>\n\t<center><a href=\"https:\/\/www.42gears.com\/contact-sales-team\/?pname=10\" target=\"_blank\" rel=\"noopener\">Eine Demo planen<\/a><\/center>\n\n","protected":false},"excerpt":{"rendered":"<p>Robuste Ger\u00e4teverwaltung Um Unternehmen zu helfen, in harten Umgebungen mobil zu bleiben Eine Demo planen Viele Branchen inklusive Logistik, Versand, Bauwirtschaft und Gesundheitswesen erfordern unter anderem, dass Mitarbeiter in extremen Umgebungen mit robusten portablen Ger\u00e4ten arbeiten. Die Ger\u00e4te inklusive Tablets, Smartphones, Laptops und andere Ger\u00e4te, die in diesem Kontext verwendet werden, wurden so konzipiert, dass&hellip;<\/p>\n","protected":false},"author":7,"featured_media":28576,"parent":0,"menu_order":0,"comment_status":"closed","ping_status":"closed","template":"","meta":{"_acf_changed":false,"footnotes":""},"categories":[],"tags":[],"class_list":["post-20972","page","type-page","status-publish","has-post-thumbnail","hentry"],"acf":[],"yoast_head":"<!-- This site is optimized with the Yoast SEO Premium plugin v24.6 (Yoast SEO v24.6) - https:\/\/yoast.com\/wordpress\/plugins\/seo\/ -->\n<title>Robuste Computing-L\u00f6sung | Robuste Ger\u00e4teverwaltung | 42Gears UEM<\/title>\n<meta name=\"description\" content=\"Robuste Ger\u00e4teverwaltung, mobile Computer und PDA Verwaltungsl\u00f6sungen sind innovative Programme, die Unternehmen dabei helfen, in harten Umgebungen mobil zu bleiben.\" \/>\n<meta name=\"robots\" content=\"index, follow, max-snippet:-1, max-image-preview:large, max-video-preview:-1\" \/>\n<link rel=\"canonical\" href=\"https:\/\/www.42gears.com\/de\/rugged-device-management\/\" \/>\n<meta property=\"og:locale\" content=\"de_DE\" \/>\n<meta property=\"og:type\" content=\"article\" \/>\n<meta property=\"og:title\" content=\"Robuste Ger\u00e4teverwaltung\" \/>\n<meta property=\"og:description\" content=\"Robuste Ger\u00e4teverwaltung, mobile Computer und PDA Verwaltungsl\u00f6sungen sind innovative Programme, die Unternehmen dabei helfen, in harten Umgebungen mobil zu bleiben.\" \/>\n<meta property=\"og:url\" content=\"https:\/\/www.42gears.com\/de\/rugged-device-management\/\" \/>\n<meta property=\"og:site_name\" content=\"42Gears Mobility Systems\" \/>\n<meta property=\"article:publisher\" content=\"https:\/\/www.facebook.com\/42gears\" \/>\n<meta property=\"article:modified_time\" content=\"2021-04-19T04:55:43+00:00\" \/>\n<meta property=\"og:image\" content=\"https:\/\/www.42gears.com\/wp-content\/uploads\/2018\/12\/Featured-Image-42Gears-logo.png\" \/>\n\t<meta property=\"og:image:width\" content=\"499\" \/>\n\t<meta property=\"og:image:height\" content=\"330\" \/>\n\t<meta property=\"og:image:type\" content=\"image\/png\" \/>\n<meta name=\"twitter:card\" content=\"summary_large_image\" \/>\n<meta name=\"twitter:site\" content=\"@42Gears\" \/>\n<meta name=\"twitter:label1\" content=\"Est. reading time\" \/>\n\t<meta name=\"twitter:data1\" content=\"2 minutes\" \/>\n<script type=\"application\/ld+json\" class=\"yoast-schema-graph\">{\"@context\":\"https:\/\/schema.org\",\"@graph\":[{\"@type\":\"WebPage\",\"@id\":\"https:\/\/www.42gears.com\/de\/rugged-device-management\/\",\"url\":\"https:\/\/www.42gears.com\/de\/rugged-device-management\/\",\"name\":\"Robuste Computing-L\u00f6sung | Robuste Ger\u00e4teverwaltung | 42Gears UEM\",\"isPartOf\":{\"@id\":\"https:\/\/www.42gears.com\/#website\"},\"primaryImageOfPage\":{\"@id\":\"https:\/\/www.42gears.com\/de\/rugged-device-management\/#primaryimage\"},\"image\":{\"@id\":\"https:\/\/www.42gears.com\/de\/rugged-device-management\/#primaryimage\"},\"thumbnailUrl\":\"https:\/\/www.42gears.com\/wp-content\/uploads\/2018\/12\/Featured-Image-42Gears-logo.png\",\"datePublished\":\"2017-10-24T09:57:48+00:00\",\"dateModified\":\"2021-04-19T04:55:43+00:00\",\"description\":\"Robuste Ger\u00e4teverwaltung, mobile Computer und PDA Verwaltungsl\u00f6sungen sind innovative Programme, die Unternehmen dabei helfen, in harten Umgebungen mobil zu bleiben.\",\"breadcrumb\":{\"@id\":\"https:\/\/www.42gears.com\/de\/rugged-device-management\/#breadcrumb\"},\"inLanguage\":\"de-DE\",\"potentialAction\":[{\"@type\":\"ReadAction\",\"target\":[\"https:\/\/www.42gears.com\/de\/rugged-device-management\/\"]}]},{\"@type\":\"ImageObject\",\"inLanguage\":\"de-DE\",\"@id\":\"https:\/\/www.42gears.com\/de\/rugged-device-management\/#primaryimage\",\"url\":\"https:\/\/www.42gears.com\/wp-content\/uploads\/2018\/12\/Featured-Image-42Gears-logo.png\",\"contentUrl\":\"https:\/\/www.42gears.com\/wp-content\/uploads\/2018\/12\/Featured-Image-42Gears-logo.png\",\"width\":499,\"height\":330,\"caption\":\"Featured-Image-42Gears-logo\"},{\"@type\":\"BreadcrumbList\",\"@id\":\"https:\/\/www.42gears.com\/de\/rugged-device-management\/#breadcrumb\",\"itemListElement\":[{\"@type\":\"ListItem\",\"position\":1,\"name\":\"Home\",\"item\":\"https:\/\/www.42gears.com\/de\/\"},{\"@type\":\"ListItem\",\"position\":2,\"name\":\"Robuste Ger\u00e4teverwaltung\"}]},{\"@type\":\"WebSite\",\"@id\":\"https:\/\/www.42gears.com\/#website\",\"url\":\"https:\/\/www.42gears.com\/\",\"name\":\"42Gears Mobility Systems\",\"description\":\"Mobile Device Management (MDM), Mobile Security &amp; Mobile Device Lockdown\",\"publisher\":{\"@id\":\"https:\/\/www.42gears.com\/#organization\"},\"potentialAction\":[{\"@type\":\"SearchAction\",\"target\":{\"@type\":\"EntryPoint\",\"urlTemplate\":\"https:\/\/www.42gears.com\/?s={search_term_string}\"},\"query-input\":{\"@type\":\"PropertyValueSpecification\",\"valueRequired\":true,\"valueName\":\"search_term_string\"}}],\"inLanguage\":\"de-DE\"},{\"@type\":\"Organization\",\"@id\":\"https:\/\/www.42gears.com\/#organization\",\"name\":\"MDM - 42Gears\",\"url\":\"https:\/\/www.42gears.com\/\",\"logo\":{\"@type\":\"ImageObject\",\"inLanguage\":\"de-DE\",\"@id\":\"https:\/\/www.42gears.com\/#\/schema\/logo\/image\/\",\"url\":\"https:\/\/www.42gears.com\/wp-content\/uploads\/2018\/12\/Featured-Image-42Gears-logo.png\",\"contentUrl\":\"https:\/\/www.42gears.com\/wp-content\/uploads\/2018\/12\/Featured-Image-42Gears-logo.png\",\"width\":499,\"height\":330,\"caption\":\"MDM - 42Gears\"},\"image\":{\"@id\":\"https:\/\/www.42gears.com\/#\/schema\/logo\/image\/\"},\"sameAs\":[\"https:\/\/www.facebook.com\/42gears\",\"https:\/\/x.com\/42Gears\"]}]}<\/script>\n<!-- \/ Yoast SEO Premium plugin. -->","yoast_head_json":{"title":"Robuste Computing-L\u00f6sung | Robuste Ger\u00e4teverwaltung | 42Gears UEM","description":"Robuste Ger\u00e4teverwaltung, mobile Computer und PDA Verwaltungsl\u00f6sungen sind innovative Programme, die Unternehmen dabei helfen, in harten Umgebungen mobil zu bleiben.","robots":{"index":"index","follow":"follow","max-snippet":"max-snippet:-1","max-image-preview":"max-image-preview:large","max-video-preview":"max-video-preview:-1"},"canonical":"https:\/\/www.42gears.com\/de\/rugged-device-management\/","og_locale":"de_DE","og_type":"article","og_title":"Robuste Ger\u00e4teverwaltung","og_description":"Robuste Ger\u00e4teverwaltung, mobile Computer und PDA Verwaltungsl\u00f6sungen sind innovative Programme, die Unternehmen dabei helfen, in harten Umgebungen mobil zu bleiben.","og_url":"https:\/\/www.42gears.com\/de\/rugged-device-management\/","og_site_name":"42Gears Mobility Systems","article_publisher":"https:\/\/www.facebook.com\/42gears","article_modified_time":"2021-04-19T04:55:43+00:00","og_image":[{"width":499,"height":330,"url":"https:\/\/www.42gears.com\/wp-content\/uploads\/2018\/12\/Featured-Image-42Gears-logo.png","type":"image\/png"}],"twitter_card":"summary_large_image","twitter_site":"@42Gears","twitter_misc":{"Est. reading time":"2 minutes"},"schema":{"@context":"https:\/\/schema.org","@graph":[{"@type":"WebPage","@id":"https:\/\/www.42gears.com\/de\/rugged-device-management\/","url":"https:\/\/www.42gears.com\/de\/rugged-device-management\/","name":"Robuste Computing-L\u00f6sung | Robuste Ger\u00e4teverwaltung | 42Gears UEM","isPartOf":{"@id":"https:\/\/www.42gears.com\/#website"},"primaryImageOfPage":{"@id":"https:\/\/www.42gears.com\/de\/rugged-device-management\/#primaryimage"},"image":{"@id":"https:\/\/www.42gears.com\/de\/rugged-device-management\/#primaryimage"},"thumbnailUrl":"https:\/\/www.42gears.com\/wp-content\/uploads\/2018\/12\/Featured-Image-42Gears-logo.png","datePublished":"2017-10-24T09:57:48+00:00","dateModified":"2021-04-19T04:55:43+00:00","description":"Robuste Ger\u00e4teverwaltung, mobile Computer und PDA Verwaltungsl\u00f6sungen sind innovative Programme, die Unternehmen dabei helfen, in harten Umgebungen mobil zu bleiben.","breadcrumb":{"@id":"https:\/\/www.42gears.com\/de\/rugged-device-management\/#breadcrumb"},"inLanguage":"de-DE","potentialAction":[{"@type":"ReadAction","target":["https:\/\/www.42gears.com\/de\/rugged-device-management\/"]}]},{"@type":"ImageObject","inLanguage":"de-DE","@id":"https:\/\/www.42gears.com\/de\/rugged-device-management\/#primaryimage","url":"https:\/\/www.42gears.com\/wp-content\/uploads\/2018\/12\/Featured-Image-42Gears-logo.png","contentUrl":"https:\/\/www.42gears.com\/wp-content\/uploads\/2018\/12\/Featured-Image-42Gears-logo.png","width":499,"height":330,"caption":"Featured-Image-42Gears-logo"},{"@type":"BreadcrumbList","@id":"https:\/\/www.42gears.com\/de\/rugged-device-management\/#breadcrumb","itemListElement":[{"@type":"ListItem","position":1,"name":"Home","item":"https:\/\/www.42gears.com\/de\/"},{"@type":"ListItem","position":2,"name":"Robuste Ger\u00e4teverwaltung"}]},{"@type":"WebSite","@id":"https:\/\/www.42gears.com\/#website","url":"https:\/\/www.42gears.com\/","name":"42Gears Mobility Systems","description":"Mobile Device Management (MDM), Mobile Security &amp; Mobile Device Lockdown","publisher":{"@id":"https:\/\/www.42gears.com\/#organization"},"potentialAction":[{"@type":"SearchAction","target":{"@type":"EntryPoint","urlTemplate":"https:\/\/www.42gears.com\/?s={search_term_string}"},"query-input":{"@type":"PropertyValueSpecification","valueRequired":true,"valueName":"search_term_string"}}],"inLanguage":"de-DE"},{"@type":"Organization","@id":"https:\/\/www.42gears.com\/#organization","name":"MDM - 42Gears","url":"https:\/\/www.42gears.com\/","logo":{"@type":"ImageObject","inLanguage":"de-DE","@id":"https:\/\/www.42gears.com\/#\/schema\/logo\/image\/","url":"https:\/\/www.42gears.com\/wp-content\/uploads\/2018\/12\/Featured-Image-42Gears-logo.png","contentUrl":"https:\/\/www.42gears.com\/wp-content\/uploads\/2018\/12\/Featured-Image-42Gears-logo.png","width":499,"height":330,"caption":"MDM - 42Gears"},"image":{"@id":"https:\/\/www.42gears.com\/#\/schema\/logo\/image\/"},"sameAs":["https:\/\/www.facebook.com\/42gears","https:\/\/x.com\/42Gears"]}]}},"_links":{"self":[{"href":"https:\/\/www.42gears.com\/de\/wp-json\/wp\/v2\/pages\/20972","targetHints":{"allow":["GET"]}}],"collection":[{"href":"https:\/\/www.42gears.com\/de\/wp-json\/wp\/v2\/pages"}],"about":[{"href":"https:\/\/www.42gears.com\/de\/wp-json\/wp\/v2\/types\/page"}],"author":[{"embeddable":true,"href":"https:\/\/www.42gears.com\/de\/wp-json\/wp\/v2\/users\/7"}],"replies":[{"embeddable":true,"href":"https:\/\/www.42gears.com\/de\/wp-json\/wp\/v2\/comments?post=20972"}],"version-history":[{"count":5,"href":"https:\/\/www.42gears.com\/de\/wp-json\/wp\/v2\/pages\/20972\/revisions"}],"predecessor-version":[{"id":64684,"href":"https:\/\/www.42gears.com\/de\/wp-json\/wp\/v2\/pages\/20972\/revisions\/64684"}],"wp:featuredmedia":[{"embeddable":true,"href":"https:\/\/www.42gears.com\/de\/wp-json\/wp\/v2\/media\/28576"}],"wp:attachment":[{"href":"https:\/\/www.42gears.com\/de\/wp-json\/wp\/v2\/media?parent=20972"}],"wp:term":[{"taxonomy":"category","embeddable":true,"href":"https:\/\/www.42gears.com\/de\/wp-json\/wp\/v2\/categories?post=20972"},{"taxonomy":"post_tag","embeddable":true,"href":"https:\/\/www.42gears.com\/de\/wp-json\/wp\/v2\/tags?post=20972"}],"curies":[{"name":"wp","href":"https:\/\/api.w.org\/{rel}","templated":true}]}}