{"id":18368,"date":"2017-04-11T06:09:57","date_gmt":"2017-04-11T06:09:57","guid":{"rendered":"http:\/\/live-42gears-site.pantheonsite.io\/?page_id=18368\/"},"modified":"2023-01-10T13:21:32","modified_gmt":"2023-01-10T13:21:32","slug":"surevideo","status":"publish","type":"page","link":"https:\/\/www.42gears.com\/de\/products\/surevideo\/","title":{"rendered":"SureVideo"},"content":{"rendered":"\n\n\t<h1>SureVideo Digital Signage L\u00f6sung<\/h1>\nWANDELT GER\u00c4TE IN DIGITAL SIGNAGE DISPLAYS UM\n\t<a href=\"https:\/\/www.42gears.com\/downloads-page\/\">Kostenlose Testversion<\/a>\n\t<h3>\u00dcbersicht<\/h3>\n\t<p>Digital Signage L\u00f6sungen sind n\u00fctzlich f\u00fcr das Bereitstellen von zielgerichteten Inhalt an eine Zielgruppe, um ihre Aufmerksamkeit zu erregen. SureVideo kann als Video-Looper verwendet werden, um Werbung, News, Produktinformationen oder alles das, was Ihr Gesch\u00e4ft m\u00f6chte, den Kunden bereitzustellen.<\/p>\n<p>Installieren Sie SureVideo auf einem Tablet oder einem TV-Stick und konfigurieren Sie eine Playlist, die Videos in einer Schleife wiedergibt. Sie k\u00f6nnen die Playlist ganz einfach auf mehreren Ger\u00e4ten einsetzen und sie zu jederzeit aktualisieren.<\/p>\n\t<h3>W\u00e4hlen Sie Ihre Plattform<\/h3>\n\t <center><a href=\"https:\/\/www.42gears.com\/products\/digital-signage\/android\/\"><img decoding=\"async\" src=\"https:\/\/www.42gears.com\/wp-content\/uploads\/2018\/04\/android.png\"\/><\/a><\/center>\n\t<p><a href=\"https:\/\/www.42gears.com\/products\/digital-signage\/android\/\">Android<\/a><\/p>\n\t <center> <a href=\"https:\/\/www.42gears.com\/products\/digital-signage\/ios-and-ipados\/\"><img decoding=\"async\" src=\"https:\/\/www.42gears.com\/wp-content\/uploads\/2018\/04\/ios.png\"\/><\/a><\/center> \n\t<p><a href=\"https:\/\/www.42gears.com\/products\/digital-signage\/ios-and-ipados\/\">iOS<\/a><\/p>\n\t <center> <a href=\"https:\/\/www.42gears.com\/products\/digital-signage\/windows-11\/\"><img decoding=\"async\" src=\"https:\/\/www.42gears.com\/wp-content\/uploads\/2018\/04\/windows.png\"\/><\/a><\/center> \n\t<p><a href=\"https:\/\/www.42gears.com\/products\/digital-signage\/windows-11\/\">Windows<\/a><\/p>\n\t\t\t<img decoding=\"async\" src=\"https:\/\/www.42gears.com\/wp-content\/uploads\/2018\/04\/Asset-3defaul.png\" alt=\"Asset 3defaul\" \/>\n<img decoding=\"async\" src=\"https:\/\/www.42gears.com\/wp-content\/uploads\/2018\/04\/left-quote.png\" alt=\"left quote\"\/>\n<!-- text here --><br \/>\nSureVideo Kiosk funktioniert wie eine Zauberformel. Es gibt eine Menge an Optionen, die Sie m\u00f6gen werden. Auch das Anrufen des technischen Supports ist gut, sie halfen mir in einer Sekunde, meinen Fehler zu beheben. Super Empfehlung!<br \/>\n<!-- text here -->\n<img decoding=\"async\" src=\"https:\/\/www.42gears.com\/wp-content\/uploads\/2018\/04\/right-quote.png\" alt=\"right quote\"\/>\n<p><!-- text here -->Bane Jovicic<!-- text here --><\/p>\n\t\t\t<img decoding=\"async\" src=\"https:\/\/www.42gears.com\/wp-content\/uploads\/2018\/04\/Asset-3defaul.png\" alt=\"Asset 3defaul\"\/>\n<img decoding=\"async\" src=\"https:\/\/www.42gears.com\/wp-content\/uploads\/2018\/04\/left-quote.png\" alt=\"left quote\"\/>\n<!-- text here --><br \/>\nSehr gut als digital Signage L\u00f6sung auf Einzelbildschirmen. Sehr benutzerfreundlich. Einfach nur per Plug-n-Play mit einfachen Kopieren und Einf\u00fcgen-Methoden. Hat viele Funktionen und kann gefahrlos 24\/7 ausgef\u00fchrt werden.<br \/>\n<!-- text here -->\n<img decoding=\"async\" src=\"https:\/\/www.42gears.com\/wp-content\/uploads\/2018\/04\/right-quote.png\" alt=\"right quote\"\/>\n<p><!-- text here -->Ashik Haydari<!-- text here --><\/p>\n\n","protected":false},"excerpt":{"rendered":"<p>SureVideo Digital Signage L\u00f6sung WANDELT GER\u00c4TE IN DIGITAL SIGNAGE DISPLAYS UM Kostenlose Testversion \u00dcbersicht Digital Signage L\u00f6sungen sind n\u00fctzlich f\u00fcr das Bereitstellen von zielgerichteten Inhalt an eine Zielgruppe, um ihre Aufmerksamkeit zu erregen. SureVideo kann als Video-Looper verwendet werden, um Werbung, News, Produktinformationen oder alles das, was Ihr Gesch\u00e4ft m\u00f6chte, den Kunden bereitzustellen. Installieren Sie&hellip;<\/p>\n","protected":false},"author":7,"featured_media":0,"parent":590,"menu_order":67,"comment_status":"closed","ping_status":"closed","template":"","meta":{"_acf_changed":false,"footnotes":""},"categories":[],"tags":[],"class_list":["post-18368","page","type-page","status-publish","hentry"],"acf":[],"yoast_head":"<!-- This site is optimized with the Yoast SEO Premium plugin v24.6 (Yoast SEO v24.6) - https:\/\/yoast.com\/wordpress\/plugins\/seo\/ -->\n<title>Digital Signage | SureVideo | Video-Looper f\u00fcr Android, iOS und Windows<\/title>\n<meta name=\"description\" content=\"Surevideo ist ein Video-Looper, der als ein Kiosk Digital Signage funktionieren kann, um Videos im Kiosk-Modus auf Android-basierten Tablets, Windows-Ger\u00e4ten, iPads und iPhones wiedergeben und auch in Schleife wiedergeben kann.\" \/>\n<meta name=\"robots\" content=\"index, follow, max-snippet:-1, max-image-preview:large, max-video-preview:-1\" \/>\n<link rel=\"canonical\" href=\"http:\/\/www.42gears.com\/de\/products\/surevideo\/\" \/>\n<meta property=\"og:locale\" content=\"de_DE\" \/>\n<meta property=\"og:type\" content=\"article\" \/>\n<meta property=\"og:title\" content=\"SureVideo\" \/>\n<meta property=\"og:description\" content=\"Surevideo ist ein Video-Looper, der als ein Kiosk Digital Signage funktionieren kann, um Videos im Kiosk-Modus auf Android-basierten Tablets, Windows-Ger\u00e4ten, iPads und iPhones wiedergeben und auch in Schleife wiedergeben kann.\" \/>\n<meta property=\"og:url\" content=\"http:\/\/www.42gears.com\/de\/products\/surevideo\/\" \/>\n<meta property=\"og:site_name\" content=\"42Gears Mobility Systems\" \/>\n<meta property=\"article:publisher\" content=\"https:\/\/www.facebook.com\/42gears\" \/>\n<meta property=\"article:modified_time\" content=\"2023-01-10T13:21:32+00:00\" \/>\n<meta property=\"og:image\" content=\"https:\/\/www.42gears.com\/wp-content\/uploads\/2018\/04\/android.png\" \/>\n<meta name=\"twitter:card\" content=\"summary_large_image\" \/>\n<meta name=\"twitter:site\" content=\"@42Gears\" \/>\n<meta name=\"twitter:label1\" content=\"Est. reading time\" \/>\n\t<meta name=\"twitter:data1\" content=\"1 minute\" \/>\n<script type=\"application\/ld+json\" class=\"yoast-schema-graph\">{\"@context\":\"https:\/\/schema.org\",\"@graph\":[{\"@type\":\"WebPage\",\"@id\":\"http:\/\/www.42gears.com\/de\/products\/surevideo\/\",\"url\":\"http:\/\/www.42gears.com\/de\/products\/surevideo\/\",\"name\":\"Digital Signage | SureVideo | Video-Looper f\u00fcr Android, iOS und Windows\",\"isPartOf\":{\"@id\":\"https:\/\/www.42gears.com\/#website\"},\"primaryImageOfPage\":{\"@id\":\"http:\/\/www.42gears.com\/de\/products\/surevideo\/#primaryimage\"},\"image\":{\"@id\":\"http:\/\/www.42gears.com\/de\/products\/surevideo\/#primaryimage\"},\"thumbnailUrl\":\"https:\/\/www.42gears.com\/wp-content\/uploads\/2018\/04\/android.png\",\"datePublished\":\"2017-04-11T06:09:57+00:00\",\"dateModified\":\"2023-01-10T13:21:32+00:00\",\"description\":\"Surevideo ist ein Video-Looper, der als ein Kiosk Digital Signage funktionieren kann, um Videos im Kiosk-Modus auf Android-basierten Tablets, Windows-Ger\u00e4ten, iPads und iPhones wiedergeben und auch in Schleife wiedergeben kann.\",\"breadcrumb\":{\"@id\":\"http:\/\/www.42gears.com\/de\/products\/surevideo\/#breadcrumb\"},\"inLanguage\":\"de-DE\",\"potentialAction\":[{\"@type\":\"ReadAction\",\"target\":[\"http:\/\/www.42gears.com\/de\/products\/surevideo\/\"]}]},{\"@type\":\"ImageObject\",\"inLanguage\":\"de-DE\",\"@id\":\"http:\/\/www.42gears.com\/de\/products\/surevideo\/#primaryimage\",\"url\":\"https:\/\/www.42gears.com\/wp-content\/uploads\/2018\/04\/android.png\",\"contentUrl\":\"https:\/\/www.42gears.com\/wp-content\/uploads\/2018\/04\/android.png\"},{\"@type\":\"BreadcrumbList\",\"@id\":\"http:\/\/www.42gears.com\/de\/products\/surevideo\/#breadcrumb\",\"itemListElement\":[{\"@type\":\"ListItem\",\"position\":1,\"name\":\"Home\",\"item\":\"https:\/\/www.42gears.com\/de\/\"},{\"@type\":\"ListItem\",\"position\":2,\"name\":\"Products\",\"item\":\"https:\/\/www.42gears.com\/products\/\"},{\"@type\":\"ListItem\",\"position\":3,\"name\":\"SureVideo\"}]},{\"@type\":\"WebSite\",\"@id\":\"https:\/\/www.42gears.com\/#website\",\"url\":\"https:\/\/www.42gears.com\/\",\"name\":\"42Gears Mobility Systems\",\"description\":\"Mobile Device Management (MDM), Mobile Security &amp; Mobile Device Lockdown\",\"publisher\":{\"@id\":\"https:\/\/www.42gears.com\/#organization\"},\"potentialAction\":[{\"@type\":\"SearchAction\",\"target\":{\"@type\":\"EntryPoint\",\"urlTemplate\":\"https:\/\/www.42gears.com\/?s={search_term_string}\"},\"query-input\":{\"@type\":\"PropertyValueSpecification\",\"valueRequired\":true,\"valueName\":\"search_term_string\"}}],\"inLanguage\":\"de-DE\"},{\"@type\":\"Organization\",\"@id\":\"https:\/\/www.42gears.com\/#organization\",\"name\":\"MDM - 42Gears\",\"url\":\"https:\/\/www.42gears.com\/\",\"logo\":{\"@type\":\"ImageObject\",\"inLanguage\":\"de-DE\",\"@id\":\"https:\/\/www.42gears.com\/#\/schema\/logo\/image\/\",\"url\":\"https:\/\/www.42gears.com\/wp-content\/uploads\/2018\/12\/Featured-Image-42Gears-logo.png\",\"contentUrl\":\"https:\/\/www.42gears.com\/wp-content\/uploads\/2018\/12\/Featured-Image-42Gears-logo.png\",\"width\":499,\"height\":330,\"caption\":\"MDM - 42Gears\"},\"image\":{\"@id\":\"https:\/\/www.42gears.com\/#\/schema\/logo\/image\/\"},\"sameAs\":[\"https:\/\/www.facebook.com\/42gears\",\"https:\/\/x.com\/42Gears\"]}]}<\/script>\n<!-- \/ Yoast SEO Premium plugin. -->","yoast_head_json":{"title":"Digital Signage | SureVideo | Video-Looper f\u00fcr Android, iOS und Windows","description":"Surevideo ist ein Video-Looper, der als ein Kiosk Digital Signage funktionieren kann, um Videos im Kiosk-Modus auf Android-basierten Tablets, Windows-Ger\u00e4ten, iPads und iPhones wiedergeben und auch in Schleife wiedergeben kann.","robots":{"index":"index","follow":"follow","max-snippet":"max-snippet:-1","max-image-preview":"max-image-preview:large","max-video-preview":"max-video-preview:-1"},"canonical":"http:\/\/www.42gears.com\/de\/products\/surevideo\/","og_locale":"de_DE","og_type":"article","og_title":"SureVideo","og_description":"Surevideo ist ein Video-Looper, der als ein Kiosk Digital Signage funktionieren kann, um Videos im Kiosk-Modus auf Android-basierten Tablets, Windows-Ger\u00e4ten, iPads und iPhones wiedergeben und auch in Schleife wiedergeben kann.","og_url":"http:\/\/www.42gears.com\/de\/products\/surevideo\/","og_site_name":"42Gears Mobility Systems","article_publisher":"https:\/\/www.facebook.com\/42gears","article_modified_time":"2023-01-10T13:21:32+00:00","og_image":[{"url":"https:\/\/www.42gears.com\/wp-content\/uploads\/2018\/04\/android.png","type":"","width":"","height":""}],"twitter_card":"summary_large_image","twitter_site":"@42Gears","twitter_misc":{"Est. reading time":"1 minute"},"schema":{"@context":"https:\/\/schema.org","@graph":[{"@type":"WebPage","@id":"http:\/\/www.42gears.com\/de\/products\/surevideo\/","url":"http:\/\/www.42gears.com\/de\/products\/surevideo\/","name":"Digital Signage | SureVideo | Video-Looper f\u00fcr Android, iOS und Windows","isPartOf":{"@id":"https:\/\/www.42gears.com\/#website"},"primaryImageOfPage":{"@id":"http:\/\/www.42gears.com\/de\/products\/surevideo\/#primaryimage"},"image":{"@id":"http:\/\/www.42gears.com\/de\/products\/surevideo\/#primaryimage"},"thumbnailUrl":"https:\/\/www.42gears.com\/wp-content\/uploads\/2018\/04\/android.png","datePublished":"2017-04-11T06:09:57+00:00","dateModified":"2023-01-10T13:21:32+00:00","description":"Surevideo ist ein Video-Looper, der als ein Kiosk Digital Signage funktionieren kann, um Videos im Kiosk-Modus auf Android-basierten Tablets, Windows-Ger\u00e4ten, iPads und iPhones wiedergeben und auch in Schleife wiedergeben kann.","breadcrumb":{"@id":"http:\/\/www.42gears.com\/de\/products\/surevideo\/#breadcrumb"},"inLanguage":"de-DE","potentialAction":[{"@type":"ReadAction","target":["http:\/\/www.42gears.com\/de\/products\/surevideo\/"]}]},{"@type":"ImageObject","inLanguage":"de-DE","@id":"http:\/\/www.42gears.com\/de\/products\/surevideo\/#primaryimage","url":"https:\/\/www.42gears.com\/wp-content\/uploads\/2018\/04\/android.png","contentUrl":"https:\/\/www.42gears.com\/wp-content\/uploads\/2018\/04\/android.png"},{"@type":"BreadcrumbList","@id":"http:\/\/www.42gears.com\/de\/products\/surevideo\/#breadcrumb","itemListElement":[{"@type":"ListItem","position":1,"name":"Home","item":"https:\/\/www.42gears.com\/de\/"},{"@type":"ListItem","position":2,"name":"Products","item":"https:\/\/www.42gears.com\/products\/"},{"@type":"ListItem","position":3,"name":"SureVideo"}]},{"@type":"WebSite","@id":"https:\/\/www.42gears.com\/#website","url":"https:\/\/www.42gears.com\/","name":"42Gears Mobility Systems","description":"Mobile Device Management (MDM), Mobile Security &amp; Mobile Device Lockdown","publisher":{"@id":"https:\/\/www.42gears.com\/#organization"},"potentialAction":[{"@type":"SearchAction","target":{"@type":"EntryPoint","urlTemplate":"https:\/\/www.42gears.com\/?s={search_term_string}"},"query-input":{"@type":"PropertyValueSpecification","valueRequired":true,"valueName":"search_term_string"}}],"inLanguage":"de-DE"},{"@type":"Organization","@id":"https:\/\/www.42gears.com\/#organization","name":"MDM - 42Gears","url":"https:\/\/www.42gears.com\/","logo":{"@type":"ImageObject","inLanguage":"de-DE","@id":"https:\/\/www.42gears.com\/#\/schema\/logo\/image\/","url":"https:\/\/www.42gears.com\/wp-content\/uploads\/2018\/12\/Featured-Image-42Gears-logo.png","contentUrl":"https:\/\/www.42gears.com\/wp-content\/uploads\/2018\/12\/Featured-Image-42Gears-logo.png","width":499,"height":330,"caption":"MDM - 42Gears"},"image":{"@id":"https:\/\/www.42gears.com\/#\/schema\/logo\/image\/"},"sameAs":["https:\/\/www.facebook.com\/42gears","https:\/\/x.com\/42Gears"]}]}},"_links":{"self":[{"href":"https:\/\/www.42gears.com\/de\/wp-json\/wp\/v2\/pages\/18368","targetHints":{"allow":["GET"]}}],"collection":[{"href":"https:\/\/www.42gears.com\/de\/wp-json\/wp\/v2\/pages"}],"about":[{"href":"https:\/\/www.42gears.com\/de\/wp-json\/wp\/v2\/types\/page"}],"author":[{"embeddable":true,"href":"https:\/\/www.42gears.com\/de\/wp-json\/wp\/v2\/users\/7"}],"replies":[{"embeddable":true,"href":"https:\/\/www.42gears.com\/de\/wp-json\/wp\/v2\/comments?post=18368"}],"version-history":[{"count":9,"href":"https:\/\/www.42gears.com\/de\/wp-json\/wp\/v2\/pages\/18368\/revisions"}],"predecessor-version":[{"id":85606,"href":"https:\/\/www.42gears.com\/de\/wp-json\/wp\/v2\/pages\/18368\/revisions\/85606"}],"up":[{"embeddable":true,"href":"https:\/\/www.42gears.com\/de\/wp-json\/wp\/v2\/pages\/590"}],"wp:attachment":[{"href":"https:\/\/www.42gears.com\/de\/wp-json\/wp\/v2\/media?parent=18368"}],"wp:term":[{"taxonomy":"category","embeddable":true,"href":"https:\/\/www.42gears.com\/de\/wp-json\/wp\/v2\/categories?post=18368"},{"taxonomy":"post_tag","embeddable":true,"href":"https:\/\/www.42gears.com\/de\/wp-json\/wp\/v2\/tags?post=18368"}],"curies":[{"name":"wp","href":"https:\/\/api.w.org\/{rel}","templated":true}]}}