{"id":17732,"date":"2015-04-08T22:56:48","date_gmt":"2015-04-08T22:56:48","guid":{"rendered":"http:\/\/live-42gears-site.pantheonsite.io\/?page_id=17732"},"modified":"2024-08-08T07:04:16","modified_gmt":"2024-08-08T07:04:16","slug":"home-2","status":"publish","type":"page","link":"https:\/\/www.42gears.com\/de\/","title":{"rendered":"Home"},"content":{"rendered":"\n\n\t<section id=\"primary\">\n<img decoding=\"async\" src=\"https:\/\/www.42gears.com\/wp-content\/uploads\/2019\/12\/Unified-Endpoint-Management-Blue.png\" alt=\"Unified Endpoint Management - Blue\" \/><img decoding=\"async\" src=\"https:\/\/www.42gears.com\/wp-content\/uploads\/2019\/12\/Unified-Endpoint-Management.png\" alt=\"Unified Endpoint Management - White\" \/>\n<h4>MOBILGER\u00c4TEVERWALTUNG<\/h4>\n<p>Sichern, \u00fcberwachen und verwalten Sie alle Ihre Endpunkte mit der preisgekr\u00f6nten Mobilger\u00e4teverwaltungplattform von 42Gears..<\/p>\n<p><a title=\"\" href=\"http:\/\/live-42gears-site.pantheonsite.io\/solutions\/unified-endpoint-management-uem-solution\/\" target=\"_self\" rel=\"noopener\">Mehr lesen<\/a><\/p>\n<img decoding=\"async\" src=\"http:\/\/live-42gears-site.pantheonsite.io\/wp-content\/uploads\/2018\/07\/rugged-blue.png\" \/><img decoding=\"async\" src=\"http:\/\/live-42gears-site.pantheonsite.io\/wp-content\/uploads\/2018\/07\/rugged-white.png\" \/>\n<h4>ROBUSTE GER\u00c4TEVERWALTUNG<\/h4>\n<p>Die MDM-L\u00f6sung von 42Gears bringt das Versprechen der Daten- und Ger\u00e4tesicherheit auf den Tisch, auch in harten Arbeitsumgebungen..<\/p>\n<p><a title=\"\" href=\"http:\/\/live-42gears-site.pantheonsite.io\/solutions\/rugged-device-management\/\" target=\"_self\" rel=\"noopener\">Mehr lesen<\/a><\/p>\n<img decoding=\"async\" src=\"https:\/\/www.42gears.com\/wp-content\/uploads\/2019\/12\/VR-Device-Management-Blue.png\" alt=\"VR Device Management - Blue\" \/><img decoding=\"async\" src=\"https:\/\/www.42gears.com\/wp-content\/uploads\/2019\/12\/VR-Device-Management.png\" alt=\"VR Device Management - white\" \/>\n<h4>VR GER\u00c4TEVERWALTUNG<\/h4>\n<p>Die VR-Ger\u00e4teverwaltungsl\u00f6sung von 42Gears erleichtert die VR-Einf\u00fchrung und gew\u00e4hrleistet dabei die Daten- und Ger\u00e4tesicherheit..<\/p>\n<p><a title=\"\" href=\"https:\/\/www.42gears.com\/solutions\/virtual-reality-device-management\/\" target=\"_self\" rel=\"noopener\">Mehr lesen<\/a><\/p>\n<img decoding=\"async\" src=\"https:\/\/www.42gears.com\/wp-content\/uploads\/2019\/12\/IoT-Management-Blue.png\" alt=\"IoT Management -Blue\" \/><img decoding=\"async\" src=\"https:\/\/www.42gears.com\/wp-content\/uploads\/2019\/12\/IoT-Management.png\" alt=\"IoT Management\" \/>\n<h4>THINGS MANAGEMENT<\/h4>\n<p>Die 42Gears Things Management Technology erm\u00f6glicht es, die Ger\u00e4te zu verwalten und zu \u00fcberwachen, auf denen kein Betriebssystem ausgef\u00fchrt wird..<\/p>\n<p><a title=\"\" href=\"https:\/\/www.42gears.com\/solutions\/things-management\/\" target=\"_self\" rel=\"noopener\">Mehr lesen<\/a><\/p>\n<\/section>\n\t<h3>Fallstudie<\/h3>\n<p>&nbsp;<\/p>\n<strong>Areatec Tecnologia transformiert den Au\u00dfendienst mit der 42Gears UEM-L\u00f6sung<\/strong>\n<p><a href=\"https:\/\/www.42gears.com\/case-studies\/curatec-gains-an-edge-with-42gears-uem-fosters-better-patient-care\/\" target=\"_blank\" rel=\"noopener\">Mehr lesen<\/a><\/p>\n<h5>\n\t\tUnsere Kunden\n\t<\/h5>\n        <a href=\"\/customers\/\"><img data-src=\"https:\/\/www.42gears.com\/wp-content\/uploads\/2020\/10\/Areatec_Tecnologia-1.png\" width=\"190\" height=\"33\"\/><\/a>\n        <a href=\"\/customers\/\"><img data-src=\"https:\/\/www.42gears.com\/wp-content\/uploads\/2020\/10\/DiDi_Chuxing.png\" width=\"190\" height=\"33\"\/><\/a>\n        <a href=\"\/customers\/\"><img data-src=\"https:\/\/www.42gears.com\/wp-content\/uploads\/2020\/10\/AMVC.png\" width=\"190\" height=\"33\"\/><\/a>\n        <a href=\"\/customers\/\"><img data-src=\"https:\/\/www.42gears.com\/wp-content\/uploads\/2020\/10\/Spectrum_of_Hop_logo.png\" width=\"190\" height=\"33\"\/><\/a>\n        <a href=\"\/customers\/\"><img data-src=\"https:\/\/www.42gears.com\/wp-content\/uploads\/2020\/10\/logo-flipkart-png-flipkart-logo.png\" width=\"190\" height=\"33\"\/><\/a>\n        <a href=\"\/customers\/\"><img data-src=\"https:\/\/www.42gears.com\/wp-content\/uploads\/2020\/10\/lufthansa-logo-1.png\" alt=\"Lufthansa\" width=\"190\" height=\"33\"\/><\/a>\n        <a href=\"\/customers\/\"><img data-src=\"https:\/\/www.42gears.com\/wp-content\/uploads\/2020\/10\/delhivery_owler_20170522_164456_original.png\" width=\"190\" height=\"73\"\/><\/a>\n        <a href=\"\/customers\/\"><img data-src=\"https:\/\/www.42gears.com\/wp-content\/uploads\/2020\/10\/BYJUS_NEW_LOGO-copy.png\"\/><\/a>\n        <a href=\"\/customers\/\"><img data-src=\"https:\/\/www.42gears.com\/wp-content\/uploads\/2020\/10\/sodex.png\"\/><\/a>\n        <a href=\"\/customers\/\"><img data-src=\"https:\/\/www.42gears.com\/wp-content\/uploads\/2020\/10\/mrf-1.png\"\/><\/a>\n        <a href=\"\/customers\/\"><img data-src=\"https:\/\/www.42gears.com\/wp-content\/uploads\/2020\/10\/datalogic-logo-1.png\" alt=\"Datalogic\"\/><\/a>\n        <a href=\"\/customers\/\"><img data-src=\"https:\/\/www.42gears.com\/wp-content\/uploads\/2020\/10\/toyota-logo-min.png\" alt=\"Toyota\"\/><\/a>\n        <a href=\"\/customers\/\"><img data-src=\"https:\/\/www.42gears.com\/wp-content\/uploads\/2020\/10\/arcelor-mittal-logo.png\" alt=\"Arcelor Mittal\"\/><\/a>\n        <a href=\"\/customers\/\"><img data-src=\"https:\/\/www.42gears.com\/wp-content\/uploads\/2020\/10\/dhl-simply-delivered-png-logo-11.png\" alt=\"DHL\"\/><\/a>\n<h2>\n\t\tFakten\n\t<\/h2>\n\t<p>Warum 42Gears der richtige Mobilit\u00e4tspartner f\u00fcr Ihre Organisation ist<\/p>\n\t\t\t\t<img decoding=\"async\" src=\"https:\/\/www.42gears.com\/wp-content\/uploads\/2020\/01\/happy-customers.png\" alt=\"happy customers\" itemprop=\"image\" height=\"56\" width=\"56\" title=\"happy customers\" onerror=\"this.style.display='none'\"  \/>\n\t<h2>23000+<\/h2>\n<p>zufriedene Kunden<\/p>\n\t\t\t\t<img decoding=\"async\" src=\"https:\/\/www.42gears.com\/wp-content\/uploads\/2020\/01\/counteries.png\" alt=\"counteries\" itemprop=\"image\" height=\"56\" width=\"56\" title=\"counteries\" onerror=\"this.style.display='none'\"  \/>\n\t<h2>170+<\/h2>\n<p>L\u00e4nder, in denen wir zufriedene Kunden haben<\/p>\n\t\t\t\t<img decoding=\"async\" src=\"https:\/\/www.42gears.com\/wp-content\/uploads\/2020\/01\/successful-deployment.png\" alt=\"successful deployment\" itemprop=\"image\" height=\"56\" width=\"56\" title=\"successful deployment\" onerror=\"this.style.display='none'\"  \/>\n\t<h2>7M+<\/h2>\n<p>erfolgreiche Bereitstellungen<\/p>\n\t\t\t\t<img decoding=\"async\" src=\"https:\/\/www.42gears.com\/wp-content\/uploads\/2020\/01\/industry.png\" alt=\"industry\" itemprop=\"image\" height=\"56\" width=\"56\" title=\"industry\" onerror=\"this.style.display='none'\"  \/>\n\t<h2>15+<\/h2>\n<p>Jahre in der Branche t\u00e4tig<\/p>\n\t\t\t\u00a0<img decoding=\"async\" src=\"http:\/\/live-42gears-site.pantheonsite.io\/wp-content\/uploads\/2018\/07\/quote_right.png\" \/><p><!-- text here -->42Gears UEM ist so ausgereift und erf\u00fcllte unsere technischen Anforderungen innerhalb unseres Budgets und dem Zeitrahmen, den wir im Sinn hatte. Es gibt so viele Features, bei denen wir nicht erwartet haben, sie zu verwenden, aber sie haben sich f\u00fcr unser Gesch\u00e4ft als sehr n\u00fctzlich erwiesen, wie zum Beispiel die benutzerdefinierten Berichte&#8230;<!-- text here --><img decoding=\"async\" src=\"http:\/\/live-42gears-site.pantheonsite.io\/wp-content\/uploads\/2018\/07\/quote_left.png\" \/>\u00a0<!-- text here -->Peter Yang Zhe,<!-- text here --><!-- text here -->Betriebsleiter, DiDi Mexico<!-- text here --><\/p>\t\t\n\t\t\t\u00a0<img decoding=\"async\" src=\"http:\/\/live-42gears-site.pantheonsite.io\/wp-content\/uploads\/2018\/07\/quote_right.png\" \/><p><!-- text here -->42Gears half uns beim Verwalten unserer Ger\u00e4te. Die L\u00f6sung ist sehr benutzerfreundlich und die Features sind ausgezeichnet. Wir sind sehr zufrieden mit ihren Support-Services.<!-- text here --><img decoding=\"async\" src=\"http:\/\/live-42gears-site.pantheonsite.io\/wp-content\/uploads\/2018\/07\/quote_left.png\" \/>\u00a0Joao Dias,<br \/><!-- text here -->Support Manager, Areatec\u00ae Technologies.<br \/><!-- text here --><\/p>\t\t\n\t\t\t\u00a0<img decoding=\"async\" src=\"http:\/\/live-42gears-site.pantheonsite.io\/wp-content\/uploads\/2018\/07\/quote_right.png\" \/><p><!-- text here -->Ich habe mich viele Male an das Support-Team von 42Gears gewendet und habe jedes Mal eine positive Erfahrung gemacht. Die Produkte sind grundsolide und die Preisgestaltung ist sehr angemessen.<!-- text here --><img decoding=\"async\" src=\"http:\/\/live-42gears-site.pantheonsite.io\/wp-content\/uploads\/2018\/07\/quote_left.png\" \/>\u00a0<!-- text here -->James Rose,<!-- text here --><!-- text here -->IT-Admin, Spectrum of Hope.<!-- text here --><\/p>\t\t\n\t\t\t\u00a0<img decoding=\"async\" src=\"http:\/\/live-42gears-site.pantheonsite.io\/wp-content\/uploads\/2018\/07\/quote_right.png\" \/><p><!-- text here -->Ich bin sehr zufrieden mit der Antwort und den Produkten von 42Gears, die nur durch den Implementierungsvorgang unserer Organisation begrenzt werden. Sie haben jedes Problem, das wir w\u00e4hrend der Bereitstellung hatten, schnell gel\u00f6st.\u00a0 Ihr Team steht auch immer in Kontakt mit uns.<!-- text here --><img decoding=\"async\" src=\"http:\/\/live-42gears-site.pantheonsite.io\/wp-content\/uploads\/2018\/07\/quote_left.png\" \/>\u00a0Ritche Martija,<br \/><!-- text here -->Gesch\u00e4ftssysteme, Contra Costa.<br \/><!-- text here --><\/p>\t\t\n<h5>\n\t\tSprechen Sie mit einem Produktberater\n\t<\/h5>\n\t<p>Erfahren Sie, wie wir Ihnen dabei helfen k\u00f6nnen, Ihre Ger\u00e4teflotte zu sichern, zu \u00fcberwachen und zu verwalten.<\/p>\n\t<a href=\"https:\/\/www.42gears.com\/contact-sales-team\/?pname=7\" target=\"_blank\" rel=\"noopener\">Eine Demo planen<\/a><a href=\"#\">Demo ansehen<\/a>\n\n","protected":false},"excerpt":{"rendered":"<p>MOBILGER\u00c4TEVERWALTUNG Sichern, \u00fcberwachen und verwalten Sie alle Ihre Endpunkte mit der preisgekr\u00f6nten Mobilger\u00e4teverwaltungplattform von 42Gears.. Mehr lesen ROBUSTE GER\u00c4TEVERWALTUNG Die MDM-L\u00f6sung von 42Gears bringt das Versprechen der Daten- und Ger\u00e4tesicherheit auf den Tisch, auch in harten Arbeitsumgebungen.. Mehr lesen VR GER\u00c4TEVERWALTUNG Die VR-Ger\u00e4teverwaltungsl\u00f6sung von 42Gears erleichtert die VR-Einf\u00fchrung und gew\u00e4hrleistet dabei die Daten- und Ger\u00e4tesicherheit..&hellip;<\/p>\n","protected":false},"author":7,"featured_media":28576,"parent":0,"menu_order":78,"comment_status":"closed","ping_status":"closed","template":"","meta":{"_acf_changed":false,"footnotes":""},"categories":[],"tags":[],"class_list":["post-17732","page","type-page","status-publish","has-post-thumbnail","hentry"],"acf":[],"yoast_head":"<!-- This site is optimized with the Yoast SEO Premium plugin v24.6 (Yoast SEO v24.6) - https:\/\/yoast.com\/wordpress\/plugins\/seo\/ -->\n<title>Mobilger\u00e4teverwaltung | Einheitliche Endpunktverwaltung bei 42Gears<\/title>\n<meta name=\"description\" content=\"42Gears - Leader in Enterprise Mobility Management, Unified Endpoint Management, Mobile Device Management\" \/>\n<meta name=\"robots\" content=\"index, follow, max-snippet:-1, max-image-preview:large, max-video-preview:-1\" \/>\n<link rel=\"canonical\" href=\"https:\/\/www.42gears.com\/de\/\" \/>\n<meta property=\"og:locale\" content=\"de_DE\" \/>\n<meta property=\"og:type\" content=\"article\" \/>\n<meta property=\"og:title\" content=\"Home\" \/>\n<meta property=\"og:description\" content=\"42Gears - Leader in Enterprise Mobility Management, Unified Endpoint Management, Mobile Device Management\" \/>\n<meta property=\"og:url\" content=\"https:\/\/www.42gears.com\/de\/\" \/>\n<meta property=\"og:site_name\" content=\"42Gears Mobility Systems\" \/>\n<meta property=\"article:publisher\" content=\"https:\/\/www.facebook.com\/42gears\" \/>\n<meta property=\"article:modified_time\" content=\"2024-08-08T07:04:16+00:00\" \/>\n<meta property=\"og:image\" content=\"https:\/\/www.42gears.com\/wp-content\/uploads\/2018\/12\/Featured-Image-42Gears-logo.png\" \/>\n\t<meta property=\"og:image:width\" content=\"499\" \/>\n\t<meta property=\"og:image:height\" content=\"330\" \/>\n\t<meta property=\"og:image:type\" content=\"image\/png\" \/>\n<meta name=\"twitter:card\" content=\"summary_large_image\" \/>\n<meta name=\"twitter:image\" content=\"https:\/\/www.42gears.com\/wp-content\/uploads\/2018\/12\/Featured-Image-42Gears-logo.png\" \/>\n<meta name=\"twitter:site\" content=\"@42Gears\" \/>\n<meta name=\"twitter:label1\" content=\"Est. reading time\" \/>\n\t<meta name=\"twitter:data1\" content=\"2 minutes\" \/>\n<script type=\"application\/ld+json\" class=\"yoast-schema-graph\">{\"@context\":\"https:\/\/schema.org\",\"@graph\":[{\"@type\":\"WebPage\",\"@id\":\"https:\/\/www.42gears.com\/de\/\",\"url\":\"https:\/\/www.42gears.com\/de\/\",\"name\":\"Mobilger\u00e4teverwaltung | Einheitliche Endpunktverwaltung bei 42Gears\",\"isPartOf\":{\"@id\":\"https:\/\/www.42gears.com\/#website\"},\"primaryImageOfPage\":{\"@id\":\"https:\/\/www.42gears.com\/de\/#primaryimage\"},\"image\":{\"@id\":\"https:\/\/www.42gears.com\/de\/#primaryimage\"},\"thumbnailUrl\":\"https:\/\/www.42gears.com\/wp-content\/uploads\/2018\/12\/Featured-Image-42Gears-logo.png\",\"datePublished\":\"2015-04-08T22:56:48+00:00\",\"dateModified\":\"2024-08-08T07:04:16+00:00\",\"description\":\"42Gears - Leader in Enterprise Mobility Management, Unified Endpoint Management, Mobile Device Management\",\"breadcrumb\":{\"@id\":\"https:\/\/www.42gears.com\/de\/#breadcrumb\"},\"inLanguage\":\"de-DE\",\"potentialAction\":[{\"@type\":\"ReadAction\",\"target\":[\"https:\/\/www.42gears.com\/de\/\"]}]},{\"@type\":\"ImageObject\",\"inLanguage\":\"de-DE\",\"@id\":\"https:\/\/www.42gears.com\/de\/#primaryimage\",\"url\":\"https:\/\/www.42gears.com\/wp-content\/uploads\/2018\/12\/Featured-Image-42Gears-logo.png\",\"contentUrl\":\"https:\/\/www.42gears.com\/wp-content\/uploads\/2018\/12\/Featured-Image-42Gears-logo.png\",\"width\":499,\"height\":330,\"caption\":\"Featured-Image-42Gears-logo\"},{\"@type\":\"BreadcrumbList\",\"@id\":\"https:\/\/www.42gears.com\/de\/#breadcrumb\",\"itemListElement\":[{\"@type\":\"ListItem\",\"position\":1,\"name\":\"Home\",\"item\":\"https:\/\/www.42gears.com\/de\/\"},{\"@type\":\"ListItem\",\"position\":2,\"name\":\"Home\"}]},{\"@type\":\"WebSite\",\"@id\":\"https:\/\/www.42gears.com\/#website\",\"url\":\"https:\/\/www.42gears.com\/\",\"name\":\"42Gears Mobility Systems\",\"description\":\"Mobile Device Management (MDM), Mobile Security &amp; Mobile Device Lockdown\",\"publisher\":{\"@id\":\"https:\/\/www.42gears.com\/#organization\"},\"potentialAction\":[{\"@type\":\"SearchAction\",\"target\":{\"@type\":\"EntryPoint\",\"urlTemplate\":\"https:\/\/www.42gears.com\/?s={search_term_string}\"},\"query-input\":{\"@type\":\"PropertyValueSpecification\",\"valueRequired\":true,\"valueName\":\"search_term_string\"}}],\"inLanguage\":\"de-DE\"},{\"@type\":\"Organization\",\"@id\":\"https:\/\/www.42gears.com\/#organization\",\"name\":\"MDM - 42Gears\",\"url\":\"https:\/\/www.42gears.com\/\",\"logo\":{\"@type\":\"ImageObject\",\"inLanguage\":\"de-DE\",\"@id\":\"https:\/\/www.42gears.com\/#\/schema\/logo\/image\/\",\"url\":\"https:\/\/www.42gears.com\/wp-content\/uploads\/2018\/12\/Featured-Image-42Gears-logo.png\",\"contentUrl\":\"https:\/\/www.42gears.com\/wp-content\/uploads\/2018\/12\/Featured-Image-42Gears-logo.png\",\"width\":499,\"height\":330,\"caption\":\"MDM - 42Gears\"},\"image\":{\"@id\":\"https:\/\/www.42gears.com\/#\/schema\/logo\/image\/\"},\"sameAs\":[\"https:\/\/www.facebook.com\/42gears\",\"https:\/\/x.com\/42Gears\"]}]}<\/script>\n<!-- \/ Yoast SEO Premium plugin. -->","yoast_head_json":{"title":"Mobilger\u00e4teverwaltung | Einheitliche Endpunktverwaltung bei 42Gears","description":"42Gears - Leader in Enterprise Mobility Management, Unified Endpoint Management, Mobile Device Management","robots":{"index":"index","follow":"follow","max-snippet":"max-snippet:-1","max-image-preview":"max-image-preview:large","max-video-preview":"max-video-preview:-1"},"canonical":"https:\/\/www.42gears.com\/de\/","og_locale":"de_DE","og_type":"article","og_title":"Home","og_description":"42Gears - Leader in Enterprise Mobility Management, Unified Endpoint Management, Mobile Device Management","og_url":"https:\/\/www.42gears.com\/de\/","og_site_name":"42Gears Mobility Systems","article_publisher":"https:\/\/www.facebook.com\/42gears","article_modified_time":"2024-08-08T07:04:16+00:00","og_image":[{"width":499,"height":330,"url":"https:\/\/www.42gears.com\/wp-content\/uploads\/2018\/12\/Featured-Image-42Gears-logo.png","type":"image\/png"}],"twitter_card":"summary_large_image","twitter_image":"https:\/\/www.42gears.com\/wp-content\/uploads\/2018\/12\/Featured-Image-42Gears-logo.png","twitter_site":"@42Gears","twitter_misc":{"Est. reading time":"2 minutes"},"schema":{"@context":"https:\/\/schema.org","@graph":[{"@type":"WebPage","@id":"https:\/\/www.42gears.com\/de\/","url":"https:\/\/www.42gears.com\/de\/","name":"Mobilger\u00e4teverwaltung | Einheitliche Endpunktverwaltung bei 42Gears","isPartOf":{"@id":"https:\/\/www.42gears.com\/#website"},"primaryImageOfPage":{"@id":"https:\/\/www.42gears.com\/de\/#primaryimage"},"image":{"@id":"https:\/\/www.42gears.com\/de\/#primaryimage"},"thumbnailUrl":"https:\/\/www.42gears.com\/wp-content\/uploads\/2018\/12\/Featured-Image-42Gears-logo.png","datePublished":"2015-04-08T22:56:48+00:00","dateModified":"2024-08-08T07:04:16+00:00","description":"42Gears - Leader in Enterprise Mobility Management, Unified Endpoint Management, Mobile Device Management","breadcrumb":{"@id":"https:\/\/www.42gears.com\/de\/#breadcrumb"},"inLanguage":"de-DE","potentialAction":[{"@type":"ReadAction","target":["https:\/\/www.42gears.com\/de\/"]}]},{"@type":"ImageObject","inLanguage":"de-DE","@id":"https:\/\/www.42gears.com\/de\/#primaryimage","url":"https:\/\/www.42gears.com\/wp-content\/uploads\/2018\/12\/Featured-Image-42Gears-logo.png","contentUrl":"https:\/\/www.42gears.com\/wp-content\/uploads\/2018\/12\/Featured-Image-42Gears-logo.png","width":499,"height":330,"caption":"Featured-Image-42Gears-logo"},{"@type":"BreadcrumbList","@id":"https:\/\/www.42gears.com\/de\/#breadcrumb","itemListElement":[{"@type":"ListItem","position":1,"name":"Home","item":"https:\/\/www.42gears.com\/de\/"},{"@type":"ListItem","position":2,"name":"Home"}]},{"@type":"WebSite","@id":"https:\/\/www.42gears.com\/#website","url":"https:\/\/www.42gears.com\/","name":"42Gears Mobility Systems","description":"Mobile Device Management (MDM), Mobile Security &amp; Mobile Device Lockdown","publisher":{"@id":"https:\/\/www.42gears.com\/#organization"},"potentialAction":[{"@type":"SearchAction","target":{"@type":"EntryPoint","urlTemplate":"https:\/\/www.42gears.com\/?s={search_term_string}"},"query-input":{"@type":"PropertyValueSpecification","valueRequired":true,"valueName":"search_term_string"}}],"inLanguage":"de-DE"},{"@type":"Organization","@id":"https:\/\/www.42gears.com\/#organization","name":"MDM - 42Gears","url":"https:\/\/www.42gears.com\/","logo":{"@type":"ImageObject","inLanguage":"de-DE","@id":"https:\/\/www.42gears.com\/#\/schema\/logo\/image\/","url":"https:\/\/www.42gears.com\/wp-content\/uploads\/2018\/12\/Featured-Image-42Gears-logo.png","contentUrl":"https:\/\/www.42gears.com\/wp-content\/uploads\/2018\/12\/Featured-Image-42Gears-logo.png","width":499,"height":330,"caption":"MDM - 42Gears"},"image":{"@id":"https:\/\/www.42gears.com\/#\/schema\/logo\/image\/"},"sameAs":["https:\/\/www.facebook.com\/42gears","https:\/\/x.com\/42Gears"]}]}},"_links":{"self":[{"href":"https:\/\/www.42gears.com\/de\/wp-json\/wp\/v2\/pages\/17732","targetHints":{"allow":["GET"]}}],"collection":[{"href":"https:\/\/www.42gears.com\/de\/wp-json\/wp\/v2\/pages"}],"about":[{"href":"https:\/\/www.42gears.com\/de\/wp-json\/wp\/v2\/types\/page"}],"author":[{"embeddable":true,"href":"https:\/\/www.42gears.com\/de\/wp-json\/wp\/v2\/users\/7"}],"replies":[{"embeddable":true,"href":"https:\/\/www.42gears.com\/de\/wp-json\/wp\/v2\/comments?post=17732"}],"version-history":[{"count":92,"href":"https:\/\/www.42gears.com\/de\/wp-json\/wp\/v2\/pages\/17732\/revisions"}],"predecessor-version":[{"id":103615,"href":"https:\/\/www.42gears.com\/de\/wp-json\/wp\/v2\/pages\/17732\/revisions\/103615"}],"wp:featuredmedia":[{"embeddable":true,"href":"https:\/\/www.42gears.com\/de\/wp-json\/wp\/v2\/media\/28576"}],"wp:attachment":[{"href":"https:\/\/www.42gears.com\/de\/wp-json\/wp\/v2\/media?parent=17732"}],"wp:term":[{"taxonomy":"category","embeddable":true,"href":"https:\/\/www.42gears.com\/de\/wp-json\/wp\/v2\/categories?post=17732"},{"taxonomy":"post_tag","embeddable":true,"href":"https:\/\/www.42gears.com\/de\/wp-json\/wp\/v2\/tags?post=17732"}],"curies":[{"name":"wp","href":"https:\/\/api.w.org\/{rel}","templated":true}]}}